{"id":270323,"date":"2025-11-19T11:00:00","date_gmt":"2025-11-19T10:00:00","guid":{"rendered":"https:\/\/empow-her.com\/?post_type=product&#038;p=270323"},"modified":"2026-03-30T10:36:53","modified_gmt":"2026-03-30T08:36:53","slug":"consultation-juridique-individuelle-3","status":"publish","type":"product","link":"https:\/\/empow-her.com\/en\/produit\/consultation-juridique-individuelle-3\/","title":{"rendered":"Consultation juridique individuelle"},"content":{"rendered":"<h3>\ufe0f 1h de permanence juridique pour y voir plus clair sur vos d\u00e9marches<\/h3>\n<p>Vous vous posez des questions juridiques li\u00e9es \u00e0 votre projet entrepreneurial ?\u00a0<br \/>\n<strong>Statuts, contrats, RGPD, marque, responsabilit\u00e9s\u2026<\/strong> pas toujours simple de s\u2019y retrouver !\u00a0<br \/>\nCette permanence est l\u00e0 pour vous aider \u00e0 <strong>mieux comprendre vos options<\/strong> et <strong>faire des choix \u00e9clair\u00e9s<\/strong>.<\/p>\n<p> <strong>Ce que nous pourrons voir ensemble<\/strong><\/p>\n<ul>\n\u00a0<\/p>\n<li>\u00c9coute de votre probl\u00e9matique ou de vos questions<\/li>\n<p>\u00a0<\/p>\n<li>Analyse de votre situation par un\u00b7e avocat\u00b7e du barreau de Paris<\/li>\n<p>\u00a0<\/p>\n<li>Conseils concrets et personnalis\u00e9s en fonction de vos besoins<\/li>\n<p>\u00a0<\/p>\n<li>Recommandations sur les prochaines \u00e9tapes \u00e0 envisager<\/li>\n<\/ul>\n<p>Un temps pr\u00e9cieux pour <strong>repartir avec des r\u00e9ponses claires<\/strong> et <strong>s\u00e9curiser votre projet<\/strong> <\/p>\n","protected":false},"excerpt":{"rendered":"<h3>\ufe0f 1h de permanence juridique pour y voir plus clair sur vos d\u00e9marches<\/h3>\n<p>Vous vous posez des questions juridiques li\u00e9es \u00e0 votre projet entrepreneurial ?\u00a0<br \/>\n<strong>Statuts, contrats, RGPD, marque, responsabilit\u00e9s\u2026<\/strong> pas toujours simple de s\u2019y retrouver !\u00a0<br \/>\nCette permanence est l\u00e0 pour vous aider \u00e0 <strong>mieux comprendre vos options<\/strong> et <strong>faire des choix \u00e9clair\u00e9s<\/strong>.<\/p>\n<p> <strong>Ce que nous pourrons voir ensemble<\/strong><\/p>\n<ul>\n\u00a0<\/p>\n<li>\u00c9coute de votre probl\u00e9matique ou de vos questions<\/li>\n<p>\u00a0<\/p>\n<li>Analyse de votre situation par un\u00b7e avocat\u00b7e du barreau de Paris<\/li>\n<p>\u00a0<\/p>\n<li>Conseils concrets et personnalis\u00e9s en fonction de vos besoins<\/li>\n<p>\u00a0<\/p>\n<li>Recommandations sur les prochaines \u00e9tapes \u00e0 envisager<\/li>\n<\/ul>\n<p>Un temps pr\u00e9cieux pour <strong>repartir avec des r\u00e9ponses claires<\/strong> et <strong>s\u00e9curiser votre projet<\/strong> <\/p>\n","protected":false},"featured_media":270000,"template":"","format":"standard","meta":{"_acf_changed":false,"om_disable_all_campaigns":false,"_uf_show_specific_survey":0,"_uf_disable_surveys":false},"product_brand":[],"product_cat":[121],"product_tag":[143],"lieu":[125],"thematiques":[],"class_list":{"0":"post-270323","1":"product","2":"type-product","3":"status-publish","4":"format-standard","5":"has-post-thumbnail","7":"product_cat-coaching","8":"product_tag-en-ligne","9":"lieu-en-ligne","11":"first","12":"instock","13":"virtual","14":"purchasable","15":"product-type-appointment"},"exclude_global_add_ons":[],"addons":[],"acf":[],"yoast_head":"<!-- This site is optimized with the Yoast SEO plugin v24.8 - https:\/\/yoast.com\/wordpress\/plugins\/seo\/ -->\n<title>Consultation juridique individuelle - Empow&#039;Her<\/title>\n<meta name=\"robots\" content=\"index, follow, max-snippet:-1, max-image-preview:large, max-video-preview:-1\" \/>\n<link rel=\"canonical\" href=\"https:\/\/empow-her.com\/produit\/consultation-juridique-individuelle-3\/\" \/>\n<meta property=\"og:locale\" content=\"en_US\" \/>\n<meta property=\"og:type\" content=\"article\" \/>\n<meta property=\"og:title\" content=\"Consultation juridique individuelle - Empow&#039;Her\" \/>\n<meta property=\"og:description\" content=\"\ufe0f 1h de permanence juridique pour y voir plus clair sur vos d\u00e9marches Vous vous posez des questions juridiques li\u00e9es \u00e0 votre projet entrepreneurial ?\u00a0 Statuts, contrats, RGPD, marque, responsabilit\u00e9s\u2026 pas toujours simple de s\u2019y retrouver !\u00a0 Cette permanence est l\u00e0 pour vous aider \u00e0 mieux comprendre vos options et faire des choix \u00e9clair\u00e9s.  Ce que nous pourrons voir ensemble \u00a0\u00c9coute de votre probl\u00e9matique ou de vos questions \u00a0Analyse de votre situation par un\u00b7e avocat\u00b7e du barreau de Paris \u00a0Conseils concrets et personnalis\u00e9s en fonction de vos besoins \u00a0Recommandations sur les prochaines \u00e9tapes \u00e0 envisager  Un temps pr\u00e9cieux pour repartir avec des r\u00e9ponses claires et s\u00e9curiser votre projet\" \/>\n<meta property=\"og:url\" content=\"https:\/\/empow-her.com\/produit\/consultation-juridique-individuelle-3\/\" \/>\n<meta property=\"og:site_name\" content=\"Empow&#039;Her\" \/>\n<meta property=\"article:modified_time\" content=\"2026-03-30T08:36:53+00:00\" \/>\n<meta property=\"og:image\" content=\"https:\/\/empow-her.com\/wp-content\/uploads\/2025\/10\/Coaching.png\" \/>\n\t<meta property=\"og:image:width\" content=\"1080\" \/>\n\t<meta property=\"og:image:height\" content=\"1080\" \/>\n\t<meta property=\"og:image:type\" content=\"image\/png\" \/>\n<meta name=\"twitter:card\" content=\"summary_large_image\" \/>\n<meta name=\"twitter:label1\" content=\"Est. reading time\" \/>\n\t<meta name=\"twitter:data1\" content=\"1 minute\" \/>\n<script type=\"application\/ld+json\" class=\"yoast-schema-graph\">{\"@context\":\"https:\/\/schema.org\",\"@graph\":[{\"@type\":\"WebPage\",\"@id\":\"https:\/\/empow-her.com\/produit\/consultation-juridique-individuelle-3\/\",\"url\":\"https:\/\/empow-her.com\/produit\/consultation-juridique-individuelle-3\/\",\"name\":\"Consultation juridique individuelle - Empow&#039;Her\",\"isPartOf\":{\"@id\":\"https:\/\/empow-her.com\/#website\"},\"primaryImageOfPage\":{\"@id\":\"https:\/\/empow-her.com\/produit\/consultation-juridique-individuelle-3\/#primaryimage\"},\"image\":{\"@id\":\"https:\/\/empow-her.com\/produit\/consultation-juridique-individuelle-3\/#primaryimage\"},\"thumbnailUrl\":\"https:\/\/empow-her.com\/wp-content\/uploads\/2025\/10\/Coaching.png\",\"datePublished\":\"2025-11-19T10:00:00+00:00\",\"dateModified\":\"2026-03-30T08:36:53+00:00\",\"breadcrumb\":{\"@id\":\"https:\/\/empow-her.com\/produit\/consultation-juridique-individuelle-3\/#breadcrumb\"},\"inLanguage\":\"en-US\",\"potentialAction\":[{\"@type\":\"ReadAction\",\"target\":[\"https:\/\/empow-her.com\/produit\/consultation-juridique-individuelle-3\/\"]}]},{\"@type\":\"ImageObject\",\"inLanguage\":\"en-US\",\"@id\":\"https:\/\/empow-her.com\/produit\/consultation-juridique-individuelle-3\/#primaryimage\",\"url\":\"https:\/\/empow-her.com\/wp-content\/uploads\/2025\/10\/Coaching.png\",\"contentUrl\":\"https:\/\/empow-her.com\/wp-content\/uploads\/2025\/10\/Coaching.png\",\"width\":1080,\"height\":1080},{\"@type\":\"BreadcrumbList\",\"@id\":\"https:\/\/empow-her.com\/produit\/consultation-juridique-individuelle-3\/#breadcrumb\",\"itemListElement\":[{\"@type\":\"ListItem\",\"position\":1,\"name\":\"Accueil\",\"item\":\"https:\/\/empow-her.com\/en\/landing-page\/\"},{\"@type\":\"ListItem\",\"position\":2,\"name\":\"LA BOUTIQUE\",\"item\":\"https:\/\/empow-her.com\/boutique\/\"},{\"@type\":\"ListItem\",\"position\":3,\"name\":\"Consultation juridique individuelle\"}]},{\"@type\":\"WebSite\",\"@id\":\"https:\/\/empow-her.com\/#website\",\"url\":\"https:\/\/empow-her.com\/\",\"name\":\"Empow&#039;Her\",\"description\":\"Women Development\",\"potentialAction\":[{\"@type\":\"SearchAction\",\"target\":{\"@type\":\"EntryPoint\",\"urlTemplate\":\"https:\/\/empow-her.com\/?s={search_term_string}\"},\"query-input\":{\"@type\":\"PropertyValueSpecification\",\"valueRequired\":true,\"valueName\":\"search_term_string\"}}],\"inLanguage\":\"en-US\"}]}<\/script>\n<!-- \/ Yoast SEO plugin. -->","yoast_head_json":{"title":"Consultation juridique individuelle - Empow&#039;Her","robots":{"index":"index","follow":"follow","max-snippet":"max-snippet:-1","max-image-preview":"max-image-preview:large","max-video-preview":"max-video-preview:-1"},"canonical":"https:\/\/empow-her.com\/produit\/consultation-juridique-individuelle-3\/","og_locale":"en_US","og_type":"article","og_title":"Consultation juridique individuelle - Empow&#039;Her","og_description":"\ufe0f 1h de permanence juridique pour y voir plus clair sur vos d\u00e9marches Vous vous posez des questions juridiques li\u00e9es \u00e0 votre projet entrepreneurial ?\u00a0 Statuts, contrats, RGPD, marque, responsabilit\u00e9s\u2026 pas toujours simple de s\u2019y retrouver !\u00a0 Cette permanence est l\u00e0 pour vous aider \u00e0 mieux comprendre vos options et faire des choix \u00e9clair\u00e9s.  Ce que nous pourrons voir ensemble \u00a0\u00c9coute de votre probl\u00e9matique ou de vos questions \u00a0Analyse de votre situation par un\u00b7e avocat\u00b7e du barreau de Paris \u00a0Conseils concrets et personnalis\u00e9s en fonction de vos besoins \u00a0Recommandations sur les prochaines \u00e9tapes \u00e0 envisager  Un temps pr\u00e9cieux pour repartir avec des r\u00e9ponses claires et s\u00e9curiser votre projet","og_url":"https:\/\/empow-her.com\/produit\/consultation-juridique-individuelle-3\/","og_site_name":"Empow&#039;Her","article_modified_time":"2026-03-30T08:36:53+00:00","og_image":[{"width":1080,"height":1080,"url":"https:\/\/empow-her.com\/wp-content\/uploads\/2025\/10\/Coaching.png","type":"image\/png"}],"twitter_card":"summary_large_image","twitter_misc":{"Est. reading time":"1 minute"},"schema":{"@context":"https:\/\/schema.org","@graph":[{"@type":"WebPage","@id":"https:\/\/empow-her.com\/produit\/consultation-juridique-individuelle-3\/","url":"https:\/\/empow-her.com\/produit\/consultation-juridique-individuelle-3\/","name":"Consultation juridique individuelle - Empow&#039;Her","isPartOf":{"@id":"https:\/\/empow-her.com\/#website"},"primaryImageOfPage":{"@id":"https:\/\/empow-her.com\/produit\/consultation-juridique-individuelle-3\/#primaryimage"},"image":{"@id":"https:\/\/empow-her.com\/produit\/consultation-juridique-individuelle-3\/#primaryimage"},"thumbnailUrl":"https:\/\/empow-her.com\/wp-content\/uploads\/2025\/10\/Coaching.png","datePublished":"2025-11-19T10:00:00+00:00","dateModified":"2026-03-30T08:36:53+00:00","breadcrumb":{"@id":"https:\/\/empow-her.com\/produit\/consultation-juridique-individuelle-3\/#breadcrumb"},"inLanguage":"en-US","potentialAction":[{"@type":"ReadAction","target":["https:\/\/empow-her.com\/produit\/consultation-juridique-individuelle-3\/"]}]},{"@type":"ImageObject","inLanguage":"en-US","@id":"https:\/\/empow-her.com\/produit\/consultation-juridique-individuelle-3\/#primaryimage","url":"https:\/\/empow-her.com\/wp-content\/uploads\/2025\/10\/Coaching.png","contentUrl":"https:\/\/empow-her.com\/wp-content\/uploads\/2025\/10\/Coaching.png","width":1080,"height":1080},{"@type":"BreadcrumbList","@id":"https:\/\/empow-her.com\/produit\/consultation-juridique-individuelle-3\/#breadcrumb","itemListElement":[{"@type":"ListItem","position":1,"name":"Accueil","item":"https:\/\/empow-her.com\/en\/landing-page\/"},{"@type":"ListItem","position":2,"name":"LA BOUTIQUE","item":"https:\/\/empow-her.com\/boutique\/"},{"@type":"ListItem","position":3,"name":"Consultation juridique individuelle"}]},{"@type":"WebSite","@id":"https:\/\/empow-her.com\/#website","url":"https:\/\/empow-her.com\/","name":"Empow&#039;Her","description":"Women Development","potentialAction":[{"@type":"SearchAction","target":{"@type":"EntryPoint","urlTemplate":"https:\/\/empow-her.com\/?s={search_term_string}"},"query-input":{"@type":"PropertyValueSpecification","valueRequired":true,"valueName":"search_term_string"}}],"inLanguage":"en-US"}]}},"_links":{"self":[{"href":"https:\/\/empow-her.com\/en\/wp-json\/wp\/v2\/product\/270323","targetHints":{"allow":["GET"]}}],"collection":[{"href":"https:\/\/empow-her.com\/en\/wp-json\/wp\/v2\/product"}],"about":[{"href":"https:\/\/empow-her.com\/en\/wp-json\/wp\/v2\/types\/product"}],"wp:featuredmedia":[{"embeddable":true,"href":"https:\/\/empow-her.com\/en\/wp-json\/wp\/v2\/media\/270000"}],"wp:attachment":[{"href":"https:\/\/empow-her.com\/en\/wp-json\/wp\/v2\/media?parent=270323"}],"wp:term":[{"taxonomy":"product_brand","embeddable":true,"href":"https:\/\/empow-her.com\/en\/wp-json\/wp\/v2\/product_brand?post=270323"},{"taxonomy":"product_cat","embeddable":true,"href":"https:\/\/empow-her.com\/en\/wp-json\/wp\/v2\/product_cat?post=270323"},{"taxonomy":"product_tag","embeddable":true,"href":"https:\/\/empow-her.com\/en\/wp-json\/wp\/v2\/product_tag?post=270323"},{"taxonomy":"lieu","embeddable":true,"href":"https:\/\/empow-her.com\/en\/wp-json\/wp\/v2\/lieu?post=270323"},{"taxonomy":"thematiques","embeddable":true,"href":"https:\/\/empow-her.com\/en\/wp-json\/wp\/v2\/thematiques?post=270323"}],"curies":[{"name":"wp","href":"https:\/\/api.w.org\/{rel}","templated":true}]}}