{"id":270138,"date":"2025-10-08T17:23:05","date_gmt":"2025-10-08T15:23:05","guid":{"rendered":"https:\/\/empow-her.com\/?post_type=product&#038;p=270138"},"modified":"2025-10-08T17:24:30","modified_gmt":"2025-10-08T15:24:30","slug":"maitriser-les-fondamentaux-du-marketing-digital-2","status":"publish","type":"product","link":"https:\/\/empow-her.com\/en\/produit\/maitriser-les-fondamentaux-du-marketing-digital-2\/","title":{"rendered":"Maitriser les fondamentaux du marketing digital"},"content":{"rendered":"<p><span data-sheets-root=\"1\"><strong> 1h de coaching pour optimiser ta strat\u00e9gie digital<\/strong><\/span><\/p>\n<p>Une pr\u00e9sence en ligne efficace repose sur une strat\u00e9gie digitale bien pens\u00e9e. Ce coaching est con\u00e7u pour explorer les leviers du marketing digital et apporter des r\u00e9ponses concr\u00e8tes \u00e0 tes questions.<\/p>\n<p><strong> Ce que nous pouvons aborder :<\/strong><\/p>\n<ul>\n<li><span data-sheets-root=\"1\"><strong>\u00c9laborer une strat\u00e9gie de r\u00e9f\u00e9rencement naturel (SEO): <\/strong>Comprendre les fondamentaux du SEO et d\u00e9finir les actions cl\u00e9s pour am\u00e9liorer la visibilit\u00e9 sur les moteurs de recherche.<\/span><\/li>\n<li><span data-sheets-root=\"1\"><strong>Identifier les recherches des internautes: <\/strong>Analyser les intentions de recherche et utiliser les bons outils pour trouver les mots-cl\u00e9s pertinents.<\/span><\/li>\n<li><span data-sheets-root=\"1\"><span data-sheets-root=\"1\"><strong>Explorer les leviers du marketing digital: <\/strong>SEA, SEO, site web, emailing\u2026 possibilit\u00e9 d\u2019\u00e9changer sur un sujet pr\u00e9cis ou de prendre du recul sur l\u2019ensemble de la strat\u00e9gie digitale.<\/span><\/span><em>Un coaching sur mesure pour clarifier, structurer et am\u00e9liorer ta pr\u00e9sence en ligne ! <\/em><\/li>\n<\/ul>\n<p><strong>Pr\u00e9sentation de l&#8217;intervenante: Camille<\/strong><\/p>\n<p><span data-sheets-root=\"1\">Je m\u2019appelle Camille Di Vincenzo, &#8216;ai 30 ans et je suis strasbourgeoise<br \/>\nJ\u2019ai trois casquettes diff\u00e9rentes ; \u00a0la cr\u00e9ation de site sur Webflow, la mise en place de strat\u00e9gie SEO, je suis coach en incubateurs. A ce jour, j\u2019ai le r\u00f4le de Global Community Leader pour l\u2019outil Webflow car mon but est aussi de mettre en avant les outils no-code aupr\u00e8s du grand public.<\/span><\/p>\n<p><strong>Son petit mot:<\/strong> BRAVO ! \u00a0Vous avez d\u00e9j\u00e0 franchi un grand pas en int\u00e9grant un programme d&#8217;accompagnement !<br \/>\nC&#8217;est parti pour 12 mois \u00e0 poursuivre l&#8217;aventure toutes ensemble dans la bienveillance, l&#8217;entraide et la bonne humeur !<\/p>\n","protected":false},"excerpt":{"rendered":"<p><span data-sheets-root=\"1\"><strong> 1h de coaching pour optimiser ta strat\u00e9gie digital<\/strong><\/span><\/p>\n<p>Une pr\u00e9sence en ligne efficace repose sur une strat\u00e9gie digitale bien pens\u00e9e. Ce coaching est con\u00e7u pour explorer les leviers du marketing digital et apporter des r\u00e9ponses concr\u00e8tes \u00e0 tes questions.<\/p>\n<p><strong> Ce que nous pouvons aborder :<\/strong><\/p>\n<ul>\n<li><span data-sheets-root=\"1\"><strong>\u00c9laborer une strat\u00e9gie de r\u00e9f\u00e9rencement naturel (SEO): <\/strong>Comprendre les fondamentaux du SEO et d\u00e9finir les actions cl\u00e9s pour am\u00e9liorer la visibilit\u00e9 sur les moteurs de recherche.<\/span><\/li>\n<li><span data-sheets-root=\"1\"><strong>Identifier les recherches des internautes: <\/strong>Analyser les intentions de recherche et utiliser les bons outils pour trouver les mots-cl\u00e9s pertinents.<\/span><\/li>\n<li><span data-sheets-root=\"1\"><span data-sheets-root=\"1\"><strong>Explorer les leviers du marketing digital: <\/strong>SEA, SEO, site web, emailing\u2026 possibilit\u00e9 d\u2019\u00e9changer sur un sujet pr\u00e9cis ou de prendre du recul sur l\u2019ensemble de la strat\u00e9gie digitale.<\/span><\/span><em>Un coaching sur mesure pour clarifier, structurer et am\u00e9liorer ta pr\u00e9sence en ligne ! <\/em><\/li>\n<\/ul>\n<p><strong>Pr\u00e9sentation de l&#8217;intervenante: Camille<\/strong><\/p>\n<p><span data-sheets-root=\"1\">Je m\u2019appelle Camille Di Vincenzo, &#8216;ai 30 ans et je suis strasbourgeoise<br \/>\nJ\u2019ai trois casquettes diff\u00e9rentes ; \u00a0la cr\u00e9ation de site sur Webflow, la mise en place de strat\u00e9gie SEO, je suis coach en incubateurs. A ce jour, j\u2019ai le r\u00f4le de Global Community Leader pour l\u2019outil Webflow car mon but est aussi de mettre en avant les outils no-code aupr\u00e8s du grand public.<\/span><\/p>\n<p><strong>Son petit mot:<\/strong> BRAVO ! \u00a0Vous avez d\u00e9j\u00e0 franchi un grand pas en int\u00e9grant un programme d&#8217;accompagnement !<br \/>\nC&#8217;est parti pour 12 mois \u00e0 poursuivre l&#8217;aventure toutes ensemble dans la bienveillance, l&#8217;entraide et la bonne humeur !<\/p>\n","protected":false},"featured_media":269998,"template":"","format":"standard","meta":{"_acf_changed":false,"om_disable_all_campaigns":false,"_uf_show_specific_survey":0,"_uf_disable_surveys":false},"product_brand":[],"product_cat":[121],"product_tag":[143],"lieu":[125],"thematiques":[],"class_list":{"0":"post-270138","1":"product","2":"type-product","3":"status-publish","4":"format-standard","5":"has-post-thumbnail","7":"product_cat-coaching","8":"product_tag-en-ligne","9":"lieu-en-ligne","11":"first","12":"instock","13":"virtual","14":"purchasable","15":"product-type-appointment"},"exclude_global_add_ons":[],"addons":[],"acf":[],"yoast_head":"<!-- This site is optimized with the Yoast SEO plugin v24.8 - https:\/\/yoast.com\/wordpress\/plugins\/seo\/ -->\n<title>Coaching - Maitriser les fondamentaux du marketing digital<\/title>\n<meta name=\"robots\" content=\"index, follow, max-snippet:-1, max-image-preview:large, max-video-preview:-1\" \/>\n<link rel=\"canonical\" href=\"https:\/\/empow-her.com\/produit\/maitriser-les-fondamentaux-du-marketing-digital-2\/\" \/>\n<meta property=\"og:locale\" content=\"en_US\" \/>\n<meta property=\"og:type\" content=\"article\" \/>\n<meta property=\"og:title\" content=\"Coaching - Maitriser les fondamentaux du marketing digital\" \/>\n<meta property=\"og:description\" content=\"1h de coaching pour optimiser ta strat\u00e9gie digital  Une pr\u00e9sence en ligne efficace repose sur une strat\u00e9gie digitale bien pens\u00e9e. Ce coaching est con\u00e7u pour explorer les leviers du marketing digital et apporter des r\u00e9ponses concr\u00e8tes \u00e0 tes questions.   Ce que nous pouvons aborder :   \u00c9laborer une strat\u00e9gie de r\u00e9f\u00e9rencement naturel (SEO): Comprendre les fondamentaux du SEO et d\u00e9finir les actions cl\u00e9s pour am\u00e9liorer la visibilit\u00e9 sur les moteurs de recherche.  Identifier les recherches des internautes: Analyser les intentions de recherche et utiliser les bons outils pour trouver les mots-cl\u00e9s pertinents.  Explorer les leviers du marketing digital: SEA, SEO, site web, emailing\u2026 possibilit\u00e9 d\u2019\u00e9changer sur un sujet pr\u00e9cis ou de prendre du recul sur l\u2019ensemble de la strat\u00e9gie digitale.Un coaching sur mesure pour clarifier, structurer et am\u00e9liorer ta pr\u00e9sence en ligne !   Pr\u00e9sentation de l&#039;intervenante: Camille  Je m\u2019appelle Camille Di Vincenzo, &#039;ai 30 ans et je suis strasbourgeoise J\u2019ai trois casquettes diff\u00e9rentes ; \u00a0la cr\u00e9ation de site sur Webflow, la mise en place de strat\u00e9gie SEO, je suis coach en incubateurs. A ce jour, j\u2019ai le r\u00f4le de Global Community Leader pour l\u2019outil Webflow car mon but est aussi de mettre en avant les outils no-code aupr\u00e8s du grand public.  Son petit mot: BRAVO ! \u00a0Vous avez d\u00e9j\u00e0 franchi un grand pas en int\u00e9grant un programme d&#039;accompagnement ! C&#039;est parti pour 12 mois \u00e0 poursuivre l&#039;aventure toutes ensemble dans la bienveillance, l&#039;entraide et la bonne humeur !\" \/>\n<meta property=\"og:url\" content=\"https:\/\/empow-her.com\/produit\/maitriser-les-fondamentaux-du-marketing-digital-2\/\" \/>\n<meta property=\"og:site_name\" content=\"Empow&#039;Her\" \/>\n<meta property=\"article:modified_time\" content=\"2025-10-08T15:24:30+00:00\" \/>\n<meta property=\"og:image\" content=\"https:\/\/empow-her.com\/wp-content\/uploads\/2025\/10\/Coaching.png\" \/>\n\t<meta property=\"og:image:width\" content=\"1080\" \/>\n\t<meta property=\"og:image:height\" content=\"1080\" \/>\n\t<meta property=\"og:image:type\" content=\"image\/png\" \/>\n<meta name=\"twitter:card\" content=\"summary_large_image\" \/>\n<meta name=\"twitter:label1\" content=\"Est. reading time\" \/>\n\t<meta name=\"twitter:data1\" content=\"2 minutes\" \/>\n<script type=\"application\/ld+json\" class=\"yoast-schema-graph\">{\"@context\":\"https:\/\/schema.org\",\"@graph\":[{\"@type\":\"WebPage\",\"@id\":\"https:\/\/empow-her.com\/produit\/maitriser-les-fondamentaux-du-marketing-digital-2\/\",\"url\":\"https:\/\/empow-her.com\/produit\/maitriser-les-fondamentaux-du-marketing-digital-2\/\",\"name\":\"Coaching - Maitriser les fondamentaux du marketing digital\",\"isPartOf\":{\"@id\":\"https:\/\/empow-her.com\/#website\"},\"primaryImageOfPage\":{\"@id\":\"https:\/\/empow-her.com\/produit\/maitriser-les-fondamentaux-du-marketing-digital-2\/#primaryimage\"},\"image\":{\"@id\":\"https:\/\/empow-her.com\/produit\/maitriser-les-fondamentaux-du-marketing-digital-2\/#primaryimage\"},\"thumbnailUrl\":\"https:\/\/empow-her.com\/wp-content\/uploads\/2025\/10\/Coaching.png\",\"datePublished\":\"2025-10-08T15:23:05+00:00\",\"dateModified\":\"2025-10-08T15:24:30+00:00\",\"breadcrumb\":{\"@id\":\"https:\/\/empow-her.com\/produit\/maitriser-les-fondamentaux-du-marketing-digital-2\/#breadcrumb\"},\"inLanguage\":\"en-US\",\"potentialAction\":[{\"@type\":\"ReadAction\",\"target\":[\"https:\/\/empow-her.com\/produit\/maitriser-les-fondamentaux-du-marketing-digital-2\/\"]}]},{\"@type\":\"ImageObject\",\"inLanguage\":\"en-US\",\"@id\":\"https:\/\/empow-her.com\/produit\/maitriser-les-fondamentaux-du-marketing-digital-2\/#primaryimage\",\"url\":\"https:\/\/empow-her.com\/wp-content\/uploads\/2025\/10\/Coaching.png\",\"contentUrl\":\"https:\/\/empow-her.com\/wp-content\/uploads\/2025\/10\/Coaching.png\",\"width\":1080,\"height\":1080},{\"@type\":\"BreadcrumbList\",\"@id\":\"https:\/\/empow-her.com\/produit\/maitriser-les-fondamentaux-du-marketing-digital-2\/#breadcrumb\",\"itemListElement\":[{\"@type\":\"ListItem\",\"position\":1,\"name\":\"Accueil\",\"item\":\"https:\/\/empow-her.com\/en\/landing-page\/\"},{\"@type\":\"ListItem\",\"position\":2,\"name\":\"LA BOUTIQUE\",\"item\":\"https:\/\/empow-her.com\/boutique\/\"},{\"@type\":\"ListItem\",\"position\":3,\"name\":\"Maitriser les fondamentaux du marketing digital\"}]},{\"@type\":\"WebSite\",\"@id\":\"https:\/\/empow-her.com\/#website\",\"url\":\"https:\/\/empow-her.com\/\",\"name\":\"Empow&#039;Her\",\"description\":\"Women Development\",\"potentialAction\":[{\"@type\":\"SearchAction\",\"target\":{\"@type\":\"EntryPoint\",\"urlTemplate\":\"https:\/\/empow-her.com\/?s={search_term_string}\"},\"query-input\":{\"@type\":\"PropertyValueSpecification\",\"valueRequired\":true,\"valueName\":\"search_term_string\"}}],\"inLanguage\":\"en-US\"}]}<\/script>\n<!-- \/ Yoast SEO plugin. -->","yoast_head_json":{"title":"Coaching - Maitriser les fondamentaux du marketing digital","robots":{"index":"index","follow":"follow","max-snippet":"max-snippet:-1","max-image-preview":"max-image-preview:large","max-video-preview":"max-video-preview:-1"},"canonical":"https:\/\/empow-her.com\/produit\/maitriser-les-fondamentaux-du-marketing-digital-2\/","og_locale":"en_US","og_type":"article","og_title":"Coaching - Maitriser les fondamentaux du marketing digital","og_description":"1h de coaching pour optimiser ta strat\u00e9gie digital  Une pr\u00e9sence en ligne efficace repose sur une strat\u00e9gie digitale bien pens\u00e9e. Ce coaching est con\u00e7u pour explorer les leviers du marketing digital et apporter des r\u00e9ponses concr\u00e8tes \u00e0 tes questions.   Ce que nous pouvons aborder :   \u00c9laborer une strat\u00e9gie de r\u00e9f\u00e9rencement naturel (SEO): Comprendre les fondamentaux du SEO et d\u00e9finir les actions cl\u00e9s pour am\u00e9liorer la visibilit\u00e9 sur les moteurs de recherche.  Identifier les recherches des internautes: Analyser les intentions de recherche et utiliser les bons outils pour trouver les mots-cl\u00e9s pertinents.  Explorer les leviers du marketing digital: SEA, SEO, site web, emailing\u2026 possibilit\u00e9 d\u2019\u00e9changer sur un sujet pr\u00e9cis ou de prendre du recul sur l\u2019ensemble de la strat\u00e9gie digitale.Un coaching sur mesure pour clarifier, structurer et am\u00e9liorer ta pr\u00e9sence en ligne !   Pr\u00e9sentation de l'intervenante: Camille  Je m\u2019appelle Camille Di Vincenzo, 'ai 30 ans et je suis strasbourgeoise J\u2019ai trois casquettes diff\u00e9rentes ; \u00a0la cr\u00e9ation de site sur Webflow, la mise en place de strat\u00e9gie SEO, je suis coach en incubateurs. A ce jour, j\u2019ai le r\u00f4le de Global Community Leader pour l\u2019outil Webflow car mon but est aussi de mettre en avant les outils no-code aupr\u00e8s du grand public.  Son petit mot: BRAVO ! \u00a0Vous avez d\u00e9j\u00e0 franchi un grand pas en int\u00e9grant un programme d'accompagnement ! C'est parti pour 12 mois \u00e0 poursuivre l'aventure toutes ensemble dans la bienveillance, l'entraide et la bonne humeur !","og_url":"https:\/\/empow-her.com\/produit\/maitriser-les-fondamentaux-du-marketing-digital-2\/","og_site_name":"Empow&#039;Her","article_modified_time":"2025-10-08T15:24:30+00:00","og_image":[{"width":1080,"height":1080,"url":"https:\/\/empow-her.com\/wp-content\/uploads\/2025\/10\/Coaching.png","type":"image\/png"}],"twitter_card":"summary_large_image","twitter_misc":{"Est. reading time":"2 minutes"},"schema":{"@context":"https:\/\/schema.org","@graph":[{"@type":"WebPage","@id":"https:\/\/empow-her.com\/produit\/maitriser-les-fondamentaux-du-marketing-digital-2\/","url":"https:\/\/empow-her.com\/produit\/maitriser-les-fondamentaux-du-marketing-digital-2\/","name":"Coaching - Maitriser les fondamentaux du marketing digital","isPartOf":{"@id":"https:\/\/empow-her.com\/#website"},"primaryImageOfPage":{"@id":"https:\/\/empow-her.com\/produit\/maitriser-les-fondamentaux-du-marketing-digital-2\/#primaryimage"},"image":{"@id":"https:\/\/empow-her.com\/produit\/maitriser-les-fondamentaux-du-marketing-digital-2\/#primaryimage"},"thumbnailUrl":"https:\/\/empow-her.com\/wp-content\/uploads\/2025\/10\/Coaching.png","datePublished":"2025-10-08T15:23:05+00:00","dateModified":"2025-10-08T15:24:30+00:00","breadcrumb":{"@id":"https:\/\/empow-her.com\/produit\/maitriser-les-fondamentaux-du-marketing-digital-2\/#breadcrumb"},"inLanguage":"en-US","potentialAction":[{"@type":"ReadAction","target":["https:\/\/empow-her.com\/produit\/maitriser-les-fondamentaux-du-marketing-digital-2\/"]}]},{"@type":"ImageObject","inLanguage":"en-US","@id":"https:\/\/empow-her.com\/produit\/maitriser-les-fondamentaux-du-marketing-digital-2\/#primaryimage","url":"https:\/\/empow-her.com\/wp-content\/uploads\/2025\/10\/Coaching.png","contentUrl":"https:\/\/empow-her.com\/wp-content\/uploads\/2025\/10\/Coaching.png","width":1080,"height":1080},{"@type":"BreadcrumbList","@id":"https:\/\/empow-her.com\/produit\/maitriser-les-fondamentaux-du-marketing-digital-2\/#breadcrumb","itemListElement":[{"@type":"ListItem","position":1,"name":"Accueil","item":"https:\/\/empow-her.com\/en\/landing-page\/"},{"@type":"ListItem","position":2,"name":"LA BOUTIQUE","item":"https:\/\/empow-her.com\/boutique\/"},{"@type":"ListItem","position":3,"name":"Maitriser les fondamentaux du marketing digital"}]},{"@type":"WebSite","@id":"https:\/\/empow-her.com\/#website","url":"https:\/\/empow-her.com\/","name":"Empow&#039;Her","description":"Women Development","potentialAction":[{"@type":"SearchAction","target":{"@type":"EntryPoint","urlTemplate":"https:\/\/empow-her.com\/?s={search_term_string}"},"query-input":{"@type":"PropertyValueSpecification","valueRequired":true,"valueName":"search_term_string"}}],"inLanguage":"en-US"}]}},"_links":{"self":[{"href":"https:\/\/empow-her.com\/en\/wp-json\/wp\/v2\/product\/270138","targetHints":{"allow":["GET"]}}],"collection":[{"href":"https:\/\/empow-her.com\/en\/wp-json\/wp\/v2\/product"}],"about":[{"href":"https:\/\/empow-her.com\/en\/wp-json\/wp\/v2\/types\/product"}],"wp:featuredmedia":[{"embeddable":true,"href":"https:\/\/empow-her.com\/en\/wp-json\/wp\/v2\/media\/269998"}],"wp:attachment":[{"href":"https:\/\/empow-her.com\/en\/wp-json\/wp\/v2\/media?parent=270138"}],"wp:term":[{"taxonomy":"product_brand","embeddable":true,"href":"https:\/\/empow-her.com\/en\/wp-json\/wp\/v2\/product_brand?post=270138"},{"taxonomy":"product_cat","embeddable":true,"href":"https:\/\/empow-her.com\/en\/wp-json\/wp\/v2\/product_cat?post=270138"},{"taxonomy":"product_tag","embeddable":true,"href":"https:\/\/empow-her.com\/en\/wp-json\/wp\/v2\/product_tag?post=270138"},{"taxonomy":"lieu","embeddable":true,"href":"https:\/\/empow-her.com\/en\/wp-json\/wp\/v2\/lieu?post=270138"},{"taxonomy":"thematiques","embeddable":true,"href":"https:\/\/empow-her.com\/en\/wp-json\/wp\/v2\/thematiques?post=270138"}],"curies":[{"name":"wp","href":"https:\/\/api.w.org\/{rel}","templated":true}]}}