{"id":270114,"date":"2025-10-08T14:49:47","date_gmt":"2025-10-08T12:49:47","guid":{"rendered":"https:\/\/empow-her.com\/?post_type=product&#038;p=270114"},"modified":"2025-10-08T14:52:22","modified_gmt":"2025-10-08T12:52:22","slug":"viabilite-economique-3","status":"publish","type":"product","link":"https:\/\/empow-her.com\/en\/produit\/viabilite-economique-3\/","title":{"rendered":"Viabilit\u00e9 \u00e9conomique"},"content":{"rendered":"<p><span data-sheets-root=\"1\"><strong> Coaching &#8211; Travailler la viabilit\u00e9 \u00e9conomique de son projet<\/strong><\/span><\/p>\n<p><em>Vous avez imagin\u00e9 une premi\u00e8re offre et identifi\u00e9 vos premier\u00b7es client\u00b7es et b\u00e9n\u00e9ficiaires, mais vous avez du mal \u00e0 structurer la viabilit\u00e9 de votre projet ? Quels seront les co\u00fbts principaux ? Comment fixer un prix juste pour vous r\u00e9mun\u00e9rer et couvrir vos frais ? <\/em><\/p>\n<p><span data-sheets-root=\"1\"><em>Lors de cette session de coaching, nous explorerons ensemble des raisonnements et outils simples pour vous aider \u00e0 r\u00e9pondre \u00e0 ces questions. Vous repartirez avec des pistes concr\u00e8tes pour d\u00e9velopper votre activit\u00e9, des outils adapt\u00e9s \u00e0 votre projet ou une feuille de route pr\u00eate \u00e0 l\u2019emploi.<\/em><\/span><\/p>\n<p><strong> Ce que nous pourrons aborder<\/strong><\/p>\n<ul>\n<li><span data-sheets-root=\"1\"><strong>Identification des co\u00fbts principaux et structuration financi\u00e8re:<\/strong> comprendre les diff\u00e9rentes d\u00e9penses li\u00e9es \u00e0 votre projet et apprendre \u00e0 les organiser pour assurer sa p\u00e9rennit\u00e9.<\/span><\/li>\n<li><span data-sheets-root=\"1\"><strong>D\u00e9finition d\u2019un prix adapt\u00e9 \u00e0 votre offre et \u00e0 votre march\u00e9:<\/strong> apprendre \u00e0 fixer un tarif coh\u00e9rent en fonction de vos co\u00fbts, de la valeur per\u00e7ue et des attentes de votre cible.<\/span><\/li>\n<li><span data-sheets-root=\"1\"><strong>Outils et m\u00e9thodes pour am\u00e9liorer la viabilit\u00e9 \u00e9conomique:<\/strong> explorer des m\u00e9thodes simples pour rendre votre activit\u00e9 plus durable financi\u00e8rement.<\/span><\/li>\n<li><span data-sheets-root=\"1\"><strong>\u00a0Construction d\u2019une feuille de route pour consolider votre mod\u00e8le:<\/strong> d\u00e9finir les prochaines \u00e9tapes pour tester et ajuster votre mod\u00e8le \u00e9conomique.<\/span><\/li>\n<\/ul>\n<p>&nbsp;<\/p>\n<p><strong> Pr\u00e9-requis<\/strong><\/p>\n<ol>\n<li><em>Avoir une premi\u00e8re offre ou une id\u00e9e de service\/produit<\/em><\/li>\n<li><em>Avoir identifi\u00e9 des client\u00b7es ou b\u00e9n\u00e9ficiaires potentiels<\/em><\/li>\n<li><em>\u00catre pr\u00eat\u00b7e \u00e0 explorer des strat\u00e9gies pour assurer la p\u00e9rennit\u00e9 de son projet<\/em><\/li>\n<\/ol>\n<p><strong>Pr\u00e9sentation de l&#8217;intervenante: Sophie<\/strong><\/p>\n<p><strong>Son super pouvoir:<\/strong> Capacit\u00e9 d&#8217;\u00e9coute hors pair \/ Materner vers la sobri\u00e9t\u00e9<\/p>\n<p><strong>Son petit mot:<\/strong> Dare to dare ! Les femmes sont le futur de l&#8217;\u00e9cologie<\/p>\n","protected":false},"excerpt":{"rendered":"<p><span data-sheets-root=\"1\"><strong> Coaching &#8211; Travailler la viabilit\u00e9 \u00e9conomique de son projet<\/strong><\/span><\/p>\n<p><em>Vous avez imagin\u00e9 une premi\u00e8re offre et identifi\u00e9 vos premier\u00b7es client\u00b7es et b\u00e9n\u00e9ficiaires, mais vous avez du mal \u00e0 structurer la viabilit\u00e9 de votre projet ? Quels seront les co\u00fbts principaux ? Comment fixer un prix juste pour vous r\u00e9mun\u00e9rer et couvrir vos frais ? <\/em><\/p>\n<p><span data-sheets-root=\"1\"><em>Lors de cette session de coaching, nous explorerons ensemble des raisonnements et outils simples pour vous aider \u00e0 r\u00e9pondre \u00e0 ces questions. Vous repartirez avec des pistes concr\u00e8tes pour d\u00e9velopper votre activit\u00e9, des outils adapt\u00e9s \u00e0 votre projet ou une feuille de route pr\u00eate \u00e0 l\u2019emploi.<\/em><\/span><\/p>\n<p><strong> Ce que nous pourrons aborder<\/strong><\/p>\n<ul>\n<li><span data-sheets-root=\"1\"><strong>Identification des co\u00fbts principaux et structuration financi\u00e8re:<\/strong> comprendre les diff\u00e9rentes d\u00e9penses li\u00e9es \u00e0 votre projet et apprendre \u00e0 les organiser pour assurer sa p\u00e9rennit\u00e9.<\/span><\/li>\n<li><span data-sheets-root=\"1\"><strong>D\u00e9finition d\u2019un prix adapt\u00e9 \u00e0 votre offre et \u00e0 votre march\u00e9:<\/strong> apprendre \u00e0 fixer un tarif coh\u00e9rent en fonction de vos co\u00fbts, de la valeur per\u00e7ue et des attentes de votre cible.<\/span><\/li>\n<li><span data-sheets-root=\"1\"><strong>Outils et m\u00e9thodes pour am\u00e9liorer la viabilit\u00e9 \u00e9conomique:<\/strong> explorer des m\u00e9thodes simples pour rendre votre activit\u00e9 plus durable financi\u00e8rement.<\/span><\/li>\n<li><span data-sheets-root=\"1\"><strong>\u00a0Construction d\u2019une feuille de route pour consolider votre mod\u00e8le:<\/strong> d\u00e9finir les prochaines \u00e9tapes pour tester et ajuster votre mod\u00e8le \u00e9conomique.<\/span><\/li>\n<\/ul>\n<p>&nbsp;<\/p>\n<p><strong> Pr\u00e9-requis<\/strong><\/p>\n<ol>\n<li><em>Avoir une premi\u00e8re offre ou une id\u00e9e de service\/produit<\/em><\/li>\n<li><em>Avoir identifi\u00e9 des client\u00b7es ou b\u00e9n\u00e9ficiaires potentiels<\/em><\/li>\n<li><em>\u00catre pr\u00eat\u00b7e \u00e0 explorer des strat\u00e9gies pour assurer la p\u00e9rennit\u00e9 de son projet<\/em><\/li>\n<\/ol>\n<p><strong>Pr\u00e9sentation de l&#8217;intervenante: Sophie<\/strong><\/p>\n<p><strong>Son super pouvoir:<\/strong> Capacit\u00e9 d&#8217;\u00e9coute hors pair \/ Materner vers la sobri\u00e9t\u00e9<\/p>\n<p><strong>Son petit mot:<\/strong> Dare to dare ! Les femmes sont le futur de l&#8217;\u00e9cologie<\/p>\n","protected":false},"featured_media":269998,"template":"","format":"standard","meta":{"_acf_changed":false,"om_disable_all_campaigns":false,"_uf_show_specific_survey":0,"_uf_disable_surveys":false},"product_brand":[],"product_cat":[121],"product_tag":[143],"lieu":[125],"thematiques":[],"class_list":{"0":"post-270114","1":"product","2":"type-product","3":"status-publish","4":"format-standard","5":"has-post-thumbnail","7":"product_cat-coaching","8":"product_tag-en-ligne","9":"lieu-en-ligne","11":"first","12":"instock","13":"virtual","14":"purchasable","15":"product-type-appointment"},"exclude_global_add_ons":[],"addons":[],"acf":[],"yoast_head":"<!-- This site is optimized with the Yoast SEO plugin v24.8 - https:\/\/yoast.com\/wordpress\/plugins\/seo\/ -->\n<title>Coaching - Viabilit\u00e9 \u00e9conomique<\/title>\n<meta name=\"robots\" content=\"index, follow, max-snippet:-1, max-image-preview:large, max-video-preview:-1\" \/>\n<link rel=\"canonical\" href=\"https:\/\/empow-her.com\/produit\/viabilite-economique-3\/\" \/>\n<meta property=\"og:locale\" content=\"en_US\" \/>\n<meta property=\"og:type\" content=\"article\" \/>\n<meta property=\"og:title\" content=\"Coaching - Viabilit\u00e9 \u00e9conomique\" \/>\n<meta property=\"og:description\" content=\"Coaching - Travailler la viabilit\u00e9 \u00e9conomique de son projet  Vous avez imagin\u00e9 une premi\u00e8re offre et identifi\u00e9 vos premier\u00b7es client\u00b7es et b\u00e9n\u00e9ficiaires, mais vous avez du mal \u00e0 structurer la viabilit\u00e9 de votre projet ? Quels seront les co\u00fbts principaux ? Comment fixer un prix juste pour vous r\u00e9mun\u00e9rer et couvrir vos frais ?   Lors de cette session de coaching, nous explorerons ensemble des raisonnements et outils simples pour vous aider \u00e0 r\u00e9pondre \u00e0 ces questions. Vous repartirez avec des pistes concr\u00e8tes pour d\u00e9velopper votre activit\u00e9, des outils adapt\u00e9s \u00e0 votre projet ou une feuille de route pr\u00eate \u00e0 l\u2019emploi.   Ce que nous pourrons aborder   Identification des co\u00fbts principaux et structuration financi\u00e8re: comprendre les diff\u00e9rentes d\u00e9penses li\u00e9es \u00e0 votre projet et apprendre \u00e0 les organiser pour assurer sa p\u00e9rennit\u00e9.  D\u00e9finition d\u2019un prix adapt\u00e9 \u00e0 votre offre et \u00e0 votre march\u00e9: apprendre \u00e0 fixer un tarif coh\u00e9rent en fonction de vos co\u00fbts, de la valeur per\u00e7ue et des attentes de votre cible.  Outils et m\u00e9thodes pour am\u00e9liorer la viabilit\u00e9 \u00e9conomique: explorer des m\u00e9thodes simples pour rendre votre activit\u00e9 plus durable financi\u00e8rement.  \u00a0Construction d\u2019une feuille de route pour consolider votre mod\u00e8le: d\u00e9finir les prochaines \u00e9tapes pour tester et ajuster votre mod\u00e8le \u00e9conomique.  &nbsp;   Pr\u00e9-requis   Avoir une premi\u00e8re offre ou une id\u00e9e de service\/produit  Avoir identifi\u00e9 des client\u00b7es ou b\u00e9n\u00e9ficiaires potentiels  \u00catre pr\u00eat\u00b7e \u00e0 explorer des strat\u00e9gies pour assurer la p\u00e9rennit\u00e9 de son projet  Pr\u00e9sentation de l&#039;intervenante: Sophie  Son super pouvoir: Capacit\u00e9 d&#039;\u00e9coute hors pair \/ Materner vers la sobri\u00e9t\u00e9  Son petit mot: Dare to dare ! Les femmes sont le futur de l&#039;\u00e9cologie\" \/>\n<meta property=\"og:url\" content=\"https:\/\/empow-her.com\/produit\/viabilite-economique-3\/\" \/>\n<meta property=\"og:site_name\" content=\"Empow&#039;Her\" \/>\n<meta property=\"article:modified_time\" content=\"2025-10-08T12:52:22+00:00\" \/>\n<meta property=\"og:image\" content=\"https:\/\/empow-her.com\/wp-content\/uploads\/2025\/10\/Coaching.png\" \/>\n\t<meta property=\"og:image:width\" content=\"1080\" \/>\n\t<meta property=\"og:image:height\" content=\"1080\" \/>\n\t<meta property=\"og:image:type\" content=\"image\/png\" \/>\n<meta name=\"twitter:card\" content=\"summary_large_image\" \/>\n<meta name=\"twitter:label1\" content=\"Est. reading time\" \/>\n\t<meta name=\"twitter:data1\" content=\"2 minutes\" \/>\n<script type=\"application\/ld+json\" class=\"yoast-schema-graph\">{\"@context\":\"https:\/\/schema.org\",\"@graph\":[{\"@type\":\"WebPage\",\"@id\":\"https:\/\/empow-her.com\/produit\/viabilite-economique-3\/\",\"url\":\"https:\/\/empow-her.com\/produit\/viabilite-economique-3\/\",\"name\":\"Coaching - Viabilit\u00e9 \u00e9conomique\",\"isPartOf\":{\"@id\":\"https:\/\/empow-her.com\/#website\"},\"primaryImageOfPage\":{\"@id\":\"https:\/\/empow-her.com\/produit\/viabilite-economique-3\/#primaryimage\"},\"image\":{\"@id\":\"https:\/\/empow-her.com\/produit\/viabilite-economique-3\/#primaryimage\"},\"thumbnailUrl\":\"https:\/\/empow-her.com\/wp-content\/uploads\/2025\/10\/Coaching.png\",\"datePublished\":\"2025-10-08T12:49:47+00:00\",\"dateModified\":\"2025-10-08T12:52:22+00:00\",\"breadcrumb\":{\"@id\":\"https:\/\/empow-her.com\/produit\/viabilite-economique-3\/#breadcrumb\"},\"inLanguage\":\"en-US\",\"potentialAction\":[{\"@type\":\"ReadAction\",\"target\":[\"https:\/\/empow-her.com\/produit\/viabilite-economique-3\/\"]}]},{\"@type\":\"ImageObject\",\"inLanguage\":\"en-US\",\"@id\":\"https:\/\/empow-her.com\/produit\/viabilite-economique-3\/#primaryimage\",\"url\":\"https:\/\/empow-her.com\/wp-content\/uploads\/2025\/10\/Coaching.png\",\"contentUrl\":\"https:\/\/empow-her.com\/wp-content\/uploads\/2025\/10\/Coaching.png\",\"width\":1080,\"height\":1080},{\"@type\":\"BreadcrumbList\",\"@id\":\"https:\/\/empow-her.com\/produit\/viabilite-economique-3\/#breadcrumb\",\"itemListElement\":[{\"@type\":\"ListItem\",\"position\":1,\"name\":\"Accueil\",\"item\":\"https:\/\/empow-her.com\/en\/landing-page\/\"},{\"@type\":\"ListItem\",\"position\":2,\"name\":\"LA BOUTIQUE\",\"item\":\"https:\/\/empow-her.com\/boutique\/\"},{\"@type\":\"ListItem\",\"position\":3,\"name\":\"Viabilit\u00e9 \u00e9conomique\"}]},{\"@type\":\"WebSite\",\"@id\":\"https:\/\/empow-her.com\/#website\",\"url\":\"https:\/\/empow-her.com\/\",\"name\":\"Empow&#039;Her\",\"description\":\"Women Development\",\"potentialAction\":[{\"@type\":\"SearchAction\",\"target\":{\"@type\":\"EntryPoint\",\"urlTemplate\":\"https:\/\/empow-her.com\/?s={search_term_string}\"},\"query-input\":{\"@type\":\"PropertyValueSpecification\",\"valueRequired\":true,\"valueName\":\"search_term_string\"}}],\"inLanguage\":\"en-US\"}]}<\/script>\n<!-- \/ Yoast SEO plugin. -->","yoast_head_json":{"title":"Coaching - Viabilit\u00e9 \u00e9conomique","robots":{"index":"index","follow":"follow","max-snippet":"max-snippet:-1","max-image-preview":"max-image-preview:large","max-video-preview":"max-video-preview:-1"},"canonical":"https:\/\/empow-her.com\/produit\/viabilite-economique-3\/","og_locale":"en_US","og_type":"article","og_title":"Coaching - Viabilit\u00e9 \u00e9conomique","og_description":"Coaching - Travailler la viabilit\u00e9 \u00e9conomique de son projet  Vous avez imagin\u00e9 une premi\u00e8re offre et identifi\u00e9 vos premier\u00b7es client\u00b7es et b\u00e9n\u00e9ficiaires, mais vous avez du mal \u00e0 structurer la viabilit\u00e9 de votre projet ? Quels seront les co\u00fbts principaux ? Comment fixer un prix juste pour vous r\u00e9mun\u00e9rer et couvrir vos frais ?   Lors de cette session de coaching, nous explorerons ensemble des raisonnements et outils simples pour vous aider \u00e0 r\u00e9pondre \u00e0 ces questions. Vous repartirez avec des pistes concr\u00e8tes pour d\u00e9velopper votre activit\u00e9, des outils adapt\u00e9s \u00e0 votre projet ou une feuille de route pr\u00eate \u00e0 l\u2019emploi.   Ce que nous pourrons aborder   Identification des co\u00fbts principaux et structuration financi\u00e8re: comprendre les diff\u00e9rentes d\u00e9penses li\u00e9es \u00e0 votre projet et apprendre \u00e0 les organiser pour assurer sa p\u00e9rennit\u00e9.  D\u00e9finition d\u2019un prix adapt\u00e9 \u00e0 votre offre et \u00e0 votre march\u00e9: apprendre \u00e0 fixer un tarif coh\u00e9rent en fonction de vos co\u00fbts, de la valeur per\u00e7ue et des attentes de votre cible.  Outils et m\u00e9thodes pour am\u00e9liorer la viabilit\u00e9 \u00e9conomique: explorer des m\u00e9thodes simples pour rendre votre activit\u00e9 plus durable financi\u00e8rement.  \u00a0Construction d\u2019une feuille de route pour consolider votre mod\u00e8le: d\u00e9finir les prochaines \u00e9tapes pour tester et ajuster votre mod\u00e8le \u00e9conomique.  &nbsp;   Pr\u00e9-requis   Avoir une premi\u00e8re offre ou une id\u00e9e de service\/produit  Avoir identifi\u00e9 des client\u00b7es ou b\u00e9n\u00e9ficiaires potentiels  \u00catre pr\u00eat\u00b7e \u00e0 explorer des strat\u00e9gies pour assurer la p\u00e9rennit\u00e9 de son projet  Pr\u00e9sentation de l'intervenante: Sophie  Son super pouvoir: Capacit\u00e9 d'\u00e9coute hors pair \/ Materner vers la sobri\u00e9t\u00e9  Son petit mot: Dare to dare ! Les femmes sont le futur de l'\u00e9cologie","og_url":"https:\/\/empow-her.com\/produit\/viabilite-economique-3\/","og_site_name":"Empow&#039;Her","article_modified_time":"2025-10-08T12:52:22+00:00","og_image":[{"width":1080,"height":1080,"url":"https:\/\/empow-her.com\/wp-content\/uploads\/2025\/10\/Coaching.png","type":"image\/png"}],"twitter_card":"summary_large_image","twitter_misc":{"Est. reading time":"2 minutes"},"schema":{"@context":"https:\/\/schema.org","@graph":[{"@type":"WebPage","@id":"https:\/\/empow-her.com\/produit\/viabilite-economique-3\/","url":"https:\/\/empow-her.com\/produit\/viabilite-economique-3\/","name":"Coaching - Viabilit\u00e9 \u00e9conomique","isPartOf":{"@id":"https:\/\/empow-her.com\/#website"},"primaryImageOfPage":{"@id":"https:\/\/empow-her.com\/produit\/viabilite-economique-3\/#primaryimage"},"image":{"@id":"https:\/\/empow-her.com\/produit\/viabilite-economique-3\/#primaryimage"},"thumbnailUrl":"https:\/\/empow-her.com\/wp-content\/uploads\/2025\/10\/Coaching.png","datePublished":"2025-10-08T12:49:47+00:00","dateModified":"2025-10-08T12:52:22+00:00","breadcrumb":{"@id":"https:\/\/empow-her.com\/produit\/viabilite-economique-3\/#breadcrumb"},"inLanguage":"en-US","potentialAction":[{"@type":"ReadAction","target":["https:\/\/empow-her.com\/produit\/viabilite-economique-3\/"]}]},{"@type":"ImageObject","inLanguage":"en-US","@id":"https:\/\/empow-her.com\/produit\/viabilite-economique-3\/#primaryimage","url":"https:\/\/empow-her.com\/wp-content\/uploads\/2025\/10\/Coaching.png","contentUrl":"https:\/\/empow-her.com\/wp-content\/uploads\/2025\/10\/Coaching.png","width":1080,"height":1080},{"@type":"BreadcrumbList","@id":"https:\/\/empow-her.com\/produit\/viabilite-economique-3\/#breadcrumb","itemListElement":[{"@type":"ListItem","position":1,"name":"Accueil","item":"https:\/\/empow-her.com\/en\/landing-page\/"},{"@type":"ListItem","position":2,"name":"LA BOUTIQUE","item":"https:\/\/empow-her.com\/boutique\/"},{"@type":"ListItem","position":3,"name":"Viabilit\u00e9 \u00e9conomique"}]},{"@type":"WebSite","@id":"https:\/\/empow-her.com\/#website","url":"https:\/\/empow-her.com\/","name":"Empow&#039;Her","description":"Women Development","potentialAction":[{"@type":"SearchAction","target":{"@type":"EntryPoint","urlTemplate":"https:\/\/empow-her.com\/?s={search_term_string}"},"query-input":{"@type":"PropertyValueSpecification","valueRequired":true,"valueName":"search_term_string"}}],"inLanguage":"en-US"}]}},"_links":{"self":[{"href":"https:\/\/empow-her.com\/en\/wp-json\/wp\/v2\/product\/270114","targetHints":{"allow":["GET"]}}],"collection":[{"href":"https:\/\/empow-her.com\/en\/wp-json\/wp\/v2\/product"}],"about":[{"href":"https:\/\/empow-her.com\/en\/wp-json\/wp\/v2\/types\/product"}],"wp:featuredmedia":[{"embeddable":true,"href":"https:\/\/empow-her.com\/en\/wp-json\/wp\/v2\/media\/269998"}],"wp:attachment":[{"href":"https:\/\/empow-her.com\/en\/wp-json\/wp\/v2\/media?parent=270114"}],"wp:term":[{"taxonomy":"product_brand","embeddable":true,"href":"https:\/\/empow-her.com\/en\/wp-json\/wp\/v2\/product_brand?post=270114"},{"taxonomy":"product_cat","embeddable":true,"href":"https:\/\/empow-her.com\/en\/wp-json\/wp\/v2\/product_cat?post=270114"},{"taxonomy":"product_tag","embeddable":true,"href":"https:\/\/empow-her.com\/en\/wp-json\/wp\/v2\/product_tag?post=270114"},{"taxonomy":"lieu","embeddable":true,"href":"https:\/\/empow-her.com\/en\/wp-json\/wp\/v2\/lieu?post=270114"},{"taxonomy":"thematiques","embeddable":true,"href":"https:\/\/empow-her.com\/en\/wp-json\/wp\/v2\/thematiques?post=270114"}],"curies":[{"name":"wp","href":"https:\/\/api.w.org\/{rel}","templated":true}]}}