{"id":270100,"date":"2025-10-08T12:37:06","date_gmt":"2025-10-08T10:37:06","guid":{"rendered":"https:\/\/empow-her.com\/?post_type=product&#038;p=270100"},"modified":"2025-10-08T12:39:37","modified_gmt":"2025-10-08T10:39:37","slug":"confiance-en-soi-et-legitimite-4","status":"publish","type":"product","link":"https:\/\/empow-her.com\/en\/produit\/confiance-en-soi-et-legitimite-4\/","title":{"rendered":"Confiance en soi et l\u00e9gitimit\u00e9"},"content":{"rendered":"<p><span data-sheets-root=\"1\"><strong> 1h de coaching pour surmonter vos croyances limitantes<\/strong><\/span><\/p>\n<p><em>Vous vous sentez frein\u00e9e par des croyances limitantes ? Une petite voix int\u00e9rieure vous fait parfois douter de la viabilit\u00e9 de votre projet ou de votre capacit\u00e9 \u00e0 le porter. La crainte de ne pas \u00eatre \u00e0 la hauteur, la peur du jugement des autres ou une auto-critique excessive peuvent brouiller votre vision et alourdir votre \u00e9nergie d\u2019entrepreneuse. Ce coaching a pour objectif de vous aider \u00e0 vous reconnecter \u00e0 votre pleine puissance int\u00e9rieure et \u00e0 vos r\u00e9ussites pass\u00e9es.<\/em><\/p>\n<p><strong>Ce que nous pouvons aborder :<\/strong><\/p>\n<ul>\n<li><strong>Identifier vos croyances limitantes :<\/strong> Comprendre les sources de ces doutes pour mieux les appr\u00e9hender et les d\u00e9passer.<\/li>\n<li><strong>Reconnecter avec vos r\u00e9ussites :<\/strong> Rappeler vos succ\u00e8s pass\u00e9s pour renforcer votre confiance en vous et valoriser vos comp\u00e9tences.<\/li>\n<li><strong>D\u00e9velopper une d\u00e9marche positive :<\/strong> Adopter des techniques pour transformer vos pens\u00e9es n\u00e9gatives en affirmations positives et motivantes.<\/li>\n<li><strong>\u00c9tablir des objectifs r\u00e9alistes et observables :<\/strong> Travailler ensemble pour d\u00e9finir des objectifs clairs et atteignables qui vous permettront de progresser sereinement.<\/li>\n<\/ul>\n<p><em>Une heure pour lib\u00e9rer votre potentiel et dynamiser votre parcours entrepreneurial ! <\/em><\/p>\n<p><strong>Pr\u00e9sentation de l&#8217;intervenante: Laure<\/strong><\/p>\n<p><span data-sheets-root=\"1\">Apr\u00e8s un parcours professionnel dans le monde du livre, je suis attentive aux histoires et aux mots. Aujourd\u2019hui coach, j\u2019aime mettre en lumi\u00e8re les &#8220;p\u00e9pites&#8221; oubli\u00e9es des personnes que j\u2019accompagne, cela pour soutenir le changement qu\u2019elles souhaitent mettre en place dans leurs vies. Que je sois en entreprise, en associatif ou aupr\u00e8s de particuliers, j\u2019aime questionner, \u00e9couter, observer les personnes que j\u2019accompagne, pour faire \u00e9merger ce qu\u2019il y a de pr\u00e9cieux et d\u2019unique chez elles ; et qu\u2019\u00e0 leur tour, elles le mettent \u00e0 profit dans leurs vies, leurs m\u00e9tiers et leurs environnements.<\/span><\/p>\n<p><strong>Son super pouvoir:<\/strong> Attentive, Accueillante, A l&#8217;\u00e9coute !<\/p>\n<p><strong>Son petit mot:<\/strong> Bravo ! Et comme personne ne l&#8217;a mieux r\u00e9sum\u00e9 qu&#8217;Oscar Wilde, je le cite : &#8220;Soyez vous-m\u00eame, les autres sont d\u00e9j\u00e0 pris !&#8221;<\/p>\n","protected":false},"excerpt":{"rendered":"<p>&nbsp;<\/p>\n<p><span data-sheets-root=\"1\"><strong> 1h de coaching pour surmonter vos croyances limitantes<\/strong><\/span><\/p>\n<p><em>Vous vous sentez frein\u00e9e par des croyances limitantes ? Une petite voix int\u00e9rieure vous fait parfois douter de la viabilit\u00e9 de votre projet ou de votre capacit\u00e9 \u00e0 le porter. La crainte de ne pas \u00eatre \u00e0 la hauteur, la peur du jugement des autres ou une auto-critique excessive peuvent brouiller votre vision et alourdir votre \u00e9nergie d\u2019entrepreneuse. Ce coaching a pour objectif de vous aider \u00e0 vous reconnecter \u00e0 votre pleine puissance int\u00e9rieure et \u00e0 vos r\u00e9ussites pass\u00e9es.<\/em><\/p>\n<p><strong>Ce que nous pouvons aborder :<\/strong><\/p>\n<ul>\n<li><strong>Identifier vos croyances limitantes :<\/strong> Comprendre les sources de ces doutes pour mieux les appr\u00e9hender et les d\u00e9passer.<\/li>\n<li><strong>Reconnecter avec vos r\u00e9ussites :<\/strong> Rappeler vos succ\u00e8s pass\u00e9s pour renforcer votre confiance en vous et valoriser vos comp\u00e9tences.<\/li>\n<li><strong>D\u00e9velopper une d\u00e9marche positive :<\/strong> Adopter des techniques pour transformer vos pens\u00e9es n\u00e9gatives en affirmations positives et motivantes.<\/li>\n<li><strong>\u00c9tablir des objectifs r\u00e9alistes et observables :<\/strong> Travailler ensemble pour d\u00e9finir des objectifs clairs et atteignables qui vous permettront de progresser sereinement.<\/li>\n<\/ul>\n<p><em>Une heure pour lib\u00e9rer votre potentiel et dynamiser votre parcours entrepreneurial ! <\/em><\/p>\n<p><strong>Pr\u00e9sentation de l&#8217;intervenante: Laure<\/strong><\/p>\n<p><span data-sheets-root=\"1\">Apr\u00e8s un parcours professionnel dans le monde du livre, je suis attentive aux histoires et aux mots. Aujourd\u2019hui coach, j\u2019aime mettre en lumi\u00e8re les &#8220;p\u00e9pites&#8221; oubli\u00e9es des personnes que j\u2019accompagne, cela pour soutenir le changement qu\u2019elles souhaitent mettre en place dans leurs vies. Que je sois en entreprise, en associatif ou aupr\u00e8s de particuliers, j\u2019aime questionner, \u00e9couter, observer les personnes que j\u2019accompagne, pour faire \u00e9merger ce qu\u2019il y a de pr\u00e9cieux et d\u2019unique chez elles ; et qu\u2019\u00e0 leur tour, elles le mettent \u00e0 profit dans leurs vies, leurs m\u00e9tiers et leurs environnements.<\/span><\/p>\n<p><strong>Son super pouvoir:<\/strong> Attentive, Accueillante, A l&#8217;\u00e9coute !<\/p>\n<p><strong>Son petit mot:<\/strong> Bravo ! Et comme personne ne l&#8217;a mieux r\u00e9sum\u00e9 qu&#8217;Oscar Wilde, je le cite : &#8220;Soyez vous-m\u00eame, les autres sont d\u00e9j\u00e0 pris !&#8221;<\/p>\n","protected":false},"featured_media":269998,"template":"","format":"standard","meta":{"_acf_changed":false,"om_disable_all_campaigns":false,"_uf_show_specific_survey":0,"_uf_disable_surveys":false},"product_brand":[],"product_cat":[121],"product_tag":[143],"lieu":[125],"thematiques":[],"class_list":{"0":"post-270100","1":"product","2":"type-product","3":"status-publish","4":"format-standard","5":"has-post-thumbnail","7":"product_cat-coaching","8":"product_tag-en-ligne","9":"lieu-en-ligne","11":"first","12":"instock","13":"virtual","14":"purchasable","15":"product-type-appointment"},"exclude_global_add_ons":[],"addons":[],"acf":[],"yoast_head":"<!-- This site is optimized with the Yoast SEO plugin v24.8 - https:\/\/yoast.com\/wordpress\/plugins\/seo\/ -->\n<title>Coaching - Confiance en soi et l\u00e9gitimit\u00e9<\/title>\n<meta name=\"robots\" content=\"index, follow, max-snippet:-1, max-image-preview:large, max-video-preview:-1\" \/>\n<link rel=\"canonical\" href=\"https:\/\/empow-her.com\/produit\/confiance-en-soi-et-legitimite-4\/\" \/>\n<meta property=\"og:locale\" content=\"en_US\" \/>\n<meta property=\"og:type\" content=\"article\" \/>\n<meta property=\"og:title\" content=\"Coaching - Confiance en soi et l\u00e9gitimit\u00e9\" \/>\n<meta property=\"og:description\" content=\"&nbsp;   1h de coaching pour surmonter vos croyances limitantes  Vous vous sentez frein\u00e9e par des croyances limitantes ? Une petite voix int\u00e9rieure vous fait parfois douter de la viabilit\u00e9 de votre projet ou de votre capacit\u00e9 \u00e0 le porter. La crainte de ne pas \u00eatre \u00e0 la hauteur, la peur du jugement des autres ou une auto-critique excessive peuvent brouiller votre vision et alourdir votre \u00e9nergie d\u2019entrepreneuse. Ce coaching a pour objectif de vous aider \u00e0 vous reconnecter \u00e0 votre pleine puissance int\u00e9rieure et \u00e0 vos r\u00e9ussites pass\u00e9es.  Ce que nous pouvons aborder :   Identifier vos croyances limitantes : Comprendre les sources de ces doutes pour mieux les appr\u00e9hender et les d\u00e9passer.  Reconnecter avec vos r\u00e9ussites : Rappeler vos succ\u00e8s pass\u00e9s pour renforcer votre confiance en vous et valoriser vos comp\u00e9tences.  D\u00e9velopper une d\u00e9marche positive : Adopter des techniques pour transformer vos pens\u00e9es n\u00e9gatives en affirmations positives et motivantes.  \u00c9tablir des objectifs r\u00e9alistes et observables : Travailler ensemble pour d\u00e9finir des objectifs clairs et atteignables qui vous permettront de progresser sereinement.  Une heure pour lib\u00e9rer votre potentiel et dynamiser votre parcours entrepreneurial !   Pr\u00e9sentation de l&#039;intervenante: Laure  Apr\u00e8s un parcours professionnel dans le monde du livre, je suis attentive aux histoires et aux mots. Aujourd\u2019hui coach, j\u2019aime mettre en lumi\u00e8re les &quot;p\u00e9pites&quot; oubli\u00e9es des personnes que j\u2019accompagne, cela pour soutenir le changement qu\u2019elles souhaitent mettre en place dans leurs vies. Que je sois en entreprise, en associatif ou aupr\u00e8s de particuliers, j\u2019aime questionner, \u00e9couter, observer les personnes que j\u2019accompagne, pour faire \u00e9merger ce qu\u2019il y a de pr\u00e9cieux et d\u2019unique chez elles ; et qu\u2019\u00e0 leur tour, elles le mettent \u00e0 profit dans leurs vies, leurs m\u00e9tiers et leurs environnements.  Son super pouvoir: Attentive, Accueillante, A l&#039;\u00e9coute !  Son petit mot: Bravo ! Et comme personne ne l&#039;a mieux r\u00e9sum\u00e9 qu&#039;Oscar Wilde, je le cite : &quot;Soyez vous-m\u00eame, les autres sont d\u00e9j\u00e0 pris !&quot;\" \/>\n<meta property=\"og:url\" content=\"https:\/\/empow-her.com\/produit\/confiance-en-soi-et-legitimite-4\/\" \/>\n<meta property=\"og:site_name\" content=\"Empow&#039;Her\" \/>\n<meta property=\"article:modified_time\" content=\"2025-10-08T10:39:37+00:00\" \/>\n<meta property=\"og:image\" content=\"https:\/\/empow-her.com\/wp-content\/uploads\/2025\/10\/Coaching.png\" \/>\n\t<meta property=\"og:image:width\" content=\"1080\" \/>\n\t<meta property=\"og:image:height\" content=\"1080\" \/>\n\t<meta property=\"og:image:type\" content=\"image\/png\" \/>\n<meta name=\"twitter:card\" content=\"summary_large_image\" \/>\n<meta name=\"twitter:label1\" content=\"Est. reading time\" \/>\n\t<meta name=\"twitter:data1\" content=\"2 minutes\" \/>\n<script type=\"application\/ld+json\" class=\"yoast-schema-graph\">{\"@context\":\"https:\/\/schema.org\",\"@graph\":[{\"@type\":\"WebPage\",\"@id\":\"https:\/\/empow-her.com\/produit\/confiance-en-soi-et-legitimite-4\/\",\"url\":\"https:\/\/empow-her.com\/produit\/confiance-en-soi-et-legitimite-4\/\",\"name\":\"Coaching - Confiance en soi et l\u00e9gitimit\u00e9\",\"isPartOf\":{\"@id\":\"https:\/\/empow-her.com\/#website\"},\"primaryImageOfPage\":{\"@id\":\"https:\/\/empow-her.com\/produit\/confiance-en-soi-et-legitimite-4\/#primaryimage\"},\"image\":{\"@id\":\"https:\/\/empow-her.com\/produit\/confiance-en-soi-et-legitimite-4\/#primaryimage\"},\"thumbnailUrl\":\"https:\/\/empow-her.com\/wp-content\/uploads\/2025\/10\/Coaching.png\",\"datePublished\":\"2025-10-08T10:37:06+00:00\",\"dateModified\":\"2025-10-08T10:39:37+00:00\",\"breadcrumb\":{\"@id\":\"https:\/\/empow-her.com\/produit\/confiance-en-soi-et-legitimite-4\/#breadcrumb\"},\"inLanguage\":\"en-US\",\"potentialAction\":[{\"@type\":\"ReadAction\",\"target\":[\"https:\/\/empow-her.com\/produit\/confiance-en-soi-et-legitimite-4\/\"]}]},{\"@type\":\"ImageObject\",\"inLanguage\":\"en-US\",\"@id\":\"https:\/\/empow-her.com\/produit\/confiance-en-soi-et-legitimite-4\/#primaryimage\",\"url\":\"https:\/\/empow-her.com\/wp-content\/uploads\/2025\/10\/Coaching.png\",\"contentUrl\":\"https:\/\/empow-her.com\/wp-content\/uploads\/2025\/10\/Coaching.png\",\"width\":1080,\"height\":1080},{\"@type\":\"BreadcrumbList\",\"@id\":\"https:\/\/empow-her.com\/produit\/confiance-en-soi-et-legitimite-4\/#breadcrumb\",\"itemListElement\":[{\"@type\":\"ListItem\",\"position\":1,\"name\":\"Accueil\",\"item\":\"https:\/\/empow-her.com\/en\/landing-page\/\"},{\"@type\":\"ListItem\",\"position\":2,\"name\":\"LA BOUTIQUE\",\"item\":\"https:\/\/empow-her.com\/boutique\/\"},{\"@type\":\"ListItem\",\"position\":3,\"name\":\"Confiance en soi et l\u00e9gitimit\u00e9\"}]},{\"@type\":\"WebSite\",\"@id\":\"https:\/\/empow-her.com\/#website\",\"url\":\"https:\/\/empow-her.com\/\",\"name\":\"Empow&#039;Her\",\"description\":\"Women Development\",\"potentialAction\":[{\"@type\":\"SearchAction\",\"target\":{\"@type\":\"EntryPoint\",\"urlTemplate\":\"https:\/\/empow-her.com\/?s={search_term_string}\"},\"query-input\":{\"@type\":\"PropertyValueSpecification\",\"valueRequired\":true,\"valueName\":\"search_term_string\"}}],\"inLanguage\":\"en-US\"}]}<\/script>\n<!-- \/ Yoast SEO plugin. -->","yoast_head_json":{"title":"Coaching - Confiance en soi et l\u00e9gitimit\u00e9","robots":{"index":"index","follow":"follow","max-snippet":"max-snippet:-1","max-image-preview":"max-image-preview:large","max-video-preview":"max-video-preview:-1"},"canonical":"https:\/\/empow-her.com\/produit\/confiance-en-soi-et-legitimite-4\/","og_locale":"en_US","og_type":"article","og_title":"Coaching - Confiance en soi et l\u00e9gitimit\u00e9","og_description":"&nbsp;   1h de coaching pour surmonter vos croyances limitantes  Vous vous sentez frein\u00e9e par des croyances limitantes ? Une petite voix int\u00e9rieure vous fait parfois douter de la viabilit\u00e9 de votre projet ou de votre capacit\u00e9 \u00e0 le porter. La crainte de ne pas \u00eatre \u00e0 la hauteur, la peur du jugement des autres ou une auto-critique excessive peuvent brouiller votre vision et alourdir votre \u00e9nergie d\u2019entrepreneuse. Ce coaching a pour objectif de vous aider \u00e0 vous reconnecter \u00e0 votre pleine puissance int\u00e9rieure et \u00e0 vos r\u00e9ussites pass\u00e9es.  Ce que nous pouvons aborder :   Identifier vos croyances limitantes : Comprendre les sources de ces doutes pour mieux les appr\u00e9hender et les d\u00e9passer.  Reconnecter avec vos r\u00e9ussites : Rappeler vos succ\u00e8s pass\u00e9s pour renforcer votre confiance en vous et valoriser vos comp\u00e9tences.  D\u00e9velopper une d\u00e9marche positive : Adopter des techniques pour transformer vos pens\u00e9es n\u00e9gatives en affirmations positives et motivantes.  \u00c9tablir des objectifs r\u00e9alistes et observables : Travailler ensemble pour d\u00e9finir des objectifs clairs et atteignables qui vous permettront de progresser sereinement.  Une heure pour lib\u00e9rer votre potentiel et dynamiser votre parcours entrepreneurial !   Pr\u00e9sentation de l'intervenante: Laure  Apr\u00e8s un parcours professionnel dans le monde du livre, je suis attentive aux histoires et aux mots. Aujourd\u2019hui coach, j\u2019aime mettre en lumi\u00e8re les \"p\u00e9pites\" oubli\u00e9es des personnes que j\u2019accompagne, cela pour soutenir le changement qu\u2019elles souhaitent mettre en place dans leurs vies. Que je sois en entreprise, en associatif ou aupr\u00e8s de particuliers, j\u2019aime questionner, \u00e9couter, observer les personnes que j\u2019accompagne, pour faire \u00e9merger ce qu\u2019il y a de pr\u00e9cieux et d\u2019unique chez elles ; et qu\u2019\u00e0 leur tour, elles le mettent \u00e0 profit dans leurs vies, leurs m\u00e9tiers et leurs environnements.  Son super pouvoir: Attentive, Accueillante, A l'\u00e9coute !  Son petit mot: Bravo ! Et comme personne ne l'a mieux r\u00e9sum\u00e9 qu'Oscar Wilde, je le cite : \"Soyez vous-m\u00eame, les autres sont d\u00e9j\u00e0 pris !\"","og_url":"https:\/\/empow-her.com\/produit\/confiance-en-soi-et-legitimite-4\/","og_site_name":"Empow&#039;Her","article_modified_time":"2025-10-08T10:39:37+00:00","og_image":[{"width":1080,"height":1080,"url":"https:\/\/empow-her.com\/wp-content\/uploads\/2025\/10\/Coaching.png","type":"image\/png"}],"twitter_card":"summary_large_image","twitter_misc":{"Est. reading time":"2 minutes"},"schema":{"@context":"https:\/\/schema.org","@graph":[{"@type":"WebPage","@id":"https:\/\/empow-her.com\/produit\/confiance-en-soi-et-legitimite-4\/","url":"https:\/\/empow-her.com\/produit\/confiance-en-soi-et-legitimite-4\/","name":"Coaching - Confiance en soi et l\u00e9gitimit\u00e9","isPartOf":{"@id":"https:\/\/empow-her.com\/#website"},"primaryImageOfPage":{"@id":"https:\/\/empow-her.com\/produit\/confiance-en-soi-et-legitimite-4\/#primaryimage"},"image":{"@id":"https:\/\/empow-her.com\/produit\/confiance-en-soi-et-legitimite-4\/#primaryimage"},"thumbnailUrl":"https:\/\/empow-her.com\/wp-content\/uploads\/2025\/10\/Coaching.png","datePublished":"2025-10-08T10:37:06+00:00","dateModified":"2025-10-08T10:39:37+00:00","breadcrumb":{"@id":"https:\/\/empow-her.com\/produit\/confiance-en-soi-et-legitimite-4\/#breadcrumb"},"inLanguage":"en-US","potentialAction":[{"@type":"ReadAction","target":["https:\/\/empow-her.com\/produit\/confiance-en-soi-et-legitimite-4\/"]}]},{"@type":"ImageObject","inLanguage":"en-US","@id":"https:\/\/empow-her.com\/produit\/confiance-en-soi-et-legitimite-4\/#primaryimage","url":"https:\/\/empow-her.com\/wp-content\/uploads\/2025\/10\/Coaching.png","contentUrl":"https:\/\/empow-her.com\/wp-content\/uploads\/2025\/10\/Coaching.png","width":1080,"height":1080},{"@type":"BreadcrumbList","@id":"https:\/\/empow-her.com\/produit\/confiance-en-soi-et-legitimite-4\/#breadcrumb","itemListElement":[{"@type":"ListItem","position":1,"name":"Accueil","item":"https:\/\/empow-her.com\/en\/landing-page\/"},{"@type":"ListItem","position":2,"name":"LA BOUTIQUE","item":"https:\/\/empow-her.com\/boutique\/"},{"@type":"ListItem","position":3,"name":"Confiance en soi et l\u00e9gitimit\u00e9"}]},{"@type":"WebSite","@id":"https:\/\/empow-her.com\/#website","url":"https:\/\/empow-her.com\/","name":"Empow&#039;Her","description":"Women Development","potentialAction":[{"@type":"SearchAction","target":{"@type":"EntryPoint","urlTemplate":"https:\/\/empow-her.com\/?s={search_term_string}"},"query-input":{"@type":"PropertyValueSpecification","valueRequired":true,"valueName":"search_term_string"}}],"inLanguage":"en-US"}]}},"_links":{"self":[{"href":"https:\/\/empow-her.com\/en\/wp-json\/wp\/v2\/product\/270100","targetHints":{"allow":["GET"]}}],"collection":[{"href":"https:\/\/empow-her.com\/en\/wp-json\/wp\/v2\/product"}],"about":[{"href":"https:\/\/empow-her.com\/en\/wp-json\/wp\/v2\/types\/product"}],"wp:featuredmedia":[{"embeddable":true,"href":"https:\/\/empow-her.com\/en\/wp-json\/wp\/v2\/media\/269998"}],"wp:attachment":[{"href":"https:\/\/empow-her.com\/en\/wp-json\/wp\/v2\/media?parent=270100"}],"wp:term":[{"taxonomy":"product_brand","embeddable":true,"href":"https:\/\/empow-her.com\/en\/wp-json\/wp\/v2\/product_brand?post=270100"},{"taxonomy":"product_cat","embeddable":true,"href":"https:\/\/empow-her.com\/en\/wp-json\/wp\/v2\/product_cat?post=270100"},{"taxonomy":"product_tag","embeddable":true,"href":"https:\/\/empow-her.com\/en\/wp-json\/wp\/v2\/product_tag?post=270100"},{"taxonomy":"lieu","embeddable":true,"href":"https:\/\/empow-her.com\/en\/wp-json\/wp\/v2\/lieu?post=270100"},{"taxonomy":"thematiques","embeddable":true,"href":"https:\/\/empow-her.com\/en\/wp-json\/wp\/v2\/thematiques?post=270100"}],"curies":[{"name":"wp","href":"https:\/\/api.w.org\/{rel}","templated":true}]}}