{"id":270093,"date":"2025-10-08T12:13:58","date_gmt":"2025-10-08T10:13:58","guid":{"rendered":"https:\/\/empow-her.com\/?post_type=product&#038;p=270093"},"modified":"2025-10-08T12:15:37","modified_gmt":"2025-10-08T10:15:37","slug":"personae-parcours-utilisatrice-2","status":"publish","type":"product","link":"https:\/\/empow-her.com\/en\/produit\/personae-parcours-utilisatrice-2\/","title":{"rendered":"Personae &#038; parcours utilisatrice"},"content":{"rendered":"<p><span data-sheets-root=\"1\"><strong> Coaching &#8211; Travailler au cas par cas sur votre cible et votre parcours utilisatrice<\/strong><\/span><\/p>\n<p><em>Ce coaching individuel est con\u00e7u pour approfondir et personnaliser le travail effectu\u00e9 lors de l&#8217;atelier collectif sur votre cible et votre parcours utilisateur. Nous prendrons le temps de revenir sur les \u00e9l\u00e9ments sp\u00e9cifiques \u00e0 votre projet, en abordant votre cible de mani\u00e8re d\u00e9taill\u00e9e et en optimisant le parcours utilisateur. Que vous ayez particip\u00e9 \u00e0 l\u2019atelier collectif ou non, ce coaching est l\u2019occasion de recevoir un regard expert sur votre approche et des conseils adapt\u00e9s pour mieux structurer vos efforts.<\/em><\/p>\n<p><strong> Ce que nous pourrons explorer<\/strong><\/p>\n<ul>\n<li><span data-sheets-root=\"1\"><strong>Affiner votre ciblage :<\/strong> Nous d\u00e9terminerons ensemble les caract\u00e9ristiques cl\u00e9s de votre client\u00e8le cible, en allant plus loin que les hypoth\u00e8ses g\u00e9n\u00e9rales pour mieux comprendre leurs besoins et attentes sp\u00e9cifiques.<\/span><\/li>\n<li><span data-sheets-root=\"1\"><strong>Optimiser le parcours utilisateur :<\/strong> Nous retravaillerons le parcours de votre utilisateur de mani\u00e8re pratique, afin qu\u2019il soit fluide, coh\u00e9rent et engageant \u00e0 chaque \u00e9tape, de la d\u00e9couverte \u00e0 l\u2019adoption de votre produit ou service.<\/span><\/li>\n<li><span data-sheets-root=\"1\"><strong>Adapter votre strat\u00e9gie :<\/strong> Sur la base de nos \u00e9changes, vous repartirez avec des recommandations concr\u00e8tes pour ajuster votre strat\u00e9gie et maximiser l&#8217;impact de votre offre aupr\u00e8s de votre public cible.<\/span><\/li>\n<\/ul>\n<p><span data-sheets-root=\"1\"><br \/>\n<em><strong> Pr\u00e9-requis:\u00a0<\/strong><\/em>Avoir une id\u00e9e de projet ou avoir d\u00e9j\u00e0 particip\u00e9 \u00e0 l&#8217;atelier collectif &#8220;&#8221;Explorer son march\u00e9 et affiner son offre&#8221;&#8221; pour un travail personnalis\u00e9.&#8221;<\/span><\/p>\n<p><strong>Pr\u00e9sentation de l&#8217;intervenante: Laureline<\/strong><\/p>\n<p><span data-sheets-root=\"1\">Depuis plus de 10 ans je navigue dans le secteur cr\u00e9atif en tant qu&#8217;\u00e9ditrice, agente d&#8217;artistes, experte m\u00e9dia et storyteller en France, au Vietnam et au Canada. Il y a 2 ans, j&#8217;ai lanc\u00e9 mon entreprise pour allier mes comp\u00e9tences en storytelling \u00e0 mes engagements sociaux et environnementaux en accompagnant des ONG et structures \u00e0 impact dans leur mise en r\u00e9cit, leur strat\u00e9gie d&#8217;image et ainsi renforcer leur mise en lumi\u00e8re. En parall\u00e8le, je fais des recherches sur les nouveaux r\u00e9cits et j&#8217;ai cr\u00e9\u00e9 Mirage, le premier podcast d&#8217;enqu\u00eates sur le sujet.<\/span><\/p>\n<p><strong>Son super pouvoir:<\/strong> Cultivatrice d&#8217;optimisme (et je dialogue avec les oiseaux \u200d\u2b1b)<\/p>\n<p><strong>Son petit mot:<\/strong> L&#8217;entrepreneuriat n&#8217;est pas n\u00e9cessairement solitaire, au contraire ! Entourez-vous en rejoignant des collectifs, en choisissant des mentors et pourquoi pas en vous associant si besoin. La cl\u00e9, c&#8217;est le collectif pour challenger vos id\u00e9es et trouver du support \ud83d\ude42<\/p>\n","protected":false},"excerpt":{"rendered":"<p><span data-sheets-root=\"1\"><strong> Coaching &#8211; Travailler au cas par cas sur votre cible et votre parcours utilisatrice<\/strong><\/span><\/p>\n<p><em>Ce coaching individuel est con\u00e7u pour approfondir et personnaliser le travail effectu\u00e9 lors de l&#8217;atelier collectif sur votre cible et votre parcours utilisateur. Nous prendrons le temps de revenir sur les \u00e9l\u00e9ments sp\u00e9cifiques \u00e0 votre projet, en abordant votre cible de mani\u00e8re d\u00e9taill\u00e9e et en optimisant le parcours utilisateur. Que vous ayez particip\u00e9 \u00e0 l\u2019atelier collectif ou non, ce coaching est l\u2019occasion de recevoir un regard expert sur votre approche et des conseils adapt\u00e9s pour mieux structurer vos efforts.<\/em><\/p>\n<p><strong> Ce que nous pourrons explorer<\/strong><\/p>\n<ul>\n<li><span data-sheets-root=\"1\"><strong>Affiner votre ciblage :<\/strong> Nous d\u00e9terminerons ensemble les caract\u00e9ristiques cl\u00e9s de votre client\u00e8le cible, en allant plus loin que les hypoth\u00e8ses g\u00e9n\u00e9rales pour mieux comprendre leurs besoins et attentes sp\u00e9cifiques.<\/span><\/li>\n<li><span data-sheets-root=\"1\"><strong>Optimiser le parcours utilisateur :<\/strong> Nous retravaillerons le parcours de votre utilisateur de mani\u00e8re pratique, afin qu\u2019il soit fluide, coh\u00e9rent et engageant \u00e0 chaque \u00e9tape, de la d\u00e9couverte \u00e0 l\u2019adoption de votre produit ou service.<\/span><\/li>\n<li><span data-sheets-root=\"1\"><strong>Adapter votre strat\u00e9gie :<\/strong> Sur la base de nos \u00e9changes, vous repartirez avec des recommandations concr\u00e8tes pour ajuster votre strat\u00e9gie et maximiser l&#8217;impact de votre offre aupr\u00e8s de votre public cible.<\/span><\/li>\n<\/ul>\n<p><span data-sheets-root=\"1\"><br \/>\n<em><strong> Pr\u00e9-requis:\u00a0<\/strong><\/em>Avoir une id\u00e9e de projet ou avoir d\u00e9j\u00e0 particip\u00e9 \u00e0 l&#8217;atelier collectif &#8220;&#8221;Explorer son march\u00e9 et affiner son offre&#8221;&#8221; pour un travail personnalis\u00e9.&#8221;<\/span><\/p>\n<p><strong>Pr\u00e9sentation de l&#8217;intervenante: Laureline<\/strong><\/p>\n<p><span data-sheets-root=\"1\">Depuis plus de 10 ans je navigue dans le secteur cr\u00e9atif en tant qu&#8217;\u00e9ditrice, agente d&#8217;artistes, experte m\u00e9dia et storyteller en France, au Vietnam et au Canada. Il y a 2 ans, j&#8217;ai lanc\u00e9 mon entreprise pour allier mes comp\u00e9tences en storytelling \u00e0 mes engagements sociaux et environnementaux en accompagnant des ONG et structures \u00e0 impact dans leur mise en r\u00e9cit, leur strat\u00e9gie d&#8217;image et ainsi renforcer leur mise en lumi\u00e8re. En parall\u00e8le, je fais des recherches sur les nouveaux r\u00e9cits et j&#8217;ai cr\u00e9\u00e9 Mirage, le premier podcast d&#8217;enqu\u00eates sur le sujet.<\/span><\/p>\n<p><strong>Son super pouvoir:<\/strong> Cultivatrice d&#8217;optimisme (et je dialogue avec les oiseaux \u200d\u2b1b)<\/p>\n<p><strong>Son petit mot:<\/strong> L&#8217;entrepreneuriat n&#8217;est pas n\u00e9cessairement solitaire, au contraire ! Entourez-vous en rejoignant des collectifs, en choisissant des mentors et pourquoi pas en vous associant si besoin. La cl\u00e9, c&#8217;est le collectif pour challenger vos id\u00e9es et trouver du support \ud83d\ude42<\/p>\n","protected":false},"featured_media":269998,"template":"","format":"standard","meta":{"_acf_changed":false,"om_disable_all_campaigns":false,"_uf_show_specific_survey":0,"_uf_disable_surveys":false},"product_brand":[],"product_cat":[121],"product_tag":[143],"lieu":[125],"thematiques":[],"class_list":{"0":"post-270093","1":"product","2":"type-product","3":"status-publish","4":"format-standard","5":"has-post-thumbnail","7":"product_cat-coaching","8":"product_tag-en-ligne","9":"lieu-en-ligne","11":"first","12":"instock","13":"virtual","14":"purchasable","15":"product-type-appointment"},"exclude_global_add_ons":[],"addons":[],"acf":[],"yoast_head":"<!-- This site is optimized with the Yoast SEO plugin v24.8 - https:\/\/yoast.com\/wordpress\/plugins\/seo\/ -->\n<title>Coaching - Personae &amp; parcours utilisatrice<\/title>\n<meta name=\"robots\" content=\"index, follow, max-snippet:-1, max-image-preview:large, max-video-preview:-1\" \/>\n<link rel=\"canonical\" href=\"https:\/\/empow-her.com\/produit\/personae-parcours-utilisatrice-2\/\" \/>\n<meta property=\"og:locale\" content=\"en_US\" \/>\n<meta property=\"og:type\" content=\"article\" \/>\n<meta property=\"og:title\" content=\"Coaching - Personae &amp; parcours utilisatrice\" \/>\n<meta property=\"og:description\" content=\"Coaching - Travailler au cas par cas sur votre cible et votre parcours utilisatrice  Ce coaching individuel est con\u00e7u pour approfondir et personnaliser le travail effectu\u00e9 lors de l&#039;atelier collectif sur votre cible et votre parcours utilisateur. Nous prendrons le temps de revenir sur les \u00e9l\u00e9ments sp\u00e9cifiques \u00e0 votre projet, en abordant votre cible de mani\u00e8re d\u00e9taill\u00e9e et en optimisant le parcours utilisateur. Que vous ayez particip\u00e9 \u00e0 l\u2019atelier collectif ou non, ce coaching est l\u2019occasion de recevoir un regard expert sur votre approche et des conseils adapt\u00e9s pour mieux structurer vos efforts.   Ce que nous pourrons explorer   Affiner votre ciblage : Nous d\u00e9terminerons ensemble les caract\u00e9ristiques cl\u00e9s de votre client\u00e8le cible, en allant plus loin que les hypoth\u00e8ses g\u00e9n\u00e9rales pour mieux comprendre leurs besoins et attentes sp\u00e9cifiques.  Optimiser le parcours utilisateur : Nous retravaillerons le parcours de votre utilisateur de mani\u00e8re pratique, afin qu\u2019il soit fluide, coh\u00e9rent et engageant \u00e0 chaque \u00e9tape, de la d\u00e9couverte \u00e0 l\u2019adoption de votre produit ou service.  Adapter votre strat\u00e9gie : Sur la base de nos \u00e9changes, vous repartirez avec des recommandations concr\u00e8tes pour ajuster votre strat\u00e9gie et maximiser l&#039;impact de votre offre aupr\u00e8s de votre public cible.    Pr\u00e9-requis:\u00a0Avoir une id\u00e9e de projet ou avoir d\u00e9j\u00e0 particip\u00e9 \u00e0 l&#039;atelier collectif &quot;&quot;Explorer son march\u00e9 et affiner son offre&quot;&quot; pour un travail personnalis\u00e9.&quot;  Pr\u00e9sentation de l&#039;intervenante: Laureline  Depuis plus de 10 ans je navigue dans le secteur cr\u00e9atif en tant qu&#039;\u00e9ditrice, agente d&#039;artistes, experte m\u00e9dia et storyteller en France, au Vietnam et au Canada. Il y a 2 ans, j&#039;ai lanc\u00e9 mon entreprise pour allier mes comp\u00e9tences en storytelling \u00e0 mes engagements sociaux et environnementaux en accompagnant des ONG et structures \u00e0 impact dans leur mise en r\u00e9cit, leur strat\u00e9gie d&#039;image et ainsi renforcer leur mise en lumi\u00e8re. En parall\u00e8le, je fais des recherches sur les nouveaux r\u00e9cits et j&#039;ai cr\u00e9\u00e9 Mirage, le premier podcast d&#039;enqu\u00eates sur le sujet.  Son super pouvoir: Cultivatrice d&#039;optimisme (et je dialogue avec les oiseaux \u200d\u2b1b)  Son petit mot: L&#039;entrepreneuriat n&#039;est pas n\u00e9cessairement solitaire, au contraire ! Entourez-vous en rejoignant des collectifs, en choisissant des mentors et pourquoi pas en vous associant si besoin. La cl\u00e9, c&#039;est le collectif pour challenger vos id\u00e9es et trouver du support :)\" \/>\n<meta property=\"og:url\" content=\"https:\/\/empow-her.com\/produit\/personae-parcours-utilisatrice-2\/\" \/>\n<meta property=\"og:site_name\" content=\"Empow&#039;Her\" \/>\n<meta property=\"article:modified_time\" content=\"2025-10-08T10:15:37+00:00\" \/>\n<meta property=\"og:image\" content=\"https:\/\/empow-her.com\/wp-content\/uploads\/2025\/10\/Coaching.png\" \/>\n\t<meta property=\"og:image:width\" content=\"1080\" \/>\n\t<meta property=\"og:image:height\" content=\"1080\" \/>\n\t<meta property=\"og:image:type\" content=\"image\/png\" \/>\n<meta name=\"twitter:card\" content=\"summary_large_image\" \/>\n<meta name=\"twitter:label1\" content=\"Est. reading time\" \/>\n\t<meta name=\"twitter:data1\" content=\"3 minutes\" \/>\n<script type=\"application\/ld+json\" class=\"yoast-schema-graph\">{\"@context\":\"https:\/\/schema.org\",\"@graph\":[{\"@type\":\"WebPage\",\"@id\":\"https:\/\/empow-her.com\/produit\/personae-parcours-utilisatrice-2\/\",\"url\":\"https:\/\/empow-her.com\/produit\/personae-parcours-utilisatrice-2\/\",\"name\":\"Coaching - Personae & parcours utilisatrice\",\"isPartOf\":{\"@id\":\"https:\/\/empow-her.com\/#website\"},\"primaryImageOfPage\":{\"@id\":\"https:\/\/empow-her.com\/produit\/personae-parcours-utilisatrice-2\/#primaryimage\"},\"image\":{\"@id\":\"https:\/\/empow-her.com\/produit\/personae-parcours-utilisatrice-2\/#primaryimage\"},\"thumbnailUrl\":\"https:\/\/empow-her.com\/wp-content\/uploads\/2025\/10\/Coaching.png\",\"datePublished\":\"2025-10-08T10:13:58+00:00\",\"dateModified\":\"2025-10-08T10:15:37+00:00\",\"breadcrumb\":{\"@id\":\"https:\/\/empow-her.com\/produit\/personae-parcours-utilisatrice-2\/#breadcrumb\"},\"inLanguage\":\"en-US\",\"potentialAction\":[{\"@type\":\"ReadAction\",\"target\":[\"https:\/\/empow-her.com\/produit\/personae-parcours-utilisatrice-2\/\"]}]},{\"@type\":\"ImageObject\",\"inLanguage\":\"en-US\",\"@id\":\"https:\/\/empow-her.com\/produit\/personae-parcours-utilisatrice-2\/#primaryimage\",\"url\":\"https:\/\/empow-her.com\/wp-content\/uploads\/2025\/10\/Coaching.png\",\"contentUrl\":\"https:\/\/empow-her.com\/wp-content\/uploads\/2025\/10\/Coaching.png\",\"width\":1080,\"height\":1080},{\"@type\":\"BreadcrumbList\",\"@id\":\"https:\/\/empow-her.com\/produit\/personae-parcours-utilisatrice-2\/#breadcrumb\",\"itemListElement\":[{\"@type\":\"ListItem\",\"position\":1,\"name\":\"Accueil\",\"item\":\"https:\/\/empow-her.com\/en\/landing-page\/\"},{\"@type\":\"ListItem\",\"position\":2,\"name\":\"LA BOUTIQUE\",\"item\":\"https:\/\/empow-her.com\/boutique\/\"},{\"@type\":\"ListItem\",\"position\":3,\"name\":\"Personae &#038; parcours utilisatrice\"}]},{\"@type\":\"WebSite\",\"@id\":\"https:\/\/empow-her.com\/#website\",\"url\":\"https:\/\/empow-her.com\/\",\"name\":\"Empow&#039;Her\",\"description\":\"Women Development\",\"potentialAction\":[{\"@type\":\"SearchAction\",\"target\":{\"@type\":\"EntryPoint\",\"urlTemplate\":\"https:\/\/empow-her.com\/?s={search_term_string}\"},\"query-input\":{\"@type\":\"PropertyValueSpecification\",\"valueRequired\":true,\"valueName\":\"search_term_string\"}}],\"inLanguage\":\"en-US\"}]}<\/script>\n<!-- \/ Yoast SEO plugin. -->","yoast_head_json":{"title":"Coaching - Personae & parcours utilisatrice","robots":{"index":"index","follow":"follow","max-snippet":"max-snippet:-1","max-image-preview":"max-image-preview:large","max-video-preview":"max-video-preview:-1"},"canonical":"https:\/\/empow-her.com\/produit\/personae-parcours-utilisatrice-2\/","og_locale":"en_US","og_type":"article","og_title":"Coaching - Personae & parcours utilisatrice","og_description":"Coaching - Travailler au cas par cas sur votre cible et votre parcours utilisatrice  Ce coaching individuel est con\u00e7u pour approfondir et personnaliser le travail effectu\u00e9 lors de l'atelier collectif sur votre cible et votre parcours utilisateur. Nous prendrons le temps de revenir sur les \u00e9l\u00e9ments sp\u00e9cifiques \u00e0 votre projet, en abordant votre cible de mani\u00e8re d\u00e9taill\u00e9e et en optimisant le parcours utilisateur. Que vous ayez particip\u00e9 \u00e0 l\u2019atelier collectif ou non, ce coaching est l\u2019occasion de recevoir un regard expert sur votre approche et des conseils adapt\u00e9s pour mieux structurer vos efforts.   Ce que nous pourrons explorer   Affiner votre ciblage : Nous d\u00e9terminerons ensemble les caract\u00e9ristiques cl\u00e9s de votre client\u00e8le cible, en allant plus loin que les hypoth\u00e8ses g\u00e9n\u00e9rales pour mieux comprendre leurs besoins et attentes sp\u00e9cifiques.  Optimiser le parcours utilisateur : Nous retravaillerons le parcours de votre utilisateur de mani\u00e8re pratique, afin qu\u2019il soit fluide, coh\u00e9rent et engageant \u00e0 chaque \u00e9tape, de la d\u00e9couverte \u00e0 l\u2019adoption de votre produit ou service.  Adapter votre strat\u00e9gie : Sur la base de nos \u00e9changes, vous repartirez avec des recommandations concr\u00e8tes pour ajuster votre strat\u00e9gie et maximiser l'impact de votre offre aupr\u00e8s de votre public cible.    Pr\u00e9-requis:\u00a0Avoir une id\u00e9e de projet ou avoir d\u00e9j\u00e0 particip\u00e9 \u00e0 l'atelier collectif \"\"Explorer son march\u00e9 et affiner son offre\"\" pour un travail personnalis\u00e9.\"  Pr\u00e9sentation de l'intervenante: Laureline  Depuis plus de 10 ans je navigue dans le secteur cr\u00e9atif en tant qu'\u00e9ditrice, agente d'artistes, experte m\u00e9dia et storyteller en France, au Vietnam et au Canada. Il y a 2 ans, j'ai lanc\u00e9 mon entreprise pour allier mes comp\u00e9tences en storytelling \u00e0 mes engagements sociaux et environnementaux en accompagnant des ONG et structures \u00e0 impact dans leur mise en r\u00e9cit, leur strat\u00e9gie d'image et ainsi renforcer leur mise en lumi\u00e8re. En parall\u00e8le, je fais des recherches sur les nouveaux r\u00e9cits et j'ai cr\u00e9\u00e9 Mirage, le premier podcast d'enqu\u00eates sur le sujet.  Son super pouvoir: Cultivatrice d'optimisme (et je dialogue avec les oiseaux \u200d\u2b1b)  Son petit mot: L'entrepreneuriat n'est pas n\u00e9cessairement solitaire, au contraire ! Entourez-vous en rejoignant des collectifs, en choisissant des mentors et pourquoi pas en vous associant si besoin. La cl\u00e9, c'est le collectif pour challenger vos id\u00e9es et trouver du support :)","og_url":"https:\/\/empow-her.com\/produit\/personae-parcours-utilisatrice-2\/","og_site_name":"Empow&#039;Her","article_modified_time":"2025-10-08T10:15:37+00:00","og_image":[{"width":1080,"height":1080,"url":"https:\/\/empow-her.com\/wp-content\/uploads\/2025\/10\/Coaching.png","type":"image\/png"}],"twitter_card":"summary_large_image","twitter_misc":{"Est. reading time":"3 minutes"},"schema":{"@context":"https:\/\/schema.org","@graph":[{"@type":"WebPage","@id":"https:\/\/empow-her.com\/produit\/personae-parcours-utilisatrice-2\/","url":"https:\/\/empow-her.com\/produit\/personae-parcours-utilisatrice-2\/","name":"Coaching - Personae & parcours utilisatrice","isPartOf":{"@id":"https:\/\/empow-her.com\/#website"},"primaryImageOfPage":{"@id":"https:\/\/empow-her.com\/produit\/personae-parcours-utilisatrice-2\/#primaryimage"},"image":{"@id":"https:\/\/empow-her.com\/produit\/personae-parcours-utilisatrice-2\/#primaryimage"},"thumbnailUrl":"https:\/\/empow-her.com\/wp-content\/uploads\/2025\/10\/Coaching.png","datePublished":"2025-10-08T10:13:58+00:00","dateModified":"2025-10-08T10:15:37+00:00","breadcrumb":{"@id":"https:\/\/empow-her.com\/produit\/personae-parcours-utilisatrice-2\/#breadcrumb"},"inLanguage":"en-US","potentialAction":[{"@type":"ReadAction","target":["https:\/\/empow-her.com\/produit\/personae-parcours-utilisatrice-2\/"]}]},{"@type":"ImageObject","inLanguage":"en-US","@id":"https:\/\/empow-her.com\/produit\/personae-parcours-utilisatrice-2\/#primaryimage","url":"https:\/\/empow-her.com\/wp-content\/uploads\/2025\/10\/Coaching.png","contentUrl":"https:\/\/empow-her.com\/wp-content\/uploads\/2025\/10\/Coaching.png","width":1080,"height":1080},{"@type":"BreadcrumbList","@id":"https:\/\/empow-her.com\/produit\/personae-parcours-utilisatrice-2\/#breadcrumb","itemListElement":[{"@type":"ListItem","position":1,"name":"Accueil","item":"https:\/\/empow-her.com\/en\/landing-page\/"},{"@type":"ListItem","position":2,"name":"LA BOUTIQUE","item":"https:\/\/empow-her.com\/boutique\/"},{"@type":"ListItem","position":3,"name":"Personae &#038; parcours utilisatrice"}]},{"@type":"WebSite","@id":"https:\/\/empow-her.com\/#website","url":"https:\/\/empow-her.com\/","name":"Empow&#039;Her","description":"Women Development","potentialAction":[{"@type":"SearchAction","target":{"@type":"EntryPoint","urlTemplate":"https:\/\/empow-her.com\/?s={search_term_string}"},"query-input":{"@type":"PropertyValueSpecification","valueRequired":true,"valueName":"search_term_string"}}],"inLanguage":"en-US"}]}},"_links":{"self":[{"href":"https:\/\/empow-her.com\/en\/wp-json\/wp\/v2\/product\/270093","targetHints":{"allow":["GET"]}}],"collection":[{"href":"https:\/\/empow-her.com\/en\/wp-json\/wp\/v2\/product"}],"about":[{"href":"https:\/\/empow-her.com\/en\/wp-json\/wp\/v2\/types\/product"}],"wp:featuredmedia":[{"embeddable":true,"href":"https:\/\/empow-her.com\/en\/wp-json\/wp\/v2\/media\/269998"}],"wp:attachment":[{"href":"https:\/\/empow-her.com\/en\/wp-json\/wp\/v2\/media?parent=270093"}],"wp:term":[{"taxonomy":"product_brand","embeddable":true,"href":"https:\/\/empow-her.com\/en\/wp-json\/wp\/v2\/product_brand?post=270093"},{"taxonomy":"product_cat","embeddable":true,"href":"https:\/\/empow-her.com\/en\/wp-json\/wp\/v2\/product_cat?post=270093"},{"taxonomy":"product_tag","embeddable":true,"href":"https:\/\/empow-her.com\/en\/wp-json\/wp\/v2\/product_tag?post=270093"},{"taxonomy":"lieu","embeddable":true,"href":"https:\/\/empow-her.com\/en\/wp-json\/wp\/v2\/lieu?post=270093"},{"taxonomy":"thematiques","embeddable":true,"href":"https:\/\/empow-her.com\/en\/wp-json\/wp\/v2\/thematiques?post=270093"}],"curies":[{"name":"wp","href":"https:\/\/api.w.org\/{rel}","templated":true}]}}