{"id":269515,"date":"2025-09-02T11:13:53","date_gmt":"2025-09-02T09:13:53","guid":{"rendered":"https:\/\/empow-her.com\/?post_type=product&#038;p=269515"},"modified":"2025-09-02T11:20:28","modified_gmt":"2025-09-02T09:20:28","slug":"coaching-faire-emerger-une-idee-de-projet-4","status":"publish","type":"product","link":"https:\/\/empow-her.com\/en\/produit\/coaching-faire-emerger-une-idee-de-projet-4\/","title":{"rendered":"Coaching &#8211; Faire \u00e9merger une id\u00e9e de projet"},"content":{"rendered":"<p><span data-sheets-root=\"1\"><strong> 1h de coaching pour clarifier votre id\u00e9e et affiner votre vision entrepreneuriale<\/strong><\/span><\/p>\n<p>Vous avez une id\u00e9e de projet mais vous avez du mal \u00e0 la formuler clairement ? Vous cherchez \u00e0 mieux d\u00e9finir le probl\u00e8me auquel vous r\u00e9pondez et \u00e0 structurer votre d\u00e9marche ? Ce coaching vous accompagne pour poser les bases solides de votre projet en identifiant votre mission et votre vision entrepreneuriale.<\/p>\n<p><strong> Ce que nous pouvons aborder<\/strong><\/p>\n<p> Identifier les besoins et les probl\u00e8mes \u00e0 r\u00e9soudre : D\u00e9finir pr\u00e9cis\u00e9ment le point de douleur auquel votre projet r\u00e9pond et comprendre ses implications pour mieux structurer votre offre.<\/p>\n<p> Clarifier votre mission et votre vision : Mettre des mots sur l\u2019impact que vous souhaitez avoir, affiner votre positionnement et donner une direction claire \u00e0 votre projet.<\/p>\n<p> Structurer votre id\u00e9e pour la rendre actionnable : Transformer une intuition en un projet concret en identifiant les premiers leviers \u00e0 activer pour avancer avec confiance.<\/p>\n<p>Une heure pour gagner en clart\u00e9 et poser les bases solides de votre aventure entrepreneuriale ! <\/p>\n<p><strong>Hanae <\/strong><strong>Bossert :\u00a0<\/strong> Apr\u00e8s avoir travaill\u00e9 4 ans dans un incubateur et former des centaines de professionnelles, je suis aujourd&#8217;hui fondatrice du Collectif Minuit 10, une association qui vise \u00e0 accompagner les projets \u00e0 impact. Coach \u00e0 l&#8217;incubateur de Sciences-Po et form\u00e9e \u00e0 la facilitation, je suis ravie d&#8217;aider les entrepreneuses de Women Dare \u00e0 penser leur projet, valider leur id\u00e9e entrepreneuriale et se poser les bonnes questions au moment de se lancer.<\/p>\n<p><strong>Son petit mot\u00a0 :\u00a0<\/strong> D\u00e9j\u00e0 bravo d&#8217;\u00eatre l\u00e0, de vous lancer dans cette d\u00e9marche et de prendre le temps d&#8217;\u00eatre accompagn\u00e9e ! C&#8217;est tr\u00e8s pr\u00e9cieux. J&#8217;ai h\u00e2te de vous rencontrer, d\u00e9couvrir vos projets et vous aider \u00e0 construire une bonne communication \ud83d\ude42<strong><br \/>\n<\/strong><\/p>\n<p><strong>Son super pouvoir : <\/strong>Je sais me brosser les dents et mettre mes chaussures en m\u00eame temps<\/p>\n<p><strong>Pr\u00e9-requis<\/strong> <strong>:<\/strong> <span data-sheets-value=\"{&quot;1&quot;:2,&quot;2&quot;:&quot;nVous souhaitez vous inscrire \u00e0 cette session ? Merci d'indiquer votre besoin principal en remplissant ce questionnaire avant la session : https:\/\/airtable.com\/shrbpqpYDX8WKP0gJ nou communiquez-le par mail \u00e0 votre r\u00e9f\u00e9rente Empow'Her : nadege.serrero@empow-her.com&quot;}\" data-sheets-userformat=\"{&quot;2&quot;:4993,&quot;3&quot;:{&quot;1&quot;:0},&quot;10&quot;:1,&quot;11&quot;:4,&quot;12&quot;:0,&quot;15&quot;:&quot;Hind&quot;}\">Aucun !<\/span><\/p>\n<p><strong>Dur\u00e9e<\/strong> <strong>:<\/strong> U<span data-sheets-value=\"{&quot;1&quot;:2,&quot;2&quot;:&quot;Permanence de 4h avec un cr\u00e9neau de 1h par participante (+ 15 minutes entre chaque)&quot;}\" data-sheets-userformat=\"{&quot;2&quot;:7167,&quot;3&quot;:{&quot;1&quot;:0},&quot;4&quot;:{&quot;1&quot;:2,&quot;2&quot;:16777215},&quot;5&quot;:{&quot;1&quot;:[{&quot;1&quot;:2,&quot;2&quot;:0,&quot;5&quot;:{&quot;1&quot;:2,&quot;2&quot;:0}},{&quot;1&quot;:0,&quot;2&quot;:0,&quot;3&quot;:3},{&quot;1&quot;:1,&quot;2&quot;:0,&quot;4&quot;:1}]},&quot;6&quot;:{&quot;1&quot;:[{&quot;1&quot;:2,&quot;2&quot;:0,&quot;5&quot;:{&quot;1&quot;:2,&quot;2&quot;:0}},{&quot;1&quot;:0,&quot;2&quot;:0,&quot;3&quot;:3},{&quot;1&quot;:1,&quot;2&quot;:0,&quot;4&quot;:1}]},&quot;7&quot;:{&quot;1&quot;:[{&quot;1&quot;:2,&quot;2&quot;:0,&quot;5&quot;:{&quot;1&quot;:2,&quot;2&quot;:0}},{&quot;1&quot;:0,&quot;2&quot;:0,&quot;3&quot;:3},{&quot;1&quot;:1,&quot;2&quot;:0,&quot;4&quot;:1}]},&quot;8&quot;:{&quot;1&quot;:[{&quot;1&quot;:2,&quot;2&quot;:0,&quot;5&quot;:{&quot;1&quot;:2,&quot;2&quot;:0}},{&quot;1&quot;:0,&quot;2&quot;:0,&quot;3&quot;:3},{&quot;1&quot;:1,&quot;2&quot;:0,&quot;4&quot;:1}]},&quot;9&quot;:0,&quot;10&quot;:1,&quot;11&quot;:4,&quot;12&quot;:0,&quot;14&quot;:{&quot;1&quot;:2,&quot;2&quot;:0},&quot;15&quot;:&quot;Calibri&quot;}\">n cr\u00e9neau de <strong>1h en individuel en ligne<\/strong><\/span><\/p>\n<p><strong>Attention !<\/strong> \u00a0Veuillez vous pr\u00e9senter \u00e0 l\u2019heure pour que l\u2019activit\u00e9 puisse commencer \u00e0 temps. Si vous avez du retard veuillez pr\u00e9venir l\u2019intervenant.e. Si vous avez plus de 15 min de retard l\u2019intervenant.e se r\u00e9serve le droit de ne plus vous accepter pour le coaching ou l\u2019atelier.<\/p>\n<p>&nbsp;<\/p>\n","protected":false},"excerpt":{"rendered":"<p><span data-sheets-root=\"1\"><strong> 1h de coaching pour clarifier votre id\u00e9e et affiner votre vision entrepreneuriale<\/strong><\/span><\/p>\n<p>Vous avez une id\u00e9e de projet mais vous avez du mal \u00e0 la formuler clairement ? Vous cherchez \u00e0 mieux d\u00e9finir le probl\u00e8me auquel vous r\u00e9pondez et \u00e0 structurer votre d\u00e9marche ? Ce coaching vous accompagne pour poser les bases solides de votre projet en identifiant votre mission et votre vision entrepreneuriale.<\/p>\n<p><strong> Ce que nous pouvons aborder<\/strong><\/p>\n<p> Identifier les besoins et les probl\u00e8mes \u00e0 r\u00e9soudre : D\u00e9finir pr\u00e9cis\u00e9ment le point de douleur auquel votre projet r\u00e9pond et comprendre ses implications pour mieux structurer votre offre.<\/p>\n<p> Clarifier votre mission et votre vision : Mettre des mots sur l\u2019impact que vous souhaitez avoir, affiner votre positionnement et donner une direction claire \u00e0 votre projet.<\/p>\n<p> Structurer votre id\u00e9e pour la rendre actionnable : Transformer une intuition en un projet concret en identifiant les premiers leviers \u00e0 activer pour avancer avec confiance.<\/p>\n<p>Une heure pour gagner en clart\u00e9 et poser les bases solides de votre aventure entrepreneuriale ! <\/p>\n<p><strong>Hanae <\/strong><strong>Bossert :\u00a0<\/strong> Apr\u00e8s avoir travaill\u00e9 4 ans dans un incubateur et former des centaines de professionnelles, je suis aujourd&#8217;hui fondatrice du Collectif Minuit 10, une association qui vise \u00e0 accompagner les projets \u00e0 impact. Coach \u00e0 l&#8217;incubateur de Sciences-Po et form\u00e9e \u00e0 la facilitation, je suis ravie d&#8217;aider les entrepreneuses de Women Dare \u00e0 penser leur projet, valider leur id\u00e9e entrepreneuriale et se poser les bonnes questions au moment de se lancer.<\/p>\n<p><strong>Son petit mot\u00a0 :\u00a0<\/strong> D\u00e9j\u00e0 bravo d&#8217;\u00eatre l\u00e0, de vous lancer dans cette d\u00e9marche et de prendre le temps d&#8217;\u00eatre accompagn\u00e9e ! C&#8217;est tr\u00e8s pr\u00e9cieux. J&#8217;ai h\u00e2te de vous rencontrer, d\u00e9couvrir vos projets et vous aider \u00e0 construire une bonne communication \ud83d\ude42<strong><br \/>\n<\/strong><\/p>\n<p><strong>Son super pouvoir : <\/strong>Je sais me brosser les dents et mettre mes chaussures en m\u00eame temps<\/p>\n<p><strong>Pr\u00e9-requis<\/strong> <strong>:<\/strong> <span data-sheets-value=\"{&quot;1&quot;:2,&quot;2&quot;:&quot;nVous souhaitez vous inscrire \u00e0 cette session ? Merci d'indiquer votre besoin principal en remplissant ce questionnaire avant la session : https:\/\/airtable.com\/shrbpqpYDX8WKP0gJ nou communiquez-le par mail \u00e0 votre r\u00e9f\u00e9rente Empow'Her : nadege.serrero@empow-her.com&quot;}\" data-sheets-userformat=\"{&quot;2&quot;:4993,&quot;3&quot;:{&quot;1&quot;:0},&quot;10&quot;:1,&quot;11&quot;:4,&quot;12&quot;:0,&quot;15&quot;:&quot;Hind&quot;}\">Aucun !<\/span><\/p>\n<p><strong>Dur\u00e9e<\/strong> <strong>:<\/strong> U<span data-sheets-value=\"{&quot;1&quot;:2,&quot;2&quot;:&quot;Permanence de 4h avec un cr\u00e9neau de 1h par participante (+ 15 minutes entre chaque)&quot;}\" data-sheets-userformat=\"{&quot;2&quot;:7167,&quot;3&quot;:{&quot;1&quot;:0},&quot;4&quot;:{&quot;1&quot;:2,&quot;2&quot;:16777215},&quot;5&quot;:{&quot;1&quot;:[{&quot;1&quot;:2,&quot;2&quot;:0,&quot;5&quot;:{&quot;1&quot;:2,&quot;2&quot;:0}},{&quot;1&quot;:0,&quot;2&quot;:0,&quot;3&quot;:3},{&quot;1&quot;:1,&quot;2&quot;:0,&quot;4&quot;:1}]},&quot;6&quot;:{&quot;1&quot;:[{&quot;1&quot;:2,&quot;2&quot;:0,&quot;5&quot;:{&quot;1&quot;:2,&quot;2&quot;:0}},{&quot;1&quot;:0,&quot;2&quot;:0,&quot;3&quot;:3},{&quot;1&quot;:1,&quot;2&quot;:0,&quot;4&quot;:1}]},&quot;7&quot;:{&quot;1&quot;:[{&quot;1&quot;:2,&quot;2&quot;:0,&quot;5&quot;:{&quot;1&quot;:2,&quot;2&quot;:0}},{&quot;1&quot;:0,&quot;2&quot;:0,&quot;3&quot;:3},{&quot;1&quot;:1,&quot;2&quot;:0,&quot;4&quot;:1}]},&quot;8&quot;:{&quot;1&quot;:[{&quot;1&quot;:2,&quot;2&quot;:0,&quot;5&quot;:{&quot;1&quot;:2,&quot;2&quot;:0}},{&quot;1&quot;:0,&quot;2&quot;:0,&quot;3&quot;:3},{&quot;1&quot;:1,&quot;2&quot;:0,&quot;4&quot;:1}]},&quot;9&quot;:0,&quot;10&quot;:1,&quot;11&quot;:4,&quot;12&quot;:0,&quot;14&quot;:{&quot;1&quot;:2,&quot;2&quot;:0},&quot;15&quot;:&quot;Calibri&quot;}\">n cr\u00e9neau de <strong>1h en individuel en ligne<\/strong><\/span><\/p>\n<p><strong>Attention !<\/strong> \u00a0Veuillez vous pr\u00e9senter \u00e0 l\u2019heure pour que l\u2019activit\u00e9 puisse commencer \u00e0 temps. Si vous avez du retard veuillez pr\u00e9venir l\u2019intervenant.e. Si vous avez plus de 15 min de retard l\u2019intervenant.e se r\u00e9serve le droit de ne plus vous accepter pour le coaching ou l\u2019atelier.<\/p>\n<p>&nbsp;<\/p>\n","protected":false},"featured_media":269516,"template":"","format":"standard","meta":{"_acf_changed":false,"om_disable_all_campaigns":false,"_uf_show_specific_survey":0,"_uf_disable_surveys":false},"product_brand":[],"product_cat":[121],"product_tag":[],"lieu":[125],"thematiques":[],"class_list":{"0":"post-269515","1":"product","2":"type-product","3":"status-publish","4":"format-standard","5":"has-post-thumbnail","7":"product_cat-coaching","8":"lieu-en-ligne","10":"first","11":"instock","12":"virtual","13":"purchasable","14":"product-type-appointment"},"exclude_global_add_ons":[],"addons":[],"acf":[],"yoast_head":"<!-- This site is optimized with the Yoast SEO plugin v24.8 - https:\/\/yoast.com\/wordpress\/plugins\/seo\/ -->\n<title>Coaching - Faire \u00e9merger une id\u00e9e de projet - Empow&#039;Her<\/title>\n<meta name=\"robots\" content=\"index, follow, max-snippet:-1, max-image-preview:large, max-video-preview:-1\" \/>\n<link rel=\"canonical\" href=\"https:\/\/empow-her.com\/produit\/coaching-faire-emerger-une-idee-de-projet-4\/\" \/>\n<meta property=\"og:locale\" content=\"en_US\" \/>\n<meta property=\"og:type\" content=\"article\" \/>\n<meta property=\"og:title\" content=\"Coaching - Faire \u00e9merger une id\u00e9e de projet - Empow&#039;Her\" \/>\n<meta property=\"og:description\" content=\"1h de coaching pour clarifier votre id\u00e9e et affiner votre vision entrepreneuriale  Vous avez une id\u00e9e de projet mais vous avez du mal \u00e0 la formuler clairement ? Vous cherchez \u00e0 mieux d\u00e9finir le probl\u00e8me auquel vous r\u00e9pondez et \u00e0 structurer votre d\u00e9marche ? Ce coaching vous accompagne pour poser les bases solides de votre projet en identifiant votre mission et votre vision entrepreneuriale.   Ce que nous pouvons aborder   Identifier les besoins et les probl\u00e8mes \u00e0 r\u00e9soudre : D\u00e9finir pr\u00e9cis\u00e9ment le point de douleur auquel votre projet r\u00e9pond et comprendre ses implications pour mieux structurer votre offre.   Clarifier votre mission et votre vision : Mettre des mots sur l\u2019impact que vous souhaitez avoir, affiner votre positionnement et donner une direction claire \u00e0 votre projet.   Structurer votre id\u00e9e pour la rendre actionnable : Transformer une intuition en un projet concret en identifiant les premiers leviers \u00e0 activer pour avancer avec confiance.  Une heure pour gagner en clart\u00e9 et poser les bases solides de votre aventure entrepreneuriale !   Hanae Bossert :\u00a0 Apr\u00e8s avoir travaill\u00e9 4 ans dans un incubateur et former des centaines de professionnelles, je suis aujourd&#039;hui fondatrice du Collectif Minuit 10, une association qui vise \u00e0 accompagner les projets \u00e0 impact. Coach \u00e0 l&#039;incubateur de Sciences-Po et form\u00e9e \u00e0 la facilitation, je suis ravie d&#039;aider les entrepreneuses de Women Dare \u00e0 penser leur projet, valider leur id\u00e9e entrepreneuriale et se poser les bonnes questions au moment de se lancer.  Son petit mot\u00a0 :\u00a0 D\u00e9j\u00e0 bravo d&#039;\u00eatre l\u00e0, de vous lancer dans cette d\u00e9marche et de prendre le temps d&#039;\u00eatre accompagn\u00e9e ! C&#039;est tr\u00e8s pr\u00e9cieux. J&#039;ai h\u00e2te de vous rencontrer, d\u00e9couvrir vos projets et vous aider \u00e0 construire une bonne communication :)   Son super pouvoir : Je sais me brosser les dents et mettre mes chaussures en m\u00eame temps  Pr\u00e9-requis : Aucun !  Dur\u00e9e : Un cr\u00e9neau de 1h en individuel en ligne  Attention ! \u00a0Veuillez vous pr\u00e9senter \u00e0 l\u2019heure pour que l\u2019activit\u00e9 puisse commencer \u00e0 temps. Si vous avez du retard veuillez pr\u00e9venir l\u2019intervenant.e. Si vous avez plus de 15 min de retard l\u2019intervenant.e se r\u00e9serve le droit de ne plus vous accepter pour le coaching ou l\u2019atelier.  &nbsp;\" \/>\n<meta property=\"og:url\" content=\"https:\/\/empow-her.com\/produit\/coaching-faire-emerger-une-idee-de-projet-4\/\" \/>\n<meta property=\"og:site_name\" content=\"Empow&#039;Her\" \/>\n<meta property=\"article:modified_time\" content=\"2025-09-02T09:20:28+00:00\" \/>\n<meta property=\"og:image\" content=\"https:\/\/empow-her.com\/wp-content\/uploads\/2025\/09\/COACHING-14.png\" \/>\n\t<meta property=\"og:image:width\" content=\"1080\" \/>\n\t<meta property=\"og:image:height\" content=\"1080\" \/>\n\t<meta property=\"og:image:type\" content=\"image\/png\" \/>\n<meta name=\"twitter:card\" content=\"summary_large_image\" \/>\n<meta name=\"twitter:label1\" content=\"Est. reading time\" \/>\n\t<meta name=\"twitter:data1\" content=\"2 minutes\" \/>\n<script type=\"application\/ld+json\" class=\"yoast-schema-graph\">{\"@context\":\"https:\/\/schema.org\",\"@graph\":[{\"@type\":\"WebPage\",\"@id\":\"https:\/\/empow-her.com\/produit\/coaching-faire-emerger-une-idee-de-projet-4\/\",\"url\":\"https:\/\/empow-her.com\/produit\/coaching-faire-emerger-une-idee-de-projet-4\/\",\"name\":\"Coaching - Faire \u00e9merger une id\u00e9e de projet - Empow&#039;Her\",\"isPartOf\":{\"@id\":\"https:\/\/empow-her.com\/#website\"},\"primaryImageOfPage\":{\"@id\":\"https:\/\/empow-her.com\/produit\/coaching-faire-emerger-une-idee-de-projet-4\/#primaryimage\"},\"image\":{\"@id\":\"https:\/\/empow-her.com\/produit\/coaching-faire-emerger-une-idee-de-projet-4\/#primaryimage\"},\"thumbnailUrl\":\"https:\/\/empow-her.com\/wp-content\/uploads\/2025\/09\/COACHING-14.png\",\"datePublished\":\"2025-09-02T09:13:53+00:00\",\"dateModified\":\"2025-09-02T09:20:28+00:00\",\"breadcrumb\":{\"@id\":\"https:\/\/empow-her.com\/produit\/coaching-faire-emerger-une-idee-de-projet-4\/#breadcrumb\"},\"inLanguage\":\"en-US\",\"potentialAction\":[{\"@type\":\"ReadAction\",\"target\":[\"https:\/\/empow-her.com\/produit\/coaching-faire-emerger-une-idee-de-projet-4\/\"]}]},{\"@type\":\"ImageObject\",\"inLanguage\":\"en-US\",\"@id\":\"https:\/\/empow-her.com\/produit\/coaching-faire-emerger-une-idee-de-projet-4\/#primaryimage\",\"url\":\"https:\/\/empow-her.com\/wp-content\/uploads\/2025\/09\/COACHING-14.png\",\"contentUrl\":\"https:\/\/empow-her.com\/wp-content\/uploads\/2025\/09\/COACHING-14.png\",\"width\":1080,\"height\":1080},{\"@type\":\"BreadcrumbList\",\"@id\":\"https:\/\/empow-her.com\/produit\/coaching-faire-emerger-une-idee-de-projet-4\/#breadcrumb\",\"itemListElement\":[{\"@type\":\"ListItem\",\"position\":1,\"name\":\"Accueil\",\"item\":\"https:\/\/empow-her.com\/en\/landing-page\/\"},{\"@type\":\"ListItem\",\"position\":2,\"name\":\"LA BOUTIQUE\",\"item\":\"https:\/\/empow-her.com\/boutique\/\"},{\"@type\":\"ListItem\",\"position\":3,\"name\":\"Coaching &#8211; Faire \u00e9merger une id\u00e9e de projet\"}]},{\"@type\":\"WebSite\",\"@id\":\"https:\/\/empow-her.com\/#website\",\"url\":\"https:\/\/empow-her.com\/\",\"name\":\"Empow&#039;Her\",\"description\":\"Women Development\",\"potentialAction\":[{\"@type\":\"SearchAction\",\"target\":{\"@type\":\"EntryPoint\",\"urlTemplate\":\"https:\/\/empow-her.com\/?s={search_term_string}\"},\"query-input\":{\"@type\":\"PropertyValueSpecification\",\"valueRequired\":true,\"valueName\":\"search_term_string\"}}],\"inLanguage\":\"en-US\"}]}<\/script>\n<!-- \/ Yoast SEO plugin. -->","yoast_head_json":{"title":"Coaching - Faire \u00e9merger une id\u00e9e de projet - Empow&#039;Her","robots":{"index":"index","follow":"follow","max-snippet":"max-snippet:-1","max-image-preview":"max-image-preview:large","max-video-preview":"max-video-preview:-1"},"canonical":"https:\/\/empow-her.com\/produit\/coaching-faire-emerger-une-idee-de-projet-4\/","og_locale":"en_US","og_type":"article","og_title":"Coaching - Faire \u00e9merger une id\u00e9e de projet - Empow&#039;Her","og_description":"1h de coaching pour clarifier votre id\u00e9e et affiner votre vision entrepreneuriale  Vous avez une id\u00e9e de projet mais vous avez du mal \u00e0 la formuler clairement ? Vous cherchez \u00e0 mieux d\u00e9finir le probl\u00e8me auquel vous r\u00e9pondez et \u00e0 structurer votre d\u00e9marche ? Ce coaching vous accompagne pour poser les bases solides de votre projet en identifiant votre mission et votre vision entrepreneuriale.   Ce que nous pouvons aborder   Identifier les besoins et les probl\u00e8mes \u00e0 r\u00e9soudre : D\u00e9finir pr\u00e9cis\u00e9ment le point de douleur auquel votre projet r\u00e9pond et comprendre ses implications pour mieux structurer votre offre.   Clarifier votre mission et votre vision : Mettre des mots sur l\u2019impact que vous souhaitez avoir, affiner votre positionnement et donner une direction claire \u00e0 votre projet.   Structurer votre id\u00e9e pour la rendre actionnable : Transformer une intuition en un projet concret en identifiant les premiers leviers \u00e0 activer pour avancer avec confiance.  Une heure pour gagner en clart\u00e9 et poser les bases solides de votre aventure entrepreneuriale !   Hanae Bossert :\u00a0 Apr\u00e8s avoir travaill\u00e9 4 ans dans un incubateur et former des centaines de professionnelles, je suis aujourd'hui fondatrice du Collectif Minuit 10, une association qui vise \u00e0 accompagner les projets \u00e0 impact. Coach \u00e0 l'incubateur de Sciences-Po et form\u00e9e \u00e0 la facilitation, je suis ravie d'aider les entrepreneuses de Women Dare \u00e0 penser leur projet, valider leur id\u00e9e entrepreneuriale et se poser les bonnes questions au moment de se lancer.  Son petit mot\u00a0 :\u00a0 D\u00e9j\u00e0 bravo d'\u00eatre l\u00e0, de vous lancer dans cette d\u00e9marche et de prendre le temps d'\u00eatre accompagn\u00e9e ! C'est tr\u00e8s pr\u00e9cieux. J'ai h\u00e2te de vous rencontrer, d\u00e9couvrir vos projets et vous aider \u00e0 construire une bonne communication :)   Son super pouvoir : Je sais me brosser les dents et mettre mes chaussures en m\u00eame temps  Pr\u00e9-requis : Aucun !  Dur\u00e9e : Un cr\u00e9neau de 1h en individuel en ligne  Attention ! \u00a0Veuillez vous pr\u00e9senter \u00e0 l\u2019heure pour que l\u2019activit\u00e9 puisse commencer \u00e0 temps. Si vous avez du retard veuillez pr\u00e9venir l\u2019intervenant.e. Si vous avez plus de 15 min de retard l\u2019intervenant.e se r\u00e9serve le droit de ne plus vous accepter pour le coaching ou l\u2019atelier.  &nbsp;","og_url":"https:\/\/empow-her.com\/produit\/coaching-faire-emerger-une-idee-de-projet-4\/","og_site_name":"Empow&#039;Her","article_modified_time":"2025-09-02T09:20:28+00:00","og_image":[{"width":1080,"height":1080,"url":"https:\/\/empow-her.com\/wp-content\/uploads\/2025\/09\/COACHING-14.png","type":"image\/png"}],"twitter_card":"summary_large_image","twitter_misc":{"Est. reading time":"2 minutes"},"schema":{"@context":"https:\/\/schema.org","@graph":[{"@type":"WebPage","@id":"https:\/\/empow-her.com\/produit\/coaching-faire-emerger-une-idee-de-projet-4\/","url":"https:\/\/empow-her.com\/produit\/coaching-faire-emerger-une-idee-de-projet-4\/","name":"Coaching - Faire \u00e9merger une id\u00e9e de projet - Empow&#039;Her","isPartOf":{"@id":"https:\/\/empow-her.com\/#website"},"primaryImageOfPage":{"@id":"https:\/\/empow-her.com\/produit\/coaching-faire-emerger-une-idee-de-projet-4\/#primaryimage"},"image":{"@id":"https:\/\/empow-her.com\/produit\/coaching-faire-emerger-une-idee-de-projet-4\/#primaryimage"},"thumbnailUrl":"https:\/\/empow-her.com\/wp-content\/uploads\/2025\/09\/COACHING-14.png","datePublished":"2025-09-02T09:13:53+00:00","dateModified":"2025-09-02T09:20:28+00:00","breadcrumb":{"@id":"https:\/\/empow-her.com\/produit\/coaching-faire-emerger-une-idee-de-projet-4\/#breadcrumb"},"inLanguage":"en-US","potentialAction":[{"@type":"ReadAction","target":["https:\/\/empow-her.com\/produit\/coaching-faire-emerger-une-idee-de-projet-4\/"]}]},{"@type":"ImageObject","inLanguage":"en-US","@id":"https:\/\/empow-her.com\/produit\/coaching-faire-emerger-une-idee-de-projet-4\/#primaryimage","url":"https:\/\/empow-her.com\/wp-content\/uploads\/2025\/09\/COACHING-14.png","contentUrl":"https:\/\/empow-her.com\/wp-content\/uploads\/2025\/09\/COACHING-14.png","width":1080,"height":1080},{"@type":"BreadcrumbList","@id":"https:\/\/empow-her.com\/produit\/coaching-faire-emerger-une-idee-de-projet-4\/#breadcrumb","itemListElement":[{"@type":"ListItem","position":1,"name":"Accueil","item":"https:\/\/empow-her.com\/en\/landing-page\/"},{"@type":"ListItem","position":2,"name":"LA BOUTIQUE","item":"https:\/\/empow-her.com\/boutique\/"},{"@type":"ListItem","position":3,"name":"Coaching &#8211; Faire \u00e9merger une id\u00e9e de projet"}]},{"@type":"WebSite","@id":"https:\/\/empow-her.com\/#website","url":"https:\/\/empow-her.com\/","name":"Empow&#039;Her","description":"Women Development","potentialAction":[{"@type":"SearchAction","target":{"@type":"EntryPoint","urlTemplate":"https:\/\/empow-her.com\/?s={search_term_string}"},"query-input":{"@type":"PropertyValueSpecification","valueRequired":true,"valueName":"search_term_string"}}],"inLanguage":"en-US"}]}},"_links":{"self":[{"href":"https:\/\/empow-her.com\/en\/wp-json\/wp\/v2\/product\/269515","targetHints":{"allow":["GET"]}}],"collection":[{"href":"https:\/\/empow-her.com\/en\/wp-json\/wp\/v2\/product"}],"about":[{"href":"https:\/\/empow-her.com\/en\/wp-json\/wp\/v2\/types\/product"}],"wp:featuredmedia":[{"embeddable":true,"href":"https:\/\/empow-her.com\/en\/wp-json\/wp\/v2\/media\/269516"}],"wp:attachment":[{"href":"https:\/\/empow-her.com\/en\/wp-json\/wp\/v2\/media?parent=269515"}],"wp:term":[{"taxonomy":"product_brand","embeddable":true,"href":"https:\/\/empow-her.com\/en\/wp-json\/wp\/v2\/product_brand?post=269515"},{"taxonomy":"product_cat","embeddable":true,"href":"https:\/\/empow-her.com\/en\/wp-json\/wp\/v2\/product_cat?post=269515"},{"taxonomy":"product_tag","embeddable":true,"href":"https:\/\/empow-her.com\/en\/wp-json\/wp\/v2\/product_tag?post=269515"},{"taxonomy":"lieu","embeddable":true,"href":"https:\/\/empow-her.com\/en\/wp-json\/wp\/v2\/lieu?post=269515"},{"taxonomy":"thematiques","embeddable":true,"href":"https:\/\/empow-her.com\/en\/wp-json\/wp\/v2\/thematiques?post=269515"}],"curies":[{"name":"wp","href":"https:\/\/api.w.org\/{rel}","templated":true}]}}