{"id":269512,"date":"2025-09-02T11:01:40","date_gmt":"2025-09-02T09:01:40","guid":{"rendered":"https:\/\/empow-her.com\/?post_type=product&#038;p=269512"},"modified":"2025-09-02T11:04:06","modified_gmt":"2025-09-02T09:04:06","slug":"coaching-juridique-consultations-individuelles-9","status":"publish","type":"product","link":"https:\/\/empow-her.com\/en\/produit\/coaching-juridique-consultations-individuelles-9\/","title":{"rendered":"Coaching -Juridique Consultations individuelles"},"content":{"rendered":"<p data-start=\"1170\" data-end=\"1305\" data-is-last-node=\"\"><span data-sheets-root=\"1\"><strong>1h de permanence juridique pour y voir plus clair sur vos d\u00e9marches<\/strong><\/span><\/p>\n<p data-start=\"1170\" data-end=\"1305\" data-is-last-node=\"\"><span data-sheets-root=\"1\"><br \/>\nVous vous posez des questions juridiques li\u00e9es \u00e0 votre projet entrepreneurial ? Statuts, contrats, RGPD, marque, responsabilit\u00e9s\u2026 pas toujours simple de s\u2019y retrouver ! Cette permanence est l\u00e0 pour vous aider \u00e0 mieux comprendre vos options et faire des choix \u00e9clair\u00e9s.<\/span><\/p>\n<p><strong>D\u00e9roul\u00e9 de la s\u00e9ance :<\/strong><\/p>\n<ul>\n<li data-start=\"1170\" data-end=\"1305\"><span data-sheets-root=\"1\">\u00c9coute de votre probl\u00e9matique ou de vos questions<\/span><\/li>\n<li data-start=\"1170\" data-end=\"1305\"><span data-sheets-root=\"1\">Analyse de votre situation par un\u00b7e avocat\u00b7e du barreau de Paris<\/span><\/li>\n<li data-start=\"1170\" data-end=\"1305\"><span data-sheets-root=\"1\">Conseils concrets et personnalis\u00e9s en fonction de vos besoins<\/span><\/li>\n<li data-start=\"1170\" data-end=\"1305\"><span data-sheets-root=\"1\">Recommandations sur les prochaines \u00e9tapes \u00e0 envisager<\/span><\/li>\n<li data-start=\"1170\" data-end=\"1305\"><span data-sheets-root=\"1\">Un temps pr\u00e9cieux pour repartir avec des r\u00e9ponses claires et s\u00e9curiser votre projet ! <\/span><\/li>\n<\/ul>\n<p><strong>Intervenant.e<\/strong> : <span data-sheets-root=\"1\">Avocat.e du Barreau de Paris<\/span><\/p>\n<p>Attention ! Veuillez vous pr\u00e9senter \u00e0 l\u2019heure pour que l\u2019activit\u00e9 puisse commencer \u00e0 temps. Si vous avez du retard veuillez pr\u00e9venir l\u2019intervenant.e. Si vous avez plus de 15 min de retard l\u2019intervenant.e se r\u00e9serve le droit de ne plus vous accepter pour le coaching ou l&#8217;atelier.<\/p>\n","protected":false},"excerpt":{"rendered":"<p data-start=\"1170\" data-end=\"1305\" data-is-last-node=\"\"><span data-sheets-root=\"1\"><strong>1h de permanence juridique pour y voir plus clair sur vos d\u00e9marches<\/strong><\/span><\/p>\n<p data-start=\"1170\" data-end=\"1305\" data-is-last-node=\"\"><span data-sheets-root=\"1\"><br \/>\nVous vous posez des questions juridiques li\u00e9es \u00e0 votre projet entrepreneurial ? Statuts, contrats, RGPD, marque, responsabilit\u00e9s\u2026 pas toujours simple de s\u2019y retrouver ! Cette permanence est l\u00e0 pour vous aider \u00e0 mieux comprendre vos options et faire des choix \u00e9clair\u00e9s.<\/span><\/p>\n<p><strong>D\u00e9roul\u00e9 de la s\u00e9ance :<\/strong><\/p>\n<ul>\n<li data-start=\"1170\" data-end=\"1305\"><span data-sheets-root=\"1\">\u00c9coute de votre probl\u00e9matique ou de vos questions<\/span><\/li>\n<li data-start=\"1170\" data-end=\"1305\"><span data-sheets-root=\"1\">Analyse de votre situation par un\u00b7e avocat\u00b7e du barreau de Paris<\/span><\/li>\n<li data-start=\"1170\" data-end=\"1305\"><span data-sheets-root=\"1\">Conseils concrets et personnalis\u00e9s en fonction de vos besoins<\/span><\/li>\n<li data-start=\"1170\" data-end=\"1305\"><span data-sheets-root=\"1\">Recommandations sur les prochaines \u00e9tapes \u00e0 envisager<\/span><\/li>\n<li data-start=\"1170\" data-end=\"1305\"><span data-sheets-root=\"1\">Un temps pr\u00e9cieux pour repartir avec des r\u00e9ponses claires et s\u00e9curiser votre projet ! <\/span><\/li>\n<\/ul>\n<p><strong>Intervenant.e<\/strong> : <span data-sheets-root=\"1\">Avocat.e du Barreau de Paris<\/span><\/p>\n<p>Attention ! Veuillez vous pr\u00e9senter \u00e0 l\u2019heure pour que l\u2019activit\u00e9 puisse commencer \u00e0 temps. Si vous avez du retard veuillez pr\u00e9venir l\u2019intervenant.e. Si vous avez plus de 15 min de retard l\u2019intervenant.e se r\u00e9serve le droit de ne plus vous accepter pour le coaching ou l&#8217;atelier.<\/p>\n","protected":false},"featured_media":269045,"template":"","format":"standard","meta":{"_acf_changed":false,"om_disable_all_campaigns":false,"_uf_show_specific_survey":0,"_uf_disable_surveys":false},"product_brand":[],"product_cat":[121],"product_tag":[143],"lieu":[125],"thematiques":[],"class_list":{"0":"post-269512","1":"product","2":"type-product","3":"status-publish","4":"format-standard","5":"has-post-thumbnail","7":"product_cat-coaching","8":"product_tag-en-ligne","9":"lieu-en-ligne","11":"first","12":"instock","13":"virtual","14":"purchasable","15":"product-type-appointment"},"exclude_global_add_ons":true,"addons":[{"name":"Nom & Pr\u00e9nom","type":"custom_text","position":0,"required":false,"title_format":"heading","description_enable":false,"description":"","placeholder_enable":false,"placeholder":"","display":"select","restrictions_type":"any_text","adjust_price":false,"price":"","price_type":"flat_fee","restrictions":false,"min":0,"max":0,"options":[],"id":1753873220},{"name":"Pr\u00e9sentez votre projet en quelques mots","type":"custom_textarea","position":1,"required":false,"title_format":"label","description_enable":false,"description":"","placeholder_enable":false,"placeholder":"","display":"select","restrictions_type":"any_text","adjust_price":false,"price":"","price_type":"flat_fee","restrictions":false,"min":0,"max":0,"options":[],"id":1753873221},{"name":"Avez-vous cr\u00e9\u00e9 votre structure juridique ? Si oui, sous quelle forme ?","type":"custom_text","position":2,"required":false,"title_format":"label","description_enable":false,"description":"","placeholder_enable":false,"placeholder":"","display":"select","restrictions_type":"any_text","adjust_price":false,"price":"","price_type":"flat_fee","restrictions":false,"min":0,"max":0,"options":[],"id":1753873222},{"name":"Souhaitez-vous inscrire votre projet dans l'\u00e9conomie sociale & solidaire ?","type":"multiple_choice","position":3,"required":false,"title_format":"label","description_enable":false,"description":"","placeholder_enable":false,"placeholder":"","display":"select","restrictions_type":"any_text","adjust_price":false,"price":"","price_type":"flat_fee","restrictions":false,"min":0,"max":0,"options":[{"label":"Oui","price":"","price_type":"flat_fee","image":0},{"label":"Non","price":"","price_type":"flat_fee","image":0}],"id":1753873223},{"name":"Merci d'indiquer vos questions afin que nous puissions pr\u00e9parer au mieux ce rendez-vous !","type":"custom_textarea","position":4,"required":false,"title_format":"label","description_enable":false,"description":"","placeholder_enable":false,"placeholder":"","display":"select","restrictions_type":"any_text","adjust_price":false,"price":"","price_type":"flat_fee","restrictions":false,"min":0,"max":0,"options":[],"id":1753873224}],"acf":[],"yoast_head":"<!-- This site is optimized with the Yoast SEO plugin v24.8 - https:\/\/yoast.com\/wordpress\/plugins\/seo\/ -->\n<title>Coaching -Juridique Consultations individuelles - Empow&#039;Her<\/title>\n<meta name=\"robots\" content=\"index, follow, max-snippet:-1, max-image-preview:large, max-video-preview:-1\" \/>\n<link rel=\"canonical\" href=\"https:\/\/empow-her.com\/produit\/coaching-juridique-consultations-individuelles-9\/\" \/>\n<meta property=\"og:locale\" content=\"en_US\" \/>\n<meta property=\"og:type\" content=\"article\" \/>\n<meta property=\"og:title\" content=\"Coaching -Juridique Consultations individuelles - Empow&#039;Her\" \/>\n<meta property=\"og:description\" content=\"1h de permanence juridique pour y voir plus clair sur vos d\u00e9marches  Vous vous posez des questions juridiques li\u00e9es \u00e0 votre projet entrepreneurial ? Statuts, contrats, RGPD, marque, responsabilit\u00e9s\u2026 pas toujours simple de s\u2019y retrouver ! Cette permanence est l\u00e0 pour vous aider \u00e0 mieux comprendre vos options et faire des choix \u00e9clair\u00e9s. D\u00e9roul\u00e9 de la s\u00e9ance :   \u00c9coute de votre probl\u00e9matique ou de vos questions  Analyse de votre situation par un\u00b7e avocat\u00b7e du barreau de Paris  Conseils concrets et personnalis\u00e9s en fonction de vos besoins  Recommandations sur les prochaines \u00e9tapes \u00e0 envisager  Un temps pr\u00e9cieux pour repartir avec des r\u00e9ponses claires et s\u00e9curiser votre projet !   Intervenant.e : Avocat.e du Barreau de Paris  Attention ! Veuillez vous pr\u00e9senter \u00e0 l\u2019heure pour que l\u2019activit\u00e9 puisse commencer \u00e0 temps. Si vous avez du retard veuillez pr\u00e9venir l\u2019intervenant.e. Si vous avez plus de 15 min de retard l\u2019intervenant.e se r\u00e9serve le droit de ne plus vous accepter pour le coaching ou l&#039;atelier.\" \/>\n<meta property=\"og:url\" content=\"https:\/\/empow-her.com\/produit\/coaching-juridique-consultations-individuelles-9\/\" \/>\n<meta property=\"og:site_name\" content=\"Empow&#039;Her\" \/>\n<meta property=\"article:modified_time\" content=\"2025-09-02T09:04:06+00:00\" \/>\n<meta property=\"og:image\" content=\"https:\/\/empow-her.com\/wp-content\/uploads\/2025\/08\/COACHING-10.png\" \/>\n\t<meta property=\"og:image:width\" content=\"1080\" \/>\n\t<meta property=\"og:image:height\" content=\"1080\" \/>\n\t<meta property=\"og:image:type\" content=\"image\/png\" \/>\n<meta name=\"twitter:card\" content=\"summary_large_image\" \/>\n<meta name=\"twitter:label1\" content=\"Est. reading time\" \/>\n\t<meta name=\"twitter:data1\" content=\"1 minute\" \/>\n<script type=\"application\/ld+json\" class=\"yoast-schema-graph\">{\"@context\":\"https:\/\/schema.org\",\"@graph\":[{\"@type\":\"WebPage\",\"@id\":\"https:\/\/empow-her.com\/produit\/coaching-juridique-consultations-individuelles-9\/\",\"url\":\"https:\/\/empow-her.com\/produit\/coaching-juridique-consultations-individuelles-9\/\",\"name\":\"Coaching -Juridique Consultations individuelles - Empow&#039;Her\",\"isPartOf\":{\"@id\":\"https:\/\/empow-her.com\/#website\"},\"primaryImageOfPage\":{\"@id\":\"https:\/\/empow-her.com\/produit\/coaching-juridique-consultations-individuelles-9\/#primaryimage\"},\"image\":{\"@id\":\"https:\/\/empow-her.com\/produit\/coaching-juridique-consultations-individuelles-9\/#primaryimage\"},\"thumbnailUrl\":\"https:\/\/empow-her.com\/wp-content\/uploads\/2025\/08\/COACHING-10.png\",\"datePublished\":\"2025-09-02T09:01:40+00:00\",\"dateModified\":\"2025-09-02T09:04:06+00:00\",\"breadcrumb\":{\"@id\":\"https:\/\/empow-her.com\/produit\/coaching-juridique-consultations-individuelles-9\/#breadcrumb\"},\"inLanguage\":\"en-US\",\"potentialAction\":[{\"@type\":\"ReadAction\",\"target\":[\"https:\/\/empow-her.com\/produit\/coaching-juridique-consultations-individuelles-9\/\"]}]},{\"@type\":\"ImageObject\",\"inLanguage\":\"en-US\",\"@id\":\"https:\/\/empow-her.com\/produit\/coaching-juridique-consultations-individuelles-9\/#primaryimage\",\"url\":\"https:\/\/empow-her.com\/wp-content\/uploads\/2025\/08\/COACHING-10.png\",\"contentUrl\":\"https:\/\/empow-her.com\/wp-content\/uploads\/2025\/08\/COACHING-10.png\",\"width\":1080,\"height\":1080},{\"@type\":\"BreadcrumbList\",\"@id\":\"https:\/\/empow-her.com\/produit\/coaching-juridique-consultations-individuelles-9\/#breadcrumb\",\"itemListElement\":[{\"@type\":\"ListItem\",\"position\":1,\"name\":\"Accueil\",\"item\":\"https:\/\/empow-her.com\/en\/landing-page\/\"},{\"@type\":\"ListItem\",\"position\":2,\"name\":\"LA BOUTIQUE\",\"item\":\"https:\/\/empow-her.com\/boutique\/\"},{\"@type\":\"ListItem\",\"position\":3,\"name\":\"Coaching -Juridique Consultations individuelles\"}]},{\"@type\":\"WebSite\",\"@id\":\"https:\/\/empow-her.com\/#website\",\"url\":\"https:\/\/empow-her.com\/\",\"name\":\"Empow&#039;Her\",\"description\":\"Women Development\",\"potentialAction\":[{\"@type\":\"SearchAction\",\"target\":{\"@type\":\"EntryPoint\",\"urlTemplate\":\"https:\/\/empow-her.com\/?s={search_term_string}\"},\"query-input\":{\"@type\":\"PropertyValueSpecification\",\"valueRequired\":true,\"valueName\":\"search_term_string\"}}],\"inLanguage\":\"en-US\"}]}<\/script>\n<!-- \/ Yoast SEO plugin. -->","yoast_head_json":{"title":"Coaching -Juridique Consultations individuelles - Empow&#039;Her","robots":{"index":"index","follow":"follow","max-snippet":"max-snippet:-1","max-image-preview":"max-image-preview:large","max-video-preview":"max-video-preview:-1"},"canonical":"https:\/\/empow-her.com\/produit\/coaching-juridique-consultations-individuelles-9\/","og_locale":"en_US","og_type":"article","og_title":"Coaching -Juridique Consultations individuelles - Empow&#039;Her","og_description":"1h de permanence juridique pour y voir plus clair sur vos d\u00e9marches  Vous vous posez des questions juridiques li\u00e9es \u00e0 votre projet entrepreneurial ? Statuts, contrats, RGPD, marque, responsabilit\u00e9s\u2026 pas toujours simple de s\u2019y retrouver ! Cette permanence est l\u00e0 pour vous aider \u00e0 mieux comprendre vos options et faire des choix \u00e9clair\u00e9s. D\u00e9roul\u00e9 de la s\u00e9ance :   \u00c9coute de votre probl\u00e9matique ou de vos questions  Analyse de votre situation par un\u00b7e avocat\u00b7e du barreau de Paris  Conseils concrets et personnalis\u00e9s en fonction de vos besoins  Recommandations sur les prochaines \u00e9tapes \u00e0 envisager  Un temps pr\u00e9cieux pour repartir avec des r\u00e9ponses claires et s\u00e9curiser votre projet !   Intervenant.e : Avocat.e du Barreau de Paris  Attention ! Veuillez vous pr\u00e9senter \u00e0 l\u2019heure pour que l\u2019activit\u00e9 puisse commencer \u00e0 temps. Si vous avez du retard veuillez pr\u00e9venir l\u2019intervenant.e. Si vous avez plus de 15 min de retard l\u2019intervenant.e se r\u00e9serve le droit de ne plus vous accepter pour le coaching ou l'atelier.","og_url":"https:\/\/empow-her.com\/produit\/coaching-juridique-consultations-individuelles-9\/","og_site_name":"Empow&#039;Her","article_modified_time":"2025-09-02T09:04:06+00:00","og_image":[{"width":1080,"height":1080,"url":"https:\/\/empow-her.com\/wp-content\/uploads\/2025\/08\/COACHING-10.png","type":"image\/png"}],"twitter_card":"summary_large_image","twitter_misc":{"Est. reading time":"1 minute"},"schema":{"@context":"https:\/\/schema.org","@graph":[{"@type":"WebPage","@id":"https:\/\/empow-her.com\/produit\/coaching-juridique-consultations-individuelles-9\/","url":"https:\/\/empow-her.com\/produit\/coaching-juridique-consultations-individuelles-9\/","name":"Coaching -Juridique Consultations individuelles - Empow&#039;Her","isPartOf":{"@id":"https:\/\/empow-her.com\/#website"},"primaryImageOfPage":{"@id":"https:\/\/empow-her.com\/produit\/coaching-juridique-consultations-individuelles-9\/#primaryimage"},"image":{"@id":"https:\/\/empow-her.com\/produit\/coaching-juridique-consultations-individuelles-9\/#primaryimage"},"thumbnailUrl":"https:\/\/empow-her.com\/wp-content\/uploads\/2025\/08\/COACHING-10.png","datePublished":"2025-09-02T09:01:40+00:00","dateModified":"2025-09-02T09:04:06+00:00","breadcrumb":{"@id":"https:\/\/empow-her.com\/produit\/coaching-juridique-consultations-individuelles-9\/#breadcrumb"},"inLanguage":"en-US","potentialAction":[{"@type":"ReadAction","target":["https:\/\/empow-her.com\/produit\/coaching-juridique-consultations-individuelles-9\/"]}]},{"@type":"ImageObject","inLanguage":"en-US","@id":"https:\/\/empow-her.com\/produit\/coaching-juridique-consultations-individuelles-9\/#primaryimage","url":"https:\/\/empow-her.com\/wp-content\/uploads\/2025\/08\/COACHING-10.png","contentUrl":"https:\/\/empow-her.com\/wp-content\/uploads\/2025\/08\/COACHING-10.png","width":1080,"height":1080},{"@type":"BreadcrumbList","@id":"https:\/\/empow-her.com\/produit\/coaching-juridique-consultations-individuelles-9\/#breadcrumb","itemListElement":[{"@type":"ListItem","position":1,"name":"Accueil","item":"https:\/\/empow-her.com\/en\/landing-page\/"},{"@type":"ListItem","position":2,"name":"LA BOUTIQUE","item":"https:\/\/empow-her.com\/boutique\/"},{"@type":"ListItem","position":3,"name":"Coaching -Juridique Consultations individuelles"}]},{"@type":"WebSite","@id":"https:\/\/empow-her.com\/#website","url":"https:\/\/empow-her.com\/","name":"Empow&#039;Her","description":"Women Development","potentialAction":[{"@type":"SearchAction","target":{"@type":"EntryPoint","urlTemplate":"https:\/\/empow-her.com\/?s={search_term_string}"},"query-input":{"@type":"PropertyValueSpecification","valueRequired":true,"valueName":"search_term_string"}}],"inLanguage":"en-US"}]}},"_links":{"self":[{"href":"https:\/\/empow-her.com\/en\/wp-json\/wp\/v2\/product\/269512","targetHints":{"allow":["GET"]}}],"collection":[{"href":"https:\/\/empow-her.com\/en\/wp-json\/wp\/v2\/product"}],"about":[{"href":"https:\/\/empow-her.com\/en\/wp-json\/wp\/v2\/types\/product"}],"wp:featuredmedia":[{"embeddable":true,"href":"https:\/\/empow-her.com\/en\/wp-json\/wp\/v2\/media\/269045"}],"wp:attachment":[{"href":"https:\/\/empow-her.com\/en\/wp-json\/wp\/v2\/media?parent=269512"}],"wp:term":[{"taxonomy":"product_brand","embeddable":true,"href":"https:\/\/empow-her.com\/en\/wp-json\/wp\/v2\/product_brand?post=269512"},{"taxonomy":"product_cat","embeddable":true,"href":"https:\/\/empow-her.com\/en\/wp-json\/wp\/v2\/product_cat?post=269512"},{"taxonomy":"product_tag","embeddable":true,"href":"https:\/\/empow-her.com\/en\/wp-json\/wp\/v2\/product_tag?post=269512"},{"taxonomy":"lieu","embeddable":true,"href":"https:\/\/empow-her.com\/en\/wp-json\/wp\/v2\/lieu?post=269512"},{"taxonomy":"thematiques","embeddable":true,"href":"https:\/\/empow-her.com\/en\/wp-json\/wp\/v2\/thematiques?post=269512"}],"curies":[{"name":"wp","href":"https:\/\/api.w.org\/{rel}","templated":true}]}}