{"id":269488,"date":"2025-08-28T15:51:29","date_gmt":"2025-08-28T13:51:29","guid":{"rendered":"https:\/\/empow-her.com\/?post_type=product&#038;p=269488"},"modified":"2025-09-24T11:13:59","modified_gmt":"2025-09-24T09:13:59","slug":"atelier-negociation-commerciale-2","status":"publish","type":"product","link":"https:\/\/empow-her.com\/en\/produit\/atelier-negociation-commerciale-2\/","title":{"rendered":"Atelier &#8211; N\u00e9gociation commerciale"},"content":{"rendered":"<p><span data-sheets-root=\"1\"> <strong>Atelier &#8211; R\u00e9ussir sa n\u00e9gociation commerciale<\/strong><\/span><\/p>\n<p>Aller \u00e0 la rencontre de ses premiers prospects peut \u00eatre intimidant : syndrome de l\u2019imposteur, peur des objections, incertitude sur son prix\u2026 Cet atelier vous aide \u00e0 lever ces freins et \u00e0 gagner en assurance pour r\u00e9ussir vos premiers entretiens commerciaux.<\/p>\n<p><strong> Ce que nous pourrons explorer<\/strong><\/p>\n<p><strong> Construire un argumentaire commercial impactant<\/strong><br \/>\nClarifier la valeur de son offre et structurer un discours convaincant pour capter l\u2019attention de ses prospects.<\/p>\n<p><strong>Anticiper les enjeux et difficult\u00e9s des entretiens commerciaux<\/strong><br \/>\nIdentifier les objections courantes et pr\u00e9parer des r\u00e9ponses efficaces pour y faire face sereinement.<\/p>\n<p><strong>Se pr\u00e9parer \u00e0 la n\u00e9gociation<\/strong><br \/>\nComprendre les leviers de n\u00e9gociation, d\u00e9finir ses marges de man\u0153uvre et adopter les bonnes strat\u00e9gies pour d\u00e9fendre son prix et conclure une vente.<\/p>\n<p><strong> S\u2019entra\u00eener \u00e0 la n\u00e9gociation<\/strong><br \/>\nMise en pratique avec des exercices concrets pour tester diff\u00e9rentes approches et mieux comprendre les m\u00e9canismes d\u2019une n\u00e9gociation r\u00e9ussie.<\/p>\n<p><strong> Pr\u00e9-requis<\/strong><\/p>\n<p>\u2714 Avoir d\u00e9fini une premi\u00e8re offre commerciale<br \/>\n\u2714 \u00catre pr\u00eat.e \u00e0 se confronter aux \u00e9changes avec des prospects et clients potentiels<\/p>\n<p>Cet atelier interactif vous apportera des outils concrets et des mises en situation pour aborder vos n\u00e9gociations commerciales avec plus de confiance et d\u2019efficacit\u00e9.<\/p>\n<div class=\"p-rich_text_section\"><strong>Intervenant : Alexandre Sourzac-Lami :<\/strong> Apr\u00e8s son double dipl\u00f4me \u00e0 l\u2019Ecole Centrale Paris et l\u2019ESCP Europe, Alexandre a cr\u00e9\u00e9 l\u2019entreprise sociale Fuso et travaill\u00e9 dans le secteur du conseil en France puis en Allemagne. Fondateur de +1, Alexandre habite d\u00e9sormais \u00e0 Bruxelles d\u2019o\u00f9 il accompagne les entrepreneur\u00b7e\u00b7s et dirigeant\u00b7e\u00b7s fran\u00e7ais et belges, notamment dans le secteur de l\u2019ESS, sur leur mod\u00e8le \u00e9conomique. L&#8217;objectif : rendre le monde plus solidaire et durable par l&#8217;entrepreneuriat.<\/div>\n<div><\/div>\n<div><strong>Son super pouvoir :<\/strong> Convertir d&#8217;un claquement de doigts un projet en chiffres&#8230; et r\u00e9ciproquement<\/div>\n<div>\n<p><strong>Son petit mot :<\/strong> Plus qu&#8217;une id\u00e9e g\u00e9niale, ce qu&#8217;il faut \u00e0 une entrepreneure pour r\u00e9ussir c&#8217;est un mod\u00e8le \u00e9conomique solidaire, c&#8217;est-\u00e0-dire qui inclut toutes les parties prenantes de son \u00e9cosyst\u00e8me dans la cr\u00e9ation de valeur.<\/p>\n<\/div>\n","protected":false},"excerpt":{"rendered":"<p><span data-sheets-root=\"1\"> <strong>Atelier &#8211; R\u00e9ussir sa n\u00e9gociation commerciale<\/strong><\/span><\/p>\n<p>Aller \u00e0 la rencontre de ses premiers prospects peut \u00eatre intimidant : syndrome de l\u2019imposteur, peur des objections, incertitude sur son prix\u2026 Cet atelier vous aide \u00e0 lever ces freins et \u00e0 gagner en assurance pour r\u00e9ussir vos premiers entretiens commerciaux.<\/p>\n<p><strong> Ce que nous pourrons explorer<\/strong><\/p>\n<p><strong> Construire un argumentaire commercial impactant<\/strong><br \/>\nClarifier la valeur de son offre et structurer un discours convaincant pour capter l\u2019attention de ses prospects.<\/p>\n<p><strong>Anticiper les enjeux et difficult\u00e9s des entretiens commerciaux<\/strong><br \/>\nIdentifier les objections courantes et pr\u00e9parer des r\u00e9ponses efficaces pour y faire face sereinement.<\/p>\n<p><strong>Se pr\u00e9parer \u00e0 la n\u00e9gociation<\/strong><br \/>\nComprendre les leviers de n\u00e9gociation, d\u00e9finir ses marges de man\u0153uvre et adopter les bonnes strat\u00e9gies pour d\u00e9fendre son prix et conclure une vente.<\/p>\n<p><strong> S\u2019entra\u00eener \u00e0 la n\u00e9gociation<\/strong><br \/>\nMise en pratique avec des exercices concrets pour tester diff\u00e9rentes approches et mieux comprendre les m\u00e9canismes d\u2019une n\u00e9gociation r\u00e9ussie.<\/p>\n<p><strong> Pr\u00e9-requis<\/strong><\/p>\n<p>\u2714 Avoir d\u00e9fini une premi\u00e8re offre commerciale<br \/>\n\u2714 \u00catre pr\u00eat.e \u00e0 se confronter aux \u00e9changes avec des prospects et clients potentiels<\/p>\n<p>Cet atelier interactif vous apportera des outils concrets et des mises en situation pour aborder vos n\u00e9gociations commerciales avec plus de confiance et d\u2019efficacit\u00e9.<\/p>\n<div class=\"p-rich_text_section\"><strong>Intervenant : Alexandre Sourzac-Lami :<\/strong> Apr\u00e8s son double dipl\u00f4me \u00e0 l\u2019Ecole Centrale Paris et l\u2019ESCP Europe, Alexandre a cr\u00e9\u00e9 l\u2019entreprise sociale Fuso et travaill\u00e9 dans le secteur du conseil en France puis en Allemagne. Fondateur de +1, Alexandre habite d\u00e9sormais \u00e0 Bruxelles d\u2019o\u00f9 il accompagne les entrepreneur\u00b7e\u00b7s et dirigeant\u00b7e\u00b7s fran\u00e7ais et belges, notamment dans le secteur de l\u2019ESS, sur leur mod\u00e8le \u00e9conomique. L&#8217;objectif : rendre le monde plus solidaire et durable par l&#8217;entrepreneuriat.<\/div>\n<div><\/div>\n<div><strong>Son super pouvoir :<\/strong> Convertir d&#8217;un claquement de doigts un projet en chiffres&#8230; et r\u00e9ciproquement<\/div>\n<div>\n<p><strong>Son petit mot :<\/strong> Plus qu&#8217;une id\u00e9e g\u00e9niale, ce qu&#8217;il faut \u00e0 une entrepreneure pour r\u00e9ussir c&#8217;est un mod\u00e8le \u00e9conomique solidaire, c&#8217;est-\u00e0-dire qui inclut toutes les parties prenantes de son \u00e9cosyst\u00e8me dans la cr\u00e9ation de valeur.<\/p>\n<\/div>\n","protected":false},"featured_media":269922,"template":"","format":"standard","meta":{"_acf_changed":false,"om_disable_all_campaigns":false,"_uf_show_specific_survey":0,"_uf_disable_surveys":false},"product_brand":[],"product_cat":[118],"product_tag":[132],"lieu":[],"thematiques":[],"class_list":{"0":"post-269488","1":"product","2":"type-product","3":"status-publish","4":"format-standard","5":"has-post-thumbnail","7":"product_cat-atelier-collectif","8":"product_tag-sisther","10":"first","11":"instock","12":"virtual","13":"purchasable","14":"product-type-appointment"},"exclude_global_add_ons":[],"addons":[],"acf":[],"yoast_head":"<!-- This site is optimized with the Yoast SEO plugin v24.8 - https:\/\/yoast.com\/wordpress\/plugins\/seo\/ -->\n<title>Atelier - N\u00e9gociation commerciale - Empow&#039;Her<\/title>\n<meta name=\"robots\" content=\"index, follow, max-snippet:-1, max-image-preview:large, max-video-preview:-1\" \/>\n<link rel=\"canonical\" href=\"https:\/\/empow-her.com\/produit\/atelier-negociation-commerciale-2\/\" \/>\n<meta property=\"og:locale\" content=\"en_US\" \/>\n<meta property=\"og:type\" content=\"article\" \/>\n<meta property=\"og:title\" content=\"Atelier - N\u00e9gociation commerciale - Empow&#039;Her\" \/>\n<meta property=\"og:description\" content=\"Atelier - R\u00e9ussir sa n\u00e9gociation commerciale  Aller \u00e0 la rencontre de ses premiers prospects peut \u00eatre intimidant : syndrome de l\u2019imposteur, peur des objections, incertitude sur son prix\u2026 Cet atelier vous aide \u00e0 lever ces freins et \u00e0 gagner en assurance pour r\u00e9ussir vos premiers entretiens commerciaux.   Ce que nous pourrons explorer   Construire un argumentaire commercial impactant Clarifier la valeur de son offre et structurer un discours convaincant pour capter l\u2019attention de ses prospects.  Anticiper les enjeux et difficult\u00e9s des entretiens commerciaux Identifier les objections courantes et pr\u00e9parer des r\u00e9ponses efficaces pour y faire face sereinement.  Se pr\u00e9parer \u00e0 la n\u00e9gociation Comprendre les leviers de n\u00e9gociation, d\u00e9finir ses marges de man\u0153uvre et adopter les bonnes strat\u00e9gies pour d\u00e9fendre son prix et conclure une vente.   S\u2019entra\u00eener \u00e0 la n\u00e9gociation Mise en pratique avec des exercices concrets pour tester diff\u00e9rentes approches et mieux comprendre les m\u00e9canismes d\u2019une n\u00e9gociation r\u00e9ussie.   Pr\u00e9-requis  \u2714 Avoir d\u00e9fini une premi\u00e8re offre commerciale \u2714 \u00catre pr\u00eat.e \u00e0 se confronter aux \u00e9changes avec des prospects et clients potentiels  Cet atelier interactif vous apportera des outils concrets et des mises en situation pour aborder vos n\u00e9gociations commerciales avec plus de confiance et d\u2019efficacit\u00e9. Intervenant : Alexandre Sourzac-Lami : Apr\u00e8s son double dipl\u00f4me \u00e0 l\u2019Ecole Centrale Paris et l\u2019ESCP Europe, Alexandre a cr\u00e9\u00e9 l\u2019entreprise sociale Fuso et travaill\u00e9 dans le secteur du conseil en France puis en Allemagne. Fondateur de +1, Alexandre habite d\u00e9sormais \u00e0 Bruxelles d\u2019o\u00f9 il accompagne les entrepreneur\u00b7e\u00b7s et dirigeant\u00b7e\u00b7s fran\u00e7ais et belges, notamment dans le secteur de l\u2019ESS, sur leur mod\u00e8le \u00e9conomique. L&#039;objectif : rendre le monde plus solidaire et durable par l&#039;entrepreneuriat.  Son super pouvoir : Convertir d&#039;un claquement de doigts un projet en chiffres... et r\u00e9ciproquement   Son petit mot : Plus qu&#039;une id\u00e9e g\u00e9niale, ce qu&#039;il faut \u00e0 une entrepreneure pour r\u00e9ussir c&#039;est un mod\u00e8le \u00e9conomique solidaire, c&#039;est-\u00e0-dire qui inclut toutes les parties prenantes de son \u00e9cosyst\u00e8me dans la cr\u00e9ation de valeur.\" \/>\n<meta property=\"og:url\" content=\"https:\/\/empow-her.com\/produit\/atelier-negociation-commerciale-2\/\" \/>\n<meta property=\"og:site_name\" content=\"Empow&#039;Her\" \/>\n<meta property=\"article:modified_time\" content=\"2025-09-24T09:13:59+00:00\" \/>\n<meta property=\"og:image\" content=\"https:\/\/empow-her.com\/wp-content\/uploads\/2025\/08\/ATELIER-6.png\" \/>\n\t<meta property=\"og:image:width\" content=\"1080\" \/>\n\t<meta property=\"og:image:height\" content=\"1080\" \/>\n\t<meta property=\"og:image:type\" content=\"image\/png\" \/>\n<meta name=\"twitter:card\" content=\"summary_large_image\" \/>\n<meta name=\"twitter:label1\" content=\"Est. reading time\" \/>\n\t<meta name=\"twitter:data1\" content=\"2 minutes\" \/>\n<script type=\"application\/ld+json\" class=\"yoast-schema-graph\">{\"@context\":\"https:\/\/schema.org\",\"@graph\":[{\"@type\":\"WebPage\",\"@id\":\"https:\/\/empow-her.com\/produit\/atelier-negociation-commerciale-2\/\",\"url\":\"https:\/\/empow-her.com\/produit\/atelier-negociation-commerciale-2\/\",\"name\":\"Atelier - N\u00e9gociation commerciale - Empow&#039;Her\",\"isPartOf\":{\"@id\":\"https:\/\/empow-her.com\/#website\"},\"primaryImageOfPage\":{\"@id\":\"https:\/\/empow-her.com\/produit\/atelier-negociation-commerciale-2\/#primaryimage\"},\"image\":{\"@id\":\"https:\/\/empow-her.com\/produit\/atelier-negociation-commerciale-2\/#primaryimage\"},\"thumbnailUrl\":\"https:\/\/empow-her.com\/wp-content\/uploads\/2025\/08\/ATELIER-6.png\",\"datePublished\":\"2025-08-28T13:51:29+00:00\",\"dateModified\":\"2025-09-24T09:13:59+00:00\",\"breadcrumb\":{\"@id\":\"https:\/\/empow-her.com\/produit\/atelier-negociation-commerciale-2\/#breadcrumb\"},\"inLanguage\":\"en-US\",\"potentialAction\":[{\"@type\":\"ReadAction\",\"target\":[\"https:\/\/empow-her.com\/produit\/atelier-negociation-commerciale-2\/\"]}]},{\"@type\":\"ImageObject\",\"inLanguage\":\"en-US\",\"@id\":\"https:\/\/empow-her.com\/produit\/atelier-negociation-commerciale-2\/#primaryimage\",\"url\":\"https:\/\/empow-her.com\/wp-content\/uploads\/2025\/08\/ATELIER-6.png\",\"contentUrl\":\"https:\/\/empow-her.com\/wp-content\/uploads\/2025\/08\/ATELIER-6.png\",\"width\":1080,\"height\":1080},{\"@type\":\"BreadcrumbList\",\"@id\":\"https:\/\/empow-her.com\/produit\/atelier-negociation-commerciale-2\/#breadcrumb\",\"itemListElement\":[{\"@type\":\"ListItem\",\"position\":1,\"name\":\"Accueil\",\"item\":\"https:\/\/empow-her.com\/en\/landing-page\/\"},{\"@type\":\"ListItem\",\"position\":2,\"name\":\"LA BOUTIQUE\",\"item\":\"https:\/\/empow-her.com\/boutique\/\"},{\"@type\":\"ListItem\",\"position\":3,\"name\":\"Atelier &#8211; N\u00e9gociation commerciale\"}]},{\"@type\":\"WebSite\",\"@id\":\"https:\/\/empow-her.com\/#website\",\"url\":\"https:\/\/empow-her.com\/\",\"name\":\"Empow&#039;Her\",\"description\":\"Women Development\",\"potentialAction\":[{\"@type\":\"SearchAction\",\"target\":{\"@type\":\"EntryPoint\",\"urlTemplate\":\"https:\/\/empow-her.com\/?s={search_term_string}\"},\"query-input\":{\"@type\":\"PropertyValueSpecification\",\"valueRequired\":true,\"valueName\":\"search_term_string\"}}],\"inLanguage\":\"en-US\"}]}<\/script>\n<!-- \/ Yoast SEO plugin. -->","yoast_head_json":{"title":"Atelier - N\u00e9gociation commerciale - Empow&#039;Her","robots":{"index":"index","follow":"follow","max-snippet":"max-snippet:-1","max-image-preview":"max-image-preview:large","max-video-preview":"max-video-preview:-1"},"canonical":"https:\/\/empow-her.com\/produit\/atelier-negociation-commerciale-2\/","og_locale":"en_US","og_type":"article","og_title":"Atelier - N\u00e9gociation commerciale - Empow&#039;Her","og_description":"Atelier - R\u00e9ussir sa n\u00e9gociation commerciale  Aller \u00e0 la rencontre de ses premiers prospects peut \u00eatre intimidant : syndrome de l\u2019imposteur, peur des objections, incertitude sur son prix\u2026 Cet atelier vous aide \u00e0 lever ces freins et \u00e0 gagner en assurance pour r\u00e9ussir vos premiers entretiens commerciaux.   Ce que nous pourrons explorer   Construire un argumentaire commercial impactant Clarifier la valeur de son offre et structurer un discours convaincant pour capter l\u2019attention de ses prospects.  Anticiper les enjeux et difficult\u00e9s des entretiens commerciaux Identifier les objections courantes et pr\u00e9parer des r\u00e9ponses efficaces pour y faire face sereinement.  Se pr\u00e9parer \u00e0 la n\u00e9gociation Comprendre les leviers de n\u00e9gociation, d\u00e9finir ses marges de man\u0153uvre et adopter les bonnes strat\u00e9gies pour d\u00e9fendre son prix et conclure une vente.   S\u2019entra\u00eener \u00e0 la n\u00e9gociation Mise en pratique avec des exercices concrets pour tester diff\u00e9rentes approches et mieux comprendre les m\u00e9canismes d\u2019une n\u00e9gociation r\u00e9ussie.   Pr\u00e9-requis  \u2714 Avoir d\u00e9fini une premi\u00e8re offre commerciale \u2714 \u00catre pr\u00eat.e \u00e0 se confronter aux \u00e9changes avec des prospects et clients potentiels  Cet atelier interactif vous apportera des outils concrets et des mises en situation pour aborder vos n\u00e9gociations commerciales avec plus de confiance et d\u2019efficacit\u00e9. Intervenant : Alexandre Sourzac-Lami : Apr\u00e8s son double dipl\u00f4me \u00e0 l\u2019Ecole Centrale Paris et l\u2019ESCP Europe, Alexandre a cr\u00e9\u00e9 l\u2019entreprise sociale Fuso et travaill\u00e9 dans le secteur du conseil en France puis en Allemagne. Fondateur de +1, Alexandre habite d\u00e9sormais \u00e0 Bruxelles d\u2019o\u00f9 il accompagne les entrepreneur\u00b7e\u00b7s et dirigeant\u00b7e\u00b7s fran\u00e7ais et belges, notamment dans le secteur de l\u2019ESS, sur leur mod\u00e8le \u00e9conomique. L'objectif : rendre le monde plus solidaire et durable par l'entrepreneuriat.  Son super pouvoir : Convertir d'un claquement de doigts un projet en chiffres... et r\u00e9ciproquement   Son petit mot : Plus qu'une id\u00e9e g\u00e9niale, ce qu'il faut \u00e0 une entrepreneure pour r\u00e9ussir c'est un mod\u00e8le \u00e9conomique solidaire, c'est-\u00e0-dire qui inclut toutes les parties prenantes de son \u00e9cosyst\u00e8me dans la cr\u00e9ation de valeur.","og_url":"https:\/\/empow-her.com\/produit\/atelier-negociation-commerciale-2\/","og_site_name":"Empow&#039;Her","article_modified_time":"2025-09-24T09:13:59+00:00","og_image":[{"width":1080,"height":1080,"url":"https:\/\/empow-her.com\/wp-content\/uploads\/2025\/08\/ATELIER-6.png","type":"image\/png"}],"twitter_card":"summary_large_image","twitter_misc":{"Est. reading time":"2 minutes"},"schema":{"@context":"https:\/\/schema.org","@graph":[{"@type":"WebPage","@id":"https:\/\/empow-her.com\/produit\/atelier-negociation-commerciale-2\/","url":"https:\/\/empow-her.com\/produit\/atelier-negociation-commerciale-2\/","name":"Atelier - N\u00e9gociation commerciale - Empow&#039;Her","isPartOf":{"@id":"https:\/\/empow-her.com\/#website"},"primaryImageOfPage":{"@id":"https:\/\/empow-her.com\/produit\/atelier-negociation-commerciale-2\/#primaryimage"},"image":{"@id":"https:\/\/empow-her.com\/produit\/atelier-negociation-commerciale-2\/#primaryimage"},"thumbnailUrl":"https:\/\/empow-her.com\/wp-content\/uploads\/2025\/08\/ATELIER-6.png","datePublished":"2025-08-28T13:51:29+00:00","dateModified":"2025-09-24T09:13:59+00:00","breadcrumb":{"@id":"https:\/\/empow-her.com\/produit\/atelier-negociation-commerciale-2\/#breadcrumb"},"inLanguage":"en-US","potentialAction":[{"@type":"ReadAction","target":["https:\/\/empow-her.com\/produit\/atelier-negociation-commerciale-2\/"]}]},{"@type":"ImageObject","inLanguage":"en-US","@id":"https:\/\/empow-her.com\/produit\/atelier-negociation-commerciale-2\/#primaryimage","url":"https:\/\/empow-her.com\/wp-content\/uploads\/2025\/08\/ATELIER-6.png","contentUrl":"https:\/\/empow-her.com\/wp-content\/uploads\/2025\/08\/ATELIER-6.png","width":1080,"height":1080},{"@type":"BreadcrumbList","@id":"https:\/\/empow-her.com\/produit\/atelier-negociation-commerciale-2\/#breadcrumb","itemListElement":[{"@type":"ListItem","position":1,"name":"Accueil","item":"https:\/\/empow-her.com\/en\/landing-page\/"},{"@type":"ListItem","position":2,"name":"LA BOUTIQUE","item":"https:\/\/empow-her.com\/boutique\/"},{"@type":"ListItem","position":3,"name":"Atelier &#8211; N\u00e9gociation commerciale"}]},{"@type":"WebSite","@id":"https:\/\/empow-her.com\/#website","url":"https:\/\/empow-her.com\/","name":"Empow&#039;Her","description":"Women Development","potentialAction":[{"@type":"SearchAction","target":{"@type":"EntryPoint","urlTemplate":"https:\/\/empow-her.com\/?s={search_term_string}"},"query-input":{"@type":"PropertyValueSpecification","valueRequired":true,"valueName":"search_term_string"}}],"inLanguage":"en-US"}]}},"_links":{"self":[{"href":"https:\/\/empow-her.com\/en\/wp-json\/wp\/v2\/product\/269488","targetHints":{"allow":["GET"]}}],"collection":[{"href":"https:\/\/empow-her.com\/en\/wp-json\/wp\/v2\/product"}],"about":[{"href":"https:\/\/empow-her.com\/en\/wp-json\/wp\/v2\/types\/product"}],"wp:featuredmedia":[{"embeddable":true,"href":"https:\/\/empow-her.com\/en\/wp-json\/wp\/v2\/media\/269922"}],"wp:attachment":[{"href":"https:\/\/empow-her.com\/en\/wp-json\/wp\/v2\/media?parent=269488"}],"wp:term":[{"taxonomy":"product_brand","embeddable":true,"href":"https:\/\/empow-her.com\/en\/wp-json\/wp\/v2\/product_brand?post=269488"},{"taxonomy":"product_cat","embeddable":true,"href":"https:\/\/empow-her.com\/en\/wp-json\/wp\/v2\/product_cat?post=269488"},{"taxonomy":"product_tag","embeddable":true,"href":"https:\/\/empow-her.com\/en\/wp-json\/wp\/v2\/product_tag?post=269488"},{"taxonomy":"lieu","embeddable":true,"href":"https:\/\/empow-her.com\/en\/wp-json\/wp\/v2\/lieu?post=269488"},{"taxonomy":"thematiques","embeddable":true,"href":"https:\/\/empow-her.com\/en\/wp-json\/wp\/v2\/thematiques?post=269488"}],"curies":[{"name":"wp","href":"https:\/\/api.w.org\/{rel}","templated":true}]}}