{"id":269469,"date":"2025-08-28T15:22:57","date_gmt":"2025-08-28T13:22:57","guid":{"rendered":"https:\/\/empow-her.com\/?post_type=product&#038;p=269469"},"modified":"2025-09-24T11:16:44","modified_gmt":"2025-09-24T09:16:44","slug":"atelier-pitcher-son-projet-de-maniere-authentique-impactante","status":"publish","type":"product","link":"https:\/\/empow-her.com\/en\/produit\/atelier-pitcher-son-projet-de-maniere-authentique-impactante\/","title":{"rendered":"Atelier &#8211; Pitcher son projet de mani\u00e8re authentique &#038; impactante"},"content":{"rendered":"<p><strong>Besoins :<\/strong> Vous appr\u00e9hendez de prendre la parole en public ? Vous avez des blocages ou des peurs qui vous emp\u00eachent de vous pr\u00e9senter sereinement, de transmettre des messages importants, de pr\u00e9senter votre projet ? Vous souhaitez \u00eatre plus d\u00e9tendue \u00e0 l&#8217;oral et pouquoi pas m\u00eame y prendre go\u00fbt ?<\/p>\n<p><strong>Objectifs :<\/strong> d\u00e9mystifier la prise de parole afin d&#8217;en tirer le meilleur pour vos projets et pr\u00e9sentations.<br \/>\nNous allons \u00e0 votre rythme, de mani\u00e8re ludique et bienveillante afin de r\u00e9pondre \u00e0 vos besoins du moment.<\/p>\n<p><strong>D\u00e9roul\u00e9 :<\/strong><br \/>\n\u25cf Apports th\u00e9oriques en lien avec la psychologie comportementale et le coaching<br \/>\n\u25cf S\u00e9quences ludiques pour exp\u00e9rimenter et ancrer les apports th\u00e9oriques (jeux, mises en sc\u00e8ne\u2026)<br \/>\n\u25cf Temps d\u2019introspection personnelle pour approfondir vos r\u00e9flexions<br \/>\n\u25cf Moments d\u2019\u00e9change en groupe pour partager vos exp\u00e9riences, si vous le souhaitez, \u00e9largir vos perspectives et favoriser des prises de conscience gr\u00e2ce \u00e0 la dynamique collective.<\/p>\n<p><strong>Valentine Nogalo \u00a0: <\/strong>Je suis coach et com\u00e9dienne improvisatrice ! Anim\u00e9e par la volont\u00e9 d\u2019\u00e9changer dans la bienveillance et le plaisir, je sais proposer des accompagnements personnalis\u00e9s. Forte de mon expertise en improvisation th\u00e9\u00e2trale, j&#8217;anime via des techniques ludiques et corporelles. Nous d\u00e9veloppons la prise de parole, le rapport positif \u00e0 la prise de risque, le l\u00e2cher-prise, l&#8217;intelligence collective, la cr\u00e9ativit\u00e9, l&#8217;action ! F\u00e9ministe, je coache majoritairement des femmes dans leur vie personnelle et carri\u00e8re professionnelle. En 2020, j\u2019ai cr\u00e9\u00e9 le Wonder Impro Festival, premier festival f\u00e9ministe et inclusif d\u2019improvisation th\u00e9\u00e2trale \u00e0 Paris, et plus r\u00e9cemment le podcast \u201cArdentes\u201d qui donne la parole aux artistes femmes.<\/p>\n<p><strong>Son petit mot :<\/strong> C&#8217;est un beau cadeau que vous vous faites aujourd&#8217;hui ! J&#8217;ai h\u00e2te de partir \u00e0 l&#8217;aventure avec vous et d\u00e9couvrir vos supers pouvoirs !<strong><br \/>\n<\/strong><\/p>\n<p><strong>Son super pouvoir :\u00a0<\/strong>R\u00e9partie et spontan\u00e9it\u00e9 !<\/p>\n<p><strong>Pr\u00e9-requis<\/strong> <strong>:<\/strong> <span data-sheets-value=\"{&quot;1&quot;:2,&quot;2&quot;:&quot;nVous souhaitez vous inscrire \u00e0 cette session ? Merci d'indiquer votre besoin principal en remplissant ce questionnaire avant la session : https:\/\/airtable.com\/shrbpqpYDX8WKP0gJ nou communiquez-le par mail \u00e0 votre r\u00e9f\u00e9rente Empow'Her : nadege.serrero@empow-her.com&quot;}\" data-sheets-userformat=\"{&quot;2&quot;:4993,&quot;3&quot;:{&quot;1&quot;:0},&quot;10&quot;:1,&quot;11&quot;:4,&quot;12&quot;:0,&quot;15&quot;:&quot;Hind&quot;}\">Aucun !<\/span><\/p>\n<p><strong>Attention !<\/strong> \u00a0Veuillez vous pr\u00e9senter \u00e0 l\u2019heure pour que l\u2019activit\u00e9 puisse commencer \u00e0 temps. Si vous avez du retard veuillez pr\u00e9venir l\u2019intervenant.e. Si vous avez plus de 15 min de retard l\u2019intervenant.e se r\u00e9serve le droit de ne plus vous accepter pour le coaching ou l\u2019atelier.<\/p>\n","protected":false},"excerpt":{"rendered":"<p><strong>Besoins :<\/strong> Vous appr\u00e9hendez de prendre la parole en public ? Vous avez des blocages ou des peurs qui vous emp\u00eachent de vous pr\u00e9senter sereinement, de transmettre des messages importants, de pr\u00e9senter votre projet ? Vous souhaitez \u00eatre plus d\u00e9tendue \u00e0 l&#8217;oral et pouquoi pas m\u00eame y prendre go\u00fbt ?<\/p>\n<p><strong>Objectifs :<\/strong> d\u00e9mystifier la prise de parole afin d&#8217;en tirer le meilleur pour vos projets et pr\u00e9sentations.<br \/>\nNous allons \u00e0 votre rythme, de mani\u00e8re ludique et bienveillante afin de r\u00e9pondre \u00e0 vos besoins du moment.<\/p>\n<p><strong>D\u00e9roul\u00e9 :<\/strong><br \/>\n\u25cf Apports th\u00e9oriques en lien avec la psychologie comportementale et le coaching<br \/>\n\u25cf S\u00e9quences ludiques pour exp\u00e9rimenter et ancrer les apports th\u00e9oriques (jeux, mises en sc\u00e8ne\u2026)<br \/>\n\u25cf Temps d\u2019introspection personnelle pour approfondir vos r\u00e9flexions<br \/>\n\u25cf Moments d\u2019\u00e9change en groupe pour partager vos exp\u00e9riences, si vous le souhaitez, \u00e9largir vos perspectives et favoriser des prises de conscience gr\u00e2ce \u00e0 la dynamique collective.<\/p>\n<p><strong>Valentine Nogalo \u00a0: <\/strong>Je suis coach et com\u00e9dienne improvisatrice ! Anim\u00e9e par la volont\u00e9 d\u2019\u00e9changer dans la bienveillance et le plaisir, je sais proposer des accompagnements personnalis\u00e9s. Forte de mon expertise en improvisation th\u00e9\u00e2trale, j&#8217;anime via des techniques ludiques et corporelles. Nous d\u00e9veloppons la prise de parole, le rapport positif \u00e0 la prise de risque, le l\u00e2cher-prise, l&#8217;intelligence collective, la cr\u00e9ativit\u00e9, l&#8217;action ! F\u00e9ministe, je coache majoritairement des femmes dans leur vie personnelle et carri\u00e8re professionnelle. En 2020, j\u2019ai cr\u00e9\u00e9 le Wonder Impro Festival, premier festival f\u00e9ministe et inclusif d\u2019improvisation th\u00e9\u00e2trale \u00e0 Paris, et plus r\u00e9cemment le podcast \u201cArdentes\u201d qui donne la parole aux artistes femmes.<\/p>\n<p><strong>Son petit mot :<\/strong> C&#8217;est un beau cadeau que vous vous faites aujourd&#8217;hui ! J&#8217;ai h\u00e2te de partir \u00e0 l&#8217;aventure avec vous et d\u00e9couvrir vos supers pouvoirs !<strong><br \/>\n<\/strong><\/p>\n<p><strong>Son super pouvoir :\u00a0<\/strong>R\u00e9partie et spontan\u00e9it\u00e9 !<\/p>\n<p><strong>Pr\u00e9-requis<\/strong> <strong>:<\/strong> <span data-sheets-value=\"{&quot;1&quot;:2,&quot;2&quot;:&quot;nVous souhaitez vous inscrire \u00e0 cette session ? Merci d'indiquer votre besoin principal en remplissant ce questionnaire avant la session : https:\/\/airtable.com\/shrbpqpYDX8WKP0gJ nou communiquez-le par mail \u00e0 votre r\u00e9f\u00e9rente Empow'Her : nadege.serrero@empow-her.com&quot;}\" data-sheets-userformat=\"{&quot;2&quot;:4993,&quot;3&quot;:{&quot;1&quot;:0},&quot;10&quot;:1,&quot;11&quot;:4,&quot;12&quot;:0,&quot;15&quot;:&quot;Hind&quot;}\">Aucun !<\/span><\/p>\n<p><strong>Attention !<\/strong> \u00a0Veuillez vous pr\u00e9senter \u00e0 l\u2019heure pour que l\u2019activit\u00e9 puisse commencer \u00e0 temps. Si vous avez du retard veuillez pr\u00e9venir l\u2019intervenant.e. Si vous avez plus de 15 min de retard l\u2019intervenant.e se r\u00e9serve le droit de ne plus vous accepter pour le coaching ou l\u2019atelier.<\/p>\n","protected":false},"featured_media":269925,"template":"","format":"standard","meta":{"_acf_changed":false,"om_disable_all_campaigns":false,"_uf_show_specific_survey":0,"_uf_disable_surveys":false},"product_brand":[],"product_cat":[118],"product_tag":[],"lieu":[],"thematiques":[],"class_list":{"0":"post-269469","1":"product","2":"type-product","3":"status-publish","4":"format-standard","5":"has-post-thumbnail","7":"product_cat-atelier-collectif","9":"first","10":"instock","11":"virtual","12":"purchasable","13":"product-type-appointment"},"exclude_global_add_ons":[],"addons":[],"acf":[],"yoast_head":"<!-- This site is optimized with the Yoast SEO plugin v24.8 - https:\/\/yoast.com\/wordpress\/plugins\/seo\/ -->\n<title>Atelier - Pitcher son projet de mani\u00e8re authentique &amp; impactante - Empow&#039;Her<\/title>\n<meta name=\"robots\" content=\"index, follow, max-snippet:-1, max-image-preview:large, max-video-preview:-1\" \/>\n<link rel=\"canonical\" href=\"https:\/\/empow-her.com\/produit\/atelier-pitcher-son-projet-de-maniere-authentique-impactante\/\" \/>\n<meta property=\"og:locale\" content=\"en_US\" \/>\n<meta property=\"og:type\" content=\"article\" \/>\n<meta property=\"og:title\" content=\"Atelier - Pitcher son projet de mani\u00e8re authentique &amp; impactante - Empow&#039;Her\" \/>\n<meta property=\"og:description\" content=\"Besoins : Vous appr\u00e9hendez de prendre la parole en public ? Vous avez des blocages ou des peurs qui vous emp\u00eachent de vous pr\u00e9senter sereinement, de transmettre des messages importants, de pr\u00e9senter votre projet ? Vous souhaitez \u00eatre plus d\u00e9tendue \u00e0 l&#039;oral et pouquoi pas m\u00eame y prendre go\u00fbt ?  Objectifs : d\u00e9mystifier la prise de parole afin d&#039;en tirer le meilleur pour vos projets et pr\u00e9sentations. Nous allons \u00e0 votre rythme, de mani\u00e8re ludique et bienveillante afin de r\u00e9pondre \u00e0 vos besoins du moment.  D\u00e9roul\u00e9 : \u25cf Apports th\u00e9oriques en lien avec la psychologie comportementale et le coaching \u25cf S\u00e9quences ludiques pour exp\u00e9rimenter et ancrer les apports th\u00e9oriques (jeux, mises en sc\u00e8ne\u2026) \u25cf Temps d\u2019introspection personnelle pour approfondir vos r\u00e9flexions \u25cf Moments d\u2019\u00e9change en groupe pour partager vos exp\u00e9riences, si vous le souhaitez, \u00e9largir vos perspectives et favoriser des prises de conscience gr\u00e2ce \u00e0 la dynamique collective.  Valentine Nogalo \u00a0: Je suis coach et com\u00e9dienne improvisatrice ! Anim\u00e9e par la volont\u00e9 d\u2019\u00e9changer dans la bienveillance et le plaisir, je sais proposer des accompagnements personnalis\u00e9s. Forte de mon expertise en improvisation th\u00e9\u00e2trale, j&#039;anime via des techniques ludiques et corporelles. Nous d\u00e9veloppons la prise de parole, le rapport positif \u00e0 la prise de risque, le l\u00e2cher-prise, l&#039;intelligence collective, la cr\u00e9ativit\u00e9, l&#039;action ! F\u00e9ministe, je coache majoritairement des femmes dans leur vie personnelle et carri\u00e8re professionnelle. En 2020, j\u2019ai cr\u00e9\u00e9 le Wonder Impro Festival, premier festival f\u00e9ministe et inclusif d\u2019improvisation th\u00e9\u00e2trale \u00e0 Paris, et plus r\u00e9cemment le podcast \u201cArdentes\u201d qui donne la parole aux artistes femmes.  Son petit mot : C&#039;est un beau cadeau que vous vous faites aujourd&#039;hui ! J&#039;ai h\u00e2te de partir \u00e0 l&#039;aventure avec vous et d\u00e9couvrir vos supers pouvoirs !   Son super pouvoir :\u00a0R\u00e9partie et spontan\u00e9it\u00e9 !  Pr\u00e9-requis : Aucun !  Attention ! \u00a0Veuillez vous pr\u00e9senter \u00e0 l\u2019heure pour que l\u2019activit\u00e9 puisse commencer \u00e0 temps. Si vous avez du retard veuillez pr\u00e9venir l\u2019intervenant.e. Si vous avez plus de 15 min de retard l\u2019intervenant.e se r\u00e9serve le droit de ne plus vous accepter pour le coaching ou l\u2019atelier.\" \/>\n<meta property=\"og:url\" content=\"https:\/\/empow-her.com\/produit\/atelier-pitcher-son-projet-de-maniere-authentique-impactante\/\" \/>\n<meta property=\"og:site_name\" content=\"Empow&#039;Her\" \/>\n<meta property=\"article:modified_time\" content=\"2025-09-24T09:16:44+00:00\" \/>\n<meta property=\"og:image\" content=\"https:\/\/empow-her.com\/wp-content\/uploads\/2025\/08\/ATELIER-7.png\" \/>\n\t<meta property=\"og:image:width\" content=\"1080\" \/>\n\t<meta property=\"og:image:height\" content=\"1080\" \/>\n\t<meta property=\"og:image:type\" content=\"image\/png\" \/>\n<meta name=\"twitter:card\" content=\"summary_large_image\" \/>\n<meta name=\"twitter:label1\" content=\"Est. reading time\" \/>\n\t<meta name=\"twitter:data1\" content=\"2 minutes\" \/>\n<script type=\"application\/ld+json\" class=\"yoast-schema-graph\">{\"@context\":\"https:\/\/schema.org\",\"@graph\":[{\"@type\":\"WebPage\",\"@id\":\"https:\/\/empow-her.com\/produit\/atelier-pitcher-son-projet-de-maniere-authentique-impactante\/\",\"url\":\"https:\/\/empow-her.com\/produit\/atelier-pitcher-son-projet-de-maniere-authentique-impactante\/\",\"name\":\"Atelier - Pitcher son projet de mani\u00e8re authentique & impactante - Empow&#039;Her\",\"isPartOf\":{\"@id\":\"https:\/\/empow-her.com\/#website\"},\"primaryImageOfPage\":{\"@id\":\"https:\/\/empow-her.com\/produit\/atelier-pitcher-son-projet-de-maniere-authentique-impactante\/#primaryimage\"},\"image\":{\"@id\":\"https:\/\/empow-her.com\/produit\/atelier-pitcher-son-projet-de-maniere-authentique-impactante\/#primaryimage\"},\"thumbnailUrl\":\"https:\/\/empow-her.com\/wp-content\/uploads\/2025\/08\/ATELIER-7.png\",\"datePublished\":\"2025-08-28T13:22:57+00:00\",\"dateModified\":\"2025-09-24T09:16:44+00:00\",\"breadcrumb\":{\"@id\":\"https:\/\/empow-her.com\/produit\/atelier-pitcher-son-projet-de-maniere-authentique-impactante\/#breadcrumb\"},\"inLanguage\":\"en-US\",\"potentialAction\":[{\"@type\":\"ReadAction\",\"target\":[\"https:\/\/empow-her.com\/produit\/atelier-pitcher-son-projet-de-maniere-authentique-impactante\/\"]}]},{\"@type\":\"ImageObject\",\"inLanguage\":\"en-US\",\"@id\":\"https:\/\/empow-her.com\/produit\/atelier-pitcher-son-projet-de-maniere-authentique-impactante\/#primaryimage\",\"url\":\"https:\/\/empow-her.com\/wp-content\/uploads\/2025\/08\/ATELIER-7.png\",\"contentUrl\":\"https:\/\/empow-her.com\/wp-content\/uploads\/2025\/08\/ATELIER-7.png\",\"width\":1080,\"height\":1080},{\"@type\":\"BreadcrumbList\",\"@id\":\"https:\/\/empow-her.com\/produit\/atelier-pitcher-son-projet-de-maniere-authentique-impactante\/#breadcrumb\",\"itemListElement\":[{\"@type\":\"ListItem\",\"position\":1,\"name\":\"Accueil\",\"item\":\"https:\/\/empow-her.com\/en\/landing-page\/\"},{\"@type\":\"ListItem\",\"position\":2,\"name\":\"LA BOUTIQUE\",\"item\":\"https:\/\/empow-her.com\/boutique\/\"},{\"@type\":\"ListItem\",\"position\":3,\"name\":\"Atelier &#8211; Pitcher son projet de mani\u00e8re authentique &#038; impactante\"}]},{\"@type\":\"WebSite\",\"@id\":\"https:\/\/empow-her.com\/#website\",\"url\":\"https:\/\/empow-her.com\/\",\"name\":\"Empow&#039;Her\",\"description\":\"Women Development\",\"potentialAction\":[{\"@type\":\"SearchAction\",\"target\":{\"@type\":\"EntryPoint\",\"urlTemplate\":\"https:\/\/empow-her.com\/?s={search_term_string}\"},\"query-input\":{\"@type\":\"PropertyValueSpecification\",\"valueRequired\":true,\"valueName\":\"search_term_string\"}}],\"inLanguage\":\"en-US\"}]}<\/script>\n<!-- \/ Yoast SEO plugin. -->","yoast_head_json":{"title":"Atelier - Pitcher son projet de mani\u00e8re authentique & impactante - Empow&#039;Her","robots":{"index":"index","follow":"follow","max-snippet":"max-snippet:-1","max-image-preview":"max-image-preview:large","max-video-preview":"max-video-preview:-1"},"canonical":"https:\/\/empow-her.com\/produit\/atelier-pitcher-son-projet-de-maniere-authentique-impactante\/","og_locale":"en_US","og_type":"article","og_title":"Atelier - Pitcher son projet de mani\u00e8re authentique & impactante - Empow&#039;Her","og_description":"Besoins : Vous appr\u00e9hendez de prendre la parole en public ? Vous avez des blocages ou des peurs qui vous emp\u00eachent de vous pr\u00e9senter sereinement, de transmettre des messages importants, de pr\u00e9senter votre projet ? Vous souhaitez \u00eatre plus d\u00e9tendue \u00e0 l'oral et pouquoi pas m\u00eame y prendre go\u00fbt ?  Objectifs : d\u00e9mystifier la prise de parole afin d'en tirer le meilleur pour vos projets et pr\u00e9sentations. Nous allons \u00e0 votre rythme, de mani\u00e8re ludique et bienveillante afin de r\u00e9pondre \u00e0 vos besoins du moment.  D\u00e9roul\u00e9 : \u25cf Apports th\u00e9oriques en lien avec la psychologie comportementale et le coaching \u25cf S\u00e9quences ludiques pour exp\u00e9rimenter et ancrer les apports th\u00e9oriques (jeux, mises en sc\u00e8ne\u2026) \u25cf Temps d\u2019introspection personnelle pour approfondir vos r\u00e9flexions \u25cf Moments d\u2019\u00e9change en groupe pour partager vos exp\u00e9riences, si vous le souhaitez, \u00e9largir vos perspectives et favoriser des prises de conscience gr\u00e2ce \u00e0 la dynamique collective.  Valentine Nogalo \u00a0: Je suis coach et com\u00e9dienne improvisatrice ! Anim\u00e9e par la volont\u00e9 d\u2019\u00e9changer dans la bienveillance et le plaisir, je sais proposer des accompagnements personnalis\u00e9s. Forte de mon expertise en improvisation th\u00e9\u00e2trale, j'anime via des techniques ludiques et corporelles. Nous d\u00e9veloppons la prise de parole, le rapport positif \u00e0 la prise de risque, le l\u00e2cher-prise, l'intelligence collective, la cr\u00e9ativit\u00e9, l'action ! F\u00e9ministe, je coache majoritairement des femmes dans leur vie personnelle et carri\u00e8re professionnelle. En 2020, j\u2019ai cr\u00e9\u00e9 le Wonder Impro Festival, premier festival f\u00e9ministe et inclusif d\u2019improvisation th\u00e9\u00e2trale \u00e0 Paris, et plus r\u00e9cemment le podcast \u201cArdentes\u201d qui donne la parole aux artistes femmes.  Son petit mot : C'est un beau cadeau que vous vous faites aujourd'hui ! J'ai h\u00e2te de partir \u00e0 l'aventure avec vous et d\u00e9couvrir vos supers pouvoirs !   Son super pouvoir :\u00a0R\u00e9partie et spontan\u00e9it\u00e9 !  Pr\u00e9-requis : Aucun !  Attention ! \u00a0Veuillez vous pr\u00e9senter \u00e0 l\u2019heure pour que l\u2019activit\u00e9 puisse commencer \u00e0 temps. Si vous avez du retard veuillez pr\u00e9venir l\u2019intervenant.e. Si vous avez plus de 15 min de retard l\u2019intervenant.e se r\u00e9serve le droit de ne plus vous accepter pour le coaching ou l\u2019atelier.","og_url":"https:\/\/empow-her.com\/produit\/atelier-pitcher-son-projet-de-maniere-authentique-impactante\/","og_site_name":"Empow&#039;Her","article_modified_time":"2025-09-24T09:16:44+00:00","og_image":[{"width":1080,"height":1080,"url":"https:\/\/empow-her.com\/wp-content\/uploads\/2025\/08\/ATELIER-7.png","type":"image\/png"}],"twitter_card":"summary_large_image","twitter_misc":{"Est. reading time":"2 minutes"},"schema":{"@context":"https:\/\/schema.org","@graph":[{"@type":"WebPage","@id":"https:\/\/empow-her.com\/produit\/atelier-pitcher-son-projet-de-maniere-authentique-impactante\/","url":"https:\/\/empow-her.com\/produit\/atelier-pitcher-son-projet-de-maniere-authentique-impactante\/","name":"Atelier - Pitcher son projet de mani\u00e8re authentique & impactante - Empow&#039;Her","isPartOf":{"@id":"https:\/\/empow-her.com\/#website"},"primaryImageOfPage":{"@id":"https:\/\/empow-her.com\/produit\/atelier-pitcher-son-projet-de-maniere-authentique-impactante\/#primaryimage"},"image":{"@id":"https:\/\/empow-her.com\/produit\/atelier-pitcher-son-projet-de-maniere-authentique-impactante\/#primaryimage"},"thumbnailUrl":"https:\/\/empow-her.com\/wp-content\/uploads\/2025\/08\/ATELIER-7.png","datePublished":"2025-08-28T13:22:57+00:00","dateModified":"2025-09-24T09:16:44+00:00","breadcrumb":{"@id":"https:\/\/empow-her.com\/produit\/atelier-pitcher-son-projet-de-maniere-authentique-impactante\/#breadcrumb"},"inLanguage":"en-US","potentialAction":[{"@type":"ReadAction","target":["https:\/\/empow-her.com\/produit\/atelier-pitcher-son-projet-de-maniere-authentique-impactante\/"]}]},{"@type":"ImageObject","inLanguage":"en-US","@id":"https:\/\/empow-her.com\/produit\/atelier-pitcher-son-projet-de-maniere-authentique-impactante\/#primaryimage","url":"https:\/\/empow-her.com\/wp-content\/uploads\/2025\/08\/ATELIER-7.png","contentUrl":"https:\/\/empow-her.com\/wp-content\/uploads\/2025\/08\/ATELIER-7.png","width":1080,"height":1080},{"@type":"BreadcrumbList","@id":"https:\/\/empow-her.com\/produit\/atelier-pitcher-son-projet-de-maniere-authentique-impactante\/#breadcrumb","itemListElement":[{"@type":"ListItem","position":1,"name":"Accueil","item":"https:\/\/empow-her.com\/en\/landing-page\/"},{"@type":"ListItem","position":2,"name":"LA BOUTIQUE","item":"https:\/\/empow-her.com\/boutique\/"},{"@type":"ListItem","position":3,"name":"Atelier &#8211; Pitcher son projet de mani\u00e8re authentique &#038; impactante"}]},{"@type":"WebSite","@id":"https:\/\/empow-her.com\/#website","url":"https:\/\/empow-her.com\/","name":"Empow&#039;Her","description":"Women Development","potentialAction":[{"@type":"SearchAction","target":{"@type":"EntryPoint","urlTemplate":"https:\/\/empow-her.com\/?s={search_term_string}"},"query-input":{"@type":"PropertyValueSpecification","valueRequired":true,"valueName":"search_term_string"}}],"inLanguage":"en-US"}]}},"_links":{"self":[{"href":"https:\/\/empow-her.com\/en\/wp-json\/wp\/v2\/product\/269469","targetHints":{"allow":["GET"]}}],"collection":[{"href":"https:\/\/empow-her.com\/en\/wp-json\/wp\/v2\/product"}],"about":[{"href":"https:\/\/empow-her.com\/en\/wp-json\/wp\/v2\/types\/product"}],"wp:featuredmedia":[{"embeddable":true,"href":"https:\/\/empow-her.com\/en\/wp-json\/wp\/v2\/media\/269925"}],"wp:attachment":[{"href":"https:\/\/empow-her.com\/en\/wp-json\/wp\/v2\/media?parent=269469"}],"wp:term":[{"taxonomy":"product_brand","embeddable":true,"href":"https:\/\/empow-her.com\/en\/wp-json\/wp\/v2\/product_brand?post=269469"},{"taxonomy":"product_cat","embeddable":true,"href":"https:\/\/empow-her.com\/en\/wp-json\/wp\/v2\/product_cat?post=269469"},{"taxonomy":"product_tag","embeddable":true,"href":"https:\/\/empow-her.com\/en\/wp-json\/wp\/v2\/product_tag?post=269469"},{"taxonomy":"lieu","embeddable":true,"href":"https:\/\/empow-her.com\/en\/wp-json\/wp\/v2\/lieu?post=269469"},{"taxonomy":"thematiques","embeddable":true,"href":"https:\/\/empow-her.com\/en\/wp-json\/wp\/v2\/thematiques?post=269469"}],"curies":[{"name":"wp","href":"https:\/\/api.w.org\/{rel}","templated":true}]}}