{"id":269452,"date":"2025-08-28T14:46:00","date_gmt":"2025-08-28T12:46:00","guid":{"rendered":"https:\/\/empow-her.com\/?post_type=product&#038;p=269452"},"modified":"2025-08-28T14:47:17","modified_gmt":"2025-08-28T12:47:17","slug":"coaching-business-plan-financement-22","status":"publish","type":"product","link":"https:\/\/empow-her.com\/en\/produit\/coaching-business-plan-financement-22\/","title":{"rendered":"Coaching -Business plan &#038; Financement"},"content":{"rendered":"<p><span data-sheets-root=\"1\"><strong> Coaching &#8211; Business plan &amp; financement<\/strong><\/span><\/p>\n<p><span data-sheets-root=\"1\"><br \/>\n<em>1h de coaching pour comprendre le financement et la gestion financi\u00e8re de votre projet<\/em><\/span><\/p>\n<p>Vous avez des questions sur le financement, le pr\u00e9visionnel, la comptabilit\u00e9 ou la r\u00e9daction de votre Business Plan ? Vous aimeriez y voir plus clair pour structurer votre projet sereinement ? Ce coaching individuel avec un.e expert.e du financement vous permettra d&#8217;explorer les aspects cl\u00e9s de la gestion financi\u00e8re et d&#8217;identifier les solutions adapt\u00e9es \u00e0 votre projet.<\/p>\n<p><strong>Ce que nous pouvons aborder<\/strong><\/p>\n<ul>\n<li><strong>Affiner vos pr\u00e9visions budg\u00e9taires<\/strong> : D\u00e9terminer les investissements n\u00e9cessaires et structurer votre plan de financement.<\/li>\n<li><strong>R\u00e9diger un Business Plan solide<\/strong> : Construire un pr\u00e9visionnel financier clair et coh\u00e9rent pour convaincre vos partenaires et financeurs.<\/li>\n<li><strong>Explorer les solutions de financement adapt\u00e9es :<\/strong> Identifier les dispositifs les plus pertinents selon votre projet et votre situation.<\/li>\n<li><strong>Comprendre les bases de la comptabilit\u00e9 :<\/strong> D\u00e9couvrir vos obligations comptables en tant qu\u2019entrepreneur.e et apprendre \u00e0 organiser votre gestion financi\u00e8re.<\/li>\n<\/ul>\n<p>Une heure pour clarifier vos enjeux financiers et avancer avec confiance dans le d\u00e9veloppement de votre projet !<\/p>\n<p><strong>Pr\u00e9sentation de l&#8217;intervenante: Aya<\/strong><\/p>\n<p><span data-sheets-root=\"1\"><strong>Son super pouvoir:<\/strong> Transforme vos id\u00e9es g\u00e9niales en super business plans<\/span><\/p>\n<p><strong>Son petit mot<\/strong>: L&#8217;entrepreneuriat est un processus d&#8217;apprentissage continu. Si vous doutez, c&#8217;est que vous \u00eates sur la bonne voie !<\/p>\n","protected":false},"excerpt":{"rendered":"<p><span data-sheets-root=\"1\"><strong> Coaching &#8211; Business plan &amp; financement<\/strong><\/span><\/p>\n<p><span data-sheets-root=\"1\"><br \/>\n<em>1h de coaching pour comprendre le financement et la gestion financi\u00e8re de votre projet<\/em><\/span><\/p>\n<p>Vous avez des questions sur le financement, le pr\u00e9visionnel, la comptabilit\u00e9 ou la r\u00e9daction de votre Business Plan ? Vous aimeriez y voir plus clair pour structurer votre projet sereinement ? Ce coaching individuel avec un.e expert.e du financement vous permettra d&#8217;explorer les aspects cl\u00e9s de la gestion financi\u00e8re et d&#8217;identifier les solutions adapt\u00e9es \u00e0 votre projet.<\/p>\n<p><strong>Ce que nous pouvons aborder<\/strong><\/p>\n<ul>\n<li><strong>Affiner vos pr\u00e9visions budg\u00e9taires<\/strong> : D\u00e9terminer les investissements n\u00e9cessaires et structurer votre plan de financement.<\/li>\n<li><strong>R\u00e9diger un Business Plan solide<\/strong> : Construire un pr\u00e9visionnel financier clair et coh\u00e9rent pour convaincre vos partenaires et financeurs.<\/li>\n<li><strong>Explorer les solutions de financement adapt\u00e9es :<\/strong> Identifier les dispositifs les plus pertinents selon votre projet et votre situation.<\/li>\n<li><strong>Comprendre les bases de la comptabilit\u00e9 :<\/strong> D\u00e9couvrir vos obligations comptables en tant qu\u2019entrepreneur.e et apprendre \u00e0 organiser votre gestion financi\u00e8re.<\/li>\n<\/ul>\n<p>Une heure pour clarifier vos enjeux financiers et avancer avec confiance dans le d\u00e9veloppement de votre projet !<\/p>\n<p><strong>Pr\u00e9sentation de l&#8217;intervenante: Aya<\/strong><\/p>\n<p><span data-sheets-root=\"1\"><strong>Son super pouvoir:<\/strong> Transforme vos id\u00e9es g\u00e9niales en super business plans<\/span><\/p>\n<p><strong>Son petit mot<\/strong>: L&#8217;entrepreneuriat est un processus d&#8217;apprentissage continu. Si vous doutez, c&#8217;est que vous \u00eates sur la bonne voie !<\/p>\n","protected":false},"featured_media":268759,"template":"","format":"standard","meta":{"_acf_changed":false,"om_disable_all_campaigns":false,"_uf_show_specific_survey":0,"_uf_disable_surveys":false},"product_brand":[],"product_cat":[121],"product_tag":[143],"lieu":[125],"thematiques":[],"class_list":{"0":"post-269452","1":"product","2":"type-product","3":"status-publish","4":"format-standard","5":"has-post-thumbnail","7":"product_cat-coaching","8":"product_tag-en-ligne","9":"lieu-en-ligne","11":"first","12":"instock","13":"virtual","14":"purchasable","15":"product-type-appointment"},"exclude_global_add_ons":[],"addons":[],"acf":[],"yoast_head":"<!-- This site is optimized with the Yoast SEO plugin v24.8 - https:\/\/yoast.com\/wordpress\/plugins\/seo\/ -->\n<title>Coaching - Strat\u00e9gie &amp; prospection commercial<\/title>\n<meta name=\"robots\" content=\"index, follow, max-snippet:-1, max-image-preview:large, max-video-preview:-1\" \/>\n<link rel=\"canonical\" href=\"https:\/\/empow-her.com\/produit\/coaching-business-plan-financement-22\/\" \/>\n<meta property=\"og:locale\" content=\"en_US\" \/>\n<meta property=\"og:type\" content=\"article\" \/>\n<meta property=\"og:title\" content=\"Coaching - Strat\u00e9gie &amp; prospection commercial\" \/>\n<meta property=\"og:description\" content=\"Coaching - Business plan &amp; financement   1h de coaching pour comprendre le financement et la gestion financi\u00e8re de votre projet  Vous avez des questions sur le financement, le pr\u00e9visionnel, la comptabilit\u00e9 ou la r\u00e9daction de votre Business Plan ? Vous aimeriez y voir plus clair pour structurer votre projet sereinement ? Ce coaching individuel avec un.e expert.e du financement vous permettra d&#039;explorer les aspects cl\u00e9s de la gestion financi\u00e8re et d&#039;identifier les solutions adapt\u00e9es \u00e0 votre projet.  Ce que nous pouvons aborder   Affiner vos pr\u00e9visions budg\u00e9taires : D\u00e9terminer les investissements n\u00e9cessaires et structurer votre plan de financement.  R\u00e9diger un Business Plan solide : Construire un pr\u00e9visionnel financier clair et coh\u00e9rent pour convaincre vos partenaires et financeurs.  Explorer les solutions de financement adapt\u00e9es : Identifier les dispositifs les plus pertinents selon votre projet et votre situation.  Comprendre les bases de la comptabilit\u00e9 : D\u00e9couvrir vos obligations comptables en tant qu\u2019entrepreneur.e et apprendre \u00e0 organiser votre gestion financi\u00e8re.  Une heure pour clarifier vos enjeux financiers et avancer avec confiance dans le d\u00e9veloppement de votre projet !  Pr\u00e9sentation de l&#039;intervenante: Aya  Son super pouvoir: Transforme vos id\u00e9es g\u00e9niales en super business plans  Son petit mot: L&#039;entrepreneuriat est un processus d&#039;apprentissage continu. Si vous doutez, c&#039;est que vous \u00eates sur la bonne voie !\" \/>\n<meta property=\"og:url\" content=\"https:\/\/empow-her.com\/produit\/coaching-business-plan-financement-22\/\" \/>\n<meta property=\"og:site_name\" content=\"Empow&#039;Her\" \/>\n<meta property=\"article:modified_time\" content=\"2025-08-28T12:47:17+00:00\" \/>\n<meta property=\"og:image\" content=\"https:\/\/empow-her.com\/wp-content\/uploads\/2025\/07\/COACHING-2-1.png\" \/>\n\t<meta property=\"og:image:width\" content=\"1080\" \/>\n\t<meta property=\"og:image:height\" content=\"1080\" \/>\n\t<meta property=\"og:image:type\" content=\"image\/png\" \/>\n<meta name=\"twitter:card\" content=\"summary_large_image\" \/>\n<meta name=\"twitter:label1\" content=\"Est. reading time\" \/>\n\t<meta name=\"twitter:data1\" content=\"2 minutes\" \/>\n<script type=\"application\/ld+json\" class=\"yoast-schema-graph\">{\"@context\":\"https:\/\/schema.org\",\"@graph\":[{\"@type\":\"WebPage\",\"@id\":\"https:\/\/empow-her.com\/produit\/coaching-business-plan-financement-22\/\",\"url\":\"https:\/\/empow-her.com\/produit\/coaching-business-plan-financement-22\/\",\"name\":\"Coaching - Strat\u00e9gie & prospection commercial\",\"isPartOf\":{\"@id\":\"https:\/\/empow-her.com\/#website\"},\"primaryImageOfPage\":{\"@id\":\"https:\/\/empow-her.com\/produit\/coaching-business-plan-financement-22\/#primaryimage\"},\"image\":{\"@id\":\"https:\/\/empow-her.com\/produit\/coaching-business-plan-financement-22\/#primaryimage\"},\"thumbnailUrl\":\"https:\/\/empow-her.com\/wp-content\/uploads\/2025\/07\/COACHING-2-1.png\",\"datePublished\":\"2025-08-28T12:46:00+00:00\",\"dateModified\":\"2025-08-28T12:47:17+00:00\",\"breadcrumb\":{\"@id\":\"https:\/\/empow-her.com\/produit\/coaching-business-plan-financement-22\/#breadcrumb\"},\"inLanguage\":\"en-US\",\"potentialAction\":[{\"@type\":\"ReadAction\",\"target\":[\"https:\/\/empow-her.com\/produit\/coaching-business-plan-financement-22\/\"]}]},{\"@type\":\"ImageObject\",\"inLanguage\":\"en-US\",\"@id\":\"https:\/\/empow-her.com\/produit\/coaching-business-plan-financement-22\/#primaryimage\",\"url\":\"https:\/\/empow-her.com\/wp-content\/uploads\/2025\/07\/COACHING-2-1.png\",\"contentUrl\":\"https:\/\/empow-her.com\/wp-content\/uploads\/2025\/07\/COACHING-2-1.png\",\"width\":1080,\"height\":1080},{\"@type\":\"BreadcrumbList\",\"@id\":\"https:\/\/empow-her.com\/produit\/coaching-business-plan-financement-22\/#breadcrumb\",\"itemListElement\":[{\"@type\":\"ListItem\",\"position\":1,\"name\":\"Accueil\",\"item\":\"https:\/\/empow-her.com\/en\/landing-page\/\"},{\"@type\":\"ListItem\",\"position\":2,\"name\":\"LA BOUTIQUE\",\"item\":\"https:\/\/empow-her.com\/boutique\/\"},{\"@type\":\"ListItem\",\"position\":3,\"name\":\"Coaching -Business plan &#038; Financement\"}]},{\"@type\":\"WebSite\",\"@id\":\"https:\/\/empow-her.com\/#website\",\"url\":\"https:\/\/empow-her.com\/\",\"name\":\"Empow&#039;Her\",\"description\":\"Women Development\",\"potentialAction\":[{\"@type\":\"SearchAction\",\"target\":{\"@type\":\"EntryPoint\",\"urlTemplate\":\"https:\/\/empow-her.com\/?s={search_term_string}\"},\"query-input\":{\"@type\":\"PropertyValueSpecification\",\"valueRequired\":true,\"valueName\":\"search_term_string\"}}],\"inLanguage\":\"en-US\"}]}<\/script>\n<!-- \/ Yoast SEO plugin. -->","yoast_head_json":{"title":"Coaching - Strat\u00e9gie & prospection commercial","robots":{"index":"index","follow":"follow","max-snippet":"max-snippet:-1","max-image-preview":"max-image-preview:large","max-video-preview":"max-video-preview:-1"},"canonical":"https:\/\/empow-her.com\/produit\/coaching-business-plan-financement-22\/","og_locale":"en_US","og_type":"article","og_title":"Coaching - Strat\u00e9gie & prospection commercial","og_description":"Coaching - Business plan &amp; financement   1h de coaching pour comprendre le financement et la gestion financi\u00e8re de votre projet  Vous avez des questions sur le financement, le pr\u00e9visionnel, la comptabilit\u00e9 ou la r\u00e9daction de votre Business Plan ? Vous aimeriez y voir plus clair pour structurer votre projet sereinement ? Ce coaching individuel avec un.e expert.e du financement vous permettra d'explorer les aspects cl\u00e9s de la gestion financi\u00e8re et d'identifier les solutions adapt\u00e9es \u00e0 votre projet.  Ce que nous pouvons aborder   Affiner vos pr\u00e9visions budg\u00e9taires : D\u00e9terminer les investissements n\u00e9cessaires et structurer votre plan de financement.  R\u00e9diger un Business Plan solide : Construire un pr\u00e9visionnel financier clair et coh\u00e9rent pour convaincre vos partenaires et financeurs.  Explorer les solutions de financement adapt\u00e9es : Identifier les dispositifs les plus pertinents selon votre projet et votre situation.  Comprendre les bases de la comptabilit\u00e9 : D\u00e9couvrir vos obligations comptables en tant qu\u2019entrepreneur.e et apprendre \u00e0 organiser votre gestion financi\u00e8re.  Une heure pour clarifier vos enjeux financiers et avancer avec confiance dans le d\u00e9veloppement de votre projet !  Pr\u00e9sentation de l'intervenante: Aya  Son super pouvoir: Transforme vos id\u00e9es g\u00e9niales en super business plans  Son petit mot: L'entrepreneuriat est un processus d'apprentissage continu. Si vous doutez, c'est que vous \u00eates sur la bonne voie !","og_url":"https:\/\/empow-her.com\/produit\/coaching-business-plan-financement-22\/","og_site_name":"Empow&#039;Her","article_modified_time":"2025-08-28T12:47:17+00:00","og_image":[{"width":1080,"height":1080,"url":"https:\/\/empow-her.com\/wp-content\/uploads\/2025\/07\/COACHING-2-1.png","type":"image\/png"}],"twitter_card":"summary_large_image","twitter_misc":{"Est. reading time":"2 minutes"},"schema":{"@context":"https:\/\/schema.org","@graph":[{"@type":"WebPage","@id":"https:\/\/empow-her.com\/produit\/coaching-business-plan-financement-22\/","url":"https:\/\/empow-her.com\/produit\/coaching-business-plan-financement-22\/","name":"Coaching - Strat\u00e9gie & prospection commercial","isPartOf":{"@id":"https:\/\/empow-her.com\/#website"},"primaryImageOfPage":{"@id":"https:\/\/empow-her.com\/produit\/coaching-business-plan-financement-22\/#primaryimage"},"image":{"@id":"https:\/\/empow-her.com\/produit\/coaching-business-plan-financement-22\/#primaryimage"},"thumbnailUrl":"https:\/\/empow-her.com\/wp-content\/uploads\/2025\/07\/COACHING-2-1.png","datePublished":"2025-08-28T12:46:00+00:00","dateModified":"2025-08-28T12:47:17+00:00","breadcrumb":{"@id":"https:\/\/empow-her.com\/produit\/coaching-business-plan-financement-22\/#breadcrumb"},"inLanguage":"en-US","potentialAction":[{"@type":"ReadAction","target":["https:\/\/empow-her.com\/produit\/coaching-business-plan-financement-22\/"]}]},{"@type":"ImageObject","inLanguage":"en-US","@id":"https:\/\/empow-her.com\/produit\/coaching-business-plan-financement-22\/#primaryimage","url":"https:\/\/empow-her.com\/wp-content\/uploads\/2025\/07\/COACHING-2-1.png","contentUrl":"https:\/\/empow-her.com\/wp-content\/uploads\/2025\/07\/COACHING-2-1.png","width":1080,"height":1080},{"@type":"BreadcrumbList","@id":"https:\/\/empow-her.com\/produit\/coaching-business-plan-financement-22\/#breadcrumb","itemListElement":[{"@type":"ListItem","position":1,"name":"Accueil","item":"https:\/\/empow-her.com\/en\/landing-page\/"},{"@type":"ListItem","position":2,"name":"LA BOUTIQUE","item":"https:\/\/empow-her.com\/boutique\/"},{"@type":"ListItem","position":3,"name":"Coaching -Business plan &#038; Financement"}]},{"@type":"WebSite","@id":"https:\/\/empow-her.com\/#website","url":"https:\/\/empow-her.com\/","name":"Empow&#039;Her","description":"Women Development","potentialAction":[{"@type":"SearchAction","target":{"@type":"EntryPoint","urlTemplate":"https:\/\/empow-her.com\/?s={search_term_string}"},"query-input":{"@type":"PropertyValueSpecification","valueRequired":true,"valueName":"search_term_string"}}],"inLanguage":"en-US"}]}},"_links":{"self":[{"href":"https:\/\/empow-her.com\/en\/wp-json\/wp\/v2\/product\/269452","targetHints":{"allow":["GET"]}}],"collection":[{"href":"https:\/\/empow-her.com\/en\/wp-json\/wp\/v2\/product"}],"about":[{"href":"https:\/\/empow-her.com\/en\/wp-json\/wp\/v2\/types\/product"}],"wp:featuredmedia":[{"embeddable":true,"href":"https:\/\/empow-her.com\/en\/wp-json\/wp\/v2\/media\/268759"}],"wp:attachment":[{"href":"https:\/\/empow-her.com\/en\/wp-json\/wp\/v2\/media?parent=269452"}],"wp:term":[{"taxonomy":"product_brand","embeddable":true,"href":"https:\/\/empow-her.com\/en\/wp-json\/wp\/v2\/product_brand?post=269452"},{"taxonomy":"product_cat","embeddable":true,"href":"https:\/\/empow-her.com\/en\/wp-json\/wp\/v2\/product_cat?post=269452"},{"taxonomy":"product_tag","embeddable":true,"href":"https:\/\/empow-her.com\/en\/wp-json\/wp\/v2\/product_tag?post=269452"},{"taxonomy":"lieu","embeddable":true,"href":"https:\/\/empow-her.com\/en\/wp-json\/wp\/v2\/lieu?post=269452"},{"taxonomy":"thematiques","embeddable":true,"href":"https:\/\/empow-her.com\/en\/wp-json\/wp\/v2\/thematiques?post=269452"}],"curies":[{"name":"wp","href":"https:\/\/api.w.org\/{rel}","templated":true}]}}