{"id":269427,"date":"2025-08-27T13:58:29","date_gmt":"2025-08-27T11:58:29","guid":{"rendered":"https:\/\/empow-her.com\/?post_type=product&#038;p=269427"},"modified":"2025-08-27T14:11:38","modified_gmt":"2025-08-27T12:11:38","slug":"sprint-action-valider-son-plan-daction-5","status":"publish","type":"product","link":"https:\/\/empow-her.com\/en\/produit\/sprint-action-valider-son-plan-daction-5\/","title":{"rendered":"Sprint action &#8211; valider son plan d&#8217;action"},"content":{"rendered":"<p><span data-sheets-root=\"1\"><strong> 30 minutes pour valider votre plan d\u2019actions ou affiner votre argumentaire commercial<\/strong><\/p>\n<p>Vous avez d\u00e9j\u00e0 structur\u00e9 un plan d\u2019action ou r\u00e9dig\u00e9 un argumentaire commercial, mais vous souhaitez avoir un regard ext\u00e9rieur pour le challenger, l\u2019am\u00e9liorer et gagner en impact ? Ce format court est fait pour vous !<\/p>\n<p>En 30 minutes chrono, b\u00e9n\u00e9ficiez de retours concrets, de suggestions cibl\u00e9es et de pistes d\u2019ajustement pour renforcer l\u2019efficacit\u00e9 de votre d\u00e9marche.<\/p>\n<p><strong> Ce que nous pouvons faire ensemble :<\/strong><\/p>\n<p>\u2705 Challenger votre plan d\u2019action<br \/>\nIdentifier les points forts et les axes d&#8217;am\u00e9lioration pour rendre votre plan plus strat\u00e9gique, r\u00e9aliste et orient\u00e9 r\u00e9sultats.<\/p>\n<p><strong> Affiner votre argumentaire<\/strong><br \/>\nAm\u00e9liorer la clart\u00e9, la pertinence et la force de votre discours pour mieux convaincre vos prospects ou partenaires.<\/p>\n<p><strong> Formuler des recommandations concr\u00e8tes<\/strong><br \/>\nRecevoir des propositions d\u2019optimisation directement activables, adapt\u00e9es \u00e0 vos objectifs et \u00e0 votre cible.<\/p>\n<p><strong> Ce que vous pouvez pr\u00e9parer en amont<\/strong><br \/>\nPensez \u00e0 partager en avance votre plan d\u2019action ou votre support d\u2019argumentaire avec l\u2019\u00e9quipe d\u2019accompagnement Empow&#8217;Her, ainsi que vos interrogations ou besoins prioritaires.<\/p>\n<p>Un format express, mais ultra-cibl\u00e9, pour gagner en clart\u00e9 et passer \u00e0 l\u2019action avec confiance ! \u26a1\ufe0f<\/span><\/p>\n<p><strong>Pr\u00e9sentation de l&#8217;intervenante: Alice<\/strong><\/p>\n<p><strong>Son super pouvoir<\/strong>: J&#8217;ai r\u00e9ponse \u00e0 tout (mais je ne garantis pas qu&#8217;on aime la r\u00e9ponse \u00e0 chaque fois)<\/p>\n<p><strong>Son petit mot<\/strong>: N&#8217;ayez pas peur d&#8217;oser mais ne vous oubliez jamais.<\/p>\n","protected":false},"excerpt":{"rendered":"<p><span data-sheets-root=\"1\"><strong> 30 minutes pour valider votre plan d\u2019actions ou affiner votre argumentaire commercial<\/strong><\/p>\n<p>Vous avez d\u00e9j\u00e0 structur\u00e9 un plan d\u2019action ou r\u00e9dig\u00e9 un argumentaire commercial, mais vous souhaitez avoir un regard ext\u00e9rieur pour le challenger, l\u2019am\u00e9liorer et gagner en impact ? Ce format court est fait pour vous !<\/p>\n<p>En 30 minutes chrono, b\u00e9n\u00e9ficiez de retours concrets, de suggestions cibl\u00e9es et de pistes d\u2019ajustement pour renforcer l\u2019efficacit\u00e9 de votre d\u00e9marche.<\/p>\n<p><strong> Ce que nous pouvons faire ensemble :<\/strong><\/p>\n<p>\u2705 Challenger votre plan d\u2019action<br \/>\nIdentifier les points forts et les axes d&#8217;am\u00e9lioration pour rendre votre plan plus strat\u00e9gique, r\u00e9aliste et orient\u00e9 r\u00e9sultats.<\/p>\n<p><strong> Affiner votre argumentaire<\/strong><br \/>\nAm\u00e9liorer la clart\u00e9, la pertinence et la force de votre discours pour mieux convaincre vos prospects ou partenaires.<\/p>\n<p><strong> Formuler des recommandations concr\u00e8tes<\/strong><br \/>\nRecevoir des propositions d\u2019optimisation directement activables, adapt\u00e9es \u00e0 vos objectifs et \u00e0 votre cible.<\/p>\n<p><strong> Ce que vous pouvez pr\u00e9parer en amont<\/strong><br \/>\nPensez \u00e0 partager en avance votre plan d\u2019action ou votre support d\u2019argumentaire avec l\u2019\u00e9quipe d\u2019accompagnement Empow&#8217;Her, ainsi que vos interrogations ou besoins prioritaires.<\/p>\n<p>Un format express, mais ultra-cibl\u00e9, pour gagner en clart\u00e9 et passer \u00e0 l\u2019action avec confiance ! \u26a1\ufe0f<\/span><\/p>\n<p><strong>Pr\u00e9sentation de l&#8217;intervenante: Alice<\/strong><\/p>\n<p><strong>Son super pouvoir<\/strong>: J&#8217;ai r\u00e9ponse \u00e0 tout (mais je ne garantis pas qu&#8217;on aime la r\u00e9ponse \u00e0 chaque fois)<\/p>\n<p><strong>Son petit mot<\/strong>: N&#8217;ayez pas peur d&#8217;oser mais ne vous oubliez jamais.<\/p>\n","protected":false},"featured_media":269060,"template":"","format":"standard","meta":{"_acf_changed":false,"om_disable_all_campaigns":false,"_uf_show_specific_survey":0,"_uf_disable_surveys":false},"product_brand":[],"product_cat":[218],"product_tag":[143],"lieu":[125],"thematiques":[],"class_list":{"0":"post-269427","1":"product","2":"type-product","3":"status-publish","4":"format-standard","5":"has-post-thumbnail","7":"product_cat-sprint-action","8":"product_tag-en-ligne","9":"lieu-en-ligne","11":"first","12":"instock","13":"virtual","14":"purchasable","15":"product-type-appointment"},"exclude_global_add_ons":[],"addons":[],"acf":[],"yoast_head":"<!-- This site is optimized with the Yoast SEO plugin v24.8 - https:\/\/yoast.com\/wordpress\/plugins\/seo\/ -->\n<title>Sprint action - valider son plan d&#039;action<\/title>\n<meta name=\"robots\" content=\"index, follow, max-snippet:-1, max-image-preview:large, max-video-preview:-1\" \/>\n<link rel=\"canonical\" href=\"https:\/\/empow-her.com\/produit\/sprint-action-valider-son-plan-daction-5\/\" \/>\n<meta property=\"og:locale\" content=\"en_US\" \/>\n<meta property=\"og:type\" content=\"article\" \/>\n<meta property=\"og:title\" content=\"Sprint action - valider son plan d&#039;action\" \/>\n<meta property=\"og:description\" content=\"30 minutes pour valider votre plan d\u2019actions ou affiner votre argumentaire commercial  Vous avez d\u00e9j\u00e0 structur\u00e9 un plan d\u2019action ou r\u00e9dig\u00e9 un argumentaire commercial, mais vous souhaitez avoir un regard ext\u00e9rieur pour le challenger, l\u2019am\u00e9liorer et gagner en impact ? Ce format court est fait pour vous !  En 30 minutes chrono, b\u00e9n\u00e9ficiez de retours concrets, de suggestions cibl\u00e9es et de pistes d\u2019ajustement pour renforcer l\u2019efficacit\u00e9 de votre d\u00e9marche.   Ce que nous pouvons faire ensemble :  \u2705 Challenger votre plan d\u2019action Identifier les points forts et les axes d&#039;am\u00e9lioration pour rendre votre plan plus strat\u00e9gique, r\u00e9aliste et orient\u00e9 r\u00e9sultats.   Affiner votre argumentaire Am\u00e9liorer la clart\u00e9, la pertinence et la force de votre discours pour mieux convaincre vos prospects ou partenaires.   Formuler des recommandations concr\u00e8tes Recevoir des propositions d\u2019optimisation directement activables, adapt\u00e9es \u00e0 vos objectifs et \u00e0 votre cible.   Ce que vous pouvez pr\u00e9parer en amont Pensez \u00e0 partager en avance votre plan d\u2019action ou votre support d\u2019argumentaire avec l\u2019\u00e9quipe d\u2019accompagnement Empow&#039;Her, ainsi que vos interrogations ou besoins prioritaires.  Un format express, mais ultra-cibl\u00e9, pour gagner en clart\u00e9 et passer \u00e0 l\u2019action avec confiance ! \u26a1\ufe0f  Pr\u00e9sentation de l&#039;intervenante: Alice  Son super pouvoir: J&#039;ai r\u00e9ponse \u00e0 tout (mais je ne garantis pas qu&#039;on aime la r\u00e9ponse \u00e0 chaque fois)  Son petit mot: N&#039;ayez pas peur d&#039;oser mais ne vous oubliez jamais.\" \/>\n<meta property=\"og:url\" content=\"https:\/\/empow-her.com\/produit\/sprint-action-valider-son-plan-daction-5\/\" \/>\n<meta property=\"og:site_name\" content=\"Empow&#039;Her\" \/>\n<meta property=\"article:modified_time\" content=\"2025-08-27T12:11:38+00:00\" \/>\n<meta property=\"og:image\" content=\"https:\/\/empow-her.com\/wp-content\/uploads\/2025\/08\/suivi-6.png\" \/>\n\t<meta property=\"og:image:width\" content=\"1080\" \/>\n\t<meta property=\"og:image:height\" content=\"1080\" \/>\n\t<meta property=\"og:image:type\" content=\"image\/png\" \/>\n<meta name=\"twitter:card\" content=\"summary_large_image\" \/>\n<meta name=\"twitter:label1\" content=\"Est. reading time\" \/>\n\t<meta name=\"twitter:data1\" content=\"2 minutes\" \/>\n<script type=\"application\/ld+json\" class=\"yoast-schema-graph\">{\"@context\":\"https:\/\/schema.org\",\"@graph\":[{\"@type\":\"WebPage\",\"@id\":\"https:\/\/empow-her.com\/produit\/sprint-action-valider-son-plan-daction-5\/\",\"url\":\"https:\/\/empow-her.com\/produit\/sprint-action-valider-son-plan-daction-5\/\",\"name\":\"Sprint action - valider son plan d'action\",\"isPartOf\":{\"@id\":\"https:\/\/empow-her.com\/#website\"},\"primaryImageOfPage\":{\"@id\":\"https:\/\/empow-her.com\/produit\/sprint-action-valider-son-plan-daction-5\/#primaryimage\"},\"image\":{\"@id\":\"https:\/\/empow-her.com\/produit\/sprint-action-valider-son-plan-daction-5\/#primaryimage\"},\"thumbnailUrl\":\"https:\/\/empow-her.com\/wp-content\/uploads\/2025\/08\/suivi-6.png\",\"datePublished\":\"2025-08-27T11:58:29+00:00\",\"dateModified\":\"2025-08-27T12:11:38+00:00\",\"breadcrumb\":{\"@id\":\"https:\/\/empow-her.com\/produit\/sprint-action-valider-son-plan-daction-5\/#breadcrumb\"},\"inLanguage\":\"en-US\",\"potentialAction\":[{\"@type\":\"ReadAction\",\"target\":[\"https:\/\/empow-her.com\/produit\/sprint-action-valider-son-plan-daction-5\/\"]}]},{\"@type\":\"ImageObject\",\"inLanguage\":\"en-US\",\"@id\":\"https:\/\/empow-her.com\/produit\/sprint-action-valider-son-plan-daction-5\/#primaryimage\",\"url\":\"https:\/\/empow-her.com\/wp-content\/uploads\/2025\/08\/suivi-6.png\",\"contentUrl\":\"https:\/\/empow-her.com\/wp-content\/uploads\/2025\/08\/suivi-6.png\",\"width\":1080,\"height\":1080},{\"@type\":\"BreadcrumbList\",\"@id\":\"https:\/\/empow-her.com\/produit\/sprint-action-valider-son-plan-daction-5\/#breadcrumb\",\"itemListElement\":[{\"@type\":\"ListItem\",\"position\":1,\"name\":\"Accueil\",\"item\":\"https:\/\/empow-her.com\/en\/landing-page\/\"},{\"@type\":\"ListItem\",\"position\":2,\"name\":\"LA BOUTIQUE\",\"item\":\"https:\/\/empow-her.com\/boutique\/\"},{\"@type\":\"ListItem\",\"position\":3,\"name\":\"Sprint action &#8211; valider son plan d&#8217;action\"}]},{\"@type\":\"WebSite\",\"@id\":\"https:\/\/empow-her.com\/#website\",\"url\":\"https:\/\/empow-her.com\/\",\"name\":\"Empow&#039;Her\",\"description\":\"Women Development\",\"potentialAction\":[{\"@type\":\"SearchAction\",\"target\":{\"@type\":\"EntryPoint\",\"urlTemplate\":\"https:\/\/empow-her.com\/?s={search_term_string}\"},\"query-input\":{\"@type\":\"PropertyValueSpecification\",\"valueRequired\":true,\"valueName\":\"search_term_string\"}}],\"inLanguage\":\"en-US\"}]}<\/script>\n<!-- \/ Yoast SEO plugin. -->","yoast_head_json":{"title":"Sprint action - valider son plan d'action","robots":{"index":"index","follow":"follow","max-snippet":"max-snippet:-1","max-image-preview":"max-image-preview:large","max-video-preview":"max-video-preview:-1"},"canonical":"https:\/\/empow-her.com\/produit\/sprint-action-valider-son-plan-daction-5\/","og_locale":"en_US","og_type":"article","og_title":"Sprint action - valider son plan d'action","og_description":"30 minutes pour valider votre plan d\u2019actions ou affiner votre argumentaire commercial  Vous avez d\u00e9j\u00e0 structur\u00e9 un plan d\u2019action ou r\u00e9dig\u00e9 un argumentaire commercial, mais vous souhaitez avoir un regard ext\u00e9rieur pour le challenger, l\u2019am\u00e9liorer et gagner en impact ? Ce format court est fait pour vous !  En 30 minutes chrono, b\u00e9n\u00e9ficiez de retours concrets, de suggestions cibl\u00e9es et de pistes d\u2019ajustement pour renforcer l\u2019efficacit\u00e9 de votre d\u00e9marche.   Ce que nous pouvons faire ensemble :  \u2705 Challenger votre plan d\u2019action Identifier les points forts et les axes d'am\u00e9lioration pour rendre votre plan plus strat\u00e9gique, r\u00e9aliste et orient\u00e9 r\u00e9sultats.   Affiner votre argumentaire Am\u00e9liorer la clart\u00e9, la pertinence et la force de votre discours pour mieux convaincre vos prospects ou partenaires.   Formuler des recommandations concr\u00e8tes Recevoir des propositions d\u2019optimisation directement activables, adapt\u00e9es \u00e0 vos objectifs et \u00e0 votre cible.   Ce que vous pouvez pr\u00e9parer en amont Pensez \u00e0 partager en avance votre plan d\u2019action ou votre support d\u2019argumentaire avec l\u2019\u00e9quipe d\u2019accompagnement Empow'Her, ainsi que vos interrogations ou besoins prioritaires.  Un format express, mais ultra-cibl\u00e9, pour gagner en clart\u00e9 et passer \u00e0 l\u2019action avec confiance ! \u26a1\ufe0f  Pr\u00e9sentation de l'intervenante: Alice  Son super pouvoir: J'ai r\u00e9ponse \u00e0 tout (mais je ne garantis pas qu'on aime la r\u00e9ponse \u00e0 chaque fois)  Son petit mot: N'ayez pas peur d'oser mais ne vous oubliez jamais.","og_url":"https:\/\/empow-her.com\/produit\/sprint-action-valider-son-plan-daction-5\/","og_site_name":"Empow&#039;Her","article_modified_time":"2025-08-27T12:11:38+00:00","og_image":[{"width":1080,"height":1080,"url":"https:\/\/empow-her.com\/wp-content\/uploads\/2025\/08\/suivi-6.png","type":"image\/png"}],"twitter_card":"summary_large_image","twitter_misc":{"Est. reading time":"2 minutes"},"schema":{"@context":"https:\/\/schema.org","@graph":[{"@type":"WebPage","@id":"https:\/\/empow-her.com\/produit\/sprint-action-valider-son-plan-daction-5\/","url":"https:\/\/empow-her.com\/produit\/sprint-action-valider-son-plan-daction-5\/","name":"Sprint action - valider son plan d'action","isPartOf":{"@id":"https:\/\/empow-her.com\/#website"},"primaryImageOfPage":{"@id":"https:\/\/empow-her.com\/produit\/sprint-action-valider-son-plan-daction-5\/#primaryimage"},"image":{"@id":"https:\/\/empow-her.com\/produit\/sprint-action-valider-son-plan-daction-5\/#primaryimage"},"thumbnailUrl":"https:\/\/empow-her.com\/wp-content\/uploads\/2025\/08\/suivi-6.png","datePublished":"2025-08-27T11:58:29+00:00","dateModified":"2025-08-27T12:11:38+00:00","breadcrumb":{"@id":"https:\/\/empow-her.com\/produit\/sprint-action-valider-son-plan-daction-5\/#breadcrumb"},"inLanguage":"en-US","potentialAction":[{"@type":"ReadAction","target":["https:\/\/empow-her.com\/produit\/sprint-action-valider-son-plan-daction-5\/"]}]},{"@type":"ImageObject","inLanguage":"en-US","@id":"https:\/\/empow-her.com\/produit\/sprint-action-valider-son-plan-daction-5\/#primaryimage","url":"https:\/\/empow-her.com\/wp-content\/uploads\/2025\/08\/suivi-6.png","contentUrl":"https:\/\/empow-her.com\/wp-content\/uploads\/2025\/08\/suivi-6.png","width":1080,"height":1080},{"@type":"BreadcrumbList","@id":"https:\/\/empow-her.com\/produit\/sprint-action-valider-son-plan-daction-5\/#breadcrumb","itemListElement":[{"@type":"ListItem","position":1,"name":"Accueil","item":"https:\/\/empow-her.com\/en\/landing-page\/"},{"@type":"ListItem","position":2,"name":"LA BOUTIQUE","item":"https:\/\/empow-her.com\/boutique\/"},{"@type":"ListItem","position":3,"name":"Sprint action &#8211; valider son plan d&#8217;action"}]},{"@type":"WebSite","@id":"https:\/\/empow-her.com\/#website","url":"https:\/\/empow-her.com\/","name":"Empow&#039;Her","description":"Women Development","potentialAction":[{"@type":"SearchAction","target":{"@type":"EntryPoint","urlTemplate":"https:\/\/empow-her.com\/?s={search_term_string}"},"query-input":{"@type":"PropertyValueSpecification","valueRequired":true,"valueName":"search_term_string"}}],"inLanguage":"en-US"}]}},"_links":{"self":[{"href":"https:\/\/empow-her.com\/en\/wp-json\/wp\/v2\/product\/269427","targetHints":{"allow":["GET"]}}],"collection":[{"href":"https:\/\/empow-her.com\/en\/wp-json\/wp\/v2\/product"}],"about":[{"href":"https:\/\/empow-her.com\/en\/wp-json\/wp\/v2\/types\/product"}],"wp:featuredmedia":[{"embeddable":true,"href":"https:\/\/empow-her.com\/en\/wp-json\/wp\/v2\/media\/269060"}],"wp:attachment":[{"href":"https:\/\/empow-her.com\/en\/wp-json\/wp\/v2\/media?parent=269427"}],"wp:term":[{"taxonomy":"product_brand","embeddable":true,"href":"https:\/\/empow-her.com\/en\/wp-json\/wp\/v2\/product_brand?post=269427"},{"taxonomy":"product_cat","embeddable":true,"href":"https:\/\/empow-her.com\/en\/wp-json\/wp\/v2\/product_cat?post=269427"},{"taxonomy":"product_tag","embeddable":true,"href":"https:\/\/empow-her.com\/en\/wp-json\/wp\/v2\/product_tag?post=269427"},{"taxonomy":"lieu","embeddable":true,"href":"https:\/\/empow-her.com\/en\/wp-json\/wp\/v2\/lieu?post=269427"},{"taxonomy":"thematiques","embeddable":true,"href":"https:\/\/empow-her.com\/en\/wp-json\/wp\/v2\/thematiques?post=269427"}],"curies":[{"name":"wp","href":"https:\/\/api.w.org\/{rel}","templated":true}]}}