{"id":269407,"date":"2025-08-27T12:43:15","date_gmt":"2025-08-27T10:43:15","guid":{"rendered":"https:\/\/empow-her.com\/?post_type=product&#038;p=269407"},"modified":"2025-09-24T11:12:12","modified_gmt":"2025-09-24T09:12:12","slug":"atelier-personae-parcours-utilisatrice-3","status":"publish","type":"product","link":"https:\/\/empow-her.com\/en\/produit\/atelier-personae-parcours-utilisatrice-3\/","title":{"rendered":"Atelier &#8211; Personae &#038; parcours utilisatrice"},"content":{"rendered":"<p><span data-sheets-root=\"1\"><strong>Mon projet est clair dans ma t\u00eate, mais \u00e0 qui s\u2019adresse-t-il exactement ? Comment m\u2019assurer qu\u2019il r\u00e9pond \u00e0 un vrai besoin ?<\/strong><\/span><\/p>\n<p>Une fois l\u2019id\u00e9e pos\u00e9e, il est essentiel de comprendre pour qui vous entreprenez. Cet atelier vous aidera \u00e0 d\u00e9finir pr\u00e9cis\u00e9ment votre cible et \u00e0 structurer une d\u00e9marche d\u2019enqu\u00eate efficace pour mieux comprendre ses besoins, ses freins et ses usages.<\/p>\n<p>Trop souvent n\u00e9glig\u00e9e, cette \u00e9tape vous permet pourtant de gagner du temps, d\u2019\u00e9viter les mauvaises hypoth\u00e8ses\u2026 et de construire une offre qui fait mouche !<\/p>\n<p><strong> Au programme<\/strong><br \/>\n-D\u00e9finir le persona de votre client\u00b7e ou b\u00e9n\u00e9ficiaire id\u00e9al\u00b7e<br \/>\n&#8211; Explorer ses besoins, attentes et comportements<br \/>\n-Construire une grille d\u2019entretien utile pour vos d\u00e9marches de terrain<br \/>\n&#8211; Partager vos hypoth\u00e8ses et b\u00e9n\u00e9ficier de retours pour les affiner<\/p>\n<p><strong> Objectifs de la demi-journ\u00e9e<\/strong><br \/>\n-Mieux conna\u00eetre votre cible pour concevoir une offre adapt\u00e9e<br \/>\n-Poser les bases d\u2019une d\u00e9marche d\u2019enqu\u00eate qualitative<br \/>\n&#8211; Clarifier votre positionnement et votre promesse de valeur<\/p>\n<p><strong> Organisation<\/strong><br \/>\n<strong> Une demi-journ\u00e9e en pr\u00e9sentiel<\/strong><br \/>\n<strong> Chez Sist\u2019Her Paris<\/strong><br \/>\n<strong> Alternance d\u2019apports m\u00e9thodologiques, d\u2019exercices pratiques et d\u2019\u00e9changes collectifs<\/strong><\/p>\n<p><strong> Pr\u00e9-requis<\/strong><br \/>\n\u2192 Avoir une id\u00e9e de projet ou une premi\u00e8re \u00e9bauche d\u2019offre<br \/>\n\u2192 \u00catre pr\u00eat\u00b7e \u00e0 aller \u00e0 la rencontre de sa cible (m\u00eame si ce n\u2019est pas encore fait !)<\/p>\n<p>Un atelier pour poser des bases solides et construire un projet vraiment centr\u00e9 sur les besoins de celles et ceux \u00e0 qui il s\u2019adresse \u2728&#8221;<\/p>\n<div class=\"p-rich_text_section\"><strong>Intervenant : <\/strong><strong>Faustine <\/strong><strong>Caron : <\/strong>Faustine est la fondatrice et pr\u00e9sidente de NOUR. Cr\u00e9\u00e9 en 2019, cette association oeuvre pour l&#8217;inclusion sociale \u00e0 travers le yoga, en particulier des personnes en situation de vuln\u00e9rabilit\u00e9 (exil\u00e9.es, pr\u00e9caires, femmes victimes de violence, les seniors isol\u00e9s, personnes en situation de handicap, etc.).\u00a0 Elle a \u00e9t\u00e9 incub\u00e9e chez Makesense, Pulse et le R\u00e9seau Entreprendre. Aujourd\u2019hui, Directrice France chez SINGA, Tr\u00e9sori\u00e8re du collectif Work With Refugees et membre du Mouvement Impact France, elle accompagne des entrepreneurs issus de pays fragiles et donne aussi des cours \u00e0 Centrale Supelec, AgroParisTech et ESTIA Angers \/ Tanger.<\/div>\n<div><\/div>\n<div><strong>Son super pouvoir :<\/strong> Reine de l&#8217;orga pour des entreprises efficientes<\/div>\n<div>\n<p><strong>Son petit mot :<\/strong> Le meilleur conseil qu&#8217;on m&#8217;ait donn\u00e9 dans l&#8217;entreprenariat c&#8217;est &#8220;\u00e9choue vite&#8221;, au sens, &#8220;d\u00e9veloppe vite, teste vite, crash vite&#8221; pour apprendre le plus t\u00f4t possible de tes erreurs et donner toutes les chances \u00e0 ta boite de r\u00e9ussir !<\/p>\n<p><strong>Attention !<\/strong> Veuillez vous pr\u00e9senter \u00e0 l\u2019heure pour que l\u2019activit\u00e9 puisse commencer \u00e0 temps. Si vous avez du retard veuillez pr\u00e9venir l\u2019\u00e9quipe d\u2019Empow\u2019Her : <a href=\"mailto:contact.france@empow-her.com\">contact.france@empow-her.com<\/a>\u00a0. Si vous avez plus de 15 min de retard l\u2019intervenant.e se r\u00e9serve le droit de ne plus vous accepter pour le coaching ou l\u2019atelier.<\/p>\n<\/div>\n","protected":false},"excerpt":{"rendered":"<p><span data-sheets-root=\"1\"><strong>Mon projet est clair dans ma t\u00eate, mais \u00e0 qui s\u2019adresse-t-il exactement ? Comment m\u2019assurer qu\u2019il r\u00e9pond \u00e0 un vrai besoin ?<\/strong><\/span><\/p>\n<p>Une fois l\u2019id\u00e9e pos\u00e9e, il est essentiel de comprendre pour qui vous entreprenez. Cet atelier vous aidera \u00e0 d\u00e9finir pr\u00e9cis\u00e9ment votre cible et \u00e0 structurer une d\u00e9marche d\u2019enqu\u00eate efficace pour mieux comprendre ses besoins, ses freins et ses usages.<\/p>\n<p>Trop souvent n\u00e9glig\u00e9e, cette \u00e9tape vous permet pourtant de gagner du temps, d\u2019\u00e9viter les mauvaises hypoth\u00e8ses\u2026 et de construire une offre qui fait mouche !<\/p>\n<p><strong> Au programme<\/strong><br \/>\n-D\u00e9finir le persona de votre client\u00b7e ou b\u00e9n\u00e9ficiaire id\u00e9al\u00b7e<br \/>\n&#8211; Explorer ses besoins, attentes et comportements<br \/>\n-Construire une grille d\u2019entretien utile pour vos d\u00e9marches de terrain<br \/>\n&#8211; Partager vos hypoth\u00e8ses et b\u00e9n\u00e9ficier de retours pour les affiner<\/p>\n<p><strong> Objectifs de la demi-journ\u00e9e<\/strong><br \/>\n-Mieux conna\u00eetre votre cible pour concevoir une offre adapt\u00e9e<br \/>\n-Poser les bases d\u2019une d\u00e9marche d\u2019enqu\u00eate qualitative<br \/>\n&#8211; Clarifier votre positionnement et votre promesse de valeur<\/p>\n<p><strong> Organisation<\/strong><br \/>\n<strong> Une demi-journ\u00e9e en pr\u00e9sentiel<\/strong><br \/>\n<strong> Chez Sist\u2019Her Paris<\/strong><br \/>\n<strong> Alternance d\u2019apports m\u00e9thodologiques, d\u2019exercices pratiques et d\u2019\u00e9changes collectifs<\/strong><\/p>\n<p><strong> Pr\u00e9-requis<\/strong><br \/>\n\u2192 Avoir une id\u00e9e de projet ou une premi\u00e8re \u00e9bauche d\u2019offre<br \/>\n\u2192 \u00catre pr\u00eat\u00b7e \u00e0 aller \u00e0 la rencontre de sa cible (m\u00eame si ce n\u2019est pas encore fait !)<\/p>\n<p>Un atelier pour poser des bases solides et construire un projet vraiment centr\u00e9 sur les besoins de celles et ceux \u00e0 qui il s\u2019adresse \u2728&#8221;<\/p>\n<div class=\"p-rich_text_section\"><strong>Intervenant : <\/strong><strong>Faustine <\/strong><strong>Caron : <\/strong>Faustine est la fondatrice et pr\u00e9sidente de NOUR. Cr\u00e9\u00e9 en 2019, cette association oeuvre pour l&#8217;inclusion sociale \u00e0 travers le yoga, en particulier des personnes en situation de vuln\u00e9rabilit\u00e9 (exil\u00e9.es, pr\u00e9caires, femmes victimes de violence, les seniors isol\u00e9s, personnes en situation de handicap, etc.).\u00a0 Elle a \u00e9t\u00e9 incub\u00e9e chez Makesense, Pulse et le R\u00e9seau Entreprendre. Aujourd\u2019hui, Directrice France chez SINGA, Tr\u00e9sori\u00e8re du collectif Work With Refugees et membre du Mouvement Impact France, elle accompagne des entrepreneurs issus de pays fragiles et donne aussi des cours \u00e0 Centrale Supelec, AgroParisTech et ESTIA Angers \/ Tanger.<\/div>\n<div><\/div>\n<div><strong>Son super pouvoir :<\/strong> Reine de l&#8217;orga pour des entreprises efficientes<\/div>\n<div>\n<p><strong>Son petit mot :<\/strong> Le meilleur conseil qu&#8217;on m&#8217;ait donn\u00e9 dans l&#8217;entreprenariat c&#8217;est &#8220;\u00e9choue vite&#8221;, au sens, &#8220;d\u00e9veloppe vite, teste vite, crash vite&#8221; pour apprendre le plus t\u00f4t possible de tes erreurs et donner toutes les chances \u00e0 ta boite de r\u00e9ussir !<\/p>\n<p><strong>Attention !<\/strong> Veuillez vous pr\u00e9senter \u00e0 l\u2019heure pour que l\u2019activit\u00e9 puisse commencer \u00e0 temps. Si vous avez du retard veuillez pr\u00e9venir l\u2019\u00e9quipe d\u2019Empow\u2019Her : <a href=\"mailto:contact.france@empow-her.com\">contact.france@empow-her.com<\/a>\u00a0. Si vous avez plus de 15 min de retard l\u2019intervenant.e se r\u00e9serve le droit de ne plus vous accepter pour le coaching ou l\u2019atelier.<\/p>\n<\/div>\n","protected":false},"featured_media":269919,"template":"","format":"standard","meta":{"_acf_changed":false,"om_disable_all_campaigns":false,"_uf_show_specific_survey":0,"_uf_disable_surveys":false},"product_brand":[],"product_cat":[118],"product_tag":[132],"lieu":[],"thematiques":[],"class_list":{"0":"post-269407","1":"product","2":"type-product","3":"status-publish","4":"format-standard","5":"has-post-thumbnail","7":"product_cat-atelier-collectif","8":"product_tag-sisther","10":"first","11":"instock","12":"virtual","13":"purchasable","14":"product-type-appointment"},"exclude_global_add_ons":[],"addons":[],"acf":[],"yoast_head":"<!-- This site is optimized with the Yoast SEO plugin v24.8 - https:\/\/yoast.com\/wordpress\/plugins\/seo\/ -->\n<title>Atelier - Personae &amp; parcours utilisatrice - Empow&#039;Her<\/title>\n<meta name=\"robots\" content=\"index, follow, max-snippet:-1, max-image-preview:large, max-video-preview:-1\" \/>\n<link rel=\"canonical\" href=\"https:\/\/empow-her.com\/produit\/atelier-personae-parcours-utilisatrice-3\/\" \/>\n<meta property=\"og:locale\" content=\"en_US\" \/>\n<meta property=\"og:type\" content=\"article\" \/>\n<meta property=\"og:title\" content=\"Atelier - Personae &amp; parcours utilisatrice - Empow&#039;Her\" \/>\n<meta property=\"og:description\" content=\"Mon projet est clair dans ma t\u00eate, mais \u00e0 qui s\u2019adresse-t-il exactement ? Comment m\u2019assurer qu\u2019il r\u00e9pond \u00e0 un vrai besoin ?  Une fois l\u2019id\u00e9e pos\u00e9e, il est essentiel de comprendre pour qui vous entreprenez. Cet atelier vous aidera \u00e0 d\u00e9finir pr\u00e9cis\u00e9ment votre cible et \u00e0 structurer une d\u00e9marche d\u2019enqu\u00eate efficace pour mieux comprendre ses besoins, ses freins et ses usages.  Trop souvent n\u00e9glig\u00e9e, cette \u00e9tape vous permet pourtant de gagner du temps, d\u2019\u00e9viter les mauvaises hypoth\u00e8ses\u2026 et de construire une offre qui fait mouche !   Au programme -D\u00e9finir le persona de votre client\u00b7e ou b\u00e9n\u00e9ficiaire id\u00e9al\u00b7e - Explorer ses besoins, attentes et comportements -Construire une grille d\u2019entretien utile pour vos d\u00e9marches de terrain - Partager vos hypoth\u00e8ses et b\u00e9n\u00e9ficier de retours pour les affiner   Objectifs de la demi-journ\u00e9e -Mieux conna\u00eetre votre cible pour concevoir une offre adapt\u00e9e -Poser les bases d\u2019une d\u00e9marche d\u2019enqu\u00eate qualitative - Clarifier votre positionnement et votre promesse de valeur   Organisation  Une demi-journ\u00e9e en pr\u00e9sentiel  Chez Sist\u2019Her Paris  Alternance d\u2019apports m\u00e9thodologiques, d\u2019exercices pratiques et d\u2019\u00e9changes collectifs   Pr\u00e9-requis \u2192 Avoir une id\u00e9e de projet ou une premi\u00e8re \u00e9bauche d\u2019offre \u2192 \u00catre pr\u00eat\u00b7e \u00e0 aller \u00e0 la rencontre de sa cible (m\u00eame si ce n\u2019est pas encore fait !)  Un atelier pour poser des bases solides et construire un projet vraiment centr\u00e9 sur les besoins de celles et ceux \u00e0 qui il s\u2019adresse \u2728&quot; Intervenant : Faustine Caron : Faustine est la fondatrice et pr\u00e9sidente de NOUR. Cr\u00e9\u00e9 en 2019, cette association oeuvre pour l&#039;inclusion sociale \u00e0 travers le yoga, en particulier des personnes en situation de vuln\u00e9rabilit\u00e9 (exil\u00e9.es, pr\u00e9caires, femmes victimes de violence, les seniors isol\u00e9s, personnes en situation de handicap, etc.).\u00a0 Elle a \u00e9t\u00e9 incub\u00e9e chez Makesense, Pulse et le R\u00e9seau Entreprendre. Aujourd\u2019hui, Directrice France chez SINGA, Tr\u00e9sori\u00e8re du collectif Work With Refugees et membre du Mouvement Impact France, elle accompagne des entrepreneurs issus de pays fragiles et donne aussi des cours \u00e0 Centrale Supelec, AgroParisTech et ESTIA Angers \/ Tanger.  Son super pouvoir : Reine de l&#039;orga pour des entreprises efficientes   Son petit mot : Le meilleur conseil qu&#039;on m&#039;ait donn\u00e9 dans l&#039;entreprenariat c&#039;est &quot;\u00e9choue vite&quot;, au sens, &quot;d\u00e9veloppe vite, teste vite, crash vite&quot; pour apprendre le plus t\u00f4t possible de tes erreurs et donner toutes les chances \u00e0 ta boite de r\u00e9ussir !  Attention ! Veuillez vous pr\u00e9senter \u00e0 l\u2019heure pour que l\u2019activit\u00e9 puisse commencer \u00e0 temps. Si vous avez du retard veuillez pr\u00e9venir l\u2019\u00e9quipe d\u2019Empow\u2019Her : contact.france@empow-her.com\u00a0. Si vous avez plus de 15 min de retard l\u2019intervenant.e se r\u00e9serve le droit de ne plus vous accepter pour le coaching ou l\u2019atelier.\" \/>\n<meta property=\"og:url\" content=\"https:\/\/empow-her.com\/produit\/atelier-personae-parcours-utilisatrice-3\/\" \/>\n<meta property=\"og:site_name\" content=\"Empow&#039;Her\" \/>\n<meta property=\"article:modified_time\" content=\"2025-09-24T09:12:12+00:00\" \/>\n<meta property=\"og:image\" content=\"https:\/\/empow-her.com\/wp-content\/uploads\/2025\/08\/ATELIER-5-1.png\" \/>\n\t<meta property=\"og:image:width\" content=\"1080\" \/>\n\t<meta property=\"og:image:height\" content=\"1080\" \/>\n\t<meta property=\"og:image:type\" content=\"image\/png\" \/>\n<meta name=\"twitter:card\" content=\"summary_large_image\" \/>\n<meta name=\"twitter:label1\" content=\"Est. reading time\" \/>\n\t<meta name=\"twitter:data1\" content=\"3 minutes\" \/>\n<script type=\"application\/ld+json\" class=\"yoast-schema-graph\">{\"@context\":\"https:\/\/schema.org\",\"@graph\":[{\"@type\":\"WebPage\",\"@id\":\"https:\/\/empow-her.com\/produit\/atelier-personae-parcours-utilisatrice-3\/\",\"url\":\"https:\/\/empow-her.com\/produit\/atelier-personae-parcours-utilisatrice-3\/\",\"name\":\"Atelier - Personae & parcours utilisatrice - Empow&#039;Her\",\"isPartOf\":{\"@id\":\"https:\/\/empow-her.com\/#website\"},\"primaryImageOfPage\":{\"@id\":\"https:\/\/empow-her.com\/produit\/atelier-personae-parcours-utilisatrice-3\/#primaryimage\"},\"image\":{\"@id\":\"https:\/\/empow-her.com\/produit\/atelier-personae-parcours-utilisatrice-3\/#primaryimage\"},\"thumbnailUrl\":\"https:\/\/empow-her.com\/wp-content\/uploads\/2025\/08\/ATELIER-5-1.png\",\"datePublished\":\"2025-08-27T10:43:15+00:00\",\"dateModified\":\"2025-09-24T09:12:12+00:00\",\"breadcrumb\":{\"@id\":\"https:\/\/empow-her.com\/produit\/atelier-personae-parcours-utilisatrice-3\/#breadcrumb\"},\"inLanguage\":\"en-US\",\"potentialAction\":[{\"@type\":\"ReadAction\",\"target\":[\"https:\/\/empow-her.com\/produit\/atelier-personae-parcours-utilisatrice-3\/\"]}]},{\"@type\":\"ImageObject\",\"inLanguage\":\"en-US\",\"@id\":\"https:\/\/empow-her.com\/produit\/atelier-personae-parcours-utilisatrice-3\/#primaryimage\",\"url\":\"https:\/\/empow-her.com\/wp-content\/uploads\/2025\/08\/ATELIER-5-1.png\",\"contentUrl\":\"https:\/\/empow-her.com\/wp-content\/uploads\/2025\/08\/ATELIER-5-1.png\",\"width\":1080,\"height\":1080},{\"@type\":\"BreadcrumbList\",\"@id\":\"https:\/\/empow-her.com\/produit\/atelier-personae-parcours-utilisatrice-3\/#breadcrumb\",\"itemListElement\":[{\"@type\":\"ListItem\",\"position\":1,\"name\":\"Accueil\",\"item\":\"https:\/\/empow-her.com\/en\/landing-page\/\"},{\"@type\":\"ListItem\",\"position\":2,\"name\":\"LA BOUTIQUE\",\"item\":\"https:\/\/empow-her.com\/boutique\/\"},{\"@type\":\"ListItem\",\"position\":3,\"name\":\"Atelier &#8211; Personae &#038; parcours utilisatrice\"}]},{\"@type\":\"WebSite\",\"@id\":\"https:\/\/empow-her.com\/#website\",\"url\":\"https:\/\/empow-her.com\/\",\"name\":\"Empow&#039;Her\",\"description\":\"Women Development\",\"potentialAction\":[{\"@type\":\"SearchAction\",\"target\":{\"@type\":\"EntryPoint\",\"urlTemplate\":\"https:\/\/empow-her.com\/?s={search_term_string}\"},\"query-input\":{\"@type\":\"PropertyValueSpecification\",\"valueRequired\":true,\"valueName\":\"search_term_string\"}}],\"inLanguage\":\"en-US\"}]}<\/script>\n<!-- \/ Yoast SEO plugin. -->","yoast_head_json":{"title":"Atelier - Personae & parcours utilisatrice - Empow&#039;Her","robots":{"index":"index","follow":"follow","max-snippet":"max-snippet:-1","max-image-preview":"max-image-preview:large","max-video-preview":"max-video-preview:-1"},"canonical":"https:\/\/empow-her.com\/produit\/atelier-personae-parcours-utilisatrice-3\/","og_locale":"en_US","og_type":"article","og_title":"Atelier - Personae & parcours utilisatrice - Empow&#039;Her","og_description":"Mon projet est clair dans ma t\u00eate, mais \u00e0 qui s\u2019adresse-t-il exactement ? Comment m\u2019assurer qu\u2019il r\u00e9pond \u00e0 un vrai besoin ?  Une fois l\u2019id\u00e9e pos\u00e9e, il est essentiel de comprendre pour qui vous entreprenez. Cet atelier vous aidera \u00e0 d\u00e9finir pr\u00e9cis\u00e9ment votre cible et \u00e0 structurer une d\u00e9marche d\u2019enqu\u00eate efficace pour mieux comprendre ses besoins, ses freins et ses usages.  Trop souvent n\u00e9glig\u00e9e, cette \u00e9tape vous permet pourtant de gagner du temps, d\u2019\u00e9viter les mauvaises hypoth\u00e8ses\u2026 et de construire une offre qui fait mouche !   Au programme -D\u00e9finir le persona de votre client\u00b7e ou b\u00e9n\u00e9ficiaire id\u00e9al\u00b7e - Explorer ses besoins, attentes et comportements -Construire une grille d\u2019entretien utile pour vos d\u00e9marches de terrain - Partager vos hypoth\u00e8ses et b\u00e9n\u00e9ficier de retours pour les affiner   Objectifs de la demi-journ\u00e9e -Mieux conna\u00eetre votre cible pour concevoir une offre adapt\u00e9e -Poser les bases d\u2019une d\u00e9marche d\u2019enqu\u00eate qualitative - Clarifier votre positionnement et votre promesse de valeur   Organisation  Une demi-journ\u00e9e en pr\u00e9sentiel  Chez Sist\u2019Her Paris  Alternance d\u2019apports m\u00e9thodologiques, d\u2019exercices pratiques et d\u2019\u00e9changes collectifs   Pr\u00e9-requis \u2192 Avoir une id\u00e9e de projet ou une premi\u00e8re \u00e9bauche d\u2019offre \u2192 \u00catre pr\u00eat\u00b7e \u00e0 aller \u00e0 la rencontre de sa cible (m\u00eame si ce n\u2019est pas encore fait !)  Un atelier pour poser des bases solides et construire un projet vraiment centr\u00e9 sur les besoins de celles et ceux \u00e0 qui il s\u2019adresse \u2728\" Intervenant : Faustine Caron : Faustine est la fondatrice et pr\u00e9sidente de NOUR. Cr\u00e9\u00e9 en 2019, cette association oeuvre pour l'inclusion sociale \u00e0 travers le yoga, en particulier des personnes en situation de vuln\u00e9rabilit\u00e9 (exil\u00e9.es, pr\u00e9caires, femmes victimes de violence, les seniors isol\u00e9s, personnes en situation de handicap, etc.).\u00a0 Elle a \u00e9t\u00e9 incub\u00e9e chez Makesense, Pulse et le R\u00e9seau Entreprendre. Aujourd\u2019hui, Directrice France chez SINGA, Tr\u00e9sori\u00e8re du collectif Work With Refugees et membre du Mouvement Impact France, elle accompagne des entrepreneurs issus de pays fragiles et donne aussi des cours \u00e0 Centrale Supelec, AgroParisTech et ESTIA Angers \/ Tanger.  Son super pouvoir : Reine de l'orga pour des entreprises efficientes   Son petit mot : Le meilleur conseil qu'on m'ait donn\u00e9 dans l'entreprenariat c'est \"\u00e9choue vite\", au sens, \"d\u00e9veloppe vite, teste vite, crash vite\" pour apprendre le plus t\u00f4t possible de tes erreurs et donner toutes les chances \u00e0 ta boite de r\u00e9ussir !  Attention ! Veuillez vous pr\u00e9senter \u00e0 l\u2019heure pour que l\u2019activit\u00e9 puisse commencer \u00e0 temps. Si vous avez du retard veuillez pr\u00e9venir l\u2019\u00e9quipe d\u2019Empow\u2019Her : contact.france@empow-her.com\u00a0. Si vous avez plus de 15 min de retard l\u2019intervenant.e se r\u00e9serve le droit de ne plus vous accepter pour le coaching ou l\u2019atelier.","og_url":"https:\/\/empow-her.com\/produit\/atelier-personae-parcours-utilisatrice-3\/","og_site_name":"Empow&#039;Her","article_modified_time":"2025-09-24T09:12:12+00:00","og_image":[{"width":1080,"height":1080,"url":"https:\/\/empow-her.com\/wp-content\/uploads\/2025\/08\/ATELIER-5-1.png","type":"image\/png"}],"twitter_card":"summary_large_image","twitter_misc":{"Est. reading time":"3 minutes"},"schema":{"@context":"https:\/\/schema.org","@graph":[{"@type":"WebPage","@id":"https:\/\/empow-her.com\/produit\/atelier-personae-parcours-utilisatrice-3\/","url":"https:\/\/empow-her.com\/produit\/atelier-personae-parcours-utilisatrice-3\/","name":"Atelier - Personae & parcours utilisatrice - Empow&#039;Her","isPartOf":{"@id":"https:\/\/empow-her.com\/#website"},"primaryImageOfPage":{"@id":"https:\/\/empow-her.com\/produit\/atelier-personae-parcours-utilisatrice-3\/#primaryimage"},"image":{"@id":"https:\/\/empow-her.com\/produit\/atelier-personae-parcours-utilisatrice-3\/#primaryimage"},"thumbnailUrl":"https:\/\/empow-her.com\/wp-content\/uploads\/2025\/08\/ATELIER-5-1.png","datePublished":"2025-08-27T10:43:15+00:00","dateModified":"2025-09-24T09:12:12+00:00","breadcrumb":{"@id":"https:\/\/empow-her.com\/produit\/atelier-personae-parcours-utilisatrice-3\/#breadcrumb"},"inLanguage":"en-US","potentialAction":[{"@type":"ReadAction","target":["https:\/\/empow-her.com\/produit\/atelier-personae-parcours-utilisatrice-3\/"]}]},{"@type":"ImageObject","inLanguage":"en-US","@id":"https:\/\/empow-her.com\/produit\/atelier-personae-parcours-utilisatrice-3\/#primaryimage","url":"https:\/\/empow-her.com\/wp-content\/uploads\/2025\/08\/ATELIER-5-1.png","contentUrl":"https:\/\/empow-her.com\/wp-content\/uploads\/2025\/08\/ATELIER-5-1.png","width":1080,"height":1080},{"@type":"BreadcrumbList","@id":"https:\/\/empow-her.com\/produit\/atelier-personae-parcours-utilisatrice-3\/#breadcrumb","itemListElement":[{"@type":"ListItem","position":1,"name":"Accueil","item":"https:\/\/empow-her.com\/en\/landing-page\/"},{"@type":"ListItem","position":2,"name":"LA BOUTIQUE","item":"https:\/\/empow-her.com\/boutique\/"},{"@type":"ListItem","position":3,"name":"Atelier &#8211; Personae &#038; parcours utilisatrice"}]},{"@type":"WebSite","@id":"https:\/\/empow-her.com\/#website","url":"https:\/\/empow-her.com\/","name":"Empow&#039;Her","description":"Women Development","potentialAction":[{"@type":"SearchAction","target":{"@type":"EntryPoint","urlTemplate":"https:\/\/empow-her.com\/?s={search_term_string}"},"query-input":{"@type":"PropertyValueSpecification","valueRequired":true,"valueName":"search_term_string"}}],"inLanguage":"en-US"}]}},"_links":{"self":[{"href":"https:\/\/empow-her.com\/en\/wp-json\/wp\/v2\/product\/269407","targetHints":{"allow":["GET"]}}],"collection":[{"href":"https:\/\/empow-her.com\/en\/wp-json\/wp\/v2\/product"}],"about":[{"href":"https:\/\/empow-her.com\/en\/wp-json\/wp\/v2\/types\/product"}],"wp:featuredmedia":[{"embeddable":true,"href":"https:\/\/empow-her.com\/en\/wp-json\/wp\/v2\/media\/269919"}],"wp:attachment":[{"href":"https:\/\/empow-her.com\/en\/wp-json\/wp\/v2\/media?parent=269407"}],"wp:term":[{"taxonomy":"product_brand","embeddable":true,"href":"https:\/\/empow-her.com\/en\/wp-json\/wp\/v2\/product_brand?post=269407"},{"taxonomy":"product_cat","embeddable":true,"href":"https:\/\/empow-her.com\/en\/wp-json\/wp\/v2\/product_cat?post=269407"},{"taxonomy":"product_tag","embeddable":true,"href":"https:\/\/empow-her.com\/en\/wp-json\/wp\/v2\/product_tag?post=269407"},{"taxonomy":"lieu","embeddable":true,"href":"https:\/\/empow-her.com\/en\/wp-json\/wp\/v2\/lieu?post=269407"},{"taxonomy":"thematiques","embeddable":true,"href":"https:\/\/empow-her.com\/en\/wp-json\/wp\/v2\/thematiques?post=269407"}],"curies":[{"name":"wp","href":"https:\/\/api.w.org\/{rel}","templated":true}]}}