{"id":269301,"date":"2025-08-19T16:22:02","date_gmt":"2025-08-19T14:22:02","guid":{"rendered":"https:\/\/empow-her.com\/?post_type=product&#038;p=269301"},"modified":"2025-08-19T16:25:24","modified_gmt":"2025-08-19T14:25:24","slug":"coaching-developpement-iteratif-et-proposition-de-valeur-3","status":"publish","type":"product","link":"https:\/\/empow-her.com\/en\/produit\/coaching-developpement-iteratif-et-proposition-de-valeur-3\/","title":{"rendered":"Coaching -D\u00e9veloppement it\u00e9ratif et proposition de valeur"},"content":{"rendered":"<p><span data-sheets-root=\"1\"><strong> Coaching &#8211; D\u00e9veloppement it\u00e9ratif et proposition de valeur<\/strong><\/span><\/p>\n<p><span data-sheets-root=\"1\"><em><strong>1h de coaching pour t<\/strong><\/em><\/span><strong><em>ester, apprendre, ajuster : l&#8217;am\u00e9lioration continue est au c\u0153ur du d\u00e9veloppement d\u2019un projet r\u00e9ussi. <\/em><\/strong><\/p>\n<p><span data-sheets-root=\"1\">Ce coaching individuel vous aide \u00e0 structurer une approche it\u00e9rative, \u00e0 identifier les bons indicateurs et \u00e0 exploiter les retours utilisateurs pour affiner votre proposition de valeur et maximiser son impact.<\/span><\/p>\n<p><strong> Ce que nous pourrons aborder<\/strong><\/p>\n<p><strong> Comprendre comment appliquer le d\u00e9veloppement it\u00e9ratif \u00e0 son projet<\/strong><br \/>\nComment structurer une d\u00e9marche d\u2019am\u00e9lioration continue et int\u00e9grer l\u2019exp\u00e9rimentation dans son processus de cr\u00e9ation ?<\/p>\n<p><strong>D\u00e9finir une m\u00e9thodologie pour tester et valider ses hypoth\u00e8ses<\/strong><br \/>\nQuels outils et strat\u00e9gies utiliser pour confronter son projet au terrain et obtenir des donn\u00e9es fiables?<\/p>\n<p><strong>Apprendre \u00e0 recueillir, analyser et int\u00e9grer les feedbacks pertinents<\/strong><br \/>\nComment distinguer les retours r\u00e9ellement exploitables et les transformer en pistes d\u2019am\u00e9lioration concr\u00e8tes ?<\/p>\n<p><strong> Adapter sa proposition de valeur en fonction des insights obtenus<\/strong><br \/>\nFaire \u00e9voluer son offre pour mieux r\u00e9pondre aux besoins du march\u00e9 et renforcer son impact.<\/p>\n<p><strong>Pr\u00e9-requis<\/strong><\/p>\n<p>\u2714 Avoir une id\u00e9e de projet ou une offre en cours de d\u00e9veloppement<br \/>\n\u2714 \u00catre ouvert.e aux retours et aux ajustements strat\u00e9giques<\/p>\n<p>Lors de ce coaching, nous avancerons en fonction de votre projet et de vos enjeux sp\u00e9cifiques. Vous repartirez avec une m\u00e9thodologie et des outils concrets pour affiner votre offre et la faire \u00e9voluer de mani\u00e8re pertinente.&#8221;<\/p>\n<p><strong>Intervenant: <span data-sheets-root=\"1\">Arnaud<\/span><\/strong><\/p>\n","protected":false},"excerpt":{"rendered":"<p><span data-sheets-root=\"1\"><strong> Coaching &#8211; D\u00e9veloppement it\u00e9ratif et proposition de valeur<\/strong><\/span><\/p>\n<p><span data-sheets-root=\"1\"><em>1<strong>h de coaching pour t<\/strong><\/em><\/span><strong><em>ester, apprendre, ajuster : l&#8217;am\u00e9lioration continue est au c\u0153ur du d\u00e9veloppement d\u2019un projet r\u00e9ussi. <\/em><\/strong><\/p>\n<p><span data-sheets-root=\"1\">Ce coaching individuel vous aide \u00e0 structurer une approche it\u00e9rative, \u00e0 identifier les bons indicateurs et \u00e0 exploiter les retours utilisateurs pour affiner votre proposition de valeur et maximiser son impact.<\/span><\/p>\n<p><strong> Ce que nous pourrons aborder<\/strong><\/p>\n<p><strong> Comprendre comment appliquer le d\u00e9veloppement it\u00e9ratif \u00e0 son projet<\/strong><br \/>\nComment structurer une d\u00e9marche d\u2019am\u00e9lioration continue et int\u00e9grer l\u2019exp\u00e9rimentation dans son processus de cr\u00e9ation ?<\/p>\n<p><strong>D\u00e9finir une m\u00e9thodologie pour tester et valider ses hypoth\u00e8ses<\/strong><br \/>\nQuels outils et strat\u00e9gies utiliser pour confronter son projet au terrain et obtenir des donn\u00e9es fiables?<\/p>\n<p><strong>Apprendre \u00e0 recueillir, analyser et int\u00e9grer les feedbacks pertinents<\/strong><br \/>\nComment distinguer les retours r\u00e9ellement exploitables et les transformer en pistes d\u2019am\u00e9lioration concr\u00e8tes ?<\/p>\n<p><strong> Adapter sa proposition de valeur en fonction des insights obtenus<\/strong><br \/>\nFaire \u00e9voluer son offre pour mieux r\u00e9pondre aux besoins du march\u00e9 et renforcer son impact.<\/p>\n<p><strong>Pr\u00e9-requis<\/strong><\/p>\n<p>\u2714 Avoir une id\u00e9e de projet ou une offre en cours de d\u00e9veloppement<br \/>\n\u2714 \u00catre ouvert.e aux retours et aux ajustements strat\u00e9giques<\/p>\n<p>Lors de ce coaching, nous avancerons en fonction de votre projet et de vos enjeux sp\u00e9cifiques. Vous repartirez avec une m\u00e9thodologie et des outils concrets pour affiner votre offre et la faire \u00e9voluer de mani\u00e8re pertinente.&#8221;<\/p>\n<p><strong>Intervenant: <span data-sheets-root=\"1\">Arnaud<\/span><\/strong><\/p>\n","protected":false},"featured_media":269294,"template":"","format":"standard","meta":{"_acf_changed":false,"om_disable_all_campaigns":false,"_uf_show_specific_survey":0,"_uf_disable_surveys":false},"product_brand":[],"product_cat":[121],"product_tag":[143],"lieu":[125],"thematiques":[],"class_list":{"0":"post-269301","1":"product","2":"type-product","3":"status-publish","4":"format-standard","5":"has-post-thumbnail","7":"product_cat-coaching","8":"product_tag-en-ligne","9":"lieu-en-ligne","11":"first","12":"instock","13":"virtual","14":"purchasable","15":"product-type-appointment"},"exclude_global_add_ons":[],"addons":[],"acf":[],"yoast_head":"<!-- This site is optimized with the Yoast SEO plugin v24.8 - https:\/\/yoast.com\/wordpress\/plugins\/seo\/ -->\n<title>Coaching - Strat\u00e9gie &amp; prospection commercial<\/title>\n<meta name=\"robots\" content=\"index, follow, max-snippet:-1, max-image-preview:large, max-video-preview:-1\" \/>\n<link rel=\"canonical\" href=\"https:\/\/empow-her.com\/produit\/coaching-developpement-iteratif-et-proposition-de-valeur-3\/\" \/>\n<meta property=\"og:locale\" content=\"en_US\" \/>\n<meta property=\"og:type\" content=\"article\" \/>\n<meta property=\"og:title\" content=\"Coaching - Strat\u00e9gie &amp; prospection commercial\" \/>\n<meta property=\"og:description\" content=\"Coaching - D\u00e9veloppement it\u00e9ratif et proposition de valeur  1h de coaching pour tester, apprendre, ajuster : l&#039;am\u00e9lioration continue est au c\u0153ur du d\u00e9veloppement d\u2019un projet r\u00e9ussi.   Ce coaching individuel vous aide \u00e0 structurer une approche it\u00e9rative, \u00e0 identifier les bons indicateurs et \u00e0 exploiter les retours utilisateurs pour affiner votre proposition de valeur et maximiser son impact.   Ce que nous pourrons aborder   Comprendre comment appliquer le d\u00e9veloppement it\u00e9ratif \u00e0 son projet Comment structurer une d\u00e9marche d\u2019am\u00e9lioration continue et int\u00e9grer l\u2019exp\u00e9rimentation dans son processus de cr\u00e9ation ?  D\u00e9finir une m\u00e9thodologie pour tester et valider ses hypoth\u00e8ses Quels outils et strat\u00e9gies utiliser pour confronter son projet au terrain et obtenir des donn\u00e9es fiables?  Apprendre \u00e0 recueillir, analyser et int\u00e9grer les feedbacks pertinents Comment distinguer les retours r\u00e9ellement exploitables et les transformer en pistes d\u2019am\u00e9lioration concr\u00e8tes ?   Adapter sa proposition de valeur en fonction des insights obtenus Faire \u00e9voluer son offre pour mieux r\u00e9pondre aux besoins du march\u00e9 et renforcer son impact.  Pr\u00e9-requis  \u2714 Avoir une id\u00e9e de projet ou une offre en cours de d\u00e9veloppement \u2714 \u00catre ouvert.e aux retours et aux ajustements strat\u00e9giques  Lors de ce coaching, nous avancerons en fonction de votre projet et de vos enjeux sp\u00e9cifiques. Vous repartirez avec une m\u00e9thodologie et des outils concrets pour affiner votre offre et la faire \u00e9voluer de mani\u00e8re pertinente.&quot;  Intervenant: Arnaud\" \/>\n<meta property=\"og:url\" content=\"https:\/\/empow-her.com\/produit\/coaching-developpement-iteratif-et-proposition-de-valeur-3\/\" \/>\n<meta property=\"og:site_name\" content=\"Empow&#039;Her\" \/>\n<meta property=\"article:modified_time\" content=\"2025-08-19T14:25:24+00:00\" \/>\n<meta property=\"og:image\" content=\"https:\/\/empow-her.com\/wp-content\/uploads\/2025\/08\/COACHING-11.png\" \/>\n\t<meta property=\"og:image:width\" content=\"1080\" \/>\n\t<meta property=\"og:image:height\" content=\"1080\" \/>\n\t<meta property=\"og:image:type\" content=\"image\/png\" \/>\n<meta name=\"twitter:card\" content=\"summary_large_image\" \/>\n<meta name=\"twitter:label1\" content=\"Est. reading time\" \/>\n\t<meta name=\"twitter:data1\" content=\"2 minutes\" \/>\n<script type=\"application\/ld+json\" class=\"yoast-schema-graph\">{\"@context\":\"https:\/\/schema.org\",\"@graph\":[{\"@type\":\"WebPage\",\"@id\":\"https:\/\/empow-her.com\/produit\/coaching-developpement-iteratif-et-proposition-de-valeur-3\/\",\"url\":\"https:\/\/empow-her.com\/produit\/coaching-developpement-iteratif-et-proposition-de-valeur-3\/\",\"name\":\"Coaching - Strat\u00e9gie & prospection commercial\",\"isPartOf\":{\"@id\":\"https:\/\/empow-her.com\/#website\"},\"primaryImageOfPage\":{\"@id\":\"https:\/\/empow-her.com\/produit\/coaching-developpement-iteratif-et-proposition-de-valeur-3\/#primaryimage\"},\"image\":{\"@id\":\"https:\/\/empow-her.com\/produit\/coaching-developpement-iteratif-et-proposition-de-valeur-3\/#primaryimage\"},\"thumbnailUrl\":\"https:\/\/empow-her.com\/wp-content\/uploads\/2025\/08\/COACHING-11.png\",\"datePublished\":\"2025-08-19T14:22:02+00:00\",\"dateModified\":\"2025-08-19T14:25:24+00:00\",\"breadcrumb\":{\"@id\":\"https:\/\/empow-her.com\/produit\/coaching-developpement-iteratif-et-proposition-de-valeur-3\/#breadcrumb\"},\"inLanguage\":\"en-US\",\"potentialAction\":[{\"@type\":\"ReadAction\",\"target\":[\"https:\/\/empow-her.com\/produit\/coaching-developpement-iteratif-et-proposition-de-valeur-3\/\"]}]},{\"@type\":\"ImageObject\",\"inLanguage\":\"en-US\",\"@id\":\"https:\/\/empow-her.com\/produit\/coaching-developpement-iteratif-et-proposition-de-valeur-3\/#primaryimage\",\"url\":\"https:\/\/empow-her.com\/wp-content\/uploads\/2025\/08\/COACHING-11.png\",\"contentUrl\":\"https:\/\/empow-her.com\/wp-content\/uploads\/2025\/08\/COACHING-11.png\",\"width\":1080,\"height\":1080},{\"@type\":\"BreadcrumbList\",\"@id\":\"https:\/\/empow-her.com\/produit\/coaching-developpement-iteratif-et-proposition-de-valeur-3\/#breadcrumb\",\"itemListElement\":[{\"@type\":\"ListItem\",\"position\":1,\"name\":\"Accueil\",\"item\":\"https:\/\/empow-her.com\/en\/landing-page\/\"},{\"@type\":\"ListItem\",\"position\":2,\"name\":\"LA BOUTIQUE\",\"item\":\"https:\/\/empow-her.com\/boutique\/\"},{\"@type\":\"ListItem\",\"position\":3,\"name\":\"Coaching -D\u00e9veloppement it\u00e9ratif et proposition de valeur\"}]},{\"@type\":\"WebSite\",\"@id\":\"https:\/\/empow-her.com\/#website\",\"url\":\"https:\/\/empow-her.com\/\",\"name\":\"Empow&#039;Her\",\"description\":\"Women Development\",\"potentialAction\":[{\"@type\":\"SearchAction\",\"target\":{\"@type\":\"EntryPoint\",\"urlTemplate\":\"https:\/\/empow-her.com\/?s={search_term_string}\"},\"query-input\":{\"@type\":\"PropertyValueSpecification\",\"valueRequired\":true,\"valueName\":\"search_term_string\"}}],\"inLanguage\":\"en-US\"}]}<\/script>\n<!-- \/ Yoast SEO plugin. -->","yoast_head_json":{"title":"Coaching - Strat\u00e9gie & prospection commercial","robots":{"index":"index","follow":"follow","max-snippet":"max-snippet:-1","max-image-preview":"max-image-preview:large","max-video-preview":"max-video-preview:-1"},"canonical":"https:\/\/empow-her.com\/produit\/coaching-developpement-iteratif-et-proposition-de-valeur-3\/","og_locale":"en_US","og_type":"article","og_title":"Coaching - Strat\u00e9gie & prospection commercial","og_description":"Coaching - D\u00e9veloppement it\u00e9ratif et proposition de valeur  1h de coaching pour tester, apprendre, ajuster : l'am\u00e9lioration continue est au c\u0153ur du d\u00e9veloppement d\u2019un projet r\u00e9ussi.   Ce coaching individuel vous aide \u00e0 structurer une approche it\u00e9rative, \u00e0 identifier les bons indicateurs et \u00e0 exploiter les retours utilisateurs pour affiner votre proposition de valeur et maximiser son impact.   Ce que nous pourrons aborder   Comprendre comment appliquer le d\u00e9veloppement it\u00e9ratif \u00e0 son projet Comment structurer une d\u00e9marche d\u2019am\u00e9lioration continue et int\u00e9grer l\u2019exp\u00e9rimentation dans son processus de cr\u00e9ation ?  D\u00e9finir une m\u00e9thodologie pour tester et valider ses hypoth\u00e8ses Quels outils et strat\u00e9gies utiliser pour confronter son projet au terrain et obtenir des donn\u00e9es fiables?  Apprendre \u00e0 recueillir, analyser et int\u00e9grer les feedbacks pertinents Comment distinguer les retours r\u00e9ellement exploitables et les transformer en pistes d\u2019am\u00e9lioration concr\u00e8tes ?   Adapter sa proposition de valeur en fonction des insights obtenus Faire \u00e9voluer son offre pour mieux r\u00e9pondre aux besoins du march\u00e9 et renforcer son impact.  Pr\u00e9-requis  \u2714 Avoir une id\u00e9e de projet ou une offre en cours de d\u00e9veloppement \u2714 \u00catre ouvert.e aux retours et aux ajustements strat\u00e9giques  Lors de ce coaching, nous avancerons en fonction de votre projet et de vos enjeux sp\u00e9cifiques. Vous repartirez avec une m\u00e9thodologie et des outils concrets pour affiner votre offre et la faire \u00e9voluer de mani\u00e8re pertinente.\"  Intervenant: Arnaud","og_url":"https:\/\/empow-her.com\/produit\/coaching-developpement-iteratif-et-proposition-de-valeur-3\/","og_site_name":"Empow&#039;Her","article_modified_time":"2025-08-19T14:25:24+00:00","og_image":[{"width":1080,"height":1080,"url":"https:\/\/empow-her.com\/wp-content\/uploads\/2025\/08\/COACHING-11.png","type":"image\/png"}],"twitter_card":"summary_large_image","twitter_misc":{"Est. reading time":"2 minutes"},"schema":{"@context":"https:\/\/schema.org","@graph":[{"@type":"WebPage","@id":"https:\/\/empow-her.com\/produit\/coaching-developpement-iteratif-et-proposition-de-valeur-3\/","url":"https:\/\/empow-her.com\/produit\/coaching-developpement-iteratif-et-proposition-de-valeur-3\/","name":"Coaching - Strat\u00e9gie & prospection commercial","isPartOf":{"@id":"https:\/\/empow-her.com\/#website"},"primaryImageOfPage":{"@id":"https:\/\/empow-her.com\/produit\/coaching-developpement-iteratif-et-proposition-de-valeur-3\/#primaryimage"},"image":{"@id":"https:\/\/empow-her.com\/produit\/coaching-developpement-iteratif-et-proposition-de-valeur-3\/#primaryimage"},"thumbnailUrl":"https:\/\/empow-her.com\/wp-content\/uploads\/2025\/08\/COACHING-11.png","datePublished":"2025-08-19T14:22:02+00:00","dateModified":"2025-08-19T14:25:24+00:00","breadcrumb":{"@id":"https:\/\/empow-her.com\/produit\/coaching-developpement-iteratif-et-proposition-de-valeur-3\/#breadcrumb"},"inLanguage":"en-US","potentialAction":[{"@type":"ReadAction","target":["https:\/\/empow-her.com\/produit\/coaching-developpement-iteratif-et-proposition-de-valeur-3\/"]}]},{"@type":"ImageObject","inLanguage":"en-US","@id":"https:\/\/empow-her.com\/produit\/coaching-developpement-iteratif-et-proposition-de-valeur-3\/#primaryimage","url":"https:\/\/empow-her.com\/wp-content\/uploads\/2025\/08\/COACHING-11.png","contentUrl":"https:\/\/empow-her.com\/wp-content\/uploads\/2025\/08\/COACHING-11.png","width":1080,"height":1080},{"@type":"BreadcrumbList","@id":"https:\/\/empow-her.com\/produit\/coaching-developpement-iteratif-et-proposition-de-valeur-3\/#breadcrumb","itemListElement":[{"@type":"ListItem","position":1,"name":"Accueil","item":"https:\/\/empow-her.com\/en\/landing-page\/"},{"@type":"ListItem","position":2,"name":"LA BOUTIQUE","item":"https:\/\/empow-her.com\/boutique\/"},{"@type":"ListItem","position":3,"name":"Coaching -D\u00e9veloppement it\u00e9ratif et proposition de valeur"}]},{"@type":"WebSite","@id":"https:\/\/empow-her.com\/#website","url":"https:\/\/empow-her.com\/","name":"Empow&#039;Her","description":"Women Development","potentialAction":[{"@type":"SearchAction","target":{"@type":"EntryPoint","urlTemplate":"https:\/\/empow-her.com\/?s={search_term_string}"},"query-input":{"@type":"PropertyValueSpecification","valueRequired":true,"valueName":"search_term_string"}}],"inLanguage":"en-US"}]}},"_links":{"self":[{"href":"https:\/\/empow-her.com\/en\/wp-json\/wp\/v2\/product\/269301","targetHints":{"allow":["GET"]}}],"collection":[{"href":"https:\/\/empow-her.com\/en\/wp-json\/wp\/v2\/product"}],"about":[{"href":"https:\/\/empow-her.com\/en\/wp-json\/wp\/v2\/types\/product"}],"wp:featuredmedia":[{"embeddable":true,"href":"https:\/\/empow-her.com\/en\/wp-json\/wp\/v2\/media\/269294"}],"wp:attachment":[{"href":"https:\/\/empow-her.com\/en\/wp-json\/wp\/v2\/media?parent=269301"}],"wp:term":[{"taxonomy":"product_brand","embeddable":true,"href":"https:\/\/empow-her.com\/en\/wp-json\/wp\/v2\/product_brand?post=269301"},{"taxonomy":"product_cat","embeddable":true,"href":"https:\/\/empow-her.com\/en\/wp-json\/wp\/v2\/product_cat?post=269301"},{"taxonomy":"product_tag","embeddable":true,"href":"https:\/\/empow-her.com\/en\/wp-json\/wp\/v2\/product_tag?post=269301"},{"taxonomy":"lieu","embeddable":true,"href":"https:\/\/empow-her.com\/en\/wp-json\/wp\/v2\/lieu?post=269301"},{"taxonomy":"thematiques","embeddable":true,"href":"https:\/\/empow-her.com\/en\/wp-json\/wp\/v2\/thematiques?post=269301"}],"curies":[{"name":"wp","href":"https:\/\/api.w.org\/{rel}","templated":true}]}}