{"id":269131,"date":"2025-08-11T15:45:09","date_gmt":"2025-08-11T13:45:09","guid":{"rendered":"https:\/\/empow-her.com\/?post_type=product&#038;p=269131"},"modified":"2025-09-10T12:38:04","modified_gmt":"2025-09-10T10:38:04","slug":"atelier-mieux-comprendre-les-formes-juridiques-atelier-de-vulgarisation-permettant-de-comprendre-les-differences-entre-auto-entreprise","status":"publish","type":"product","link":"https:\/\/empow-her.com\/en\/produit\/atelier-mieux-comprendre-les-formes-juridiques-atelier-de-vulgarisation-permettant-de-comprendre-les-differences-entre-auto-entreprise\/","title":{"rendered":"Atelier -Mieux comprendre les formes juridiques. Atelier de vulgarisation permettant de comprendre les diff\u00e9rences entre auto entreprise"},"content":{"rendered":"<p><span data-sheets-root=\"1\"> <strong>Atelier &#8211; Mieux comprendre les formes juridiques<\/strong><\/span><\/p>\n<p>Le choix du statut juridique est une \u00e9tape cl\u00e9 dans la cr\u00e9ation d\u2019un projet, mais il peut vite sembler complexe. Cet atelier de vulgarisation vous aidera \u00e0 y voir plus clair en explorant les diff\u00e9rences entre les principales formes juridiques, leurs implications et leurs impacts sur votre activit\u00e9.<\/p>\n<p><strong> Ce que nous pourrons explorer<\/strong><\/p>\n<p><strong> Auto-entreprise et entreprise individuelle<\/strong> : quels avantages et limites ?<br \/>\nComprendre le fonctionnement, la fiscalit\u00e9 et les obligations de ces formes simplifi\u00e9es pour les entrepreneur\u00b7es en solo.<\/p>\n<p><strong>SAS\/SASU, SARL\/EURL :<\/strong> quelles diff\u00e9rences et comment choisir ?<br \/>\nExplorer les sp\u00e9cificit\u00e9s des statuts avec personnalit\u00e9 morale : gouvernance, responsabilit\u00e9, fiscalit\u00e9 et flexibilit\u00e9.<\/p>\n<p><strong> Quels crit\u00e8res pour choisir la forme juridique adapt\u00e9e ?<\/strong><br \/>\nS\u00e9lectionner le bon statut en fonction de son projet, de son ambition de d\u00e9veloppement et de ses besoins financiers.<\/p>\n<p><strong>D\u00e9marches et obligations :<\/strong> ce qu\u2019il faut savoir avant de se lancer<br \/>\nLes \u00e9tapes cl\u00e9s pour cr\u00e9er son entreprise en toute s\u00e9r\u00e9nit\u00e9.<\/p>\n<p><strong> Pr\u00e9-requis<\/strong><\/p>\n<p>\u2714 Avoir une id\u00e9e de projet entrepreneurial<br \/>\n\u2714 Se poser des questions sur le choix de son statut juridique<\/p>\n<p><em>Cet atelier vous donnera les cl\u00e9s pour faire un choix \u00e9clair\u00e9 et align\u00e9 avec vos objectifs d\u2019entrepreneur\u00b7e.<\/em><\/p>\n<p><span data-sheets-root=\"1\"><strong>Intervenant<\/strong>: Avocat.e du Barreau de Paris<\/span><\/p>\n","protected":false},"excerpt":{"rendered":"<p><span data-sheets-root=\"1\"> <strong>Atelier &#8211; Mieux comprendre les formes juridiques<\/strong><\/span><\/p>\n<p>Le choix du statut juridique est une \u00e9tape cl\u00e9 dans la cr\u00e9ation d\u2019un projet, mais il peut vite sembler complexe. Cet atelier de vulgarisation vous aidera \u00e0 y voir plus clair en explorant les diff\u00e9rences entre les principales formes juridiques, leurs implications et leurs impacts sur votre activit\u00e9.<\/p>\n<p><strong> Ce que nous pourrons explorer<\/strong><\/p>\n<p><strong> Auto-entreprise et entreprise individuelle<\/strong> : quels avantages et limites ?<br \/>\nComprendre le fonctionnement, la fiscalit\u00e9 et les obligations de ces formes simplifi\u00e9es pour les entrepreneur\u00b7es en solo.<\/p>\n<p><strong>SAS\/SASU, SARL\/EURL :<\/strong> quelles diff\u00e9rences et comment choisir ?<br \/>\nExplorer les sp\u00e9cificit\u00e9s des statuts avec personnalit\u00e9 morale : gouvernance, responsabilit\u00e9, fiscalit\u00e9 et flexibilit\u00e9.<\/p>\n<p><strong> Quels crit\u00e8res pour choisir la forme juridique adapt\u00e9e ?<\/strong><br \/>\nS\u00e9lectionner le bon statut en fonction de son projet, de son ambition de d\u00e9veloppement et de ses besoins financiers.<\/p>\n<p><strong>D\u00e9marches et obligations :<\/strong> ce qu\u2019il faut savoir avant de se lancer<br \/>\nLes \u00e9tapes cl\u00e9s pour cr\u00e9er son entreprise en toute s\u00e9r\u00e9nit\u00e9.<\/p>\n<p><strong> Pr\u00e9-requis<\/strong><\/p>\n<p>\u2714 Avoir une id\u00e9e de projet entrepreneurial<br \/>\n\u2714 Se poser des questions sur le choix de son statut juridique<\/p>\n<p><em>Cet atelier vous donnera les cl\u00e9s pour faire un choix \u00e9clair\u00e9 et align\u00e9 avec vos objectifs d\u2019entrepreneur\u00b7e.&#8221;<\/em><\/p>\n<p><span data-sheets-root=\"1\"><strong>Intervenant<\/strong>: Avocat.e du Barreau de Paris<\/span><\/p>\n","protected":false},"featured_media":269132,"template":"","format":"standard","meta":{"_acf_changed":false,"om_disable_all_campaigns":false,"_uf_show_specific_survey":0,"_uf_disable_surveys":false},"product_brand":[],"product_cat":[118],"product_tag":[],"lieu":[],"thematiques":[],"class_list":{"0":"post-269131","1":"product","2":"type-product","3":"status-publish","4":"format-standard","5":"has-post-thumbnail","7":"product_cat-atelier-collectif","9":"first","10":"instock","11":"virtual","12":"purchasable","13":"product-type-appointment"},"exclude_global_add_ons":[],"addons":[],"acf":[],"yoast_head":"<!-- This site is optimized with the Yoast SEO plugin v24.8 - https:\/\/yoast.com\/wordpress\/plugins\/seo\/ -->\n<title>Atelier -Mieux comprendre les formes juridiques. Atelier de vulgarisation permettant de comprendre les diff\u00e9rences entre auto entreprise - Empow&#039;Her<\/title>\n<meta name=\"robots\" content=\"index, follow, max-snippet:-1, max-image-preview:large, max-video-preview:-1\" \/>\n<link rel=\"canonical\" href=\"https:\/\/empow-her.com\/produit\/atelier-mieux-comprendre-les-formes-juridiques-atelier-de-vulgarisation-permettant-de-comprendre-les-differences-entre-auto-entreprise\/\" \/>\n<meta property=\"og:locale\" content=\"en_US\" \/>\n<meta property=\"og:type\" content=\"article\" \/>\n<meta property=\"og:title\" content=\"Atelier -Mieux comprendre les formes juridiques. Atelier de vulgarisation permettant de comprendre les diff\u00e9rences entre auto entreprise - Empow&#039;Her\" \/>\n<meta property=\"og:description\" content=\"Atelier - Mieux comprendre les formes juridiques  Le choix du statut juridique est une \u00e9tape cl\u00e9 dans la cr\u00e9ation d\u2019un projet, mais il peut vite sembler complexe. Cet atelier de vulgarisation vous aidera \u00e0 y voir plus clair en explorant les diff\u00e9rences entre les principales formes juridiques, leurs implications et leurs impacts sur votre activit\u00e9.   Ce que nous pourrons explorer   Auto-entreprise et entreprise individuelle : quels avantages et limites ? Comprendre le fonctionnement, la fiscalit\u00e9 et les obligations de ces formes simplifi\u00e9es pour les entrepreneur\u00b7es en solo.  SAS\/SASU, SARL\/EURL : quelles diff\u00e9rences et comment choisir ? Explorer les sp\u00e9cificit\u00e9s des statuts avec personnalit\u00e9 morale : gouvernance, responsabilit\u00e9, fiscalit\u00e9 et flexibilit\u00e9.   Quels crit\u00e8res pour choisir la forme juridique adapt\u00e9e ? S\u00e9lectionner le bon statut en fonction de son projet, de son ambition de d\u00e9veloppement et de ses besoins financiers.  D\u00e9marches et obligations : ce qu\u2019il faut savoir avant de se lancer Les \u00e9tapes cl\u00e9s pour cr\u00e9er son entreprise en toute s\u00e9r\u00e9nit\u00e9.   Pr\u00e9-requis  \u2714 Avoir une id\u00e9e de projet entrepreneurial \u2714 Se poser des questions sur le choix de son statut juridique  Cet atelier vous donnera les cl\u00e9s pour faire un choix \u00e9clair\u00e9 et align\u00e9 avec vos objectifs d\u2019entrepreneur\u00b7e.&quot;  Intervenant: Avocat.e du Barreau de Paris\" \/>\n<meta property=\"og:url\" content=\"https:\/\/empow-her.com\/produit\/atelier-mieux-comprendre-les-formes-juridiques-atelier-de-vulgarisation-permettant-de-comprendre-les-differences-entre-auto-entreprise\/\" \/>\n<meta property=\"og:site_name\" content=\"Empow&#039;Her\" \/>\n<meta property=\"article:modified_time\" content=\"2025-09-10T10:38:04+00:00\" \/>\n<meta property=\"og:image\" content=\"https:\/\/empow-her.com\/wp-content\/uploads\/2025\/08\/ATELIER-1.png\" \/>\n\t<meta property=\"og:image:width\" content=\"1080\" \/>\n\t<meta property=\"og:image:height\" content=\"1080\" \/>\n\t<meta property=\"og:image:type\" content=\"image\/png\" \/>\n<meta name=\"twitter:card\" content=\"summary_large_image\" \/>\n<meta name=\"twitter:label1\" content=\"Est. reading time\" \/>\n\t<meta name=\"twitter:data1\" content=\"2 minutes\" \/>\n<script type=\"application\/ld+json\" class=\"yoast-schema-graph\">{\"@context\":\"https:\/\/schema.org\",\"@graph\":[{\"@type\":\"WebPage\",\"@id\":\"https:\/\/empow-her.com\/produit\/atelier-mieux-comprendre-les-formes-juridiques-atelier-de-vulgarisation-permettant-de-comprendre-les-differences-entre-auto-entreprise\/\",\"url\":\"https:\/\/empow-her.com\/produit\/atelier-mieux-comprendre-les-formes-juridiques-atelier-de-vulgarisation-permettant-de-comprendre-les-differences-entre-auto-entreprise\/\",\"name\":\"Atelier -Mieux comprendre les formes juridiques. Atelier de vulgarisation permettant de comprendre les diff\u00e9rences entre auto entreprise - Empow&#039;Her\",\"isPartOf\":{\"@id\":\"https:\/\/empow-her.com\/#website\"},\"primaryImageOfPage\":{\"@id\":\"https:\/\/empow-her.com\/produit\/atelier-mieux-comprendre-les-formes-juridiques-atelier-de-vulgarisation-permettant-de-comprendre-les-differences-entre-auto-entreprise\/#primaryimage\"},\"image\":{\"@id\":\"https:\/\/empow-her.com\/produit\/atelier-mieux-comprendre-les-formes-juridiques-atelier-de-vulgarisation-permettant-de-comprendre-les-differences-entre-auto-entreprise\/#primaryimage\"},\"thumbnailUrl\":\"https:\/\/empow-her.com\/wp-content\/uploads\/2025\/08\/ATELIER-1.png\",\"datePublished\":\"2025-08-11T13:45:09+00:00\",\"dateModified\":\"2025-09-10T10:38:04+00:00\",\"breadcrumb\":{\"@id\":\"https:\/\/empow-her.com\/produit\/atelier-mieux-comprendre-les-formes-juridiques-atelier-de-vulgarisation-permettant-de-comprendre-les-differences-entre-auto-entreprise\/#breadcrumb\"},\"inLanguage\":\"en-US\",\"potentialAction\":[{\"@type\":\"ReadAction\",\"target\":[\"https:\/\/empow-her.com\/produit\/atelier-mieux-comprendre-les-formes-juridiques-atelier-de-vulgarisation-permettant-de-comprendre-les-differences-entre-auto-entreprise\/\"]}]},{\"@type\":\"ImageObject\",\"inLanguage\":\"en-US\",\"@id\":\"https:\/\/empow-her.com\/produit\/atelier-mieux-comprendre-les-formes-juridiques-atelier-de-vulgarisation-permettant-de-comprendre-les-differences-entre-auto-entreprise\/#primaryimage\",\"url\":\"https:\/\/empow-her.com\/wp-content\/uploads\/2025\/08\/ATELIER-1.png\",\"contentUrl\":\"https:\/\/empow-her.com\/wp-content\/uploads\/2025\/08\/ATELIER-1.png\",\"width\":1080,\"height\":1080},{\"@type\":\"BreadcrumbList\",\"@id\":\"https:\/\/empow-her.com\/produit\/atelier-mieux-comprendre-les-formes-juridiques-atelier-de-vulgarisation-permettant-de-comprendre-les-differences-entre-auto-entreprise\/#breadcrumb\",\"itemListElement\":[{\"@type\":\"ListItem\",\"position\":1,\"name\":\"Accueil\",\"item\":\"https:\/\/empow-her.com\/en\/landing-page\/\"},{\"@type\":\"ListItem\",\"position\":2,\"name\":\"LA BOUTIQUE\",\"item\":\"https:\/\/empow-her.com\/boutique\/\"},{\"@type\":\"ListItem\",\"position\":3,\"name\":\"Atelier -Mieux comprendre les formes juridiques. Atelier de vulgarisation permettant de comprendre les diff\u00e9rences entre auto entreprise\"}]},{\"@type\":\"WebSite\",\"@id\":\"https:\/\/empow-her.com\/#website\",\"url\":\"https:\/\/empow-her.com\/\",\"name\":\"Empow&#039;Her\",\"description\":\"Women Development\",\"potentialAction\":[{\"@type\":\"SearchAction\",\"target\":{\"@type\":\"EntryPoint\",\"urlTemplate\":\"https:\/\/empow-her.com\/?s={search_term_string}\"},\"query-input\":{\"@type\":\"PropertyValueSpecification\",\"valueRequired\":true,\"valueName\":\"search_term_string\"}}],\"inLanguage\":\"en-US\"}]}<\/script>\n<!-- \/ Yoast SEO plugin. -->","yoast_head_json":{"title":"Atelier -Mieux comprendre les formes juridiques. Atelier de vulgarisation permettant de comprendre les diff\u00e9rences entre auto entreprise - Empow&#039;Her","robots":{"index":"index","follow":"follow","max-snippet":"max-snippet:-1","max-image-preview":"max-image-preview:large","max-video-preview":"max-video-preview:-1"},"canonical":"https:\/\/empow-her.com\/produit\/atelier-mieux-comprendre-les-formes-juridiques-atelier-de-vulgarisation-permettant-de-comprendre-les-differences-entre-auto-entreprise\/","og_locale":"en_US","og_type":"article","og_title":"Atelier -Mieux comprendre les formes juridiques. Atelier de vulgarisation permettant de comprendre les diff\u00e9rences entre auto entreprise - Empow&#039;Her","og_description":"Atelier - Mieux comprendre les formes juridiques  Le choix du statut juridique est une \u00e9tape cl\u00e9 dans la cr\u00e9ation d\u2019un projet, mais il peut vite sembler complexe. Cet atelier de vulgarisation vous aidera \u00e0 y voir plus clair en explorant les diff\u00e9rences entre les principales formes juridiques, leurs implications et leurs impacts sur votre activit\u00e9.   Ce que nous pourrons explorer   Auto-entreprise et entreprise individuelle : quels avantages et limites ? Comprendre le fonctionnement, la fiscalit\u00e9 et les obligations de ces formes simplifi\u00e9es pour les entrepreneur\u00b7es en solo.  SAS\/SASU, SARL\/EURL : quelles diff\u00e9rences et comment choisir ? Explorer les sp\u00e9cificit\u00e9s des statuts avec personnalit\u00e9 morale : gouvernance, responsabilit\u00e9, fiscalit\u00e9 et flexibilit\u00e9.   Quels crit\u00e8res pour choisir la forme juridique adapt\u00e9e ? S\u00e9lectionner le bon statut en fonction de son projet, de son ambition de d\u00e9veloppement et de ses besoins financiers.  D\u00e9marches et obligations : ce qu\u2019il faut savoir avant de se lancer Les \u00e9tapes cl\u00e9s pour cr\u00e9er son entreprise en toute s\u00e9r\u00e9nit\u00e9.   Pr\u00e9-requis  \u2714 Avoir une id\u00e9e de projet entrepreneurial \u2714 Se poser des questions sur le choix de son statut juridique  Cet atelier vous donnera les cl\u00e9s pour faire un choix \u00e9clair\u00e9 et align\u00e9 avec vos objectifs d\u2019entrepreneur\u00b7e.\"  Intervenant: Avocat.e du Barreau de Paris","og_url":"https:\/\/empow-her.com\/produit\/atelier-mieux-comprendre-les-formes-juridiques-atelier-de-vulgarisation-permettant-de-comprendre-les-differences-entre-auto-entreprise\/","og_site_name":"Empow&#039;Her","article_modified_time":"2025-09-10T10:38:04+00:00","og_image":[{"width":1080,"height":1080,"url":"https:\/\/empow-her.com\/wp-content\/uploads\/2025\/08\/ATELIER-1.png","type":"image\/png"}],"twitter_card":"summary_large_image","twitter_misc":{"Est. reading time":"2 minutes"},"schema":{"@context":"https:\/\/schema.org","@graph":[{"@type":"WebPage","@id":"https:\/\/empow-her.com\/produit\/atelier-mieux-comprendre-les-formes-juridiques-atelier-de-vulgarisation-permettant-de-comprendre-les-differences-entre-auto-entreprise\/","url":"https:\/\/empow-her.com\/produit\/atelier-mieux-comprendre-les-formes-juridiques-atelier-de-vulgarisation-permettant-de-comprendre-les-differences-entre-auto-entreprise\/","name":"Atelier -Mieux comprendre les formes juridiques. Atelier de vulgarisation permettant de comprendre les diff\u00e9rences entre auto entreprise - Empow&#039;Her","isPartOf":{"@id":"https:\/\/empow-her.com\/#website"},"primaryImageOfPage":{"@id":"https:\/\/empow-her.com\/produit\/atelier-mieux-comprendre-les-formes-juridiques-atelier-de-vulgarisation-permettant-de-comprendre-les-differences-entre-auto-entreprise\/#primaryimage"},"image":{"@id":"https:\/\/empow-her.com\/produit\/atelier-mieux-comprendre-les-formes-juridiques-atelier-de-vulgarisation-permettant-de-comprendre-les-differences-entre-auto-entreprise\/#primaryimage"},"thumbnailUrl":"https:\/\/empow-her.com\/wp-content\/uploads\/2025\/08\/ATELIER-1.png","datePublished":"2025-08-11T13:45:09+00:00","dateModified":"2025-09-10T10:38:04+00:00","breadcrumb":{"@id":"https:\/\/empow-her.com\/produit\/atelier-mieux-comprendre-les-formes-juridiques-atelier-de-vulgarisation-permettant-de-comprendre-les-differences-entre-auto-entreprise\/#breadcrumb"},"inLanguage":"en-US","potentialAction":[{"@type":"ReadAction","target":["https:\/\/empow-her.com\/produit\/atelier-mieux-comprendre-les-formes-juridiques-atelier-de-vulgarisation-permettant-de-comprendre-les-differences-entre-auto-entreprise\/"]}]},{"@type":"ImageObject","inLanguage":"en-US","@id":"https:\/\/empow-her.com\/produit\/atelier-mieux-comprendre-les-formes-juridiques-atelier-de-vulgarisation-permettant-de-comprendre-les-differences-entre-auto-entreprise\/#primaryimage","url":"https:\/\/empow-her.com\/wp-content\/uploads\/2025\/08\/ATELIER-1.png","contentUrl":"https:\/\/empow-her.com\/wp-content\/uploads\/2025\/08\/ATELIER-1.png","width":1080,"height":1080},{"@type":"BreadcrumbList","@id":"https:\/\/empow-her.com\/produit\/atelier-mieux-comprendre-les-formes-juridiques-atelier-de-vulgarisation-permettant-de-comprendre-les-differences-entre-auto-entreprise\/#breadcrumb","itemListElement":[{"@type":"ListItem","position":1,"name":"Accueil","item":"https:\/\/empow-her.com\/en\/landing-page\/"},{"@type":"ListItem","position":2,"name":"LA BOUTIQUE","item":"https:\/\/empow-her.com\/boutique\/"},{"@type":"ListItem","position":3,"name":"Atelier -Mieux comprendre les formes juridiques. Atelier de vulgarisation permettant de comprendre les diff\u00e9rences entre auto entreprise"}]},{"@type":"WebSite","@id":"https:\/\/empow-her.com\/#website","url":"https:\/\/empow-her.com\/","name":"Empow&#039;Her","description":"Women Development","potentialAction":[{"@type":"SearchAction","target":{"@type":"EntryPoint","urlTemplate":"https:\/\/empow-her.com\/?s={search_term_string}"},"query-input":{"@type":"PropertyValueSpecification","valueRequired":true,"valueName":"search_term_string"}}],"inLanguage":"en-US"}]}},"_links":{"self":[{"href":"https:\/\/empow-her.com\/en\/wp-json\/wp\/v2\/product\/269131","targetHints":{"allow":["GET"]}}],"collection":[{"href":"https:\/\/empow-her.com\/en\/wp-json\/wp\/v2\/product"}],"about":[{"href":"https:\/\/empow-her.com\/en\/wp-json\/wp\/v2\/types\/product"}],"wp:featuredmedia":[{"embeddable":true,"href":"https:\/\/empow-her.com\/en\/wp-json\/wp\/v2\/media\/269132"}],"wp:attachment":[{"href":"https:\/\/empow-her.com\/en\/wp-json\/wp\/v2\/media?parent=269131"}],"wp:term":[{"taxonomy":"product_brand","embeddable":true,"href":"https:\/\/empow-her.com\/en\/wp-json\/wp\/v2\/product_brand?post=269131"},{"taxonomy":"product_cat","embeddable":true,"href":"https:\/\/empow-her.com\/en\/wp-json\/wp\/v2\/product_cat?post=269131"},{"taxonomy":"product_tag","embeddable":true,"href":"https:\/\/empow-her.com\/en\/wp-json\/wp\/v2\/product_tag?post=269131"},{"taxonomy":"lieu","embeddable":true,"href":"https:\/\/empow-her.com\/en\/wp-json\/wp\/v2\/lieu?post=269131"},{"taxonomy":"thematiques","embeddable":true,"href":"https:\/\/empow-her.com\/en\/wp-json\/wp\/v2\/thematiques?post=269131"}],"curies":[{"name":"wp","href":"https:\/\/api.w.org\/{rel}","templated":true}]}}