{"id":269059,"date":"2025-08-06T08:50:29","date_gmt":"2025-08-06T06:50:29","guid":{"rendered":"https:\/\/empow-her.com\/?post_type=product&#038;p=269059"},"modified":"2025-09-04T16:27:27","modified_gmt":"2025-09-04T14:27:27","slug":"soiree-de-rentree","status":"publish","type":"product","link":"https:\/\/empow-her.com\/en\/produit\/soiree-de-rentree\/","title":{"rendered":"Soir\u00e9e de rentr\u00e9e"},"content":{"rendered":"<p data-start=\"129\" data-end=\"326\">Parce que la rentr\u00e9e, ce n\u2019est pas seulement une to-do liste ou un agenda bien rempli, nous vous proposons de nous retrouver <strong data-start=\"254\" data-end=\"292\">jeudi 11 septembre \u00e0 partir de 18h<\/strong> pour une <strong data-start=\"302\" data-end=\"323\">soir\u00e9e de rentr\u00e9e<\/strong>.<\/p>\n<p data-start=\"328\" data-end=\"642\">Un moment privil\u00e9gi\u00e9 pour marquer le coup apr\u00e8s l\u2019\u00e9t\u00e9, prendre le temps de se reconnecter et partager un vrai temps ensemble. Ce sera l\u2019occasion de d\u00e9couvrir les actualit\u00e9s du programme, d\u2019\u00e9changer sur vos envies et vos projets pour la suite, et pourquoi pas, de repartir avec de nouvelles id\u00e9es et inspirations.<\/p>\n<p data-start=\"644\" data-end=\"893\">Nous prendrons aussi le temps d\u2019\u00e9couter vos retours, vos questionnements, vos r\u00e9ussites et vos envies. Entre \u00e9changes bienveillants, d\u00e9couvertes mutuelles et discussions informelles, cette soir\u00e9e se veut \u00e0 la fois inspirante, conviviale et l\u00e9g\u00e8re.<\/p>\n<p data-start=\"895\" data-end=\"1044\">Ce sera aussi tout simplement un moment pour se retrouver autour d\u2019un verre, rire, ralentir un peu avant de replonger dans le rythme de la rentr\u00e9e.<\/p>\n<p data-start=\"1046\" data-end=\"1123\"><strong data-start=\"1046\" data-end=\"1121\">Bref, une soir\u00e9e comme on les aime : vivante, inspirante et collective.<\/strong><\/p>\n<p data-start=\"1125\" data-end=\"1245\"><strong data-start=\"1125\" data-end=\"1161\">Bloquez la date dans vos agendas<\/strong> pour ne pas manquer ce rendez-vous et profitez de ce moment pour vous, avec nous.<\/p>\n","protected":false},"excerpt":{"rendered":"<p data-start=\"129\" data-end=\"326\">Parce que la rentr\u00e9e, ce n\u2019est pas seulement une to-do liste ou un agenda bien rempli, nous vous proposons de nous retrouver <strong data-start=\"254\" data-end=\"292\">jeudi 11 septembre \u00e0 partir de 18h<\/strong> pour une <strong data-start=\"302\" data-end=\"323\">soir\u00e9e de rentr\u00e9e<\/strong>.<\/p>\n<p data-start=\"328\" data-end=\"642\">Un moment privil\u00e9gi\u00e9 pour marquer le coup apr\u00e8s l\u2019\u00e9t\u00e9, prendre le temps de se reconnecter et partager un vrai temps ensemble. Ce sera l\u2019occasion de d\u00e9couvrir les actualit\u00e9s du programme, d\u2019\u00e9changer sur vos envies et vos projets pour la suite, et pourquoi pas, de repartir avec de nouvelles id\u00e9es et inspirations.<\/p>\n<p data-start=\"644\" data-end=\"893\">Nous prendrons aussi le temps d\u2019\u00e9couter vos retours, vos questionnements, vos r\u00e9ussites et vos envies. Entre \u00e9changes bienveillants, d\u00e9couvertes mutuelles et discussions informelles, cette soir\u00e9e se veut \u00e0 la fois inspirante, conviviale et l\u00e9g\u00e8re.<\/p>\n<p data-start=\"895\" data-end=\"1044\">Ce sera aussi tout simplement un moment pour se retrouver autour d\u2019un verre, rire, ralentir un peu avant de replonger dans le rythme de la rentr\u00e9e.<\/p>\n<p data-start=\"1046\" data-end=\"1123\"><strong data-start=\"1046\" data-end=\"1121\">Bref, une soir\u00e9e comme on les aime : vivante, inspirante et collective.<\/strong><\/p>\n<p data-start=\"1125\" data-end=\"1245\"><strong data-start=\"1125\" data-end=\"1161\">Bloquez la date dans vos agendas<\/strong> pour ne pas manquer ce rendez-vous et profitez de ce moment pour vous, avec nous.<\/p>\n","protected":false},"featured_media":269064,"template":"","format":"standard","meta":{"_acf_changed":false,"om_disable_all_campaigns":false,"_uf_show_specific_survey":0,"_uf_disable_surveys":false},"product_brand":[],"product_cat":[119],"product_tag":[],"lieu":[],"thematiques":[],"class_list":{"0":"post-269059","1":"product","2":"type-product","3":"status-publish","4":"format-standard","5":"has-post-thumbnail","7":"product_cat-evenement-sisther","9":"first","10":"instock","11":"virtual","12":"purchasable","13":"product-type-appointment"},"exclude_global_add_ons":[],"addons":[],"acf":[],"yoast_head":"<!-- This site is optimized with the Yoast SEO plugin v24.8 - https:\/\/yoast.com\/wordpress\/plugins\/seo\/ -->\n<title>Soir\u00e9e de rentr\u00e9e - Empow&#039;Her<\/title>\n<meta name=\"robots\" content=\"index, follow, max-snippet:-1, max-image-preview:large, max-video-preview:-1\" \/>\n<link rel=\"canonical\" href=\"https:\/\/empow-her.com\/produit\/soiree-de-rentree\/\" \/>\n<meta property=\"og:locale\" content=\"en_US\" \/>\n<meta property=\"og:type\" content=\"article\" \/>\n<meta property=\"og:title\" content=\"Soir\u00e9e de rentr\u00e9e - Empow&#039;Her\" \/>\n<meta property=\"og:description\" content=\"Parce que la rentr\u00e9e, ce n\u2019est pas seulement une to-do liste ou un agenda bien rempli, nous vous proposons de nous retrouver jeudi 11 septembre \u00e0 partir de 18h pour une soir\u00e9e de rentr\u00e9e. Un moment privil\u00e9gi\u00e9 pour marquer le coup apr\u00e8s l\u2019\u00e9t\u00e9, prendre le temps de se reconnecter et partager un vrai temps ensemble. Ce sera l\u2019occasion de d\u00e9couvrir les actualit\u00e9s du programme, d\u2019\u00e9changer sur vos envies et vos projets pour la suite, et pourquoi pas, de repartir avec de nouvelles id\u00e9es et inspirations. Nous prendrons aussi le temps d\u2019\u00e9couter vos retours, vos questionnements, vos r\u00e9ussites et vos envies. Entre \u00e9changes bienveillants, d\u00e9couvertes mutuelles et discussions informelles, cette soir\u00e9e se veut \u00e0 la fois inspirante, conviviale et l\u00e9g\u00e8re. Ce sera aussi tout simplement un moment pour se retrouver autour d\u2019un verre, rire, ralentir un peu avant de replonger dans le rythme de la rentr\u00e9e. Bref, une soir\u00e9e comme on les aime : vivante, inspirante et collective. Bloquez la date dans vos agendas pour ne pas manquer ce rendez-vous et profitez de ce moment pour vous, avec nous.\" \/>\n<meta property=\"og:url\" content=\"https:\/\/empow-her.com\/produit\/soiree-de-rentree\/\" \/>\n<meta property=\"og:site_name\" content=\"Empow&#039;Her\" \/>\n<meta property=\"article:modified_time\" content=\"2025-09-04T14:27:27+00:00\" \/>\n<meta property=\"og:image\" content=\"https:\/\/empow-her.com\/wp-content\/uploads\/2025\/08\/suivi-5.png\" \/>\n\t<meta property=\"og:image:width\" content=\"1080\" \/>\n\t<meta property=\"og:image:height\" content=\"1080\" \/>\n\t<meta property=\"og:image:type\" content=\"image\/png\" \/>\n<meta name=\"twitter:card\" content=\"summary_large_image\" \/>\n<meta name=\"twitter:label1\" content=\"Est. reading time\" \/>\n\t<meta name=\"twitter:data1\" content=\"2 minutes\" \/>\n<script type=\"application\/ld+json\" class=\"yoast-schema-graph\">{\"@context\":\"https:\/\/schema.org\",\"@graph\":[{\"@type\":\"WebPage\",\"@id\":\"https:\/\/empow-her.com\/produit\/soiree-de-rentree\/\",\"url\":\"https:\/\/empow-her.com\/produit\/soiree-de-rentree\/\",\"name\":\"Soir\u00e9e de rentr\u00e9e - Empow&#039;Her\",\"isPartOf\":{\"@id\":\"https:\/\/empow-her.com\/#website\"},\"primaryImageOfPage\":{\"@id\":\"https:\/\/empow-her.com\/produit\/soiree-de-rentree\/#primaryimage\"},\"image\":{\"@id\":\"https:\/\/empow-her.com\/produit\/soiree-de-rentree\/#primaryimage\"},\"thumbnailUrl\":\"https:\/\/empow-her.com\/wp-content\/uploads\/2025\/08\/suivi-5.png\",\"datePublished\":\"2025-08-06T06:50:29+00:00\",\"dateModified\":\"2025-09-04T14:27:27+00:00\",\"breadcrumb\":{\"@id\":\"https:\/\/empow-her.com\/produit\/soiree-de-rentree\/#breadcrumb\"},\"inLanguage\":\"en-US\",\"potentialAction\":[{\"@type\":\"ReadAction\",\"target\":[\"https:\/\/empow-her.com\/produit\/soiree-de-rentree\/\"]}]},{\"@type\":\"ImageObject\",\"inLanguage\":\"en-US\",\"@id\":\"https:\/\/empow-her.com\/produit\/soiree-de-rentree\/#primaryimage\",\"url\":\"https:\/\/empow-her.com\/wp-content\/uploads\/2025\/08\/suivi-5.png\",\"contentUrl\":\"https:\/\/empow-her.com\/wp-content\/uploads\/2025\/08\/suivi-5.png\",\"width\":1080,\"height\":1080},{\"@type\":\"BreadcrumbList\",\"@id\":\"https:\/\/empow-her.com\/produit\/soiree-de-rentree\/#breadcrumb\",\"itemListElement\":[{\"@type\":\"ListItem\",\"position\":1,\"name\":\"Accueil\",\"item\":\"https:\/\/empow-her.com\/en\/landing-page\/\"},{\"@type\":\"ListItem\",\"position\":2,\"name\":\"LA BOUTIQUE\",\"item\":\"https:\/\/empow-her.com\/boutique\/\"},{\"@type\":\"ListItem\",\"position\":3,\"name\":\"Soir\u00e9e de rentr\u00e9e\"}]},{\"@type\":\"WebSite\",\"@id\":\"https:\/\/empow-her.com\/#website\",\"url\":\"https:\/\/empow-her.com\/\",\"name\":\"Empow&#039;Her\",\"description\":\"Women Development\",\"potentialAction\":[{\"@type\":\"SearchAction\",\"target\":{\"@type\":\"EntryPoint\",\"urlTemplate\":\"https:\/\/empow-her.com\/?s={search_term_string}\"},\"query-input\":{\"@type\":\"PropertyValueSpecification\",\"valueRequired\":true,\"valueName\":\"search_term_string\"}}],\"inLanguage\":\"en-US\"}]}<\/script>\n<!-- \/ Yoast SEO plugin. -->","yoast_head_json":{"title":"Soir\u00e9e de rentr\u00e9e - Empow&#039;Her","robots":{"index":"index","follow":"follow","max-snippet":"max-snippet:-1","max-image-preview":"max-image-preview:large","max-video-preview":"max-video-preview:-1"},"canonical":"https:\/\/empow-her.com\/produit\/soiree-de-rentree\/","og_locale":"en_US","og_type":"article","og_title":"Soir\u00e9e de rentr\u00e9e - Empow&#039;Her","og_description":"Parce que la rentr\u00e9e, ce n\u2019est pas seulement une to-do liste ou un agenda bien rempli, nous vous proposons de nous retrouver jeudi 11 septembre \u00e0 partir de 18h pour une soir\u00e9e de rentr\u00e9e. Un moment privil\u00e9gi\u00e9 pour marquer le coup apr\u00e8s l\u2019\u00e9t\u00e9, prendre le temps de se reconnecter et partager un vrai temps ensemble. Ce sera l\u2019occasion de d\u00e9couvrir les actualit\u00e9s du programme, d\u2019\u00e9changer sur vos envies et vos projets pour la suite, et pourquoi pas, de repartir avec de nouvelles id\u00e9es et inspirations. Nous prendrons aussi le temps d\u2019\u00e9couter vos retours, vos questionnements, vos r\u00e9ussites et vos envies. Entre \u00e9changes bienveillants, d\u00e9couvertes mutuelles et discussions informelles, cette soir\u00e9e se veut \u00e0 la fois inspirante, conviviale et l\u00e9g\u00e8re. Ce sera aussi tout simplement un moment pour se retrouver autour d\u2019un verre, rire, ralentir un peu avant de replonger dans le rythme de la rentr\u00e9e. Bref, une soir\u00e9e comme on les aime : vivante, inspirante et collective. Bloquez la date dans vos agendas pour ne pas manquer ce rendez-vous et profitez de ce moment pour vous, avec nous.","og_url":"https:\/\/empow-her.com\/produit\/soiree-de-rentree\/","og_site_name":"Empow&#039;Her","article_modified_time":"2025-09-04T14:27:27+00:00","og_image":[{"width":1080,"height":1080,"url":"https:\/\/empow-her.com\/wp-content\/uploads\/2025\/08\/suivi-5.png","type":"image\/png"}],"twitter_card":"summary_large_image","twitter_misc":{"Est. reading time":"2 minutes"},"schema":{"@context":"https:\/\/schema.org","@graph":[{"@type":"WebPage","@id":"https:\/\/empow-her.com\/produit\/soiree-de-rentree\/","url":"https:\/\/empow-her.com\/produit\/soiree-de-rentree\/","name":"Soir\u00e9e de rentr\u00e9e - Empow&#039;Her","isPartOf":{"@id":"https:\/\/empow-her.com\/#website"},"primaryImageOfPage":{"@id":"https:\/\/empow-her.com\/produit\/soiree-de-rentree\/#primaryimage"},"image":{"@id":"https:\/\/empow-her.com\/produit\/soiree-de-rentree\/#primaryimage"},"thumbnailUrl":"https:\/\/empow-her.com\/wp-content\/uploads\/2025\/08\/suivi-5.png","datePublished":"2025-08-06T06:50:29+00:00","dateModified":"2025-09-04T14:27:27+00:00","breadcrumb":{"@id":"https:\/\/empow-her.com\/produit\/soiree-de-rentree\/#breadcrumb"},"inLanguage":"en-US","potentialAction":[{"@type":"ReadAction","target":["https:\/\/empow-her.com\/produit\/soiree-de-rentree\/"]}]},{"@type":"ImageObject","inLanguage":"en-US","@id":"https:\/\/empow-her.com\/produit\/soiree-de-rentree\/#primaryimage","url":"https:\/\/empow-her.com\/wp-content\/uploads\/2025\/08\/suivi-5.png","contentUrl":"https:\/\/empow-her.com\/wp-content\/uploads\/2025\/08\/suivi-5.png","width":1080,"height":1080},{"@type":"BreadcrumbList","@id":"https:\/\/empow-her.com\/produit\/soiree-de-rentree\/#breadcrumb","itemListElement":[{"@type":"ListItem","position":1,"name":"Accueil","item":"https:\/\/empow-her.com\/en\/landing-page\/"},{"@type":"ListItem","position":2,"name":"LA BOUTIQUE","item":"https:\/\/empow-her.com\/boutique\/"},{"@type":"ListItem","position":3,"name":"Soir\u00e9e de rentr\u00e9e"}]},{"@type":"WebSite","@id":"https:\/\/empow-her.com\/#website","url":"https:\/\/empow-her.com\/","name":"Empow&#039;Her","description":"Women Development","potentialAction":[{"@type":"SearchAction","target":{"@type":"EntryPoint","urlTemplate":"https:\/\/empow-her.com\/?s={search_term_string}"},"query-input":{"@type":"PropertyValueSpecification","valueRequired":true,"valueName":"search_term_string"}}],"inLanguage":"en-US"}]}},"_links":{"self":[{"href":"https:\/\/empow-her.com\/en\/wp-json\/wp\/v2\/product\/269059","targetHints":{"allow":["GET"]}}],"collection":[{"href":"https:\/\/empow-her.com\/en\/wp-json\/wp\/v2\/product"}],"about":[{"href":"https:\/\/empow-her.com\/en\/wp-json\/wp\/v2\/types\/product"}],"wp:featuredmedia":[{"embeddable":true,"href":"https:\/\/empow-her.com\/en\/wp-json\/wp\/v2\/media\/269064"}],"wp:attachment":[{"href":"https:\/\/empow-her.com\/en\/wp-json\/wp\/v2\/media?parent=269059"}],"wp:term":[{"taxonomy":"product_brand","embeddable":true,"href":"https:\/\/empow-her.com\/en\/wp-json\/wp\/v2\/product_brand?post=269059"},{"taxonomy":"product_cat","embeddable":true,"href":"https:\/\/empow-her.com\/en\/wp-json\/wp\/v2\/product_cat?post=269059"},{"taxonomy":"product_tag","embeddable":true,"href":"https:\/\/empow-her.com\/en\/wp-json\/wp\/v2\/product_tag?post=269059"},{"taxonomy":"lieu","embeddable":true,"href":"https:\/\/empow-her.com\/en\/wp-json\/wp\/v2\/lieu?post=269059"},{"taxonomy":"thematiques","embeddable":true,"href":"https:\/\/empow-her.com\/en\/wp-json\/wp\/v2\/thematiques?post=269059"}],"curies":[{"name":"wp","href":"https:\/\/api.w.org\/{rel}","templated":true}]}}