{"id":268984,"date":"2025-07-30T12:28:12","date_gmt":"2025-07-30T10:28:12","guid":{"rendered":"https:\/\/empow-her.com\/?post_type=product&#038;p=268984"},"modified":"2025-07-30T16:18:24","modified_gmt":"2025-07-30T14:18:24","slug":"coaching-juridique-administratif-62","status":"publish","type":"product","link":"https:\/\/empow-her.com\/en\/produit\/coaching-juridique-administratif-62\/","title":{"rendered":"Coaching &#8211; Juridique &#038; administratif"},"content":{"rendered":"<p data-start=\"0\" data-end=\"109\"><strong data-start=\"0\" data-end=\"107\"> 1h de coaching individuel avec un.e avocat.e pour poser vos questions juridiques<\/strong><\/p>\n<p data-start=\"111\" data-end=\"406\">Vous avez des interrogations sur des aspects juridiques de votre projet ? Ce coaching est l&#8217;occasion id\u00e9ale pour obtenir des r\u00e9ponses pr\u00e9cises et adapt\u00e9es \u00e0 vos besoins. Profitez de l\u2019expertise d\u2019un.e avocat.e pour vous guider \u00e0 travers les complexit\u00e9s juridiques qui entourent votre activit\u00e9.<\/p>\n<p data-start=\"408\" data-end=\"471\"><strong data-start=\"411\" data-end=\"469\">Quelques exemples de sujets que nous pouvons aborder :<\/strong><\/p>\n<ul>\n<li data-start=\"473\" data-end=\"1168\"><span data-sheets-root=\"1\">\u00a0Structuration (droit des soci\u00e9t\u00e9s), <\/span><\/li>\n<li data-start=\"473\" data-end=\"1168\"><span data-sheets-root=\"1\">Fiscalit\u00e9<\/span><\/li>\n<\/ul>\n<p data-start=\"1170\" data-end=\"1305\" data-is-last-node=\"\">Une heure pour poser toutes vos questions et clarifier vos pr\u00e9occupations juridiques, afin d&#8217;avancer sereinement dans votre projet !<\/p>\n<p><strong>Intervenant.e<\/strong> : Avocate du consortium Impact Lawyers<\/p>\n<div class=\"p-workspace__primary_view_body\">\n<div class=\"p-message_pane p-message_pane--classic-nav p-message_pane--scrollbar-float-adjustment p-message_pane--with-bookmarks-bar\" data-qa=\"message_pane\">\n<div>\n<div id=\"message-list\" role=\"presentation\">\n<div id=\"message-list\" class=\"c-virtual_list c-virtual_list--scrollbar c-message_list c-scrollbar c-scrollbar--fade\" role=\"presentation\">\n<div class=\"c-scrollbar__hider\" role=\"presentation\" data-qa=\"slack_kit_scrollbar\">\n<div class=\"c-scrollbar__child\" role=\"presentation\">\n<div class=\"c-virtual_list__scroll_container\" tabindex=\"-1\" role=\"list\" data-qa=\"slack_kit_list\" aria-label=\"Sol\u00e8ne (message direct, disponible)\">\n<div id=\"message-list_1753865914.165389\" class=\"c-virtual_list__item\" tabindex=\"0\" role=\"listitem\" aria-setsize=\"-1\" data-qa=\"virtual-list-item\" data-item-key=\"1753865914.165389\">\n<div class=\"c-message_kit__background c-message_kit__background--hovered p-message_pane_message__message c-message_kit__message\" role=\"presentation\" data-qa=\"message_container\" data-qa-unprocessed=\"false\" data-qa-placeholder=\"false\">\n<div class=\"c-message_kit__hover c-message_kit__hover--hovered\" role=\"document\" aria-roledescription=\"message\" data-qa-hover=\"true\">\n<div class=\"c-message_kit__actions c-message_kit__actions--above\">\n<div class=\"c-message_kit__gutter\">\n<div class=\"c-message_kit__gutter__right\" role=\"presentation\" data-qa=\"message_content\">\n<div class=\"c-message_kit__blocks c-message_kit__blocks--rich_text\">\n<div class=\"c-message__message_blocks c-message__message_blocks--rich_text\" data-qa=\"message-text\">\n<div class=\"p-block_kit_renderer\" data-qa=\"block-kit-renderer\">\n<div class=\"p-block_kit_renderer__block_wrapper p-block_kit_renderer__block_wrapper--first\">\n<div class=\"p-rich_text_block\" dir=\"auto\">\n<div class=\"p-rich_text_section\"><b data-stringify-type=\"bold\">Son super pouvoir<\/b>: Solutionneuse pragmatique de probl\u00e8mes juridiques<br \/>\n<b data-stringify-type=\"bold\">Son petit mot<\/b>: Sky is the limit &#8211; n&#8217;ayez pas peur de ce que vous \u00eates ni de ce que vous souhaitez<\/div>\n<\/div>\n<\/div>\n<\/div>\n<\/div>\n<\/div>\n<\/div>\n<\/div>\n<\/div>\n<\/div>\n<\/div>\n<\/div>\n<\/div>\n<\/div>\n<\/div>\n<\/div>\n<\/div>\n<\/div>\n<\/div>\n<\/div>\n<p>Attention ! Veuillez vous pr\u00e9senter \u00e0 l\u2019heure pour que l\u2019activit\u00e9 puisse commencer \u00e0 temps. Si vous avez du retard veuillez pr\u00e9venir l\u2019intervenant.e. Si vous avez plus de 15 min de retard l\u2019intervenant.e se r\u00e9serve le droit de ne plus vous accepter pour le coaching ou l&#8217;atelier.<\/p>\n","protected":false},"excerpt":{"rendered":"<p data-start=\"0\" data-end=\"109\"><strong data-start=\"0\" data-end=\"107\"> 1h de coaching individuel avec un.e avocat.e pour poser vos questions juridiques<\/strong><\/p>\n<p data-start=\"111\" data-end=\"406\">Vous avez des interrogations sur des aspects juridiques de votre projet ? Ce coaching est l&#8217;occasion id\u00e9ale pour obtenir des r\u00e9ponses pr\u00e9cises et adapt\u00e9es \u00e0 vos besoins. Profitez de l\u2019expertise d\u2019un.e avocat.e pour vous guider \u00e0 travers les complexit\u00e9s juridiques qui entourent votre activit\u00e9.<\/p>\n<p data-start=\"408\" data-end=\"471\"><strong data-start=\"411\" data-end=\"469\">Quelques exemples de sujets que nous pouvons aborder :<\/strong><\/p>\n<ul>\n<li data-start=\"473\" data-end=\"1168\"><span data-sheets-root=\"1\">\u00a0Structuration (droit des soci\u00e9t\u00e9s), <\/span><\/li>\n<li data-start=\"473\" data-end=\"1168\"><span data-sheets-root=\"1\">Fiscalit\u00e9<\/span><\/li>\n<\/ul>\n<p data-start=\"1170\" data-end=\"1305\" data-is-last-node=\"\">Une heure pour poser toutes vos questions et clarifier vos pr\u00e9occupations juridiques, afin d&#8217;avancer sereinement dans votre projet !<\/p>\n<p><strong>Intervenant.e<\/strong> : Avocate du consortium Impact Lawyers<\/p>\n<div class=\"p-workspace__primary_view_body\">\n<div class=\"p-message_pane p-message_pane--classic-nav p-message_pane--scrollbar-float-adjustment p-message_pane--with-bookmarks-bar\" data-qa=\"message_pane\">\n<div>\n<div id=\"message-list\" role=\"presentation\">\n<div id=\"message-list\" class=\"c-virtual_list c-virtual_list--scrollbar c-message_list c-scrollbar c-scrollbar--fade\" role=\"presentation\">\n<div class=\"c-scrollbar__hider\" role=\"presentation\" data-qa=\"slack_kit_scrollbar\">\n<div class=\"c-scrollbar__child\" role=\"presentation\">\n<div class=\"c-virtual_list__scroll_container\" tabindex=\"-1\" role=\"list\" data-qa=\"slack_kit_list\" aria-label=\"Sol\u00e8ne (message direct, disponible)\">\n<div id=\"message-list_1753865914.165389\" class=\"c-virtual_list__item\" tabindex=\"0\" role=\"listitem\" aria-setsize=\"-1\" data-qa=\"virtual-list-item\" data-item-key=\"1753865914.165389\">\n<div class=\"c-message_kit__background c-message_kit__background--hovered p-message_pane_message__message c-message_kit__message\" role=\"presentation\" data-qa=\"message_container\" data-qa-unprocessed=\"false\" data-qa-placeholder=\"false\">\n<div class=\"c-message_kit__hover c-message_kit__hover--hovered\" role=\"document\" aria-roledescription=\"message\" data-qa-hover=\"true\">\n<div class=\"c-message_kit__actions c-message_kit__actions--above\">\n<div class=\"c-message_kit__gutter\">\n<div class=\"c-message_kit__gutter__right\" role=\"presentation\" data-qa=\"message_content\">\n<div class=\"c-message_kit__blocks c-message_kit__blocks--rich_text\">\n<div class=\"c-message__message_blocks c-message__message_blocks--rich_text\" data-qa=\"message-text\">\n<div class=\"p-block_kit_renderer\" data-qa=\"block-kit-renderer\">\n<div class=\"p-block_kit_renderer__block_wrapper p-block_kit_renderer__block_wrapper--first\">\n<div class=\"p-rich_text_block\" dir=\"auto\">\n<div class=\"p-rich_text_section\"><b data-stringify-type=\"bold\">Son super pouvoir<\/b>: Solutionneuse pragmatique de probl\u00e8mes juridiques<br \/>\n<b data-stringify-type=\"bold\">Son petit mot<\/b>: Sky is the limit &#8211; n&#8217;ayez pas peur de ce que vous \u00eates ni de ce que vous souhaitez<\/div>\n<\/div>\n<\/div>\n<\/div>\n<\/div>\n<\/div>\n<\/div>\n<\/div>\n<\/div>\n<\/div>\n<\/div>\n<\/div>\n<\/div>\n<\/div>\n<\/div>\n<\/div>\n<\/div>\n<\/div>\n<\/div>\n<\/div>\n<p>Attention ! Veuillez vous pr\u00e9senter \u00e0 l\u2019heure pour que l\u2019activit\u00e9 puisse commencer \u00e0 temps. Si vous avez du retard veuillez pr\u00e9venir l\u2019intervenant.e. Si vous avez plus de 15 min de retard l\u2019intervenant.e se r\u00e9serve le droit de ne plus vous accepter pour le coaching ou l&#8217;atelier.<\/p>\n","protected":false},"featured_media":268987,"template":"","format":"standard","meta":{"_acf_changed":false,"om_disable_all_campaigns":false,"_uf_show_specific_survey":0,"_uf_disable_surveys":false},"product_brand":[],"product_cat":[121],"product_tag":[143],"lieu":[125],"thematiques":[],"class_list":{"0":"post-268984","1":"product","2":"type-product","3":"status-publish","4":"format-standard","5":"has-post-thumbnail","7":"product_cat-coaching","8":"product_tag-en-ligne","9":"lieu-en-ligne","11":"first","12":"instock","13":"virtual","14":"purchasable","15":"product-type-appointment"},"exclude_global_add_ons":true,"addons":[{"name":"Nom & Pr\u00e9nom","type":"custom_text","position":0,"required":false,"title_format":"heading","description_enable":false,"description":"","placeholder_enable":false,"placeholder":"","display":"select","restrictions_type":"any_text","adjust_price":false,"price":"","price_type":"flat_fee","restrictions":false,"min":0,"max":0,"options":[],"id":1753873220},{"name":"Pr\u00e9sentez votre projet en quelques mots","type":"custom_textarea","position":1,"required":false,"title_format":"label","description_enable":false,"description":"","placeholder_enable":false,"placeholder":"","display":"select","restrictions_type":"any_text","adjust_price":false,"price":"","price_type":"flat_fee","restrictions":false,"min":0,"max":0,"options":[],"id":1753873221},{"name":"Avez-vous cr\u00e9\u00e9 votre structure juridique ? Si oui, sous quelle forme ?","type":"custom_text","position":2,"required":false,"title_format":"label","description_enable":false,"description":"","placeholder_enable":false,"placeholder":"","display":"select","restrictions_type":"any_text","adjust_price":false,"price":"","price_type":"flat_fee","restrictions":false,"min":0,"max":0,"options":[],"id":1753873222},{"name":"Souhaitez-vous inscrire votre projet dans l'\u00e9conomie sociale & solidaire ?","type":"multiple_choice","position":3,"required":false,"title_format":"label","description_enable":false,"description":"","placeholder_enable":false,"placeholder":"","display":"select","restrictions_type":"any_text","adjust_price":false,"price":"","price_type":"flat_fee","restrictions":false,"min":0,"max":0,"options":[{"label":"Oui","price":"","price_type":"flat_fee","image":0},{"label":"Non","price":"","price_type":"flat_fee","image":0}],"id":1753873223},{"name":"Merci d'indiquer vos questions afin que nous puissions pr\u00e9parer au mieux ce rendez-vous !","type":"custom_textarea","position":4,"required":false,"title_format":"label","description_enable":false,"description":"","placeholder_enable":false,"placeholder":"","display":"select","restrictions_type":"any_text","adjust_price":false,"price":"","price_type":"flat_fee","restrictions":false,"min":0,"max":0,"options":[],"id":1753873224}],"acf":[],"yoast_head":"<!-- This site is optimized with the Yoast SEO plugin v24.8 - https:\/\/yoast.com\/wordpress\/plugins\/seo\/ -->\n<title>Coaching - Juridique &amp; administratif - Empow&#039;Her<\/title>\n<meta name=\"robots\" content=\"index, follow, max-snippet:-1, max-image-preview:large, max-video-preview:-1\" \/>\n<link rel=\"canonical\" href=\"https:\/\/empow-her.com\/produit\/coaching-juridique-administratif-62\/\" \/>\n<meta property=\"og:locale\" content=\"en_US\" \/>\n<meta property=\"og:type\" content=\"article\" \/>\n<meta property=\"og:title\" content=\"Coaching - Juridique &amp; administratif - Empow&#039;Her\" \/>\n<meta property=\"og:description\" content=\"1h de coaching individuel avec un.e avocat.e pour poser vos questions juridiques Vous avez des interrogations sur des aspects juridiques de votre projet ? Ce coaching est l&#039;occasion id\u00e9ale pour obtenir des r\u00e9ponses pr\u00e9cises et adapt\u00e9es \u00e0 vos besoins. Profitez de l\u2019expertise d\u2019un.e avocat.e pour vous guider \u00e0 travers les complexit\u00e9s juridiques qui entourent votre activit\u00e9. Quelques exemples de sujets que nous pouvons aborder :    \u00a0Structuration (droit des soci\u00e9t\u00e9s),   Fiscalit\u00e9  Une heure pour poser toutes vos questions et clarifier vos pr\u00e9occupations juridiques, afin d&#039;avancer sereinement dans votre projet ! Intervenant.e : Avocate du consortium Impact Lawyers                    Son super pouvoir: Solutionneuse pragmatique de probl\u00e8mes juridiques Son petit mot: Sky is the limit - n&#039;ayez pas peur de ce que vous \u00eates ni de ce que vous souhaitez                    Attention ! Veuillez vous pr\u00e9senter \u00e0 l\u2019heure pour que l\u2019activit\u00e9 puisse commencer \u00e0 temps. Si vous avez du retard veuillez pr\u00e9venir l\u2019intervenant.e. Si vous avez plus de 15 min de retard l\u2019intervenant.e se r\u00e9serve le droit de ne plus vous accepter pour le coaching ou l&#039;atelier.\" \/>\n<meta property=\"og:url\" content=\"https:\/\/empow-her.com\/produit\/coaching-juridique-administratif-62\/\" \/>\n<meta property=\"og:site_name\" content=\"Empow&#039;Her\" \/>\n<meta property=\"article:modified_time\" content=\"2025-07-30T14:18:24+00:00\" \/>\n<meta property=\"og:image\" content=\"https:\/\/empow-her.com\/wp-content\/uploads\/2025\/07\/COACHING-8.png\" \/>\n\t<meta property=\"og:image:width\" content=\"1080\" \/>\n\t<meta property=\"og:image:height\" content=\"1080\" \/>\n\t<meta property=\"og:image:type\" content=\"image\/png\" \/>\n<meta name=\"twitter:card\" content=\"summary_large_image\" \/>\n<meta name=\"twitter:label1\" content=\"Est. reading time\" \/>\n\t<meta name=\"twitter:data1\" content=\"2 minutes\" \/>\n<script type=\"application\/ld+json\" class=\"yoast-schema-graph\">{\"@context\":\"https:\/\/schema.org\",\"@graph\":[{\"@type\":\"WebPage\",\"@id\":\"https:\/\/empow-her.com\/produit\/coaching-juridique-administratif-62\/\",\"url\":\"https:\/\/empow-her.com\/produit\/coaching-juridique-administratif-62\/\",\"name\":\"Coaching - Juridique & administratif - Empow&#039;Her\",\"isPartOf\":{\"@id\":\"https:\/\/empow-her.com\/#website\"},\"primaryImageOfPage\":{\"@id\":\"https:\/\/empow-her.com\/produit\/coaching-juridique-administratif-62\/#primaryimage\"},\"image\":{\"@id\":\"https:\/\/empow-her.com\/produit\/coaching-juridique-administratif-62\/#primaryimage\"},\"thumbnailUrl\":\"https:\/\/empow-her.com\/wp-content\/uploads\/2025\/07\/COACHING-8.png\",\"datePublished\":\"2025-07-30T10:28:12+00:00\",\"dateModified\":\"2025-07-30T14:18:24+00:00\",\"breadcrumb\":{\"@id\":\"https:\/\/empow-her.com\/produit\/coaching-juridique-administratif-62\/#breadcrumb\"},\"inLanguage\":\"en-US\",\"potentialAction\":[{\"@type\":\"ReadAction\",\"target\":[\"https:\/\/empow-her.com\/produit\/coaching-juridique-administratif-62\/\"]}]},{\"@type\":\"ImageObject\",\"inLanguage\":\"en-US\",\"@id\":\"https:\/\/empow-her.com\/produit\/coaching-juridique-administratif-62\/#primaryimage\",\"url\":\"https:\/\/empow-her.com\/wp-content\/uploads\/2025\/07\/COACHING-8.png\",\"contentUrl\":\"https:\/\/empow-her.com\/wp-content\/uploads\/2025\/07\/COACHING-8.png\",\"width\":1080,\"height\":1080},{\"@type\":\"BreadcrumbList\",\"@id\":\"https:\/\/empow-her.com\/produit\/coaching-juridique-administratif-62\/#breadcrumb\",\"itemListElement\":[{\"@type\":\"ListItem\",\"position\":1,\"name\":\"Accueil\",\"item\":\"https:\/\/empow-her.com\/en\/landing-page\/\"},{\"@type\":\"ListItem\",\"position\":2,\"name\":\"LA BOUTIQUE\",\"item\":\"https:\/\/empow-her.com\/boutique\/\"},{\"@type\":\"ListItem\",\"position\":3,\"name\":\"Coaching &#8211; Juridique &#038; administratif\"}]},{\"@type\":\"WebSite\",\"@id\":\"https:\/\/empow-her.com\/#website\",\"url\":\"https:\/\/empow-her.com\/\",\"name\":\"Empow&#039;Her\",\"description\":\"Women Development\",\"potentialAction\":[{\"@type\":\"SearchAction\",\"target\":{\"@type\":\"EntryPoint\",\"urlTemplate\":\"https:\/\/empow-her.com\/?s={search_term_string}\"},\"query-input\":{\"@type\":\"PropertyValueSpecification\",\"valueRequired\":true,\"valueName\":\"search_term_string\"}}],\"inLanguage\":\"en-US\"}]}<\/script>\n<!-- \/ Yoast SEO plugin. -->","yoast_head_json":{"title":"Coaching - Juridique & administratif - Empow&#039;Her","robots":{"index":"index","follow":"follow","max-snippet":"max-snippet:-1","max-image-preview":"max-image-preview:large","max-video-preview":"max-video-preview:-1"},"canonical":"https:\/\/empow-her.com\/produit\/coaching-juridique-administratif-62\/","og_locale":"en_US","og_type":"article","og_title":"Coaching - Juridique & administratif - Empow&#039;Her","og_description":"1h de coaching individuel avec un.e avocat.e pour poser vos questions juridiques Vous avez des interrogations sur des aspects juridiques de votre projet ? Ce coaching est l'occasion id\u00e9ale pour obtenir des r\u00e9ponses pr\u00e9cises et adapt\u00e9es \u00e0 vos besoins. Profitez de l\u2019expertise d\u2019un.e avocat.e pour vous guider \u00e0 travers les complexit\u00e9s juridiques qui entourent votre activit\u00e9. Quelques exemples de sujets que nous pouvons aborder :    \u00a0Structuration (droit des soci\u00e9t\u00e9s),   Fiscalit\u00e9  Une heure pour poser toutes vos questions et clarifier vos pr\u00e9occupations juridiques, afin d'avancer sereinement dans votre projet ! Intervenant.e : Avocate du consortium Impact Lawyers                    Son super pouvoir: Solutionneuse pragmatique de probl\u00e8mes juridiques Son petit mot: Sky is the limit - n'ayez pas peur de ce que vous \u00eates ni de ce que vous souhaitez                    Attention ! Veuillez vous pr\u00e9senter \u00e0 l\u2019heure pour que l\u2019activit\u00e9 puisse commencer \u00e0 temps. Si vous avez du retard veuillez pr\u00e9venir l\u2019intervenant.e. Si vous avez plus de 15 min de retard l\u2019intervenant.e se r\u00e9serve le droit de ne plus vous accepter pour le coaching ou l'atelier.","og_url":"https:\/\/empow-her.com\/produit\/coaching-juridique-administratif-62\/","og_site_name":"Empow&#039;Her","article_modified_time":"2025-07-30T14:18:24+00:00","og_image":[{"width":1080,"height":1080,"url":"https:\/\/empow-her.com\/wp-content\/uploads\/2025\/07\/COACHING-8.png","type":"image\/png"}],"twitter_card":"summary_large_image","twitter_misc":{"Est. reading time":"2 minutes"},"schema":{"@context":"https:\/\/schema.org","@graph":[{"@type":"WebPage","@id":"https:\/\/empow-her.com\/produit\/coaching-juridique-administratif-62\/","url":"https:\/\/empow-her.com\/produit\/coaching-juridique-administratif-62\/","name":"Coaching - Juridique & administratif - Empow&#039;Her","isPartOf":{"@id":"https:\/\/empow-her.com\/#website"},"primaryImageOfPage":{"@id":"https:\/\/empow-her.com\/produit\/coaching-juridique-administratif-62\/#primaryimage"},"image":{"@id":"https:\/\/empow-her.com\/produit\/coaching-juridique-administratif-62\/#primaryimage"},"thumbnailUrl":"https:\/\/empow-her.com\/wp-content\/uploads\/2025\/07\/COACHING-8.png","datePublished":"2025-07-30T10:28:12+00:00","dateModified":"2025-07-30T14:18:24+00:00","breadcrumb":{"@id":"https:\/\/empow-her.com\/produit\/coaching-juridique-administratif-62\/#breadcrumb"},"inLanguage":"en-US","potentialAction":[{"@type":"ReadAction","target":["https:\/\/empow-her.com\/produit\/coaching-juridique-administratif-62\/"]}]},{"@type":"ImageObject","inLanguage":"en-US","@id":"https:\/\/empow-her.com\/produit\/coaching-juridique-administratif-62\/#primaryimage","url":"https:\/\/empow-her.com\/wp-content\/uploads\/2025\/07\/COACHING-8.png","contentUrl":"https:\/\/empow-her.com\/wp-content\/uploads\/2025\/07\/COACHING-8.png","width":1080,"height":1080},{"@type":"BreadcrumbList","@id":"https:\/\/empow-her.com\/produit\/coaching-juridique-administratif-62\/#breadcrumb","itemListElement":[{"@type":"ListItem","position":1,"name":"Accueil","item":"https:\/\/empow-her.com\/en\/landing-page\/"},{"@type":"ListItem","position":2,"name":"LA BOUTIQUE","item":"https:\/\/empow-her.com\/boutique\/"},{"@type":"ListItem","position":3,"name":"Coaching &#8211; Juridique &#038; administratif"}]},{"@type":"WebSite","@id":"https:\/\/empow-her.com\/#website","url":"https:\/\/empow-her.com\/","name":"Empow&#039;Her","description":"Women Development","potentialAction":[{"@type":"SearchAction","target":{"@type":"EntryPoint","urlTemplate":"https:\/\/empow-her.com\/?s={search_term_string}"},"query-input":{"@type":"PropertyValueSpecification","valueRequired":true,"valueName":"search_term_string"}}],"inLanguage":"en-US"}]}},"_links":{"self":[{"href":"https:\/\/empow-her.com\/en\/wp-json\/wp\/v2\/product\/268984","targetHints":{"allow":["GET"]}}],"collection":[{"href":"https:\/\/empow-her.com\/en\/wp-json\/wp\/v2\/product"}],"about":[{"href":"https:\/\/empow-her.com\/en\/wp-json\/wp\/v2\/types\/product"}],"wp:featuredmedia":[{"embeddable":true,"href":"https:\/\/empow-her.com\/en\/wp-json\/wp\/v2\/media\/268987"}],"wp:attachment":[{"href":"https:\/\/empow-her.com\/en\/wp-json\/wp\/v2\/media?parent=268984"}],"wp:term":[{"taxonomy":"product_brand","embeddable":true,"href":"https:\/\/empow-her.com\/en\/wp-json\/wp\/v2\/product_brand?post=268984"},{"taxonomy":"product_cat","embeddable":true,"href":"https:\/\/empow-her.com\/en\/wp-json\/wp\/v2\/product_cat?post=268984"},{"taxonomy":"product_tag","embeddable":true,"href":"https:\/\/empow-her.com\/en\/wp-json\/wp\/v2\/product_tag?post=268984"},{"taxonomy":"lieu","embeddable":true,"href":"https:\/\/empow-her.com\/en\/wp-json\/wp\/v2\/lieu?post=268984"},{"taxonomy":"thematiques","embeddable":true,"href":"https:\/\/empow-her.com\/en\/wp-json\/wp\/v2\/thematiques?post=268984"}],"curies":[{"name":"wp","href":"https:\/\/api.w.org\/{rel}","templated":true}]}}