{"id":268965,"date":"2025-07-30T11:29:21","date_gmt":"2025-07-30T09:29:21","guid":{"rendered":"https:\/\/empow-her.com\/?post_type=product&#038;p=268965"},"modified":"2025-07-30T12:25:30","modified_gmt":"2025-07-30T10:25:30","slug":"atelier-comment-choisir-la-structure-appropriee-pour-votre-projet-a-impact","status":"publish","type":"product","link":"https:\/\/empow-her.com\/en\/produit\/atelier-comment-choisir-la-structure-appropriee-pour-votre-projet-a-impact\/","title":{"rendered":"Atelier &#8211; Comment choisir la structure appropri\u00e9e pour votre projet \u00e0 impact"},"content":{"rendered":"<div class=\"p-rich_text_section\"><b data-stringify-type=\"bold\">Objectif : Identifier la structure juridique la plus adapt\u00e9e \u00e0 son activit\u00e9<\/b><\/div>\n<div class=\"p-rich_text_section\">Tu sais comment tu veux exercer ton activit\u00e9, mais tu te poses encore des questions sur la forme juridique \u00e0 adopter ? Cet atelier est con\u00e7u pour t\u2019aider \u00e0 y voir plus clair.<\/div>\n<div class=\"p-rich_text_section\"><b data-stringify-type=\"bold\">Au programme :<\/b><\/div>\n<ul>\n<li class=\"p-rich_text_section\"><b data-stringify-type=\"bold\">Panorama des formes juridiques existantes<\/b><br \/>\nPr\u00e9sentation des principales structures adapt\u00e9es aux projets entrepreneuriaux : micro-entreprise, entreprise individuelle, soci\u00e9t\u00e9 (SAS, SARL\u2026), association, etc.<br \/>\nL\u2019objectif : comprendre les grandes lignes de chaque statut et leurs implications concr\u00e8tes.<\/li>\n<li class=\"p-rich_text_section\"><b data-stringify-type=\"bold\">Zoom sur l\u2019\u00c9conomie Sociale et Solidaire (ESS)<\/b><br \/>\nFocus sur les structures compatibles avec l\u2019ESS et les conditions pour entrer dans ce champ sp\u00e9cifique.<\/li>\n<\/ul>\n<p><b data-stringify-type=\"bold\">Nous r\u00e9pondrons notamment aux questions suivantes :<\/b><\/p>\n<ul class=\"p-rich_text_list p-rich_text_list__bullet p-rich_text_list--nested\" data-stringify-type=\"unordered-list\" data-list-tree=\"true\" data-indent=\"0\" data-border=\"0\">\n<li data-stringify-indent=\"0\" data-stringify-border=\"0\">Quelle est la diff\u00e9rence entre le statut d\u2019autoentrepreneur et celui d\u2019une soci\u00e9t\u00e9 ?<\/li>\n<li data-stringify-indent=\"0\" data-stringify-border=\"0\">Quels sont les co\u00fbts associ\u00e9s \u00e0 chaque statut (cr\u00e9ation, gestion, fiscalit\u00e9) ?<\/li>\n<li data-stringify-indent=\"0\" data-stringify-border=\"0\">Peut-on avoir plusieurs structures juridiques ?<\/li>\n<li data-stringify-indent=\"0\" data-stringify-border=\"0\">Quelles sont les \u00e9tapes concr\u00e8tes pour cr\u00e9er une entreprise ?<\/li>\n<\/ul>\n<div class=\"p-rich_text_section\">Un atelier pour faire un choix juridique \u00e9clair\u00e9, align\u00e9 avec ton projet, tes besoins et tes valeurs.<\/div>\n","protected":false},"excerpt":{"rendered":"<div class=\"p-rich_text_section\"><b data-stringify-type=\"bold\">Objectif : Identifier la structure juridique la plus adapt\u00e9e \u00e0 son activit\u00e9<\/b><\/div>\n<div class=\"p-rich_text_section\">Tu sais comment tu veux exercer ton activit\u00e9, mais tu te poses encore des questions sur la forme juridique \u00e0 adopter ? Cet atelier est con\u00e7u pour t\u2019aider \u00e0 y voir plus clair.<\/div>\n<div class=\"p-rich_text_section\"><b data-stringify-type=\"bold\">Au programme :<\/b><\/div>\n<ul>\n<li class=\"p-rich_text_section\"><b data-stringify-type=\"bold\">Panorama des formes juridiques existantes<\/b><br \/>\nPr\u00e9sentation des principales structures adapt\u00e9es aux projets entrepreneuriaux : micro-entreprise, entreprise individuelle, soci\u00e9t\u00e9 (SAS, SARL\u2026), association, etc.<br \/>\nL\u2019objectif : comprendre les grandes lignes de chaque statut et leurs implications concr\u00e8tes.<\/li>\n<li class=\"p-rich_text_section\"><b data-stringify-type=\"bold\">Zoom sur l\u2019\u00c9conomie Sociale et Solidaire (ESS)<\/b><br \/>\nFocus sur les structures compatibles avec l\u2019ESS et les conditions pour entrer dans ce champ sp\u00e9cifique.<\/li>\n<\/ul>\n<p><b data-stringify-type=\"bold\">Nous r\u00e9pondrons notamment aux questions suivantes :<\/b><\/p>\n<ul class=\"p-rich_text_list p-rich_text_list__bullet p-rich_text_list--nested\" data-stringify-type=\"unordered-list\" data-list-tree=\"true\" data-indent=\"0\" data-border=\"0\">\n<li data-stringify-indent=\"0\" data-stringify-border=\"0\">Quelle est la diff\u00e9rence entre le statut d\u2019autoentrepreneur et celui d\u2019une soci\u00e9t\u00e9 ?<\/li>\n<li data-stringify-indent=\"0\" data-stringify-border=\"0\">Quels sont les co\u00fbts associ\u00e9s \u00e0 chaque statut (cr\u00e9ation, gestion, fiscalit\u00e9) ?<\/li>\n<li data-stringify-indent=\"0\" data-stringify-border=\"0\">Peut-on avoir plusieurs structures juridiques ?<\/li>\n<li data-stringify-indent=\"0\" data-stringify-border=\"0\">Quelles sont les \u00e9tapes concr\u00e8tes pour cr\u00e9er une entreprise ?<\/li>\n<\/ul>\n<div class=\"p-rich_text_section\">Un atelier pour faire un choix juridique \u00e9clair\u00e9, align\u00e9 avec ton projet, tes besoins et tes valeurs.<\/div>\n","protected":false},"featured_media":268975,"template":"","format":"standard","meta":{"_acf_changed":false,"om_disable_all_campaigns":false,"_uf_show_specific_survey":0,"_uf_disable_surveys":false},"product_brand":[],"product_cat":[118],"product_tag":[],"lieu":[125],"thematiques":[],"class_list":{"0":"post-268965","1":"product","2":"type-product","3":"status-publish","4":"format-standard","5":"has-post-thumbnail","7":"product_cat-atelier-collectif","8":"lieu-en-ligne","10":"first","11":"instock","12":"virtual","13":"purchasable","14":"product-type-appointment"},"exclude_global_add_ons":[],"addons":[],"acf":[],"yoast_head":"<!-- This site is optimized with the Yoast SEO plugin v24.8 - https:\/\/yoast.com\/wordpress\/plugins\/seo\/ -->\n<title>Atelier - Comment choisir la structure appropri\u00e9e pour votre projet \u00e0 impact - Empow&#039;Her<\/title>\n<meta name=\"robots\" content=\"index, follow, max-snippet:-1, max-image-preview:large, max-video-preview:-1\" \/>\n<link rel=\"canonical\" href=\"https:\/\/empow-her.com\/produit\/atelier-comment-choisir-la-structure-appropriee-pour-votre-projet-a-impact\/\" \/>\n<meta property=\"og:locale\" content=\"en_US\" \/>\n<meta property=\"og:type\" content=\"article\" \/>\n<meta property=\"og:title\" content=\"Atelier - Comment choisir la structure appropri\u00e9e pour votre projet \u00e0 impact - Empow&#039;Her\" \/>\n<meta property=\"og:description\" content=\"Objectif : Identifier la structure juridique la plus adapt\u00e9e \u00e0 son activit\u00e9 Tu sais comment tu veux exercer ton activit\u00e9, mais tu te poses encore des questions sur la forme juridique \u00e0 adopter ? Cet atelier est con\u00e7u pour t\u2019aider \u00e0 y voir plus clair. Au programme :   Panorama des formes juridiques existantes Pr\u00e9sentation des principales structures adapt\u00e9es aux projets entrepreneuriaux : micro-entreprise, entreprise individuelle, soci\u00e9t\u00e9 (SAS, SARL\u2026), association, etc. L\u2019objectif : comprendre les grandes lignes de chaque statut et leurs implications concr\u00e8tes.  Zoom sur l\u2019\u00c9conomie Sociale et Solidaire (ESS) Focus sur les structures compatibles avec l\u2019ESS et les conditions pour entrer dans ce champ sp\u00e9cifique.  Nous r\u00e9pondrons notamment aux questions suivantes :   Quelle est la diff\u00e9rence entre le statut d\u2019autoentrepreneur et celui d\u2019une soci\u00e9t\u00e9 ?  Quels sont les co\u00fbts associ\u00e9s \u00e0 chaque statut (cr\u00e9ation, gestion, fiscalit\u00e9) ?  Peut-on avoir plusieurs structures juridiques ?  Quelles sont les \u00e9tapes concr\u00e8tes pour cr\u00e9er une entreprise ?  Un atelier pour faire un choix juridique \u00e9clair\u00e9, align\u00e9 avec ton projet, tes besoins et tes valeurs.\" \/>\n<meta property=\"og:url\" content=\"https:\/\/empow-her.com\/produit\/atelier-comment-choisir-la-structure-appropriee-pour-votre-projet-a-impact\/\" \/>\n<meta property=\"og:site_name\" content=\"Empow&#039;Her\" \/>\n<meta property=\"article:modified_time\" content=\"2025-07-30T10:25:30+00:00\" \/>\n<meta property=\"og:image\" content=\"https:\/\/empow-her.com\/wp-content\/uploads\/2025\/07\/ATELIER-6.png\" \/>\n\t<meta property=\"og:image:width\" content=\"1080\" \/>\n\t<meta property=\"og:image:height\" content=\"1080\" \/>\n\t<meta property=\"og:image:type\" content=\"image\/png\" \/>\n<meta name=\"twitter:card\" content=\"summary_large_image\" \/>\n<meta name=\"twitter:label1\" content=\"Est. reading time\" \/>\n\t<meta name=\"twitter:data1\" content=\"2 minutes\" \/>\n<script type=\"application\/ld+json\" class=\"yoast-schema-graph\">{\"@context\":\"https:\/\/schema.org\",\"@graph\":[{\"@type\":\"WebPage\",\"@id\":\"https:\/\/empow-her.com\/produit\/atelier-comment-choisir-la-structure-appropriee-pour-votre-projet-a-impact\/\",\"url\":\"https:\/\/empow-her.com\/produit\/atelier-comment-choisir-la-structure-appropriee-pour-votre-projet-a-impact\/\",\"name\":\"Atelier - Comment choisir la structure appropri\u00e9e pour votre projet \u00e0 impact - Empow&#039;Her\",\"isPartOf\":{\"@id\":\"https:\/\/empow-her.com\/#website\"},\"primaryImageOfPage\":{\"@id\":\"https:\/\/empow-her.com\/produit\/atelier-comment-choisir-la-structure-appropriee-pour-votre-projet-a-impact\/#primaryimage\"},\"image\":{\"@id\":\"https:\/\/empow-her.com\/produit\/atelier-comment-choisir-la-structure-appropriee-pour-votre-projet-a-impact\/#primaryimage\"},\"thumbnailUrl\":\"https:\/\/empow-her.com\/wp-content\/uploads\/2025\/07\/ATELIER-6.png\",\"datePublished\":\"2025-07-30T09:29:21+00:00\",\"dateModified\":\"2025-07-30T10:25:30+00:00\",\"breadcrumb\":{\"@id\":\"https:\/\/empow-her.com\/produit\/atelier-comment-choisir-la-structure-appropriee-pour-votre-projet-a-impact\/#breadcrumb\"},\"inLanguage\":\"en-US\",\"potentialAction\":[{\"@type\":\"ReadAction\",\"target\":[\"https:\/\/empow-her.com\/produit\/atelier-comment-choisir-la-structure-appropriee-pour-votre-projet-a-impact\/\"]}]},{\"@type\":\"ImageObject\",\"inLanguage\":\"en-US\",\"@id\":\"https:\/\/empow-her.com\/produit\/atelier-comment-choisir-la-structure-appropriee-pour-votre-projet-a-impact\/#primaryimage\",\"url\":\"https:\/\/empow-her.com\/wp-content\/uploads\/2025\/07\/ATELIER-6.png\",\"contentUrl\":\"https:\/\/empow-her.com\/wp-content\/uploads\/2025\/07\/ATELIER-6.png\",\"width\":1080,\"height\":1080},{\"@type\":\"BreadcrumbList\",\"@id\":\"https:\/\/empow-her.com\/produit\/atelier-comment-choisir-la-structure-appropriee-pour-votre-projet-a-impact\/#breadcrumb\",\"itemListElement\":[{\"@type\":\"ListItem\",\"position\":1,\"name\":\"Accueil\",\"item\":\"https:\/\/empow-her.com\/en\/landing-page\/\"},{\"@type\":\"ListItem\",\"position\":2,\"name\":\"LA BOUTIQUE\",\"item\":\"https:\/\/empow-her.com\/boutique\/\"},{\"@type\":\"ListItem\",\"position\":3,\"name\":\"Atelier &#8211; Comment choisir la structure appropri\u00e9e pour votre projet \u00e0 impact\"}]},{\"@type\":\"WebSite\",\"@id\":\"https:\/\/empow-her.com\/#website\",\"url\":\"https:\/\/empow-her.com\/\",\"name\":\"Empow&#039;Her\",\"description\":\"Women Development\",\"potentialAction\":[{\"@type\":\"SearchAction\",\"target\":{\"@type\":\"EntryPoint\",\"urlTemplate\":\"https:\/\/empow-her.com\/?s={search_term_string}\"},\"query-input\":{\"@type\":\"PropertyValueSpecification\",\"valueRequired\":true,\"valueName\":\"search_term_string\"}}],\"inLanguage\":\"en-US\"}]}<\/script>\n<!-- \/ Yoast SEO plugin. -->","yoast_head_json":{"title":"Atelier - Comment choisir la structure appropri\u00e9e pour votre projet \u00e0 impact - Empow&#039;Her","robots":{"index":"index","follow":"follow","max-snippet":"max-snippet:-1","max-image-preview":"max-image-preview:large","max-video-preview":"max-video-preview:-1"},"canonical":"https:\/\/empow-her.com\/produit\/atelier-comment-choisir-la-structure-appropriee-pour-votre-projet-a-impact\/","og_locale":"en_US","og_type":"article","og_title":"Atelier - Comment choisir la structure appropri\u00e9e pour votre projet \u00e0 impact - Empow&#039;Her","og_description":"Objectif : Identifier la structure juridique la plus adapt\u00e9e \u00e0 son activit\u00e9 Tu sais comment tu veux exercer ton activit\u00e9, mais tu te poses encore des questions sur la forme juridique \u00e0 adopter ? Cet atelier est con\u00e7u pour t\u2019aider \u00e0 y voir plus clair. Au programme :   Panorama des formes juridiques existantes Pr\u00e9sentation des principales structures adapt\u00e9es aux projets entrepreneuriaux : micro-entreprise, entreprise individuelle, soci\u00e9t\u00e9 (SAS, SARL\u2026), association, etc. L\u2019objectif : comprendre les grandes lignes de chaque statut et leurs implications concr\u00e8tes.  Zoom sur l\u2019\u00c9conomie Sociale et Solidaire (ESS) Focus sur les structures compatibles avec l\u2019ESS et les conditions pour entrer dans ce champ sp\u00e9cifique.  Nous r\u00e9pondrons notamment aux questions suivantes :   Quelle est la diff\u00e9rence entre le statut d\u2019autoentrepreneur et celui d\u2019une soci\u00e9t\u00e9 ?  Quels sont les co\u00fbts associ\u00e9s \u00e0 chaque statut (cr\u00e9ation, gestion, fiscalit\u00e9) ?  Peut-on avoir plusieurs structures juridiques ?  Quelles sont les \u00e9tapes concr\u00e8tes pour cr\u00e9er une entreprise ?  Un atelier pour faire un choix juridique \u00e9clair\u00e9, align\u00e9 avec ton projet, tes besoins et tes valeurs.","og_url":"https:\/\/empow-her.com\/produit\/atelier-comment-choisir-la-structure-appropriee-pour-votre-projet-a-impact\/","og_site_name":"Empow&#039;Her","article_modified_time":"2025-07-30T10:25:30+00:00","og_image":[{"width":1080,"height":1080,"url":"https:\/\/empow-her.com\/wp-content\/uploads\/2025\/07\/ATELIER-6.png","type":"image\/png"}],"twitter_card":"summary_large_image","twitter_misc":{"Est. reading time":"2 minutes"},"schema":{"@context":"https:\/\/schema.org","@graph":[{"@type":"WebPage","@id":"https:\/\/empow-her.com\/produit\/atelier-comment-choisir-la-structure-appropriee-pour-votre-projet-a-impact\/","url":"https:\/\/empow-her.com\/produit\/atelier-comment-choisir-la-structure-appropriee-pour-votre-projet-a-impact\/","name":"Atelier - Comment choisir la structure appropri\u00e9e pour votre projet \u00e0 impact - Empow&#039;Her","isPartOf":{"@id":"https:\/\/empow-her.com\/#website"},"primaryImageOfPage":{"@id":"https:\/\/empow-her.com\/produit\/atelier-comment-choisir-la-structure-appropriee-pour-votre-projet-a-impact\/#primaryimage"},"image":{"@id":"https:\/\/empow-her.com\/produit\/atelier-comment-choisir-la-structure-appropriee-pour-votre-projet-a-impact\/#primaryimage"},"thumbnailUrl":"https:\/\/empow-her.com\/wp-content\/uploads\/2025\/07\/ATELIER-6.png","datePublished":"2025-07-30T09:29:21+00:00","dateModified":"2025-07-30T10:25:30+00:00","breadcrumb":{"@id":"https:\/\/empow-her.com\/produit\/atelier-comment-choisir-la-structure-appropriee-pour-votre-projet-a-impact\/#breadcrumb"},"inLanguage":"en-US","potentialAction":[{"@type":"ReadAction","target":["https:\/\/empow-her.com\/produit\/atelier-comment-choisir-la-structure-appropriee-pour-votre-projet-a-impact\/"]}]},{"@type":"ImageObject","inLanguage":"en-US","@id":"https:\/\/empow-her.com\/produit\/atelier-comment-choisir-la-structure-appropriee-pour-votre-projet-a-impact\/#primaryimage","url":"https:\/\/empow-her.com\/wp-content\/uploads\/2025\/07\/ATELIER-6.png","contentUrl":"https:\/\/empow-her.com\/wp-content\/uploads\/2025\/07\/ATELIER-6.png","width":1080,"height":1080},{"@type":"BreadcrumbList","@id":"https:\/\/empow-her.com\/produit\/atelier-comment-choisir-la-structure-appropriee-pour-votre-projet-a-impact\/#breadcrumb","itemListElement":[{"@type":"ListItem","position":1,"name":"Accueil","item":"https:\/\/empow-her.com\/en\/landing-page\/"},{"@type":"ListItem","position":2,"name":"LA BOUTIQUE","item":"https:\/\/empow-her.com\/boutique\/"},{"@type":"ListItem","position":3,"name":"Atelier &#8211; Comment choisir la structure appropri\u00e9e pour votre projet \u00e0 impact"}]},{"@type":"WebSite","@id":"https:\/\/empow-her.com\/#website","url":"https:\/\/empow-her.com\/","name":"Empow&#039;Her","description":"Women Development","potentialAction":[{"@type":"SearchAction","target":{"@type":"EntryPoint","urlTemplate":"https:\/\/empow-her.com\/?s={search_term_string}"},"query-input":{"@type":"PropertyValueSpecification","valueRequired":true,"valueName":"search_term_string"}}],"inLanguage":"en-US"}]}},"_links":{"self":[{"href":"https:\/\/empow-her.com\/en\/wp-json\/wp\/v2\/product\/268965","targetHints":{"allow":["GET"]}}],"collection":[{"href":"https:\/\/empow-her.com\/en\/wp-json\/wp\/v2\/product"}],"about":[{"href":"https:\/\/empow-her.com\/en\/wp-json\/wp\/v2\/types\/product"}],"wp:featuredmedia":[{"embeddable":true,"href":"https:\/\/empow-her.com\/en\/wp-json\/wp\/v2\/media\/268975"}],"wp:attachment":[{"href":"https:\/\/empow-her.com\/en\/wp-json\/wp\/v2\/media?parent=268965"}],"wp:term":[{"taxonomy":"product_brand","embeddable":true,"href":"https:\/\/empow-her.com\/en\/wp-json\/wp\/v2\/product_brand?post=268965"},{"taxonomy":"product_cat","embeddable":true,"href":"https:\/\/empow-her.com\/en\/wp-json\/wp\/v2\/product_cat?post=268965"},{"taxonomy":"product_tag","embeddable":true,"href":"https:\/\/empow-her.com\/en\/wp-json\/wp\/v2\/product_tag?post=268965"},{"taxonomy":"lieu","embeddable":true,"href":"https:\/\/empow-her.com\/en\/wp-json\/wp\/v2\/lieu?post=268965"},{"taxonomy":"thematiques","embeddable":true,"href":"https:\/\/empow-her.com\/en\/wp-json\/wp\/v2\/thematiques?post=268965"}],"curies":[{"name":"wp","href":"https:\/\/api.w.org\/{rel}","templated":true}]}}