{"id":268909,"date":"2025-07-28T12:50:25","date_gmt":"2025-07-28T10:50:25","guid":{"rendered":"https:\/\/empow-her.com\/?post_type=product&#038;p=268909"},"modified":"2025-07-29T12:26:48","modified_gmt":"2025-07-29T10:26:48","slug":"coaching-definir-creer-lidentite-de-son-projet-6","status":"publish","type":"product","link":"https:\/\/empow-her.com\/en\/produit\/coaching-definir-creer-lidentite-de-son-projet-6\/","title":{"rendered":"Coaching -D\u00e9finir &#038; cr\u00e9er l&#8217;identit\u00e9 de son projet"},"content":{"rendered":"<p><span data-sheets-root=\"1\"><strong> Coaching -D\u00e9finir &amp; cr\u00e9er l&#8217;identit\u00e9 de son projet<\/strong><\/span><\/p>\n<p><span data-sheets-root=\"1\"> 1h de coaching pour structurer et professionnaliser ton identit\u00e9 de marque<\/span><\/p>\n<p>Tu veux que ton projet ou ton entreprise soit reconnaissable au premier coup d&#8217;\u0153il ? Une identit\u00e9 visuelle forte et coh\u00e9rente est essentielle pour marquer les esprits et asseoir ta cr\u00e9dibilit\u00e9. Lors de cette s\u00e9ance, on va structurer ensemble ton univers de marque pour qu&#8217;il refl\u00e8te au mieux tes valeurs et attire les bons clients.<\/p>\n<p><strong> Ce que nous pouvons aborde<\/strong>r :<\/p>\n<ul>\n<li><strong>D\u00e9finition de ton identit\u00e9 de marque et de ton positionnement: <\/strong>Avant de parler visuel, on clarifie ensemble ce qui fait l\u2019essence de ta marque : ses valeurs, sa mission, sa personnalit\u00e9 et son positionnement sur le march\u00e9. C\u2019est la base d\u2019une communication forte et impactante.<\/li>\n<li><strong>Comprendre l\u2019importance des \u00e9l\u00e9ments visuels<\/strong>: Logo, couleurs, typographie, imagerie&#8230; Chaque \u00e9l\u00e9ment visuel raconte une histoire. On va d\u00e9cortiquer leur r\u00f4le et comment les choisir pour qu\u2019ils soient en parfaite ad\u00e9quation avec ton message et ton public cible.<\/li>\n<li><strong>Cr\u00e9er une identit\u00e9 visuelle coh\u00e9rente et harmonieuse: <\/strong>Avoir de beaux visuels, c\u2019est bien. Avoir une identit\u00e9 visuelle qui fait sens et qui est utilis\u00e9e de fa\u00e7on homog\u00e8ne sur tous tes supports (r\u00e9seaux sociaux, site web, supports print&#8230;), c\u2019est encore mieux ! On va voir ensemble comment cr\u00e9er cette harmonie pour renforcer ton image de marque.<\/li>\n<li><strong>Prise en main d\u2019outils accessibles et efficaces: <\/strong>Tu n\u2019as pas besoin d\u2019\u00eatre graphiste pour cr\u00e9er des supports professionnels ! Je te montrerai comment utiliser des outils simples et intuitifs pour d\u00e9cliner ton identit\u00e9 visuelle avec coh\u00e9rence et autonomie.<\/li>\n<\/ul>\n<p>\u00c0 l\u2019issue de cette heure de coaching, tu repartiras avec une vision claire de ton identit\u00e9 de marque, des outils concrets pour la mettre en place et la confiance n\u00e9cessaire pour la faire \u00e9voluer avec aisance.<\/p>\n<p><strong>Objectif : faire de ton image un v\u00e9ritable levier de succ\u00e8s !.<\/strong><\/p>\n<p>&nbsp;<\/p>\n<p><strong>Pr\u00e9sentation de l&#8217;intervenante: <span data-sheets-root=\"1\">Hana\u00eb<\/span><\/strong><\/p>\n<p><span data-sheets-root=\"1\">A l\u2019intersection de la communication, de l&#8217;\u00e9ducation et de la cr\u00e9ation de contenu, j&#8217;ai de multiples casquettes : ancienne directrice de la communication, des partenariats et du d\u00e9veloppement au Centre national de la musique, autrice de podcast ou directrice des op\u00e9rations. Dans chacune de ces exp\u00e9riences, j&#8217;ai mont\u00e9 des strat\u00e9gies de communication de A \u00e0 Z. Aujourd&#8217;hui \u00e0 mon compte, je donne des cours \u00e0 des professionnel\u00b7les, \u00e0 l\u2019incubateur de Sciences Po et \u00e0 l\u2019Universit\u00e9 Paris VIII. <\/span><\/p>\n<p><span data-sheets-root=\"1\">Je suis \u00e9galement co-fondatrice du Collectif Minuit 10, une association qui vise \u00e0 accompagner les projets \u00e0 impact. C&#8217;est dans ce cadre que j&#8217;interviens \u00e0 Women Dare avec l&#8217;envie de cr\u00e9er des caisses de r\u00e9sonance efficaces autour de vos projets.<\/span><\/p>\n<p><strong>Son super pouvoir<\/strong>: Je sais me brosser les dents et mettre mes chaussures en m\u00eame temps<\/p>\n<p><strong>Son petit mot<\/strong>: D\u00e9j\u00e0 bravo d&#8217;\u00eatre l\u00e0, de vous lancer dans cette d\u00e9marche et de prendre le temps d&#8217;\u00eatre accompagn\u00e9e ! C&#8217;est tr\u00e8s pr\u00e9cieux. J&#8217;ai h\u00e2te de vous rencontrer, d\u00e9couvrir vos projets et vous aider \u00e0 construire une bonne communication \ud83d\ude42<\/p>\n","protected":false},"excerpt":{"rendered":"<p><span data-sheets-root=\"1\"><strong> Coaching -D\u00e9finir &amp; cr\u00e9er l&#8217;identit\u00e9 de son projet<\/strong><\/span><\/p>\n<p><span data-sheets-root=\"1\"> 1h de coaching pour structurer et professionnaliser ton identit\u00e9 de marque<\/span><\/p>\n<p>Tu veux que ton projet ou ton entreprise soit reconnaissable au premier coup d&#8217;\u0153il ? Une identit\u00e9 visuelle forte et coh\u00e9rente est essentielle pour marquer les esprits et asseoir ta cr\u00e9dibilit\u00e9. Lors de cette s\u00e9ance, on va structurer ensemble ton univers de marque pour qu&#8217;il refl\u00e8te au mieux tes valeurs et attire les bons clients.<\/p>\n<p><strong> Ce que nous pouvons aborde<\/strong>r :<\/p>\n<ul>\n<li><strong>D\u00e9finition de ton identit\u00e9 de marque et de ton positionnement: <\/strong>Avant de parler visuel, on clarifie ensemble ce qui fait l\u2019essence de ta marque : ses valeurs, sa mission, sa personnalit\u00e9 et son positionnement sur le march\u00e9. C\u2019est la base d\u2019une communication forte et impactante.<\/li>\n<li><strong>Comprendre l\u2019importance des \u00e9l\u00e9ments visuels<\/strong>: Logo, couleurs, typographie, imagerie&#8230; Chaque \u00e9l\u00e9ment visuel raconte une histoire. On va d\u00e9cortiquer leur r\u00f4le et comment les choisir pour qu\u2019ils soient en parfaite ad\u00e9quation avec ton message et ton public cible.<\/li>\n<li><strong>Cr\u00e9er une identit\u00e9 visuelle coh\u00e9rente et harmonieuse: <\/strong>Avoir de beaux visuels, c\u2019est bien. Avoir une identit\u00e9 visuelle qui fait sens et qui est utilis\u00e9e de fa\u00e7on homog\u00e8ne sur tous tes supports (r\u00e9seaux sociaux, site web, supports print&#8230;), c\u2019est encore mieux ! On va voir ensemble comment cr\u00e9er cette harmonie pour renforcer ton image de marque.<\/li>\n<li><strong>Prise en main d\u2019outils accessibles et efficaces: <\/strong>Tu n\u2019as pas besoin d\u2019\u00eatre graphiste pour cr\u00e9er des supports professionnels ! Je te montrerai comment utiliser des outils simples et intuitifs pour d\u00e9cliner ton identit\u00e9 visuelle avec coh\u00e9rence et autonomie.<\/li>\n<\/ul>\n<p>\u00c0 l\u2019issue de cette heure de coaching, tu repartiras avec une vision claire de ton identit\u00e9 de marque, des outils concrets pour la mettre en place et la confiance n\u00e9cessaire pour la faire \u00e9voluer avec aisance.<\/p>\n<p><strong>Objectif : faire de ton image un v\u00e9ritable levier de succ\u00e8s !.<\/strong><\/p>\n<p>&nbsp;<\/p>\n<p><strong>Pr\u00e9sentation de l&#8217;intervenante: <span data-sheets-root=\"1\">Hana\u00eb<\/span><\/strong><\/p>\n<p><span data-sheets-root=\"1\">A l\u2019intersection de la communication, de l&#8217;\u00e9ducation et de la cr\u00e9ation de contenu, j&#8217;ai de multiples casquettes : ancienne directrice de la communication, des partenariats et du d\u00e9veloppement au Centre national de la musique, autrice de podcast ou directrice des op\u00e9rations. Dans chacune de ces exp\u00e9riences, j&#8217;ai mont\u00e9 des strat\u00e9gies de communication de A \u00e0 Z. Aujourd&#8217;hui \u00e0 mon compte, je donne des cours \u00e0 des professionnel\u00b7les, \u00e0 l\u2019incubateur de Sciences Po et \u00e0 l\u2019Universit\u00e9 Paris VIII. <\/span><\/p>\n<p><span data-sheets-root=\"1\">Je suis \u00e9galement co-fondatrice du Collectif Minuit 10, une association qui vise \u00e0 accompagner les projets \u00e0 impact. C&#8217;est dans ce cadre que j&#8217;interviens \u00e0 Women Dare avec l&#8217;envie de cr\u00e9er des caisses de r\u00e9sonance efficaces autour de vos projets.<\/span><\/p>\n<p><strong>Son super pouvoir<\/strong>: Je sais me brosser les dents et mettre mes chaussures en m\u00eame temps<\/p>\n<p><strong>Son petit mot<\/strong>: D\u00e9j\u00e0 bravo d&#8217;\u00eatre l\u00e0, de vous lancer dans cette d\u00e9marche et de prendre le temps d&#8217;\u00eatre accompagn\u00e9e ! C&#8217;est tr\u00e8s pr\u00e9cieux. J&#8217;ai h\u00e2te de vous rencontrer, d\u00e9couvrir vos projets et vous aider \u00e0 construire une bonne communication \ud83d\ude42<\/p>\n","protected":false},"featured_media":268904,"template":"","format":"standard","meta":{"_acf_changed":false,"om_disable_all_campaigns":false,"_uf_show_specific_survey":0,"_uf_disable_surveys":false},"product_brand":[],"product_cat":[121],"product_tag":[143],"lieu":[125],"thematiques":[],"class_list":{"0":"post-268909","1":"product","2":"type-product","3":"status-publish","4":"format-standard","5":"has-post-thumbnail","7":"product_cat-coaching","8":"product_tag-en-ligne","9":"lieu-en-ligne","11":"first","12":"instock","13":"virtual","14":"purchasable","15":"product-type-appointment"},"exclude_global_add_ons":[],"addons":[],"acf":[],"yoast_head":"<!-- This site is optimized with the Yoast SEO plugin v24.8 - https:\/\/yoast.com\/wordpress\/plugins\/seo\/ -->\n<title>Coaching - Strat\u00e9gie &amp; prospection commercial<\/title>\n<meta name=\"robots\" content=\"index, follow, max-snippet:-1, max-image-preview:large, max-video-preview:-1\" \/>\n<link rel=\"canonical\" href=\"https:\/\/empow-her.com\/produit\/coaching-definir-creer-lidentite-de-son-projet-6\/\" \/>\n<meta property=\"og:locale\" content=\"en_US\" \/>\n<meta property=\"og:type\" content=\"article\" \/>\n<meta property=\"og:title\" content=\"Coaching - Strat\u00e9gie &amp; prospection commercial\" \/>\n<meta property=\"og:description\" content=\"Coaching -D\u00e9finir &amp; cr\u00e9er l&#039;identit\u00e9 de son projet   1h de coaching pour structurer et professionnaliser ton identit\u00e9 de marque  Tu veux que ton projet ou ton entreprise soit reconnaissable au premier coup d&#039;\u0153il ? Une identit\u00e9 visuelle forte et coh\u00e9rente est essentielle pour marquer les esprits et asseoir ta cr\u00e9dibilit\u00e9. Lors de cette s\u00e9ance, on va structurer ensemble ton univers de marque pour qu&#039;il refl\u00e8te au mieux tes valeurs et attire les bons clients.   Ce que nous pouvons aborder :   D\u00e9finition de ton identit\u00e9 de marque et de ton positionnement: Avant de parler visuel, on clarifie ensemble ce qui fait l\u2019essence de ta marque : ses valeurs, sa mission, sa personnalit\u00e9 et son positionnement sur le march\u00e9. C\u2019est la base d\u2019une communication forte et impactante.  Comprendre l\u2019importance des \u00e9l\u00e9ments visuels: Logo, couleurs, typographie, imagerie... Chaque \u00e9l\u00e9ment visuel raconte une histoire. On va d\u00e9cortiquer leur r\u00f4le et comment les choisir pour qu\u2019ils soient en parfaite ad\u00e9quation avec ton message et ton public cible.  Cr\u00e9er une identit\u00e9 visuelle coh\u00e9rente et harmonieuse: Avoir de beaux visuels, c\u2019est bien. Avoir une identit\u00e9 visuelle qui fait sens et qui est utilis\u00e9e de fa\u00e7on homog\u00e8ne sur tous tes supports (r\u00e9seaux sociaux, site web, supports print...), c\u2019est encore mieux ! On va voir ensemble comment cr\u00e9er cette harmonie pour renforcer ton image de marque.  Prise en main d\u2019outils accessibles et efficaces: Tu n\u2019as pas besoin d\u2019\u00eatre graphiste pour cr\u00e9er des supports professionnels ! Je te montrerai comment utiliser des outils simples et intuitifs pour d\u00e9cliner ton identit\u00e9 visuelle avec coh\u00e9rence et autonomie.  \u00c0 l\u2019issue de cette heure de coaching, tu repartiras avec une vision claire de ton identit\u00e9 de marque, des outils concrets pour la mettre en place et la confiance n\u00e9cessaire pour la faire \u00e9voluer avec aisance.  Objectif : faire de ton image un v\u00e9ritable levier de succ\u00e8s !.  &nbsp;  Pr\u00e9sentation de l&#039;intervenante: Hana\u00eb  A l\u2019intersection de la communication, de l&#039;\u00e9ducation et de la cr\u00e9ation de contenu, j&#039;ai de multiples casquettes : ancienne directrice de la communication, des partenariats et du d\u00e9veloppement au Centre national de la musique, autrice de podcast ou directrice des op\u00e9rations. Dans chacune de ces exp\u00e9riences, j&#039;ai mont\u00e9 des strat\u00e9gies de communication de A \u00e0 Z. Aujourd&#039;hui \u00e0 mon compte, je donne des cours \u00e0 des professionnel\u00b7les, \u00e0 l\u2019incubateur de Sciences Po et \u00e0 l\u2019Universit\u00e9 Paris VIII.   Je suis \u00e9galement co-fondatrice du Collectif Minuit 10, une association qui vise \u00e0 accompagner les projets \u00e0 impact. C&#039;est dans ce cadre que j&#039;interviens \u00e0 Women Dare avec l&#039;envie de cr\u00e9er des caisses de r\u00e9sonance efficaces autour de vos projets.  Son super pouvoir: Je sais me brosser les dents et mettre mes chaussures en m\u00eame temps  Son petit mot: D\u00e9j\u00e0 bravo d&#039;\u00eatre l\u00e0, de vous lancer dans cette d\u00e9marche et de prendre le temps d&#039;\u00eatre accompagn\u00e9e ! C&#039;est tr\u00e8s pr\u00e9cieux. J&#039;ai h\u00e2te de vous rencontrer, d\u00e9couvrir vos projets et vous aider \u00e0 construire une bonne communication :)\" \/>\n<meta property=\"og:url\" content=\"https:\/\/empow-her.com\/produit\/coaching-definir-creer-lidentite-de-son-projet-6\/\" \/>\n<meta property=\"og:site_name\" content=\"Empow&#039;Her\" \/>\n<meta property=\"article:modified_time\" content=\"2025-07-29T10:26:48+00:00\" \/>\n<meta property=\"og:image\" content=\"https:\/\/empow-her.com\/wp-content\/uploads\/2025\/07\/COACHING-7-1.png\" \/>\n\t<meta property=\"og:image:width\" content=\"1080\" \/>\n\t<meta property=\"og:image:height\" content=\"1080\" \/>\n\t<meta property=\"og:image:type\" content=\"image\/png\" \/>\n<meta name=\"twitter:card\" content=\"summary_large_image\" \/>\n<meta name=\"twitter:label1\" content=\"Est. reading time\" \/>\n\t<meta name=\"twitter:data1\" content=\"3 minutes\" \/>\n<script type=\"application\/ld+json\" class=\"yoast-schema-graph\">{\"@context\":\"https:\/\/schema.org\",\"@graph\":[{\"@type\":\"WebPage\",\"@id\":\"https:\/\/empow-her.com\/produit\/coaching-definir-creer-lidentite-de-son-projet-6\/\",\"url\":\"https:\/\/empow-her.com\/produit\/coaching-definir-creer-lidentite-de-son-projet-6\/\",\"name\":\"Coaching - Strat\u00e9gie & prospection commercial\",\"isPartOf\":{\"@id\":\"https:\/\/empow-her.com\/#website\"},\"primaryImageOfPage\":{\"@id\":\"https:\/\/empow-her.com\/produit\/coaching-definir-creer-lidentite-de-son-projet-6\/#primaryimage\"},\"image\":{\"@id\":\"https:\/\/empow-her.com\/produit\/coaching-definir-creer-lidentite-de-son-projet-6\/#primaryimage\"},\"thumbnailUrl\":\"https:\/\/empow-her.com\/wp-content\/uploads\/2025\/07\/COACHING-7-1.png\",\"datePublished\":\"2025-07-28T10:50:25+00:00\",\"dateModified\":\"2025-07-29T10:26:48+00:00\",\"breadcrumb\":{\"@id\":\"https:\/\/empow-her.com\/produit\/coaching-definir-creer-lidentite-de-son-projet-6\/#breadcrumb\"},\"inLanguage\":\"en-US\",\"potentialAction\":[{\"@type\":\"ReadAction\",\"target\":[\"https:\/\/empow-her.com\/produit\/coaching-definir-creer-lidentite-de-son-projet-6\/\"]}]},{\"@type\":\"ImageObject\",\"inLanguage\":\"en-US\",\"@id\":\"https:\/\/empow-her.com\/produit\/coaching-definir-creer-lidentite-de-son-projet-6\/#primaryimage\",\"url\":\"https:\/\/empow-her.com\/wp-content\/uploads\/2025\/07\/COACHING-7-1.png\",\"contentUrl\":\"https:\/\/empow-her.com\/wp-content\/uploads\/2025\/07\/COACHING-7-1.png\",\"width\":1080,\"height\":1080},{\"@type\":\"BreadcrumbList\",\"@id\":\"https:\/\/empow-her.com\/produit\/coaching-definir-creer-lidentite-de-son-projet-6\/#breadcrumb\",\"itemListElement\":[{\"@type\":\"ListItem\",\"position\":1,\"name\":\"Accueil\",\"item\":\"https:\/\/empow-her.com\/en\/landing-page\/\"},{\"@type\":\"ListItem\",\"position\":2,\"name\":\"LA BOUTIQUE\",\"item\":\"https:\/\/empow-her.com\/boutique\/\"},{\"@type\":\"ListItem\",\"position\":3,\"name\":\"Coaching -D\u00e9finir &#038; cr\u00e9er l&#8217;identit\u00e9 de son projet\"}]},{\"@type\":\"WebSite\",\"@id\":\"https:\/\/empow-her.com\/#website\",\"url\":\"https:\/\/empow-her.com\/\",\"name\":\"Empow&#039;Her\",\"description\":\"Women Development\",\"potentialAction\":[{\"@type\":\"SearchAction\",\"target\":{\"@type\":\"EntryPoint\",\"urlTemplate\":\"https:\/\/empow-her.com\/?s={search_term_string}\"},\"query-input\":{\"@type\":\"PropertyValueSpecification\",\"valueRequired\":true,\"valueName\":\"search_term_string\"}}],\"inLanguage\":\"en-US\"}]}<\/script>\n<!-- \/ Yoast SEO plugin. -->","yoast_head_json":{"title":"Coaching - Strat\u00e9gie & prospection commercial","robots":{"index":"index","follow":"follow","max-snippet":"max-snippet:-1","max-image-preview":"max-image-preview:large","max-video-preview":"max-video-preview:-1"},"canonical":"https:\/\/empow-her.com\/produit\/coaching-definir-creer-lidentite-de-son-projet-6\/","og_locale":"en_US","og_type":"article","og_title":"Coaching - Strat\u00e9gie & prospection commercial","og_description":"Coaching -D\u00e9finir &amp; cr\u00e9er l'identit\u00e9 de son projet   1h de coaching pour structurer et professionnaliser ton identit\u00e9 de marque  Tu veux que ton projet ou ton entreprise soit reconnaissable au premier coup d'\u0153il ? Une identit\u00e9 visuelle forte et coh\u00e9rente est essentielle pour marquer les esprits et asseoir ta cr\u00e9dibilit\u00e9. Lors de cette s\u00e9ance, on va structurer ensemble ton univers de marque pour qu'il refl\u00e8te au mieux tes valeurs et attire les bons clients.   Ce que nous pouvons aborder :   D\u00e9finition de ton identit\u00e9 de marque et de ton positionnement: Avant de parler visuel, on clarifie ensemble ce qui fait l\u2019essence de ta marque : ses valeurs, sa mission, sa personnalit\u00e9 et son positionnement sur le march\u00e9. C\u2019est la base d\u2019une communication forte et impactante.  Comprendre l\u2019importance des \u00e9l\u00e9ments visuels: Logo, couleurs, typographie, imagerie... Chaque \u00e9l\u00e9ment visuel raconte une histoire. On va d\u00e9cortiquer leur r\u00f4le et comment les choisir pour qu\u2019ils soient en parfaite ad\u00e9quation avec ton message et ton public cible.  Cr\u00e9er une identit\u00e9 visuelle coh\u00e9rente et harmonieuse: Avoir de beaux visuels, c\u2019est bien. Avoir une identit\u00e9 visuelle qui fait sens et qui est utilis\u00e9e de fa\u00e7on homog\u00e8ne sur tous tes supports (r\u00e9seaux sociaux, site web, supports print...), c\u2019est encore mieux ! On va voir ensemble comment cr\u00e9er cette harmonie pour renforcer ton image de marque.  Prise en main d\u2019outils accessibles et efficaces: Tu n\u2019as pas besoin d\u2019\u00eatre graphiste pour cr\u00e9er des supports professionnels ! Je te montrerai comment utiliser des outils simples et intuitifs pour d\u00e9cliner ton identit\u00e9 visuelle avec coh\u00e9rence et autonomie.  \u00c0 l\u2019issue de cette heure de coaching, tu repartiras avec une vision claire de ton identit\u00e9 de marque, des outils concrets pour la mettre en place et la confiance n\u00e9cessaire pour la faire \u00e9voluer avec aisance.  Objectif : faire de ton image un v\u00e9ritable levier de succ\u00e8s !.  &nbsp;  Pr\u00e9sentation de l'intervenante: Hana\u00eb  A l\u2019intersection de la communication, de l'\u00e9ducation et de la cr\u00e9ation de contenu, j'ai de multiples casquettes : ancienne directrice de la communication, des partenariats et du d\u00e9veloppement au Centre national de la musique, autrice de podcast ou directrice des op\u00e9rations. Dans chacune de ces exp\u00e9riences, j'ai mont\u00e9 des strat\u00e9gies de communication de A \u00e0 Z. Aujourd'hui \u00e0 mon compte, je donne des cours \u00e0 des professionnel\u00b7les, \u00e0 l\u2019incubateur de Sciences Po et \u00e0 l\u2019Universit\u00e9 Paris VIII.   Je suis \u00e9galement co-fondatrice du Collectif Minuit 10, une association qui vise \u00e0 accompagner les projets \u00e0 impact. C'est dans ce cadre que j'interviens \u00e0 Women Dare avec l'envie de cr\u00e9er des caisses de r\u00e9sonance efficaces autour de vos projets.  Son super pouvoir: Je sais me brosser les dents et mettre mes chaussures en m\u00eame temps  Son petit mot: D\u00e9j\u00e0 bravo d'\u00eatre l\u00e0, de vous lancer dans cette d\u00e9marche et de prendre le temps d'\u00eatre accompagn\u00e9e ! C'est tr\u00e8s pr\u00e9cieux. J'ai h\u00e2te de vous rencontrer, d\u00e9couvrir vos projets et vous aider \u00e0 construire une bonne communication :)","og_url":"https:\/\/empow-her.com\/produit\/coaching-definir-creer-lidentite-de-son-projet-6\/","og_site_name":"Empow&#039;Her","article_modified_time":"2025-07-29T10:26:48+00:00","og_image":[{"width":1080,"height":1080,"url":"https:\/\/empow-her.com\/wp-content\/uploads\/2025\/07\/COACHING-7-1.png","type":"image\/png"}],"twitter_card":"summary_large_image","twitter_misc":{"Est. reading time":"3 minutes"},"schema":{"@context":"https:\/\/schema.org","@graph":[{"@type":"WebPage","@id":"https:\/\/empow-her.com\/produit\/coaching-definir-creer-lidentite-de-son-projet-6\/","url":"https:\/\/empow-her.com\/produit\/coaching-definir-creer-lidentite-de-son-projet-6\/","name":"Coaching - Strat\u00e9gie & prospection commercial","isPartOf":{"@id":"https:\/\/empow-her.com\/#website"},"primaryImageOfPage":{"@id":"https:\/\/empow-her.com\/produit\/coaching-definir-creer-lidentite-de-son-projet-6\/#primaryimage"},"image":{"@id":"https:\/\/empow-her.com\/produit\/coaching-definir-creer-lidentite-de-son-projet-6\/#primaryimage"},"thumbnailUrl":"https:\/\/empow-her.com\/wp-content\/uploads\/2025\/07\/COACHING-7-1.png","datePublished":"2025-07-28T10:50:25+00:00","dateModified":"2025-07-29T10:26:48+00:00","breadcrumb":{"@id":"https:\/\/empow-her.com\/produit\/coaching-definir-creer-lidentite-de-son-projet-6\/#breadcrumb"},"inLanguage":"en-US","potentialAction":[{"@type":"ReadAction","target":["https:\/\/empow-her.com\/produit\/coaching-definir-creer-lidentite-de-son-projet-6\/"]}]},{"@type":"ImageObject","inLanguage":"en-US","@id":"https:\/\/empow-her.com\/produit\/coaching-definir-creer-lidentite-de-son-projet-6\/#primaryimage","url":"https:\/\/empow-her.com\/wp-content\/uploads\/2025\/07\/COACHING-7-1.png","contentUrl":"https:\/\/empow-her.com\/wp-content\/uploads\/2025\/07\/COACHING-7-1.png","width":1080,"height":1080},{"@type":"BreadcrumbList","@id":"https:\/\/empow-her.com\/produit\/coaching-definir-creer-lidentite-de-son-projet-6\/#breadcrumb","itemListElement":[{"@type":"ListItem","position":1,"name":"Accueil","item":"https:\/\/empow-her.com\/en\/landing-page\/"},{"@type":"ListItem","position":2,"name":"LA BOUTIQUE","item":"https:\/\/empow-her.com\/boutique\/"},{"@type":"ListItem","position":3,"name":"Coaching -D\u00e9finir &#038; cr\u00e9er l&#8217;identit\u00e9 de son projet"}]},{"@type":"WebSite","@id":"https:\/\/empow-her.com\/#website","url":"https:\/\/empow-her.com\/","name":"Empow&#039;Her","description":"Women Development","potentialAction":[{"@type":"SearchAction","target":{"@type":"EntryPoint","urlTemplate":"https:\/\/empow-her.com\/?s={search_term_string}"},"query-input":{"@type":"PropertyValueSpecification","valueRequired":true,"valueName":"search_term_string"}}],"inLanguage":"en-US"}]}},"_links":{"self":[{"href":"https:\/\/empow-her.com\/en\/wp-json\/wp\/v2\/product\/268909","targetHints":{"allow":["GET"]}}],"collection":[{"href":"https:\/\/empow-her.com\/en\/wp-json\/wp\/v2\/product"}],"about":[{"href":"https:\/\/empow-her.com\/en\/wp-json\/wp\/v2\/types\/product"}],"wp:featuredmedia":[{"embeddable":true,"href":"https:\/\/empow-her.com\/en\/wp-json\/wp\/v2\/media\/268904"}],"wp:attachment":[{"href":"https:\/\/empow-her.com\/en\/wp-json\/wp\/v2\/media?parent=268909"}],"wp:term":[{"taxonomy":"product_brand","embeddable":true,"href":"https:\/\/empow-her.com\/en\/wp-json\/wp\/v2\/product_brand?post=268909"},{"taxonomy":"product_cat","embeddable":true,"href":"https:\/\/empow-her.com\/en\/wp-json\/wp\/v2\/product_cat?post=268909"},{"taxonomy":"product_tag","embeddable":true,"href":"https:\/\/empow-her.com\/en\/wp-json\/wp\/v2\/product_tag?post=268909"},{"taxonomy":"lieu","embeddable":true,"href":"https:\/\/empow-her.com\/en\/wp-json\/wp\/v2\/lieu?post=268909"},{"taxonomy":"thematiques","embeddable":true,"href":"https:\/\/empow-her.com\/en\/wp-json\/wp\/v2\/thematiques?post=268909"}],"curies":[{"name":"wp","href":"https:\/\/api.w.org\/{rel}","templated":true}]}}