{"id":268865,"date":"2025-07-25T17:16:02","date_gmt":"2025-07-25T15:16:02","guid":{"rendered":"https:\/\/empow-her.com\/?post_type=product&#038;p=268865"},"modified":"2025-07-25T17:22:47","modified_gmt":"2025-07-25T15:22:47","slug":"atelier-developpement-iteratif-et-amelioration-de-la-proposition-de-valeur","status":"publish","type":"product","link":"https:\/\/empow-her.com\/en\/produit\/atelier-developpement-iteratif-et-amelioration-de-la-proposition-de-valeur\/","title":{"rendered":"Atelier &#8211; D\u00e9veloppement it\u00e9ratif et am\u00e9lioration de la proposition de valeur"},"content":{"rendered":"<p><span data-sheets-root=\"1\"><strong> Atelier &#8211; D\u00e9veloppement it\u00e9ratif et am\u00e9lioration de la proposition de valeur<\/strong><\/p>\n<p>Am\u00e9liorer son offre n\u00e9cessite d\u2019adopter une approche it\u00e9rative, d&#8217;\u00e9couter les retours des utilisateurs et de savoir ajuster en cons\u00e9quence. Cet atelier immersif vous introduira aux principes du d\u00e9veloppement agile et de la conception centr\u00e9e utilisateur (UX). Vous apprendrez \u00e0 mettre en place des tests utilisateurs, recueillir des retours constructifs et \u00e0 les utiliser pour affiner continuellement votre produit ou service. \u00c0 travers des exercices pratiques, vous repartirez avec des outils concrets pour tester, analyser et am\u00e9liorer votre proposition de valeur.<\/p>\n<p><strong> Ce que nous pourrons explorer<\/strong><\/p>\n<p><strong>Les bases du d\u00e9veloppement agile :<\/strong> Vous d\u00e9couvrirez l\u2019importance de l\u2019agilit\u00e9 dans le processus de cr\u00e9ation de produit, avec une approche orient\u00e9e sur les cycles courts, l\u2019adaptation constante et la collaboration.<\/span><\/p>\n<p><span data-sheets-root=\"1\"><strong>La conception centr\u00e9e utilisateur :<\/strong> Vous apprendrez \u00e0 placer l&#8217;utilisateur au c\u0153ur de votre processus de cr\u00e9ation, \u00e0 tester votre offre avec des utilisateurs r\u00e9els et \u00e0 adapter votre produit en fonction des retours.<\/span><\/p>\n<p><span data-sheets-root=\"1\"><em><strong>Recueillir et analyser les feedbacks :<\/strong> <\/em>Vous comprendrez comment structurer vos tests utilisateurs et comment interpr\u00e9ter les retours pour ajuster votre offre de mani\u00e8re efficace. Vous repartirez avec une m\u00e9thodologie concr\u00e8te pour tester rapidement et r\u00e9guli\u00e8rement votre produit aupr\u00e8s de vos utilisateurs cibles.<\/p>\n<p><em><strong> Pr\u00e9-requis<\/strong><\/em><br \/>\n<em> Avoir une id\u00e9e de projet ou une premi\u00e8re version de son offre, et \u00eatre pr\u00eat.e \u00e0 confronter votre concept aux retours du terrain pour it\u00e9rer et am\u00e9liorer votre proposition de valeur.&#8221;<\/em><\/span><\/p>\n<div class=\"p-workspace__primary_view_body\">\n<div class=\"p-message_pane p-message_pane--classic-nav p-message_pane--scrollbar-float-adjustment p-message_pane--with-bookmarks-bar\" data-qa=\"message_pane\">\n<div>\n<div id=\"message-list\" role=\"presentation\">\n<div id=\"message-list\" class=\"c-virtual_list c-virtual_list--scrollbar c-message_list c-scrollbar c-scrollbar--fade\" role=\"presentation\">\n<div class=\"c-scrollbar__hider\" role=\"presentation\" data-qa=\"slack_kit_scrollbar\">\n<div class=\"c-scrollbar__child\" role=\"presentation\">\n<div class=\"c-virtual_list__scroll_container\" tabindex=\"-1\" role=\"list\" data-qa=\"slack_kit_list\" aria-label=\"Sol\u00e8ne (message direct, disponible)\" aria-owns=\"8e786c1b-3788-4fca-883c-8e323286ac7b\">\n<div id=\"message-list_bottomSpacer\" class=\"c-virtual_list__item\" tabindex=\"-1\" role=\"presentation\" aria-setsize=\"-1\" data-qa=\"virtual-list-item\" data-item-key=\"bottomSpacer\">\n<div aria-hidden=\"true\"><\/div>\n<\/div>\n<\/div>\n<\/div>\n<\/div>\n<\/div>\n<\/div>\n<\/div>\n<\/div>\n<\/div>\n<div class=\"p-rich_text_section\"><strong>Intervenant : Arnaud<\/strong><\/div>\n<div><em>&#8220;Si mes diff\u00e9rentes missions attestent de toutes mes capacit\u00e9s en communication et en informatique, ce sont aussi mes projets les plus personnels qui font de moi un expert performant en innovation. Toujours en veille active : la conception utilisateur, le d\u00e9veloppement agile et l&#8217;am\u00e9lioration continue me passionnent !&#8221;<\/em><\/div>\n<div class=\"p-rich_text_section\">\n<p><strong><span data-sheets-root=\"1\">Son super pouvoir: <\/span><\/strong><em>Facilitateur de projets innovants<\/em><\/p>\n<p><strong>Son petit mot:<\/strong> <em>Le chemin est plus important que la destination alors je vous propose de progresser tous ensemble en accompagnant vos ambitieux projets.\u00a0<\/em><\/p>\n<\/div>\n<div>\n<p><strong>Attention !<\/strong> Veuillez vous pr\u00e9senter \u00e0 l\u2019heure pour que l\u2019activit\u00e9 puisse commencer \u00e0 temps. Si vous avez du retard veuillez pr\u00e9venir l\u2019\u00e9quipe d\u2019Empow\u2019Her : <a href=\"mailto:contact.france@empow-her.com\">contact.france@empow-her.com<\/a>\u00a0. Si vous avez plus de 15 min de retard l\u2019intervenant.e se r\u00e9serve le droit de ne plus vous accepter pour le coaching ou l\u2019atelier.<\/p>\n<\/div>\n","protected":false},"excerpt":{"rendered":"<div>\n<p><span data-sheets-root=\"1\"><strong> Atelier &#8211; D\u00e9veloppement it\u00e9ratif et am\u00e9lioration de la proposition de valeur<\/strong><\/p>\n<p>Am\u00e9liorer son offre n\u00e9cessite d\u2019adopter une approche it\u00e9rative, d&#8217;\u00e9couter les retours des utilisateurs et de savoir ajuster en cons\u00e9quence. Cet atelier immersif vous introduira aux principes du d\u00e9veloppement agile et de la conception centr\u00e9e utilisateur (UX). Vous apprendrez \u00e0 mettre en place des tests utilisateurs, recueillir des retours constructifs et \u00e0 les utiliser pour affiner continuellement votre produit ou service. \u00c0 travers des exercices pratiques, vous repartirez avec des outils concrets pour tester, analyser et am\u00e9liorer votre proposition de valeur.<\/p>\n<p><strong> Ce que nous pourrons explorer<\/strong><\/p>\n<p><strong>Les bases du d\u00e9veloppement agile :<\/strong> Vous d\u00e9couvrirez l\u2019importance de l\u2019agilit\u00e9 dans le processus de cr\u00e9ation de produit, avec une approche orient\u00e9e sur les cycles courts, l\u2019adaptation constante et la collaboration.<\/span><\/p>\n<p><span data-sheets-root=\"1\"><strong>La conception centr\u00e9e utilisateur :<\/strong> Vous apprendrez \u00e0 placer l&#8217;utilisateur au c\u0153ur de votre processus de cr\u00e9ation, \u00e0 tester votre offre avec des utilisateurs r\u00e9els et \u00e0 adapter votre produit en fonction des retours.<\/span><\/p>\n<p><span data-sheets-root=\"1\"><em><strong>Recueillir et analyser les feedbacks :<\/strong> <\/em>Vous comprendrez comment structurer vos tests utilisateurs et comment interpr\u00e9ter les retours pour ajuster votre offre de mani\u00e8re efficace. Vous repartirez avec une m\u00e9thodologie concr\u00e8te pour tester rapidement et r\u00e9guli\u00e8rement votre produit aupr\u00e8s de vos utilisateurs cibles.<\/p>\n<p><em><strong> Pr\u00e9-requis<\/strong><\/em><br \/>\n<em> Avoir une id\u00e9e de projet ou une premi\u00e8re version de son offre, et \u00eatre pr\u00eat.e \u00e0 confronter votre concept aux retours du terrain pour it\u00e9rer et am\u00e9liorer votre proposition de valeur.&#8221;<\/em><\/span><\/p>\n<div class=\"p-workspace__primary_view_body\">\n<div class=\"p-message_pane p-message_pane--classic-nav p-message_pane--scrollbar-float-adjustment p-message_pane--with-bookmarks-bar\" data-qa=\"message_pane\">\n<div>\n<div id=\"message-list\" role=\"presentation\">\n<div id=\"message-list\" class=\"c-virtual_list c-virtual_list--scrollbar c-message_list c-scrollbar c-scrollbar--fade\" role=\"presentation\">\n<div class=\"c-scrollbar__hider\" role=\"presentation\" data-qa=\"slack_kit_scrollbar\">\n<div class=\"c-scrollbar__child\" role=\"presentation\">\n<div class=\"c-virtual_list__scroll_container\" tabindex=\"-1\" role=\"list\" data-qa=\"slack_kit_list\" aria-label=\"Sol\u00e8ne (message direct, disponible)\" aria-owns=\"8e786c1b-3788-4fca-883c-8e323286ac7b\">\n<div id=\"message-list_bottomSpacer\" class=\"c-virtual_list__item\" tabindex=\"-1\" role=\"presentation\" aria-setsize=\"-1\" data-qa=\"virtual-list-item\" data-item-key=\"bottomSpacer\">\n<div aria-hidden=\"true\"><\/div>\n<\/div>\n<\/div>\n<\/div>\n<\/div>\n<\/div>\n<\/div>\n<\/div>\n<\/div>\n<\/div>\n<div class=\"p-rich_text_section\"><strong>Intervenant : Arnaud<\/strong><\/div>\n<div><em>&#8220;Si mes diff\u00e9rentes missions attestent de toutes mes capacit\u00e9s en communication et en informatique, ce sont aussi mes projets les plus personnels qui font de moi un expert performant en innovation. Toujours en veille active : la conception utilisateur, le d\u00e9veloppement agile et l&#8217;am\u00e9lioration continue me passionnent !&#8221;<\/em><\/div>\n<div class=\"p-rich_text_section\">\n<p><strong><span data-sheets-root=\"1\">Son super pouvoir: <\/span><\/strong><em>Facilitateur de projets innovants<\/em><\/p>\n<p><strong>Son petit mot:<\/strong> <em>Le chemin est plus important que la destination alors je vous propose de progresser tous ensemble en accompagnant vos ambitieux projets.\u00a0<\/em><\/p>\n<\/div>\n<div>\n<p><strong>Attention !<\/strong> Veuillez vous pr\u00e9senter \u00e0 l\u2019heure pour que l\u2019activit\u00e9 puisse commencer \u00e0 temps. Si vous avez du retard veuillez pr\u00e9venir l\u2019\u00e9quipe d\u2019Empow\u2019Her : <a href=\"mailto:contact.france@empow-her.com\">contact.france@empow-her.com<\/a>\u00a0. Si vous avez plus de 15 min de retard l\u2019intervenant.e se r\u00e9serve le droit de ne plus vous accepter pour le coaching ou l\u2019atelier.<\/p>\n<\/div>\n<\/div>\n","protected":false},"featured_media":268866,"template":"","format":"standard","meta":{"_acf_changed":false,"om_disable_all_campaigns":false,"_uf_show_specific_survey":0,"_uf_disable_surveys":false},"product_brand":[],"product_cat":[118],"product_tag":[132],"lieu":[],"thematiques":[],"class_list":{"0":"post-268865","1":"product","2":"type-product","3":"status-publish","4":"format-standard","5":"has-post-thumbnail","7":"product_cat-atelier-collectif","8":"product_tag-sisther","10":"first","11":"instock","12":"virtual","13":"purchasable","14":"product-type-appointment"},"exclude_global_add_ons":[],"addons":[],"acf":[],"yoast_head":"<!-- This site is optimized with the Yoast SEO plugin v24.8 - https:\/\/yoast.com\/wordpress\/plugins\/seo\/ -->\n<title>Atelier - D\u00e9veloppement it\u00e9ratif et am\u00e9lioration de la proposition de valeur - Empow&#039;Her<\/title>\n<meta name=\"robots\" content=\"index, follow, max-snippet:-1, max-image-preview:large, max-video-preview:-1\" \/>\n<link rel=\"canonical\" href=\"https:\/\/empow-her.com\/produit\/atelier-developpement-iteratif-et-amelioration-de-la-proposition-de-valeur\/\" \/>\n<meta property=\"og:locale\" content=\"en_US\" \/>\n<meta property=\"og:type\" content=\"article\" \/>\n<meta property=\"og:title\" content=\"Atelier - D\u00e9veloppement it\u00e9ratif et am\u00e9lioration de la proposition de valeur - Empow&#039;Her\" \/>\n<meta property=\"og:description\" content=\"Atelier - D\u00e9veloppement it\u00e9ratif et am\u00e9lioration de la proposition de valeur  Am\u00e9liorer son offre n\u00e9cessite d\u2019adopter une approche it\u00e9rative, d&#039;\u00e9couter les retours des utilisateurs et de savoir ajuster en cons\u00e9quence. Cet atelier immersif vous introduira aux principes du d\u00e9veloppement agile et de la conception centr\u00e9e utilisateur (UX). Vous apprendrez \u00e0 mettre en place des tests utilisateurs, recueillir des retours constructifs et \u00e0 les utiliser pour affiner continuellement votre produit ou service. \u00c0 travers des exercices pratiques, vous repartirez avec des outils concrets pour tester, analyser et am\u00e9liorer votre proposition de valeur.   Ce que nous pourrons explorer  Les bases du d\u00e9veloppement agile : Vous d\u00e9couvrirez l\u2019importance de l\u2019agilit\u00e9 dans le processus de cr\u00e9ation de produit, avec une approche orient\u00e9e sur les cycles courts, l\u2019adaptation constante et la collaboration.  La conception centr\u00e9e utilisateur : Vous apprendrez \u00e0 placer l&#039;utilisateur au c\u0153ur de votre processus de cr\u00e9ation, \u00e0 tester votre offre avec des utilisateurs r\u00e9els et \u00e0 adapter votre produit en fonction des retours.  Recueillir et analyser les feedbacks : Vous comprendrez comment structurer vos tests utilisateurs et comment interpr\u00e9ter les retours pour ajuster votre offre de mani\u00e8re efficace. Vous repartirez avec une m\u00e9thodologie concr\u00e8te pour tester rapidement et r\u00e9guli\u00e8rement votre produit aupr\u00e8s de vos utilisateurs cibles.   Pr\u00e9-requis  Avoir une id\u00e9e de projet ou une premi\u00e8re version de son offre, et \u00eatre pr\u00eat.e \u00e0 confronter votre concept aux retours du terrain pour it\u00e9rer et am\u00e9liorer votre proposition de valeur.&quot;                    Intervenant : Arnaud &quot;Si mes diff\u00e9rentes missions attestent de toutes mes capacit\u00e9s en communication et en informatique, ce sont aussi mes projets les plus personnels qui font de moi un expert performant en innovation. Toujours en veille active : la conception utilisateur, le d\u00e9veloppement agile et l&#039;am\u00e9lioration continue me passionnent !&quot;   Son super pouvoir: Facilitateur de projets innovants  Son petit mot: Le chemin est plus important que la destination alors je vous propose de progresser tous ensemble en accompagnant vos ambitieux projets.\u00a0     Attention ! Veuillez vous pr\u00e9senter \u00e0 l\u2019heure pour que l\u2019activit\u00e9 puisse commencer \u00e0 temps. Si vous avez du retard veuillez pr\u00e9venir l\u2019\u00e9quipe d\u2019Empow\u2019Her : contact.france@empow-her.com\u00a0. Si vous avez plus de 15 min de retard l\u2019intervenant.e se r\u00e9serve le droit de ne plus vous accepter pour le coaching ou l\u2019atelier.\" \/>\n<meta property=\"og:url\" content=\"https:\/\/empow-her.com\/produit\/atelier-developpement-iteratif-et-amelioration-de-la-proposition-de-valeur\/\" \/>\n<meta property=\"og:site_name\" content=\"Empow&#039;Her\" \/>\n<meta property=\"article:modified_time\" content=\"2025-07-25T15:22:47+00:00\" \/>\n<meta property=\"og:image\" content=\"https:\/\/empow-her.com\/wp-content\/uploads\/2025\/07\/ATELIER-2-2.png\" \/>\n\t<meta property=\"og:image:width\" content=\"1080\" \/>\n\t<meta property=\"og:image:height\" content=\"1080\" \/>\n\t<meta property=\"og:image:type\" content=\"image\/png\" \/>\n<meta name=\"twitter:card\" content=\"summary_large_image\" \/>\n<meta name=\"twitter:label1\" content=\"Est. reading time\" \/>\n\t<meta name=\"twitter:data1\" content=\"3 minutes\" \/>\n<script type=\"application\/ld+json\" class=\"yoast-schema-graph\">{\"@context\":\"https:\/\/schema.org\",\"@graph\":[{\"@type\":\"WebPage\",\"@id\":\"https:\/\/empow-her.com\/produit\/atelier-developpement-iteratif-et-amelioration-de-la-proposition-de-valeur\/\",\"url\":\"https:\/\/empow-her.com\/produit\/atelier-developpement-iteratif-et-amelioration-de-la-proposition-de-valeur\/\",\"name\":\"Atelier - D\u00e9veloppement it\u00e9ratif et am\u00e9lioration de la proposition de valeur - Empow&#039;Her\",\"isPartOf\":{\"@id\":\"https:\/\/empow-her.com\/#website\"},\"primaryImageOfPage\":{\"@id\":\"https:\/\/empow-her.com\/produit\/atelier-developpement-iteratif-et-amelioration-de-la-proposition-de-valeur\/#primaryimage\"},\"image\":{\"@id\":\"https:\/\/empow-her.com\/produit\/atelier-developpement-iteratif-et-amelioration-de-la-proposition-de-valeur\/#primaryimage\"},\"thumbnailUrl\":\"https:\/\/empow-her.com\/wp-content\/uploads\/2025\/07\/ATELIER-2-2.png\",\"datePublished\":\"2025-07-25T15:16:02+00:00\",\"dateModified\":\"2025-07-25T15:22:47+00:00\",\"breadcrumb\":{\"@id\":\"https:\/\/empow-her.com\/produit\/atelier-developpement-iteratif-et-amelioration-de-la-proposition-de-valeur\/#breadcrumb\"},\"inLanguage\":\"en-US\",\"potentialAction\":[{\"@type\":\"ReadAction\",\"target\":[\"https:\/\/empow-her.com\/produit\/atelier-developpement-iteratif-et-amelioration-de-la-proposition-de-valeur\/\"]}]},{\"@type\":\"ImageObject\",\"inLanguage\":\"en-US\",\"@id\":\"https:\/\/empow-her.com\/produit\/atelier-developpement-iteratif-et-amelioration-de-la-proposition-de-valeur\/#primaryimage\",\"url\":\"https:\/\/empow-her.com\/wp-content\/uploads\/2025\/07\/ATELIER-2-2.png\",\"contentUrl\":\"https:\/\/empow-her.com\/wp-content\/uploads\/2025\/07\/ATELIER-2-2.png\",\"width\":1080,\"height\":1080},{\"@type\":\"BreadcrumbList\",\"@id\":\"https:\/\/empow-her.com\/produit\/atelier-developpement-iteratif-et-amelioration-de-la-proposition-de-valeur\/#breadcrumb\",\"itemListElement\":[{\"@type\":\"ListItem\",\"position\":1,\"name\":\"Accueil\",\"item\":\"https:\/\/empow-her.com\/en\/landing-page\/\"},{\"@type\":\"ListItem\",\"position\":2,\"name\":\"LA BOUTIQUE\",\"item\":\"https:\/\/empow-her.com\/boutique\/\"},{\"@type\":\"ListItem\",\"position\":3,\"name\":\"Atelier &#8211; D\u00e9veloppement it\u00e9ratif et am\u00e9lioration de la proposition de valeur\"}]},{\"@type\":\"WebSite\",\"@id\":\"https:\/\/empow-her.com\/#website\",\"url\":\"https:\/\/empow-her.com\/\",\"name\":\"Empow&#039;Her\",\"description\":\"Women Development\",\"potentialAction\":[{\"@type\":\"SearchAction\",\"target\":{\"@type\":\"EntryPoint\",\"urlTemplate\":\"https:\/\/empow-her.com\/?s={search_term_string}\"},\"query-input\":{\"@type\":\"PropertyValueSpecification\",\"valueRequired\":true,\"valueName\":\"search_term_string\"}}],\"inLanguage\":\"en-US\"}]}<\/script>\n<!-- \/ Yoast SEO plugin. -->","yoast_head_json":{"title":"Atelier - D\u00e9veloppement it\u00e9ratif et am\u00e9lioration de la proposition de valeur - Empow&#039;Her","robots":{"index":"index","follow":"follow","max-snippet":"max-snippet:-1","max-image-preview":"max-image-preview:large","max-video-preview":"max-video-preview:-1"},"canonical":"https:\/\/empow-her.com\/produit\/atelier-developpement-iteratif-et-amelioration-de-la-proposition-de-valeur\/","og_locale":"en_US","og_type":"article","og_title":"Atelier - D\u00e9veloppement it\u00e9ratif et am\u00e9lioration de la proposition de valeur - Empow&#039;Her","og_description":"Atelier - D\u00e9veloppement it\u00e9ratif et am\u00e9lioration de la proposition de valeur  Am\u00e9liorer son offre n\u00e9cessite d\u2019adopter une approche it\u00e9rative, d'\u00e9couter les retours des utilisateurs et de savoir ajuster en cons\u00e9quence. Cet atelier immersif vous introduira aux principes du d\u00e9veloppement agile et de la conception centr\u00e9e utilisateur (UX). Vous apprendrez \u00e0 mettre en place des tests utilisateurs, recueillir des retours constructifs et \u00e0 les utiliser pour affiner continuellement votre produit ou service. \u00c0 travers des exercices pratiques, vous repartirez avec des outils concrets pour tester, analyser et am\u00e9liorer votre proposition de valeur.   Ce que nous pourrons explorer  Les bases du d\u00e9veloppement agile : Vous d\u00e9couvrirez l\u2019importance de l\u2019agilit\u00e9 dans le processus de cr\u00e9ation de produit, avec une approche orient\u00e9e sur les cycles courts, l\u2019adaptation constante et la collaboration.  La conception centr\u00e9e utilisateur : Vous apprendrez \u00e0 placer l'utilisateur au c\u0153ur de votre processus de cr\u00e9ation, \u00e0 tester votre offre avec des utilisateurs r\u00e9els et \u00e0 adapter votre produit en fonction des retours.  Recueillir et analyser les feedbacks : Vous comprendrez comment structurer vos tests utilisateurs et comment interpr\u00e9ter les retours pour ajuster votre offre de mani\u00e8re efficace. Vous repartirez avec une m\u00e9thodologie concr\u00e8te pour tester rapidement et r\u00e9guli\u00e8rement votre produit aupr\u00e8s de vos utilisateurs cibles.   Pr\u00e9-requis  Avoir une id\u00e9e de projet ou une premi\u00e8re version de son offre, et \u00eatre pr\u00eat.e \u00e0 confronter votre concept aux retours du terrain pour it\u00e9rer et am\u00e9liorer votre proposition de valeur.\"                    Intervenant : Arnaud \"Si mes diff\u00e9rentes missions attestent de toutes mes capacit\u00e9s en communication et en informatique, ce sont aussi mes projets les plus personnels qui font de moi un expert performant en innovation. Toujours en veille active : la conception utilisateur, le d\u00e9veloppement agile et l'am\u00e9lioration continue me passionnent !\"   Son super pouvoir: Facilitateur de projets innovants  Son petit mot: Le chemin est plus important que la destination alors je vous propose de progresser tous ensemble en accompagnant vos ambitieux projets.\u00a0     Attention ! Veuillez vous pr\u00e9senter \u00e0 l\u2019heure pour que l\u2019activit\u00e9 puisse commencer \u00e0 temps. Si vous avez du retard veuillez pr\u00e9venir l\u2019\u00e9quipe d\u2019Empow\u2019Her : contact.france@empow-her.com\u00a0. Si vous avez plus de 15 min de retard l\u2019intervenant.e se r\u00e9serve le droit de ne plus vous accepter pour le coaching ou l\u2019atelier.","og_url":"https:\/\/empow-her.com\/produit\/atelier-developpement-iteratif-et-amelioration-de-la-proposition-de-valeur\/","og_site_name":"Empow&#039;Her","article_modified_time":"2025-07-25T15:22:47+00:00","og_image":[{"width":1080,"height":1080,"url":"https:\/\/empow-her.com\/wp-content\/uploads\/2025\/07\/ATELIER-2-2.png","type":"image\/png"}],"twitter_card":"summary_large_image","twitter_misc":{"Est. reading time":"3 minutes"},"schema":{"@context":"https:\/\/schema.org","@graph":[{"@type":"WebPage","@id":"https:\/\/empow-her.com\/produit\/atelier-developpement-iteratif-et-amelioration-de-la-proposition-de-valeur\/","url":"https:\/\/empow-her.com\/produit\/atelier-developpement-iteratif-et-amelioration-de-la-proposition-de-valeur\/","name":"Atelier - D\u00e9veloppement it\u00e9ratif et am\u00e9lioration de la proposition de valeur - Empow&#039;Her","isPartOf":{"@id":"https:\/\/empow-her.com\/#website"},"primaryImageOfPage":{"@id":"https:\/\/empow-her.com\/produit\/atelier-developpement-iteratif-et-amelioration-de-la-proposition-de-valeur\/#primaryimage"},"image":{"@id":"https:\/\/empow-her.com\/produit\/atelier-developpement-iteratif-et-amelioration-de-la-proposition-de-valeur\/#primaryimage"},"thumbnailUrl":"https:\/\/empow-her.com\/wp-content\/uploads\/2025\/07\/ATELIER-2-2.png","datePublished":"2025-07-25T15:16:02+00:00","dateModified":"2025-07-25T15:22:47+00:00","breadcrumb":{"@id":"https:\/\/empow-her.com\/produit\/atelier-developpement-iteratif-et-amelioration-de-la-proposition-de-valeur\/#breadcrumb"},"inLanguage":"en-US","potentialAction":[{"@type":"ReadAction","target":["https:\/\/empow-her.com\/produit\/atelier-developpement-iteratif-et-amelioration-de-la-proposition-de-valeur\/"]}]},{"@type":"ImageObject","inLanguage":"en-US","@id":"https:\/\/empow-her.com\/produit\/atelier-developpement-iteratif-et-amelioration-de-la-proposition-de-valeur\/#primaryimage","url":"https:\/\/empow-her.com\/wp-content\/uploads\/2025\/07\/ATELIER-2-2.png","contentUrl":"https:\/\/empow-her.com\/wp-content\/uploads\/2025\/07\/ATELIER-2-2.png","width":1080,"height":1080},{"@type":"BreadcrumbList","@id":"https:\/\/empow-her.com\/produit\/atelier-developpement-iteratif-et-amelioration-de-la-proposition-de-valeur\/#breadcrumb","itemListElement":[{"@type":"ListItem","position":1,"name":"Accueil","item":"https:\/\/empow-her.com\/en\/landing-page\/"},{"@type":"ListItem","position":2,"name":"LA BOUTIQUE","item":"https:\/\/empow-her.com\/boutique\/"},{"@type":"ListItem","position":3,"name":"Atelier &#8211; D\u00e9veloppement it\u00e9ratif et am\u00e9lioration de la proposition de valeur"}]},{"@type":"WebSite","@id":"https:\/\/empow-her.com\/#website","url":"https:\/\/empow-her.com\/","name":"Empow&#039;Her","description":"Women Development","potentialAction":[{"@type":"SearchAction","target":{"@type":"EntryPoint","urlTemplate":"https:\/\/empow-her.com\/?s={search_term_string}"},"query-input":{"@type":"PropertyValueSpecification","valueRequired":true,"valueName":"search_term_string"}}],"inLanguage":"en-US"}]}},"_links":{"self":[{"href":"https:\/\/empow-her.com\/en\/wp-json\/wp\/v2\/product\/268865","targetHints":{"allow":["GET"]}}],"collection":[{"href":"https:\/\/empow-her.com\/en\/wp-json\/wp\/v2\/product"}],"about":[{"href":"https:\/\/empow-her.com\/en\/wp-json\/wp\/v2\/types\/product"}],"wp:featuredmedia":[{"embeddable":true,"href":"https:\/\/empow-her.com\/en\/wp-json\/wp\/v2\/media\/268866"}],"wp:attachment":[{"href":"https:\/\/empow-her.com\/en\/wp-json\/wp\/v2\/media?parent=268865"}],"wp:term":[{"taxonomy":"product_brand","embeddable":true,"href":"https:\/\/empow-her.com\/en\/wp-json\/wp\/v2\/product_brand?post=268865"},{"taxonomy":"product_cat","embeddable":true,"href":"https:\/\/empow-her.com\/en\/wp-json\/wp\/v2\/product_cat?post=268865"},{"taxonomy":"product_tag","embeddable":true,"href":"https:\/\/empow-her.com\/en\/wp-json\/wp\/v2\/product_tag?post=268865"},{"taxonomy":"lieu","embeddable":true,"href":"https:\/\/empow-her.com\/en\/wp-json\/wp\/v2\/lieu?post=268865"},{"taxonomy":"thematiques","embeddable":true,"href":"https:\/\/empow-her.com\/en\/wp-json\/wp\/v2\/thematiques?post=268865"}],"curies":[{"name":"wp","href":"https:\/\/api.w.org\/{rel}","templated":true}]}}