{"id":268807,"date":"2025-07-24T12:27:10","date_gmt":"2025-07-24T10:27:10","guid":{"rendered":"https:\/\/empow-her.com\/?post_type=product&#038;p=268807"},"modified":"2025-07-29T11:29:49","modified_gmt":"2025-07-29T09:29:49","slug":"coaching-prototyper-et-lancer-son-projet-3","status":"publish","type":"product","link":"https:\/\/empow-her.com\/en\/produit\/coaching-prototyper-et-lancer-son-projet-3\/","title":{"rendered":"Coaching &#8211; Prototyper et lancer son projet"},"content":{"rendered":"<p><span data-sheets-root=\"1\"><strong> Coaching &#8211; Prototyper et lancer son projet<\/strong><\/span><\/p>\n<p><span data-sheets-root=\"1\"><br \/>\nPasser de l\u2019id\u00e9e \u00e0 l\u2019action est une \u00e9tape cl\u00e9 dans le d\u00e9veloppement d\u2019un projet. Ce coaching individuel vous accompagne dans la d\u00e9finition des fonctionnalit\u00e9s essentielles de votre MVP et la cr\u00e9ation d\u2019un prototype fonctionnel. Nous pourrons \u00e9galement aborder les strat\u00e9gies de lancement digital pour structurer efficacement votre pr\u00e9sence en ligne.<\/span><\/p>\n<p><strong>Ce que nous pourrons aborder<\/strong><\/p>\n<ul>\n<li><strong>Prioriser les fonctionnalit\u00e9s cl\u00e9s de son projet<\/strong>: identifier les \u00e9l\u00e9ments essentiels \u00e0 int\u00e9grer dans un premier prototype pour tester son id\u00e9e rapidement et efficacement.<\/li>\n<li><strong>Cr\u00e9er un wireframe ou une maquette de landing page<\/strong>: construire une premi\u00e8re version visuelle de son site ou application pour structurer son message et faciliter l\u2019engagement des utilisateurs.<\/li>\n<li><strong>Optimiser la hi\u00e9rarchisation des id\u00e9es et du contenu: <\/strong>organiser l\u2019information et rendre l\u2019exp\u00e9rience utilisateur fluide pour maximiser l\u2019impact de votre landing page ou de votre produit.<\/li>\n<li><strong>\u00c9tablir une strat\u00e9gie de lancement digital<\/strong> : D\u00e9finir les premi\u00e8res actions \u00e0 mettre en place pour attirer vos premiers utilisateurs et tester votre projet sur le march\u00e9.<\/li>\n<\/ul>\n<p>Pr\u00e9-requis<\/p>\n<p>\u2714<em> Avoir une id\u00e9e de projet avec une premi\u00e8re r\u00e9flexion sur son offre<\/em><br \/>\n<em>\u2714 \u00catre pr\u00eat.e \u00e0 structurer son prototype et \u00e0 poser les bases de son lancement digital<\/em><\/p>\n<p>Ce coaching est con\u00e7u pour vous aider \u00e0 avancer concr\u00e8tement sur votre MVP et \u00e0 poser les bases d\u2019un lancement structur\u00e9 et efficace.&#8221;<\/p>\n<p><strong>Pr\u00e9sentation de l&#8217;intervenante: <span data-sheets-root=\"1\">Camille<\/span><\/strong><\/p>\n<p><span data-sheets-root=\"1\">Je m\u2019appelle Camille Di Vincenzo <\/span><\/p>\n<p>J&#8217;ai 30 ans et je suis strasbourgeoise.<\/p>\n<p>J\u2019ai trois casquettes diff\u00e9rentes :<\/p>\n<ul>\n<li>\u00a0la cr\u00e9ation de site sur Webflow<\/li>\n<li>la mise en place de strat\u00e9gie SEO<\/li>\n<li>je suis coach en incubateurs<\/li>\n<\/ul>\n<p>Les outils comme Webflow, Make et Notion sont mes meilleurs acolytes !<\/p>\n<p>A ce jour, j\u2019ai le r\u00f4le de Global Community Leader pour l\u2019outil Webflow car mon but est aussi de mettre en avant les outils no-code aupr\u00e8s du grand public.<\/p>\n<p><strong>Son petit mot:<\/strong> BRAVO !<br \/>\nVous avez d\u00e9j\u00e0 franchi un grand pas en int\u00e9grant un programme d&#8217;accompagnement !<br \/>\nC&#8217;est parti pour 12 mois \u00e0 poursuivre l&#8217;aventure toutes ensemble dans la bienveillance, l&#8217;entraide et la bonne humeur !<\/p>\n","protected":false},"excerpt":{"rendered":"<p><span data-sheets-root=\"1\"><strong> Coaching &#8211; Prototyper et lancer son projet<\/strong><\/span><\/p>\n<p><span data-sheets-root=\"1\"><br \/>\nPasser de l\u2019id\u00e9e \u00e0 l\u2019action est une \u00e9tape cl\u00e9 dans le d\u00e9veloppement d\u2019un projet. Ce coaching individuel vous accompagne dans la d\u00e9finition des fonctionnalit\u00e9s essentielles de votre MVP et la cr\u00e9ation d\u2019un prototype fonctionnel. Nous pourrons \u00e9galement aborder les strat\u00e9gies de lancement digital pour structurer efficacement votre pr\u00e9sence en ligne.<\/span><\/p>\n<p>Ce que nous pourrons aborder<\/p>\n<p>Prioriser les fonctionnalit\u00e9s cl\u00e9s de son projet<br \/>\nIdentifier les \u00e9l\u00e9ments essentiels \u00e0 int\u00e9grer dans un premier prototype pour tester son id\u00e9e rapidement et efficacement.<\/p>\n<p>Cr\u00e9er un wireframe ou une maquette de landing page<br \/>\nConstruire une premi\u00e8re version visuelle de son site ou application pour structurer son message et faciliter l\u2019engagement des utilisateurs.<\/p>\n<p>Optimiser la hi\u00e9rarchisation des id\u00e9es et du contenu<br \/>\nOrganiser l\u2019information et rendre l\u2019exp\u00e9rience utilisateur fluide pour maximiser l\u2019impact de votre landing page ou de votre produit.<\/p>\n<p>\u00c9tablir une strat\u00e9gie de lancement digital<br \/>\nD\u00e9finir les premi\u00e8res actions \u00e0 mettre en place pour attirer vos premiers utilisateurs et tester votre projet sur le march\u00e9.<\/p>\n<p>Pr\u00e9-requis<\/p>\n<p>\u2714 Avoir une id\u00e9e de projet avec une premi\u00e8re r\u00e9flexion sur son offre<br \/>\n\u2714 \u00catre pr\u00eat.e \u00e0 structurer son prototype et \u00e0 poser les bases de son lancement digital<\/p>\n<p>Ce coaching est con\u00e7u pour vous aider \u00e0 avancer concr\u00e8tement sur votre MVP et \u00e0 poser les bases d\u2019un lancement structur\u00e9 et efficace.&#8221;<\/p>\n<p><strong>Pr\u00e9sentation de l&#8217;intervenante: <span data-sheets-root=\"1\">Camille<\/span><\/strong><\/p>\n<p><span data-sheets-root=\"1\">Je m\u2019appelle Camille Di Vincenzo <\/span><\/p>\n<p>J&#8217;ai 30 ans et je suis strasbourgeoise.<\/p>\n<p>J\u2019ai trois casquettes diff\u00e9rentes :<br \/>\n&#8211; la cr\u00e9ation de site sur Webflow<br \/>\n&#8211; la mise en place de strat\u00e9gie SEO<br \/>\n&#8211; je suis coach en incubateurs<\/p>\n<p>Les outils comme Webflow, Make et Notion sont mes meilleurs acolytes !<\/p>\n<p>A ce jour, j\u2019ai le r\u00f4le de Global Community Leader pour l\u2019outil Webflow car mon but est aussi de mettre en avant les outils no-code aupr\u00e8s du grand public.<\/p>\n<p>Son petit mot: BRAVO !<br \/>\nVous avez d\u00e9j\u00e0 franchi un grand pas en int\u00e9grant un programme d&#8217;accompagnement !<br \/>\nC&#8217;est parti pour 12 mois \u00e0 poursuivre l&#8217;aventure toutes ensemble dans la bienveillance, l&#8217;entraide et la bonne humeur !<\/p>\n","protected":false},"featured_media":268808,"template":"","format":"standard","meta":{"_acf_changed":false,"om_disable_all_campaigns":false,"_uf_show_specific_survey":0,"_uf_disable_surveys":false},"product_brand":[],"product_cat":[121],"product_tag":[143],"lieu":[125],"thematiques":[],"class_list":{"0":"post-268807","1":"product","2":"type-product","3":"status-publish","4":"format-standard","5":"has-post-thumbnail","7":"product_cat-coaching","8":"product_tag-en-ligne","9":"lieu-en-ligne","11":"first","12":"instock","13":"virtual","14":"purchasable","15":"product-type-appointment"},"exclude_global_add_ons":[],"addons":[],"acf":[],"yoast_head":"<!-- This site is optimized with the Yoast SEO plugin v24.8 - https:\/\/yoast.com\/wordpress\/plugins\/seo\/ -->\n<title>Coaching - Strat\u00e9gie &amp; prospection commercial<\/title>\n<meta name=\"robots\" content=\"index, follow, max-snippet:-1, max-image-preview:large, max-video-preview:-1\" \/>\n<link rel=\"canonical\" href=\"https:\/\/empow-her.com\/produit\/coaching-prototyper-et-lancer-son-projet-3\/\" \/>\n<meta property=\"og:locale\" content=\"en_US\" \/>\n<meta property=\"og:type\" content=\"article\" \/>\n<meta property=\"og:title\" content=\"Coaching - Strat\u00e9gie &amp; prospection commercial\" \/>\n<meta property=\"og:description\" content=\"Coaching - Prototyper et lancer son projet   Passer de l\u2019id\u00e9e \u00e0 l\u2019action est une \u00e9tape cl\u00e9 dans le d\u00e9veloppement d\u2019un projet. Ce coaching individuel vous accompagne dans la d\u00e9finition des fonctionnalit\u00e9s essentielles de votre MVP et la cr\u00e9ation d\u2019un prototype fonctionnel. Nous pourrons \u00e9galement aborder les strat\u00e9gies de lancement digital pour structurer efficacement votre pr\u00e9sence en ligne.  Ce que nous pourrons aborder  Prioriser les fonctionnalit\u00e9s cl\u00e9s de son projet Identifier les \u00e9l\u00e9ments essentiels \u00e0 int\u00e9grer dans un premier prototype pour tester son id\u00e9e rapidement et efficacement.  Cr\u00e9er un wireframe ou une maquette de landing page Construire une premi\u00e8re version visuelle de son site ou application pour structurer son message et faciliter l\u2019engagement des utilisateurs.  Optimiser la hi\u00e9rarchisation des id\u00e9es et du contenu Organiser l\u2019information et rendre l\u2019exp\u00e9rience utilisateur fluide pour maximiser l\u2019impact de votre landing page ou de votre produit.  \u00c9tablir une strat\u00e9gie de lancement digital D\u00e9finir les premi\u00e8res actions \u00e0 mettre en place pour attirer vos premiers utilisateurs et tester votre projet sur le march\u00e9.  Pr\u00e9-requis  \u2714 Avoir une id\u00e9e de projet avec une premi\u00e8re r\u00e9flexion sur son offre \u2714 \u00catre pr\u00eat.e \u00e0 structurer son prototype et \u00e0 poser les bases de son lancement digital  Ce coaching est con\u00e7u pour vous aider \u00e0 avancer concr\u00e8tement sur votre MVP et \u00e0 poser les bases d\u2019un lancement structur\u00e9 et efficace.&quot;  Pr\u00e9sentation de l&#039;intervenante: Camille  Je m\u2019appelle Camille Di Vincenzo   J&#039;ai 30 ans et je suis strasbourgeoise.  J\u2019ai trois casquettes diff\u00e9rentes : - la cr\u00e9ation de site sur Webflow - la mise en place de strat\u00e9gie SEO - je suis coach en incubateurs  Les outils comme Webflow, Make et Notion sont mes meilleurs acolytes !  A ce jour, j\u2019ai le r\u00f4le de Global Community Leader pour l\u2019outil Webflow car mon but est aussi de mettre en avant les outils no-code aupr\u00e8s du grand public.  Son petit mot: BRAVO ! Vous avez d\u00e9j\u00e0 franchi un grand pas en int\u00e9grant un programme d&#039;accompagnement ! C&#039;est parti pour 12 mois \u00e0 poursuivre l&#039;aventure toutes ensemble dans la bienveillance, l&#039;entraide et la bonne humeur !\" \/>\n<meta property=\"og:url\" content=\"https:\/\/empow-her.com\/produit\/coaching-prototyper-et-lancer-son-projet-3\/\" \/>\n<meta property=\"og:site_name\" content=\"Empow&#039;Her\" \/>\n<meta property=\"article:modified_time\" content=\"2025-07-29T09:29:49+00:00\" \/>\n<meta property=\"og:image\" content=\"https:\/\/empow-her.com\/wp-content\/uploads\/2025\/07\/COACHING-2-2.png\" \/>\n\t<meta property=\"og:image:width\" content=\"1080\" \/>\n\t<meta property=\"og:image:height\" content=\"1080\" \/>\n\t<meta property=\"og:image:type\" content=\"image\/png\" \/>\n<meta name=\"twitter:card\" content=\"summary_large_image\" \/>\n<meta name=\"twitter:label1\" content=\"Est. reading time\" \/>\n\t<meta name=\"twitter:data1\" content=\"2 minutes\" \/>\n<script type=\"application\/ld+json\" class=\"yoast-schema-graph\">{\"@context\":\"https:\/\/schema.org\",\"@graph\":[{\"@type\":\"WebPage\",\"@id\":\"https:\/\/empow-her.com\/produit\/coaching-prototyper-et-lancer-son-projet-3\/\",\"url\":\"https:\/\/empow-her.com\/produit\/coaching-prototyper-et-lancer-son-projet-3\/\",\"name\":\"Coaching - Strat\u00e9gie & prospection commercial\",\"isPartOf\":{\"@id\":\"https:\/\/empow-her.com\/#website\"},\"primaryImageOfPage\":{\"@id\":\"https:\/\/empow-her.com\/produit\/coaching-prototyper-et-lancer-son-projet-3\/#primaryimage\"},\"image\":{\"@id\":\"https:\/\/empow-her.com\/produit\/coaching-prototyper-et-lancer-son-projet-3\/#primaryimage\"},\"thumbnailUrl\":\"https:\/\/empow-her.com\/wp-content\/uploads\/2025\/07\/COACHING-2-2.png\",\"datePublished\":\"2025-07-24T10:27:10+00:00\",\"dateModified\":\"2025-07-29T09:29:49+00:00\",\"breadcrumb\":{\"@id\":\"https:\/\/empow-her.com\/produit\/coaching-prototyper-et-lancer-son-projet-3\/#breadcrumb\"},\"inLanguage\":\"en-US\",\"potentialAction\":[{\"@type\":\"ReadAction\",\"target\":[\"https:\/\/empow-her.com\/produit\/coaching-prototyper-et-lancer-son-projet-3\/\"]}]},{\"@type\":\"ImageObject\",\"inLanguage\":\"en-US\",\"@id\":\"https:\/\/empow-her.com\/produit\/coaching-prototyper-et-lancer-son-projet-3\/#primaryimage\",\"url\":\"https:\/\/empow-her.com\/wp-content\/uploads\/2025\/07\/COACHING-2-2.png\",\"contentUrl\":\"https:\/\/empow-her.com\/wp-content\/uploads\/2025\/07\/COACHING-2-2.png\",\"width\":1080,\"height\":1080},{\"@type\":\"BreadcrumbList\",\"@id\":\"https:\/\/empow-her.com\/produit\/coaching-prototyper-et-lancer-son-projet-3\/#breadcrumb\",\"itemListElement\":[{\"@type\":\"ListItem\",\"position\":1,\"name\":\"Accueil\",\"item\":\"https:\/\/empow-her.com\/en\/landing-page\/\"},{\"@type\":\"ListItem\",\"position\":2,\"name\":\"LA BOUTIQUE\",\"item\":\"https:\/\/empow-her.com\/boutique\/\"},{\"@type\":\"ListItem\",\"position\":3,\"name\":\"Coaching &#8211; Prototyper et lancer son projet\"}]},{\"@type\":\"WebSite\",\"@id\":\"https:\/\/empow-her.com\/#website\",\"url\":\"https:\/\/empow-her.com\/\",\"name\":\"Empow&#039;Her\",\"description\":\"Women Development\",\"potentialAction\":[{\"@type\":\"SearchAction\",\"target\":{\"@type\":\"EntryPoint\",\"urlTemplate\":\"https:\/\/empow-her.com\/?s={search_term_string}\"},\"query-input\":{\"@type\":\"PropertyValueSpecification\",\"valueRequired\":true,\"valueName\":\"search_term_string\"}}],\"inLanguage\":\"en-US\"}]}<\/script>\n<!-- \/ Yoast SEO plugin. -->","yoast_head_json":{"title":"Coaching - Strat\u00e9gie & prospection commercial","robots":{"index":"index","follow":"follow","max-snippet":"max-snippet:-1","max-image-preview":"max-image-preview:large","max-video-preview":"max-video-preview:-1"},"canonical":"https:\/\/empow-her.com\/produit\/coaching-prototyper-et-lancer-son-projet-3\/","og_locale":"en_US","og_type":"article","og_title":"Coaching - Strat\u00e9gie & prospection commercial","og_description":"Coaching - Prototyper et lancer son projet   Passer de l\u2019id\u00e9e \u00e0 l\u2019action est une \u00e9tape cl\u00e9 dans le d\u00e9veloppement d\u2019un projet. Ce coaching individuel vous accompagne dans la d\u00e9finition des fonctionnalit\u00e9s essentielles de votre MVP et la cr\u00e9ation d\u2019un prototype fonctionnel. Nous pourrons \u00e9galement aborder les strat\u00e9gies de lancement digital pour structurer efficacement votre pr\u00e9sence en ligne.  Ce que nous pourrons aborder  Prioriser les fonctionnalit\u00e9s cl\u00e9s de son projet Identifier les \u00e9l\u00e9ments essentiels \u00e0 int\u00e9grer dans un premier prototype pour tester son id\u00e9e rapidement et efficacement.  Cr\u00e9er un wireframe ou une maquette de landing page Construire une premi\u00e8re version visuelle de son site ou application pour structurer son message et faciliter l\u2019engagement des utilisateurs.  Optimiser la hi\u00e9rarchisation des id\u00e9es et du contenu Organiser l\u2019information et rendre l\u2019exp\u00e9rience utilisateur fluide pour maximiser l\u2019impact de votre landing page ou de votre produit.  \u00c9tablir une strat\u00e9gie de lancement digital D\u00e9finir les premi\u00e8res actions \u00e0 mettre en place pour attirer vos premiers utilisateurs et tester votre projet sur le march\u00e9.  Pr\u00e9-requis  \u2714 Avoir une id\u00e9e de projet avec une premi\u00e8re r\u00e9flexion sur son offre \u2714 \u00catre pr\u00eat.e \u00e0 structurer son prototype et \u00e0 poser les bases de son lancement digital  Ce coaching est con\u00e7u pour vous aider \u00e0 avancer concr\u00e8tement sur votre MVP et \u00e0 poser les bases d\u2019un lancement structur\u00e9 et efficace.\"  Pr\u00e9sentation de l'intervenante: Camille  Je m\u2019appelle Camille Di Vincenzo   J'ai 30 ans et je suis strasbourgeoise.  J\u2019ai trois casquettes diff\u00e9rentes : - la cr\u00e9ation de site sur Webflow - la mise en place de strat\u00e9gie SEO - je suis coach en incubateurs  Les outils comme Webflow, Make et Notion sont mes meilleurs acolytes !  A ce jour, j\u2019ai le r\u00f4le de Global Community Leader pour l\u2019outil Webflow car mon but est aussi de mettre en avant les outils no-code aupr\u00e8s du grand public.  Son petit mot: BRAVO ! Vous avez d\u00e9j\u00e0 franchi un grand pas en int\u00e9grant un programme d'accompagnement ! C'est parti pour 12 mois \u00e0 poursuivre l'aventure toutes ensemble dans la bienveillance, l'entraide et la bonne humeur !","og_url":"https:\/\/empow-her.com\/produit\/coaching-prototyper-et-lancer-son-projet-3\/","og_site_name":"Empow&#039;Her","article_modified_time":"2025-07-29T09:29:49+00:00","og_image":[{"width":1080,"height":1080,"url":"https:\/\/empow-her.com\/wp-content\/uploads\/2025\/07\/COACHING-2-2.png","type":"image\/png"}],"twitter_card":"summary_large_image","twitter_misc":{"Est. reading time":"2 minutes"},"schema":{"@context":"https:\/\/schema.org","@graph":[{"@type":"WebPage","@id":"https:\/\/empow-her.com\/produit\/coaching-prototyper-et-lancer-son-projet-3\/","url":"https:\/\/empow-her.com\/produit\/coaching-prototyper-et-lancer-son-projet-3\/","name":"Coaching - Strat\u00e9gie & prospection commercial","isPartOf":{"@id":"https:\/\/empow-her.com\/#website"},"primaryImageOfPage":{"@id":"https:\/\/empow-her.com\/produit\/coaching-prototyper-et-lancer-son-projet-3\/#primaryimage"},"image":{"@id":"https:\/\/empow-her.com\/produit\/coaching-prototyper-et-lancer-son-projet-3\/#primaryimage"},"thumbnailUrl":"https:\/\/empow-her.com\/wp-content\/uploads\/2025\/07\/COACHING-2-2.png","datePublished":"2025-07-24T10:27:10+00:00","dateModified":"2025-07-29T09:29:49+00:00","breadcrumb":{"@id":"https:\/\/empow-her.com\/produit\/coaching-prototyper-et-lancer-son-projet-3\/#breadcrumb"},"inLanguage":"en-US","potentialAction":[{"@type":"ReadAction","target":["https:\/\/empow-her.com\/produit\/coaching-prototyper-et-lancer-son-projet-3\/"]}]},{"@type":"ImageObject","inLanguage":"en-US","@id":"https:\/\/empow-her.com\/produit\/coaching-prototyper-et-lancer-son-projet-3\/#primaryimage","url":"https:\/\/empow-her.com\/wp-content\/uploads\/2025\/07\/COACHING-2-2.png","contentUrl":"https:\/\/empow-her.com\/wp-content\/uploads\/2025\/07\/COACHING-2-2.png","width":1080,"height":1080},{"@type":"BreadcrumbList","@id":"https:\/\/empow-her.com\/produit\/coaching-prototyper-et-lancer-son-projet-3\/#breadcrumb","itemListElement":[{"@type":"ListItem","position":1,"name":"Accueil","item":"https:\/\/empow-her.com\/en\/landing-page\/"},{"@type":"ListItem","position":2,"name":"LA BOUTIQUE","item":"https:\/\/empow-her.com\/boutique\/"},{"@type":"ListItem","position":3,"name":"Coaching &#8211; Prototyper et lancer son projet"}]},{"@type":"WebSite","@id":"https:\/\/empow-her.com\/#website","url":"https:\/\/empow-her.com\/","name":"Empow&#039;Her","description":"Women Development","potentialAction":[{"@type":"SearchAction","target":{"@type":"EntryPoint","urlTemplate":"https:\/\/empow-her.com\/?s={search_term_string}"},"query-input":{"@type":"PropertyValueSpecification","valueRequired":true,"valueName":"search_term_string"}}],"inLanguage":"en-US"}]}},"_links":{"self":[{"href":"https:\/\/empow-her.com\/en\/wp-json\/wp\/v2\/product\/268807","targetHints":{"allow":["GET"]}}],"collection":[{"href":"https:\/\/empow-her.com\/en\/wp-json\/wp\/v2\/product"}],"about":[{"href":"https:\/\/empow-her.com\/en\/wp-json\/wp\/v2\/types\/product"}],"wp:featuredmedia":[{"embeddable":true,"href":"https:\/\/empow-her.com\/en\/wp-json\/wp\/v2\/media\/268808"}],"wp:attachment":[{"href":"https:\/\/empow-her.com\/en\/wp-json\/wp\/v2\/media?parent=268807"}],"wp:term":[{"taxonomy":"product_brand","embeddable":true,"href":"https:\/\/empow-her.com\/en\/wp-json\/wp\/v2\/product_brand?post=268807"},{"taxonomy":"product_cat","embeddable":true,"href":"https:\/\/empow-her.com\/en\/wp-json\/wp\/v2\/product_cat?post=268807"},{"taxonomy":"product_tag","embeddable":true,"href":"https:\/\/empow-her.com\/en\/wp-json\/wp\/v2\/product_tag?post=268807"},{"taxonomy":"lieu","embeddable":true,"href":"https:\/\/empow-her.com\/en\/wp-json\/wp\/v2\/lieu?post=268807"},{"taxonomy":"thematiques","embeddable":true,"href":"https:\/\/empow-her.com\/en\/wp-json\/wp\/v2\/thematiques?post=268807"}],"curies":[{"name":"wp","href":"https:\/\/api.w.org\/{rel}","templated":true}]}}