{"id":268806,"date":"2025-07-24T12:22:44","date_gmt":"2025-07-24T10:22:44","guid":{"rendered":"https:\/\/empow-her.com\/?post_type=product&#038;p=268806"},"modified":"2025-07-30T12:35:54","modified_gmt":"2025-07-30T10:35:54","slug":"coaching-creer-son-contenu-pour-les-reseaux-sociaux-4","status":"publish","type":"product","link":"https:\/\/empow-her.com\/en\/produit\/coaching-creer-son-contenu-pour-les-reseaux-sociaux-4\/","title":{"rendered":"Coaching &#8211;  Cr\u00e9er son contenu pour les r\u00e9seaux sociaux"},"content":{"rendered":"<p><span data-sheets-root=\"1\"><strong> Coaching &#8211; Cr\u00e9er son contenu pour les r\u00e9seaux sociaux<\/strong><\/span><\/p>\n<p><span data-sheets-root=\"1\"><em>1h de coaching pour structurer et optimiser ta strat\u00e9gie de contenus<\/em><\/span><\/p>\n<p>Cr\u00e9er du contenu ne suffit pas : encore faut-il qu\u2019il soit coh\u00e9rent, efficace et adapt\u00e9 \u00e0 l\u2019audience vis\u00e9e. Cette s\u00e9ance permettra de structurer la communication pour gagner en visibilit\u00e9 et en impact, tout en optimisant le temps consacr\u00e9 \u00e0 la cr\u00e9ation.<\/p>\n<p><strong>Ce que nous pouvons aborder :<\/strong><\/p>\n<ul>\n<li><strong>Comprendre l\u2019importance d\u2019une strat\u00e9gie de contenus:<\/strong> Pourquoi publier du contenu au hasard ne fonctionne pas ? Poser les bases d\u2019une strat\u00e9gie efficace, align\u00e9e avec les objectifs et la cible.<\/li>\n<li><strong>D\u00e9couvrir les bonnes m\u00e9thodes et outils:<\/strong> Cr\u00e9er du contenu ne doit pas \u00eatre une corv\u00e9e. Exploration de techniques et d\u2019outils pour produire plus facilement, recycler intelligemment et diffuser efficacement sur les diff\u00e9rents canaux.<\/li>\n<li><strong>Identifier les formats qui fonctionnent vraiment:<\/strong> Chaque plateforme a ses codes et ses contenus phares. Analyse des formats les plus pertinents selon l\u2019activit\u00e9 et l\u2019audience.<\/li>\n<li><strong>Structurer un calendrier \u00e9ditorial efficace<\/strong>: Planifier les publications, anticiper les temps forts et gagner en r\u00e9gularit\u00e9 : organisation du contenu pour \u00e9viter la panne d\u2019inspiration et maintenir une pr\u00e9sence dynamique.<\/li>\n<\/ul>\n<p>\u00c0 l\u2019issue de cette heure de coaching, une vision claire, des outils pratiques et un plan d\u2019action concret permettront d\u2019optimiser la communication et de maximiser son impact !<\/p>\n<p><strong>Pr\u00e9sentation de l&#8217;intervenante: <span data-sheets-root=\"1\">No\u00e9mie<\/span><\/strong><\/p>\n<p><span data-sheets-root=\"1\">No\u00e9mie est autrice, chroniqueuse, podcasteuse et consultante ind\u00e9pendante sp\u00e9cialis\u00e9e sur les sujets de Brand Content et de Community Building. Elle concilie sa passion pour la sociologie, les nouvelles technologies et le marketing \u00e0 travers ses deux m\u00e9dias : The Storyline, qui explore le futur des marques ainsi que Community Centric, qui d\u00e9crypte les secrets des communaut\u00e9s puissantes.<br \/>\nElle est autrice l\u2019ouvrage Le pouvoir des communaut\u00e9s, publi\u00e9 aux \u00e9ditions Eyrolles.<\/span><\/p>\n<p><strong>Son super pouvoir<\/strong>: Exploratrice du marketing de demain<\/p>\n<p><strong>Son petit mot:<\/strong> C&#8217;est par nos actions aujourd&#8217;hui que nous \u00e9crivons le monde de demain &#8211; bravo de vous \u00eatre lanc\u00e9e dans cette aventure !<\/p>\n","protected":false},"excerpt":{"rendered":"<p><span data-sheets-root=\"1\"><strong> Coaching &#8211; Cr\u00e9er son contenu pour les r\u00e9seaux sociaux<\/strong><\/span><\/p>\n<p><span data-sheets-root=\"1\"><em>1h de coaching pour structurer et optimiser ta strat\u00e9gie de contenus<\/em><\/span><\/p>\n<p>Cr\u00e9er du contenu ne suffit pas : encore faut-il qu\u2019il soit coh\u00e9rent, efficace et adapt\u00e9 \u00e0 l\u2019audience vis\u00e9e. Cette s\u00e9ance permettra de structurer la communication pour gagner en visibilit\u00e9 et en impact, tout en optimisant le temps consacr\u00e9 \u00e0 la cr\u00e9ation.<\/p>\n<p><strong>Ce que nous pouvons aborder :<\/strong><\/p>\n<ul>\n<li><strong>Comprendre l\u2019importance d\u2019une strat\u00e9gie de contenus:<\/strong> Pourquoi publier du contenu au hasard ne fonctionne pas ? Poser les bases d\u2019une strat\u00e9gie efficace, align\u00e9e avec les objectifs et la cible.<\/li>\n<li><strong>D\u00e9couvrir les bonnes m\u00e9thodes et outils:<\/strong> Cr\u00e9er du contenu ne doit pas \u00eatre une corv\u00e9e. Exploration de techniques et d\u2019outils pour produire plus facilement, recycler intelligemment et diffuser efficacement sur les diff\u00e9rents canaux.<\/li>\n<li><strong>Identifier les formats qui fonctionnent vraiment:<\/strong> Chaque plateforme a ses codes et ses contenus phares. Analyse des formats les plus pertinents selon l\u2019activit\u00e9 et l\u2019audience.<\/li>\n<li><strong>Structurer un calendrier \u00e9ditorial efficace<\/strong>: Planifier les publications, anticiper les temps forts et gagner en r\u00e9gularit\u00e9 : organisation du contenu pour \u00e9viter la panne d\u2019inspiration et maintenir une pr\u00e9sence dynamique.<\/li>\n<\/ul>\n<p>\u00c0 l\u2019issue de cette heure de coaching, une vision claire, des outils pratiques et un plan d\u2019action concret permettront d\u2019optimiser la communication et de maximiser son impact !<\/p>\n<p><strong>Pr\u00e9sentation de l&#8217;intervenante: <span data-sheets-root=\"1\">No\u00e9mie<\/span><\/strong><\/p>\n<p><span data-sheets-root=\"1\">No\u00e9mie est autrice, chroniqueuse, podcasteuse et consultante ind\u00e9pendante sp\u00e9cialis\u00e9e sur les sujets de Brand Content et de Community Building. Elle concilie sa passion pour la sociologie, les nouvelles technologies et le marketing \u00e0 travers ses deux m\u00e9dias : The Storyline, qui explore le futur des marques ainsi que Community Centric, qui d\u00e9crypte les secrets des communaut\u00e9s puissantes.<br \/>\nElle est autrice l\u2019ouvrage Le pouvoir des communaut\u00e9s, publi\u00e9 aux \u00e9ditions Eyrolles.<\/span><\/p>\n<p><strong>Son super pouvoir<\/strong>: Exploratrice du marketing de demain<\/p>\n<p><strong>Son petit mot:<\/strong> C&#8217;est par nos actions aujourd&#8217;hui que nous \u00e9crivons le monde de demain &#8211; bravo de vous \u00eatre lanc\u00e9e dans cette aventure !<\/p>\n","protected":false},"featured_media":268801,"template":"","format":"standard","meta":{"_acf_changed":false,"om_disable_all_campaigns":false,"_uf_show_specific_survey":0,"_uf_disable_surveys":false},"product_brand":[],"product_cat":[121],"product_tag":[143],"lieu":[125],"thematiques":[],"class_list":{"0":"post-268806","1":"product","2":"type-product","3":"status-publish","4":"format-standard","5":"has-post-thumbnail","7":"product_cat-coaching","8":"product_tag-en-ligne","9":"lieu-en-ligne","11":"first","12":"instock","13":"virtual","14":"purchasable","15":"product-type-appointment"},"exclude_global_add_ons":[],"addons":[],"acf":[],"yoast_head":"<!-- This site is optimized with the Yoast SEO plugin v24.8 - https:\/\/yoast.com\/wordpress\/plugins\/seo\/ -->\n<title>Coaching - Strat\u00e9gie &amp; prospection commercial<\/title>\n<meta name=\"robots\" content=\"index, follow, max-snippet:-1, max-image-preview:large, max-video-preview:-1\" \/>\n<link rel=\"canonical\" href=\"https:\/\/empow-her.com\/produit\/coaching-creer-son-contenu-pour-les-reseaux-sociaux-4\/\" \/>\n<meta property=\"og:locale\" content=\"en_US\" \/>\n<meta property=\"og:type\" content=\"article\" \/>\n<meta property=\"og:title\" content=\"Coaching - Strat\u00e9gie &amp; prospection commercial\" \/>\n<meta property=\"og:description\" content=\"Coaching - Cr\u00e9er son contenu pour les r\u00e9seaux sociaux  1h de coaching pour structurer et optimiser ta strat\u00e9gie de contenus  Cr\u00e9er du contenu ne suffit pas : encore faut-il qu\u2019il soit coh\u00e9rent, efficace et adapt\u00e9 \u00e0 l\u2019audience vis\u00e9e. Cette s\u00e9ance permettra de structurer la communication pour gagner en visibilit\u00e9 et en impact, tout en optimisant le temps consacr\u00e9 \u00e0 la cr\u00e9ation.  Ce que nous pouvons aborder :   Comprendre l\u2019importance d\u2019une strat\u00e9gie de contenus: Pourquoi publier du contenu au hasard ne fonctionne pas ? Poser les bases d\u2019une strat\u00e9gie efficace, align\u00e9e avec les objectifs et la cible.  D\u00e9couvrir les bonnes m\u00e9thodes et outils: Cr\u00e9er du contenu ne doit pas \u00eatre une corv\u00e9e. Exploration de techniques et d\u2019outils pour produire plus facilement, recycler intelligemment et diffuser efficacement sur les diff\u00e9rents canaux.  Identifier les formats qui fonctionnent vraiment: Chaque plateforme a ses codes et ses contenus phares. Analyse des formats les plus pertinents selon l\u2019activit\u00e9 et l\u2019audience.  Structurer un calendrier \u00e9ditorial efficace: Planifier les publications, anticiper les temps forts et gagner en r\u00e9gularit\u00e9 : organisation du contenu pour \u00e9viter la panne d\u2019inspiration et maintenir une pr\u00e9sence dynamique.  \u00c0 l\u2019issue de cette heure de coaching, une vision claire, des outils pratiques et un plan d\u2019action concret permettront d\u2019optimiser la communication et de maximiser son impact !  Pr\u00e9sentation de l&#039;intervenante: No\u00e9mie  No\u00e9mie est autrice, chroniqueuse, podcasteuse et consultante ind\u00e9pendante sp\u00e9cialis\u00e9e sur les sujets de Brand Content et de Community Building. Elle concilie sa passion pour la sociologie, les nouvelles technologies et le marketing \u00e0 travers ses deux m\u00e9dias : The Storyline, qui explore le futur des marques ainsi que Community Centric, qui d\u00e9crypte les secrets des communaut\u00e9s puissantes. Elle est autrice l\u2019ouvrage Le pouvoir des communaut\u00e9s, publi\u00e9 aux \u00e9ditions Eyrolles.  Son super pouvoir: Exploratrice du marketing de demain  Son petit mot: C&#039;est par nos actions aujourd&#039;hui que nous \u00e9crivons le monde de demain - bravo de vous \u00eatre lanc\u00e9e dans cette aventure !\" \/>\n<meta property=\"og:url\" content=\"https:\/\/empow-her.com\/produit\/coaching-creer-son-contenu-pour-les-reseaux-sociaux-4\/\" \/>\n<meta property=\"og:site_name\" content=\"Empow&#039;Her\" \/>\n<meta property=\"article:modified_time\" content=\"2025-07-30T10:35:54+00:00\" \/>\n<meta property=\"og:image\" content=\"https:\/\/empow-her.com\/wp-content\/uploads\/2025\/07\/COACHING-1-1.png\" \/>\n\t<meta property=\"og:image:width\" content=\"1080\" \/>\n\t<meta property=\"og:image:height\" content=\"1080\" \/>\n\t<meta property=\"og:image:type\" content=\"image\/png\" \/>\n<meta name=\"twitter:card\" content=\"summary_large_image\" \/>\n<meta name=\"twitter:label1\" content=\"Est. reading time\" \/>\n\t<meta name=\"twitter:data1\" content=\"2 minutes\" \/>\n<script type=\"application\/ld+json\" class=\"yoast-schema-graph\">{\"@context\":\"https:\/\/schema.org\",\"@graph\":[{\"@type\":\"WebPage\",\"@id\":\"https:\/\/empow-her.com\/produit\/coaching-creer-son-contenu-pour-les-reseaux-sociaux-4\/\",\"url\":\"https:\/\/empow-her.com\/produit\/coaching-creer-son-contenu-pour-les-reseaux-sociaux-4\/\",\"name\":\"Coaching - Strat\u00e9gie & prospection commercial\",\"isPartOf\":{\"@id\":\"https:\/\/empow-her.com\/#website\"},\"primaryImageOfPage\":{\"@id\":\"https:\/\/empow-her.com\/produit\/coaching-creer-son-contenu-pour-les-reseaux-sociaux-4\/#primaryimage\"},\"image\":{\"@id\":\"https:\/\/empow-her.com\/produit\/coaching-creer-son-contenu-pour-les-reseaux-sociaux-4\/#primaryimage\"},\"thumbnailUrl\":\"https:\/\/empow-her.com\/wp-content\/uploads\/2025\/07\/COACHING-1-1.png\",\"datePublished\":\"2025-07-24T10:22:44+00:00\",\"dateModified\":\"2025-07-30T10:35:54+00:00\",\"breadcrumb\":{\"@id\":\"https:\/\/empow-her.com\/produit\/coaching-creer-son-contenu-pour-les-reseaux-sociaux-4\/#breadcrumb\"},\"inLanguage\":\"en-US\",\"potentialAction\":[{\"@type\":\"ReadAction\",\"target\":[\"https:\/\/empow-her.com\/produit\/coaching-creer-son-contenu-pour-les-reseaux-sociaux-4\/\"]}]},{\"@type\":\"ImageObject\",\"inLanguage\":\"en-US\",\"@id\":\"https:\/\/empow-her.com\/produit\/coaching-creer-son-contenu-pour-les-reseaux-sociaux-4\/#primaryimage\",\"url\":\"https:\/\/empow-her.com\/wp-content\/uploads\/2025\/07\/COACHING-1-1.png\",\"contentUrl\":\"https:\/\/empow-her.com\/wp-content\/uploads\/2025\/07\/COACHING-1-1.png\",\"width\":1080,\"height\":1080},{\"@type\":\"BreadcrumbList\",\"@id\":\"https:\/\/empow-her.com\/produit\/coaching-creer-son-contenu-pour-les-reseaux-sociaux-4\/#breadcrumb\",\"itemListElement\":[{\"@type\":\"ListItem\",\"position\":1,\"name\":\"Accueil\",\"item\":\"https:\/\/empow-her.com\/en\/landing-page\/\"},{\"@type\":\"ListItem\",\"position\":2,\"name\":\"LA BOUTIQUE\",\"item\":\"https:\/\/empow-her.com\/boutique\/\"},{\"@type\":\"ListItem\",\"position\":3,\"name\":\"Coaching &#8211; Cr\u00e9er son contenu pour les r\u00e9seaux sociaux\"}]},{\"@type\":\"WebSite\",\"@id\":\"https:\/\/empow-her.com\/#website\",\"url\":\"https:\/\/empow-her.com\/\",\"name\":\"Empow&#039;Her\",\"description\":\"Women Development\",\"potentialAction\":[{\"@type\":\"SearchAction\",\"target\":{\"@type\":\"EntryPoint\",\"urlTemplate\":\"https:\/\/empow-her.com\/?s={search_term_string}\"},\"query-input\":{\"@type\":\"PropertyValueSpecification\",\"valueRequired\":true,\"valueName\":\"search_term_string\"}}],\"inLanguage\":\"en-US\"}]}<\/script>\n<!-- \/ Yoast SEO plugin. -->","yoast_head_json":{"title":"Coaching - Strat\u00e9gie & prospection commercial","robots":{"index":"index","follow":"follow","max-snippet":"max-snippet:-1","max-image-preview":"max-image-preview:large","max-video-preview":"max-video-preview:-1"},"canonical":"https:\/\/empow-her.com\/produit\/coaching-creer-son-contenu-pour-les-reseaux-sociaux-4\/","og_locale":"en_US","og_type":"article","og_title":"Coaching - Strat\u00e9gie & prospection commercial","og_description":"Coaching - Cr\u00e9er son contenu pour les r\u00e9seaux sociaux  1h de coaching pour structurer et optimiser ta strat\u00e9gie de contenus  Cr\u00e9er du contenu ne suffit pas : encore faut-il qu\u2019il soit coh\u00e9rent, efficace et adapt\u00e9 \u00e0 l\u2019audience vis\u00e9e. Cette s\u00e9ance permettra de structurer la communication pour gagner en visibilit\u00e9 et en impact, tout en optimisant le temps consacr\u00e9 \u00e0 la cr\u00e9ation.  Ce que nous pouvons aborder :   Comprendre l\u2019importance d\u2019une strat\u00e9gie de contenus: Pourquoi publier du contenu au hasard ne fonctionne pas ? Poser les bases d\u2019une strat\u00e9gie efficace, align\u00e9e avec les objectifs et la cible.  D\u00e9couvrir les bonnes m\u00e9thodes et outils: Cr\u00e9er du contenu ne doit pas \u00eatre une corv\u00e9e. Exploration de techniques et d\u2019outils pour produire plus facilement, recycler intelligemment et diffuser efficacement sur les diff\u00e9rents canaux.  Identifier les formats qui fonctionnent vraiment: Chaque plateforme a ses codes et ses contenus phares. Analyse des formats les plus pertinents selon l\u2019activit\u00e9 et l\u2019audience.  Structurer un calendrier \u00e9ditorial efficace: Planifier les publications, anticiper les temps forts et gagner en r\u00e9gularit\u00e9 : organisation du contenu pour \u00e9viter la panne d\u2019inspiration et maintenir une pr\u00e9sence dynamique.  \u00c0 l\u2019issue de cette heure de coaching, une vision claire, des outils pratiques et un plan d\u2019action concret permettront d\u2019optimiser la communication et de maximiser son impact !  Pr\u00e9sentation de l'intervenante: No\u00e9mie  No\u00e9mie est autrice, chroniqueuse, podcasteuse et consultante ind\u00e9pendante sp\u00e9cialis\u00e9e sur les sujets de Brand Content et de Community Building. Elle concilie sa passion pour la sociologie, les nouvelles technologies et le marketing \u00e0 travers ses deux m\u00e9dias : The Storyline, qui explore le futur des marques ainsi que Community Centric, qui d\u00e9crypte les secrets des communaut\u00e9s puissantes. Elle est autrice l\u2019ouvrage Le pouvoir des communaut\u00e9s, publi\u00e9 aux \u00e9ditions Eyrolles.  Son super pouvoir: Exploratrice du marketing de demain  Son petit mot: C'est par nos actions aujourd'hui que nous \u00e9crivons le monde de demain - bravo de vous \u00eatre lanc\u00e9e dans cette aventure !","og_url":"https:\/\/empow-her.com\/produit\/coaching-creer-son-contenu-pour-les-reseaux-sociaux-4\/","og_site_name":"Empow&#039;Her","article_modified_time":"2025-07-30T10:35:54+00:00","og_image":[{"width":1080,"height":1080,"url":"https:\/\/empow-her.com\/wp-content\/uploads\/2025\/07\/COACHING-1-1.png","type":"image\/png"}],"twitter_card":"summary_large_image","twitter_misc":{"Est. reading time":"2 minutes"},"schema":{"@context":"https:\/\/schema.org","@graph":[{"@type":"WebPage","@id":"https:\/\/empow-her.com\/produit\/coaching-creer-son-contenu-pour-les-reseaux-sociaux-4\/","url":"https:\/\/empow-her.com\/produit\/coaching-creer-son-contenu-pour-les-reseaux-sociaux-4\/","name":"Coaching - Strat\u00e9gie & prospection commercial","isPartOf":{"@id":"https:\/\/empow-her.com\/#website"},"primaryImageOfPage":{"@id":"https:\/\/empow-her.com\/produit\/coaching-creer-son-contenu-pour-les-reseaux-sociaux-4\/#primaryimage"},"image":{"@id":"https:\/\/empow-her.com\/produit\/coaching-creer-son-contenu-pour-les-reseaux-sociaux-4\/#primaryimage"},"thumbnailUrl":"https:\/\/empow-her.com\/wp-content\/uploads\/2025\/07\/COACHING-1-1.png","datePublished":"2025-07-24T10:22:44+00:00","dateModified":"2025-07-30T10:35:54+00:00","breadcrumb":{"@id":"https:\/\/empow-her.com\/produit\/coaching-creer-son-contenu-pour-les-reseaux-sociaux-4\/#breadcrumb"},"inLanguage":"en-US","potentialAction":[{"@type":"ReadAction","target":["https:\/\/empow-her.com\/produit\/coaching-creer-son-contenu-pour-les-reseaux-sociaux-4\/"]}]},{"@type":"ImageObject","inLanguage":"en-US","@id":"https:\/\/empow-her.com\/produit\/coaching-creer-son-contenu-pour-les-reseaux-sociaux-4\/#primaryimage","url":"https:\/\/empow-her.com\/wp-content\/uploads\/2025\/07\/COACHING-1-1.png","contentUrl":"https:\/\/empow-her.com\/wp-content\/uploads\/2025\/07\/COACHING-1-1.png","width":1080,"height":1080},{"@type":"BreadcrumbList","@id":"https:\/\/empow-her.com\/produit\/coaching-creer-son-contenu-pour-les-reseaux-sociaux-4\/#breadcrumb","itemListElement":[{"@type":"ListItem","position":1,"name":"Accueil","item":"https:\/\/empow-her.com\/en\/landing-page\/"},{"@type":"ListItem","position":2,"name":"LA BOUTIQUE","item":"https:\/\/empow-her.com\/boutique\/"},{"@type":"ListItem","position":3,"name":"Coaching &#8211; Cr\u00e9er son contenu pour les r\u00e9seaux sociaux"}]},{"@type":"WebSite","@id":"https:\/\/empow-her.com\/#website","url":"https:\/\/empow-her.com\/","name":"Empow&#039;Her","description":"Women Development","potentialAction":[{"@type":"SearchAction","target":{"@type":"EntryPoint","urlTemplate":"https:\/\/empow-her.com\/?s={search_term_string}"},"query-input":{"@type":"PropertyValueSpecification","valueRequired":true,"valueName":"search_term_string"}}],"inLanguage":"en-US"}]}},"_links":{"self":[{"href":"https:\/\/empow-her.com\/en\/wp-json\/wp\/v2\/product\/268806","targetHints":{"allow":["GET"]}}],"collection":[{"href":"https:\/\/empow-her.com\/en\/wp-json\/wp\/v2\/product"}],"about":[{"href":"https:\/\/empow-her.com\/en\/wp-json\/wp\/v2\/types\/product"}],"wp:featuredmedia":[{"embeddable":true,"href":"https:\/\/empow-her.com\/en\/wp-json\/wp\/v2\/media\/268801"}],"wp:attachment":[{"href":"https:\/\/empow-her.com\/en\/wp-json\/wp\/v2\/media?parent=268806"}],"wp:term":[{"taxonomy":"product_brand","embeddable":true,"href":"https:\/\/empow-her.com\/en\/wp-json\/wp\/v2\/product_brand?post=268806"},{"taxonomy":"product_cat","embeddable":true,"href":"https:\/\/empow-her.com\/en\/wp-json\/wp\/v2\/product_cat?post=268806"},{"taxonomy":"product_tag","embeddable":true,"href":"https:\/\/empow-her.com\/en\/wp-json\/wp\/v2\/product_tag?post=268806"},{"taxonomy":"lieu","embeddable":true,"href":"https:\/\/empow-her.com\/en\/wp-json\/wp\/v2\/lieu?post=268806"},{"taxonomy":"thematiques","embeddable":true,"href":"https:\/\/empow-her.com\/en\/wp-json\/wp\/v2\/thematiques?post=268806"}],"curies":[{"name":"wp","href":"https:\/\/api.w.org\/{rel}","templated":true}]}}