{"id":268746,"date":"2025-07-22T21:12:23","date_gmt":"2025-07-22T19:12:23","guid":{"rendered":"https:\/\/empow-her.com\/?post_type=product&#038;p=268746"},"modified":"2025-07-22T21:14:02","modified_gmt":"2025-07-22T19:14:02","slug":"sessions-de-suivi-du-parcours-24","status":"publish","type":"product","link":"https:\/\/empow-her.com\/en\/produit\/sessions-de-suivi-du-parcours-24\/","title":{"rendered":"Sessions de suivi du parcours"},"content":{"rendered":"<p data-start=\"0\" data-end=\"59\"><strong data-start=\"0\" data-end=\"57\"> Session de suivi individuel du parcours Women Dare<\/strong><\/p>\n<p data-start=\"61\" data-end=\"159\">Ne restez pas bloqu\u00e9e et r\u00e9servez un cr\u00e9neau sans qu\u2019il ne vous co\u00fbte aucun cr\u00e9dit de coaching !<\/p>\n<p data-start=\"161\" data-end=\"490\"><strong data-start=\"164\" data-end=\"248\">Vous faites partie du programme Women Dare et souhaitez faire un point d\u2019\u00e9tape ?<\/strong> Vous avez des questions, des doutes ou simplement besoin d\u2019\u00e9changer sur votre progression ? Cette permanence mensuelle est l\u2019occasion id\u00e9ale pour rencontrer votre r\u00e9f\u00e9rente Empow\u2019Her, poser vos questions et clarifier vos prochaines \u00e9tapes.<\/p>\n<p data-start=\"492\" data-end=\"528\"><strong data-start=\"495\" data-end=\"526\">Ce que nous pouvons aborder<\/strong><\/p>\n<p data-start=\"530\" data-end=\"658\"><strong data-start=\"533\" data-end=\"572\">Faire le point sur votre avancement<\/strong> : Identifier o\u00f9 vous en \u00eates dans votre parcours et ajuster votre feuille de route.<\/p>\n<p data-start=\"660\" data-end=\"772\"><strong data-start=\"663\" data-end=\"691\">D\u00e9bloquer des situations<\/strong> : Discuter des freins que vous rencontrez et explorer des solutions concr\u00e8tes.<\/p>\n<p data-start=\"774\" data-end=\"883\"><strong data-start=\"777\" data-end=\"817\">B\u00e9n\u00e9ficier de conseils personnalis\u00e9s<\/strong> : Obtenir des recommandations adapt\u00e9es \u00e0 vos besoins du moment.<\/p>\n<p data-start=\"885\" data-end=\"1006\"><strong data-start=\"888\" data-end=\"918\">Renforcer votre motivation<\/strong> : Prendre du recul et retrouver de l\u2019\u00e9lan pour avancer sereinement dans votre projet.<\/p>\n<p data-start=\"1008\" data-end=\"1093\" data-is-last-node=\"\" data-is-only-node=\"\"><em><strong data-start=\"1008\" data-end=\"1090\">Un moment privil\u00e9gi\u00e9 avec une membre de l&#8217;\u00e9quipe d&#8217;Empow&#8217;Her pour faire le point et avancer avec clart\u00e9 et confiance !<\/strong> <\/em><\/p>\n<div><b>Lieu :\u00a0<\/b>En ligne &#8211; Vous recevrez une invitation avec un lien Zoom<\/div>\n","protected":false},"excerpt":{"rendered":"<p data-start=\"0\" data-end=\"59\"><strong data-start=\"0\" data-end=\"57\"> Session de suivi individuel du parcours Women Dare<\/strong><\/p>\n<p data-start=\"61\" data-end=\"159\">Ne restez pas bloqu\u00e9e et r\u00e9servez un cr\u00e9neau sans qu\u2019il ne vous co\u00fbte aucun cr\u00e9dit de coaching !<\/p>\n<p data-start=\"161\" data-end=\"490\"><strong data-start=\"164\" data-end=\"248\">Vous faites partie du programme Women Dare et souhaitez faire un point d\u2019\u00e9tape ?<\/strong> Vous avez des questions, des doutes ou simplement besoin d\u2019\u00e9changer sur votre progression ? Cette permanence mensuelle est l\u2019occasion id\u00e9ale pour rencontrer votre r\u00e9f\u00e9rente Empow\u2019Her, poser vos questions et clarifier vos prochaines \u00e9tapes.<\/p>\n<p data-start=\"492\" data-end=\"528\"><strong data-start=\"495\" data-end=\"526\">Ce que nous pouvons aborder<\/strong><\/p>\n<p data-start=\"530\" data-end=\"658\"><strong data-start=\"533\" data-end=\"572\">Faire le point sur votre avancement<\/strong> : Identifier o\u00f9 vous en \u00eates dans votre parcours et ajuster votre feuille de route.<\/p>\n<p data-start=\"660\" data-end=\"772\"><strong data-start=\"663\" data-end=\"691\">D\u00e9bloquer des situations<\/strong> : Discuter des freins que vous rencontrez et explorer des solutions concr\u00e8tes.<\/p>\n<p data-start=\"774\" data-end=\"883\"><strong data-start=\"777\" data-end=\"817\">B\u00e9n\u00e9ficier de conseils personnalis\u00e9s<\/strong> : Obtenir des recommandations adapt\u00e9es \u00e0 vos besoins du moment.<\/p>\n<p data-start=\"885\" data-end=\"1006\"><strong data-start=\"888\" data-end=\"918\">Renforcer votre motivation<\/strong> : Prendre du recul et retrouver de l\u2019\u00e9lan pour avancer sereinement dans votre projet.<\/p>\n<p data-start=\"1008\" data-end=\"1093\" data-is-last-node=\"\" data-is-only-node=\"\"><em><strong data-start=\"1008\" data-end=\"1090\">Un moment privil\u00e9gi\u00e9 avec une membre de l&#8217;\u00e9quipe d&#8217;Empow&#8217;Her pour faire le point et avancer avec clart\u00e9 et confiance !<\/strong> <\/em><\/p>\n<div><b>Lieu :\u00a0<\/b>En ligne &#8211; Vous recevrez une invitation avec un lien Zoom<\/div>\n","protected":false},"featured_media":268741,"template":"","format":"standard","meta":{"_acf_changed":false,"om_disable_all_campaigns":false,"_uf_show_specific_survey":0,"_uf_disable_surveys":false},"product_brand":[],"product_cat":[205],"product_tag":[143],"lieu":[125],"thematiques":[],"class_list":{"0":"post-268746","1":"product","2":"type-product","3":"status-publish","4":"format-standard","5":"has-post-thumbnail","7":"product_cat-session-de-suivi","8":"product_tag-en-ligne","9":"lieu-en-ligne","11":"first","12":"instock","13":"virtual","14":"purchasable","15":"product-type-appointment"},"exclude_global_add_ons":[],"addons":[],"acf":[],"yoast_head":"<!-- This site is optimized with the Yoast SEO plugin v24.8 - https:\/\/yoast.com\/wordpress\/plugins\/seo\/ -->\n<title>Sessions de suivi du parcours - Empow&#039;Her<\/title>\n<meta name=\"robots\" content=\"index, follow, max-snippet:-1, max-image-preview:large, max-video-preview:-1\" \/>\n<link rel=\"canonical\" href=\"https:\/\/empow-her.com\/produit\/sessions-de-suivi-du-parcours-24\/\" \/>\n<meta property=\"og:locale\" content=\"en_US\" \/>\n<meta property=\"og:type\" content=\"article\" \/>\n<meta property=\"og:title\" content=\"Sessions de suivi du parcours - Empow&#039;Her\" \/>\n<meta property=\"og:description\" content=\"Session de suivi individuel du parcours Women Dare Ne restez pas bloqu\u00e9e et r\u00e9servez un cr\u00e9neau sans qu\u2019il ne vous co\u00fbte aucun cr\u00e9dit de coaching ! Vous faites partie du programme Women Dare et souhaitez faire un point d\u2019\u00e9tape ? Vous avez des questions, des doutes ou simplement besoin d\u2019\u00e9changer sur votre progression ? Cette permanence mensuelle est l\u2019occasion id\u00e9ale pour rencontrer votre r\u00e9f\u00e9rente Empow\u2019Her, poser vos questions et clarifier vos prochaines \u00e9tapes. Ce que nous pouvons aborder Faire le point sur votre avancement : Identifier o\u00f9 vous en \u00eates dans votre parcours et ajuster votre feuille de route. D\u00e9bloquer des situations : Discuter des freins que vous rencontrez et explorer des solutions concr\u00e8tes. B\u00e9n\u00e9ficier de conseils personnalis\u00e9s : Obtenir des recommandations adapt\u00e9es \u00e0 vos besoins du moment. Renforcer votre motivation : Prendre du recul et retrouver de l\u2019\u00e9lan pour avancer sereinement dans votre projet. Un moment privil\u00e9gi\u00e9 avec une membre de l&#039;\u00e9quipe d&#039;Empow&#039;Her pour faire le point et avancer avec clart\u00e9 et confiance !   Lieu :\u00a0En ligne - Vous recevrez une invitation avec un lien Zoom\" \/>\n<meta property=\"og:url\" content=\"https:\/\/empow-her.com\/produit\/sessions-de-suivi-du-parcours-24\/\" \/>\n<meta property=\"og:site_name\" content=\"Empow&#039;Her\" \/>\n<meta property=\"article:modified_time\" content=\"2025-07-22T19:14:02+00:00\" \/>\n<meta property=\"og:image\" content=\"https:\/\/empow-her.com\/wp-content\/uploads\/2025\/07\/suivi.png\" \/>\n\t<meta property=\"og:image:width\" content=\"1080\" \/>\n\t<meta property=\"og:image:height\" content=\"1080\" \/>\n\t<meta property=\"og:image:type\" content=\"image\/png\" \/>\n<meta name=\"twitter:card\" content=\"summary_large_image\" \/>\n<meta name=\"twitter:label1\" content=\"Est. reading time\" \/>\n\t<meta name=\"twitter:data1\" content=\"2 minutes\" \/>\n<script type=\"application\/ld+json\" class=\"yoast-schema-graph\">{\"@context\":\"https:\/\/schema.org\",\"@graph\":[{\"@type\":\"WebPage\",\"@id\":\"https:\/\/empow-her.com\/produit\/sessions-de-suivi-du-parcours-24\/\",\"url\":\"https:\/\/empow-her.com\/produit\/sessions-de-suivi-du-parcours-24\/\",\"name\":\"Sessions de suivi du parcours - Empow&#039;Her\",\"isPartOf\":{\"@id\":\"https:\/\/empow-her.com\/#website\"},\"primaryImageOfPage\":{\"@id\":\"https:\/\/empow-her.com\/produit\/sessions-de-suivi-du-parcours-24\/#primaryimage\"},\"image\":{\"@id\":\"https:\/\/empow-her.com\/produit\/sessions-de-suivi-du-parcours-24\/#primaryimage\"},\"thumbnailUrl\":\"https:\/\/empow-her.com\/wp-content\/uploads\/2025\/07\/suivi.png\",\"datePublished\":\"2025-07-22T19:12:23+00:00\",\"dateModified\":\"2025-07-22T19:14:02+00:00\",\"breadcrumb\":{\"@id\":\"https:\/\/empow-her.com\/produit\/sessions-de-suivi-du-parcours-24\/#breadcrumb\"},\"inLanguage\":\"en-US\",\"potentialAction\":[{\"@type\":\"ReadAction\",\"target\":[\"https:\/\/empow-her.com\/produit\/sessions-de-suivi-du-parcours-24\/\"]}]},{\"@type\":\"ImageObject\",\"inLanguage\":\"en-US\",\"@id\":\"https:\/\/empow-her.com\/produit\/sessions-de-suivi-du-parcours-24\/#primaryimage\",\"url\":\"https:\/\/empow-her.com\/wp-content\/uploads\/2025\/07\/suivi.png\",\"contentUrl\":\"https:\/\/empow-her.com\/wp-content\/uploads\/2025\/07\/suivi.png\",\"width\":1080,\"height\":1080},{\"@type\":\"BreadcrumbList\",\"@id\":\"https:\/\/empow-her.com\/produit\/sessions-de-suivi-du-parcours-24\/#breadcrumb\",\"itemListElement\":[{\"@type\":\"ListItem\",\"position\":1,\"name\":\"Accueil\",\"item\":\"https:\/\/empow-her.com\/en\/landing-page\/\"},{\"@type\":\"ListItem\",\"position\":2,\"name\":\"LA BOUTIQUE\",\"item\":\"https:\/\/empow-her.com\/boutique\/\"},{\"@type\":\"ListItem\",\"position\":3,\"name\":\"Sessions de suivi du parcours\"}]},{\"@type\":\"WebSite\",\"@id\":\"https:\/\/empow-her.com\/#website\",\"url\":\"https:\/\/empow-her.com\/\",\"name\":\"Empow&#039;Her\",\"description\":\"Women Development\",\"potentialAction\":[{\"@type\":\"SearchAction\",\"target\":{\"@type\":\"EntryPoint\",\"urlTemplate\":\"https:\/\/empow-her.com\/?s={search_term_string}\"},\"query-input\":{\"@type\":\"PropertyValueSpecification\",\"valueRequired\":true,\"valueName\":\"search_term_string\"}}],\"inLanguage\":\"en-US\"}]}<\/script>\n<!-- \/ Yoast SEO plugin. -->","yoast_head_json":{"title":"Sessions de suivi du parcours - Empow&#039;Her","robots":{"index":"index","follow":"follow","max-snippet":"max-snippet:-1","max-image-preview":"max-image-preview:large","max-video-preview":"max-video-preview:-1"},"canonical":"https:\/\/empow-her.com\/produit\/sessions-de-suivi-du-parcours-24\/","og_locale":"en_US","og_type":"article","og_title":"Sessions de suivi du parcours - Empow&#039;Her","og_description":"Session de suivi individuel du parcours Women Dare Ne restez pas bloqu\u00e9e et r\u00e9servez un cr\u00e9neau sans qu\u2019il ne vous co\u00fbte aucun cr\u00e9dit de coaching ! Vous faites partie du programme Women Dare et souhaitez faire un point d\u2019\u00e9tape ? Vous avez des questions, des doutes ou simplement besoin d\u2019\u00e9changer sur votre progression ? Cette permanence mensuelle est l\u2019occasion id\u00e9ale pour rencontrer votre r\u00e9f\u00e9rente Empow\u2019Her, poser vos questions et clarifier vos prochaines \u00e9tapes. Ce que nous pouvons aborder Faire le point sur votre avancement : Identifier o\u00f9 vous en \u00eates dans votre parcours et ajuster votre feuille de route. D\u00e9bloquer des situations : Discuter des freins que vous rencontrez et explorer des solutions concr\u00e8tes. B\u00e9n\u00e9ficier de conseils personnalis\u00e9s : Obtenir des recommandations adapt\u00e9es \u00e0 vos besoins du moment. Renforcer votre motivation : Prendre du recul et retrouver de l\u2019\u00e9lan pour avancer sereinement dans votre projet. Un moment privil\u00e9gi\u00e9 avec une membre de l'\u00e9quipe d'Empow'Her pour faire le point et avancer avec clart\u00e9 et confiance !   Lieu :\u00a0En ligne - Vous recevrez une invitation avec un lien Zoom","og_url":"https:\/\/empow-her.com\/produit\/sessions-de-suivi-du-parcours-24\/","og_site_name":"Empow&#039;Her","article_modified_time":"2025-07-22T19:14:02+00:00","og_image":[{"width":1080,"height":1080,"url":"https:\/\/empow-her.com\/wp-content\/uploads\/2025\/07\/suivi.png","type":"image\/png"}],"twitter_card":"summary_large_image","twitter_misc":{"Est. reading time":"2 minutes"},"schema":{"@context":"https:\/\/schema.org","@graph":[{"@type":"WebPage","@id":"https:\/\/empow-her.com\/produit\/sessions-de-suivi-du-parcours-24\/","url":"https:\/\/empow-her.com\/produit\/sessions-de-suivi-du-parcours-24\/","name":"Sessions de suivi du parcours - Empow&#039;Her","isPartOf":{"@id":"https:\/\/empow-her.com\/#website"},"primaryImageOfPage":{"@id":"https:\/\/empow-her.com\/produit\/sessions-de-suivi-du-parcours-24\/#primaryimage"},"image":{"@id":"https:\/\/empow-her.com\/produit\/sessions-de-suivi-du-parcours-24\/#primaryimage"},"thumbnailUrl":"https:\/\/empow-her.com\/wp-content\/uploads\/2025\/07\/suivi.png","datePublished":"2025-07-22T19:12:23+00:00","dateModified":"2025-07-22T19:14:02+00:00","breadcrumb":{"@id":"https:\/\/empow-her.com\/produit\/sessions-de-suivi-du-parcours-24\/#breadcrumb"},"inLanguage":"en-US","potentialAction":[{"@type":"ReadAction","target":["https:\/\/empow-her.com\/produit\/sessions-de-suivi-du-parcours-24\/"]}]},{"@type":"ImageObject","inLanguage":"en-US","@id":"https:\/\/empow-her.com\/produit\/sessions-de-suivi-du-parcours-24\/#primaryimage","url":"https:\/\/empow-her.com\/wp-content\/uploads\/2025\/07\/suivi.png","contentUrl":"https:\/\/empow-her.com\/wp-content\/uploads\/2025\/07\/suivi.png","width":1080,"height":1080},{"@type":"BreadcrumbList","@id":"https:\/\/empow-her.com\/produit\/sessions-de-suivi-du-parcours-24\/#breadcrumb","itemListElement":[{"@type":"ListItem","position":1,"name":"Accueil","item":"https:\/\/empow-her.com\/en\/landing-page\/"},{"@type":"ListItem","position":2,"name":"LA BOUTIQUE","item":"https:\/\/empow-her.com\/boutique\/"},{"@type":"ListItem","position":3,"name":"Sessions de suivi du parcours"}]},{"@type":"WebSite","@id":"https:\/\/empow-her.com\/#website","url":"https:\/\/empow-her.com\/","name":"Empow&#039;Her","description":"Women Development","potentialAction":[{"@type":"SearchAction","target":{"@type":"EntryPoint","urlTemplate":"https:\/\/empow-her.com\/?s={search_term_string}"},"query-input":{"@type":"PropertyValueSpecification","valueRequired":true,"valueName":"search_term_string"}}],"inLanguage":"en-US"}]}},"_links":{"self":[{"href":"https:\/\/empow-her.com\/en\/wp-json\/wp\/v2\/product\/268746","targetHints":{"allow":["GET"]}}],"collection":[{"href":"https:\/\/empow-her.com\/en\/wp-json\/wp\/v2\/product"}],"about":[{"href":"https:\/\/empow-her.com\/en\/wp-json\/wp\/v2\/types\/product"}],"wp:featuredmedia":[{"embeddable":true,"href":"https:\/\/empow-her.com\/en\/wp-json\/wp\/v2\/media\/268741"}],"wp:attachment":[{"href":"https:\/\/empow-her.com\/en\/wp-json\/wp\/v2\/media?parent=268746"}],"wp:term":[{"taxonomy":"product_brand","embeddable":true,"href":"https:\/\/empow-her.com\/en\/wp-json\/wp\/v2\/product_brand?post=268746"},{"taxonomy":"product_cat","embeddable":true,"href":"https:\/\/empow-her.com\/en\/wp-json\/wp\/v2\/product_cat?post=268746"},{"taxonomy":"product_tag","embeddable":true,"href":"https:\/\/empow-her.com\/en\/wp-json\/wp\/v2\/product_tag?post=268746"},{"taxonomy":"lieu","embeddable":true,"href":"https:\/\/empow-her.com\/en\/wp-json\/wp\/v2\/lieu?post=268746"},{"taxonomy":"thematiques","embeddable":true,"href":"https:\/\/empow-her.com\/en\/wp-json\/wp\/v2\/thematiques?post=268746"}],"curies":[{"name":"wp","href":"https:\/\/api.w.org\/{rel}","templated":true}]}}