{"id":268719,"date":"2025-07-22T20:12:33","date_gmt":"2025-07-22T18:12:33","guid":{"rendered":"https:\/\/empow-her.com\/?post_type=product&#038;p=268719"},"modified":"2025-07-22T20:25:21","modified_gmt":"2025-07-22T18:25:21","slug":"atelier-strategie-prospection-commerciale-2","status":"publish","type":"product","link":"https:\/\/empow-her.com\/en\/produit\/atelier-strategie-prospection-commerciale-2\/","title":{"rendered":"Atelier &#8211; Strat\u00e9gie &#038; prospection commerciale"},"content":{"rendered":"<p data-start=\"0\" data-end=\"71\"><span data-sheets-root=\"1\"> 1 atelier pour affiner votre strat\u00e9gie commerciale<\/span><\/p>\n<p>Vous avez esquiss\u00e9 une offre bas\u00e9e sur un produit ou un service, mais des questions demeurent : quels sont les bons canaux pour atteindre vos cibles ? Comment diffuser et vendre vos offres de mani\u00e8re optimale ? Cet atelier \u00a0est con\u00e7u pour vous aider \u00e0 clarifier votre strat\u00e9gie commerciale et \u00e0 trouver des solutions adapt\u00e9es \u00e0 vos besoins.<\/p>\n<p>Ce que nous pouvons aborder :<\/p>\n<p>Analyser votre offre et votre march\u00e9<br \/>\n\u00c9valuer les caract\u00e9ristiques de votre produit ou service et identifier votre audience cible.<\/p>\n<p>D\u00e9terminer les canaux de diffusion<br \/>\nExplorer les plateformes et les strat\u00e9gies les plus efficaces pour toucher vos cibles et maximiser votre port\u00e9e.<\/p>\n<p>D\u00e9velopper des outils de vente<br \/>\nApprendre des techniques et outils pratiques pour pr\u00e9senter et vendre vos offres de mani\u00e8re convaincante.<\/p>\n<p>\u00c9laborer une feuille de route<br \/>\nCr\u00e9er un plan d\u2019action concret avec des \u00e9tapes claires pour d\u00e9velopper votre activit\u00e9 et atteindre vos objectifs.<\/p>\n<p>Pr\u00e9paration pour un \u00e9change constructif<br \/>\nAvant la session, n\u2019h\u00e9sitez pas \u00e0 partager vos questions sp\u00e9cifiques ou tout document utile avec l\u2019\u00e9quipe d\u2019accompagnement Empow&#8217;Her, afin de pr\u00e9parer au mieux votre \u00e9change.<\/p>\n<p>Un atelier pour transformer vos interrogations en opportunit\u00e9s et donner un nouvel \u00e9lan \u00e0 votre strat\u00e9gie commerciale !<\/p>\n<div class=\"p-workspace__primary_view_body\">\n<div class=\"p-message_pane p-message_pane--classic-nav p-message_pane--scrollbar-float-adjustment p-message_pane--with-bookmarks-bar\" data-qa=\"message_pane\">\n<div>\n<div id=\"message-list\" role=\"presentation\">\n<div id=\"message-list\" class=\"c-virtual_list c-virtual_list--scrollbar c-message_list c-scrollbar c-scrollbar--fade\" role=\"presentation\">\n<div class=\"c-scrollbar__hider\" role=\"presentation\" data-qa=\"slack_kit_scrollbar\">\n<div class=\"c-scrollbar__child\" role=\"presentation\">\n<div class=\"c-virtual_list__scroll_container\" tabindex=\"-1\" role=\"list\" data-qa=\"slack_kit_list\" aria-label=\"Sol\u00e8ne (message direct, disponible)\" aria-owns=\"8e786c1b-3788-4fca-883c-8e323286ac7b\">\n<div id=\"message-list_1753196404.641649\" class=\"c-virtual_list__item c-virtual_list__item--contextmenu-visible\" tabindex=\"0\" role=\"listitem\" aria-setsize=\"-1\" data-qa=\"virtual-list-item\" data-item-key=\"1753196404.641649\">\n<div class=\"c-message_kit__background c-message_kit__background--hovered p-message_pane_message__message c-message_kit__message\" role=\"presentation\" data-qa=\"message_container\" data-qa-unprocessed=\"false\" data-qa-placeholder=\"false\">\n<div class=\"c-message_kit__hover c-message_kit__hover--hovered\" role=\"document\" aria-roledescription=\"message\" data-qa-hover=\"true\">\n<div class=\"c-message_kit__actions c-message_kit__actions--above\">\n<div class=\"c-message_kit__gutter\">\n<div class=\"c-message_kit__gutter__right\" role=\"presentation\" data-qa=\"message_content\">\n<div class=\"c-message_kit__blocks c-message_kit__blocks--rich_text\">\n<div class=\"c-message__message_blocks c-message__message_blocks--rich_text\" data-qa=\"message-text\">\n<div class=\"p-block_kit_renderer\" data-qa=\"block-kit-renderer\">\n<div class=\"p-block_kit_renderer__block_wrapper p-block_kit_renderer__block_wrapper--first\">\n<div class=\"p-rich_text_block\" dir=\"auto\"><\/div>\n<\/div>\n<\/div>\n<\/div>\n<\/div>\n<\/div>\n<\/div>\n<\/div>\n<\/div>\n<\/div>\n<\/div>\n<div id=\"message-list_bottomSpacer\" class=\"c-virtual_list__item\" tabindex=\"-1\" role=\"presentation\" aria-setsize=\"-1\" data-qa=\"virtual-list-item\" data-item-key=\"bottomSpacer\">\n<div aria-hidden=\"true\"><\/div>\n<\/div>\n<\/div>\n<\/div>\n<\/div>\n<\/div>\n<\/div>\n<\/div>\n<\/div>\n<\/div>\n<div class=\"p-rich_text_section\"><strong>Intervenant : Alice<\/strong><strong>: <\/strong><\/div>\n<div class=\"p-rich_text_section\">\n<p><strong><span data-sheets-root=\"1\">Son super pouvoir: <\/span><\/strong><em>J&#8217;ai r\u00e9ponse \u00e0 tout (mais je ne garantis pas qu&#8217;on aime la r\u00e9ponse \u00e0 chaque fo<\/em><strong><span data-sheets-root=\"1\">is)<\/span><\/strong><\/p>\n<p>Son petit mot: <em>N&#8217;ayez pas peur d&#8217;oser mais ne vous oubliez jamais.<\/em><\/p>\n<\/div>\n<div>\n<p><strong>Attention !<\/strong> Veuillez vous pr\u00e9senter \u00e0 l\u2019heure pour que l\u2019activit\u00e9 puisse commencer \u00e0 temps. Si vous avez du retard veuillez pr\u00e9venir l\u2019\u00e9quipe d\u2019Empow\u2019Her : <a href=\"mailto:contact.france@empow-her.com\">contact.france@empow-her.com<\/a>\u00a0. Si vous avez plus de 15 min de retard l\u2019intervenant.e se r\u00e9serve le droit de ne plus vous accepter pour le coaching ou l\u2019atelier.<\/p>\n<\/div>\n","protected":false},"excerpt":{"rendered":"<p data-start=\"0\" data-end=\"71\"><span data-sheets-root=\"1\"> 1 atelier pour affiner votre strat\u00e9gie commerciale<\/span><\/p>\n<p>Vous avez esquiss\u00e9 une offre bas\u00e9e sur un produit ou un service, mais des questions demeurent : quels sont les bons canaux pour atteindre vos cibles ? Comment diffuser et vendre vos offres de mani\u00e8re optimale ? Cet atelier \u00a0est con\u00e7u pour vous aider \u00e0 clarifier votre strat\u00e9gie commerciale et \u00e0 trouver des solutions adapt\u00e9es \u00e0 vos besoins.<\/p>\n<p>Ce que nous pouvons aborder :<\/p>\n<p>Analyser votre offre et votre march\u00e9<br \/>\n\u00c9valuer les caract\u00e9ristiques de votre produit ou service et identifier votre audience cible.<\/p>\n<p>D\u00e9terminer les canaux de diffusion<br \/>\nExplorer les plateformes et les strat\u00e9gies les plus efficaces pour toucher vos cibles et maximiser votre port\u00e9e.<\/p>\n<p>D\u00e9velopper des outils de vente<br \/>\nApprendre des techniques et outils pratiques pour pr\u00e9senter et vendre vos offres de mani\u00e8re convaincante.<\/p>\n<p>\u00c9laborer une feuille de route<br \/>\nCr\u00e9er un plan d\u2019action concret avec des \u00e9tapes claires pour d\u00e9velopper votre activit\u00e9 et atteindre vos objectifs.<\/p>\n<p>Pr\u00e9paration pour un \u00e9change constructif<br \/>\nAvant la session, n\u2019h\u00e9sitez pas \u00e0 partager vos questions sp\u00e9cifiques ou tout document utile avec l\u2019\u00e9quipe d\u2019accompagnement Empow&#8217;Her, afin de pr\u00e9parer au mieux votre \u00e9change.<\/p>\n<p>Un atelier pour transformer vos interrogations en opportunit\u00e9s et donner un nouvel \u00e9lan \u00e0 votre strat\u00e9gie commerciale !<\/p>\n<div class=\"p-workspace__primary_view_body\">\n<div class=\"p-message_pane p-message_pane--classic-nav p-message_pane--scrollbar-float-adjustment p-message_pane--with-bookmarks-bar\" data-qa=\"message_pane\">\n<div>\n<div id=\"message-list\" role=\"presentation\">\n<div id=\"message-list\" class=\"c-virtual_list c-virtual_list--scrollbar c-message_list c-scrollbar c-scrollbar--fade\" role=\"presentation\">\n<div class=\"c-scrollbar__hider\" role=\"presentation\" data-qa=\"slack_kit_scrollbar\">\n<div class=\"c-scrollbar__child\" role=\"presentation\">\n<div class=\"c-virtual_list__scroll_container\" tabindex=\"-1\" role=\"list\" data-qa=\"slack_kit_list\" aria-label=\"Sol\u00e8ne (message direct, disponible)\" aria-owns=\"8e786c1b-3788-4fca-883c-8e323286ac7b\">\n<div id=\"message-list_1753196404.641649\" class=\"c-virtual_list__item c-virtual_list__item--contextmenu-visible\" tabindex=\"0\" role=\"listitem\" aria-setsize=\"-1\" data-qa=\"virtual-list-item\" data-item-key=\"1753196404.641649\">\n<div class=\"c-message_kit__background c-message_kit__background--hovered p-message_pane_message__message c-message_kit__message\" role=\"presentation\" data-qa=\"message_container\" data-qa-unprocessed=\"false\" data-qa-placeholder=\"false\">\n<div class=\"c-message_kit__hover c-message_kit__hover--hovered\" role=\"document\" aria-roledescription=\"message\" data-qa-hover=\"true\">\n<div class=\"c-message_kit__actions c-message_kit__actions--above\">\n<div class=\"c-message_kit__gutter\">\n<div class=\"c-message_kit__gutter__right\" role=\"presentation\" data-qa=\"message_content\">\n<div class=\"c-message_kit__blocks c-message_kit__blocks--rich_text\">\n<div class=\"c-message__message_blocks c-message__message_blocks--rich_text\" data-qa=\"message-text\">\n<div class=\"p-block_kit_renderer\" data-qa=\"block-kit-renderer\">\n<div class=\"p-block_kit_renderer__block_wrapper p-block_kit_renderer__block_wrapper--first\">\n<div class=\"p-rich_text_block\" dir=\"auto\"><\/div>\n<\/div>\n<\/div>\n<\/div>\n<\/div>\n<\/div>\n<\/div>\n<\/div>\n<\/div>\n<\/div>\n<\/div>\n<div id=\"message-list_bottomSpacer\" class=\"c-virtual_list__item\" tabindex=\"-1\" role=\"presentation\" aria-setsize=\"-1\" data-qa=\"virtual-list-item\" data-item-key=\"bottomSpacer\">\n<div aria-hidden=\"true\"><\/div>\n<\/div>\n<\/div>\n<\/div>\n<\/div>\n<\/div>\n<\/div>\n<\/div>\n<\/div>\n<\/div>\n<div class=\"p-rich_text_section\"><strong>Intervenant : Alice<\/strong><strong>: <\/strong><\/div>\n<div class=\"p-rich_text_section\">\n<p><strong><span data-sheets-root=\"1\">Son super pouvoir: <\/span><\/strong><em>J&#8217;ai r\u00e9ponse \u00e0 tout (mais je ne garantis pas qu&#8217;on aime la r\u00e9ponse \u00e0 chaque fo<\/em><strong><span data-sheets-root=\"1\">is)<\/span><\/strong><\/p>\n<p>Son petit mot: <em>N&#8217;ayez pas peur d&#8217;oser mais ne vous oubliez jamais.<\/em><\/p>\n<\/div>\n<div>\n<p><strong>Attention !<\/strong> Veuillez vous pr\u00e9senter \u00e0 l\u2019heure pour que l\u2019activit\u00e9 puisse commencer \u00e0 temps. Si vous avez du retard veuillez pr\u00e9venir l\u2019\u00e9quipe d\u2019Empow\u2019Her : <a href=\"mailto:contact.france@empow-her.com\">contact.france@empow-her.com<\/a>\u00a0. Si vous avez plus de 15 min de retard l\u2019intervenant.e se r\u00e9serve le droit de ne plus vous accepter pour le coaching ou l\u2019atelier.<\/p>\n<\/div>\n","protected":false},"featured_media":268725,"template":"","format":"standard","meta":{"_acf_changed":false,"om_disable_all_campaigns":false,"_uf_show_specific_survey":0,"_uf_disable_surveys":false},"product_brand":[],"product_cat":[118],"product_tag":[132],"lieu":[],"thematiques":[],"class_list":{"0":"post-268719","1":"product","2":"type-product","3":"status-publish","4":"format-standard","5":"has-post-thumbnail","7":"product_cat-atelier-collectif","8":"product_tag-sisther","10":"first","11":"instock","12":"virtual","13":"purchasable","14":"product-type-appointment"},"exclude_global_add_ons":[],"addons":[],"acf":[],"yoast_head":"<!-- This site is optimized with the Yoast SEO plugin v24.8 - https:\/\/yoast.com\/wordpress\/plugins\/seo\/ -->\n<title>Atelier - Strat\u00e9gie &amp; prospection commerciale - Empow&#039;Her<\/title>\n<meta name=\"robots\" content=\"index, follow, max-snippet:-1, max-image-preview:large, max-video-preview:-1\" \/>\n<link rel=\"canonical\" href=\"https:\/\/empow-her.com\/produit\/atelier-strategie-prospection-commerciale-2\/\" \/>\n<meta property=\"og:locale\" content=\"en_US\" \/>\n<meta property=\"og:type\" content=\"article\" \/>\n<meta property=\"og:title\" content=\"Atelier - Strat\u00e9gie &amp; prospection commerciale - Empow&#039;Her\" \/>\n<meta property=\"og:description\" content=\"1 atelier pour affiner votre strat\u00e9gie commerciale Vous avez esquiss\u00e9 une offre bas\u00e9e sur un produit ou un service, mais des questions demeurent : quels sont les bons canaux pour atteindre vos cibles ? Comment diffuser et vendre vos offres de mani\u00e8re optimale ? Cet atelier \u00a0est con\u00e7u pour vous aider \u00e0 clarifier votre strat\u00e9gie commerciale et \u00e0 trouver des solutions adapt\u00e9es \u00e0 vos besoins.  Ce que nous pouvons aborder :  Analyser votre offre et votre march\u00e9 \u00c9valuer les caract\u00e9ristiques de votre produit ou service et identifier votre audience cible.  D\u00e9terminer les canaux de diffusion Explorer les plateformes et les strat\u00e9gies les plus efficaces pour toucher vos cibles et maximiser votre port\u00e9e.  D\u00e9velopper des outils de vente Apprendre des techniques et outils pratiques pour pr\u00e9senter et vendre vos offres de mani\u00e8re convaincante.  \u00c9laborer une feuille de route Cr\u00e9er un plan d\u2019action concret avec des \u00e9tapes claires pour d\u00e9velopper votre activit\u00e9 et atteindre vos objectifs.  Pr\u00e9paration pour un \u00e9change constructif Avant la session, n\u2019h\u00e9sitez pas \u00e0 partager vos questions sp\u00e9cifiques ou tout document utile avec l\u2019\u00e9quipe d\u2019accompagnement Empow&#039;Her, afin de pr\u00e9parer au mieux votre \u00e9change.  Un atelier pour transformer vos interrogations en opportunit\u00e9s et donner un nouvel \u00e9lan \u00e0 votre strat\u00e9gie commerciale !                                         Intervenant : Alice:    Son super pouvoir: J&#039;ai r\u00e9ponse \u00e0 tout (mais je ne garantis pas qu&#039;on aime la r\u00e9ponse \u00e0 chaque fois)  Son petit mot: N&#039;ayez pas peur d&#039;oser mais ne vous oubliez jamais.     Attention ! Veuillez vous pr\u00e9senter \u00e0 l\u2019heure pour que l\u2019activit\u00e9 puisse commencer \u00e0 temps. Si vous avez du retard veuillez pr\u00e9venir l\u2019\u00e9quipe d\u2019Empow\u2019Her : contact.france@empow-her.com\u00a0. Si vous avez plus de 15 min de retard l\u2019intervenant.e se r\u00e9serve le droit de ne plus vous accepter pour le coaching ou l\u2019atelier.\" \/>\n<meta property=\"og:url\" content=\"https:\/\/empow-her.com\/produit\/atelier-strategie-prospection-commerciale-2\/\" \/>\n<meta property=\"og:site_name\" content=\"Empow&#039;Her\" \/>\n<meta property=\"article:modified_time\" content=\"2025-07-22T18:25:21+00:00\" \/>\n<meta property=\"og:image\" content=\"https:\/\/empow-her.com\/wp-content\/uploads\/2025\/07\/ATELIER-4.png\" \/>\n\t<meta property=\"og:image:width\" content=\"1080\" \/>\n\t<meta property=\"og:image:height\" content=\"1080\" \/>\n\t<meta property=\"og:image:type\" content=\"image\/png\" \/>\n<meta name=\"twitter:card\" content=\"summary_large_image\" \/>\n<meta name=\"twitter:label1\" content=\"Est. reading time\" \/>\n\t<meta name=\"twitter:data1\" content=\"2 minutes\" \/>\n<script type=\"application\/ld+json\" class=\"yoast-schema-graph\">{\"@context\":\"https:\/\/schema.org\",\"@graph\":[{\"@type\":\"WebPage\",\"@id\":\"https:\/\/empow-her.com\/produit\/atelier-strategie-prospection-commerciale-2\/\",\"url\":\"https:\/\/empow-her.com\/produit\/atelier-strategie-prospection-commerciale-2\/\",\"name\":\"Atelier - Strat\u00e9gie & prospection commerciale - Empow&#039;Her\",\"isPartOf\":{\"@id\":\"https:\/\/empow-her.com\/#website\"},\"primaryImageOfPage\":{\"@id\":\"https:\/\/empow-her.com\/produit\/atelier-strategie-prospection-commerciale-2\/#primaryimage\"},\"image\":{\"@id\":\"https:\/\/empow-her.com\/produit\/atelier-strategie-prospection-commerciale-2\/#primaryimage\"},\"thumbnailUrl\":\"https:\/\/empow-her.com\/wp-content\/uploads\/2025\/07\/ATELIER-4.png\",\"datePublished\":\"2025-07-22T18:12:33+00:00\",\"dateModified\":\"2025-07-22T18:25:21+00:00\",\"breadcrumb\":{\"@id\":\"https:\/\/empow-her.com\/produit\/atelier-strategie-prospection-commerciale-2\/#breadcrumb\"},\"inLanguage\":\"en-US\",\"potentialAction\":[{\"@type\":\"ReadAction\",\"target\":[\"https:\/\/empow-her.com\/produit\/atelier-strategie-prospection-commerciale-2\/\"]}]},{\"@type\":\"ImageObject\",\"inLanguage\":\"en-US\",\"@id\":\"https:\/\/empow-her.com\/produit\/atelier-strategie-prospection-commerciale-2\/#primaryimage\",\"url\":\"https:\/\/empow-her.com\/wp-content\/uploads\/2025\/07\/ATELIER-4.png\",\"contentUrl\":\"https:\/\/empow-her.com\/wp-content\/uploads\/2025\/07\/ATELIER-4.png\",\"width\":1080,\"height\":1080},{\"@type\":\"BreadcrumbList\",\"@id\":\"https:\/\/empow-her.com\/produit\/atelier-strategie-prospection-commerciale-2\/#breadcrumb\",\"itemListElement\":[{\"@type\":\"ListItem\",\"position\":1,\"name\":\"Accueil\",\"item\":\"https:\/\/empow-her.com\/en\/landing-page\/\"},{\"@type\":\"ListItem\",\"position\":2,\"name\":\"LA BOUTIQUE\",\"item\":\"https:\/\/empow-her.com\/boutique\/\"},{\"@type\":\"ListItem\",\"position\":3,\"name\":\"Atelier &#8211; Strat\u00e9gie &#038; prospection commerciale\"}]},{\"@type\":\"WebSite\",\"@id\":\"https:\/\/empow-her.com\/#website\",\"url\":\"https:\/\/empow-her.com\/\",\"name\":\"Empow&#039;Her\",\"description\":\"Women Development\",\"potentialAction\":[{\"@type\":\"SearchAction\",\"target\":{\"@type\":\"EntryPoint\",\"urlTemplate\":\"https:\/\/empow-her.com\/?s={search_term_string}\"},\"query-input\":{\"@type\":\"PropertyValueSpecification\",\"valueRequired\":true,\"valueName\":\"search_term_string\"}}],\"inLanguage\":\"en-US\"}]}<\/script>\n<!-- \/ Yoast SEO plugin. -->","yoast_head_json":{"title":"Atelier - Strat\u00e9gie & prospection commerciale - Empow&#039;Her","robots":{"index":"index","follow":"follow","max-snippet":"max-snippet:-1","max-image-preview":"max-image-preview:large","max-video-preview":"max-video-preview:-1"},"canonical":"https:\/\/empow-her.com\/produit\/atelier-strategie-prospection-commerciale-2\/","og_locale":"en_US","og_type":"article","og_title":"Atelier - Strat\u00e9gie & prospection commerciale - Empow&#039;Her","og_description":"1 atelier pour affiner votre strat\u00e9gie commerciale Vous avez esquiss\u00e9 une offre bas\u00e9e sur un produit ou un service, mais des questions demeurent : quels sont les bons canaux pour atteindre vos cibles ? Comment diffuser et vendre vos offres de mani\u00e8re optimale ? Cet atelier \u00a0est con\u00e7u pour vous aider \u00e0 clarifier votre strat\u00e9gie commerciale et \u00e0 trouver des solutions adapt\u00e9es \u00e0 vos besoins.  Ce que nous pouvons aborder :  Analyser votre offre et votre march\u00e9 \u00c9valuer les caract\u00e9ristiques de votre produit ou service et identifier votre audience cible.  D\u00e9terminer les canaux de diffusion Explorer les plateformes et les strat\u00e9gies les plus efficaces pour toucher vos cibles et maximiser votre port\u00e9e.  D\u00e9velopper des outils de vente Apprendre des techniques et outils pratiques pour pr\u00e9senter et vendre vos offres de mani\u00e8re convaincante.  \u00c9laborer une feuille de route Cr\u00e9er un plan d\u2019action concret avec des \u00e9tapes claires pour d\u00e9velopper votre activit\u00e9 et atteindre vos objectifs.  Pr\u00e9paration pour un \u00e9change constructif Avant la session, n\u2019h\u00e9sitez pas \u00e0 partager vos questions sp\u00e9cifiques ou tout document utile avec l\u2019\u00e9quipe d\u2019accompagnement Empow'Her, afin de pr\u00e9parer au mieux votre \u00e9change.  Un atelier pour transformer vos interrogations en opportunit\u00e9s et donner un nouvel \u00e9lan \u00e0 votre strat\u00e9gie commerciale !                                         Intervenant : Alice:    Son super pouvoir: J'ai r\u00e9ponse \u00e0 tout (mais je ne garantis pas qu'on aime la r\u00e9ponse \u00e0 chaque fois)  Son petit mot: N'ayez pas peur d'oser mais ne vous oubliez jamais.     Attention ! Veuillez vous pr\u00e9senter \u00e0 l\u2019heure pour que l\u2019activit\u00e9 puisse commencer \u00e0 temps. Si vous avez du retard veuillez pr\u00e9venir l\u2019\u00e9quipe d\u2019Empow\u2019Her : contact.france@empow-her.com\u00a0. Si vous avez plus de 15 min de retard l\u2019intervenant.e se r\u00e9serve le droit de ne plus vous accepter pour le coaching ou l\u2019atelier.","og_url":"https:\/\/empow-her.com\/produit\/atelier-strategie-prospection-commerciale-2\/","og_site_name":"Empow&#039;Her","article_modified_time":"2025-07-22T18:25:21+00:00","og_image":[{"width":1080,"height":1080,"url":"https:\/\/empow-her.com\/wp-content\/uploads\/2025\/07\/ATELIER-4.png","type":"image\/png"}],"twitter_card":"summary_large_image","twitter_misc":{"Est. reading time":"2 minutes"},"schema":{"@context":"https:\/\/schema.org","@graph":[{"@type":"WebPage","@id":"https:\/\/empow-her.com\/produit\/atelier-strategie-prospection-commerciale-2\/","url":"https:\/\/empow-her.com\/produit\/atelier-strategie-prospection-commerciale-2\/","name":"Atelier - Strat\u00e9gie & prospection commerciale - Empow&#039;Her","isPartOf":{"@id":"https:\/\/empow-her.com\/#website"},"primaryImageOfPage":{"@id":"https:\/\/empow-her.com\/produit\/atelier-strategie-prospection-commerciale-2\/#primaryimage"},"image":{"@id":"https:\/\/empow-her.com\/produit\/atelier-strategie-prospection-commerciale-2\/#primaryimage"},"thumbnailUrl":"https:\/\/empow-her.com\/wp-content\/uploads\/2025\/07\/ATELIER-4.png","datePublished":"2025-07-22T18:12:33+00:00","dateModified":"2025-07-22T18:25:21+00:00","breadcrumb":{"@id":"https:\/\/empow-her.com\/produit\/atelier-strategie-prospection-commerciale-2\/#breadcrumb"},"inLanguage":"en-US","potentialAction":[{"@type":"ReadAction","target":["https:\/\/empow-her.com\/produit\/atelier-strategie-prospection-commerciale-2\/"]}]},{"@type":"ImageObject","inLanguage":"en-US","@id":"https:\/\/empow-her.com\/produit\/atelier-strategie-prospection-commerciale-2\/#primaryimage","url":"https:\/\/empow-her.com\/wp-content\/uploads\/2025\/07\/ATELIER-4.png","contentUrl":"https:\/\/empow-her.com\/wp-content\/uploads\/2025\/07\/ATELIER-4.png","width":1080,"height":1080},{"@type":"BreadcrumbList","@id":"https:\/\/empow-her.com\/produit\/atelier-strategie-prospection-commerciale-2\/#breadcrumb","itemListElement":[{"@type":"ListItem","position":1,"name":"Accueil","item":"https:\/\/empow-her.com\/en\/landing-page\/"},{"@type":"ListItem","position":2,"name":"LA BOUTIQUE","item":"https:\/\/empow-her.com\/boutique\/"},{"@type":"ListItem","position":3,"name":"Atelier &#8211; Strat\u00e9gie &#038; prospection commerciale"}]},{"@type":"WebSite","@id":"https:\/\/empow-her.com\/#website","url":"https:\/\/empow-her.com\/","name":"Empow&#039;Her","description":"Women Development","potentialAction":[{"@type":"SearchAction","target":{"@type":"EntryPoint","urlTemplate":"https:\/\/empow-her.com\/?s={search_term_string}"},"query-input":{"@type":"PropertyValueSpecification","valueRequired":true,"valueName":"search_term_string"}}],"inLanguage":"en-US"}]}},"_links":{"self":[{"href":"https:\/\/empow-her.com\/en\/wp-json\/wp\/v2\/product\/268719","targetHints":{"allow":["GET"]}}],"collection":[{"href":"https:\/\/empow-her.com\/en\/wp-json\/wp\/v2\/product"}],"about":[{"href":"https:\/\/empow-her.com\/en\/wp-json\/wp\/v2\/types\/product"}],"wp:featuredmedia":[{"embeddable":true,"href":"https:\/\/empow-her.com\/en\/wp-json\/wp\/v2\/media\/268725"}],"wp:attachment":[{"href":"https:\/\/empow-her.com\/en\/wp-json\/wp\/v2\/media?parent=268719"}],"wp:term":[{"taxonomy":"product_brand","embeddable":true,"href":"https:\/\/empow-her.com\/en\/wp-json\/wp\/v2\/product_brand?post=268719"},{"taxonomy":"product_cat","embeddable":true,"href":"https:\/\/empow-her.com\/en\/wp-json\/wp\/v2\/product_cat?post=268719"},{"taxonomy":"product_tag","embeddable":true,"href":"https:\/\/empow-her.com\/en\/wp-json\/wp\/v2\/product_tag?post=268719"},{"taxonomy":"lieu","embeddable":true,"href":"https:\/\/empow-her.com\/en\/wp-json\/wp\/v2\/lieu?post=268719"},{"taxonomy":"thematiques","embeddable":true,"href":"https:\/\/empow-her.com\/en\/wp-json\/wp\/v2\/thematiques?post=268719"}],"curies":[{"name":"wp","href":"https:\/\/api.w.org\/{rel}","templated":true}]}}