{"id":268646,"date":"2025-07-22T15:24:50","date_gmt":"2025-07-22T13:24:50","guid":{"rendered":"https:\/\/empow-her.com\/?post_type=product&#038;p=268646"},"modified":"2025-07-22T17:20:18","modified_gmt":"2025-07-22T15:20:18","slug":"atelier-booster-son-estime-pour-agir-en-entrepreneure-feministe-2","status":"publish","type":"product","link":"https:\/\/empow-her.com\/en\/produit\/atelier-booster-son-estime-pour-agir-en-entrepreneure-feministe-2\/","title":{"rendered":"Atelier &#8211; Booster son estime pour agir en entrepreneure f\u00e9ministe"},"content":{"rendered":"<p data-start=\"0\" data-end=\"71\"><span data-sheets-root=\"1\"><strong> Atelier pour booster votre estime de soi en tant qu&#8217;entrepreneure f\u00e9ministe <\/strong><\/span><\/p>\n<p><em>Vous ressentez des peurs ou des blocages sur votre capacit\u00e9 \u00e0 mener \u00e0 bien votre projet ? Vous questionnez parfois votre valeur ou votre l\u00e9gitimit\u00e9 ? Vous vous demandez d\u2019o\u00f9 viennent ces pens\u00e9es qui vous limitent dans votre passage \u00e0 l\u2019action ? Cet atelier vous aidera \u00e0 renforcer votre estime de soi pour agir en tant qu\u2019entrepreneure f\u00e9ministe.<\/em><\/p>\n<p><strong> Ce que nous allons explorer<\/strong><\/p>\n<ul>\n<li>Clarifier les m\u00e9canismes de l&#8217;estime de soi : Comprendre comment elle interagit avec vos d\u00e9cisions et vos actions.<\/li>\n<li>Prendre conscience des liens entre freins syst\u00e9miques et comportements individuels : D\u00e9construire les barri\u00e8res mentales \u00e0 l&#8217;entrepreneuriat.<\/li>\n<li>D\u00e9finir votre strat\u00e9gie : Construire votre propre r\u00e9f\u00e9rentiel pour agir en tant qu&#8217;entrepreneure f\u00e9ministe.<\/li>\n<li>Nourrir votre estime de soi pour incarner votre projet : D\u00e9finir des actions concr\u00e8tes pour renforcer votre estime de soi, gagner en confiance et reconnecter avec votre pouvoir d\u2019agir.<\/li>\n<\/ul>\n<p><strong>D\u00e9roul\u00e9 de l\u2019atelier<\/strong><\/p>\n<ul>\n<li>Apports inspir\u00e9s de la psychologie comportementale et du coaching pour mieux comprendre vos m\u00e9canismes internes<\/li>\n<li>Exercices ludiques et mises en situation pour exp\u00e9rimenter et ancrer vos apprentissages<\/li>\n<li>Temps d\u2019introspection personnelle pour approfondir vos r\u00e9flexions et prendre du recul<\/li>\n<li>\u00c9changes en groupe pour partager vos exp\u00e9riences, \u00e9largir vos perspectives et b\u00e9n\u00e9ficier de la dynamique collective<\/li>\n<li>Un moment pour vous recentrer, gagner en confiance et avancer avec clart\u00e9 dans votre aventure entrepreneuriale !<\/li>\n<\/ul>\n<p><em><strong>Pr\u00e9sentation de l&#8217;intervenante: Ana\u00efs Ndeumo<\/strong><\/em><\/p>\n<p>Apr\u00e8s une premi\u00e8re partie de carri\u00e8re en conseil puis en grande entreprise, Ana\u00efs s&#8217;est form\u00e9e au coaching et \u00e0 la psychologie comportementale pour accompagner les femmes et les personnes minoris\u00e9es \u00e0 s&#8217;empouvoirer, lib\u00e9rer leur plein potentiel et construire la vie professionnelle qui leur ressemble, malgr\u00e9 les freins personnels ou syst\u00e9miques. F\u00e9ministe et engag\u00e9e pour l&#8217;\u00e9galit\u00e9 professionnelle, Ana\u00efs accompagne d\u00e9sormais des entrepreneur\u00b7e\u00b7s \u00e0 s&#8217;affirmer dans leur posture, oser prendre leur place, d\u00e9velopper leur leadership et leur impact. \u00a0Ses zones de g\u00e9nie se situent \u00e0 la crois\u00e9e de th\u00e9matiques de d\u00e9veloppement personnel (connaissance de soi, leadership, confiance en soi, l\u00e9gitimit\u00e9), sociales (f\u00e9minisme, anti-racisme, intersectionnalit\u00e9, inclusion) et business (entrepreneuriat social, cr\u00e9ation d&#8217;activit\u00e9, strat\u00e9gie).<\/p>\n<p><strong>Son super pouvoir:<\/strong> J&#8217;adore jongler entre les dualit\u00e9s : le r\u00eave \/ la r\u00e9alit\u00e9, le conscient \/ l&#8217;inconscient, l&#8217;art \/ la science &#8230; et je le mets au service des mes coachings et mes ateliers avec vous.<\/p>\n<p><strong>Son petit mot<\/strong>: L&#8217;entrepreneuriat, c&#8217;est plus qu&#8217;un nouveau chapitre professionnel: c&#8217;est une aventure humaine incroyable, riche et intense. Profitez du programme Women Dare pour connecter avec d&#8217;autres entrepreneures qui comprennent le chemin que vous \u00eates en train de vivre, partagez, \u00e9changez.<\/p>\n<div>\n<p><strong>Attention !<\/strong> Veuillez vous pr\u00e9senter \u00e0 l\u2019heure pour que l\u2019activit\u00e9 puisse commencer \u00e0 temps. Si vous avez du retard veuillez pr\u00e9venir l\u2019\u00e9quipe d\u2019Empow\u2019Her : <a href=\"mailto:contact.france@empow-her.com\">contact.france@empow-her.com<\/a>\u00a0. Si vous avez plus de 15 min de retard l\u2019intervenant.e se r\u00e9serve le droit de ne plus vous accepter pour le coaching ou l\u2019atelier.<\/p>\n<\/div>\n","protected":false},"excerpt":{"rendered":"<p data-start=\"0\" data-end=\"71\"><span data-sheets-root=\"1\"><strong> Atelier pour booster votre estime de soi en tant qu&#8217;entrepreneure f\u00e9ministe <\/strong><\/span><\/p>\n<p><em>Vous ressentez des peurs ou des blocages sur votre capacit\u00e9 \u00e0 mener \u00e0 bien votre projet ? Vous questionnez parfois votre valeur ou votre l\u00e9gitimit\u00e9 ? Vous vous demandez d\u2019o\u00f9 viennent ces pens\u00e9es qui vous limitent dans votre passage \u00e0 l\u2019action ? Cet atelier vous aidera \u00e0 renforcer votre estime de soi pour agir en tant qu\u2019entrepreneure f\u00e9ministe.<\/em><\/p>\n<p><strong> Ce que nous allons explorer<\/strong><\/p>\n<ul>\n<li>Clarifier les m\u00e9canismes de l&#8217;estime de soi : Comprendre comment elle interagit avec vos d\u00e9cisions et vos actions.<\/li>\n<li>Prendre conscience des liens entre freins syst\u00e9miques et comportements individuels : D\u00e9construire les barri\u00e8res mentales \u00e0 l&#8217;entrepreneuriat.<\/li>\n<li>D\u00e9finir votre strat\u00e9gie : Construire votre propre r\u00e9f\u00e9rentiel pour agir en tant qu&#8217;entrepreneure f\u00e9ministe.<\/li>\n<li>Nourrir votre estime de soi pour incarner votre projet : D\u00e9finir des actions concr\u00e8tes pour renforcer votre estime de soi, gagner en confiance et reconnecter avec votre pouvoir d\u2019agir.<\/li>\n<\/ul>\n<p><strong>D\u00e9roul\u00e9 de l\u2019atelier<\/strong><\/p>\n<ul>\n<li>Apports inspir\u00e9s de la psychologie comportementale et du coaching pour mieux comprendre vos m\u00e9canismes internes<\/li>\n<li>Exercices ludiques et mises en situation pour exp\u00e9rimenter et ancrer vos apprentissages<\/li>\n<li>Temps d\u2019introspection personnelle pour approfondir vos r\u00e9flexions et prendre du recul<\/li>\n<li>\u00c9changes en groupe pour partager vos exp\u00e9riences, \u00e9largir vos perspectives et b\u00e9n\u00e9ficier de la dynamique collective<\/li>\n<li>Un moment pour vous recentrer, gagner en confiance et avancer avec clart\u00e9 dans votre aventure entrepreneuriale !<\/li>\n<\/ul>\n<p>&nbsp;<\/p>\n<p><em><strong>Pr\u00e9sentation de l&#8217;intervenante: Ana\u00efs Ndeumo<\/strong><\/em><\/p>\n<p>Apr\u00e8s une premi\u00e8re partie de carri\u00e8re en conseil puis en grande entreprise, Ana\u00efs s&#8217;est form\u00e9e au coaching et \u00e0 la psychologie comportementale pour accompagner les femmes et les personnes minoris\u00e9es \u00e0 s&#8217;empouvoirer, lib\u00e9rer leur plein potentiel et construire la vie professionnelle qui leur ressemble, malgr\u00e9 les freins personnels ou syst\u00e9miques. F\u00e9ministe et engag\u00e9e pour l&#8217;\u00e9galit\u00e9 professionnelle, Ana\u00efs accompagne d\u00e9sormais des entrepreneur\u00b7e\u00b7s \u00e0 s&#8217;affirmer dans leur posture, oser prendre leur place, d\u00e9velopper leur leadership et leur impact. \u00a0Ses zones de g\u00e9nie se situent \u00e0 la crois\u00e9e de th\u00e9matiques de d\u00e9veloppement personnel (connaissance de soi, leadership, confiance en soi, l\u00e9gitimit\u00e9), sociales (f\u00e9minisme, anti-racisme, intersectionnalit\u00e9, inclusion) et business (entrepreneuriat social, cr\u00e9ation d&#8217;activit\u00e9, strat\u00e9gie).<\/p>\n<p><strong>Son super pouvoir:<\/strong> J&#8217;adore jongler entre les dualit\u00e9s : le r\u00eave \/ la r\u00e9alit\u00e9, le conscient \/ l&#8217;inconscient, l&#8217;art \/ la science &#8230; et je le mets au service des mes coachings et mes ateliers avec vous.<\/p>\n<p><strong>Son petit mot<\/strong>: L&#8217;entrepreneuriat, c&#8217;est plus qu&#8217;un nouveau chapitre professionnel: c&#8217;est une aventure humaine incroyable, riche et intense. Profitez du programme Women Dare pour connecter avec d&#8217;autres entrepreneures qui comprennent le chemin que vous \u00eates en train de vivre, partagez, \u00e9changez.<\/p>\n<div>\n<p><strong>Attention !<\/strong> Veuillez vous pr\u00e9senter \u00e0 l\u2019heure pour que l\u2019activit\u00e9 puisse commencer \u00e0 temps. Si vous avez du retard veuillez pr\u00e9venir l\u2019\u00e9quipe d\u2019Empow\u2019Her : <a href=\"mailto:contact.france@empow-her.com\">contact.france@empow-her.com<\/a>\u00a0. Si vous avez plus de 15 min de retard l\u2019intervenant.e se r\u00e9serve le droit de ne plus vous accepter pour le coaching ou l\u2019atelier.<\/p>\n<\/div>\n","protected":false},"featured_media":268677,"template":"","format":"standard","meta":{"_acf_changed":false,"om_disable_all_campaigns":false,"_uf_show_specific_survey":0,"_uf_disable_surveys":false},"product_brand":[],"product_cat":[118],"product_tag":[132],"lieu":[],"thematiques":[],"class_list":{"0":"post-268646","1":"product","2":"type-product","3":"status-publish","4":"format-standard","5":"has-post-thumbnail","7":"product_cat-atelier-collectif","8":"product_tag-sisther","10":"first","11":"instock","12":"virtual","13":"purchasable","14":"product-type-appointment"},"exclude_global_add_ons":[],"addons":[],"acf":[],"yoast_head":"<!-- This site is optimized with the Yoast SEO plugin v24.8 - https:\/\/yoast.com\/wordpress\/plugins\/seo\/ -->\n<title>Atelier - Booster son estime pour agir en entrepreneure f\u00e9ministe - Empow&#039;Her<\/title>\n<meta name=\"robots\" content=\"index, follow, max-snippet:-1, max-image-preview:large, max-video-preview:-1\" \/>\n<link rel=\"canonical\" href=\"https:\/\/empow-her.com\/produit\/atelier-booster-son-estime-pour-agir-en-entrepreneure-feministe-2\/\" \/>\n<meta property=\"og:locale\" content=\"en_US\" \/>\n<meta property=\"og:type\" content=\"article\" \/>\n<meta property=\"og:title\" content=\"Atelier - Booster son estime pour agir en entrepreneure f\u00e9ministe - Empow&#039;Her\" \/>\n<meta property=\"og:description\" content=\"Atelier pour booster votre estime de soi en tant qu&#039;entrepreneure f\u00e9ministe  Vous ressentez des peurs ou des blocages sur votre capacit\u00e9 \u00e0 mener \u00e0 bien votre projet ? Vous questionnez parfois votre valeur ou votre l\u00e9gitimit\u00e9 ? Vous vous demandez d\u2019o\u00f9 viennent ces pens\u00e9es qui vous limitent dans votre passage \u00e0 l\u2019action ? Cet atelier vous aidera \u00e0 renforcer votre estime de soi pour agir en tant qu\u2019entrepreneure f\u00e9ministe.   Ce que nous allons explorer   Clarifier les m\u00e9canismes de l&#039;estime de soi : Comprendre comment elle interagit avec vos d\u00e9cisions et vos actions.  Prendre conscience des liens entre freins syst\u00e9miques et comportements individuels : D\u00e9construire les barri\u00e8res mentales \u00e0 l&#039;entrepreneuriat.  D\u00e9finir votre strat\u00e9gie : Construire votre propre r\u00e9f\u00e9rentiel pour agir en tant qu&#039;entrepreneure f\u00e9ministe.  Nourrir votre estime de soi pour incarner votre projet : D\u00e9finir des actions concr\u00e8tes pour renforcer votre estime de soi, gagner en confiance et reconnecter avec votre pouvoir d\u2019agir.  D\u00e9roul\u00e9 de l\u2019atelier   Apports inspir\u00e9s de la psychologie comportementale et du coaching pour mieux comprendre vos m\u00e9canismes internes  Exercices ludiques et mises en situation pour exp\u00e9rimenter et ancrer vos apprentissages  Temps d\u2019introspection personnelle pour approfondir vos r\u00e9flexions et prendre du recul  \u00c9changes en groupe pour partager vos exp\u00e9riences, \u00e9largir vos perspectives et b\u00e9n\u00e9ficier de la dynamique collective  Un moment pour vous recentrer, gagner en confiance et avancer avec clart\u00e9 dans votre aventure entrepreneuriale !  &nbsp;  Pr\u00e9sentation de l&#039;intervenante: Ana\u00efs Ndeumo  Apr\u00e8s une premi\u00e8re partie de carri\u00e8re en conseil puis en grande entreprise, Ana\u00efs s&#039;est form\u00e9e au coaching et \u00e0 la psychologie comportementale pour accompagner les femmes et les personnes minoris\u00e9es \u00e0 s&#039;empouvoirer, lib\u00e9rer leur plein potentiel et construire la vie professionnelle qui leur ressemble, malgr\u00e9 les freins personnels ou syst\u00e9miques. F\u00e9ministe et engag\u00e9e pour l&#039;\u00e9galit\u00e9 professionnelle, Ana\u00efs accompagne d\u00e9sormais des entrepreneur\u00b7e\u00b7s \u00e0 s&#039;affirmer dans leur posture, oser prendre leur place, d\u00e9velopper leur leadership et leur impact. \u00a0Ses zones de g\u00e9nie se situent \u00e0 la crois\u00e9e de th\u00e9matiques de d\u00e9veloppement personnel (connaissance de soi, leadership, confiance en soi, l\u00e9gitimit\u00e9), sociales (f\u00e9minisme, anti-racisme, intersectionnalit\u00e9, inclusion) et business (entrepreneuriat social, cr\u00e9ation d&#039;activit\u00e9, strat\u00e9gie).  Son super pouvoir: J&#039;adore jongler entre les dualit\u00e9s : le r\u00eave \/ la r\u00e9alit\u00e9, le conscient \/ l&#039;inconscient, l&#039;art \/ la science ... et je le mets au service des mes coachings et mes ateliers avec vous.  Son petit mot: L&#039;entrepreneuriat, c&#039;est plus qu&#039;un nouveau chapitre professionnel: c&#039;est une aventure humaine incroyable, riche et intense. Profitez du programme Women Dare pour connecter avec d&#039;autres entrepreneures qui comprennent le chemin que vous \u00eates en train de vivre, partagez, \u00e9changez.   Attention ! Veuillez vous pr\u00e9senter \u00e0 l\u2019heure pour que l\u2019activit\u00e9 puisse commencer \u00e0 temps. Si vous avez du retard veuillez pr\u00e9venir l\u2019\u00e9quipe d\u2019Empow\u2019Her : contact.france@empow-her.com\u00a0. Si vous avez plus de 15 min de retard l\u2019intervenant.e se r\u00e9serve le droit de ne plus vous accepter pour le coaching ou l\u2019atelier.\" \/>\n<meta property=\"og:url\" content=\"https:\/\/empow-her.com\/produit\/atelier-booster-son-estime-pour-agir-en-entrepreneure-feministe-2\/\" \/>\n<meta property=\"og:site_name\" content=\"Empow&#039;Her\" \/>\n<meta property=\"article:modified_time\" content=\"2025-07-22T15:20:18+00:00\" \/>\n<meta property=\"og:image\" content=\"https:\/\/empow-her.com\/wp-content\/uploads\/2025\/07\/ATELIER-3.png\" \/>\n\t<meta property=\"og:image:width\" content=\"1080\" \/>\n\t<meta property=\"og:image:height\" content=\"1080\" \/>\n\t<meta property=\"og:image:type\" content=\"image\/png\" \/>\n<meta name=\"twitter:card\" content=\"summary_large_image\" \/>\n<meta name=\"twitter:label1\" content=\"Est. reading time\" \/>\n\t<meta name=\"twitter:data1\" content=\"3 minutes\" \/>\n<script type=\"application\/ld+json\" class=\"yoast-schema-graph\">{\"@context\":\"https:\/\/schema.org\",\"@graph\":[{\"@type\":\"WebPage\",\"@id\":\"https:\/\/empow-her.com\/produit\/atelier-booster-son-estime-pour-agir-en-entrepreneure-feministe-2\/\",\"url\":\"https:\/\/empow-her.com\/produit\/atelier-booster-son-estime-pour-agir-en-entrepreneure-feministe-2\/\",\"name\":\"Atelier - Booster son estime pour agir en entrepreneure f\u00e9ministe - Empow&#039;Her\",\"isPartOf\":{\"@id\":\"https:\/\/empow-her.com\/#website\"},\"primaryImageOfPage\":{\"@id\":\"https:\/\/empow-her.com\/produit\/atelier-booster-son-estime-pour-agir-en-entrepreneure-feministe-2\/#primaryimage\"},\"image\":{\"@id\":\"https:\/\/empow-her.com\/produit\/atelier-booster-son-estime-pour-agir-en-entrepreneure-feministe-2\/#primaryimage\"},\"thumbnailUrl\":\"https:\/\/empow-her.com\/wp-content\/uploads\/2025\/07\/ATELIER-3.png\",\"datePublished\":\"2025-07-22T13:24:50+00:00\",\"dateModified\":\"2025-07-22T15:20:18+00:00\",\"breadcrumb\":{\"@id\":\"https:\/\/empow-her.com\/produit\/atelier-booster-son-estime-pour-agir-en-entrepreneure-feministe-2\/#breadcrumb\"},\"inLanguage\":\"en-US\",\"potentialAction\":[{\"@type\":\"ReadAction\",\"target\":[\"https:\/\/empow-her.com\/produit\/atelier-booster-son-estime-pour-agir-en-entrepreneure-feministe-2\/\"]}]},{\"@type\":\"ImageObject\",\"inLanguage\":\"en-US\",\"@id\":\"https:\/\/empow-her.com\/produit\/atelier-booster-son-estime-pour-agir-en-entrepreneure-feministe-2\/#primaryimage\",\"url\":\"https:\/\/empow-her.com\/wp-content\/uploads\/2025\/07\/ATELIER-3.png\",\"contentUrl\":\"https:\/\/empow-her.com\/wp-content\/uploads\/2025\/07\/ATELIER-3.png\",\"width\":1080,\"height\":1080},{\"@type\":\"BreadcrumbList\",\"@id\":\"https:\/\/empow-her.com\/produit\/atelier-booster-son-estime-pour-agir-en-entrepreneure-feministe-2\/#breadcrumb\",\"itemListElement\":[{\"@type\":\"ListItem\",\"position\":1,\"name\":\"Accueil\",\"item\":\"https:\/\/empow-her.com\/en\/landing-page\/\"},{\"@type\":\"ListItem\",\"position\":2,\"name\":\"LA BOUTIQUE\",\"item\":\"https:\/\/empow-her.com\/boutique\/\"},{\"@type\":\"ListItem\",\"position\":3,\"name\":\"Atelier &#8211; Booster son estime pour agir en entrepreneure f\u00e9ministe\"}]},{\"@type\":\"WebSite\",\"@id\":\"https:\/\/empow-her.com\/#website\",\"url\":\"https:\/\/empow-her.com\/\",\"name\":\"Empow&#039;Her\",\"description\":\"Women Development\",\"potentialAction\":[{\"@type\":\"SearchAction\",\"target\":{\"@type\":\"EntryPoint\",\"urlTemplate\":\"https:\/\/empow-her.com\/?s={search_term_string}\"},\"query-input\":{\"@type\":\"PropertyValueSpecification\",\"valueRequired\":true,\"valueName\":\"search_term_string\"}}],\"inLanguage\":\"en-US\"}]}<\/script>\n<!-- \/ Yoast SEO plugin. -->","yoast_head_json":{"title":"Atelier - Booster son estime pour agir en entrepreneure f\u00e9ministe - Empow&#039;Her","robots":{"index":"index","follow":"follow","max-snippet":"max-snippet:-1","max-image-preview":"max-image-preview:large","max-video-preview":"max-video-preview:-1"},"canonical":"https:\/\/empow-her.com\/produit\/atelier-booster-son-estime-pour-agir-en-entrepreneure-feministe-2\/","og_locale":"en_US","og_type":"article","og_title":"Atelier - Booster son estime pour agir en entrepreneure f\u00e9ministe - Empow&#039;Her","og_description":"Atelier pour booster votre estime de soi en tant qu'entrepreneure f\u00e9ministe  Vous ressentez des peurs ou des blocages sur votre capacit\u00e9 \u00e0 mener \u00e0 bien votre projet ? Vous questionnez parfois votre valeur ou votre l\u00e9gitimit\u00e9 ? Vous vous demandez d\u2019o\u00f9 viennent ces pens\u00e9es qui vous limitent dans votre passage \u00e0 l\u2019action ? Cet atelier vous aidera \u00e0 renforcer votre estime de soi pour agir en tant qu\u2019entrepreneure f\u00e9ministe.   Ce que nous allons explorer   Clarifier les m\u00e9canismes de l'estime de soi : Comprendre comment elle interagit avec vos d\u00e9cisions et vos actions.  Prendre conscience des liens entre freins syst\u00e9miques et comportements individuels : D\u00e9construire les barri\u00e8res mentales \u00e0 l'entrepreneuriat.  D\u00e9finir votre strat\u00e9gie : Construire votre propre r\u00e9f\u00e9rentiel pour agir en tant qu'entrepreneure f\u00e9ministe.  Nourrir votre estime de soi pour incarner votre projet : D\u00e9finir des actions concr\u00e8tes pour renforcer votre estime de soi, gagner en confiance et reconnecter avec votre pouvoir d\u2019agir.  D\u00e9roul\u00e9 de l\u2019atelier   Apports inspir\u00e9s de la psychologie comportementale et du coaching pour mieux comprendre vos m\u00e9canismes internes  Exercices ludiques et mises en situation pour exp\u00e9rimenter et ancrer vos apprentissages  Temps d\u2019introspection personnelle pour approfondir vos r\u00e9flexions et prendre du recul  \u00c9changes en groupe pour partager vos exp\u00e9riences, \u00e9largir vos perspectives et b\u00e9n\u00e9ficier de la dynamique collective  Un moment pour vous recentrer, gagner en confiance et avancer avec clart\u00e9 dans votre aventure entrepreneuriale !  &nbsp;  Pr\u00e9sentation de l'intervenante: Ana\u00efs Ndeumo  Apr\u00e8s une premi\u00e8re partie de carri\u00e8re en conseil puis en grande entreprise, Ana\u00efs s'est form\u00e9e au coaching et \u00e0 la psychologie comportementale pour accompagner les femmes et les personnes minoris\u00e9es \u00e0 s'empouvoirer, lib\u00e9rer leur plein potentiel et construire la vie professionnelle qui leur ressemble, malgr\u00e9 les freins personnels ou syst\u00e9miques. F\u00e9ministe et engag\u00e9e pour l'\u00e9galit\u00e9 professionnelle, Ana\u00efs accompagne d\u00e9sormais des entrepreneur\u00b7e\u00b7s \u00e0 s'affirmer dans leur posture, oser prendre leur place, d\u00e9velopper leur leadership et leur impact. \u00a0Ses zones de g\u00e9nie se situent \u00e0 la crois\u00e9e de th\u00e9matiques de d\u00e9veloppement personnel (connaissance de soi, leadership, confiance en soi, l\u00e9gitimit\u00e9), sociales (f\u00e9minisme, anti-racisme, intersectionnalit\u00e9, inclusion) et business (entrepreneuriat social, cr\u00e9ation d'activit\u00e9, strat\u00e9gie).  Son super pouvoir: J'adore jongler entre les dualit\u00e9s : le r\u00eave \/ la r\u00e9alit\u00e9, le conscient \/ l'inconscient, l'art \/ la science ... et je le mets au service des mes coachings et mes ateliers avec vous.  Son petit mot: L'entrepreneuriat, c'est plus qu'un nouveau chapitre professionnel: c'est une aventure humaine incroyable, riche et intense. Profitez du programme Women Dare pour connecter avec d'autres entrepreneures qui comprennent le chemin que vous \u00eates en train de vivre, partagez, \u00e9changez.   Attention ! Veuillez vous pr\u00e9senter \u00e0 l\u2019heure pour que l\u2019activit\u00e9 puisse commencer \u00e0 temps. Si vous avez du retard veuillez pr\u00e9venir l\u2019\u00e9quipe d\u2019Empow\u2019Her : contact.france@empow-her.com\u00a0. Si vous avez plus de 15 min de retard l\u2019intervenant.e se r\u00e9serve le droit de ne plus vous accepter pour le coaching ou l\u2019atelier.","og_url":"https:\/\/empow-her.com\/produit\/atelier-booster-son-estime-pour-agir-en-entrepreneure-feministe-2\/","og_site_name":"Empow&#039;Her","article_modified_time":"2025-07-22T15:20:18+00:00","og_image":[{"width":1080,"height":1080,"url":"https:\/\/empow-her.com\/wp-content\/uploads\/2025\/07\/ATELIER-3.png","type":"image\/png"}],"twitter_card":"summary_large_image","twitter_misc":{"Est. reading time":"3 minutes"},"schema":{"@context":"https:\/\/schema.org","@graph":[{"@type":"WebPage","@id":"https:\/\/empow-her.com\/produit\/atelier-booster-son-estime-pour-agir-en-entrepreneure-feministe-2\/","url":"https:\/\/empow-her.com\/produit\/atelier-booster-son-estime-pour-agir-en-entrepreneure-feministe-2\/","name":"Atelier - Booster son estime pour agir en entrepreneure f\u00e9ministe - Empow&#039;Her","isPartOf":{"@id":"https:\/\/empow-her.com\/#website"},"primaryImageOfPage":{"@id":"https:\/\/empow-her.com\/produit\/atelier-booster-son-estime-pour-agir-en-entrepreneure-feministe-2\/#primaryimage"},"image":{"@id":"https:\/\/empow-her.com\/produit\/atelier-booster-son-estime-pour-agir-en-entrepreneure-feministe-2\/#primaryimage"},"thumbnailUrl":"https:\/\/empow-her.com\/wp-content\/uploads\/2025\/07\/ATELIER-3.png","datePublished":"2025-07-22T13:24:50+00:00","dateModified":"2025-07-22T15:20:18+00:00","breadcrumb":{"@id":"https:\/\/empow-her.com\/produit\/atelier-booster-son-estime-pour-agir-en-entrepreneure-feministe-2\/#breadcrumb"},"inLanguage":"en-US","potentialAction":[{"@type":"ReadAction","target":["https:\/\/empow-her.com\/produit\/atelier-booster-son-estime-pour-agir-en-entrepreneure-feministe-2\/"]}]},{"@type":"ImageObject","inLanguage":"en-US","@id":"https:\/\/empow-her.com\/produit\/atelier-booster-son-estime-pour-agir-en-entrepreneure-feministe-2\/#primaryimage","url":"https:\/\/empow-her.com\/wp-content\/uploads\/2025\/07\/ATELIER-3.png","contentUrl":"https:\/\/empow-her.com\/wp-content\/uploads\/2025\/07\/ATELIER-3.png","width":1080,"height":1080},{"@type":"BreadcrumbList","@id":"https:\/\/empow-her.com\/produit\/atelier-booster-son-estime-pour-agir-en-entrepreneure-feministe-2\/#breadcrumb","itemListElement":[{"@type":"ListItem","position":1,"name":"Accueil","item":"https:\/\/empow-her.com\/en\/landing-page\/"},{"@type":"ListItem","position":2,"name":"LA BOUTIQUE","item":"https:\/\/empow-her.com\/boutique\/"},{"@type":"ListItem","position":3,"name":"Atelier &#8211; Booster son estime pour agir en entrepreneure f\u00e9ministe"}]},{"@type":"WebSite","@id":"https:\/\/empow-her.com\/#website","url":"https:\/\/empow-her.com\/","name":"Empow&#039;Her","description":"Women Development","potentialAction":[{"@type":"SearchAction","target":{"@type":"EntryPoint","urlTemplate":"https:\/\/empow-her.com\/?s={search_term_string}"},"query-input":{"@type":"PropertyValueSpecification","valueRequired":true,"valueName":"search_term_string"}}],"inLanguage":"en-US"}]}},"_links":{"self":[{"href":"https:\/\/empow-her.com\/en\/wp-json\/wp\/v2\/product\/268646","targetHints":{"allow":["GET"]}}],"collection":[{"href":"https:\/\/empow-her.com\/en\/wp-json\/wp\/v2\/product"}],"about":[{"href":"https:\/\/empow-her.com\/en\/wp-json\/wp\/v2\/types\/product"}],"wp:featuredmedia":[{"embeddable":true,"href":"https:\/\/empow-her.com\/en\/wp-json\/wp\/v2\/media\/268677"}],"wp:attachment":[{"href":"https:\/\/empow-her.com\/en\/wp-json\/wp\/v2\/media?parent=268646"}],"wp:term":[{"taxonomy":"product_brand","embeddable":true,"href":"https:\/\/empow-her.com\/en\/wp-json\/wp\/v2\/product_brand?post=268646"},{"taxonomy":"product_cat","embeddable":true,"href":"https:\/\/empow-her.com\/en\/wp-json\/wp\/v2\/product_cat?post=268646"},{"taxonomy":"product_tag","embeddable":true,"href":"https:\/\/empow-her.com\/en\/wp-json\/wp\/v2\/product_tag?post=268646"},{"taxonomy":"lieu","embeddable":true,"href":"https:\/\/empow-her.com\/en\/wp-json\/wp\/v2\/lieu?post=268646"},{"taxonomy":"thematiques","embeddable":true,"href":"https:\/\/empow-her.com\/en\/wp-json\/wp\/v2\/thematiques?post=268646"}],"curies":[{"name":"wp","href":"https:\/\/api.w.org\/{rel}","templated":true}]}}