{"id":267435,"date":"2025-05-16T13:22:05","date_gmt":"2025-05-16T11:22:05","guid":{"rendered":"https:\/\/empow-her.com\/?post_type=product&#038;p=267435"},"modified":"2025-05-16T13:30:22","modified_gmt":"2025-05-16T11:30:22","slug":"atelier-introduire-leconomie-circulaire-dans-son-projet","status":"publish","type":"product","link":"https:\/\/empow-her.com\/en\/produit\/atelier-introduire-leconomie-circulaire-dans-son-projet\/","title":{"rendered":"Atelier &#8211; Introduire l&#8217;\u00e9conomie circulaire dans son projet"},"content":{"rendered":"<div class=\"p-rich_text_section\"><b data-stringify-type=\"bold\">Introduire l&#8217;\u00e9conomie circulaire dans son projet<br \/>\n<\/b><\/div>\n<div><\/div>\n<div class=\"p-rich_text_section\">Tu t&#8217;int\u00e9resses \u00e0 l&#8217;\u00e9conomie circulaire ? Tu aimerais en savoir plus sur l&#8217;\u00e9cosyst\u00e8me ? Comment int\u00e9grer cette notion dans ton projet ?<\/div>\n<div class=\"p-rich_text_section\">\nAlors cet atelier est pour toi ! Objectifs :<\/div>\n<ul class=\"p-rich_text_list p-rich_text_list__bullet p-rich_text_list--nested\" data-stringify-type=\"unordered-list\" data-list-tree=\"true\" data-indent=\"0\" data-border=\"0\">\n<li data-stringify-indent=\"0\" data-stringify-border=\"0\">Comprendre les enjeux et les limites du mod\u00e8le \u00e9conomique lin\u00e9aire.<\/li>\n<li data-stringify-indent=\"0\" data-stringify-border=\"0\">D\u00e9couvrir les fondements et les principes de l&#8217;\u00e9conomie circulaire.<\/li>\n<li data-stringify-indent=\"0\" data-stringify-border=\"0\">Identifier concr\u00e8tement comment int\u00e9grer les principes de l&#8217;\u00e9conomie circulaire dans son projet.<\/li>\n<li data-stringify-indent=\"0\" data-stringify-border=\"0\">Favoriser une compr\u00e9hension des r\u00f4les et interactions des acteurs cl\u00e9s de l&#8217;\u00e9conomie circulaire.<\/li>\n<li data-stringify-indent=\"0\" data-stringify-border=\"0\">D\u00e9couvrir les outils n\u00e9cessaires pour appliquer efficacement ces principes \u00e0 leurs activit\u00e9s entrepreneuriales.<\/li>\n<\/ul>\n<div class=\"p-rich_text_section\">Un atelier de 3h r\u00e9alis\u00e9 par l&#8217;\u00e9quipe de Pulse pour d\u00e9couvrir l&#8217;\u00e9conomie circulaire gr\u00e2ce un premier apport th\u00e9orique et un atelier de mise en pratique en collectif !<\/div>\n<p><strong>Attention !<\/strong> \u00a0Veuillez vous pr\u00e9senter \u00e0 l\u2019heure pour que l\u2019activit\u00e9 puisse commencer \u00e0 temps. Si vous avez du retard veuillez pr\u00e9venir l\u2019intervenant.e. Si vous avez plus de 15 min de retard l\u2019intervenant.e se r\u00e9serve le droit de ne plus vous accepter pour le coaching ou l\u2019atelier.<\/p>\n","protected":false},"excerpt":{"rendered":"<div class=\"p-rich_text_section\"><b data-stringify-type=\"bold\">Introduire l&#8217;\u00e9conomie circulaire dans son projet<br \/>\n<\/b><\/div>\n<div><\/div>\n<div class=\"p-rich_text_section\">Tu t&#8217;int\u00e9resses \u00e0 l&#8217;\u00e9conomie circulaire ? Tu aimerais en savoir plus sur l&#8217;\u00e9cosyst\u00e8me ? Comment int\u00e9grer cette notion dans ton projet ?<\/div>\n<div class=\"p-rich_text_section\">\nAlors cet atelier est pour toi ! Objectifs :<\/div>\n<ul class=\"p-rich_text_list p-rich_text_list__bullet p-rich_text_list--nested\" data-stringify-type=\"unordered-list\" data-list-tree=\"true\" data-indent=\"0\" data-border=\"0\">\n<li data-stringify-indent=\"0\" data-stringify-border=\"0\">Comprendre les enjeux et les limites du mod\u00e8le \u00e9conomique lin\u00e9aire.<\/li>\n<li data-stringify-indent=\"0\" data-stringify-border=\"0\">D\u00e9couvrir les fondements et les principes de l&#8217;\u00e9conomie circulaire.<\/li>\n<li data-stringify-indent=\"0\" data-stringify-border=\"0\">Identifier concr\u00e8tement comment int\u00e9grer les principes de l&#8217;\u00e9conomie circulaire dans son projet.<\/li>\n<li data-stringify-indent=\"0\" data-stringify-border=\"0\">Favoriser une compr\u00e9hension des r\u00f4les et interactions des acteurs cl\u00e9s de l&#8217;\u00e9conomie circulaire.<\/li>\n<li data-stringify-indent=\"0\" data-stringify-border=\"0\">D\u00e9couvrir les outils n\u00e9cessaires pour appliquer efficacement ces principes \u00e0 leurs activit\u00e9s entrepreneuriales.<\/li>\n<\/ul>\n<div class=\"p-rich_text_section\">Un atelier de 3h r\u00e9alis\u00e9 par l&#8217;\u00e9quipe de Pulse pour d\u00e9couvrir l&#8217;\u00e9conomie circulaire gr\u00e2ce un premier apport th\u00e9orique et un atelier de mise en pratique en collectif !<\/div>\n<p><strong>Attention !<\/strong> \u00a0Veuillez vous pr\u00e9senter \u00e0 l\u2019heure pour que l\u2019activit\u00e9 puisse commencer \u00e0 temps. Si vous avez du retard veuillez pr\u00e9venir l\u2019intervenant.e. Si vous avez plus de 15 min de retard l\u2019intervenant.e se r\u00e9serve le droit de ne plus vous accepter pour le coaching ou l\u2019atelier.<\/p>\n","protected":false},"featured_media":267436,"template":"","format":"standard","meta":{"_acf_changed":false,"om_disable_all_campaigns":false,"_uf_show_specific_survey":0,"_uf_disable_surveys":false},"product_brand":[],"product_cat":[118],"product_tag":[],"lieu":[127],"thematiques":[],"class_list":{"0":"post-267435","1":"product","2":"type-product","3":"status-publish","4":"format-standard","5":"has-post-thumbnail","7":"product_cat-atelier-collectif","8":"lieu-hub-empowher","10":"first","11":"instock","12":"virtual","13":"purchasable","14":"product-type-appointment"},"exclude_global_add_ons":[],"addons":[],"acf":[],"yoast_head":"<!-- This site is optimized with the Yoast SEO plugin v24.8 - https:\/\/yoast.com\/wordpress\/plugins\/seo\/ -->\n<title>Atelier - Introduire l&#039;\u00e9conomie circulaire dans son projet - Empow&#039;Her<\/title>\n<meta name=\"robots\" content=\"index, follow, max-snippet:-1, max-image-preview:large, max-video-preview:-1\" \/>\n<link rel=\"canonical\" href=\"https:\/\/empow-her.com\/produit\/atelier-introduire-leconomie-circulaire-dans-son-projet\/\" \/>\n<meta property=\"og:locale\" content=\"en_US\" \/>\n<meta property=\"og:type\" content=\"article\" \/>\n<meta property=\"og:title\" content=\"Atelier - Introduire l&#039;\u00e9conomie circulaire dans son projet - Empow&#039;Her\" \/>\n<meta property=\"og:description\" content=\"Introduire l&#039;\u00e9conomie circulaire dans son projet   Tu t&#039;int\u00e9resses \u00e0 l&#039;\u00e9conomie circulaire ? Tu aimerais en savoir plus sur l&#039;\u00e9cosyst\u00e8me ? Comment int\u00e9grer cette notion dans ton projet ?  Alors cet atelier est pour toi ! Objectifs :   Comprendre les enjeux et les limites du mod\u00e8le \u00e9conomique lin\u00e9aire.  D\u00e9couvrir les fondements et les principes de l&#039;\u00e9conomie circulaire.  Identifier concr\u00e8tement comment int\u00e9grer les principes de l&#039;\u00e9conomie circulaire dans son projet.  Favoriser une compr\u00e9hension des r\u00f4les et interactions des acteurs cl\u00e9s de l&#039;\u00e9conomie circulaire.  D\u00e9couvrir les outils n\u00e9cessaires pour appliquer efficacement ces principes \u00e0 leurs activit\u00e9s entrepreneuriales.  Un atelier de 3h r\u00e9alis\u00e9 par l&#039;\u00e9quipe de Pulse pour d\u00e9couvrir l&#039;\u00e9conomie circulaire gr\u00e2ce un premier apport th\u00e9orique et un atelier de mise en pratique en collectif ! Attention ! \u00a0Veuillez vous pr\u00e9senter \u00e0 l\u2019heure pour que l\u2019activit\u00e9 puisse commencer \u00e0 temps. Si vous avez du retard veuillez pr\u00e9venir l\u2019intervenant.e. Si vous avez plus de 15 min de retard l\u2019intervenant.e se r\u00e9serve le droit de ne plus vous accepter pour le coaching ou l\u2019atelier.\" \/>\n<meta property=\"og:url\" content=\"https:\/\/empow-her.com\/produit\/atelier-introduire-leconomie-circulaire-dans-son-projet\/\" \/>\n<meta property=\"og:site_name\" content=\"Empow&#039;Her\" \/>\n<meta property=\"article:modified_time\" content=\"2025-05-16T11:30:22+00:00\" \/>\n<meta property=\"og:image\" content=\"https:\/\/empow-her.com\/wp-content\/uploads\/2025\/05\/Women-Dare-templates-events-2025-05-16T132917.315.png\" \/>\n\t<meta property=\"og:image:width\" content=\"1080\" \/>\n\t<meta property=\"og:image:height\" content=\"1080\" \/>\n\t<meta property=\"og:image:type\" content=\"image\/png\" \/>\n<meta name=\"twitter:card\" content=\"summary_large_image\" \/>\n<meta name=\"twitter:label1\" content=\"Est. reading time\" \/>\n\t<meta name=\"twitter:data1\" content=\"2 minutes\" \/>\n<script type=\"application\/ld+json\" class=\"yoast-schema-graph\">{\"@context\":\"https:\/\/schema.org\",\"@graph\":[{\"@type\":\"WebPage\",\"@id\":\"https:\/\/empow-her.com\/produit\/atelier-introduire-leconomie-circulaire-dans-son-projet\/\",\"url\":\"https:\/\/empow-her.com\/produit\/atelier-introduire-leconomie-circulaire-dans-son-projet\/\",\"name\":\"Atelier - Introduire l'\u00e9conomie circulaire dans son projet - Empow&#039;Her\",\"isPartOf\":{\"@id\":\"https:\/\/empow-her.com\/#website\"},\"primaryImageOfPage\":{\"@id\":\"https:\/\/empow-her.com\/produit\/atelier-introduire-leconomie-circulaire-dans-son-projet\/#primaryimage\"},\"image\":{\"@id\":\"https:\/\/empow-her.com\/produit\/atelier-introduire-leconomie-circulaire-dans-son-projet\/#primaryimage\"},\"thumbnailUrl\":\"https:\/\/empow-her.com\/wp-content\/uploads\/2025\/05\/Women-Dare-templates-events-2025-05-16T132917.315.png\",\"datePublished\":\"2025-05-16T11:22:05+00:00\",\"dateModified\":\"2025-05-16T11:30:22+00:00\",\"breadcrumb\":{\"@id\":\"https:\/\/empow-her.com\/produit\/atelier-introduire-leconomie-circulaire-dans-son-projet\/#breadcrumb\"},\"inLanguage\":\"en-US\",\"potentialAction\":[{\"@type\":\"ReadAction\",\"target\":[\"https:\/\/empow-her.com\/produit\/atelier-introduire-leconomie-circulaire-dans-son-projet\/\"]}]},{\"@type\":\"ImageObject\",\"inLanguage\":\"en-US\",\"@id\":\"https:\/\/empow-her.com\/produit\/atelier-introduire-leconomie-circulaire-dans-son-projet\/#primaryimage\",\"url\":\"https:\/\/empow-her.com\/wp-content\/uploads\/2025\/05\/Women-Dare-templates-events-2025-05-16T132917.315.png\",\"contentUrl\":\"https:\/\/empow-her.com\/wp-content\/uploads\/2025\/05\/Women-Dare-templates-events-2025-05-16T132917.315.png\",\"width\":1080,\"height\":1080},{\"@type\":\"BreadcrumbList\",\"@id\":\"https:\/\/empow-her.com\/produit\/atelier-introduire-leconomie-circulaire-dans-son-projet\/#breadcrumb\",\"itemListElement\":[{\"@type\":\"ListItem\",\"position\":1,\"name\":\"Accueil\",\"item\":\"https:\/\/empow-her.com\/en\/landing-page\/\"},{\"@type\":\"ListItem\",\"position\":2,\"name\":\"LA BOUTIQUE\",\"item\":\"https:\/\/empow-her.com\/boutique\/\"},{\"@type\":\"ListItem\",\"position\":3,\"name\":\"Atelier &#8211; Introduire l&#8217;\u00e9conomie circulaire dans son projet\"}]},{\"@type\":\"WebSite\",\"@id\":\"https:\/\/empow-her.com\/#website\",\"url\":\"https:\/\/empow-her.com\/\",\"name\":\"Empow&#039;Her\",\"description\":\"Women Development\",\"potentialAction\":[{\"@type\":\"SearchAction\",\"target\":{\"@type\":\"EntryPoint\",\"urlTemplate\":\"https:\/\/empow-her.com\/?s={search_term_string}\"},\"query-input\":{\"@type\":\"PropertyValueSpecification\",\"valueRequired\":true,\"valueName\":\"search_term_string\"}}],\"inLanguage\":\"en-US\"}]}<\/script>\n<!-- \/ Yoast SEO plugin. -->","yoast_head_json":{"title":"Atelier - Introduire l'\u00e9conomie circulaire dans son projet - Empow&#039;Her","robots":{"index":"index","follow":"follow","max-snippet":"max-snippet:-1","max-image-preview":"max-image-preview:large","max-video-preview":"max-video-preview:-1"},"canonical":"https:\/\/empow-her.com\/produit\/atelier-introduire-leconomie-circulaire-dans-son-projet\/","og_locale":"en_US","og_type":"article","og_title":"Atelier - Introduire l'\u00e9conomie circulaire dans son projet - Empow&#039;Her","og_description":"Introduire l'\u00e9conomie circulaire dans son projet   Tu t'int\u00e9resses \u00e0 l'\u00e9conomie circulaire ? Tu aimerais en savoir plus sur l'\u00e9cosyst\u00e8me ? Comment int\u00e9grer cette notion dans ton projet ?  Alors cet atelier est pour toi ! Objectifs :   Comprendre les enjeux et les limites du mod\u00e8le \u00e9conomique lin\u00e9aire.  D\u00e9couvrir les fondements et les principes de l'\u00e9conomie circulaire.  Identifier concr\u00e8tement comment int\u00e9grer les principes de l'\u00e9conomie circulaire dans son projet.  Favoriser une compr\u00e9hension des r\u00f4les et interactions des acteurs cl\u00e9s de l'\u00e9conomie circulaire.  D\u00e9couvrir les outils n\u00e9cessaires pour appliquer efficacement ces principes \u00e0 leurs activit\u00e9s entrepreneuriales.  Un atelier de 3h r\u00e9alis\u00e9 par l'\u00e9quipe de Pulse pour d\u00e9couvrir l'\u00e9conomie circulaire gr\u00e2ce un premier apport th\u00e9orique et un atelier de mise en pratique en collectif ! Attention ! \u00a0Veuillez vous pr\u00e9senter \u00e0 l\u2019heure pour que l\u2019activit\u00e9 puisse commencer \u00e0 temps. Si vous avez du retard veuillez pr\u00e9venir l\u2019intervenant.e. Si vous avez plus de 15 min de retard l\u2019intervenant.e se r\u00e9serve le droit de ne plus vous accepter pour le coaching ou l\u2019atelier.","og_url":"https:\/\/empow-her.com\/produit\/atelier-introduire-leconomie-circulaire-dans-son-projet\/","og_site_name":"Empow&#039;Her","article_modified_time":"2025-05-16T11:30:22+00:00","og_image":[{"width":1080,"height":1080,"url":"https:\/\/empow-her.com\/wp-content\/uploads\/2025\/05\/Women-Dare-templates-events-2025-05-16T132917.315.png","type":"image\/png"}],"twitter_card":"summary_large_image","twitter_misc":{"Est. reading time":"2 minutes"},"schema":{"@context":"https:\/\/schema.org","@graph":[{"@type":"WebPage","@id":"https:\/\/empow-her.com\/produit\/atelier-introduire-leconomie-circulaire-dans-son-projet\/","url":"https:\/\/empow-her.com\/produit\/atelier-introduire-leconomie-circulaire-dans-son-projet\/","name":"Atelier - Introduire l'\u00e9conomie circulaire dans son projet - Empow&#039;Her","isPartOf":{"@id":"https:\/\/empow-her.com\/#website"},"primaryImageOfPage":{"@id":"https:\/\/empow-her.com\/produit\/atelier-introduire-leconomie-circulaire-dans-son-projet\/#primaryimage"},"image":{"@id":"https:\/\/empow-her.com\/produit\/atelier-introduire-leconomie-circulaire-dans-son-projet\/#primaryimage"},"thumbnailUrl":"https:\/\/empow-her.com\/wp-content\/uploads\/2025\/05\/Women-Dare-templates-events-2025-05-16T132917.315.png","datePublished":"2025-05-16T11:22:05+00:00","dateModified":"2025-05-16T11:30:22+00:00","breadcrumb":{"@id":"https:\/\/empow-her.com\/produit\/atelier-introduire-leconomie-circulaire-dans-son-projet\/#breadcrumb"},"inLanguage":"en-US","potentialAction":[{"@type":"ReadAction","target":["https:\/\/empow-her.com\/produit\/atelier-introduire-leconomie-circulaire-dans-son-projet\/"]}]},{"@type":"ImageObject","inLanguage":"en-US","@id":"https:\/\/empow-her.com\/produit\/atelier-introduire-leconomie-circulaire-dans-son-projet\/#primaryimage","url":"https:\/\/empow-her.com\/wp-content\/uploads\/2025\/05\/Women-Dare-templates-events-2025-05-16T132917.315.png","contentUrl":"https:\/\/empow-her.com\/wp-content\/uploads\/2025\/05\/Women-Dare-templates-events-2025-05-16T132917.315.png","width":1080,"height":1080},{"@type":"BreadcrumbList","@id":"https:\/\/empow-her.com\/produit\/atelier-introduire-leconomie-circulaire-dans-son-projet\/#breadcrumb","itemListElement":[{"@type":"ListItem","position":1,"name":"Accueil","item":"https:\/\/empow-her.com\/en\/landing-page\/"},{"@type":"ListItem","position":2,"name":"LA BOUTIQUE","item":"https:\/\/empow-her.com\/boutique\/"},{"@type":"ListItem","position":3,"name":"Atelier &#8211; Introduire l&#8217;\u00e9conomie circulaire dans son projet"}]},{"@type":"WebSite","@id":"https:\/\/empow-her.com\/#website","url":"https:\/\/empow-her.com\/","name":"Empow&#039;Her","description":"Women Development","potentialAction":[{"@type":"SearchAction","target":{"@type":"EntryPoint","urlTemplate":"https:\/\/empow-her.com\/?s={search_term_string}"},"query-input":{"@type":"PropertyValueSpecification","valueRequired":true,"valueName":"search_term_string"}}],"inLanguage":"en-US"}]}},"_links":{"self":[{"href":"https:\/\/empow-her.com\/en\/wp-json\/wp\/v2\/product\/267435","targetHints":{"allow":["GET"]}}],"collection":[{"href":"https:\/\/empow-her.com\/en\/wp-json\/wp\/v2\/product"}],"about":[{"href":"https:\/\/empow-her.com\/en\/wp-json\/wp\/v2\/types\/product"}],"wp:featuredmedia":[{"embeddable":true,"href":"https:\/\/empow-her.com\/en\/wp-json\/wp\/v2\/media\/267436"}],"wp:attachment":[{"href":"https:\/\/empow-her.com\/en\/wp-json\/wp\/v2\/media?parent=267435"}],"wp:term":[{"taxonomy":"product_brand","embeddable":true,"href":"https:\/\/empow-her.com\/en\/wp-json\/wp\/v2\/product_brand?post=267435"},{"taxonomy":"product_cat","embeddable":true,"href":"https:\/\/empow-her.com\/en\/wp-json\/wp\/v2\/product_cat?post=267435"},{"taxonomy":"product_tag","embeddable":true,"href":"https:\/\/empow-her.com\/en\/wp-json\/wp\/v2\/product_tag?post=267435"},{"taxonomy":"lieu","embeddable":true,"href":"https:\/\/empow-her.com\/en\/wp-json\/wp\/v2\/lieu?post=267435"},{"taxonomy":"thematiques","embeddable":true,"href":"https:\/\/empow-her.com\/en\/wp-json\/wp\/v2\/thematiques?post=267435"}],"curies":[{"name":"wp","href":"https:\/\/api.w.org\/{rel}","templated":true}]}}