{"id":267390,"date":"2025-05-15T16:08:54","date_gmt":"2025-05-15T14:08:54","guid":{"rendered":"https:\/\/empow-her.com\/?post_type=product&#038;p=267390"},"modified":"2025-05-15T16:23:11","modified_gmt":"2025-05-15T14:23:11","slug":"atelier-maitriser-les-fondamentaux-du-marketing","status":"publish","type":"product","link":"https:\/\/empow-her.com\/en\/produit\/atelier-maitriser-les-fondamentaux-du-marketing\/","title":{"rendered":"Atelier &#8211; Ma\u00eetriser les fondamentaux du marketing"},"content":{"rendered":"<p><strong>Plongez au c\u0153ur du marketing digital avec cet atelier con\u00e7u pour vous donner une vision claire des strat\u00e9gies essentielles : SEO, SEA et strat\u00e9gie de contenu.<\/strong><\/p>\n<p>&#8211; D\u00e9couverte des fondamentaux : Comprenez les bases du r\u00e9f\u00e9rencement naturel (SEO), du r\u00e9f\u00e9rencement payant (SEA) et des strat\u00e9gies de contenu pour booster votre visibilit\u00e9.<\/p>\n<p>&#8211; Ateliers pratiques : Exp\u00e9rimentez la mise en place d\u2019une strat\u00e9gie digitale et \u00e9laborez une liste de contenus align\u00e9e sur les intentions de recherche des internautes.\u2028- Focus SEO technique &amp; de contenu : Apprenez \u00e0 rechercher et s\u00e9lectionner des mots-cl\u00e9s pertinents pour maximiser votre impact.<\/p>\n<p>&#8211; \u00c9changes et Q\/A : Profitez d\u2019un moment interactif pour poser toutes vos questions et repartir avec des cl\u00e9s concr\u00e8tes.<\/p>\n<p>Un atelier dynamique et accessible, id\u00e9al pour structurer votre pr\u00e9sence en ligne et attirer efficacement votre audience ! &#x1f680;<\/p>\n<p><strong>Intervenant.e :<\/strong>\u00a0 <strong>Camille Di Vincenzo<\/strong> de <strong>Minuit 10<\/strong>&#x1f968;!<\/p>\n<p>J&#8217;ai 30 ans et je suis strasbourgeoise.<br \/>\nJ\u2019ai trois casquettes diff\u00e9rentes :<br \/>\n&#8211; la cr\u00e9ation de site sur Webflow<br \/>\n&#8211; la mise en place de strat\u00e9gie SEO<br \/>\n&#8211; je suis coach en incubateurs<\/p>\n<p>Les outils comme Webflow, Make et Notion sont mes meilleurs acolytes !<\/p>\n<p>A ce jour, j\u2019ai le r\u00f4le de Global Community Leader &#x1f1eb;&#x1f1f7; pour l\u2019outil Webflow car mon but est aussi de mettre en avant les outils no-code aupr\u00e8s du grand public.!<\/p>\n<p><strong>Son super pouvoir :<\/strong> Une bonne humeur en toute circonstance !<\/p>\n<p><strong>Son petit mot :<\/strong> BRAVO !<br \/>\nVous avez d\u00e9j\u00e0 franchi un grand pas en int\u00e9grant un programme d&#8217;accompagnement !<br \/>\nC&#8217;est parti pour 12 mois \u00e0 poursuivre l&#8217;aventure toutes ensemble dans la bienveillance, l&#8217;entraide et la bonne humeur !<\/p>\n<p><strong>Lieu :<\/strong> Sist\u2019Her Paris, 82 rue du Faubourg Saint-Martin<\/p>\n<p><strong>Attention !<\/strong> Veuillez vous pr\u00e9senter \u00e0 l\u2019heure pour que l\u2019activit\u00e9 puisse commencer \u00e0 temps. Si vous avez du retard veuillez pr\u00e9venir l\u2019intervenant.e. Si vous avez plus de 15 min de retard l\u2019intervenant.e se r\u00e9serve le droit de ne plus vous accepter pour le coaching ou l\u2019atelier.<\/p>\n","protected":false},"excerpt":{"rendered":"<p><strong>Plongez au c\u0153ur du marketing digital avec cet atelier con\u00e7u pour vous donner une vision claire des strat\u00e9gies essentielles : SEO, SEA et strat\u00e9gie de contenu.<\/strong><\/p>\n<p>&#8211; D\u00e9couverte des fondamentaux : Comprenez les bases du r\u00e9f\u00e9rencement naturel (SEO), du r\u00e9f\u00e9rencement payant (SEA) et des strat\u00e9gies de contenu pour booster votre visibilit\u00e9.<\/p>\n<p>&#8211; Ateliers pratiques : Exp\u00e9rimentez la mise en place d\u2019une strat\u00e9gie digitale et \u00e9laborez une liste de contenus align\u00e9e sur les intentions de recherche des internautes.\u2028- Focus SEO technique &amp; de contenu : Apprenez \u00e0 rechercher et s\u00e9lectionner des mots-cl\u00e9s pertinents pour maximiser votre impact.<\/p>\n<p>&#8211; \u00c9changes et Q\/A : Profitez d\u2019un moment interactif pour poser toutes vos questions et repartir avec des cl\u00e9s concr\u00e8tes.<\/p>\n<p>Un atelier dynamique et accessible, id\u00e9al pour structurer votre pr\u00e9sence en ligne et attirer efficacement votre audience ! &#x1f680;<\/p>\n<p><strong>Intervenant.e :<\/strong>\u00a0 <strong>Camille Di Vincenzo<\/strong> de <strong>Minuit 10<\/strong>&#x1f968;!<\/p>\n<p>J&#8217;ai 30 ans et je suis strasbourgeoise.<br \/>\nJ\u2019ai trois casquettes diff\u00e9rentes :<br \/>\n&#8211; la cr\u00e9ation de site sur Webflow<br \/>\n&#8211; la mise en place de strat\u00e9gie SEO<br \/>\n&#8211; je suis coach en incubateurs<\/p>\n<p>Les outils comme Webflow, Make et Notion sont mes meilleurs acolytes !<\/p>\n<p>A ce jour, j\u2019ai le r\u00f4le de Global Community Leader &#x1f1eb;&#x1f1f7; pour l\u2019outil Webflow car mon but est aussi de mettre en avant les outils no-code aupr\u00e8s du grand public.!<\/p>\n<p><strong>Son super pouvoir :<\/strong> Une bonne humeur en toute circonstance !<\/p>\n<p><strong>Son petit mot :<\/strong> BRAVO !<br \/>\nVous avez d\u00e9j\u00e0 franchi un grand pas en int\u00e9grant un programme d&#8217;accompagnement !<br \/>\nC&#8217;est parti pour 12 mois \u00e0 poursuivre l&#8217;aventure toutes ensemble dans la bienveillance, l&#8217;entraide et la bonne humeur !<\/p>\n<p><strong>Lieu :<\/strong> Sist\u2019Her Paris, 82 rue du Faubourg Saint-Martin<\/p>\n<p><strong>Attention !<\/strong> Veuillez vous pr\u00e9senter \u00e0 l\u2019heure pour que l\u2019activit\u00e9 puisse commencer \u00e0 temps. Si vous avez du retard veuillez pr\u00e9venir l\u2019intervenant.e. Si vous avez plus de 15 min de retard l\u2019intervenant.e se r\u00e9serve le droit de ne plus vous accepter pour le coaching ou l\u2019atelier.<\/p>\n","protected":false},"featured_media":267394,"template":"","format":"standard","meta":{"_acf_changed":false,"om_disable_all_campaigns":false,"_uf_show_specific_survey":0,"_uf_disable_surveys":false},"product_brand":[],"product_cat":[118],"product_tag":[],"lieu":[127],"thematiques":[],"class_list":{"0":"post-267390","1":"product","2":"type-product","3":"status-publish","4":"format-standard","5":"has-post-thumbnail","7":"product_cat-atelier-collectif","8":"lieu-hub-empowher","10":"first","11":"instock","12":"virtual","13":"purchasable","14":"product-type-appointment"},"exclude_global_add_ons":[],"addons":[],"acf":[],"yoast_head":"<!-- This site is optimized with the Yoast SEO plugin v24.8 - https:\/\/yoast.com\/wordpress\/plugins\/seo\/ -->\n<title>Atelier - Ma\u00eetriser les fondamentaux du marketing - Empow&#039;Her<\/title>\n<meta name=\"robots\" content=\"index, follow, max-snippet:-1, max-image-preview:large, max-video-preview:-1\" \/>\n<link rel=\"canonical\" href=\"https:\/\/empow-her.com\/produit\/atelier-maitriser-les-fondamentaux-du-marketing\/\" \/>\n<meta property=\"og:locale\" content=\"en_US\" \/>\n<meta property=\"og:type\" content=\"article\" \/>\n<meta property=\"og:title\" content=\"Atelier - Ma\u00eetriser les fondamentaux du marketing - Empow&#039;Her\" \/>\n<meta property=\"og:description\" content=\"Plongez au c\u0153ur du marketing digital avec cet atelier con\u00e7u pour vous donner une vision claire des strat\u00e9gies essentielles : SEO, SEA et strat\u00e9gie de contenu.  - D\u00e9couverte des fondamentaux : Comprenez les bases du r\u00e9f\u00e9rencement naturel (SEO), du r\u00e9f\u00e9rencement payant (SEA) et des strat\u00e9gies de contenu pour booster votre visibilit\u00e9.  - Ateliers pratiques : Exp\u00e9rimentez la mise en place d\u2019une strat\u00e9gie digitale et \u00e9laborez une liste de contenus align\u00e9e sur les intentions de recherche des internautes.\u2028- Focus SEO technique &amp; de contenu : Apprenez \u00e0 rechercher et s\u00e9lectionner des mots-cl\u00e9s pertinents pour maximiser votre impact.  - \u00c9changes et Q\/A : Profitez d\u2019un moment interactif pour poser toutes vos questions et repartir avec des cl\u00e9s concr\u00e8tes.  Un atelier dynamique et accessible, id\u00e9al pour structurer votre pr\u00e9sence en ligne et attirer efficacement votre audience ! &#x1f680;  Intervenant.e :\u00a0 Camille Di Vincenzo de Minuit 10&#x1f968;!  J&#039;ai 30 ans et je suis strasbourgeoise. J\u2019ai trois casquettes diff\u00e9rentes : - la cr\u00e9ation de site sur Webflow - la mise en place de strat\u00e9gie SEO - je suis coach en incubateurs  Les outils comme Webflow, Make et Notion sont mes meilleurs acolytes !  A ce jour, j\u2019ai le r\u00f4le de Global Community Leader &#x1f1eb;&#x1f1f7; pour l\u2019outil Webflow car mon but est aussi de mettre en avant les outils no-code aupr\u00e8s du grand public.!  Son super pouvoir : Une bonne humeur en toute circonstance !  Son petit mot : BRAVO ! Vous avez d\u00e9j\u00e0 franchi un grand pas en int\u00e9grant un programme d&#039;accompagnement ! C&#039;est parti pour 12 mois \u00e0 poursuivre l&#039;aventure toutes ensemble dans la bienveillance, l&#039;entraide et la bonne humeur !  Lieu : Sist\u2019Her Paris, 82 rue du Faubourg Saint-Martin  Attention ! Veuillez vous pr\u00e9senter \u00e0 l\u2019heure pour que l\u2019activit\u00e9 puisse commencer \u00e0 temps. Si vous avez du retard veuillez pr\u00e9venir l\u2019intervenant.e. Si vous avez plus de 15 min de retard l\u2019intervenant.e se r\u00e9serve le droit de ne plus vous accepter pour le coaching ou l\u2019atelier.\" \/>\n<meta property=\"og:url\" content=\"https:\/\/empow-her.com\/produit\/atelier-maitriser-les-fondamentaux-du-marketing\/\" \/>\n<meta property=\"og:site_name\" content=\"Empow&#039;Her\" \/>\n<meta property=\"article:modified_time\" content=\"2025-05-15T14:23:11+00:00\" \/>\n<meta property=\"og:image\" content=\"https:\/\/empow-her.com\/wp-content\/uploads\/2025\/05\/Women-Dare-templates-events-2025-05-15T162029.147.png\" \/>\n\t<meta property=\"og:image:width\" content=\"1080\" \/>\n\t<meta property=\"og:image:height\" content=\"1080\" \/>\n\t<meta property=\"og:image:type\" content=\"image\/png\" \/>\n<meta name=\"twitter:card\" content=\"summary_large_image\" \/>\n<meta name=\"twitter:label1\" content=\"Est. reading time\" \/>\n\t<meta name=\"twitter:data1\" content=\"2 minutes\" \/>\n<script type=\"application\/ld+json\" class=\"yoast-schema-graph\">{\"@context\":\"https:\/\/schema.org\",\"@graph\":[{\"@type\":\"WebPage\",\"@id\":\"https:\/\/empow-her.com\/produit\/atelier-maitriser-les-fondamentaux-du-marketing\/\",\"url\":\"https:\/\/empow-her.com\/produit\/atelier-maitriser-les-fondamentaux-du-marketing\/\",\"name\":\"Atelier - Ma\u00eetriser les fondamentaux du marketing - Empow&#039;Her\",\"isPartOf\":{\"@id\":\"https:\/\/empow-her.com\/#website\"},\"primaryImageOfPage\":{\"@id\":\"https:\/\/empow-her.com\/produit\/atelier-maitriser-les-fondamentaux-du-marketing\/#primaryimage\"},\"image\":{\"@id\":\"https:\/\/empow-her.com\/produit\/atelier-maitriser-les-fondamentaux-du-marketing\/#primaryimage\"},\"thumbnailUrl\":\"https:\/\/empow-her.com\/wp-content\/uploads\/2025\/05\/Women-Dare-templates-events-2025-05-15T162029.147.png\",\"datePublished\":\"2025-05-15T14:08:54+00:00\",\"dateModified\":\"2025-05-15T14:23:11+00:00\",\"breadcrumb\":{\"@id\":\"https:\/\/empow-her.com\/produit\/atelier-maitriser-les-fondamentaux-du-marketing\/#breadcrumb\"},\"inLanguage\":\"en-US\",\"potentialAction\":[{\"@type\":\"ReadAction\",\"target\":[\"https:\/\/empow-her.com\/produit\/atelier-maitriser-les-fondamentaux-du-marketing\/\"]}]},{\"@type\":\"ImageObject\",\"inLanguage\":\"en-US\",\"@id\":\"https:\/\/empow-her.com\/produit\/atelier-maitriser-les-fondamentaux-du-marketing\/#primaryimage\",\"url\":\"https:\/\/empow-her.com\/wp-content\/uploads\/2025\/05\/Women-Dare-templates-events-2025-05-15T162029.147.png\",\"contentUrl\":\"https:\/\/empow-her.com\/wp-content\/uploads\/2025\/05\/Women-Dare-templates-events-2025-05-15T162029.147.png\",\"width\":1080,\"height\":1080},{\"@type\":\"BreadcrumbList\",\"@id\":\"https:\/\/empow-her.com\/produit\/atelier-maitriser-les-fondamentaux-du-marketing\/#breadcrumb\",\"itemListElement\":[{\"@type\":\"ListItem\",\"position\":1,\"name\":\"Accueil\",\"item\":\"https:\/\/empow-her.com\/en\/landing-page\/\"},{\"@type\":\"ListItem\",\"position\":2,\"name\":\"LA BOUTIQUE\",\"item\":\"https:\/\/empow-her.com\/boutique\/\"},{\"@type\":\"ListItem\",\"position\":3,\"name\":\"Atelier &#8211; Ma\u00eetriser les fondamentaux du marketing\"}]},{\"@type\":\"WebSite\",\"@id\":\"https:\/\/empow-her.com\/#website\",\"url\":\"https:\/\/empow-her.com\/\",\"name\":\"Empow&#039;Her\",\"description\":\"Women Development\",\"potentialAction\":[{\"@type\":\"SearchAction\",\"target\":{\"@type\":\"EntryPoint\",\"urlTemplate\":\"https:\/\/empow-her.com\/?s={search_term_string}\"},\"query-input\":{\"@type\":\"PropertyValueSpecification\",\"valueRequired\":true,\"valueName\":\"search_term_string\"}}],\"inLanguage\":\"en-US\"}]}<\/script>\n<!-- \/ Yoast SEO plugin. -->","yoast_head_json":{"title":"Atelier - Ma\u00eetriser les fondamentaux du marketing - Empow&#039;Her","robots":{"index":"index","follow":"follow","max-snippet":"max-snippet:-1","max-image-preview":"max-image-preview:large","max-video-preview":"max-video-preview:-1"},"canonical":"https:\/\/empow-her.com\/produit\/atelier-maitriser-les-fondamentaux-du-marketing\/","og_locale":"en_US","og_type":"article","og_title":"Atelier - Ma\u00eetriser les fondamentaux du marketing - Empow&#039;Her","og_description":"Plongez au c\u0153ur du marketing digital avec cet atelier con\u00e7u pour vous donner une vision claire des strat\u00e9gies essentielles : SEO, SEA et strat\u00e9gie de contenu.  - D\u00e9couverte des fondamentaux : Comprenez les bases du r\u00e9f\u00e9rencement naturel (SEO), du r\u00e9f\u00e9rencement payant (SEA) et des strat\u00e9gies de contenu pour booster votre visibilit\u00e9.  - Ateliers pratiques : Exp\u00e9rimentez la mise en place d\u2019une strat\u00e9gie digitale et \u00e9laborez une liste de contenus align\u00e9e sur les intentions de recherche des internautes.\u2028- Focus SEO technique &amp; de contenu : Apprenez \u00e0 rechercher et s\u00e9lectionner des mots-cl\u00e9s pertinents pour maximiser votre impact.  - \u00c9changes et Q\/A : Profitez d\u2019un moment interactif pour poser toutes vos questions et repartir avec des cl\u00e9s concr\u00e8tes.  Un atelier dynamique et accessible, id\u00e9al pour structurer votre pr\u00e9sence en ligne et attirer efficacement votre audience ! &#x1f680;  Intervenant.e :\u00a0 Camille Di Vincenzo de Minuit 10&#x1f968;!  J'ai 30 ans et je suis strasbourgeoise. J\u2019ai trois casquettes diff\u00e9rentes : - la cr\u00e9ation de site sur Webflow - la mise en place de strat\u00e9gie SEO - je suis coach en incubateurs  Les outils comme Webflow, Make et Notion sont mes meilleurs acolytes !  A ce jour, j\u2019ai le r\u00f4le de Global Community Leader &#x1f1eb;&#x1f1f7; pour l\u2019outil Webflow car mon but est aussi de mettre en avant les outils no-code aupr\u00e8s du grand public.!  Son super pouvoir : Une bonne humeur en toute circonstance !  Son petit mot : BRAVO ! Vous avez d\u00e9j\u00e0 franchi un grand pas en int\u00e9grant un programme d'accompagnement ! C'est parti pour 12 mois \u00e0 poursuivre l'aventure toutes ensemble dans la bienveillance, l'entraide et la bonne humeur !  Lieu : Sist\u2019Her Paris, 82 rue du Faubourg Saint-Martin  Attention ! Veuillez vous pr\u00e9senter \u00e0 l\u2019heure pour que l\u2019activit\u00e9 puisse commencer \u00e0 temps. Si vous avez du retard veuillez pr\u00e9venir l\u2019intervenant.e. Si vous avez plus de 15 min de retard l\u2019intervenant.e se r\u00e9serve le droit de ne plus vous accepter pour le coaching ou l\u2019atelier.","og_url":"https:\/\/empow-her.com\/produit\/atelier-maitriser-les-fondamentaux-du-marketing\/","og_site_name":"Empow&#039;Her","article_modified_time":"2025-05-15T14:23:11+00:00","og_image":[{"width":1080,"height":1080,"url":"https:\/\/empow-her.com\/wp-content\/uploads\/2025\/05\/Women-Dare-templates-events-2025-05-15T162029.147.png","type":"image\/png"}],"twitter_card":"summary_large_image","twitter_misc":{"Est. reading time":"2 minutes"},"schema":{"@context":"https:\/\/schema.org","@graph":[{"@type":"WebPage","@id":"https:\/\/empow-her.com\/produit\/atelier-maitriser-les-fondamentaux-du-marketing\/","url":"https:\/\/empow-her.com\/produit\/atelier-maitriser-les-fondamentaux-du-marketing\/","name":"Atelier - Ma\u00eetriser les fondamentaux du marketing - Empow&#039;Her","isPartOf":{"@id":"https:\/\/empow-her.com\/#website"},"primaryImageOfPage":{"@id":"https:\/\/empow-her.com\/produit\/atelier-maitriser-les-fondamentaux-du-marketing\/#primaryimage"},"image":{"@id":"https:\/\/empow-her.com\/produit\/atelier-maitriser-les-fondamentaux-du-marketing\/#primaryimage"},"thumbnailUrl":"https:\/\/empow-her.com\/wp-content\/uploads\/2025\/05\/Women-Dare-templates-events-2025-05-15T162029.147.png","datePublished":"2025-05-15T14:08:54+00:00","dateModified":"2025-05-15T14:23:11+00:00","breadcrumb":{"@id":"https:\/\/empow-her.com\/produit\/atelier-maitriser-les-fondamentaux-du-marketing\/#breadcrumb"},"inLanguage":"en-US","potentialAction":[{"@type":"ReadAction","target":["https:\/\/empow-her.com\/produit\/atelier-maitriser-les-fondamentaux-du-marketing\/"]}]},{"@type":"ImageObject","inLanguage":"en-US","@id":"https:\/\/empow-her.com\/produit\/atelier-maitriser-les-fondamentaux-du-marketing\/#primaryimage","url":"https:\/\/empow-her.com\/wp-content\/uploads\/2025\/05\/Women-Dare-templates-events-2025-05-15T162029.147.png","contentUrl":"https:\/\/empow-her.com\/wp-content\/uploads\/2025\/05\/Women-Dare-templates-events-2025-05-15T162029.147.png","width":1080,"height":1080},{"@type":"BreadcrumbList","@id":"https:\/\/empow-her.com\/produit\/atelier-maitriser-les-fondamentaux-du-marketing\/#breadcrumb","itemListElement":[{"@type":"ListItem","position":1,"name":"Accueil","item":"https:\/\/empow-her.com\/en\/landing-page\/"},{"@type":"ListItem","position":2,"name":"LA BOUTIQUE","item":"https:\/\/empow-her.com\/boutique\/"},{"@type":"ListItem","position":3,"name":"Atelier &#8211; Ma\u00eetriser les fondamentaux du marketing"}]},{"@type":"WebSite","@id":"https:\/\/empow-her.com\/#website","url":"https:\/\/empow-her.com\/","name":"Empow&#039;Her","description":"Women Development","potentialAction":[{"@type":"SearchAction","target":{"@type":"EntryPoint","urlTemplate":"https:\/\/empow-her.com\/?s={search_term_string}"},"query-input":{"@type":"PropertyValueSpecification","valueRequired":true,"valueName":"search_term_string"}}],"inLanguage":"en-US"}]}},"_links":{"self":[{"href":"https:\/\/empow-her.com\/en\/wp-json\/wp\/v2\/product\/267390","targetHints":{"allow":["GET"]}}],"collection":[{"href":"https:\/\/empow-her.com\/en\/wp-json\/wp\/v2\/product"}],"about":[{"href":"https:\/\/empow-her.com\/en\/wp-json\/wp\/v2\/types\/product"}],"wp:featuredmedia":[{"embeddable":true,"href":"https:\/\/empow-her.com\/en\/wp-json\/wp\/v2\/media\/267394"}],"wp:attachment":[{"href":"https:\/\/empow-her.com\/en\/wp-json\/wp\/v2\/media?parent=267390"}],"wp:term":[{"taxonomy":"product_brand","embeddable":true,"href":"https:\/\/empow-her.com\/en\/wp-json\/wp\/v2\/product_brand?post=267390"},{"taxonomy":"product_cat","embeddable":true,"href":"https:\/\/empow-her.com\/en\/wp-json\/wp\/v2\/product_cat?post=267390"},{"taxonomy":"product_tag","embeddable":true,"href":"https:\/\/empow-her.com\/en\/wp-json\/wp\/v2\/product_tag?post=267390"},{"taxonomy":"lieu","embeddable":true,"href":"https:\/\/empow-her.com\/en\/wp-json\/wp\/v2\/lieu?post=267390"},{"taxonomy":"thematiques","embeddable":true,"href":"https:\/\/empow-her.com\/en\/wp-json\/wp\/v2\/thematiques?post=267390"}],"curies":[{"name":"wp","href":"https:\/\/api.w.org\/{rel}","templated":true}]}}