{"id":267337,"date":"2025-05-14T22:01:10","date_gmt":"2025-05-14T20:01:10","guid":{"rendered":"https:\/\/empow-her.com\/?post_type=product&#038;p=267337"},"modified":"2025-05-14T22:06:09","modified_gmt":"2025-05-14T20:06:09","slug":"coaching-prototyper-et-lancer-son-projet-2","status":"publish","type":"product","link":"https:\/\/empow-her.com\/en\/produit\/coaching-prototyper-et-lancer-son-projet-2\/","title":{"rendered":"Coaching &#8211; Prototyper et lancer son projet"},"content":{"rendered":"<p>&#x1f4e2; Coaching &#8211; Prototyper et lancer son projet<\/p>\n<p>Passer de l\u2019id\u00e9e \u00e0 l\u2019action est une \u00e9tape cl\u00e9 dans le d\u00e9veloppement d\u2019un projet. Ce coaching individuel vous accompagne dans la d\u00e9finition des fonctionnalit\u00e9s essentielles de votre MVP et la cr\u00e9ation d\u2019un prototype fonctionnel. Nous pourrons \u00e9galement aborder les strat\u00e9gies de lancement digital pour structurer efficacement votre pr\u00e9sence en ligne.<\/p>\n<p>&#x1f4a1; Ce que nous pourrons aborder<\/p>\n<p>&#x1f539; Prioriser les fonctionnalit\u00e9s cl\u00e9s de son projet<br \/>\nIdentifier les \u00e9l\u00e9ments essentiels \u00e0 int\u00e9grer dans un premier prototype pour tester son id\u00e9e rapidement et efficacement.<\/p>\n<p>&#x1f539; Cr\u00e9er un wireframe ou une maquette de landing page<br \/>\nConstruire une premi\u00e8re version visuelle de son site ou application pour structurer son message et faciliter l\u2019engagement des utilisateurs.<\/p>\n<p>&#x1f539; Optimiser la hi\u00e9rarchisation des id\u00e9es et du contenu<br \/>\nOrganiser l\u2019information et rendre l\u2019exp\u00e9rience utilisateur fluide pour maximiser l\u2019impact de votre landing page ou de votre produit.<\/p>\n<p>&#x1f539; \u00c9tablir une strat\u00e9gie de lancement digital<br \/>\nD\u00e9finir les premi\u00e8res actions \u00e0 mettre en place pour attirer vos premiers utilisateurs et tester votre projet sur le march\u00e9.<\/p>\n<p>&#x1f4cc; Pr\u00e9-requis<\/p>\n<p>&#x2714; Avoir une id\u00e9e de projet avec une premi\u00e8re r\u00e9flexion sur son offre<br \/>\n&#x2714; \u00catre pr\u00eat.e \u00e0 structurer son prototype et \u00e0 poser les bases de son lancement digital<\/p>\n<p>Ce coaching est con\u00e7u pour vous aider \u00e0 avancer concr\u00e8tement sur votre MVP et \u00e0 poser les bases d\u2019un lancement structur\u00e9 et efficace.<\/p>\n<p><strong>Intervenante : <\/strong>Je m\u2019appelle Camille Di Vincenzo &#x1f968;<br \/>\nJ&#8217;ai 30 ans et je suis strasbourgeoise.<br \/>\nJ\u2019ai trois casquettes diff\u00e9rentes :<br \/>\n&#8211; la cr\u00e9ation de site sur Webflow<br \/>\n&#8211; la mise en place de strat\u00e9gie SEO<br \/>\n&#8211; je suis coach en incubateurs<br \/>\nLes outils comme Webflow, Make et Notion sont mes meilleurs acolytes !<br \/>\nA ce jour, j\u2019ai le r\u00f4le de Global Community Leader &#x1f1eb;&#x1f1f7; pour l\u2019outil Webflow car mon but est aussi de mettre en avant les outils no-code aupr\u00e8s du grand public.<\/p>\n<p><strong>Son super pouvoir :\u00a0<\/strong>Une bonne humeur en toute circonstance !<\/p>\n<p><strong>Son petit mot :<\/strong> BRAVO ! Vous avez d\u00e9j\u00e0 franchi un grand pas en int\u00e9grant un programme d&#8217;accompagnement !<br \/>\nC&#8217;est parti pour 12 mois \u00e0 poursuivre l&#8217;aventure toutes ensemble dans la bienveillance, l&#8217;entraide et la bonne humeur !<\/p>\n<p><strong>Attention !<\/strong> Veuillez vous pr\u00e9senter \u00e0 l&#8217;heure pour que l&#8217;activit\u00e9 puisse commencer \u00e0 temps. Si vous avez du retard veuillez pr\u00e9venir l&#8217;intervenant.e. Si vous avez plus de 15 min de retard l&#8217;intervenant.e se r\u00e9serve le droit de ne plus vous accepter pour le coaching ou l&#8217;atelier.<\/p>\n","protected":false},"excerpt":{"rendered":"<p>&#x1f4e2; Coaching &#8211; Prototyper et lancer son projet<\/p>\n<p>Passer de l\u2019id\u00e9e \u00e0 l\u2019action est une \u00e9tape cl\u00e9 dans le d\u00e9veloppement d\u2019un projet. Ce coaching individuel vous accompagne dans la d\u00e9finition des fonctionnalit\u00e9s essentielles de votre MVP et la cr\u00e9ation d\u2019un prototype fonctionnel. Nous pourrons \u00e9galement aborder les strat\u00e9gies de lancement digital pour structurer efficacement votre pr\u00e9sence en ligne.<\/p>\n<p>&#x1f4a1; Ce que nous pourrons aborder<\/p>\n<p>&#x1f539; Prioriser les fonctionnalit\u00e9s cl\u00e9s de son projet<br \/>\nIdentifier les \u00e9l\u00e9ments essentiels \u00e0 int\u00e9grer dans un premier prototype pour tester son id\u00e9e rapidement et efficacement.<\/p>\n<p>&#x1f539; Cr\u00e9er un wireframe ou une maquette de landing page<br \/>\nConstruire une premi\u00e8re version visuelle de son site ou application pour structurer son message et faciliter l\u2019engagement des utilisateurs.<\/p>\n<p>&#x1f539; Optimiser la hi\u00e9rarchisation des id\u00e9es et du contenu<br \/>\nOrganiser l\u2019information et rendre l\u2019exp\u00e9rience utilisateur fluide pour maximiser l\u2019impact de votre landing page ou de votre produit.<\/p>\n<p>&#x1f539; \u00c9tablir une strat\u00e9gie de lancement digital<br \/>\nD\u00e9finir les premi\u00e8res actions \u00e0 mettre en place pour attirer vos premiers utilisateurs et tester votre projet sur le march\u00e9.<\/p>\n<p>&#x1f4cc; Pr\u00e9-requis<\/p>\n<p>&#x2714; Avoir une id\u00e9e de projet avec une premi\u00e8re r\u00e9flexion sur son offre<br \/>\n&#x2714; \u00catre pr\u00eat.e \u00e0 structurer son prototype et \u00e0 poser les bases de son lancement digital<\/p>\n<p>Ce coaching est con\u00e7u pour vous aider \u00e0 avancer concr\u00e8tement sur votre MVP et \u00e0 poser les bases d\u2019un lancement structur\u00e9 et efficace.<\/p>\n<p><strong>Intervenante : <\/strong>Je m\u2019appelle Camille Di Vincenzo &#x1f968;<br \/>\nJ&#8217;ai 30 ans et je suis strasbourgeoise.<br \/>\nJ\u2019ai trois casquettes diff\u00e9rentes :<br \/>\n&#8211; la cr\u00e9ation de site sur Webflow<br \/>\n&#8211; la mise en place de strat\u00e9gie SEO<br \/>\n&#8211; je suis coach en incubateurs<br \/>\nLes outils comme Webflow, Make et Notion sont mes meilleurs acolytes !<br \/>\nA ce jour, j\u2019ai le r\u00f4le de Global Community Leader &#x1f1eb;&#x1f1f7; pour l\u2019outil Webflow car mon but est aussi de mettre en avant les outils no-code aupr\u00e8s du grand public.<\/p>\n<p><strong>Son super pouvoir :\u00a0<\/strong>Une bonne humeur en toute circonstance !<\/p>\n<p><strong>Son petit mot :<\/strong> BRAVO ! Vous avez d\u00e9j\u00e0 franchi un grand pas en int\u00e9grant un programme d&#8217;accompagnement !<br \/>\nC&#8217;est parti pour 12 mois \u00e0 poursuivre l&#8217;aventure toutes ensemble dans la bienveillance, l&#8217;entraide et la bonne humeur !<\/p>\n<p><strong>Attention !<\/strong> Veuillez vous pr\u00e9senter \u00e0 l&#8217;heure pour que l&#8217;activit\u00e9 puisse commencer \u00e0 temps. Si vous avez du retard veuillez pr\u00e9venir l&#8217;intervenant.e. Si vous avez plus de 15 min de retard l&#8217;intervenant.e se r\u00e9serve le droit de ne plus vous accepter pour le coaching ou l&#8217;atelier.<\/p>\n<p>&nbsp;<\/p>\n","protected":false},"featured_media":267338,"template":"","format":"standard","meta":{"_acf_changed":false,"om_disable_all_campaigns":false,"_uf_show_specific_survey":0,"_uf_disable_surveys":false},"product_brand":[],"product_cat":[121],"product_tag":[],"lieu":[125],"thematiques":[],"class_list":{"0":"post-267337","1":"product","2":"type-product","3":"status-publish","4":"format-standard","5":"has-post-thumbnail","7":"product_cat-coaching","8":"lieu-en-ligne","10":"first","11":"instock","12":"virtual","13":"purchasable","14":"product-type-appointment"},"exclude_global_add_ons":[],"addons":[],"acf":[],"yoast_head":"<!-- This site is optimized with the Yoast SEO plugin v24.8 - https:\/\/yoast.com\/wordpress\/plugins\/seo\/ -->\n<title>Coaching - Prototyper et lancer son projet - Empow&#039;Her<\/title>\n<meta name=\"robots\" content=\"index, follow, max-snippet:-1, max-image-preview:large, max-video-preview:-1\" \/>\n<link rel=\"canonical\" href=\"https:\/\/empow-her.com\/produit\/coaching-prototyper-et-lancer-son-projet-2\/\" \/>\n<meta property=\"og:locale\" content=\"en_US\" \/>\n<meta property=\"og:type\" content=\"article\" \/>\n<meta property=\"og:title\" content=\"Coaching - Prototyper et lancer son projet - Empow&#039;Her\" \/>\n<meta property=\"og:description\" content=\"&#x1f4e2; Coaching - Prototyper et lancer son projet  Passer de l\u2019id\u00e9e \u00e0 l\u2019action est une \u00e9tape cl\u00e9 dans le d\u00e9veloppement d\u2019un projet. Ce coaching individuel vous accompagne dans la d\u00e9finition des fonctionnalit\u00e9s essentielles de votre MVP et la cr\u00e9ation d\u2019un prototype fonctionnel. Nous pourrons \u00e9galement aborder les strat\u00e9gies de lancement digital pour structurer efficacement votre pr\u00e9sence en ligne.  &#x1f4a1; Ce que nous pourrons aborder  &#x1f539; Prioriser les fonctionnalit\u00e9s cl\u00e9s de son projet Identifier les \u00e9l\u00e9ments essentiels \u00e0 int\u00e9grer dans un premier prototype pour tester son id\u00e9e rapidement et efficacement.  &#x1f539; Cr\u00e9er un wireframe ou une maquette de landing page Construire une premi\u00e8re version visuelle de son site ou application pour structurer son message et faciliter l\u2019engagement des utilisateurs.  &#x1f539; Optimiser la hi\u00e9rarchisation des id\u00e9es et du contenu Organiser l\u2019information et rendre l\u2019exp\u00e9rience utilisateur fluide pour maximiser l\u2019impact de votre landing page ou de votre produit.  &#x1f539; \u00c9tablir une strat\u00e9gie de lancement digital D\u00e9finir les premi\u00e8res actions \u00e0 mettre en place pour attirer vos premiers utilisateurs et tester votre projet sur le march\u00e9.  &#x1f4cc; Pr\u00e9-requis  &#x2714; Avoir une id\u00e9e de projet avec une premi\u00e8re r\u00e9flexion sur son offre &#x2714; \u00catre pr\u00eat.e \u00e0 structurer son prototype et \u00e0 poser les bases de son lancement digital  Ce coaching est con\u00e7u pour vous aider \u00e0 avancer concr\u00e8tement sur votre MVP et \u00e0 poser les bases d\u2019un lancement structur\u00e9 et efficace.  Intervenante : Je m\u2019appelle Camille Di Vincenzo &#x1f968; J&#039;ai 30 ans et je suis strasbourgeoise. J\u2019ai trois casquettes diff\u00e9rentes : - la cr\u00e9ation de site sur Webflow - la mise en place de strat\u00e9gie SEO - je suis coach en incubateurs Les outils comme Webflow, Make et Notion sont mes meilleurs acolytes ! A ce jour, j\u2019ai le r\u00f4le de Global Community Leader &#x1f1eb;&#x1f1f7; pour l\u2019outil Webflow car mon but est aussi de mettre en avant les outils no-code aupr\u00e8s du grand public.  Son super pouvoir :\u00a0Une bonne humeur en toute circonstance !  Son petit mot : BRAVO ! Vous avez d\u00e9j\u00e0 franchi un grand pas en int\u00e9grant un programme d&#039;accompagnement ! C&#039;est parti pour 12 mois \u00e0 poursuivre l&#039;aventure toutes ensemble dans la bienveillance, l&#039;entraide et la bonne humeur !  Attention ! Veuillez vous pr\u00e9senter \u00e0 l&#039;heure pour que l&#039;activit\u00e9 puisse commencer \u00e0 temps. Si vous avez du retard veuillez pr\u00e9venir l&#039;intervenant.e. Si vous avez plus de 15 min de retard l&#039;intervenant.e se r\u00e9serve le droit de ne plus vous accepter pour le coaching ou l&#039;atelier.  &nbsp;\" \/>\n<meta property=\"og:url\" content=\"https:\/\/empow-her.com\/produit\/coaching-prototyper-et-lancer-son-projet-2\/\" \/>\n<meta property=\"og:site_name\" content=\"Empow&#039;Her\" \/>\n<meta property=\"article:modified_time\" content=\"2025-05-14T20:06:09+00:00\" \/>\n<meta property=\"og:image\" content=\"https:\/\/empow-her.com\/wp-content\/uploads\/2025\/05\/Women-Dare-templates-events-2025-05-14T220502.947.png\" \/>\n\t<meta property=\"og:image:width\" content=\"1080\" \/>\n\t<meta property=\"og:image:height\" content=\"1080\" \/>\n\t<meta property=\"og:image:type\" content=\"image\/png\" \/>\n<meta name=\"twitter:card\" content=\"summary_large_image\" \/>\n<meta name=\"twitter:label1\" content=\"Est. reading time\" \/>\n\t<meta name=\"twitter:data1\" content=\"3 minutes\" \/>\n<script type=\"application\/ld+json\" class=\"yoast-schema-graph\">{\"@context\":\"https:\/\/schema.org\",\"@graph\":[{\"@type\":\"WebPage\",\"@id\":\"https:\/\/empow-her.com\/produit\/coaching-prototyper-et-lancer-son-projet-2\/\",\"url\":\"https:\/\/empow-her.com\/produit\/coaching-prototyper-et-lancer-son-projet-2\/\",\"name\":\"Coaching - Prototyper et lancer son projet - Empow&#039;Her\",\"isPartOf\":{\"@id\":\"https:\/\/empow-her.com\/#website\"},\"primaryImageOfPage\":{\"@id\":\"https:\/\/empow-her.com\/produit\/coaching-prototyper-et-lancer-son-projet-2\/#primaryimage\"},\"image\":{\"@id\":\"https:\/\/empow-her.com\/produit\/coaching-prototyper-et-lancer-son-projet-2\/#primaryimage\"},\"thumbnailUrl\":\"https:\/\/empow-her.com\/wp-content\/uploads\/2025\/05\/Women-Dare-templates-events-2025-05-14T220502.947.png\",\"datePublished\":\"2025-05-14T20:01:10+00:00\",\"dateModified\":\"2025-05-14T20:06:09+00:00\",\"breadcrumb\":{\"@id\":\"https:\/\/empow-her.com\/produit\/coaching-prototyper-et-lancer-son-projet-2\/#breadcrumb\"},\"inLanguage\":\"en-US\",\"potentialAction\":[{\"@type\":\"ReadAction\",\"target\":[\"https:\/\/empow-her.com\/produit\/coaching-prototyper-et-lancer-son-projet-2\/\"]}]},{\"@type\":\"ImageObject\",\"inLanguage\":\"en-US\",\"@id\":\"https:\/\/empow-her.com\/produit\/coaching-prototyper-et-lancer-son-projet-2\/#primaryimage\",\"url\":\"https:\/\/empow-her.com\/wp-content\/uploads\/2025\/05\/Women-Dare-templates-events-2025-05-14T220502.947.png\",\"contentUrl\":\"https:\/\/empow-her.com\/wp-content\/uploads\/2025\/05\/Women-Dare-templates-events-2025-05-14T220502.947.png\",\"width\":1080,\"height\":1080},{\"@type\":\"BreadcrumbList\",\"@id\":\"https:\/\/empow-her.com\/produit\/coaching-prototyper-et-lancer-son-projet-2\/#breadcrumb\",\"itemListElement\":[{\"@type\":\"ListItem\",\"position\":1,\"name\":\"Accueil\",\"item\":\"https:\/\/empow-her.com\/en\/landing-page\/\"},{\"@type\":\"ListItem\",\"position\":2,\"name\":\"LA BOUTIQUE\",\"item\":\"https:\/\/empow-her.com\/boutique\/\"},{\"@type\":\"ListItem\",\"position\":3,\"name\":\"Coaching &#8211; Prototyper et lancer son projet\"}]},{\"@type\":\"WebSite\",\"@id\":\"https:\/\/empow-her.com\/#website\",\"url\":\"https:\/\/empow-her.com\/\",\"name\":\"Empow&#039;Her\",\"description\":\"Women Development\",\"potentialAction\":[{\"@type\":\"SearchAction\",\"target\":{\"@type\":\"EntryPoint\",\"urlTemplate\":\"https:\/\/empow-her.com\/?s={search_term_string}\"},\"query-input\":{\"@type\":\"PropertyValueSpecification\",\"valueRequired\":true,\"valueName\":\"search_term_string\"}}],\"inLanguage\":\"en-US\"}]}<\/script>\n<!-- \/ Yoast SEO plugin. -->","yoast_head_json":{"title":"Coaching - Prototyper et lancer son projet - Empow&#039;Her","robots":{"index":"index","follow":"follow","max-snippet":"max-snippet:-1","max-image-preview":"max-image-preview:large","max-video-preview":"max-video-preview:-1"},"canonical":"https:\/\/empow-her.com\/produit\/coaching-prototyper-et-lancer-son-projet-2\/","og_locale":"en_US","og_type":"article","og_title":"Coaching - Prototyper et lancer son projet - Empow&#039;Her","og_description":"&#x1f4e2; Coaching - Prototyper et lancer son projet  Passer de l\u2019id\u00e9e \u00e0 l\u2019action est une \u00e9tape cl\u00e9 dans le d\u00e9veloppement d\u2019un projet. Ce coaching individuel vous accompagne dans la d\u00e9finition des fonctionnalit\u00e9s essentielles de votre MVP et la cr\u00e9ation d\u2019un prototype fonctionnel. Nous pourrons \u00e9galement aborder les strat\u00e9gies de lancement digital pour structurer efficacement votre pr\u00e9sence en ligne.  &#x1f4a1; Ce que nous pourrons aborder  &#x1f539; Prioriser les fonctionnalit\u00e9s cl\u00e9s de son projet Identifier les \u00e9l\u00e9ments essentiels \u00e0 int\u00e9grer dans un premier prototype pour tester son id\u00e9e rapidement et efficacement.  &#x1f539; Cr\u00e9er un wireframe ou une maquette de landing page Construire une premi\u00e8re version visuelle de son site ou application pour structurer son message et faciliter l\u2019engagement des utilisateurs.  &#x1f539; Optimiser la hi\u00e9rarchisation des id\u00e9es et du contenu Organiser l\u2019information et rendre l\u2019exp\u00e9rience utilisateur fluide pour maximiser l\u2019impact de votre landing page ou de votre produit.  &#x1f539; \u00c9tablir une strat\u00e9gie de lancement digital D\u00e9finir les premi\u00e8res actions \u00e0 mettre en place pour attirer vos premiers utilisateurs et tester votre projet sur le march\u00e9.  &#x1f4cc; Pr\u00e9-requis  &#x2714; Avoir une id\u00e9e de projet avec une premi\u00e8re r\u00e9flexion sur son offre &#x2714; \u00catre pr\u00eat.e \u00e0 structurer son prototype et \u00e0 poser les bases de son lancement digital  Ce coaching est con\u00e7u pour vous aider \u00e0 avancer concr\u00e8tement sur votre MVP et \u00e0 poser les bases d\u2019un lancement structur\u00e9 et efficace.  Intervenante : Je m\u2019appelle Camille Di Vincenzo &#x1f968; J'ai 30 ans et je suis strasbourgeoise. J\u2019ai trois casquettes diff\u00e9rentes : - la cr\u00e9ation de site sur Webflow - la mise en place de strat\u00e9gie SEO - je suis coach en incubateurs Les outils comme Webflow, Make et Notion sont mes meilleurs acolytes ! A ce jour, j\u2019ai le r\u00f4le de Global Community Leader &#x1f1eb;&#x1f1f7; pour l\u2019outil Webflow car mon but est aussi de mettre en avant les outils no-code aupr\u00e8s du grand public.  Son super pouvoir :\u00a0Une bonne humeur en toute circonstance !  Son petit mot : BRAVO ! Vous avez d\u00e9j\u00e0 franchi un grand pas en int\u00e9grant un programme d'accompagnement ! C'est parti pour 12 mois \u00e0 poursuivre l'aventure toutes ensemble dans la bienveillance, l'entraide et la bonne humeur !  Attention ! Veuillez vous pr\u00e9senter \u00e0 l'heure pour que l'activit\u00e9 puisse commencer \u00e0 temps. Si vous avez du retard veuillez pr\u00e9venir l'intervenant.e. Si vous avez plus de 15 min de retard l'intervenant.e se r\u00e9serve le droit de ne plus vous accepter pour le coaching ou l'atelier.  &nbsp;","og_url":"https:\/\/empow-her.com\/produit\/coaching-prototyper-et-lancer-son-projet-2\/","og_site_name":"Empow&#039;Her","article_modified_time":"2025-05-14T20:06:09+00:00","og_image":[{"width":1080,"height":1080,"url":"https:\/\/empow-her.com\/wp-content\/uploads\/2025\/05\/Women-Dare-templates-events-2025-05-14T220502.947.png","type":"image\/png"}],"twitter_card":"summary_large_image","twitter_misc":{"Est. reading time":"3 minutes"},"schema":{"@context":"https:\/\/schema.org","@graph":[{"@type":"WebPage","@id":"https:\/\/empow-her.com\/produit\/coaching-prototyper-et-lancer-son-projet-2\/","url":"https:\/\/empow-her.com\/produit\/coaching-prototyper-et-lancer-son-projet-2\/","name":"Coaching - Prototyper et lancer son projet - Empow&#039;Her","isPartOf":{"@id":"https:\/\/empow-her.com\/#website"},"primaryImageOfPage":{"@id":"https:\/\/empow-her.com\/produit\/coaching-prototyper-et-lancer-son-projet-2\/#primaryimage"},"image":{"@id":"https:\/\/empow-her.com\/produit\/coaching-prototyper-et-lancer-son-projet-2\/#primaryimage"},"thumbnailUrl":"https:\/\/empow-her.com\/wp-content\/uploads\/2025\/05\/Women-Dare-templates-events-2025-05-14T220502.947.png","datePublished":"2025-05-14T20:01:10+00:00","dateModified":"2025-05-14T20:06:09+00:00","breadcrumb":{"@id":"https:\/\/empow-her.com\/produit\/coaching-prototyper-et-lancer-son-projet-2\/#breadcrumb"},"inLanguage":"en-US","potentialAction":[{"@type":"ReadAction","target":["https:\/\/empow-her.com\/produit\/coaching-prototyper-et-lancer-son-projet-2\/"]}]},{"@type":"ImageObject","inLanguage":"en-US","@id":"https:\/\/empow-her.com\/produit\/coaching-prototyper-et-lancer-son-projet-2\/#primaryimage","url":"https:\/\/empow-her.com\/wp-content\/uploads\/2025\/05\/Women-Dare-templates-events-2025-05-14T220502.947.png","contentUrl":"https:\/\/empow-her.com\/wp-content\/uploads\/2025\/05\/Women-Dare-templates-events-2025-05-14T220502.947.png","width":1080,"height":1080},{"@type":"BreadcrumbList","@id":"https:\/\/empow-her.com\/produit\/coaching-prototyper-et-lancer-son-projet-2\/#breadcrumb","itemListElement":[{"@type":"ListItem","position":1,"name":"Accueil","item":"https:\/\/empow-her.com\/en\/landing-page\/"},{"@type":"ListItem","position":2,"name":"LA BOUTIQUE","item":"https:\/\/empow-her.com\/boutique\/"},{"@type":"ListItem","position":3,"name":"Coaching &#8211; Prototyper et lancer son projet"}]},{"@type":"WebSite","@id":"https:\/\/empow-her.com\/#website","url":"https:\/\/empow-her.com\/","name":"Empow&#039;Her","description":"Women Development","potentialAction":[{"@type":"SearchAction","target":{"@type":"EntryPoint","urlTemplate":"https:\/\/empow-her.com\/?s={search_term_string}"},"query-input":{"@type":"PropertyValueSpecification","valueRequired":true,"valueName":"search_term_string"}}],"inLanguage":"en-US"}]}},"_links":{"self":[{"href":"https:\/\/empow-her.com\/en\/wp-json\/wp\/v2\/product\/267337","targetHints":{"allow":["GET"]}}],"collection":[{"href":"https:\/\/empow-her.com\/en\/wp-json\/wp\/v2\/product"}],"about":[{"href":"https:\/\/empow-her.com\/en\/wp-json\/wp\/v2\/types\/product"}],"wp:featuredmedia":[{"embeddable":true,"href":"https:\/\/empow-her.com\/en\/wp-json\/wp\/v2\/media\/267338"}],"wp:attachment":[{"href":"https:\/\/empow-her.com\/en\/wp-json\/wp\/v2\/media?parent=267337"}],"wp:term":[{"taxonomy":"product_brand","embeddable":true,"href":"https:\/\/empow-her.com\/en\/wp-json\/wp\/v2\/product_brand?post=267337"},{"taxonomy":"product_cat","embeddable":true,"href":"https:\/\/empow-her.com\/en\/wp-json\/wp\/v2\/product_cat?post=267337"},{"taxonomy":"product_tag","embeddable":true,"href":"https:\/\/empow-her.com\/en\/wp-json\/wp\/v2\/product_tag?post=267337"},{"taxonomy":"lieu","embeddable":true,"href":"https:\/\/empow-her.com\/en\/wp-json\/wp\/v2\/lieu?post=267337"},{"taxonomy":"thematiques","embeddable":true,"href":"https:\/\/empow-her.com\/en\/wp-json\/wp\/v2\/thematiques?post=267337"}],"curies":[{"name":"wp","href":"https:\/\/api.w.org\/{rel}","templated":true}]}}