{"id":267205,"date":"2025-05-07T14:36:26","date_gmt":"2025-05-07T12:36:26","guid":{"rendered":"https:\/\/empow-her.com\/?post_type=product&#038;p=267205"},"modified":"2025-05-07T14:43:16","modified_gmt":"2025-05-07T12:43:16","slug":"atelier-negociation-commerciale","status":"publish","type":"product","link":"https:\/\/empow-her.com\/en\/produit\/atelier-negociation-commerciale\/","title":{"rendered":"Atelier &#8211; N\u00e9gociation commerciale"},"content":{"rendered":"<div class=\"p-rich_text_section\">Aller rencontrer ses premiers prospects est toujours difficile : syndr\u00f4me de l&#8217;impostrice, peur des objections, prix qui semble tr\u00e8s \u00e9lev\u00e9&#8230; Dans cet atelier, nous l\u00e9verons ces freins et vous armeront pour r\u00e9ussir vos premiers entretiens commerciaux, en :<\/div>\n<div><\/div>\n<div class=\"p-rich_text_section\">construisant un argumentaire commercial impactant et coh\u00e9rent<\/div>\n<ul class=\"p-rich_text_list p-rich_text_list__bullet p-rich_text_list--nested\" data-stringify-type=\"unordered-list\" data-list-tree=\"true\" data-indent=\"0\" data-border=\"0\">\n<li data-stringify-indent=\"0\" data-stringify-border=\"0\">anticipant les enjeux et difficult\u00e9s de l\u2019entretien commercial<\/li>\n<li data-stringify-indent=\"0\" data-stringify-border=\"0\">pr\u00e9parant les leviers de n\u00e9gociation et les r\u00e9ponses \u00e0 apporter<\/li>\n<li data-stringify-indent=\"0\" data-stringify-border=\"0\">s&#8217;entra\u00eenant sur un premier exercice de n\u00e9gociation pour comprendre ses m\u00e9canismes.<\/li>\n<\/ul>\n<div class=\"p-rich_text_section\"><strong>Intervenant : Alexandre Sourzac-Lami :<\/strong> Apr\u00e8s son double dipl\u00f4me \u00e0 l\u2019Ecole Centrale Paris et l\u2019ESCP Europe, Alexandre a cr\u00e9\u00e9 l\u2019entreprise sociale Fuso et travaill\u00e9 dans le secteur du conseil en France puis en Allemagne. Fondateur de +1, Alexandre habite d\u00e9sormais \u00e0 Bruxelles d\u2019o\u00f9 il accompagne les entrepreneur\u00b7e\u00b7s et dirigeant\u00b7e\u00b7s fran\u00e7ais et belges, notamment dans le secteur de l\u2019ESS, sur leur mod\u00e8le \u00e9conomique. L&#8217;objectif : rendre le monde plus solidaire et durable par l&#8217;entrepreneuriat.<\/div>\n<div><\/div>\n<div><strong>Son super pouvoir :<\/strong> Convertir d&#8217;un claquement de doigts un projet en chiffres&#8230; et r\u00e9ciproquement<\/div>\n<div>\n<p><strong>Son petit mot :<\/strong> Plus qu&#8217;une id\u00e9e g\u00e9niale, ce qu&#8217;il faut \u00e0 une entrepreneure pour r\u00e9ussir c&#8217;est un mod\u00e8le \u00e9conomique solidaire, c&#8217;est-\u00e0-dire qui inclut toutes les parties prenantes de son \u00e9cosyst\u00e8me dans la cr\u00e9ation de valeur.<\/p>\n<\/div>\n","protected":false},"excerpt":{"rendered":"<div class=\"p-rich_text_section\">Aller rencontrer ses premiers prospects est toujours difficile : syndr\u00f4me de l&#8217;impostrice, peur des objections, prix qui semble tr\u00e8s \u00e9lev\u00e9&#8230; Dans cet atelier, nous l\u00e9verons ces freins et vous armeront pour r\u00e9ussir vos premiers entretiens commerciaux, en :<\/div>\n<ul class=\"p-rich_text_list p-rich_text_list__bullet p-rich_text_list--nested\" data-stringify-type=\"unordered-list\" data-list-tree=\"true\" data-indent=\"0\" data-border=\"0\">\n<li data-stringify-indent=\"0\" data-stringify-border=\"0\">construisant un argumentaire commercial impactant et coh\u00e9rent<\/li>\n<li data-stringify-indent=\"0\" data-stringify-border=\"0\">anticipant les enjeux et difficult\u00e9s de l\u2019entretien commercial<\/li>\n<li data-stringify-indent=\"0\" data-stringify-border=\"0\">pr\u00e9parant les leviers de n\u00e9gociation et les r\u00e9ponses \u00e0 apporter<\/li>\n<li data-stringify-indent=\"0\" data-stringify-border=\"0\">s&#8217;entra\u00eenant sur un premier exercice de n\u00e9gociation pour comprendre ses m\u00e9canismes.<\/li>\n<\/ul>\n<div class=\"p-rich_text_section\"><strong>Intervenant : Alexandre Sourzac-Lami :<\/strong> Apr\u00e8s son double dipl\u00f4me \u00e0 l\u2019Ecole Centrale Paris et l\u2019ESCP Europe, Alexandre a cr\u00e9\u00e9 l\u2019entreprise sociale Fuso et travaill\u00e9 dans le secteur du conseil en France puis en Allemagne. Fondateur de +1, Alexandre habite d\u00e9sormais \u00e0 Bruxelles d\u2019o\u00f9 il accompagne les entrepreneur\u00b7e\u00b7s et dirigeant\u00b7e\u00b7s fran\u00e7ais et belges, notamment dans le secteur de l\u2019ESS, sur leur mod\u00e8le \u00e9conomique. L&#8217;objectif : rendre le monde plus solidaire et durable par l&#8217;entrepreneuriat.<\/div>\n<div><\/div>\n<div><strong>Son super pouvoir :<\/strong> Convertir d&#8217;un claquement de doigts un projet en chiffres&#8230; et r\u00e9ciproquement<\/div>\n<div>\n<p><strong>Son petit mot :<\/strong> Plus qu&#8217;une id\u00e9e g\u00e9niale, ce qu&#8217;il faut \u00e0 une entrepreneure pour r\u00e9ussir c&#8217;est un mod\u00e8le \u00e9conomique solidaire, c&#8217;est-\u00e0-dire qui inclut toutes les parties prenantes de son \u00e9cosyst\u00e8me dans la cr\u00e9ation de valeur.<\/p>\n<\/div>\n<p>&nbsp;<\/p>\n","protected":false},"featured_media":267206,"template":"","format":"standard","meta":{"_acf_changed":false,"om_disable_all_campaigns":false,"_uf_show_specific_survey":0,"_uf_disable_surveys":false},"product_brand":[],"product_cat":[118],"product_tag":[132],"lieu":[],"thematiques":[],"class_list":{"0":"post-267205","1":"product","2":"type-product","3":"status-publish","4":"format-standard","5":"has-post-thumbnail","7":"product_cat-atelier-collectif","8":"product_tag-sisther","10":"first","11":"instock","12":"virtual","13":"purchasable","14":"product-type-appointment"},"exclude_global_add_ons":[],"addons":[],"acf":[],"yoast_head":"<!-- This site is optimized with the Yoast SEO plugin v24.8 - https:\/\/yoast.com\/wordpress\/plugins\/seo\/ -->\n<title>Atelier - N\u00e9gociation commerciale - Empow&#039;Her<\/title>\n<meta name=\"robots\" content=\"index, follow, max-snippet:-1, max-image-preview:large, max-video-preview:-1\" \/>\n<link rel=\"canonical\" href=\"https:\/\/empow-her.com\/produit\/atelier-negociation-commerciale\/\" \/>\n<meta property=\"og:locale\" content=\"en_US\" \/>\n<meta property=\"og:type\" content=\"article\" \/>\n<meta property=\"og:title\" content=\"Atelier - N\u00e9gociation commerciale - Empow&#039;Her\" \/>\n<meta property=\"og:description\" content=\"Aller rencontrer ses premiers prospects est toujours difficile : syndr\u00f4me de l&#039;impostrice, peur des objections, prix qui semble tr\u00e8s \u00e9lev\u00e9... Dans cet atelier, nous l\u00e9verons ces freins et vous armeront pour r\u00e9ussir vos premiers entretiens commerciaux, en :   construisant un argumentaire commercial impactant et coh\u00e9rent  anticipant les enjeux et difficult\u00e9s de l\u2019entretien commercial  pr\u00e9parant les leviers de n\u00e9gociation et les r\u00e9ponses \u00e0 apporter  s&#039;entra\u00eenant sur un premier exercice de n\u00e9gociation pour comprendre ses m\u00e9canismes.  Intervenant : Alexandre Sourzac-Lami : Apr\u00e8s son double dipl\u00f4me \u00e0 l\u2019Ecole Centrale Paris et l\u2019ESCP Europe, Alexandre a cr\u00e9\u00e9 l\u2019entreprise sociale Fuso et travaill\u00e9 dans le secteur du conseil en France puis en Allemagne. Fondateur de +1, Alexandre habite d\u00e9sormais \u00e0 Bruxelles d\u2019o\u00f9 il accompagne les entrepreneur\u00b7e\u00b7s et dirigeant\u00b7e\u00b7s fran\u00e7ais et belges, notamment dans le secteur de l\u2019ESS, sur leur mod\u00e8le \u00e9conomique. L&#039;objectif : rendre le monde plus solidaire et durable par l&#039;entrepreneuriat.  Son super pouvoir : Convertir d&#039;un claquement de doigts un projet en chiffres... et r\u00e9ciproquement   Son petit mot : Plus qu&#039;une id\u00e9e g\u00e9niale, ce qu&#039;il faut \u00e0 une entrepreneure pour r\u00e9ussir c&#039;est un mod\u00e8le \u00e9conomique solidaire, c&#039;est-\u00e0-dire qui inclut toutes les parties prenantes de son \u00e9cosyst\u00e8me dans la cr\u00e9ation de valeur.   &nbsp;\" \/>\n<meta property=\"og:url\" content=\"https:\/\/empow-her.com\/produit\/atelier-negociation-commerciale\/\" \/>\n<meta property=\"og:site_name\" content=\"Empow&#039;Her\" \/>\n<meta property=\"article:modified_time\" content=\"2025-05-07T12:43:16+00:00\" \/>\n<meta property=\"og:image\" content=\"https:\/\/empow-her.com\/wp-content\/uploads\/2025\/05\/Women-Dare-templates-events-2025-05-07T144153.275.png\" \/>\n\t<meta property=\"og:image:width\" content=\"1080\" \/>\n\t<meta property=\"og:image:height\" content=\"1080\" \/>\n\t<meta property=\"og:image:type\" content=\"image\/png\" \/>\n<meta name=\"twitter:card\" content=\"summary_large_image\" \/>\n<meta name=\"twitter:label1\" content=\"Est. reading time\" \/>\n\t<meta name=\"twitter:data1\" content=\"2 minutes\" \/>\n<script type=\"application\/ld+json\" class=\"yoast-schema-graph\">{\"@context\":\"https:\/\/schema.org\",\"@graph\":[{\"@type\":\"WebPage\",\"@id\":\"https:\/\/empow-her.com\/produit\/atelier-negociation-commerciale\/\",\"url\":\"https:\/\/empow-her.com\/produit\/atelier-negociation-commerciale\/\",\"name\":\"Atelier - N\u00e9gociation commerciale - Empow&#039;Her\",\"isPartOf\":{\"@id\":\"https:\/\/empow-her.com\/#website\"},\"primaryImageOfPage\":{\"@id\":\"https:\/\/empow-her.com\/produit\/atelier-negociation-commerciale\/#primaryimage\"},\"image\":{\"@id\":\"https:\/\/empow-her.com\/produit\/atelier-negociation-commerciale\/#primaryimage\"},\"thumbnailUrl\":\"https:\/\/empow-her.com\/wp-content\/uploads\/2025\/05\/Women-Dare-templates-events-2025-05-07T144153.275.png\",\"datePublished\":\"2025-05-07T12:36:26+00:00\",\"dateModified\":\"2025-05-07T12:43:16+00:00\",\"breadcrumb\":{\"@id\":\"https:\/\/empow-her.com\/produit\/atelier-negociation-commerciale\/#breadcrumb\"},\"inLanguage\":\"en-US\",\"potentialAction\":[{\"@type\":\"ReadAction\",\"target\":[\"https:\/\/empow-her.com\/produit\/atelier-negociation-commerciale\/\"]}]},{\"@type\":\"ImageObject\",\"inLanguage\":\"en-US\",\"@id\":\"https:\/\/empow-her.com\/produit\/atelier-negociation-commerciale\/#primaryimage\",\"url\":\"https:\/\/empow-her.com\/wp-content\/uploads\/2025\/05\/Women-Dare-templates-events-2025-05-07T144153.275.png\",\"contentUrl\":\"https:\/\/empow-her.com\/wp-content\/uploads\/2025\/05\/Women-Dare-templates-events-2025-05-07T144153.275.png\",\"width\":1080,\"height\":1080},{\"@type\":\"BreadcrumbList\",\"@id\":\"https:\/\/empow-her.com\/produit\/atelier-negociation-commerciale\/#breadcrumb\",\"itemListElement\":[{\"@type\":\"ListItem\",\"position\":1,\"name\":\"Accueil\",\"item\":\"https:\/\/empow-her.com\/en\/landing-page\/\"},{\"@type\":\"ListItem\",\"position\":2,\"name\":\"LA BOUTIQUE\",\"item\":\"https:\/\/empow-her.com\/boutique\/\"},{\"@type\":\"ListItem\",\"position\":3,\"name\":\"Atelier &#8211; N\u00e9gociation commerciale\"}]},{\"@type\":\"WebSite\",\"@id\":\"https:\/\/empow-her.com\/#website\",\"url\":\"https:\/\/empow-her.com\/\",\"name\":\"Empow&#039;Her\",\"description\":\"Women Development\",\"potentialAction\":[{\"@type\":\"SearchAction\",\"target\":{\"@type\":\"EntryPoint\",\"urlTemplate\":\"https:\/\/empow-her.com\/?s={search_term_string}\"},\"query-input\":{\"@type\":\"PropertyValueSpecification\",\"valueRequired\":true,\"valueName\":\"search_term_string\"}}],\"inLanguage\":\"en-US\"}]}<\/script>\n<!-- \/ Yoast SEO plugin. -->","yoast_head_json":{"title":"Atelier - N\u00e9gociation commerciale - Empow&#039;Her","robots":{"index":"index","follow":"follow","max-snippet":"max-snippet:-1","max-image-preview":"max-image-preview:large","max-video-preview":"max-video-preview:-1"},"canonical":"https:\/\/empow-her.com\/produit\/atelier-negociation-commerciale\/","og_locale":"en_US","og_type":"article","og_title":"Atelier - N\u00e9gociation commerciale - Empow&#039;Her","og_description":"Aller rencontrer ses premiers prospects est toujours difficile : syndr\u00f4me de l'impostrice, peur des objections, prix qui semble tr\u00e8s \u00e9lev\u00e9... Dans cet atelier, nous l\u00e9verons ces freins et vous armeront pour r\u00e9ussir vos premiers entretiens commerciaux, en :   construisant un argumentaire commercial impactant et coh\u00e9rent  anticipant les enjeux et difficult\u00e9s de l\u2019entretien commercial  pr\u00e9parant les leviers de n\u00e9gociation et les r\u00e9ponses \u00e0 apporter  s'entra\u00eenant sur un premier exercice de n\u00e9gociation pour comprendre ses m\u00e9canismes.  Intervenant : Alexandre Sourzac-Lami : Apr\u00e8s son double dipl\u00f4me \u00e0 l\u2019Ecole Centrale Paris et l\u2019ESCP Europe, Alexandre a cr\u00e9\u00e9 l\u2019entreprise sociale Fuso et travaill\u00e9 dans le secteur du conseil en France puis en Allemagne. Fondateur de +1, Alexandre habite d\u00e9sormais \u00e0 Bruxelles d\u2019o\u00f9 il accompagne les entrepreneur\u00b7e\u00b7s et dirigeant\u00b7e\u00b7s fran\u00e7ais et belges, notamment dans le secteur de l\u2019ESS, sur leur mod\u00e8le \u00e9conomique. L'objectif : rendre le monde plus solidaire et durable par l'entrepreneuriat.  Son super pouvoir : Convertir d'un claquement de doigts un projet en chiffres... et r\u00e9ciproquement   Son petit mot : Plus qu'une id\u00e9e g\u00e9niale, ce qu'il faut \u00e0 une entrepreneure pour r\u00e9ussir c'est un mod\u00e8le \u00e9conomique solidaire, c'est-\u00e0-dire qui inclut toutes les parties prenantes de son \u00e9cosyst\u00e8me dans la cr\u00e9ation de valeur.   &nbsp;","og_url":"https:\/\/empow-her.com\/produit\/atelier-negociation-commerciale\/","og_site_name":"Empow&#039;Her","article_modified_time":"2025-05-07T12:43:16+00:00","og_image":[{"width":1080,"height":1080,"url":"https:\/\/empow-her.com\/wp-content\/uploads\/2025\/05\/Women-Dare-templates-events-2025-05-07T144153.275.png","type":"image\/png"}],"twitter_card":"summary_large_image","twitter_misc":{"Est. reading time":"2 minutes"},"schema":{"@context":"https:\/\/schema.org","@graph":[{"@type":"WebPage","@id":"https:\/\/empow-her.com\/produit\/atelier-negociation-commerciale\/","url":"https:\/\/empow-her.com\/produit\/atelier-negociation-commerciale\/","name":"Atelier - N\u00e9gociation commerciale - Empow&#039;Her","isPartOf":{"@id":"https:\/\/empow-her.com\/#website"},"primaryImageOfPage":{"@id":"https:\/\/empow-her.com\/produit\/atelier-negociation-commerciale\/#primaryimage"},"image":{"@id":"https:\/\/empow-her.com\/produit\/atelier-negociation-commerciale\/#primaryimage"},"thumbnailUrl":"https:\/\/empow-her.com\/wp-content\/uploads\/2025\/05\/Women-Dare-templates-events-2025-05-07T144153.275.png","datePublished":"2025-05-07T12:36:26+00:00","dateModified":"2025-05-07T12:43:16+00:00","breadcrumb":{"@id":"https:\/\/empow-her.com\/produit\/atelier-negociation-commerciale\/#breadcrumb"},"inLanguage":"en-US","potentialAction":[{"@type":"ReadAction","target":["https:\/\/empow-her.com\/produit\/atelier-negociation-commerciale\/"]}]},{"@type":"ImageObject","inLanguage":"en-US","@id":"https:\/\/empow-her.com\/produit\/atelier-negociation-commerciale\/#primaryimage","url":"https:\/\/empow-her.com\/wp-content\/uploads\/2025\/05\/Women-Dare-templates-events-2025-05-07T144153.275.png","contentUrl":"https:\/\/empow-her.com\/wp-content\/uploads\/2025\/05\/Women-Dare-templates-events-2025-05-07T144153.275.png","width":1080,"height":1080},{"@type":"BreadcrumbList","@id":"https:\/\/empow-her.com\/produit\/atelier-negociation-commerciale\/#breadcrumb","itemListElement":[{"@type":"ListItem","position":1,"name":"Accueil","item":"https:\/\/empow-her.com\/en\/landing-page\/"},{"@type":"ListItem","position":2,"name":"LA BOUTIQUE","item":"https:\/\/empow-her.com\/boutique\/"},{"@type":"ListItem","position":3,"name":"Atelier &#8211; N\u00e9gociation commerciale"}]},{"@type":"WebSite","@id":"https:\/\/empow-her.com\/#website","url":"https:\/\/empow-her.com\/","name":"Empow&#039;Her","description":"Women Development","potentialAction":[{"@type":"SearchAction","target":{"@type":"EntryPoint","urlTemplate":"https:\/\/empow-her.com\/?s={search_term_string}"},"query-input":{"@type":"PropertyValueSpecification","valueRequired":true,"valueName":"search_term_string"}}],"inLanguage":"en-US"}]}},"_links":{"self":[{"href":"https:\/\/empow-her.com\/en\/wp-json\/wp\/v2\/product\/267205","targetHints":{"allow":["GET"]}}],"collection":[{"href":"https:\/\/empow-her.com\/en\/wp-json\/wp\/v2\/product"}],"about":[{"href":"https:\/\/empow-her.com\/en\/wp-json\/wp\/v2\/types\/product"}],"wp:featuredmedia":[{"embeddable":true,"href":"https:\/\/empow-her.com\/en\/wp-json\/wp\/v2\/media\/267206"}],"wp:attachment":[{"href":"https:\/\/empow-her.com\/en\/wp-json\/wp\/v2\/media?parent=267205"}],"wp:term":[{"taxonomy":"product_brand","embeddable":true,"href":"https:\/\/empow-her.com\/en\/wp-json\/wp\/v2\/product_brand?post=267205"},{"taxonomy":"product_cat","embeddable":true,"href":"https:\/\/empow-her.com\/en\/wp-json\/wp\/v2\/product_cat?post=267205"},{"taxonomy":"product_tag","embeddable":true,"href":"https:\/\/empow-her.com\/en\/wp-json\/wp\/v2\/product_tag?post=267205"},{"taxonomy":"lieu","embeddable":true,"href":"https:\/\/empow-her.com\/en\/wp-json\/wp\/v2\/lieu?post=267205"},{"taxonomy":"thematiques","embeddable":true,"href":"https:\/\/empow-her.com\/en\/wp-json\/wp\/v2\/thematiques?post=267205"}],"curies":[{"name":"wp","href":"https:\/\/api.w.org\/{rel}","templated":true}]}}