{"id":266902,"date":"2025-04-18T16:00:06","date_gmt":"2025-04-18T14:00:06","guid":{"rendered":"https:\/\/empow-her.com\/?post_type=product&#038;p=266902"},"modified":"2025-04-18T16:33:49","modified_gmt":"2025-04-18T14:33:49","slug":"atelier-developper-son-intelligence-emotionnelle","status":"publish","type":"product","link":"https:\/\/empow-her.com\/en\/produit\/atelier-developper-son-intelligence-emotionnelle\/","title":{"rendered":"Atelier &#8211; D\u00e9velopper son intelligence \u00e9motionnelle"},"content":{"rendered":"<p><span data-sheets-root=\"1\"><strong>&#x1f4e2;<\/strong><\/span><strong>Besoins :<\/strong> Vous ressentez des freins dans votre mani\u00e8re de d\u00e9fendre votre projet ou de vous affirmer dans une discussion ? Vous avez le sentiment de ne pas exprimer vos besoins ou vos limites ? Vous souhaiteriez comprendre comment fonctionnent les \u00e9motions, pour \u00eatre plus \u00e0 l\u2019aise dans l\u2019\u00e9change et l\u2019ouverture \u00e0 d\u2019autres points de vue ?<\/p>\n<p><strong>Objectifs :<\/strong> Cet atelier est con\u00e7u pour vous aider \u00e0 comprendre comment fonctionne une \u00e9motion, pour mieux y r\u00e9pondre et en faire une force. L\u2019objectif est de vous aider \u00e0 prendre confiance dans vos ressentis, \u00e0 formuler des demandes claires et entendables, \u00e0 vous relier \u00e0 l\u2019autre sans oublier de prendre soin de vous.<\/p>\n<p><strong>D\u00e9roul\u00e9 :<\/strong><br \/>\n\u25cf Apports th\u00e9oriques en lien avec la psychologie comportementale et le coaching<br \/>\n\u25cf S\u00e9quences ludiques pour exp\u00e9rimenter et ancrer les apports th\u00e9oriques (jeux, mises en sc\u00e8ne\u2026)<br \/>\n\u25cf Temps d\u2019introspection personnelle pour approfondir vos r\u00e9flexions<br \/>\n\u25cf Moments d\u2019\u00e9change en groupe pour partager vos exp\u00e9riences, si vous le souhaitez, \u00e9largir vos perspectives et favoriser des prises de conscience gr\u00e2ce \u00e0 la dynamique collective.<\/p>\n<p>Intervenante : <strong>Laure Bonnerot<\/strong> : Apr\u00e8s un parcours professionnel dans le monde du livre, je suis attentive aux histoires et aux mots. Aujourd\u2019hui coach, j\u2019aime mettre en lumi\u00e8re les &#8220;p\u00e9pites&#8221; oubli\u00e9es des personnes que j\u2019accompagne, cela pour soutenir le changement qu\u2019elles souhaitent mettre en place dans leurs vies. Que je sois en entreprise, en associatif ou aupr\u00e8s de particuliers, j\u2019aime questionner, \u00e9couter, observer les personnes que j\u2019accompagne, pour faire \u00e9merger ce qu\u2019il y a de pr\u00e9cieux et d\u2019unique chez elles ; et qu\u2019\u00e0 leur tour, elles le mettent \u00e0 profit dans leurs vies, leurs m\u00e9tiers et leurs environnements.<\/p>\n<p><strong>Son super pouvoir :<\/strong> Attentive, Accueillante, A l&#8217;\u00e9coute !<\/p>\n<p><strong>Son petit mot : Bravo !<\/strong> Et comme personne ne l&#8217;a mieux r\u00e9sum\u00e9 qu&#8217;Oscar Wilde, je le cite : &#8220;Soyez vous-m\u00eame, les autres sont d\u00e9j\u00e0 pris !&#8221;<\/p>\n","protected":false},"excerpt":{"rendered":"<p><span data-sheets-root=\"1\"><strong>&#x1f4e2;<\/strong><\/span><strong>Besoins :<\/strong> Vous ressentez des freins dans votre mani\u00e8re de d\u00e9fendre votre projet ou de vous affirmer dans une discussion ? Vous avez le sentiment de ne pas exprimer vos besoins ou vos limites ? Vous souhaiteriez comprendre comment fonctionnent les \u00e9motions, pour \u00eatre plus \u00e0 l\u2019aise dans l\u2019\u00e9change et l\u2019ouverture \u00e0 d\u2019autres points de vue ?<\/p>\n<p><strong>Objectifs :<\/strong> Cet atelier est con\u00e7u pour vous aider \u00e0 comprendre comment fonctionne une \u00e9motion, pour mieux y r\u00e9pondre et en faire une force. L\u2019objectif est de vous aider \u00e0 prendre confiance dans vos ressentis, \u00e0 formuler des demandes claires et entendables, \u00e0 vous relier \u00e0 l\u2019autre sans oublier de prendre soin de vous.<\/p>\n<p><strong>D\u00e9roul\u00e9 :<\/strong><br \/>\n\u25cf Apports th\u00e9oriques en lien avec la psychologie comportementale et le coaching<br \/>\n\u25cf S\u00e9quences ludiques pour exp\u00e9rimenter et ancrer les apports th\u00e9oriques (jeux, mises en sc\u00e8ne\u2026)<br \/>\n\u25cf Temps d\u2019introspection personnelle pour approfondir vos r\u00e9flexions<br \/>\n\u25cf Moments d\u2019\u00e9change en groupe pour partager vos exp\u00e9riences, si vous le souhaitez, \u00e9largir vos perspectives et favoriser des prises de conscience gr\u00e2ce \u00e0 la dynamique collective.<\/p>\n<p>Intervenante : <strong>Laure Bonnerot<\/strong> : Apr\u00e8s un parcours professionnel dans le monde du livre, je suis attentive aux histoires et aux mots. Aujourd\u2019hui coach, j\u2019aime mettre en lumi\u00e8re les &#8220;p\u00e9pites&#8221; oubli\u00e9es des personnes que j\u2019accompagne, cela pour soutenir le changement qu\u2019elles souhaitent mettre en place dans leurs vies. Que je sois en entreprise, en associatif ou aupr\u00e8s de particuliers, j\u2019aime questionner, \u00e9couter, observer les personnes que j\u2019accompagne, pour faire \u00e9merger ce qu\u2019il y a de pr\u00e9cieux et d\u2019unique chez elles ; et qu\u2019\u00e0 leur tour, elles le mettent \u00e0 profit dans leurs vies, leurs m\u00e9tiers et leurs environnements.<\/p>\n<p><strong>Son super pouvoir :<\/strong> Attentive, Accueillante, A l&#8217;\u00e9coute !<\/p>\n<p><strong>Son petit mot : Bravo !<\/strong> Et comme personne ne l&#8217;a mieux r\u00e9sum\u00e9 qu&#8217;Oscar Wilde, je le cite : &#8220;Soyez vous-m\u00eame, les autres sont d\u00e9j\u00e0 pris !&#8221;<\/p>\n","protected":false},"featured_media":266906,"template":"","format":"standard","meta":{"_acf_changed":false,"om_disable_all_campaigns":false,"_uf_show_specific_survey":0,"_uf_disable_surveys":false},"product_brand":[],"product_cat":[118],"product_tag":[132],"lieu":[],"thematiques":[],"class_list":{"0":"post-266902","1":"product","2":"type-product","3":"status-publish","4":"format-standard","5":"has-post-thumbnail","7":"product_cat-atelier-collectif","8":"product_tag-sisther","10":"first","11":"instock","12":"virtual","13":"purchasable","14":"product-type-appointment"},"exclude_global_add_ons":[],"addons":[],"acf":[],"yoast_head":"<!-- This site is optimized with the Yoast SEO plugin v24.8 - https:\/\/yoast.com\/wordpress\/plugins\/seo\/ -->\n<title>Atelier - D\u00e9velopper son intelligence \u00e9motionnelle - Empow&#039;Her<\/title>\n<meta name=\"robots\" content=\"index, follow, max-snippet:-1, max-image-preview:large, max-video-preview:-1\" \/>\n<link rel=\"canonical\" href=\"https:\/\/empow-her.com\/produit\/atelier-developper-son-intelligence-emotionnelle\/\" \/>\n<meta property=\"og:locale\" content=\"en_US\" \/>\n<meta property=\"og:type\" content=\"article\" \/>\n<meta property=\"og:title\" content=\"Atelier - D\u00e9velopper son intelligence \u00e9motionnelle - Empow&#039;Her\" \/>\n<meta property=\"og:description\" content=\"&#x1f4e2;Besoins : Vous ressentez des freins dans votre mani\u00e8re de d\u00e9fendre votre projet ou de vous affirmer dans une discussion ? Vous avez le sentiment de ne pas exprimer vos besoins ou vos limites ? Vous souhaiteriez comprendre comment fonctionnent les \u00e9motions, pour \u00eatre plus \u00e0 l\u2019aise dans l\u2019\u00e9change et l\u2019ouverture \u00e0 d\u2019autres points de vue ?  Objectifs : Cet atelier est con\u00e7u pour vous aider \u00e0 comprendre comment fonctionne une \u00e9motion, pour mieux y r\u00e9pondre et en faire une force. L\u2019objectif est de vous aider \u00e0 prendre confiance dans vos ressentis, \u00e0 formuler des demandes claires et entendables, \u00e0 vous relier \u00e0 l\u2019autre sans oublier de prendre soin de vous.  D\u00e9roul\u00e9 : \u25cf Apports th\u00e9oriques en lien avec la psychologie comportementale et le coaching \u25cf S\u00e9quences ludiques pour exp\u00e9rimenter et ancrer les apports th\u00e9oriques (jeux, mises en sc\u00e8ne\u2026) \u25cf Temps d\u2019introspection personnelle pour approfondir vos r\u00e9flexions \u25cf Moments d\u2019\u00e9change en groupe pour partager vos exp\u00e9riences, si vous le souhaitez, \u00e9largir vos perspectives et favoriser des prises de conscience gr\u00e2ce \u00e0 la dynamique collective.  Intervenante : Laure Bonnerot : Apr\u00e8s un parcours professionnel dans le monde du livre, je suis attentive aux histoires et aux mots. Aujourd\u2019hui coach, j\u2019aime mettre en lumi\u00e8re les &quot;p\u00e9pites&quot; oubli\u00e9es des personnes que j\u2019accompagne, cela pour soutenir le changement qu\u2019elles souhaitent mettre en place dans leurs vies. Que je sois en entreprise, en associatif ou aupr\u00e8s de particuliers, j\u2019aime questionner, \u00e9couter, observer les personnes que j\u2019accompagne, pour faire \u00e9merger ce qu\u2019il y a de pr\u00e9cieux et d\u2019unique chez elles ; et qu\u2019\u00e0 leur tour, elles le mettent \u00e0 profit dans leurs vies, leurs m\u00e9tiers et leurs environnements.  Son super pouvoir : Attentive, Accueillante, A l&#039;\u00e9coute !  Son petit mot : Bravo ! Et comme personne ne l&#039;a mieux r\u00e9sum\u00e9 qu&#039;Oscar Wilde, je le cite : &quot;Soyez vous-m\u00eame, les autres sont d\u00e9j\u00e0 pris !&quot;\" \/>\n<meta property=\"og:url\" content=\"https:\/\/empow-her.com\/produit\/atelier-developper-son-intelligence-emotionnelle\/\" \/>\n<meta property=\"og:site_name\" content=\"Empow&#039;Her\" \/>\n<meta property=\"article:modified_time\" content=\"2025-04-18T14:33:49+00:00\" \/>\n<meta property=\"og:image\" content=\"https:\/\/empow-her.com\/wp-content\/uploads\/2025\/04\/Women-Dare-templates-events-2025-04-18T162349.480.png\" \/>\n\t<meta property=\"og:image:width\" content=\"1080\" \/>\n\t<meta property=\"og:image:height\" content=\"1080\" \/>\n\t<meta property=\"og:image:type\" content=\"image\/png\" \/>\n<meta name=\"twitter:card\" content=\"summary_large_image\" \/>\n<meta name=\"twitter:label1\" content=\"Est. reading time\" \/>\n\t<meta name=\"twitter:data1\" content=\"2 minutes\" \/>\n<script type=\"application\/ld+json\" class=\"yoast-schema-graph\">{\"@context\":\"https:\/\/schema.org\",\"@graph\":[{\"@type\":\"WebPage\",\"@id\":\"https:\/\/empow-her.com\/produit\/atelier-developper-son-intelligence-emotionnelle\/\",\"url\":\"https:\/\/empow-her.com\/produit\/atelier-developper-son-intelligence-emotionnelle\/\",\"name\":\"Atelier - D\u00e9velopper son intelligence \u00e9motionnelle - Empow&#039;Her\",\"isPartOf\":{\"@id\":\"https:\/\/empow-her.com\/#website\"},\"primaryImageOfPage\":{\"@id\":\"https:\/\/empow-her.com\/produit\/atelier-developper-son-intelligence-emotionnelle\/#primaryimage\"},\"image\":{\"@id\":\"https:\/\/empow-her.com\/produit\/atelier-developper-son-intelligence-emotionnelle\/#primaryimage\"},\"thumbnailUrl\":\"https:\/\/empow-her.com\/wp-content\/uploads\/2025\/04\/Women-Dare-templates-events-2025-04-18T162349.480.png\",\"datePublished\":\"2025-04-18T14:00:06+00:00\",\"dateModified\":\"2025-04-18T14:33:49+00:00\",\"breadcrumb\":{\"@id\":\"https:\/\/empow-her.com\/produit\/atelier-developper-son-intelligence-emotionnelle\/#breadcrumb\"},\"inLanguage\":\"en-US\",\"potentialAction\":[{\"@type\":\"ReadAction\",\"target\":[\"https:\/\/empow-her.com\/produit\/atelier-developper-son-intelligence-emotionnelle\/\"]}]},{\"@type\":\"ImageObject\",\"inLanguage\":\"en-US\",\"@id\":\"https:\/\/empow-her.com\/produit\/atelier-developper-son-intelligence-emotionnelle\/#primaryimage\",\"url\":\"https:\/\/empow-her.com\/wp-content\/uploads\/2025\/04\/Women-Dare-templates-events-2025-04-18T162349.480.png\",\"contentUrl\":\"https:\/\/empow-her.com\/wp-content\/uploads\/2025\/04\/Women-Dare-templates-events-2025-04-18T162349.480.png\",\"width\":1080,\"height\":1080},{\"@type\":\"BreadcrumbList\",\"@id\":\"https:\/\/empow-her.com\/produit\/atelier-developper-son-intelligence-emotionnelle\/#breadcrumb\",\"itemListElement\":[{\"@type\":\"ListItem\",\"position\":1,\"name\":\"Accueil\",\"item\":\"https:\/\/empow-her.com\/en\/landing-page\/\"},{\"@type\":\"ListItem\",\"position\":2,\"name\":\"LA BOUTIQUE\",\"item\":\"https:\/\/empow-her.com\/boutique\/\"},{\"@type\":\"ListItem\",\"position\":3,\"name\":\"Atelier &#8211; D\u00e9velopper son intelligence \u00e9motionnelle\"}]},{\"@type\":\"WebSite\",\"@id\":\"https:\/\/empow-her.com\/#website\",\"url\":\"https:\/\/empow-her.com\/\",\"name\":\"Empow&#039;Her\",\"description\":\"Women Development\",\"potentialAction\":[{\"@type\":\"SearchAction\",\"target\":{\"@type\":\"EntryPoint\",\"urlTemplate\":\"https:\/\/empow-her.com\/?s={search_term_string}\"},\"query-input\":{\"@type\":\"PropertyValueSpecification\",\"valueRequired\":true,\"valueName\":\"search_term_string\"}}],\"inLanguage\":\"en-US\"}]}<\/script>\n<!-- \/ Yoast SEO plugin. -->","yoast_head_json":{"title":"Atelier - D\u00e9velopper son intelligence \u00e9motionnelle - Empow&#039;Her","robots":{"index":"index","follow":"follow","max-snippet":"max-snippet:-1","max-image-preview":"max-image-preview:large","max-video-preview":"max-video-preview:-1"},"canonical":"https:\/\/empow-her.com\/produit\/atelier-developper-son-intelligence-emotionnelle\/","og_locale":"en_US","og_type":"article","og_title":"Atelier - D\u00e9velopper son intelligence \u00e9motionnelle - Empow&#039;Her","og_description":"&#x1f4e2;Besoins : Vous ressentez des freins dans votre mani\u00e8re de d\u00e9fendre votre projet ou de vous affirmer dans une discussion ? Vous avez le sentiment de ne pas exprimer vos besoins ou vos limites ? Vous souhaiteriez comprendre comment fonctionnent les \u00e9motions, pour \u00eatre plus \u00e0 l\u2019aise dans l\u2019\u00e9change et l\u2019ouverture \u00e0 d\u2019autres points de vue ?  Objectifs : Cet atelier est con\u00e7u pour vous aider \u00e0 comprendre comment fonctionne une \u00e9motion, pour mieux y r\u00e9pondre et en faire une force. L\u2019objectif est de vous aider \u00e0 prendre confiance dans vos ressentis, \u00e0 formuler des demandes claires et entendables, \u00e0 vous relier \u00e0 l\u2019autre sans oublier de prendre soin de vous.  D\u00e9roul\u00e9 : \u25cf Apports th\u00e9oriques en lien avec la psychologie comportementale et le coaching \u25cf S\u00e9quences ludiques pour exp\u00e9rimenter et ancrer les apports th\u00e9oriques (jeux, mises en sc\u00e8ne\u2026) \u25cf Temps d\u2019introspection personnelle pour approfondir vos r\u00e9flexions \u25cf Moments d\u2019\u00e9change en groupe pour partager vos exp\u00e9riences, si vous le souhaitez, \u00e9largir vos perspectives et favoriser des prises de conscience gr\u00e2ce \u00e0 la dynamique collective.  Intervenante : Laure Bonnerot : Apr\u00e8s un parcours professionnel dans le monde du livre, je suis attentive aux histoires et aux mots. Aujourd\u2019hui coach, j\u2019aime mettre en lumi\u00e8re les \"p\u00e9pites\" oubli\u00e9es des personnes que j\u2019accompagne, cela pour soutenir le changement qu\u2019elles souhaitent mettre en place dans leurs vies. Que je sois en entreprise, en associatif ou aupr\u00e8s de particuliers, j\u2019aime questionner, \u00e9couter, observer les personnes que j\u2019accompagne, pour faire \u00e9merger ce qu\u2019il y a de pr\u00e9cieux et d\u2019unique chez elles ; et qu\u2019\u00e0 leur tour, elles le mettent \u00e0 profit dans leurs vies, leurs m\u00e9tiers et leurs environnements.  Son super pouvoir : Attentive, Accueillante, A l'\u00e9coute !  Son petit mot : Bravo ! Et comme personne ne l'a mieux r\u00e9sum\u00e9 qu'Oscar Wilde, je le cite : \"Soyez vous-m\u00eame, les autres sont d\u00e9j\u00e0 pris !\"","og_url":"https:\/\/empow-her.com\/produit\/atelier-developper-son-intelligence-emotionnelle\/","og_site_name":"Empow&#039;Her","article_modified_time":"2025-04-18T14:33:49+00:00","og_image":[{"width":1080,"height":1080,"url":"https:\/\/empow-her.com\/wp-content\/uploads\/2025\/04\/Women-Dare-templates-events-2025-04-18T162349.480.png","type":"image\/png"}],"twitter_card":"summary_large_image","twitter_misc":{"Est. reading time":"2 minutes"},"schema":{"@context":"https:\/\/schema.org","@graph":[{"@type":"WebPage","@id":"https:\/\/empow-her.com\/produit\/atelier-developper-son-intelligence-emotionnelle\/","url":"https:\/\/empow-her.com\/produit\/atelier-developper-son-intelligence-emotionnelle\/","name":"Atelier - D\u00e9velopper son intelligence \u00e9motionnelle - Empow&#039;Her","isPartOf":{"@id":"https:\/\/empow-her.com\/#website"},"primaryImageOfPage":{"@id":"https:\/\/empow-her.com\/produit\/atelier-developper-son-intelligence-emotionnelle\/#primaryimage"},"image":{"@id":"https:\/\/empow-her.com\/produit\/atelier-developper-son-intelligence-emotionnelle\/#primaryimage"},"thumbnailUrl":"https:\/\/empow-her.com\/wp-content\/uploads\/2025\/04\/Women-Dare-templates-events-2025-04-18T162349.480.png","datePublished":"2025-04-18T14:00:06+00:00","dateModified":"2025-04-18T14:33:49+00:00","breadcrumb":{"@id":"https:\/\/empow-her.com\/produit\/atelier-developper-son-intelligence-emotionnelle\/#breadcrumb"},"inLanguage":"en-US","potentialAction":[{"@type":"ReadAction","target":["https:\/\/empow-her.com\/produit\/atelier-developper-son-intelligence-emotionnelle\/"]}]},{"@type":"ImageObject","inLanguage":"en-US","@id":"https:\/\/empow-her.com\/produit\/atelier-developper-son-intelligence-emotionnelle\/#primaryimage","url":"https:\/\/empow-her.com\/wp-content\/uploads\/2025\/04\/Women-Dare-templates-events-2025-04-18T162349.480.png","contentUrl":"https:\/\/empow-her.com\/wp-content\/uploads\/2025\/04\/Women-Dare-templates-events-2025-04-18T162349.480.png","width":1080,"height":1080},{"@type":"BreadcrumbList","@id":"https:\/\/empow-her.com\/produit\/atelier-developper-son-intelligence-emotionnelle\/#breadcrumb","itemListElement":[{"@type":"ListItem","position":1,"name":"Accueil","item":"https:\/\/empow-her.com\/en\/landing-page\/"},{"@type":"ListItem","position":2,"name":"LA BOUTIQUE","item":"https:\/\/empow-her.com\/boutique\/"},{"@type":"ListItem","position":3,"name":"Atelier &#8211; D\u00e9velopper son intelligence \u00e9motionnelle"}]},{"@type":"WebSite","@id":"https:\/\/empow-her.com\/#website","url":"https:\/\/empow-her.com\/","name":"Empow&#039;Her","description":"Women Development","potentialAction":[{"@type":"SearchAction","target":{"@type":"EntryPoint","urlTemplate":"https:\/\/empow-her.com\/?s={search_term_string}"},"query-input":{"@type":"PropertyValueSpecification","valueRequired":true,"valueName":"search_term_string"}}],"inLanguage":"en-US"}]}},"_links":{"self":[{"href":"https:\/\/empow-her.com\/en\/wp-json\/wp\/v2\/product\/266902","targetHints":{"allow":["GET"]}}],"collection":[{"href":"https:\/\/empow-her.com\/en\/wp-json\/wp\/v2\/product"}],"about":[{"href":"https:\/\/empow-her.com\/en\/wp-json\/wp\/v2\/types\/product"}],"wp:featuredmedia":[{"embeddable":true,"href":"https:\/\/empow-her.com\/en\/wp-json\/wp\/v2\/media\/266906"}],"wp:attachment":[{"href":"https:\/\/empow-her.com\/en\/wp-json\/wp\/v2\/media?parent=266902"}],"wp:term":[{"taxonomy":"product_brand","embeddable":true,"href":"https:\/\/empow-her.com\/en\/wp-json\/wp\/v2\/product_brand?post=266902"},{"taxonomy":"product_cat","embeddable":true,"href":"https:\/\/empow-her.com\/en\/wp-json\/wp\/v2\/product_cat?post=266902"},{"taxonomy":"product_tag","embeddable":true,"href":"https:\/\/empow-her.com\/en\/wp-json\/wp\/v2\/product_tag?post=266902"},{"taxonomy":"lieu","embeddable":true,"href":"https:\/\/empow-her.com\/en\/wp-json\/wp\/v2\/lieu?post=266902"},{"taxonomy":"thematiques","embeddable":true,"href":"https:\/\/empow-her.com\/en\/wp-json\/wp\/v2\/thematiques?post=266902"}],"curies":[{"name":"wp","href":"https:\/\/api.w.org\/{rel}","templated":true}]}}