{"id":266877,"date":"2025-04-17T12:22:55","date_gmt":"2025-04-17T10:22:55","guid":{"rendered":"https:\/\/empow-her.com\/?post_type=product&#038;p=266877"},"modified":"2025-04-17T12:44:46","modified_gmt":"2025-04-17T10:44:46","slug":"bootcamp-faire-emerger-son-projet-entrepreneurial-30","status":"publish","type":"product","link":"https:\/\/empow-her.com\/en\/produit\/bootcamp-faire-emerger-son-projet-entrepreneurial-30\/","title":{"rendered":"Bootcamp &#8211; Faire \u00e9merger son projet entrepreneurial"},"content":{"rendered":"<div>Vous souhaitez construire un projet qui vous ressemble, r\u00e9v\u00e9ler l\u2019entrepreneure qui sommeille en vous, prendre confiance en votre potentiel et approfondir votre mission\u00a0 ? Alors ce bootcamp est fait pour vous ! &#x1f30e;<\/div>\n<div>\n<div class=\"p-rich_text_section\">Pendant deux jours en immersion avec un groupe de porteuses de projet, travaillez sur vos motivations, identifiez le probl\u00e8me \u00e0 r\u00e9soudre qui vous tient \u00e0 c\u0153ur, trouvez une mission qui fait sens et prenez confiance en votre potentiel d\u2019entrepreneure !<\/div>\n<div class=\"p-rich_text_section\">\n<p>Chez Empow\u2019Her, nous sommes intimement convaincues que chacune porte en elle la force et les clefs pour d\u00e9velopper un projet \u00e0 son image, et qu\u2019il suffit parfois d\u2019une rencontre, d\u2019un r\u00e9seau, d\u2019un d\u00e9clic \u2013 pour se lancer. &#x1f64c;<\/p>\n<\/div>\n<div><\/div>\n<div class=\"p-rich_text_section\"><b data-stringify-type=\"bold\">Au programme <strong>&#x1f50d;<\/strong><\/b><\/div>\n<ul class=\"p-rich_text_list p-rich_text_list__bullet\" data-stringify-type=\"unordered-list\" data-indent=\"0\" data-border=\"0\">\n<li data-stringify-indent=\"0\" data-stringify-border=\"0\">Aligner ses valeurs et ses motivations avec son projet d\u2019entreprendre<\/li>\n<li data-stringify-indent=\"0\" data-stringify-border=\"0\">Prendre confiance en ses forces et adopter une posture d\u2019entrepreneure<\/li>\n<li data-stringify-indent=\"0\" data-stringify-border=\"0\">Faire \u00e9merger une id\u00e9e de projet qui r\u00e9pond \u00e0 un besoin r\u00e9el<\/li>\n<li data-stringify-indent=\"0\" data-stringify-border=\"0\">Pr\u00e9parer un premier plan d&#8217;action avec la m\u00e9thode des petits pas<\/li>\n<li data-stringify-indent=\"0\" data-stringify-border=\"0\">Pr\u00e9senter son projet et soi-m\u00eame avec impact et assurance<\/li>\n<\/ul>\n<div class=\"p-rich_text_section\"><b data-stringify-type=\"bold\">Le bootcamp en r\u00e9sum\u00e9 <strong>&#x1f386;<\/strong><\/b><\/div>\n<div class=\"p-rich_text_section\"><strong>Deux journ\u00e9es le jeudi &amp; vendredi , de 9h30 \u00e0 17h00<\/strong><br \/>\n\u2013 Un groupe de participantes motiv\u00e9es, pour cr\u00e9er de vraies synergies<br \/>\n\u2013 Une m\u00e9thodologie, bas\u00e9e sur l\u2019intelligence collective et le partage<br \/>\n\u2013 Des outils et des contenus pour travailler sur l\u2019\u00e9cosyst\u00e8me de votre projet, conna\u00eetre vos b\u00e9n\u00e9ficiaires, d\u00e9finir une premi\u00e8re proposition de valeur et la mise en action par l&#8217;effectuation et le pitch !<br \/>\n\u2013 Des moments d\u2019\u00e9change entre futures entrepreneures pour se poser les bonnes questions et s\u2019entraider pour y r\u00e9pondre.<br \/>\n<b data-stringify-type=\"bold\"><\/b><\/div>\n<div><\/div>\n<div class=\"p-rich_text_section\">\n<p><b data-stringify-type=\"bold\">Lieu :\u00a0<\/b>Sist\u2019Her Paris, 82 rue du Faubourg Saint-Martin, Paris 10\u00e8me.<\/p>\n<\/div>\n<\/div>\n","protected":false},"excerpt":{"rendered":"<div>Vous souhaitez construire un projet qui vous ressemble, r\u00e9v\u00e9ler l\u2019entrepreneure qui sommeille en vous, prendre confiance en votre potentiel et approfondir votre mission\u00a0 ? Alors ce bootcamp est fait pour vous ! &#x1f30e;<\/div>\n<div>\n<div class=\"p-rich_text_section\">Pendant deux jours en immersion avec un groupe de porteuses de projet, travaillez sur vos motivations, identifiez le probl\u00e8me \u00e0 r\u00e9soudre qui vous tient \u00e0 c\u0153ur, trouvez une mission qui fait sens et prenez confiance en votre potentiel d\u2019entrepreneure !<\/div>\n<div class=\"p-rich_text_section\">\n<p>Chez Empow\u2019Her, nous sommes intimement convaincues que chacune porte en elle la force et les clefs pour d\u00e9velopper un projet \u00e0 son image, et qu\u2019il suffit parfois d\u2019une rencontre, d\u2019un r\u00e9seau, d\u2019un d\u00e9clic \u2013 pour se lancer. &#x1f64c;<\/p>\n<\/div>\n<div><\/div>\n<div class=\"p-rich_text_section\"><b data-stringify-type=\"bold\">Au programme <strong>&#x1f50d;<\/strong><\/b><\/div>\n<ul class=\"p-rich_text_list p-rich_text_list__bullet\" data-stringify-type=\"unordered-list\" data-indent=\"0\" data-border=\"0\">\n<li data-stringify-indent=\"0\" data-stringify-border=\"0\">Aligner ses valeurs et ses motivations avec son projet d\u2019entreprendre<\/li>\n<li data-stringify-indent=\"0\" data-stringify-border=\"0\">Prendre confiance en ses forces et adopter une posture d\u2019entrepreneure<\/li>\n<li data-stringify-indent=\"0\" data-stringify-border=\"0\">Faire \u00e9merger une id\u00e9e de projet qui r\u00e9pond \u00e0 un besoin r\u00e9el<\/li>\n<li data-stringify-indent=\"0\" data-stringify-border=\"0\">Pr\u00e9parer un premier plan d&#8217;action avec la m\u00e9thode des petits pas<\/li>\n<li data-stringify-indent=\"0\" data-stringify-border=\"0\">Pr\u00e9senter son projet et soi-m\u00eame avec impact et assurance<\/li>\n<\/ul>\n<div class=\"p-rich_text_section\"><b data-stringify-type=\"bold\">Le bootcamp en r\u00e9sum\u00e9 <strong>&#x1f386;<\/strong><\/b><\/div>\n<div class=\"p-rich_text_section\"><strong>Deux journ\u00e9es le jeudi &amp; vendredi , de 9h30 \u00e0 17h00<\/strong><br \/>\n\u2013 Un groupe de participantes motiv\u00e9es, pour cr\u00e9er de vraies synergies<br \/>\n\u2013 Une m\u00e9thodologie, bas\u00e9e sur l\u2019intelligence collective et le partage<br \/>\n\u2013 Des outils et des contenus pour travailler sur l\u2019\u00e9cosyst\u00e8me de votre projet, conna\u00eetre vos b\u00e9n\u00e9ficiaires, d\u00e9finir une premi\u00e8re proposition de valeur et la mise en action par l&#8217;effectuation et le pitch !<br \/>\n\u2013 Des moments d\u2019\u00e9change entre futures entrepreneures pour se poser les bonnes questions et s\u2019entraider pour y r\u00e9pondre.<br \/>\n<b data-stringify-type=\"bold\"><\/b><\/div>\n<div><\/div>\n<div class=\"p-rich_text_section\">\n<p><b data-stringify-type=\"bold\">Lieu :\u00a0<\/b>Sist\u2019Her Paris, 82 rue du Faubourg Saint-Martin, Paris 10\u00e8me.<\/p>\n<\/div>\n<\/div>\n","protected":false},"featured_media":266878,"template":"","format":"standard","meta":{"_acf_changed":false,"om_disable_all_campaigns":false,"_uf_show_specific_survey":0,"_uf_disable_surveys":false},"product_brand":[],"product_cat":[122],"product_tag":[],"lieu":[127],"thematiques":[],"class_list":{"0":"post-266877","1":"product","2":"type-product","3":"status-publish","4":"format-standard","5":"has-post-thumbnail","7":"product_cat-bootcamp","8":"lieu-hub-empowher","10":"first","11":"instock","12":"virtual","13":"purchasable","14":"product-type-appointment"},"exclude_global_add_ons":[],"addons":[],"acf":[],"yoast_head":"<!-- This site is optimized with the Yoast SEO plugin v24.8 - https:\/\/yoast.com\/wordpress\/plugins\/seo\/ -->\n<title>Bootcamp - Faire \u00e9merger son projet entrepreneurial - Empow&#039;Her<\/title>\n<meta name=\"robots\" content=\"index, follow, max-snippet:-1, max-image-preview:large, max-video-preview:-1\" \/>\n<link rel=\"canonical\" href=\"https:\/\/empow-her.com\/produit\/bootcamp-faire-emerger-son-projet-entrepreneurial-30\/\" \/>\n<meta property=\"og:locale\" content=\"en_US\" \/>\n<meta property=\"og:type\" content=\"article\" \/>\n<meta property=\"og:title\" content=\"Bootcamp - Faire \u00e9merger son projet entrepreneurial - Empow&#039;Her\" \/>\n<meta property=\"og:description\" content=\"Vous souhaitez construire un projet qui vous ressemble, r\u00e9v\u00e9ler l\u2019entrepreneure qui sommeille en vous, prendre confiance en votre potentiel et approfondir votre mission\u00a0 ? Alors ce bootcamp est fait pour vous ! &#x1f30e;  Pendant deux jours en immersion avec un groupe de porteuses de projet, travaillez sur vos motivations, identifiez le probl\u00e8me \u00e0 r\u00e9soudre qui vous tient \u00e0 c\u0153ur, trouvez une mission qui fait sens et prenez confiance en votre potentiel d\u2019entrepreneure !   Chez Empow\u2019Her, nous sommes intimement convaincues que chacune porte en elle la force et les clefs pour d\u00e9velopper un projet \u00e0 son image, et qu\u2019il suffit parfois d\u2019une rencontre, d\u2019un r\u00e9seau, d\u2019un d\u00e9clic \u2013 pour se lancer. &#x1f64c;    Au programme &#x1f50d;   Aligner ses valeurs et ses motivations avec son projet d\u2019entreprendre  Prendre confiance en ses forces et adopter une posture d\u2019entrepreneure  Faire \u00e9merger une id\u00e9e de projet qui r\u00e9pond \u00e0 un besoin r\u00e9el  Pr\u00e9parer un premier plan d&#039;action avec la m\u00e9thode des petits pas  Pr\u00e9senter son projet et soi-m\u00eame avec impact et assurance  Le bootcamp en r\u00e9sum\u00e9 &#x1f386; Deux journ\u00e9es le jeudi &amp; vendredi , de 9h30 \u00e0 17h00 \u2013 Un groupe de participantes motiv\u00e9es, pour cr\u00e9er de vraies synergies \u2013 Une m\u00e9thodologie, bas\u00e9e sur l\u2019intelligence collective et le partage \u2013 Des outils et des contenus pour travailler sur l\u2019\u00e9cosyst\u00e8me de votre projet, conna\u00eetre vos b\u00e9n\u00e9ficiaires, d\u00e9finir une premi\u00e8re proposition de valeur et la mise en action par l&#039;effectuation et le pitch ! \u2013 Des moments d\u2019\u00e9change entre futures entrepreneures pour se poser les bonnes questions et s\u2019entraider pour y r\u00e9pondre.     Lieu :\u00a0Sist\u2019Her Paris, 82 rue du Faubourg Saint-Martin, Paris 10\u00e8me.\" \/>\n<meta property=\"og:url\" content=\"https:\/\/empow-her.com\/produit\/bootcamp-faire-emerger-son-projet-entrepreneurial-30\/\" \/>\n<meta property=\"og:site_name\" content=\"Empow&#039;Her\" \/>\n<meta property=\"article:modified_time\" content=\"2025-04-17T10:44:46+00:00\" \/>\n<meta property=\"og:image\" content=\"https:\/\/empow-her.com\/wp-content\/uploads\/2025\/04\/BOOTCAMP-3.png\" \/>\n\t<meta property=\"og:image:width\" content=\"1080\" \/>\n\t<meta property=\"og:image:height\" content=\"1080\" \/>\n\t<meta property=\"og:image:type\" content=\"image\/png\" \/>\n<meta name=\"twitter:card\" content=\"summary_large_image\" \/>\n<meta name=\"twitter:label1\" content=\"Est. reading time\" \/>\n\t<meta name=\"twitter:data1\" content=\"2 minutes\" \/>\n<script type=\"application\/ld+json\" class=\"yoast-schema-graph\">{\"@context\":\"https:\/\/schema.org\",\"@graph\":[{\"@type\":\"WebPage\",\"@id\":\"https:\/\/empow-her.com\/produit\/bootcamp-faire-emerger-son-projet-entrepreneurial-30\/\",\"url\":\"https:\/\/empow-her.com\/produit\/bootcamp-faire-emerger-son-projet-entrepreneurial-30\/\",\"name\":\"Bootcamp - Faire \u00e9merger son projet entrepreneurial - Empow&#039;Her\",\"isPartOf\":{\"@id\":\"https:\/\/empow-her.com\/#website\"},\"primaryImageOfPage\":{\"@id\":\"https:\/\/empow-her.com\/produit\/bootcamp-faire-emerger-son-projet-entrepreneurial-30\/#primaryimage\"},\"image\":{\"@id\":\"https:\/\/empow-her.com\/produit\/bootcamp-faire-emerger-son-projet-entrepreneurial-30\/#primaryimage\"},\"thumbnailUrl\":\"https:\/\/empow-her.com\/wp-content\/uploads\/2025\/04\/BOOTCAMP-3.png\",\"datePublished\":\"2025-04-17T10:22:55+00:00\",\"dateModified\":\"2025-04-17T10:44:46+00:00\",\"breadcrumb\":{\"@id\":\"https:\/\/empow-her.com\/produit\/bootcamp-faire-emerger-son-projet-entrepreneurial-30\/#breadcrumb\"},\"inLanguage\":\"en-US\",\"potentialAction\":[{\"@type\":\"ReadAction\",\"target\":[\"https:\/\/empow-her.com\/produit\/bootcamp-faire-emerger-son-projet-entrepreneurial-30\/\"]}]},{\"@type\":\"ImageObject\",\"inLanguage\":\"en-US\",\"@id\":\"https:\/\/empow-her.com\/produit\/bootcamp-faire-emerger-son-projet-entrepreneurial-30\/#primaryimage\",\"url\":\"https:\/\/empow-her.com\/wp-content\/uploads\/2025\/04\/BOOTCAMP-3.png\",\"contentUrl\":\"https:\/\/empow-her.com\/wp-content\/uploads\/2025\/04\/BOOTCAMP-3.png\",\"width\":1080,\"height\":1080},{\"@type\":\"BreadcrumbList\",\"@id\":\"https:\/\/empow-her.com\/produit\/bootcamp-faire-emerger-son-projet-entrepreneurial-30\/#breadcrumb\",\"itemListElement\":[{\"@type\":\"ListItem\",\"position\":1,\"name\":\"Accueil\",\"item\":\"https:\/\/empow-her.com\/en\/landing-page\/\"},{\"@type\":\"ListItem\",\"position\":2,\"name\":\"LA BOUTIQUE\",\"item\":\"https:\/\/empow-her.com\/boutique\/\"},{\"@type\":\"ListItem\",\"position\":3,\"name\":\"Bootcamp &#8211; Faire \u00e9merger son projet entrepreneurial\"}]},{\"@type\":\"WebSite\",\"@id\":\"https:\/\/empow-her.com\/#website\",\"url\":\"https:\/\/empow-her.com\/\",\"name\":\"Empow&#039;Her\",\"description\":\"Women Development\",\"potentialAction\":[{\"@type\":\"SearchAction\",\"target\":{\"@type\":\"EntryPoint\",\"urlTemplate\":\"https:\/\/empow-her.com\/?s={search_term_string}\"},\"query-input\":{\"@type\":\"PropertyValueSpecification\",\"valueRequired\":true,\"valueName\":\"search_term_string\"}}],\"inLanguage\":\"en-US\"}]}<\/script>\n<!-- \/ Yoast SEO plugin. -->","yoast_head_json":{"title":"Bootcamp - Faire \u00e9merger son projet entrepreneurial - Empow&#039;Her","robots":{"index":"index","follow":"follow","max-snippet":"max-snippet:-1","max-image-preview":"max-image-preview:large","max-video-preview":"max-video-preview:-1"},"canonical":"https:\/\/empow-her.com\/produit\/bootcamp-faire-emerger-son-projet-entrepreneurial-30\/","og_locale":"en_US","og_type":"article","og_title":"Bootcamp - Faire \u00e9merger son projet entrepreneurial - Empow&#039;Her","og_description":"Vous souhaitez construire un projet qui vous ressemble, r\u00e9v\u00e9ler l\u2019entrepreneure qui sommeille en vous, prendre confiance en votre potentiel et approfondir votre mission\u00a0 ? Alors ce bootcamp est fait pour vous ! &#x1f30e;  Pendant deux jours en immersion avec un groupe de porteuses de projet, travaillez sur vos motivations, identifiez le probl\u00e8me \u00e0 r\u00e9soudre qui vous tient \u00e0 c\u0153ur, trouvez une mission qui fait sens et prenez confiance en votre potentiel d\u2019entrepreneure !   Chez Empow\u2019Her, nous sommes intimement convaincues que chacune porte en elle la force et les clefs pour d\u00e9velopper un projet \u00e0 son image, et qu\u2019il suffit parfois d\u2019une rencontre, d\u2019un r\u00e9seau, d\u2019un d\u00e9clic \u2013 pour se lancer. &#x1f64c;    Au programme &#x1f50d;   Aligner ses valeurs et ses motivations avec son projet d\u2019entreprendre  Prendre confiance en ses forces et adopter une posture d\u2019entrepreneure  Faire \u00e9merger une id\u00e9e de projet qui r\u00e9pond \u00e0 un besoin r\u00e9el  Pr\u00e9parer un premier plan d'action avec la m\u00e9thode des petits pas  Pr\u00e9senter son projet et soi-m\u00eame avec impact et assurance  Le bootcamp en r\u00e9sum\u00e9 &#x1f386; Deux journ\u00e9es le jeudi &amp; vendredi , de 9h30 \u00e0 17h00 \u2013 Un groupe de participantes motiv\u00e9es, pour cr\u00e9er de vraies synergies \u2013 Une m\u00e9thodologie, bas\u00e9e sur l\u2019intelligence collective et le partage \u2013 Des outils et des contenus pour travailler sur l\u2019\u00e9cosyst\u00e8me de votre projet, conna\u00eetre vos b\u00e9n\u00e9ficiaires, d\u00e9finir une premi\u00e8re proposition de valeur et la mise en action par l'effectuation et le pitch ! \u2013 Des moments d\u2019\u00e9change entre futures entrepreneures pour se poser les bonnes questions et s\u2019entraider pour y r\u00e9pondre.     Lieu :\u00a0Sist\u2019Her Paris, 82 rue du Faubourg Saint-Martin, Paris 10\u00e8me.","og_url":"https:\/\/empow-her.com\/produit\/bootcamp-faire-emerger-son-projet-entrepreneurial-30\/","og_site_name":"Empow&#039;Her","article_modified_time":"2025-04-17T10:44:46+00:00","og_image":[{"width":1080,"height":1080,"url":"https:\/\/empow-her.com\/wp-content\/uploads\/2025\/04\/BOOTCAMP-3.png","type":"image\/png"}],"twitter_card":"summary_large_image","twitter_misc":{"Est. reading time":"2 minutes"},"schema":{"@context":"https:\/\/schema.org","@graph":[{"@type":"WebPage","@id":"https:\/\/empow-her.com\/produit\/bootcamp-faire-emerger-son-projet-entrepreneurial-30\/","url":"https:\/\/empow-her.com\/produit\/bootcamp-faire-emerger-son-projet-entrepreneurial-30\/","name":"Bootcamp - Faire \u00e9merger son projet entrepreneurial - Empow&#039;Her","isPartOf":{"@id":"https:\/\/empow-her.com\/#website"},"primaryImageOfPage":{"@id":"https:\/\/empow-her.com\/produit\/bootcamp-faire-emerger-son-projet-entrepreneurial-30\/#primaryimage"},"image":{"@id":"https:\/\/empow-her.com\/produit\/bootcamp-faire-emerger-son-projet-entrepreneurial-30\/#primaryimage"},"thumbnailUrl":"https:\/\/empow-her.com\/wp-content\/uploads\/2025\/04\/BOOTCAMP-3.png","datePublished":"2025-04-17T10:22:55+00:00","dateModified":"2025-04-17T10:44:46+00:00","breadcrumb":{"@id":"https:\/\/empow-her.com\/produit\/bootcamp-faire-emerger-son-projet-entrepreneurial-30\/#breadcrumb"},"inLanguage":"en-US","potentialAction":[{"@type":"ReadAction","target":["https:\/\/empow-her.com\/produit\/bootcamp-faire-emerger-son-projet-entrepreneurial-30\/"]}]},{"@type":"ImageObject","inLanguage":"en-US","@id":"https:\/\/empow-her.com\/produit\/bootcamp-faire-emerger-son-projet-entrepreneurial-30\/#primaryimage","url":"https:\/\/empow-her.com\/wp-content\/uploads\/2025\/04\/BOOTCAMP-3.png","contentUrl":"https:\/\/empow-her.com\/wp-content\/uploads\/2025\/04\/BOOTCAMP-3.png","width":1080,"height":1080},{"@type":"BreadcrumbList","@id":"https:\/\/empow-her.com\/produit\/bootcamp-faire-emerger-son-projet-entrepreneurial-30\/#breadcrumb","itemListElement":[{"@type":"ListItem","position":1,"name":"Accueil","item":"https:\/\/empow-her.com\/en\/landing-page\/"},{"@type":"ListItem","position":2,"name":"LA BOUTIQUE","item":"https:\/\/empow-her.com\/boutique\/"},{"@type":"ListItem","position":3,"name":"Bootcamp &#8211; Faire \u00e9merger son projet entrepreneurial"}]},{"@type":"WebSite","@id":"https:\/\/empow-her.com\/#website","url":"https:\/\/empow-her.com\/","name":"Empow&#039;Her","description":"Women Development","potentialAction":[{"@type":"SearchAction","target":{"@type":"EntryPoint","urlTemplate":"https:\/\/empow-her.com\/?s={search_term_string}"},"query-input":{"@type":"PropertyValueSpecification","valueRequired":true,"valueName":"search_term_string"}}],"inLanguage":"en-US"}]}},"_links":{"self":[{"href":"https:\/\/empow-her.com\/en\/wp-json\/wp\/v2\/product\/266877","targetHints":{"allow":["GET"]}}],"collection":[{"href":"https:\/\/empow-her.com\/en\/wp-json\/wp\/v2\/product"}],"about":[{"href":"https:\/\/empow-her.com\/en\/wp-json\/wp\/v2\/types\/product"}],"wp:featuredmedia":[{"embeddable":true,"href":"https:\/\/empow-her.com\/en\/wp-json\/wp\/v2\/media\/266878"}],"wp:attachment":[{"href":"https:\/\/empow-her.com\/en\/wp-json\/wp\/v2\/media?parent=266877"}],"wp:term":[{"taxonomy":"product_brand","embeddable":true,"href":"https:\/\/empow-her.com\/en\/wp-json\/wp\/v2\/product_brand?post=266877"},{"taxonomy":"product_cat","embeddable":true,"href":"https:\/\/empow-her.com\/en\/wp-json\/wp\/v2\/product_cat?post=266877"},{"taxonomy":"product_tag","embeddable":true,"href":"https:\/\/empow-her.com\/en\/wp-json\/wp\/v2\/product_tag?post=266877"},{"taxonomy":"lieu","embeddable":true,"href":"https:\/\/empow-her.com\/en\/wp-json\/wp\/v2\/lieu?post=266877"},{"taxonomy":"thematiques","embeddable":true,"href":"https:\/\/empow-her.com\/en\/wp-json\/wp\/v2\/thematiques?post=266877"}],"curies":[{"name":"wp","href":"https:\/\/api.w.org\/{rel}","templated":true}]}}