{"id":266764,"date":"2025-04-08T17:40:25","date_gmt":"2025-04-08T15:40:25","guid":{"rendered":"https:\/\/empow-her.com\/?post_type=product&#038;p=266764"},"modified":"2025-04-08T17:53:49","modified_gmt":"2025-04-08T15:53:49","slug":"coaching-construire-une-communication-inclusive","status":"publish","type":"product","link":"https:\/\/empow-her.com\/en\/produit\/coaching-construire-une-communication-inclusive\/","title":{"rendered":"Coaching &#8211; Construire une communication inclusive"},"content":{"rendered":"<div>\n<p>&#x1f4e2; 1h de coaching pour \u00e9valuer et am\u00e9liorer l&#8217;inclusivit\u00e9 de tes communications<\/p>\n<p>Dans un monde o\u00f9 chacun m\u00e9rite d&#8217;\u00eatre entendu et valoris\u00e9, il est primordial de cr\u00e9er des communications qui accueillent et engagent tous les publics. Ce coaching te propose d&#8217;analyser et d&#8217;am\u00e9liorer l&#8217;approche de tes messages pour garantir qu&#8217;ils soient accessibles et pertinents pour tous.<\/p>\n<p>&#x1f4a1; Ce que nous pouvons aborder :<\/p>\n<p>&#x1f50d; Audit de tes communications existantes<br \/>\nExaminer tes supports actuels pour identifier les points forts et les axes d&#8217;am\u00e9lioration en mati\u00e8re d&#8217;inclusivit\u00e9.<\/p>\n<p>&#x1f30d; Approfondir le sujet de l&#8217;inclusivit\u00e9<br \/>\nComprendre les enjeux de l&#8217;inclusivit\u00e9 et les impacts d&#8217;une communication r\u00e9fl\u00e9chie sur ton audience.<\/p>\n<p>&#x1f527; Explorer des leviers inclusifs<br \/>\nD\u00e9couvrir les outils et strat\u00e9gies \u00e0 mettre en place pour rendre tes communications plus inclusives et accessibles.<\/p>\n<p>Une heure pour renforcer l&#8217;impact de tes messages et faire de l&#8217;inclusivit\u00e9 une priorit\u00e9 dans ta communication !<\/p>\n<\/div>\n<div>\n<p><strong>Intervenant.e<\/strong>\u00a0<strong>: Dargery Laureline<br \/>\n<\/strong><\/p>\n<p>Depuis plus de 10 ans je navigue dans le secteur cr\u00e9atif en tant qu&#8217;\u00e9ditrice, agente d&#8217;artistes, experte m\u00e9dia et storyteller en France, au Vietnam et au Canada. Il y a 2 ans, j&#8217;ai lanc\u00e9 mon entreprise pour allier mes comp\u00e9tences en storytelling \u00e0 mes engagements sociaux et environnementaux en accompagnant des ONG et structures \u00e0 impact dans leur mise en r\u00e9cit, leur strat\u00e9gie d&#8217;image et ainsi renforcer leur mise en lumi\u00e8re. En parall\u00e8le, je fais des recherches sur les nouveaux r\u00e9cits et j&#8217;ai cr\u00e9\u00e9 Mirage, le premier podcast d&#8217;enqu\u00eates sur le sujet.<\/p>\n<p><span data-sheets-value=\"{&quot;1&quot;:2,&quot;2&quot;:&quot;Description : nnPr\u00e9-requis : nnIntervenant.e : nnSon super pouvoir : nnSon petit mot : &quot;}\" data-sheets-userformat=\"{&quot;2&quot;:641,&quot;3&quot;:{&quot;1&quot;:0},&quot;10&quot;:1,&quot;12&quot;:0}\"><strong>Son super pouvoir :<\/strong> Cultivatrice d&#8217;optimisme (et je dialogue avec les oiseaux &#x1f426;&#x200d;&#x2b1b;)<br \/>\n<\/span><\/p>\n<p><strong>Son petit mot :<\/strong> L&#8217;entrepreneuriat n&#8217;est pas n\u00e9cessairement solitaire, au contraire ! Entourez-vous en rejoignant des collectifs, en choisissant des mentors et pourquoi pas en vous associant si besoin. La cl\u00e9, c&#8217;est le collectif pour challenger vos id\u00e9es et trouver du support \ud83d\ude42<\/p>\n<p><strong>Dur\u00e9e<\/strong> : 1h en ligne<\/p>\n<p><span data-sheets-value=\"{&quot;1&quot;:2,&quot;2&quot;:&quot;Attention ! \u00a0Veuillez vous pr\u00e9sentez \u00e0 l'heure pour que l'activit\u00e9 puisse commencer \u00e0 temps. Si vous avez du retard veuillez pr\u00e9venir l'intervenant.e. Si vous avez plus de 15 min de retard l'intervenant.e se r\u00e9serve le droit de plus vous accepter pour le coaching ou l'atelier.\u00a0&quot;}\" data-sheets-userformat=\"{&quot;2&quot;:641,&quot;3&quot;:{&quot;1&quot;:0},&quot;10&quot;:1,&quot;12&quot;:0}\"><strong>Attention !<\/strong> \u00a0Veuillez vous pr\u00e9senter \u00e0 l\u2019heure pour que l\u2019activit\u00e9 puisse commencer \u00e0 temps. Si vous avez du retard veuillez pr\u00e9venir l\u2019intervenant.e. Si vous avez plus de 15 min de retard l\u2019intervenant.e se r\u00e9serve le droit de ne pas vous accepter pour le coaching ou l\u2019atelier.<\/span><\/p>\n<\/div>\n","protected":false},"excerpt":{"rendered":"<div>\n<p>&#x1f4e2; 1h de coaching pour \u00e9valuer et am\u00e9liorer l&#8217;inclusivit\u00e9 de tes communications<\/p>\n<p>Dans un monde o\u00f9 chacun m\u00e9rite d&#8217;\u00eatre entendu et valoris\u00e9, il est primordial de cr\u00e9er des communications qui accueillent et engagent tous les publics. Ce coaching te propose d&#8217;analyser et d&#8217;am\u00e9liorer l&#8217;approche de tes messages pour garantir qu&#8217;ils soient accessibles et pertinents pour tous.<\/p>\n<p>&#x1f4a1; Ce que nous pouvons aborder :<\/p>\n<p>&#x1f50d; Audit de tes communications existantes<br \/>\nExaminer tes supports actuels pour identifier les points forts et les axes d&#8217;am\u00e9lioration en mati\u00e8re d&#8217;inclusivit\u00e9.<\/p>\n<p>&#x1f30d; Approfondir le sujet de l&#8217;inclusivit\u00e9<br \/>\nComprendre les enjeux de l&#8217;inclusivit\u00e9 et les impacts d&#8217;une communication r\u00e9fl\u00e9chie sur ton audience.<\/p>\n<p>&#x1f527; Explorer des leviers inclusifs<br \/>\nD\u00e9couvrir les outils et strat\u00e9gies \u00e0 mettre en place pour rendre tes communications plus inclusives et accessibles.<\/p>\n<p>Une heure pour renforcer l&#8217;impact de tes messages et faire de l&#8217;inclusivit\u00e9 une priorit\u00e9 dans ta communication !<\/p>\n<\/div>\n<div>\n<p><strong>Intervenant.e<\/strong>\u00a0<strong>: Dargery Laureline<br \/>\n<\/strong><\/p>\n<p>Depuis plus de 10 ans je navigue dans le secteur cr\u00e9atif en tant qu&#8217;\u00e9ditrice, agente d&#8217;artistes, experte m\u00e9dia et storyteller en France, au Vietnam et au Canada. Il y a 2 ans, j&#8217;ai lanc\u00e9 mon entreprise pour allier mes comp\u00e9tences en storytelling \u00e0 mes engagements sociaux et environnementaux en accompagnant des ONG et structures \u00e0 impact dans leur mise en r\u00e9cit, leur strat\u00e9gie d&#8217;image et ainsi renforcer leur mise en lumi\u00e8re. En parall\u00e8le, je fais des recherches sur les nouveaux r\u00e9cits et j&#8217;ai cr\u00e9\u00e9 Mirage, le premier podcast d&#8217;enqu\u00eates sur le sujet.<\/p>\n<p><span data-sheets-value=\"{&quot;1&quot;:2,&quot;2&quot;:&quot;Description : nnPr\u00e9-requis : nnIntervenant.e : nnSon super pouvoir : nnSon petit mot : &quot;}\" data-sheets-userformat=\"{&quot;2&quot;:641,&quot;3&quot;:{&quot;1&quot;:0},&quot;10&quot;:1,&quot;12&quot;:0}\"><strong>Son super pouvoir :<\/strong> Cultivatrice d&#8217;optimisme (et je dialogue avec les oiseaux &#x1f426;&#x200d;&#x2b1b;)<br \/>\n<\/span><\/p>\n<p><strong>Son petit mot :<\/strong> L&#8217;entrepreneuriat n&#8217;est pas n\u00e9cessairement solitaire, au contraire ! Entourez-vous en rejoignant des collectifs, en choisissant des mentors et pourquoi pas en vous associant si besoin. La cl\u00e9, c&#8217;est le collectif pour challenger vos id\u00e9es et trouver du support \ud83d\ude42<\/p>\n<p><strong>Dur\u00e9e<\/strong> : 1h en ligne<\/p>\n<p><span data-sheets-value=\"{&quot;1&quot;:2,&quot;2&quot;:&quot;Attention ! \u00a0Veuillez vous pr\u00e9sentez \u00e0 l'heure pour que l'activit\u00e9 puisse commencer \u00e0 temps. Si vous avez du retard veuillez pr\u00e9venir l'intervenant.e. Si vous avez plus de 15 min de retard l'intervenant.e se r\u00e9serve le droit de plus vous accepter pour le coaching ou l'atelier.\u00a0&quot;}\" data-sheets-userformat=\"{&quot;2&quot;:641,&quot;3&quot;:{&quot;1&quot;:0},&quot;10&quot;:1,&quot;12&quot;:0}\"><strong>Attention !<\/strong> \u00a0Veuillez vous pr\u00e9senter \u00e0 l\u2019heure pour que l\u2019activit\u00e9 puisse commencer \u00e0 temps. Si vous avez du retard veuillez pr\u00e9venir l\u2019intervenant.e. Si vous avez plus de 15 min de retard l\u2019intervenant.e se r\u00e9serve le droit de ne pas vous accepter pour le coaching ou l\u2019atelier.<\/span><\/p>\n<\/div>\n","protected":false},"featured_media":266765,"template":"","format":"standard","meta":{"_acf_changed":false,"om_disable_all_campaigns":false,"_uf_show_specific_survey":0,"_uf_disable_surveys":false},"product_brand":[],"product_cat":[121],"product_tag":[],"lieu":[125],"thematiques":[],"class_list":{"0":"post-266764","1":"product","2":"type-product","3":"status-publish","4":"format-standard","5":"has-post-thumbnail","7":"product_cat-coaching","8":"lieu-en-ligne","10":"first","11":"instock","12":"virtual","13":"purchasable","14":"product-type-appointment"},"exclude_global_add_ons":[],"addons":[],"acf":[],"yoast_head":"<!-- This site is optimized with the Yoast SEO plugin v24.8 - https:\/\/yoast.com\/wordpress\/plugins\/seo\/ -->\n<title>Coaching - Construire une communication inclusive - Empow&#039;Her<\/title>\n<meta name=\"robots\" content=\"index, follow, max-snippet:-1, max-image-preview:large, max-video-preview:-1\" \/>\n<link rel=\"canonical\" href=\"https:\/\/empow-her.com\/produit\/coaching-construire-une-communication-inclusive\/\" \/>\n<meta property=\"og:locale\" content=\"en_US\" \/>\n<meta property=\"og:type\" content=\"article\" \/>\n<meta property=\"og:title\" content=\"Coaching - Construire une communication inclusive - Empow&#039;Her\" \/>\n<meta property=\"og:description\" content=\"&#x1f4e2; 1h de coaching pour \u00e9valuer et am\u00e9liorer l&#039;inclusivit\u00e9 de tes communications  Dans un monde o\u00f9 chacun m\u00e9rite d&#039;\u00eatre entendu et valoris\u00e9, il est primordial de cr\u00e9er des communications qui accueillent et engagent tous les publics. Ce coaching te propose d&#039;analyser et d&#039;am\u00e9liorer l&#039;approche de tes messages pour garantir qu&#039;ils soient accessibles et pertinents pour tous.  &#x1f4a1; Ce que nous pouvons aborder :  &#x1f50d; Audit de tes communications existantes Examiner tes supports actuels pour identifier les points forts et les axes d&#039;am\u00e9lioration en mati\u00e8re d&#039;inclusivit\u00e9.  &#x1f30d; Approfondir le sujet de l&#039;inclusivit\u00e9 Comprendre les enjeux de l&#039;inclusivit\u00e9 et les impacts d&#039;une communication r\u00e9fl\u00e9chie sur ton audience.  &#x1f527; Explorer des leviers inclusifs D\u00e9couvrir les outils et strat\u00e9gies \u00e0 mettre en place pour rendre tes communications plus inclusives et accessibles.  Une heure pour renforcer l&#039;impact de tes messages et faire de l&#039;inclusivit\u00e9 une priorit\u00e9 dans ta communication !     Intervenant.e\u00a0: Dargery Laureline   Depuis plus de 10 ans je navigue dans le secteur cr\u00e9atif en tant qu&#039;\u00e9ditrice, agente d&#039;artistes, experte m\u00e9dia et storyteller en France, au Vietnam et au Canada. Il y a 2 ans, j&#039;ai lanc\u00e9 mon entreprise pour allier mes comp\u00e9tences en storytelling \u00e0 mes engagements sociaux et environnementaux en accompagnant des ONG et structures \u00e0 impact dans leur mise en r\u00e9cit, leur strat\u00e9gie d&#039;image et ainsi renforcer leur mise en lumi\u00e8re. En parall\u00e8le, je fais des recherches sur les nouveaux r\u00e9cits et j&#039;ai cr\u00e9\u00e9 Mirage, le premier podcast d&#039;enqu\u00eates sur le sujet.  Son super pouvoir : Cultivatrice d&#039;optimisme (et je dialogue avec les oiseaux &#x1f426;&#x200d;&#x2b1b;)   Son petit mot : L&#039;entrepreneuriat n&#039;est pas n\u00e9cessairement solitaire, au contraire ! Entourez-vous en rejoignant des collectifs, en choisissant des mentors et pourquoi pas en vous associant si besoin. La cl\u00e9, c&#039;est le collectif pour challenger vos id\u00e9es et trouver du support :)  Dur\u00e9e : 1h en ligne  Attention ! \u00a0Veuillez vous pr\u00e9senter \u00e0 l\u2019heure pour que l\u2019activit\u00e9 puisse commencer \u00e0 temps. Si vous avez du retard veuillez pr\u00e9venir l\u2019intervenant.e. Si vous avez plus de 15 min de retard l\u2019intervenant.e se r\u00e9serve le droit de ne pas vous accepter pour le coaching ou l\u2019atelier.\" \/>\n<meta property=\"og:url\" content=\"https:\/\/empow-her.com\/produit\/coaching-construire-une-communication-inclusive\/\" \/>\n<meta property=\"og:site_name\" content=\"Empow&#039;Her\" \/>\n<meta property=\"article:modified_time\" content=\"2025-04-08T15:53:49+00:00\" \/>\n<meta property=\"og:image\" content=\"https:\/\/empow-her.com\/wp-content\/uploads\/2025\/04\/Women-Dare-templates-events-2025-04-08T175156.156.png\" \/>\n\t<meta property=\"og:image:width\" content=\"1080\" \/>\n\t<meta property=\"og:image:height\" content=\"1080\" \/>\n\t<meta property=\"og:image:type\" content=\"image\/png\" \/>\n<meta name=\"twitter:card\" content=\"summary_large_image\" \/>\n<meta name=\"twitter:label1\" content=\"Est. reading time\" \/>\n\t<meta name=\"twitter:data1\" content=\"2 minutes\" \/>\n<script type=\"application\/ld+json\" class=\"yoast-schema-graph\">{\"@context\":\"https:\/\/schema.org\",\"@graph\":[{\"@type\":\"WebPage\",\"@id\":\"https:\/\/empow-her.com\/produit\/coaching-construire-une-communication-inclusive\/\",\"url\":\"https:\/\/empow-her.com\/produit\/coaching-construire-une-communication-inclusive\/\",\"name\":\"Coaching - Construire une communication inclusive - Empow&#039;Her\",\"isPartOf\":{\"@id\":\"https:\/\/empow-her.com\/#website\"},\"primaryImageOfPage\":{\"@id\":\"https:\/\/empow-her.com\/produit\/coaching-construire-une-communication-inclusive\/#primaryimage\"},\"image\":{\"@id\":\"https:\/\/empow-her.com\/produit\/coaching-construire-une-communication-inclusive\/#primaryimage\"},\"thumbnailUrl\":\"https:\/\/empow-her.com\/wp-content\/uploads\/2025\/04\/Women-Dare-templates-events-2025-04-08T175156.156.png\",\"datePublished\":\"2025-04-08T15:40:25+00:00\",\"dateModified\":\"2025-04-08T15:53:49+00:00\",\"breadcrumb\":{\"@id\":\"https:\/\/empow-her.com\/produit\/coaching-construire-une-communication-inclusive\/#breadcrumb\"},\"inLanguage\":\"en-US\",\"potentialAction\":[{\"@type\":\"ReadAction\",\"target\":[\"https:\/\/empow-her.com\/produit\/coaching-construire-une-communication-inclusive\/\"]}]},{\"@type\":\"ImageObject\",\"inLanguage\":\"en-US\",\"@id\":\"https:\/\/empow-her.com\/produit\/coaching-construire-une-communication-inclusive\/#primaryimage\",\"url\":\"https:\/\/empow-her.com\/wp-content\/uploads\/2025\/04\/Women-Dare-templates-events-2025-04-08T175156.156.png\",\"contentUrl\":\"https:\/\/empow-her.com\/wp-content\/uploads\/2025\/04\/Women-Dare-templates-events-2025-04-08T175156.156.png\",\"width\":1080,\"height\":1080},{\"@type\":\"BreadcrumbList\",\"@id\":\"https:\/\/empow-her.com\/produit\/coaching-construire-une-communication-inclusive\/#breadcrumb\",\"itemListElement\":[{\"@type\":\"ListItem\",\"position\":1,\"name\":\"Accueil\",\"item\":\"https:\/\/empow-her.com\/en\/landing-page\/\"},{\"@type\":\"ListItem\",\"position\":2,\"name\":\"LA BOUTIQUE\",\"item\":\"https:\/\/empow-her.com\/boutique\/\"},{\"@type\":\"ListItem\",\"position\":3,\"name\":\"Coaching &#8211; Construire une communication inclusive\"}]},{\"@type\":\"WebSite\",\"@id\":\"https:\/\/empow-her.com\/#website\",\"url\":\"https:\/\/empow-her.com\/\",\"name\":\"Empow&#039;Her\",\"description\":\"Women Development\",\"potentialAction\":[{\"@type\":\"SearchAction\",\"target\":{\"@type\":\"EntryPoint\",\"urlTemplate\":\"https:\/\/empow-her.com\/?s={search_term_string}\"},\"query-input\":{\"@type\":\"PropertyValueSpecification\",\"valueRequired\":true,\"valueName\":\"search_term_string\"}}],\"inLanguage\":\"en-US\"}]}<\/script>\n<!-- \/ Yoast SEO plugin. -->","yoast_head_json":{"title":"Coaching - Construire une communication inclusive - Empow&#039;Her","robots":{"index":"index","follow":"follow","max-snippet":"max-snippet:-1","max-image-preview":"max-image-preview:large","max-video-preview":"max-video-preview:-1"},"canonical":"https:\/\/empow-her.com\/produit\/coaching-construire-une-communication-inclusive\/","og_locale":"en_US","og_type":"article","og_title":"Coaching - Construire une communication inclusive - Empow&#039;Her","og_description":"&#x1f4e2; 1h de coaching pour \u00e9valuer et am\u00e9liorer l'inclusivit\u00e9 de tes communications  Dans un monde o\u00f9 chacun m\u00e9rite d'\u00eatre entendu et valoris\u00e9, il est primordial de cr\u00e9er des communications qui accueillent et engagent tous les publics. Ce coaching te propose d'analyser et d'am\u00e9liorer l'approche de tes messages pour garantir qu'ils soient accessibles et pertinents pour tous.  &#x1f4a1; Ce que nous pouvons aborder :  &#x1f50d; Audit de tes communications existantes Examiner tes supports actuels pour identifier les points forts et les axes d'am\u00e9lioration en mati\u00e8re d'inclusivit\u00e9.  &#x1f30d; Approfondir le sujet de l'inclusivit\u00e9 Comprendre les enjeux de l'inclusivit\u00e9 et les impacts d'une communication r\u00e9fl\u00e9chie sur ton audience.  &#x1f527; Explorer des leviers inclusifs D\u00e9couvrir les outils et strat\u00e9gies \u00e0 mettre en place pour rendre tes communications plus inclusives et accessibles.  Une heure pour renforcer l'impact de tes messages et faire de l'inclusivit\u00e9 une priorit\u00e9 dans ta communication !     Intervenant.e\u00a0: Dargery Laureline   Depuis plus de 10 ans je navigue dans le secteur cr\u00e9atif en tant qu'\u00e9ditrice, agente d'artistes, experte m\u00e9dia et storyteller en France, au Vietnam et au Canada. Il y a 2 ans, j'ai lanc\u00e9 mon entreprise pour allier mes comp\u00e9tences en storytelling \u00e0 mes engagements sociaux et environnementaux en accompagnant des ONG et structures \u00e0 impact dans leur mise en r\u00e9cit, leur strat\u00e9gie d'image et ainsi renforcer leur mise en lumi\u00e8re. En parall\u00e8le, je fais des recherches sur les nouveaux r\u00e9cits et j'ai cr\u00e9\u00e9 Mirage, le premier podcast d'enqu\u00eates sur le sujet.  Son super pouvoir : Cultivatrice d'optimisme (et je dialogue avec les oiseaux &#x1f426;&#x200d;&#x2b1b;)   Son petit mot : L'entrepreneuriat n'est pas n\u00e9cessairement solitaire, au contraire ! Entourez-vous en rejoignant des collectifs, en choisissant des mentors et pourquoi pas en vous associant si besoin. La cl\u00e9, c'est le collectif pour challenger vos id\u00e9es et trouver du support :)  Dur\u00e9e : 1h en ligne  Attention ! \u00a0Veuillez vous pr\u00e9senter \u00e0 l\u2019heure pour que l\u2019activit\u00e9 puisse commencer \u00e0 temps. Si vous avez du retard veuillez pr\u00e9venir l\u2019intervenant.e. Si vous avez plus de 15 min de retard l\u2019intervenant.e se r\u00e9serve le droit de ne pas vous accepter pour le coaching ou l\u2019atelier.","og_url":"https:\/\/empow-her.com\/produit\/coaching-construire-une-communication-inclusive\/","og_site_name":"Empow&#039;Her","article_modified_time":"2025-04-08T15:53:49+00:00","og_image":[{"width":1080,"height":1080,"url":"https:\/\/empow-her.com\/wp-content\/uploads\/2025\/04\/Women-Dare-templates-events-2025-04-08T175156.156.png","type":"image\/png"}],"twitter_card":"summary_large_image","twitter_misc":{"Est. reading time":"2 minutes"},"schema":{"@context":"https:\/\/schema.org","@graph":[{"@type":"WebPage","@id":"https:\/\/empow-her.com\/produit\/coaching-construire-une-communication-inclusive\/","url":"https:\/\/empow-her.com\/produit\/coaching-construire-une-communication-inclusive\/","name":"Coaching - Construire une communication inclusive - Empow&#039;Her","isPartOf":{"@id":"https:\/\/empow-her.com\/#website"},"primaryImageOfPage":{"@id":"https:\/\/empow-her.com\/produit\/coaching-construire-une-communication-inclusive\/#primaryimage"},"image":{"@id":"https:\/\/empow-her.com\/produit\/coaching-construire-une-communication-inclusive\/#primaryimage"},"thumbnailUrl":"https:\/\/empow-her.com\/wp-content\/uploads\/2025\/04\/Women-Dare-templates-events-2025-04-08T175156.156.png","datePublished":"2025-04-08T15:40:25+00:00","dateModified":"2025-04-08T15:53:49+00:00","breadcrumb":{"@id":"https:\/\/empow-her.com\/produit\/coaching-construire-une-communication-inclusive\/#breadcrumb"},"inLanguage":"en-US","potentialAction":[{"@type":"ReadAction","target":["https:\/\/empow-her.com\/produit\/coaching-construire-une-communication-inclusive\/"]}]},{"@type":"ImageObject","inLanguage":"en-US","@id":"https:\/\/empow-her.com\/produit\/coaching-construire-une-communication-inclusive\/#primaryimage","url":"https:\/\/empow-her.com\/wp-content\/uploads\/2025\/04\/Women-Dare-templates-events-2025-04-08T175156.156.png","contentUrl":"https:\/\/empow-her.com\/wp-content\/uploads\/2025\/04\/Women-Dare-templates-events-2025-04-08T175156.156.png","width":1080,"height":1080},{"@type":"BreadcrumbList","@id":"https:\/\/empow-her.com\/produit\/coaching-construire-une-communication-inclusive\/#breadcrumb","itemListElement":[{"@type":"ListItem","position":1,"name":"Accueil","item":"https:\/\/empow-her.com\/en\/landing-page\/"},{"@type":"ListItem","position":2,"name":"LA BOUTIQUE","item":"https:\/\/empow-her.com\/boutique\/"},{"@type":"ListItem","position":3,"name":"Coaching &#8211; Construire une communication inclusive"}]},{"@type":"WebSite","@id":"https:\/\/empow-her.com\/#website","url":"https:\/\/empow-her.com\/","name":"Empow&#039;Her","description":"Women Development","potentialAction":[{"@type":"SearchAction","target":{"@type":"EntryPoint","urlTemplate":"https:\/\/empow-her.com\/?s={search_term_string}"},"query-input":{"@type":"PropertyValueSpecification","valueRequired":true,"valueName":"search_term_string"}}],"inLanguage":"en-US"}]}},"_links":{"self":[{"href":"https:\/\/empow-her.com\/en\/wp-json\/wp\/v2\/product\/266764","targetHints":{"allow":["GET"]}}],"collection":[{"href":"https:\/\/empow-her.com\/en\/wp-json\/wp\/v2\/product"}],"about":[{"href":"https:\/\/empow-her.com\/en\/wp-json\/wp\/v2\/types\/product"}],"wp:featuredmedia":[{"embeddable":true,"href":"https:\/\/empow-her.com\/en\/wp-json\/wp\/v2\/media\/266765"}],"wp:attachment":[{"href":"https:\/\/empow-her.com\/en\/wp-json\/wp\/v2\/media?parent=266764"}],"wp:term":[{"taxonomy":"product_brand","embeddable":true,"href":"https:\/\/empow-her.com\/en\/wp-json\/wp\/v2\/product_brand?post=266764"},{"taxonomy":"product_cat","embeddable":true,"href":"https:\/\/empow-her.com\/en\/wp-json\/wp\/v2\/product_cat?post=266764"},{"taxonomy":"product_tag","embeddable":true,"href":"https:\/\/empow-her.com\/en\/wp-json\/wp\/v2\/product_tag?post=266764"},{"taxonomy":"lieu","embeddable":true,"href":"https:\/\/empow-her.com\/en\/wp-json\/wp\/v2\/lieu?post=266764"},{"taxonomy":"thematiques","embeddable":true,"href":"https:\/\/empow-her.com\/en\/wp-json\/wp\/v2\/thematiques?post=266764"}],"curies":[{"name":"wp","href":"https:\/\/api.w.org\/{rel}","templated":true}]}}