{"id":266758,"date":"2025-04-08T17:17:46","date_gmt":"2025-04-08T15:17:46","guid":{"rendered":"https:\/\/empow-her.com\/?post_type=product&#038;p=266758"},"modified":"2025-04-08T17:37:04","modified_gmt":"2025-04-08T15:37:04","slug":"atelier-prototyper-et-tester-son-projet-2","status":"publish","type":"product","link":"https:\/\/empow-her.com\/en\/produit\/atelier-prototyper-et-tester-son-projet-2\/","title":{"rendered":"Atelier &#8211; Prototyper et tester son projet"},"content":{"rendered":"<p><strong>Besoins :<\/strong> vous avez une id\u00e9e claire de l&#8217;activit\u00e9 que vous souhaitez lancer (produits, services ou autres) et vous souhaitez la tester en condition r\u00e9elles ? Vous avez besoin de v\u00e9rifier l&#8217;attractivit\u00e9 de votre proposition aupr\u00e8s de votre cible ? Vous souhaitez rencontrer vos premier\u00b7\u00e8res client\u00b7es et avoir leurs retours pour am\u00e9liorer votre proposition ? Vous souhaitez tester le bon fonctionnement de votre produit ou service sur le terrain ?<\/p>\n<p>Pendant cet atelier, nous verrons comment il est possible de prototyper tous types de produits ou de services, afin de tester les hypoth\u00e8ses structurantes pour votre projet.<br \/>\n&#8211; D\u00e9couverte de diff\u00e9rents exemples de prototypes, permettant de tester diff\u00e9rents aspects d&#8217;un projet.<br \/>\n&#8211; Pr\u00e9sentation d&#8217;outils de prototypage facile d&#8217;utilisation.<br \/>\n&#8211; Identifier les hypoth\u00e8ses que vous souhaitez \u00e9valuer gr\u00e2ce au prototypage.<br \/>\n&#8211; D\u00e9finir une m\u00e9thode, un protocole de test, pour \u00e9valuer ces hypoth\u00e8ses.<br \/>\n&#8211; D\u00e9finition d&#8217;un plan d&#8217;action pour r\u00e9aliser les prototypes et les tester en conditions r\u00e9elles.<br \/>\n&#8211; R\u00e9alisation des premi\u00e8res \u00e9tapes du plan d&#8217;action.<\/p>\n<p><strong>Pr\u00e9requis :<\/strong> Avoir une d\u00e9finition relativement claire de l&#8217;activit\u00e9 que vous souhaitez lancer (produit, service ou autre)<\/p>\n<p><strong>Camille Di Vincenzo:<\/strong> J&#8217;ai 30 ans et je suis strasbourgeoise. J&#8217;ai v\u00e9cu \u00e0 Paris pendant deux ans et demi car j&#8217;y ai mont\u00e9 une premi\u00e8re entreprise dans le domaine du bien-\u00eatre intime en 2020 ! \u00c7a a march\u00e9 pendant 1 an puis je me suis s\u00e9par\u00e9e de mon associ\u00e9e. S&#8217;en suit un retour \u00e0 Strasbourg o\u00f9 j&#8217;ai d\u00e9velopp\u00e9 mes deux comp\u00e9tences cl\u00e9s :<br \/>\n&#8211; la cr\u00e9ation de site internet<br \/>\n&#8211; la mise en place de strat\u00e9gie SEO<br \/>\nLes outils comme Webflow, Make et Notion sont mes meilleurs alli\u00e9s !<\/p>\n<p><strong>Son super pouvoir :<\/strong>Du smile \u00e0 toutes les sauces !<\/p>\n<p><strong>Son petit mot :<\/strong> BRAVO ! Vous avez saut\u00e9 le pas.<br \/>\nMaintenant, nous sommes une \u00e9quipe et on ne l\u00e2che rien pour aller encore plus loin ! &#x1f4aa;&#x1f3fd;<\/p>\n<p><strong>Attention !<\/strong>\u00a0Veuillez vous pr\u00e9senter \u00e0 l\u2019heure pour que l\u2019activit\u00e9 puisse commencer \u00e0 temps. Si vous avez du retard veuillez pr\u00e9venir l\u2019intervenant.e. Si vous avez plus de 15 min de retard l\u2019intervenant.e se r\u00e9serve le droit de ne plus vous accepter pour le coaching ou l\u2019atelier.<\/p>\n","protected":false},"excerpt":{"rendered":"<p><strong>Besoins :<\/strong> vous avez une id\u00e9e claire de l&#8217;activit\u00e9 que vous souhaitez lancer (produits, services ou autres) et vous souhaitez la tester en condition r\u00e9elles ? Vous avez besoin de v\u00e9rifier l&#8217;attractivit\u00e9 de votre proposition aupr\u00e8s de votre cible ? Vous souhaitez rencontrer vos premier\u00b7\u00e8res client\u00b7es et avoir leurs retours pour am\u00e9liorer votre proposition ? Vous souhaitez tester le bon fonctionnement de votre produit ou service sur le terrain ?<\/p>\n<p>Pendant cet atelier, nous verrons comment il est possible de prototyper tous types de produits ou de services, afin de tester les hypoth\u00e8ses structurantes pour votre projet.<br \/>\n&#8211; D\u00e9couverte de diff\u00e9rents exemples de prototypes, permettant de tester diff\u00e9rents aspects d&#8217;un projet.<br \/>\n&#8211; Pr\u00e9sentation d&#8217;outils de prototypage facile d&#8217;utilisation.<br \/>\n&#8211; Identifier les hypoth\u00e8ses que vous souhaitez \u00e9valuer gr\u00e2ce au prototypage.<br \/>\n&#8211; D\u00e9finir une m\u00e9thode, un protocole de test, pour \u00e9valuer ces hypoth\u00e8ses.<br \/>\n&#8211; D\u00e9finition d&#8217;un plan d&#8217;action pour r\u00e9aliser les prototypes et les tester en conditions r\u00e9elles.<br \/>\n&#8211; R\u00e9alisation des premi\u00e8res \u00e9tapes du plan d&#8217;action.<\/p>\n<p><strong>Pr\u00e9requis :<\/strong> Avoir une d\u00e9finition relativement claire de l&#8217;activit\u00e9 que vous souhaitez lancer (produit, service ou autre)<\/p>\n<p><strong>Camille Di Vincenzo:<\/strong> J&#8217;ai 30 ans et je suis strasbourgeoise. J&#8217;ai v\u00e9cu \u00e0 Paris pendant deux ans et demi car j&#8217;y ai mont\u00e9 une premi\u00e8re entreprise dans le domaine du bien-\u00eatre intime en 2020 ! \u00c7a a march\u00e9 pendant 1 an puis je me suis s\u00e9par\u00e9e de mon associ\u00e9e. S&#8217;en suit un retour \u00e0 Strasbourg o\u00f9 j&#8217;ai d\u00e9velopp\u00e9 mes deux comp\u00e9tences cl\u00e9s :<br \/>\n&#8211; la cr\u00e9ation de site internet<br \/>\n&#8211; la mise en place de strat\u00e9gie SEO<br \/>\nLes outils comme Webflow, Make et Notion sont mes meilleurs alli\u00e9s !<\/p>\n<p><strong>Son super pouvoir :<\/strong>Du smile \u00e0 toutes les sauces !<\/p>\n<p><strong>Son petit mot :<\/strong> BRAVO ! Vous avez saut\u00e9 le pas.<br \/>\nMaintenant, nous sommes une \u00e9quipe et on ne l\u00e2che rien pour aller encore plus loin ! &#x1f4aa;&#x1f3fd;<\/p>\n<p><strong>Attention !<\/strong>\u00a0Veuillez vous pr\u00e9senter \u00e0 l\u2019heure pour que l\u2019activit\u00e9 puisse commencer \u00e0 temps. Si vous avez du retard veuillez pr\u00e9venir l\u2019intervenant.e. Si vous avez plus de 15 min de retard l\u2019intervenant.e se r\u00e9serve le droit de ne plus vous accepter pour le coaching ou l\u2019atelier.<\/p>\n","protected":false},"featured_media":266761,"template":"","format":"standard","meta":{"_acf_changed":false,"om_disable_all_campaigns":false,"_uf_show_specific_survey":0,"_uf_disable_surveys":false},"product_brand":[],"product_cat":[118],"product_tag":[],"lieu":[127],"thematiques":[],"class_list":{"0":"post-266758","1":"product","2":"type-product","3":"status-publish","4":"format-standard","5":"has-post-thumbnail","7":"product_cat-atelier-collectif","8":"lieu-hub-empowher","10":"first","11":"instock","12":"virtual","13":"purchasable","14":"product-type-appointment"},"exclude_global_add_ons":[],"addons":[],"acf":[],"yoast_head":"<!-- This site is optimized with the Yoast SEO plugin v24.8 - https:\/\/yoast.com\/wordpress\/plugins\/seo\/ -->\n<title>Atelier - Prototyper et tester son projet - Empow&#039;Her<\/title>\n<meta name=\"robots\" content=\"index, follow, max-snippet:-1, max-image-preview:large, max-video-preview:-1\" \/>\n<link rel=\"canonical\" href=\"https:\/\/empow-her.com\/produit\/atelier-prototyper-et-tester-son-projet-2\/\" \/>\n<meta property=\"og:locale\" content=\"en_US\" \/>\n<meta property=\"og:type\" content=\"article\" \/>\n<meta property=\"og:title\" content=\"Atelier - Prototyper et tester son projet - Empow&#039;Her\" \/>\n<meta property=\"og:description\" content=\"Besoins : vous avez une id\u00e9e claire de l&#039;activit\u00e9 que vous souhaitez lancer (produits, services ou autres) et vous souhaitez la tester en condition r\u00e9elles ? Vous avez besoin de v\u00e9rifier l&#039;attractivit\u00e9 de votre proposition aupr\u00e8s de votre cible ? Vous souhaitez rencontrer vos premier\u00b7\u00e8res client\u00b7es et avoir leurs retours pour am\u00e9liorer votre proposition ? Vous souhaitez tester le bon fonctionnement de votre produit ou service sur le terrain ?  Pendant cet atelier, nous verrons comment il est possible de prototyper tous types de produits ou de services, afin de tester les hypoth\u00e8ses structurantes pour votre projet. - D\u00e9couverte de diff\u00e9rents exemples de prototypes, permettant de tester diff\u00e9rents aspects d&#039;un projet. - Pr\u00e9sentation d&#039;outils de prototypage facile d&#039;utilisation. - Identifier les hypoth\u00e8ses que vous souhaitez \u00e9valuer gr\u00e2ce au prototypage. - D\u00e9finir une m\u00e9thode, un protocole de test, pour \u00e9valuer ces hypoth\u00e8ses. - D\u00e9finition d&#039;un plan d&#039;action pour r\u00e9aliser les prototypes et les tester en conditions r\u00e9elles. - R\u00e9alisation des premi\u00e8res \u00e9tapes du plan d&#039;action.  Pr\u00e9requis : Avoir une d\u00e9finition relativement claire de l&#039;activit\u00e9 que vous souhaitez lancer (produit, service ou autre)  Camille Di Vincenzo: J&#039;ai 30 ans et je suis strasbourgeoise. J&#039;ai v\u00e9cu \u00e0 Paris pendant deux ans et demi car j&#039;y ai mont\u00e9 une premi\u00e8re entreprise dans le domaine du bien-\u00eatre intime en 2020 ! \u00c7a a march\u00e9 pendant 1 an puis je me suis s\u00e9par\u00e9e de mon associ\u00e9e. S&#039;en suit un retour \u00e0 Strasbourg o\u00f9 j&#039;ai d\u00e9velopp\u00e9 mes deux comp\u00e9tences cl\u00e9s : - la cr\u00e9ation de site internet - la mise en place de strat\u00e9gie SEO Les outils comme Webflow, Make et Notion sont mes meilleurs alli\u00e9s !  Son super pouvoir :Du smile \u00e0 toutes les sauces !  Son petit mot : BRAVO ! Vous avez saut\u00e9 le pas. Maintenant, nous sommes une \u00e9quipe et on ne l\u00e2che rien pour aller encore plus loin ! &#x1f4aa;&#x1f3fd;  Attention !\u00a0Veuillez vous pr\u00e9senter \u00e0 l\u2019heure pour que l\u2019activit\u00e9 puisse commencer \u00e0 temps. Si vous avez du retard veuillez pr\u00e9venir l\u2019intervenant.e. Si vous avez plus de 15 min de retard l\u2019intervenant.e se r\u00e9serve le droit de ne plus vous accepter pour le coaching ou l\u2019atelier.\" \/>\n<meta property=\"og:url\" content=\"https:\/\/empow-her.com\/produit\/atelier-prototyper-et-tester-son-projet-2\/\" \/>\n<meta property=\"og:site_name\" content=\"Empow&#039;Her\" \/>\n<meta property=\"article:modified_time\" content=\"2025-04-08T15:37:04+00:00\" \/>\n<meta property=\"og:image\" content=\"https:\/\/empow-her.com\/wp-content\/uploads\/2025\/04\/Women-Dare-templates-events-2025-04-08T173308.009.png\" \/>\n\t<meta property=\"og:image:width\" content=\"1080\" \/>\n\t<meta property=\"og:image:height\" content=\"1080\" \/>\n\t<meta property=\"og:image:type\" content=\"image\/png\" \/>\n<meta name=\"twitter:card\" content=\"summary_large_image\" \/>\n<meta name=\"twitter:label1\" content=\"Est. reading time\" \/>\n\t<meta name=\"twitter:data1\" content=\"2 minutes\" \/>\n<script type=\"application\/ld+json\" class=\"yoast-schema-graph\">{\"@context\":\"https:\/\/schema.org\",\"@graph\":[{\"@type\":\"WebPage\",\"@id\":\"https:\/\/empow-her.com\/produit\/atelier-prototyper-et-tester-son-projet-2\/\",\"url\":\"https:\/\/empow-her.com\/produit\/atelier-prototyper-et-tester-son-projet-2\/\",\"name\":\"Atelier - Prototyper et tester son projet - Empow&#039;Her\",\"isPartOf\":{\"@id\":\"https:\/\/empow-her.com\/#website\"},\"primaryImageOfPage\":{\"@id\":\"https:\/\/empow-her.com\/produit\/atelier-prototyper-et-tester-son-projet-2\/#primaryimage\"},\"image\":{\"@id\":\"https:\/\/empow-her.com\/produit\/atelier-prototyper-et-tester-son-projet-2\/#primaryimage\"},\"thumbnailUrl\":\"https:\/\/empow-her.com\/wp-content\/uploads\/2025\/04\/Women-Dare-templates-events-2025-04-08T173308.009.png\",\"datePublished\":\"2025-04-08T15:17:46+00:00\",\"dateModified\":\"2025-04-08T15:37:04+00:00\",\"breadcrumb\":{\"@id\":\"https:\/\/empow-her.com\/produit\/atelier-prototyper-et-tester-son-projet-2\/#breadcrumb\"},\"inLanguage\":\"en-US\",\"potentialAction\":[{\"@type\":\"ReadAction\",\"target\":[\"https:\/\/empow-her.com\/produit\/atelier-prototyper-et-tester-son-projet-2\/\"]}]},{\"@type\":\"ImageObject\",\"inLanguage\":\"en-US\",\"@id\":\"https:\/\/empow-her.com\/produit\/atelier-prototyper-et-tester-son-projet-2\/#primaryimage\",\"url\":\"https:\/\/empow-her.com\/wp-content\/uploads\/2025\/04\/Women-Dare-templates-events-2025-04-08T173308.009.png\",\"contentUrl\":\"https:\/\/empow-her.com\/wp-content\/uploads\/2025\/04\/Women-Dare-templates-events-2025-04-08T173308.009.png\",\"width\":1080,\"height\":1080},{\"@type\":\"BreadcrumbList\",\"@id\":\"https:\/\/empow-her.com\/produit\/atelier-prototyper-et-tester-son-projet-2\/#breadcrumb\",\"itemListElement\":[{\"@type\":\"ListItem\",\"position\":1,\"name\":\"Accueil\",\"item\":\"https:\/\/empow-her.com\/en\/landing-page\/\"},{\"@type\":\"ListItem\",\"position\":2,\"name\":\"LA BOUTIQUE\",\"item\":\"https:\/\/empow-her.com\/boutique\/\"},{\"@type\":\"ListItem\",\"position\":3,\"name\":\"Atelier &#8211; Prototyper et tester son projet\"}]},{\"@type\":\"WebSite\",\"@id\":\"https:\/\/empow-her.com\/#website\",\"url\":\"https:\/\/empow-her.com\/\",\"name\":\"Empow&#039;Her\",\"description\":\"Women Development\",\"potentialAction\":[{\"@type\":\"SearchAction\",\"target\":{\"@type\":\"EntryPoint\",\"urlTemplate\":\"https:\/\/empow-her.com\/?s={search_term_string}\"},\"query-input\":{\"@type\":\"PropertyValueSpecification\",\"valueRequired\":true,\"valueName\":\"search_term_string\"}}],\"inLanguage\":\"en-US\"}]}<\/script>\n<!-- \/ Yoast SEO plugin. -->","yoast_head_json":{"title":"Atelier - Prototyper et tester son projet - Empow&#039;Her","robots":{"index":"index","follow":"follow","max-snippet":"max-snippet:-1","max-image-preview":"max-image-preview:large","max-video-preview":"max-video-preview:-1"},"canonical":"https:\/\/empow-her.com\/produit\/atelier-prototyper-et-tester-son-projet-2\/","og_locale":"en_US","og_type":"article","og_title":"Atelier - Prototyper et tester son projet - Empow&#039;Her","og_description":"Besoins : vous avez une id\u00e9e claire de l'activit\u00e9 que vous souhaitez lancer (produits, services ou autres) et vous souhaitez la tester en condition r\u00e9elles ? Vous avez besoin de v\u00e9rifier l'attractivit\u00e9 de votre proposition aupr\u00e8s de votre cible ? Vous souhaitez rencontrer vos premier\u00b7\u00e8res client\u00b7es et avoir leurs retours pour am\u00e9liorer votre proposition ? Vous souhaitez tester le bon fonctionnement de votre produit ou service sur le terrain ?  Pendant cet atelier, nous verrons comment il est possible de prototyper tous types de produits ou de services, afin de tester les hypoth\u00e8ses structurantes pour votre projet. - D\u00e9couverte de diff\u00e9rents exemples de prototypes, permettant de tester diff\u00e9rents aspects d'un projet. - Pr\u00e9sentation d'outils de prototypage facile d'utilisation. - Identifier les hypoth\u00e8ses que vous souhaitez \u00e9valuer gr\u00e2ce au prototypage. - D\u00e9finir une m\u00e9thode, un protocole de test, pour \u00e9valuer ces hypoth\u00e8ses. - D\u00e9finition d'un plan d'action pour r\u00e9aliser les prototypes et les tester en conditions r\u00e9elles. - R\u00e9alisation des premi\u00e8res \u00e9tapes du plan d'action.  Pr\u00e9requis : Avoir une d\u00e9finition relativement claire de l'activit\u00e9 que vous souhaitez lancer (produit, service ou autre)  Camille Di Vincenzo: J'ai 30 ans et je suis strasbourgeoise. J'ai v\u00e9cu \u00e0 Paris pendant deux ans et demi car j'y ai mont\u00e9 une premi\u00e8re entreprise dans le domaine du bien-\u00eatre intime en 2020 ! \u00c7a a march\u00e9 pendant 1 an puis je me suis s\u00e9par\u00e9e de mon associ\u00e9e. S'en suit un retour \u00e0 Strasbourg o\u00f9 j'ai d\u00e9velopp\u00e9 mes deux comp\u00e9tences cl\u00e9s : - la cr\u00e9ation de site internet - la mise en place de strat\u00e9gie SEO Les outils comme Webflow, Make et Notion sont mes meilleurs alli\u00e9s !  Son super pouvoir :Du smile \u00e0 toutes les sauces !  Son petit mot : BRAVO ! Vous avez saut\u00e9 le pas. Maintenant, nous sommes une \u00e9quipe et on ne l\u00e2che rien pour aller encore plus loin ! &#x1f4aa;&#x1f3fd;  Attention !\u00a0Veuillez vous pr\u00e9senter \u00e0 l\u2019heure pour que l\u2019activit\u00e9 puisse commencer \u00e0 temps. Si vous avez du retard veuillez pr\u00e9venir l\u2019intervenant.e. Si vous avez plus de 15 min de retard l\u2019intervenant.e se r\u00e9serve le droit de ne plus vous accepter pour le coaching ou l\u2019atelier.","og_url":"https:\/\/empow-her.com\/produit\/atelier-prototyper-et-tester-son-projet-2\/","og_site_name":"Empow&#039;Her","article_modified_time":"2025-04-08T15:37:04+00:00","og_image":[{"width":1080,"height":1080,"url":"https:\/\/empow-her.com\/wp-content\/uploads\/2025\/04\/Women-Dare-templates-events-2025-04-08T173308.009.png","type":"image\/png"}],"twitter_card":"summary_large_image","twitter_misc":{"Est. reading time":"2 minutes"},"schema":{"@context":"https:\/\/schema.org","@graph":[{"@type":"WebPage","@id":"https:\/\/empow-her.com\/produit\/atelier-prototyper-et-tester-son-projet-2\/","url":"https:\/\/empow-her.com\/produit\/atelier-prototyper-et-tester-son-projet-2\/","name":"Atelier - Prototyper et tester son projet - Empow&#039;Her","isPartOf":{"@id":"https:\/\/empow-her.com\/#website"},"primaryImageOfPage":{"@id":"https:\/\/empow-her.com\/produit\/atelier-prototyper-et-tester-son-projet-2\/#primaryimage"},"image":{"@id":"https:\/\/empow-her.com\/produit\/atelier-prototyper-et-tester-son-projet-2\/#primaryimage"},"thumbnailUrl":"https:\/\/empow-her.com\/wp-content\/uploads\/2025\/04\/Women-Dare-templates-events-2025-04-08T173308.009.png","datePublished":"2025-04-08T15:17:46+00:00","dateModified":"2025-04-08T15:37:04+00:00","breadcrumb":{"@id":"https:\/\/empow-her.com\/produit\/atelier-prototyper-et-tester-son-projet-2\/#breadcrumb"},"inLanguage":"en-US","potentialAction":[{"@type":"ReadAction","target":["https:\/\/empow-her.com\/produit\/atelier-prototyper-et-tester-son-projet-2\/"]}]},{"@type":"ImageObject","inLanguage":"en-US","@id":"https:\/\/empow-her.com\/produit\/atelier-prototyper-et-tester-son-projet-2\/#primaryimage","url":"https:\/\/empow-her.com\/wp-content\/uploads\/2025\/04\/Women-Dare-templates-events-2025-04-08T173308.009.png","contentUrl":"https:\/\/empow-her.com\/wp-content\/uploads\/2025\/04\/Women-Dare-templates-events-2025-04-08T173308.009.png","width":1080,"height":1080},{"@type":"BreadcrumbList","@id":"https:\/\/empow-her.com\/produit\/atelier-prototyper-et-tester-son-projet-2\/#breadcrumb","itemListElement":[{"@type":"ListItem","position":1,"name":"Accueil","item":"https:\/\/empow-her.com\/en\/landing-page\/"},{"@type":"ListItem","position":2,"name":"LA BOUTIQUE","item":"https:\/\/empow-her.com\/boutique\/"},{"@type":"ListItem","position":3,"name":"Atelier &#8211; Prototyper et tester son projet"}]},{"@type":"WebSite","@id":"https:\/\/empow-her.com\/#website","url":"https:\/\/empow-her.com\/","name":"Empow&#039;Her","description":"Women Development","potentialAction":[{"@type":"SearchAction","target":{"@type":"EntryPoint","urlTemplate":"https:\/\/empow-her.com\/?s={search_term_string}"},"query-input":{"@type":"PropertyValueSpecification","valueRequired":true,"valueName":"search_term_string"}}],"inLanguage":"en-US"}]}},"_links":{"self":[{"href":"https:\/\/empow-her.com\/en\/wp-json\/wp\/v2\/product\/266758","targetHints":{"allow":["GET"]}}],"collection":[{"href":"https:\/\/empow-her.com\/en\/wp-json\/wp\/v2\/product"}],"about":[{"href":"https:\/\/empow-her.com\/en\/wp-json\/wp\/v2\/types\/product"}],"wp:featuredmedia":[{"embeddable":true,"href":"https:\/\/empow-her.com\/en\/wp-json\/wp\/v2\/media\/266761"}],"wp:attachment":[{"href":"https:\/\/empow-her.com\/en\/wp-json\/wp\/v2\/media?parent=266758"}],"wp:term":[{"taxonomy":"product_brand","embeddable":true,"href":"https:\/\/empow-her.com\/en\/wp-json\/wp\/v2\/product_brand?post=266758"},{"taxonomy":"product_cat","embeddable":true,"href":"https:\/\/empow-her.com\/en\/wp-json\/wp\/v2\/product_cat?post=266758"},{"taxonomy":"product_tag","embeddable":true,"href":"https:\/\/empow-her.com\/en\/wp-json\/wp\/v2\/product_tag?post=266758"},{"taxonomy":"lieu","embeddable":true,"href":"https:\/\/empow-her.com\/en\/wp-json\/wp\/v2\/lieu?post=266758"},{"taxonomy":"thematiques","embeddable":true,"href":"https:\/\/empow-her.com\/en\/wp-json\/wp\/v2\/thematiques?post=266758"}],"curies":[{"name":"wp","href":"https:\/\/api.w.org\/{rel}","templated":true}]}}