{"id":266754,"date":"2025-04-08T17:07:20","date_gmt":"2025-04-08T15:07:20","guid":{"rendered":"https:\/\/empow-her.com\/?post_type=product&#038;p=266754"},"modified":"2025-04-08T17:15:57","modified_gmt":"2025-04-08T15:15:57","slug":"coaching-strategie-prospection-commerciale-7","status":"publish","type":"product","link":"https:\/\/empow-her.com\/en\/produit\/coaching-strategie-prospection-commerciale-7\/","title":{"rendered":"Coaching &#8211; strat\u00e9gie &#038; prospection commerciale"},"content":{"rendered":"<div class=\"elementor-element elementor-element-6dcaf591 elementor-widget elementor-widget-woocommerce-product-short-description\" data-id=\"6dcaf591\" data-element_type=\"widget\" data-widget_type=\"woocommerce-product-short-description.default\">\n<div class=\"elementor-widget-container\">\n<div class=\"woocommerce-product-details__short-description\">\n<p>Vous avez esquiss\u00e9 une offre bas\u00e9e sur un produit ou un service, mais des questions demeurent : quels sont les bons canaux pour atteindre vos cibles ? Comment diffuser et vendre vos offres de mani\u00e8re optimale ? Ce coaching est con\u00e7u pour vous aider \u00e0 clarifier votre strat\u00e9gie commerciale et \u00e0 trouver des solutions adapt\u00e9es \u00e0 vos besoins.<\/p>\n<p>&#x1f4e2; En 30 minutes, validez votre plan d&#8217;actions commerciales ou votre argumentaire en b\u00e9n\u00e9ficiant de nos retours et propositions d&#8217;am\u00e9lioration.<\/p>\n<p>Attention : ce format n\u00e9cessite absolument une pr\u00e9paration de votre part, son objectif est d&#8217;enrichir et de revoir ce sur quoi vous aurez travaill\u00e9 en amont!<\/p>\n<p><strong>Alexandre Sourzac-Lami:<\/strong> Apr\u00e8s mon double dipl\u00f4me \u00e0 l\u2019Ecole Centrale Paris et l\u2019ESCP Europe, j&#8217;ai cr\u00e9\u00e9 l\u2019entreprise sociale Fuso et travaill\u00e9 dans le secteur du conseil en France puis en Allemagne. Fondateur de +1, j&#8217;habite d\u00e9sormais \u00e0 Bruxelles d\u2019o\u00f9 j&#8217;accompagne avec enthousiasme les entrepreneur\u00b7e\u00b7s fran\u00e7ais et belges de l&#8217;ESS sur leur mod\u00e8le \u00e9conomique.<\/p>\n<p><strong>Son super pouvoir :<\/strong> Convertir d&#8217;un claquement de doigts un projet en chiffres&#8230; et r\u00e9ciproquement<\/p>\n<p><strong>Son petit mot :<\/strong> Une id\u00e9e g\u00e9niale, c&#8217;est bien. Un mod\u00e8le \u00e9conomique solidaire, qui inclut et s&#8217;appuie sur tout son \u00e9cosyst\u00e8me pour \u00eatre p\u00e9renne, c&#8217;est mieux !<\/p>\n<p><strong>Pr\u00e9-requis<\/strong> <strong>:<\/strong> <span data-sheets-value=\"{&quot;1&quot;:2,&quot;2&quot;:&quot;nVous souhaitez vous inscrire \u00e0 cette session ? Merci d'indiquer votre besoin principal en remplissant ce questionnaire avant la session : https:\/\/airtable.com\/shrbpqpYDX8WKP0gJ nou communiquez-le par mail \u00e0 votre r\u00e9f\u00e9rente Empow'Her : nadege.serrero@empow-her.com&quot;}\" data-sheets-userformat=\"{&quot;2&quot;:4993,&quot;3&quot;:{&quot;1&quot;:0},&quot;10&quot;:1,&quot;11&quot;:4,&quot;12&quot;:0,&quot;15&quot;:&quot;Hind&quot;}\">Aucun !<\/span><\/p>\n<p><strong>Dur\u00e9e<\/strong> <strong>:<\/strong> U<span data-sheets-value=\"{&quot;1&quot;:2,&quot;2&quot;:&quot;Permanence de 4h avec un cr\u00e9neau de 1h par participante (+ 15 minutes entre chaque)&quot;}\" data-sheets-userformat=\"{&quot;2&quot;:7167,&quot;3&quot;:{&quot;1&quot;:0},&quot;4&quot;:{&quot;1&quot;:2,&quot;2&quot;:16777215},&quot;5&quot;:{&quot;1&quot;:[{&quot;1&quot;:2,&quot;2&quot;:0,&quot;5&quot;:{&quot;1&quot;:2,&quot;2&quot;:0}},{&quot;1&quot;:0,&quot;2&quot;:0,&quot;3&quot;:3},{&quot;1&quot;:1,&quot;2&quot;:0,&quot;4&quot;:1}]},&quot;6&quot;:{&quot;1&quot;:[{&quot;1&quot;:2,&quot;2&quot;:0,&quot;5&quot;:{&quot;1&quot;:2,&quot;2&quot;:0}},{&quot;1&quot;:0,&quot;2&quot;:0,&quot;3&quot;:3},{&quot;1&quot;:1,&quot;2&quot;:0,&quot;4&quot;:1}]},&quot;7&quot;:{&quot;1&quot;:[{&quot;1&quot;:2,&quot;2&quot;:0,&quot;5&quot;:{&quot;1&quot;:2,&quot;2&quot;:0}},{&quot;1&quot;:0,&quot;2&quot;:0,&quot;3&quot;:3},{&quot;1&quot;:1,&quot;2&quot;:0,&quot;4&quot;:1}]},&quot;8&quot;:{&quot;1&quot;:[{&quot;1&quot;:2,&quot;2&quot;:0,&quot;5&quot;:{&quot;1&quot;:2,&quot;2&quot;:0}},{&quot;1&quot;:0,&quot;2&quot;:0,&quot;3&quot;:3},{&quot;1&quot;:1,&quot;2&quot;:0,&quot;4&quot;:1}]},&quot;9&quot;:0,&quot;10&quot;:1,&quot;11&quot;:4,&quot;12&quot;:0,&quot;14&quot;:{&quot;1&quot;:2,&quot;2&quot;:0},&quot;15&quot;:&quot;Calibri&quot;}\">n cr\u00e9neau de 30min<strong> en ligne<\/strong><\/span><\/p>\n<p><strong>Attention !<\/strong> \u00a0Veuillez vous pr\u00e9senter \u00e0 l\u2019heure pour que l\u2019activit\u00e9 puisse commencer \u00e0 temps. Si vous avez du retard veuillez pr\u00e9venir l\u2019intervenant.e. Si vous avez plus de 10 min de retard l\u2019intervenant.e se r\u00e9serve le droit de ne plus vous accepter pour le coaching ou l\u2019atelier.<\/p>\n<\/div>\n<\/div>\n<\/div>\n","protected":false},"excerpt":{"rendered":"<p>Vous avez esquiss\u00e9 une offre bas\u00e9e sur un produit ou un service, mais des questions demeurent : quels sont les bons canaux pour atteindre vos cibles ? Comment diffuser et vendre vos offres de mani\u00e8re optimale ? Ce coaching est con\u00e7u pour vous aider \u00e0 clarifier votre strat\u00e9gie commerciale et \u00e0 trouver des solutions adapt\u00e9es \u00e0 vos besoins.<\/p>\n<p>&#x1f4e2; En 30 minutes, validez votre plan d&#8217;actions commerciales ou votre argumentaire en b\u00e9n\u00e9ficiant de nos retours et propositions d&#8217;am\u00e9lioration.<\/p>\n<p>Attention : ce format n\u00e9cessite absolument une pr\u00e9paration de votre part, son objectif est d&#8217;enrichir et de revoir ce sur quoi vous aurez travaill\u00e9 en amont!<\/p>\n<p><strong>Alexandre Sourzac-Lami:<\/strong> Apr\u00e8s mon double dipl\u00f4me \u00e0 l\u2019Ecole Centrale Paris et l\u2019ESCP Europe, j&#8217;ai cr\u00e9\u00e9 l\u2019entreprise sociale Fuso et travaill\u00e9 dans le secteur du conseil en France puis en Allemagne. Fondateur de +1, j&#8217;habite d\u00e9sormais \u00e0 Bruxelles d\u2019o\u00f9 j&#8217;accompagne avec enthousiasme les entrepreneur\u00b7e\u00b7s fran\u00e7ais et belges de l&#8217;ESS sur leur mod\u00e8le \u00e9conomique.<\/p>\n<p><strong>Son super pouvoir :<\/strong> Convertir d&#8217;un claquement de doigts un projet en chiffres&#8230; et r\u00e9ciproquement<\/p>\n<p><strong>Son petit mot :<\/strong> Une id\u00e9e g\u00e9niale, c&#8217;est bien. Un mod\u00e8le \u00e9conomique solidaire, qui inclut et s&#8217;appuie sur tout son \u00e9cosyst\u00e8me pour \u00eatre p\u00e9renne, c&#8217;est mieux !<\/p>\n<p><strong>Pr\u00e9-requis<\/strong> <strong>:<\/strong> <span data-sheets-value=\"{&quot;1&quot;:2,&quot;2&quot;:&quot;nVous souhaitez vous inscrire \u00e0 cette session ? Merci d'indiquer votre besoin principal en remplissant ce questionnaire avant la session : https:\/\/airtable.com\/shrbpqpYDX8WKP0gJ nou communiquez-le par mail \u00e0 votre r\u00e9f\u00e9rente Empow'Her : nadege.serrero@empow-her.com&quot;}\" data-sheets-userformat=\"{&quot;2&quot;:4993,&quot;3&quot;:{&quot;1&quot;:0},&quot;10&quot;:1,&quot;11&quot;:4,&quot;12&quot;:0,&quot;15&quot;:&quot;Hind&quot;}\">Aucun !<\/span><\/p>\n<p><strong>Dur\u00e9e<\/strong> <strong>:<\/strong> U<span data-sheets-value=\"{&quot;1&quot;:2,&quot;2&quot;:&quot;Permanence de 4h avec un cr\u00e9neau de 1h par participante (+ 15 minutes entre chaque)&quot;}\" data-sheets-userformat=\"{&quot;2&quot;:7167,&quot;3&quot;:{&quot;1&quot;:0},&quot;4&quot;:{&quot;1&quot;:2,&quot;2&quot;:16777215},&quot;5&quot;:{&quot;1&quot;:[{&quot;1&quot;:2,&quot;2&quot;:0,&quot;5&quot;:{&quot;1&quot;:2,&quot;2&quot;:0}},{&quot;1&quot;:0,&quot;2&quot;:0,&quot;3&quot;:3},{&quot;1&quot;:1,&quot;2&quot;:0,&quot;4&quot;:1}]},&quot;6&quot;:{&quot;1&quot;:[{&quot;1&quot;:2,&quot;2&quot;:0,&quot;5&quot;:{&quot;1&quot;:2,&quot;2&quot;:0}},{&quot;1&quot;:0,&quot;2&quot;:0,&quot;3&quot;:3},{&quot;1&quot;:1,&quot;2&quot;:0,&quot;4&quot;:1}]},&quot;7&quot;:{&quot;1&quot;:[{&quot;1&quot;:2,&quot;2&quot;:0,&quot;5&quot;:{&quot;1&quot;:2,&quot;2&quot;:0}},{&quot;1&quot;:0,&quot;2&quot;:0,&quot;3&quot;:3},{&quot;1&quot;:1,&quot;2&quot;:0,&quot;4&quot;:1}]},&quot;8&quot;:{&quot;1&quot;:[{&quot;1&quot;:2,&quot;2&quot;:0,&quot;5&quot;:{&quot;1&quot;:2,&quot;2&quot;:0}},{&quot;1&quot;:0,&quot;2&quot;:0,&quot;3&quot;:3},{&quot;1&quot;:1,&quot;2&quot;:0,&quot;4&quot;:1}]},&quot;9&quot;:0,&quot;10&quot;:1,&quot;11&quot;:4,&quot;12&quot;:0,&quot;14&quot;:{&quot;1&quot;:2,&quot;2&quot;:0},&quot;15&quot;:&quot;Calibri&quot;}\">n cr\u00e9neau de 30min<strong> en ligne<\/strong><\/span><\/p>\n<p><strong>Attention !<\/strong> \u00a0Veuillez vous pr\u00e9senter \u00e0 l\u2019heure pour que l\u2019activit\u00e9 puisse commencer \u00e0 temps. Si vous avez du retard veuillez pr\u00e9venir l\u2019intervenant.e. Si vous avez plus de 10 min de retard l\u2019intervenant.e se r\u00e9serve le droit de ne plus vous accepter pour le coaching ou l\u2019atelier.<\/p>\n","protected":false},"featured_media":266755,"template":"","format":"standard","meta":{"_acf_changed":false,"om_disable_all_campaigns":false,"_uf_show_specific_survey":0,"_uf_disable_surveys":false},"product_brand":[],"product_cat":[121],"product_tag":[143],"lieu":[125],"thematiques":[],"class_list":{"0":"post-266754","1":"product","2":"type-product","3":"status-publish","4":"format-standard","5":"has-post-thumbnail","7":"product_cat-coaching","8":"product_tag-en-ligne","9":"lieu-en-ligne","11":"first","12":"instock","13":"virtual","14":"purchasable","15":"product-type-appointment"},"exclude_global_add_ons":[],"addons":[],"acf":[],"yoast_head":"<!-- This site is optimized with the Yoast SEO plugin v24.8 - https:\/\/yoast.com\/wordpress\/plugins\/seo\/ -->\n<title>Coaching - strat\u00e9gie &amp; prospection commerciale<\/title>\n<meta name=\"robots\" content=\"index, follow, max-snippet:-1, max-image-preview:large, max-video-preview:-1\" \/>\n<link rel=\"canonical\" href=\"https:\/\/empow-her.com\/en\/produit\/coaching-strategie-prospection-commerciale-7\/\" \/>\n<meta property=\"og:locale\" content=\"en_US\" \/>\n<meta property=\"og:type\" content=\"article\" \/>\n<meta property=\"og:title\" content=\"Coaching - strat\u00e9gie &amp; prospection commerciale\" \/>\n<meta property=\"og:description\" content=\"Vous avez esquiss\u00e9 une offre bas\u00e9e sur un produit ou un service, mais des questions demeurent : quels sont les bons canaux pour atteindre vos cibles ? Comment diffuser et vendre vos offres de mani\u00e8re optimale ? Ce coaching est con\u00e7u pour vous aider \u00e0 clarifier votre strat\u00e9gie commerciale et \u00e0 trouver des solutions adapt\u00e9es \u00e0 vos besoins.  &#x1f4e2; En 30 minutes, validez votre plan d&#039;actions commerciales ou votre argumentaire en b\u00e9n\u00e9ficiant de nos retours et propositions d&#039;am\u00e9lioration.  Attention : ce format n\u00e9cessite absolument une pr\u00e9paration de votre part, son objectif est d&#039;enrichir et de revoir ce sur quoi vous aurez travaill\u00e9 en amont!  Alexandre Sourzac-Lami: Apr\u00e8s mon double dipl\u00f4me \u00e0 l\u2019Ecole Centrale Paris et l\u2019ESCP Europe, j&#039;ai cr\u00e9\u00e9 l\u2019entreprise sociale Fuso et travaill\u00e9 dans le secteur du conseil en France puis en Allemagne. Fondateur de +1, j&#039;habite d\u00e9sormais \u00e0 Bruxelles d\u2019o\u00f9 j&#039;accompagne avec enthousiasme les entrepreneur\u00b7e\u00b7s fran\u00e7ais et belges de l&#039;ESS sur leur mod\u00e8le \u00e9conomique.  Son super pouvoir : Convertir d&#039;un claquement de doigts un projet en chiffres... et r\u00e9ciproquement  Son petit mot : Une id\u00e9e g\u00e9niale, c&#039;est bien. Un mod\u00e8le \u00e9conomique solidaire, qui inclut et s&#039;appuie sur tout son \u00e9cosyst\u00e8me pour \u00eatre p\u00e9renne, c&#039;est mieux !  Pr\u00e9-requis : Aucun !  Dur\u00e9e : Un cr\u00e9neau de 30min en ligne  Attention ! \u00a0Veuillez vous pr\u00e9senter \u00e0 l\u2019heure pour que l\u2019activit\u00e9 puisse commencer \u00e0 temps. Si vous avez du retard veuillez pr\u00e9venir l\u2019intervenant.e. Si vous avez plus de 10 min de retard l\u2019intervenant.e se r\u00e9serve le droit de ne plus vous accepter pour le coaching ou l\u2019atelier.\" \/>\n<meta property=\"og:url\" content=\"https:\/\/empow-her.com\/en\/produit\/coaching-strategie-prospection-commerciale-7\/\" \/>\n<meta property=\"og:site_name\" content=\"Empow&#039;Her\" \/>\n<meta property=\"article:modified_time\" content=\"2025-04-08T15:15:57+00:00\" \/>\n<meta property=\"og:image\" content=\"https:\/\/empow-her.com\/wp-content\/uploads\/2025\/04\/Women-Dare-templates-events-2025-04-08T171323.315.png\" \/>\n\t<meta property=\"og:image:width\" content=\"1080\" \/>\n\t<meta property=\"og:image:height\" content=\"1080\" \/>\n\t<meta property=\"og:image:type\" content=\"image\/png\" \/>\n<meta name=\"twitter:card\" content=\"summary_large_image\" \/>\n<meta name=\"twitter:label1\" content=\"Est. reading time\" \/>\n\t<meta name=\"twitter:data1\" content=\"2 minutes\" \/>\n<script type=\"application\/ld+json\" class=\"yoast-schema-graph\">{\"@context\":\"https:\/\/schema.org\",\"@graph\":[{\"@type\":\"WebPage\",\"@id\":\"https:\/\/empow-her.com\/en\/produit\/coaching-strategie-prospection-commerciale-7\/\",\"url\":\"https:\/\/empow-her.com\/en\/produit\/coaching-strategie-prospection-commerciale-7\/\",\"name\":\"Coaching - strat\u00e9gie & prospection commerciale\",\"isPartOf\":{\"@id\":\"https:\/\/empow-her.com\/#website\"},\"primaryImageOfPage\":{\"@id\":\"https:\/\/empow-her.com\/en\/produit\/coaching-strategie-prospection-commerciale-7\/#primaryimage\"},\"image\":{\"@id\":\"https:\/\/empow-her.com\/en\/produit\/coaching-strategie-prospection-commerciale-7\/#primaryimage\"},\"thumbnailUrl\":\"https:\/\/empow-her.com\/wp-content\/uploads\/2025\/04\/Women-Dare-templates-events-2025-04-08T171323.315.png\",\"datePublished\":\"2025-04-08T15:07:20+00:00\",\"dateModified\":\"2025-04-08T15:15:57+00:00\",\"breadcrumb\":{\"@id\":\"https:\/\/empow-her.com\/en\/produit\/coaching-strategie-prospection-commerciale-7\/#breadcrumb\"},\"inLanguage\":\"en-US\",\"potentialAction\":[{\"@type\":\"ReadAction\",\"target\":[\"https:\/\/empow-her.com\/en\/produit\/coaching-strategie-prospection-commerciale-7\/\"]}]},{\"@type\":\"ImageObject\",\"inLanguage\":\"en-US\",\"@id\":\"https:\/\/empow-her.com\/en\/produit\/coaching-strategie-prospection-commerciale-7\/#primaryimage\",\"url\":\"https:\/\/empow-her.com\/wp-content\/uploads\/2025\/04\/Women-Dare-templates-events-2025-04-08T171323.315.png\",\"contentUrl\":\"https:\/\/empow-her.com\/wp-content\/uploads\/2025\/04\/Women-Dare-templates-events-2025-04-08T171323.315.png\",\"width\":1080,\"height\":1080},{\"@type\":\"BreadcrumbList\",\"@id\":\"https:\/\/empow-her.com\/en\/produit\/coaching-strategie-prospection-commerciale-7\/#breadcrumb\",\"itemListElement\":[{\"@type\":\"ListItem\",\"position\":1,\"name\":\"Accueil\",\"item\":\"https:\/\/empow-her.com\/en\/landing-page\/\"},{\"@type\":\"ListItem\",\"position\":2,\"name\":\"LA BOUTIQUE\",\"item\":\"https:\/\/empow-her.com\/boutique\/\"},{\"@type\":\"ListItem\",\"position\":3,\"name\":\"Coaching &#8211; strat\u00e9gie &#038; prospection commerciale\"}]},{\"@type\":\"WebSite\",\"@id\":\"https:\/\/empow-her.com\/#website\",\"url\":\"https:\/\/empow-her.com\/\",\"name\":\"Empow&#039;Her\",\"description\":\"Women Development\",\"potentialAction\":[{\"@type\":\"SearchAction\",\"target\":{\"@type\":\"EntryPoint\",\"urlTemplate\":\"https:\/\/empow-her.com\/?s={search_term_string}\"},\"query-input\":{\"@type\":\"PropertyValueSpecification\",\"valueRequired\":true,\"valueName\":\"search_term_string\"}}],\"inLanguage\":\"en-US\"}]}<\/script>\n<!-- \/ Yoast SEO plugin. -->","yoast_head_json":{"title":"Coaching - strat\u00e9gie & prospection commerciale","robots":{"index":"index","follow":"follow","max-snippet":"max-snippet:-1","max-image-preview":"max-image-preview:large","max-video-preview":"max-video-preview:-1"},"canonical":"https:\/\/empow-her.com\/en\/produit\/coaching-strategie-prospection-commerciale-7\/","og_locale":"en_US","og_type":"article","og_title":"Coaching - strat\u00e9gie & prospection commerciale","og_description":"Vous avez esquiss\u00e9 une offre bas\u00e9e sur un produit ou un service, mais des questions demeurent : quels sont les bons canaux pour atteindre vos cibles ? Comment diffuser et vendre vos offres de mani\u00e8re optimale ? Ce coaching est con\u00e7u pour vous aider \u00e0 clarifier votre strat\u00e9gie commerciale et \u00e0 trouver des solutions adapt\u00e9es \u00e0 vos besoins.  &#x1f4e2; En 30 minutes, validez votre plan d'actions commerciales ou votre argumentaire en b\u00e9n\u00e9ficiant de nos retours et propositions d'am\u00e9lioration.  Attention : ce format n\u00e9cessite absolument une pr\u00e9paration de votre part, son objectif est d'enrichir et de revoir ce sur quoi vous aurez travaill\u00e9 en amont!  Alexandre Sourzac-Lami: Apr\u00e8s mon double dipl\u00f4me \u00e0 l\u2019Ecole Centrale Paris et l\u2019ESCP Europe, j'ai cr\u00e9\u00e9 l\u2019entreprise sociale Fuso et travaill\u00e9 dans le secteur du conseil en France puis en Allemagne. Fondateur de +1, j'habite d\u00e9sormais \u00e0 Bruxelles d\u2019o\u00f9 j'accompagne avec enthousiasme les entrepreneur\u00b7e\u00b7s fran\u00e7ais et belges de l'ESS sur leur mod\u00e8le \u00e9conomique.  Son super pouvoir : Convertir d'un claquement de doigts un projet en chiffres... et r\u00e9ciproquement  Son petit mot : Une id\u00e9e g\u00e9niale, c'est bien. Un mod\u00e8le \u00e9conomique solidaire, qui inclut et s'appuie sur tout son \u00e9cosyst\u00e8me pour \u00eatre p\u00e9renne, c'est mieux !  Pr\u00e9-requis : Aucun !  Dur\u00e9e : Un cr\u00e9neau de 30min en ligne  Attention ! \u00a0Veuillez vous pr\u00e9senter \u00e0 l\u2019heure pour que l\u2019activit\u00e9 puisse commencer \u00e0 temps. Si vous avez du retard veuillez pr\u00e9venir l\u2019intervenant.e. Si vous avez plus de 10 min de retard l\u2019intervenant.e se r\u00e9serve le droit de ne plus vous accepter pour le coaching ou l\u2019atelier.","og_url":"https:\/\/empow-her.com\/en\/produit\/coaching-strategie-prospection-commerciale-7\/","og_site_name":"Empow&#039;Her","article_modified_time":"2025-04-08T15:15:57+00:00","og_image":[{"width":1080,"height":1080,"url":"https:\/\/empow-her.com\/wp-content\/uploads\/2025\/04\/Women-Dare-templates-events-2025-04-08T171323.315.png","type":"image\/png"}],"twitter_card":"summary_large_image","twitter_misc":{"Est. reading time":"2 minutes"},"schema":{"@context":"https:\/\/schema.org","@graph":[{"@type":"WebPage","@id":"https:\/\/empow-her.com\/en\/produit\/coaching-strategie-prospection-commerciale-7\/","url":"https:\/\/empow-her.com\/en\/produit\/coaching-strategie-prospection-commerciale-7\/","name":"Coaching - strat\u00e9gie & prospection commerciale","isPartOf":{"@id":"https:\/\/empow-her.com\/#website"},"primaryImageOfPage":{"@id":"https:\/\/empow-her.com\/en\/produit\/coaching-strategie-prospection-commerciale-7\/#primaryimage"},"image":{"@id":"https:\/\/empow-her.com\/en\/produit\/coaching-strategie-prospection-commerciale-7\/#primaryimage"},"thumbnailUrl":"https:\/\/empow-her.com\/wp-content\/uploads\/2025\/04\/Women-Dare-templates-events-2025-04-08T171323.315.png","datePublished":"2025-04-08T15:07:20+00:00","dateModified":"2025-04-08T15:15:57+00:00","breadcrumb":{"@id":"https:\/\/empow-her.com\/en\/produit\/coaching-strategie-prospection-commerciale-7\/#breadcrumb"},"inLanguage":"en-US","potentialAction":[{"@type":"ReadAction","target":["https:\/\/empow-her.com\/en\/produit\/coaching-strategie-prospection-commerciale-7\/"]}]},{"@type":"ImageObject","inLanguage":"en-US","@id":"https:\/\/empow-her.com\/en\/produit\/coaching-strategie-prospection-commerciale-7\/#primaryimage","url":"https:\/\/empow-her.com\/wp-content\/uploads\/2025\/04\/Women-Dare-templates-events-2025-04-08T171323.315.png","contentUrl":"https:\/\/empow-her.com\/wp-content\/uploads\/2025\/04\/Women-Dare-templates-events-2025-04-08T171323.315.png","width":1080,"height":1080},{"@type":"BreadcrumbList","@id":"https:\/\/empow-her.com\/en\/produit\/coaching-strategie-prospection-commerciale-7\/#breadcrumb","itemListElement":[{"@type":"ListItem","position":1,"name":"Accueil","item":"https:\/\/empow-her.com\/en\/landing-page\/"},{"@type":"ListItem","position":2,"name":"LA BOUTIQUE","item":"https:\/\/empow-her.com\/boutique\/"},{"@type":"ListItem","position":3,"name":"Coaching &#8211; strat\u00e9gie &#038; prospection commerciale"}]},{"@type":"WebSite","@id":"https:\/\/empow-her.com\/#website","url":"https:\/\/empow-her.com\/","name":"Empow&#039;Her","description":"Women Development","potentialAction":[{"@type":"SearchAction","target":{"@type":"EntryPoint","urlTemplate":"https:\/\/empow-her.com\/?s={search_term_string}"},"query-input":{"@type":"PropertyValueSpecification","valueRequired":true,"valueName":"search_term_string"}}],"inLanguage":"en-US"}]}},"_links":{"self":[{"href":"https:\/\/empow-her.com\/en\/wp-json\/wp\/v2\/product\/266754","targetHints":{"allow":["GET"]}}],"collection":[{"href":"https:\/\/empow-her.com\/en\/wp-json\/wp\/v2\/product"}],"about":[{"href":"https:\/\/empow-her.com\/en\/wp-json\/wp\/v2\/types\/product"}],"wp:featuredmedia":[{"embeddable":true,"href":"https:\/\/empow-her.com\/en\/wp-json\/wp\/v2\/media\/266755"}],"wp:attachment":[{"href":"https:\/\/empow-her.com\/en\/wp-json\/wp\/v2\/media?parent=266754"}],"wp:term":[{"taxonomy":"product_brand","embeddable":true,"href":"https:\/\/empow-her.com\/en\/wp-json\/wp\/v2\/product_brand?post=266754"},{"taxonomy":"product_cat","embeddable":true,"href":"https:\/\/empow-her.com\/en\/wp-json\/wp\/v2\/product_cat?post=266754"},{"taxonomy":"product_tag","embeddable":true,"href":"https:\/\/empow-her.com\/en\/wp-json\/wp\/v2\/product_tag?post=266754"},{"taxonomy":"lieu","embeddable":true,"href":"https:\/\/empow-her.com\/en\/wp-json\/wp\/v2\/lieu?post=266754"},{"taxonomy":"thematiques","embeddable":true,"href":"https:\/\/empow-her.com\/en\/wp-json\/wp\/v2\/thematiques?post=266754"}],"curies":[{"name":"wp","href":"https:\/\/api.w.org\/{rel}","templated":true}]}}