{"id":266742,"date":"2025-04-08T16:06:09","date_gmt":"2025-04-08T14:06:09","guid":{"rendered":"https:\/\/empow-her.com\/?post_type=product&#038;p=266742"},"modified":"2025-04-08T16:32:18","modified_gmt":"2025-04-08T14:32:18","slug":"coaching-juridique-administratif-56","status":"publish","type":"product","link":"https:\/\/empow-her.com\/en\/produit\/coaching-juridique-administratif-56\/","title":{"rendered":"Coaching &#8211; Juridique &#038; administratif"},"content":{"rendered":"<p data-start=\"0\" data-end=\"109\"><strong data-start=\"0\" data-end=\"107\">&#x1f4e2; 1h de coaching individuel avec Impact Lawyers pour poser vos questions juridiques<\/strong><\/p>\n<p data-start=\"111\" data-end=\"406\">Vous avez des interrogations sur des aspects juridiques de votre projet ? Ce coaching est l&#8217;occasion id\u00e9ale pour obtenir des r\u00e9ponses pr\u00e9cises et adapt\u00e9es \u00e0 vos besoins. Profitez de l\u2019expertise d\u2019un.e avocat.e pour vous guider \u00e0 travers les complexit\u00e9s juridiques qui entourent votre activit\u00e9.<\/p>\n<p data-start=\"408\" data-end=\"471\">&#x1f4a1; <strong data-start=\"411\" data-end=\"469\">Quelques exemples de sujets que nous pouvons aborder :<\/strong><\/p>\n<p data-start=\"473\" data-end=\"1168\">&#x1f4c4; <strong data-start=\"476\" data-end=\"519\">Statuts juridiques et statut de l\u2019ESS :<\/strong> Comprendre les diff\u00e9rentes options juridiques qui s&#8217;offrent \u00e0 vous et choisir celle qui correspond le mieux \u00e0 votre projet.<br data-start=\"643\" data-end=\"646\" \/>&#x1f91d; <strong data-start=\"649\" data-end=\"702\">Comment s\u2019associer tout en s\u00e9curisant le projet ?<\/strong> Explorer les meilleures pratiques pour \u00e9tablir des partenariats solides et protecteurs.<br data-start=\"790\" data-end=\"793\" \/>&#x1f4b0; <strong data-start=\"796\" data-end=\"826\">Strat\u00e9gie de financement :<\/strong> Discuter des diff\u00e9rentes avenues de financement, y compris la lev\u00e9e de fonds et les financements non dilutifs, pour soutenir votre projet.<br data-start=\"965\" data-end=\"968\" \/>&#x270d;&#xfe0f; <strong data-start=\"971\" data-end=\"1008\">R\u00e9daction des premiers contrats :<\/strong> Obtenir des conseils sur la r\u00e9daction de vos conditions g\u00e9n\u00e9rales de vente (CGV) et conditions g\u00e9n\u00e9rales d&#8217;utilisation (CGU) pour s\u00e9curiser vos transactions.<\/p>\n<p data-start=\"1170\" data-end=\"1305\" data-is-last-node=\"\">Une heure pour poser toutes vos questions et clarifier vos pr\u00e9occupations juridiques, afin d&#8217;avancer sereinement dans votre projet ! &#x1f680;<\/p>\n<p><strong>Julie Cambianica :<\/strong>\u00a0Avocate, j\u2019accompagne les entrepreneuses depuis plusieurs ann\u00e9es afin de les aider \u00e0 r\u00e9diger leurs contrats commerciaux et \u00e0 mettre en conformit\u00e9 leur site Internet (RGPD) ! Mes domaines de comp\u00e9tence: les contrats, les relations commerciales, les donn\u00e9es personnelles, les impay\u00e9s, les conflits entre entreprises.<\/p>\n<p><strong>Son super pouvoir :<\/strong> Adapter le juridique \u00e0 votre projet !<\/p>\n<p><strong>Sont petit mot :<\/strong> Bravo, en vous lan\u00e7ant vous avez (d\u00e9j\u00e0) fait le plus difficile!<br \/>\nCroyez en vous et profitez de l\u2019accompagnement offert par le programme ! Le collectif Impact Lawyers est l\u00e0 pour permettre d\u2019adapter le juridique \u00e0 votre projet !<\/p>\n<p><strong>Dur\u00e9e :<\/strong> Un cr\u00e9neau de 1h en individuel en ligne<br \/>\nAttention ! Veuillez vous pr\u00e9senter \u00e0 l\u2019heure pour que l\u2019activit\u00e9 puisse commencer \u00e0 temps. Si vous avez du retard veuillez pr\u00e9venir l\u2019intervenant.e. Si vous avez plus de 15 min de retard l\u2019intervenant.e se r\u00e9serve le droit de ne plus vous accepter pour le coaching ou l&#8217;atelier.<\/p>\n","protected":false},"excerpt":{"rendered":"<p data-start=\"0\" data-end=\"109\"><strong data-start=\"0\" data-end=\"107\">&#x1f4e2; 1h de coaching individuel avec Impact Lawyers pour poser vos questions juridiques<\/strong><\/p>\n<p data-start=\"111\" data-end=\"406\">Vous avez des interrogations sur des aspects juridiques de votre projet ? Ce coaching est l&#8217;occasion id\u00e9ale pour obtenir des r\u00e9ponses pr\u00e9cises et adapt\u00e9es \u00e0 vos besoins. Profitez de l\u2019expertise d\u2019un.e avocat.e pour vous guider \u00e0 travers les complexit\u00e9s juridiques qui entourent votre activit\u00e9.<\/p>\n<p data-start=\"408\" data-end=\"471\">&#x1f4a1; <strong data-start=\"411\" data-end=\"469\">Quelques exemples de sujets que nous pouvons aborder :<\/strong><\/p>\n<p data-start=\"473\" data-end=\"1168\">&#x1f4c4; <strong data-start=\"476\" data-end=\"519\">Statuts juridiques et statut de l\u2019ESS :<\/strong> Comprendre les diff\u00e9rentes options juridiques qui s&#8217;offrent \u00e0 vous et choisir celle qui correspond le mieux \u00e0 votre projet.<br data-start=\"643\" data-end=\"646\" \/>&#x1f91d; <strong data-start=\"649\" data-end=\"702\">Comment s\u2019associer tout en s\u00e9curisant le projet ?<\/strong> Explorer les meilleures pratiques pour \u00e9tablir des partenariats solides et protecteurs.<br data-start=\"790\" data-end=\"793\" \/>&#x1f4b0; <strong data-start=\"796\" data-end=\"826\">Strat\u00e9gie de financement :<\/strong> Discuter des diff\u00e9rentes avenues de financement, y compris la lev\u00e9e de fonds et les financements non dilutifs, pour soutenir votre projet.<br data-start=\"965\" data-end=\"968\" \/>&#x270d;&#xfe0f; <strong data-start=\"971\" data-end=\"1008\">R\u00e9daction des premiers contrats :<\/strong> Obtenir des conseils sur la r\u00e9daction de vos conditions g\u00e9n\u00e9rales de vente (CGV) et conditions g\u00e9n\u00e9rales d&#8217;utilisation (CGU) pour s\u00e9curiser vos transactions.<\/p>\n<p data-start=\"1170\" data-end=\"1305\" data-is-last-node=\"\">Une heure pour poser toutes vos questions et clarifier vos pr\u00e9occupations juridiques, afin d&#8217;avancer sereinement dans votre projet ! &#x1f680;<\/p>\n<p><strong>Julie Cambianica :<\/strong>\u00a0Avocate, j\u2019accompagne les entrepreneuses depuis plusieurs ann\u00e9es afin de les aider \u00e0 r\u00e9diger leurs contrats commerciaux et \u00e0 mettre en conformit\u00e9 leur site Internet (RGPD) ! Mes domaines de comp\u00e9tence: les contrats, les relations commerciales, les donn\u00e9es personnelles, les impay\u00e9s, les conflits entre entreprises.<\/p>\n<p><strong>Son super pouvoir :<\/strong> Adapter le juridique \u00e0 votre projet !<\/p>\n<p><strong>Sont petit mot :<\/strong> Bravo, en vous lan\u00e7ant vous avez (d\u00e9j\u00e0) fait le plus difficile!<br \/>\nCroyez en vous et profitez de l\u2019accompagnement offert par le programme ! Le collectif Impact Lawyers est l\u00e0 pour permettre d\u2019adapter le juridique \u00e0 votre projet !<\/p>\n<p><strong>Dur\u00e9e :<\/strong> Un cr\u00e9neau de 1h en individuel en ligne<br \/>\nAttention ! Veuillez vous pr\u00e9senter \u00e0 l\u2019heure pour que l\u2019activit\u00e9 puisse commencer \u00e0 temps. Si vous avez du retard veuillez pr\u00e9venir l\u2019intervenant.e. Si vous avez plus de 15 min de retard l\u2019intervenant.e se r\u00e9serve le droit de ne plus vous accepter pour le coaching ou l&#8217;atelier.<\/p>\n","protected":false},"featured_media":266743,"template":"","format":"standard","meta":{"_acf_changed":false,"om_disable_all_campaigns":false,"_uf_show_specific_survey":0,"_uf_disable_surveys":false},"product_brand":[],"product_cat":[121],"product_tag":[143],"lieu":[125],"thematiques":[],"class_list":{"0":"post-266742","1":"product","2":"type-product","3":"status-publish","4":"format-standard","5":"has-post-thumbnail","7":"product_cat-coaching","8":"product_tag-en-ligne","9":"lieu-en-ligne","11":"first","12":"instock","13":"virtual","14":"purchasable","15":"product-type-appointment"},"exclude_global_add_ons":false,"addons":[{"name":"Votre nom & pr\u00e9nom","type":"custom_text","position":0,"required":true,"title_format":"label","description_enable":false,"description":"","placeholder_enable":false,"placeholder":"","display":"select","restrictions_type":"any_text","adjust_price":false,"price":"","price_type":"flat_fee","restrictions":false,"min":0,"max":0,"options":[],"id":1739969689},{"name":"Pr\u00e9sentez votre projet en quelques mots","type":"custom_text","position":1,"required":true,"title_format":"label","description_enable":false,"description":"","placeholder_enable":false,"placeholder":"","display":"select","restrictions_type":"any_text","adjust_price":false,"price":"","price_type":"flat_fee","restrictions":false,"min":0,"max":0,"options":[],"id":1739969690},{"name":"Avez-vous cr\u00e9\u00e9 votre structure juridique ? Si oui, quelle forme ?","type":"custom_text","position":2,"required":false,"title_format":"label","description_enable":false,"description":"","placeholder_enable":false,"placeholder":"","display":"select","restrictions_type":"any_text","adjust_price":false,"price":"","price_type":"flat_fee","restrictions":false,"min":0,"max":0,"options":[],"id":1739969610},{"name":"Souhaitez-vous inscrire votre projet dans l'Economie Sociale et Solidaire ?","type":"checkbox","position":3,"required":false,"title_format":"label","description_enable":false,"description":"","placeholder_enable":false,"placeholder":"","display":"select","restrictions_type":"any_text","adjust_price":false,"price":"","price_type":"flat_fee","restrictions":false,"min":0,"max":0,"options":[{"label":"Oui","price":"","price_type":"flat_fee","image":0},{"label":"Non","price":"","price_type":"flat_fee","image":0}],"id":1739969609},{"name":"Quelles sont vos questions, vos besoins sur la th\u00e9matique juridique ?","type":"custom_textarea","position":4,"required":true,"title_format":"label","description_enable":true,"description":"Exemples : statuts juridiques, r\u00e9daction des premiers contrats (CGV\/CGU), propri\u00e9t\u00e9 intellectuelle, d\u00e9p\u00f4t de marque, protection des donn\u00e9es personnelles (RGPD)...","placeholder_enable":false,"placeholder":"","display":"select","restrictions_type":"any_text","adjust_price":false,"price":"","price_type":"flat_fee","restrictions":false,"min":0,"max":0,"options":[],"id":1739969611}],"acf":[],"yoast_head":"<!-- This site is optimized with the Yoast SEO plugin v24.8 - https:\/\/yoast.com\/wordpress\/plugins\/seo\/ -->\n<title>Coaching - Juridique &amp; administratif - Empow&#039;Her<\/title>\n<meta name=\"robots\" content=\"index, follow, max-snippet:-1, max-image-preview:large, max-video-preview:-1\" \/>\n<link rel=\"canonical\" href=\"https:\/\/empow-her.com\/produit\/coaching-juridique-administratif-56\/\" \/>\n<meta property=\"og:locale\" content=\"en_US\" \/>\n<meta property=\"og:type\" content=\"article\" \/>\n<meta property=\"og:title\" content=\"Coaching - Juridique &amp; administratif - Empow&#039;Her\" \/>\n<meta property=\"og:description\" content=\"&#x1f4e2; 1h de coaching individuel avec Impact Lawyers pour poser vos questions juridiques Vous avez des interrogations sur des aspects juridiques de votre projet ? Ce coaching est l&#039;occasion id\u00e9ale pour obtenir des r\u00e9ponses pr\u00e9cises et adapt\u00e9es \u00e0 vos besoins. Profitez de l\u2019expertise d\u2019un.e avocat.e pour vous guider \u00e0 travers les complexit\u00e9s juridiques qui entourent votre activit\u00e9. &#x1f4a1; Quelques exemples de sujets que nous pouvons aborder : &#x1f4c4; Statuts juridiques et statut de l\u2019ESS : Comprendre les diff\u00e9rentes options juridiques qui s&#039;offrent \u00e0 vous et choisir celle qui correspond le mieux \u00e0 votre projet.&#x1f91d; Comment s\u2019associer tout en s\u00e9curisant le projet ? Explorer les meilleures pratiques pour \u00e9tablir des partenariats solides et protecteurs.&#x1f4b0; Strat\u00e9gie de financement : Discuter des diff\u00e9rentes avenues de financement, y compris la lev\u00e9e de fonds et les financements non dilutifs, pour soutenir votre projet.&#x270d;&#xfe0f; R\u00e9daction des premiers contrats : Obtenir des conseils sur la r\u00e9daction de vos conditions g\u00e9n\u00e9rales de vente (CGV) et conditions g\u00e9n\u00e9rales d&#039;utilisation (CGU) pour s\u00e9curiser vos transactions. Une heure pour poser toutes vos questions et clarifier vos pr\u00e9occupations juridiques, afin d&#039;avancer sereinement dans votre projet ! &#x1f680; Julie Cambianica :\u00a0Avocate, j\u2019accompagne les entrepreneuses depuis plusieurs ann\u00e9es afin de les aider \u00e0 r\u00e9diger leurs contrats commerciaux et \u00e0 mettre en conformit\u00e9 leur site Internet (RGPD) ! Mes domaines de comp\u00e9tence: les contrats, les relations commerciales, les donn\u00e9es personnelles, les impay\u00e9s, les conflits entre entreprises.  Son super pouvoir : Adapter le juridique \u00e0 votre projet !  Sont petit mot : Bravo, en vous lan\u00e7ant vous avez (d\u00e9j\u00e0) fait le plus difficile! Croyez en vous et profitez de l\u2019accompagnement offert par le programme ! Le collectif Impact Lawyers est l\u00e0 pour permettre d\u2019adapter le juridique \u00e0 votre projet !  Dur\u00e9e : Un cr\u00e9neau de 1h en individuel en ligne Attention ! Veuillez vous pr\u00e9senter \u00e0 l\u2019heure pour que l\u2019activit\u00e9 puisse commencer \u00e0 temps. Si vous avez du retard veuillez pr\u00e9venir l\u2019intervenant.e. Si vous avez plus de 15 min de retard l\u2019intervenant.e se r\u00e9serve le droit de ne plus vous accepter pour le coaching ou l&#039;atelier.\" \/>\n<meta property=\"og:url\" content=\"https:\/\/empow-her.com\/produit\/coaching-juridique-administratif-56\/\" \/>\n<meta property=\"og:site_name\" content=\"Empow&#039;Her\" \/>\n<meta property=\"article:modified_time\" content=\"2025-04-08T14:32:18+00:00\" \/>\n<meta property=\"og:image\" content=\"https:\/\/empow-her.com\/wp-content\/uploads\/2025\/04\/Women-Dare-templates-events-2025-04-08T162303.086.png\" \/>\n\t<meta property=\"og:image:width\" content=\"1080\" \/>\n\t<meta property=\"og:image:height\" content=\"1080\" \/>\n\t<meta property=\"og:image:type\" content=\"image\/png\" \/>\n<meta name=\"twitter:card\" content=\"summary_large_image\" \/>\n<meta name=\"twitter:label1\" content=\"Est. reading time\" \/>\n\t<meta name=\"twitter:data1\" content=\"2 minutes\" \/>\n<script type=\"application\/ld+json\" class=\"yoast-schema-graph\">{\"@context\":\"https:\/\/schema.org\",\"@graph\":[{\"@type\":\"WebPage\",\"@id\":\"https:\/\/empow-her.com\/produit\/coaching-juridique-administratif-56\/\",\"url\":\"https:\/\/empow-her.com\/produit\/coaching-juridique-administratif-56\/\",\"name\":\"Coaching - Juridique & administratif - Empow&#039;Her\",\"isPartOf\":{\"@id\":\"https:\/\/empow-her.com\/#website\"},\"primaryImageOfPage\":{\"@id\":\"https:\/\/empow-her.com\/produit\/coaching-juridique-administratif-56\/#primaryimage\"},\"image\":{\"@id\":\"https:\/\/empow-her.com\/produit\/coaching-juridique-administratif-56\/#primaryimage\"},\"thumbnailUrl\":\"https:\/\/empow-her.com\/wp-content\/uploads\/2025\/04\/Women-Dare-templates-events-2025-04-08T162303.086.png\",\"datePublished\":\"2025-04-08T14:06:09+00:00\",\"dateModified\":\"2025-04-08T14:32:18+00:00\",\"breadcrumb\":{\"@id\":\"https:\/\/empow-her.com\/produit\/coaching-juridique-administratif-56\/#breadcrumb\"},\"inLanguage\":\"en-US\",\"potentialAction\":[{\"@type\":\"ReadAction\",\"target\":[\"https:\/\/empow-her.com\/produit\/coaching-juridique-administratif-56\/\"]}]},{\"@type\":\"ImageObject\",\"inLanguage\":\"en-US\",\"@id\":\"https:\/\/empow-her.com\/produit\/coaching-juridique-administratif-56\/#primaryimage\",\"url\":\"https:\/\/empow-her.com\/wp-content\/uploads\/2025\/04\/Women-Dare-templates-events-2025-04-08T162303.086.png\",\"contentUrl\":\"https:\/\/empow-her.com\/wp-content\/uploads\/2025\/04\/Women-Dare-templates-events-2025-04-08T162303.086.png\",\"width\":1080,\"height\":1080},{\"@type\":\"BreadcrumbList\",\"@id\":\"https:\/\/empow-her.com\/produit\/coaching-juridique-administratif-56\/#breadcrumb\",\"itemListElement\":[{\"@type\":\"ListItem\",\"position\":1,\"name\":\"Accueil\",\"item\":\"https:\/\/empow-her.com\/en\/landing-page\/\"},{\"@type\":\"ListItem\",\"position\":2,\"name\":\"LA BOUTIQUE\",\"item\":\"https:\/\/empow-her.com\/boutique\/\"},{\"@type\":\"ListItem\",\"position\":3,\"name\":\"Coaching &#8211; Juridique &#038; administratif\"}]},{\"@type\":\"WebSite\",\"@id\":\"https:\/\/empow-her.com\/#website\",\"url\":\"https:\/\/empow-her.com\/\",\"name\":\"Empow&#039;Her\",\"description\":\"Women Development\",\"potentialAction\":[{\"@type\":\"SearchAction\",\"target\":{\"@type\":\"EntryPoint\",\"urlTemplate\":\"https:\/\/empow-her.com\/?s={search_term_string}\"},\"query-input\":{\"@type\":\"PropertyValueSpecification\",\"valueRequired\":true,\"valueName\":\"search_term_string\"}}],\"inLanguage\":\"en-US\"}]}<\/script>\n<!-- \/ Yoast SEO plugin. -->","yoast_head_json":{"title":"Coaching - Juridique & administratif - Empow&#039;Her","robots":{"index":"index","follow":"follow","max-snippet":"max-snippet:-1","max-image-preview":"max-image-preview:large","max-video-preview":"max-video-preview:-1"},"canonical":"https:\/\/empow-her.com\/produit\/coaching-juridique-administratif-56\/","og_locale":"en_US","og_type":"article","og_title":"Coaching - Juridique & administratif - Empow&#039;Her","og_description":"&#x1f4e2; 1h de coaching individuel avec Impact Lawyers pour poser vos questions juridiques Vous avez des interrogations sur des aspects juridiques de votre projet ? Ce coaching est l'occasion id\u00e9ale pour obtenir des r\u00e9ponses pr\u00e9cises et adapt\u00e9es \u00e0 vos besoins. Profitez de l\u2019expertise d\u2019un.e avocat.e pour vous guider \u00e0 travers les complexit\u00e9s juridiques qui entourent votre activit\u00e9. &#x1f4a1; Quelques exemples de sujets que nous pouvons aborder : &#x1f4c4; Statuts juridiques et statut de l\u2019ESS : Comprendre les diff\u00e9rentes options juridiques qui s'offrent \u00e0 vous et choisir celle qui correspond le mieux \u00e0 votre projet.&#x1f91d; Comment s\u2019associer tout en s\u00e9curisant le projet ? Explorer les meilleures pratiques pour \u00e9tablir des partenariats solides et protecteurs.&#x1f4b0; Strat\u00e9gie de financement : Discuter des diff\u00e9rentes avenues de financement, y compris la lev\u00e9e de fonds et les financements non dilutifs, pour soutenir votre projet.&#x270d;&#xfe0f; R\u00e9daction des premiers contrats : Obtenir des conseils sur la r\u00e9daction de vos conditions g\u00e9n\u00e9rales de vente (CGV) et conditions g\u00e9n\u00e9rales d'utilisation (CGU) pour s\u00e9curiser vos transactions. Une heure pour poser toutes vos questions et clarifier vos pr\u00e9occupations juridiques, afin d'avancer sereinement dans votre projet ! &#x1f680; Julie Cambianica :\u00a0Avocate, j\u2019accompagne les entrepreneuses depuis plusieurs ann\u00e9es afin de les aider \u00e0 r\u00e9diger leurs contrats commerciaux et \u00e0 mettre en conformit\u00e9 leur site Internet (RGPD) ! Mes domaines de comp\u00e9tence: les contrats, les relations commerciales, les donn\u00e9es personnelles, les impay\u00e9s, les conflits entre entreprises.  Son super pouvoir : Adapter le juridique \u00e0 votre projet !  Sont petit mot : Bravo, en vous lan\u00e7ant vous avez (d\u00e9j\u00e0) fait le plus difficile! Croyez en vous et profitez de l\u2019accompagnement offert par le programme ! Le collectif Impact Lawyers est l\u00e0 pour permettre d\u2019adapter le juridique \u00e0 votre projet !  Dur\u00e9e : Un cr\u00e9neau de 1h en individuel en ligne Attention ! Veuillez vous pr\u00e9senter \u00e0 l\u2019heure pour que l\u2019activit\u00e9 puisse commencer \u00e0 temps. Si vous avez du retard veuillez pr\u00e9venir l\u2019intervenant.e. Si vous avez plus de 15 min de retard l\u2019intervenant.e se r\u00e9serve le droit de ne plus vous accepter pour le coaching ou l'atelier.","og_url":"https:\/\/empow-her.com\/produit\/coaching-juridique-administratif-56\/","og_site_name":"Empow&#039;Her","article_modified_time":"2025-04-08T14:32:18+00:00","og_image":[{"width":1080,"height":1080,"url":"https:\/\/empow-her.com\/wp-content\/uploads\/2025\/04\/Women-Dare-templates-events-2025-04-08T162303.086.png","type":"image\/png"}],"twitter_card":"summary_large_image","twitter_misc":{"Est. reading time":"2 minutes"},"schema":{"@context":"https:\/\/schema.org","@graph":[{"@type":"WebPage","@id":"https:\/\/empow-her.com\/produit\/coaching-juridique-administratif-56\/","url":"https:\/\/empow-her.com\/produit\/coaching-juridique-administratif-56\/","name":"Coaching - Juridique & administratif - Empow&#039;Her","isPartOf":{"@id":"https:\/\/empow-her.com\/#website"},"primaryImageOfPage":{"@id":"https:\/\/empow-her.com\/produit\/coaching-juridique-administratif-56\/#primaryimage"},"image":{"@id":"https:\/\/empow-her.com\/produit\/coaching-juridique-administratif-56\/#primaryimage"},"thumbnailUrl":"https:\/\/empow-her.com\/wp-content\/uploads\/2025\/04\/Women-Dare-templates-events-2025-04-08T162303.086.png","datePublished":"2025-04-08T14:06:09+00:00","dateModified":"2025-04-08T14:32:18+00:00","breadcrumb":{"@id":"https:\/\/empow-her.com\/produit\/coaching-juridique-administratif-56\/#breadcrumb"},"inLanguage":"en-US","potentialAction":[{"@type":"ReadAction","target":["https:\/\/empow-her.com\/produit\/coaching-juridique-administratif-56\/"]}]},{"@type":"ImageObject","inLanguage":"en-US","@id":"https:\/\/empow-her.com\/produit\/coaching-juridique-administratif-56\/#primaryimage","url":"https:\/\/empow-her.com\/wp-content\/uploads\/2025\/04\/Women-Dare-templates-events-2025-04-08T162303.086.png","contentUrl":"https:\/\/empow-her.com\/wp-content\/uploads\/2025\/04\/Women-Dare-templates-events-2025-04-08T162303.086.png","width":1080,"height":1080},{"@type":"BreadcrumbList","@id":"https:\/\/empow-her.com\/produit\/coaching-juridique-administratif-56\/#breadcrumb","itemListElement":[{"@type":"ListItem","position":1,"name":"Accueil","item":"https:\/\/empow-her.com\/en\/landing-page\/"},{"@type":"ListItem","position":2,"name":"LA BOUTIQUE","item":"https:\/\/empow-her.com\/boutique\/"},{"@type":"ListItem","position":3,"name":"Coaching &#8211; Juridique &#038; administratif"}]},{"@type":"WebSite","@id":"https:\/\/empow-her.com\/#website","url":"https:\/\/empow-her.com\/","name":"Empow&#039;Her","description":"Women Development","potentialAction":[{"@type":"SearchAction","target":{"@type":"EntryPoint","urlTemplate":"https:\/\/empow-her.com\/?s={search_term_string}"},"query-input":{"@type":"PropertyValueSpecification","valueRequired":true,"valueName":"search_term_string"}}],"inLanguage":"en-US"}]}},"_links":{"self":[{"href":"https:\/\/empow-her.com\/en\/wp-json\/wp\/v2\/product\/266742","targetHints":{"allow":["GET"]}}],"collection":[{"href":"https:\/\/empow-her.com\/en\/wp-json\/wp\/v2\/product"}],"about":[{"href":"https:\/\/empow-her.com\/en\/wp-json\/wp\/v2\/types\/product"}],"wp:featuredmedia":[{"embeddable":true,"href":"https:\/\/empow-her.com\/en\/wp-json\/wp\/v2\/media\/266743"}],"wp:attachment":[{"href":"https:\/\/empow-her.com\/en\/wp-json\/wp\/v2\/media?parent=266742"}],"wp:term":[{"taxonomy":"product_brand","embeddable":true,"href":"https:\/\/empow-her.com\/en\/wp-json\/wp\/v2\/product_brand?post=266742"},{"taxonomy":"product_cat","embeddable":true,"href":"https:\/\/empow-her.com\/en\/wp-json\/wp\/v2\/product_cat?post=266742"},{"taxonomy":"product_tag","embeddable":true,"href":"https:\/\/empow-her.com\/en\/wp-json\/wp\/v2\/product_tag?post=266742"},{"taxonomy":"lieu","embeddable":true,"href":"https:\/\/empow-her.com\/en\/wp-json\/wp\/v2\/lieu?post=266742"},{"taxonomy":"thematiques","embeddable":true,"href":"https:\/\/empow-her.com\/en\/wp-json\/wp\/v2\/thematiques?post=266742"}],"curies":[{"name":"wp","href":"https:\/\/api.w.org\/{rel}","templated":true}]}}