{"id":266729,"date":"2025-04-08T12:37:10","date_gmt":"2025-04-08T10:37:10","guid":{"rendered":"https:\/\/empow-her.com\/?post_type=product&#038;p=266729"},"modified":"2025-04-15T10:23:51","modified_gmt":"2025-04-15T08:23:51","slug":"hotline-juridique-et-administratif","status":"publish","type":"product","link":"https:\/\/empow-her.com\/en\/produit\/hotline-juridique-et-administratif\/","title":{"rendered":"Hotline juridique et administratif"},"content":{"rendered":"<div class=\"elementor-element elementor-element-6dcaf591 elementor-widget elementor-widget-woocommerce-product-short-description\" data-id=\"6dcaf591\" data-element_type=\"widget\" data-widget_type=\"woocommerce-product-short-description.default\">\n<div class=\"elementor-widget-container\">\n<div class=\"woocommerce-product-details__short-description\">\n<p><strong>&#x1f539; Un cr\u00e9neau libre pour toutes vos questions juridiques !<\/strong><\/p>\n<p>Vous avez des interrogations sur le juridique et besoin de r\u00e9ponses rapides ? Profitez d\u2019un espace d\u2019\u00e9change flexible o\u00f9 vous pouvez vous connecter \u00e0 tout moment durant les 2 heures allou\u00e9es pour poser toutes vos questions.<\/p>\n<p>&#x1f4cc; Comment \u00e7a fonctionne ?<br \/>\n&#x2705; Connexion libre : rejoignez l\u2019espace quand vous le souhaitez, sans inscription pr\u00e9alable.<br \/>\n&#x2705; \u00c9change ouvert : posez vos questions en direct et profitez des r\u00e9ponses apport\u00e9es aux autres entrepreneuses.<br \/>\n&#x2705; Flexibilit\u00e9 totale : restez aussi longtemps que n\u00e9cessaire ou partez d\u00e8s que vous avez vos r\u00e9ponses.<\/p>\n<p>Ce cr\u00e9neau est accessible \u00e0 toutes les entrepreneuses, que vous ayez une simple question ou besoin d\u2019\u00e9claircissements plus approfondis.<\/p>\n<p>&#x1f4a1; Une opportunit\u00e9 pr\u00e9cieuse pour s\u00e9curiser votre projet et avancer sereinement !<\/p>\n<p><strong>Alexandra Mazeyrac\u00a0:\u00a0<\/strong> Avocate en droit de la propri\u00e9t\u00e9 intellectuelle, des nouvelles technologies et donn\u00e9es personnelles. D\u00e9l\u00e9gu\u00e9e \u00e0 la protection des donn\u00e9es personnelles (DPO) certifi\u00e9e.<\/p>\n<p><strong>Son super pouvoir :<\/strong> Solutionneuse pragmatique de probl\u00e8mes juridiques<\/p>\n<p><strong>Son petit mot :<\/strong> Sky is the limit &#8211; n&#8217;ayez pas peur de ce que vous \u00eates ni de ce que vous souhaitez.<\/p>\n<p><strong>Pr\u00e9-requis<\/strong> <strong>:<\/strong> <span data-sheets-value=\"{&quot;1&quot;:2,&quot;2&quot;:&quot;nVous souhaitez vous inscrire \u00e0 cette session ? Merci d'indiquer votre besoin principal en remplissant ce questionnaire avant la session : https:\/\/airtable.com\/shrbpqpYDX8WKP0gJ nou communiquez-le par mail \u00e0 votre r\u00e9f\u00e9rente Empow'Her : nadege.serrero@empow-her.com&quot;}\" data-sheets-userformat=\"{&quot;2&quot;:4993,&quot;3&quot;:{&quot;1&quot;:0},&quot;10&quot;:1,&quot;11&quot;:4,&quot;12&quot;:0,&quot;15&quot;:&quot;Hind&quot;}\">Aucun !<\/span><\/p>\n<p><strong>Dur\u00e9e<\/strong> <strong>:<\/strong> U<span data-sheets-value=\"{&quot;1&quot;:2,&quot;2&quot;:&quot;Permanence de 4h avec un cr\u00e9neau de 1h par participante (+ 15 minutes entre chaque)&quot;}\" data-sheets-userformat=\"{&quot;2&quot;:7167,&quot;3&quot;:{&quot;1&quot;:0},&quot;4&quot;:{&quot;1&quot;:2,&quot;2&quot;:16777215},&quot;5&quot;:{&quot;1&quot;:[{&quot;1&quot;:2,&quot;2&quot;:0,&quot;5&quot;:{&quot;1&quot;:2,&quot;2&quot;:0}},{&quot;1&quot;:0,&quot;2&quot;:0,&quot;3&quot;:3},{&quot;1&quot;:1,&quot;2&quot;:0,&quot;4&quot;:1}]},&quot;6&quot;:{&quot;1&quot;:[{&quot;1&quot;:2,&quot;2&quot;:0,&quot;5&quot;:{&quot;1&quot;:2,&quot;2&quot;:0}},{&quot;1&quot;:0,&quot;2&quot;:0,&quot;3&quot;:3},{&quot;1&quot;:1,&quot;2&quot;:0,&quot;4&quot;:1}]},&quot;7&quot;:{&quot;1&quot;:[{&quot;1&quot;:2,&quot;2&quot;:0,&quot;5&quot;:{&quot;1&quot;:2,&quot;2&quot;:0}},{&quot;1&quot;:0,&quot;2&quot;:0,&quot;3&quot;:3},{&quot;1&quot;:1,&quot;2&quot;:0,&quot;4&quot;:1}]},&quot;8&quot;:{&quot;1&quot;:[{&quot;1&quot;:2,&quot;2&quot;:0,&quot;5&quot;:{&quot;1&quot;:2,&quot;2&quot;:0}},{&quot;1&quot;:0,&quot;2&quot;:0,&quot;3&quot;:3},{&quot;1&quot;:1,&quot;2&quot;:0,&quot;4&quot;:1}]},&quot;9&quot;:0,&quot;10&quot;:1,&quot;11&quot;:4,&quot;12&quot;:0,&quot;14&quot;:{&quot;1&quot;:2,&quot;2&quot;:0},&quot;15&quot;:&quot;Calibri&quot;}\">n cr\u00e9neau de 30min<strong> en ligne<\/strong><\/span><\/p>\n<p><strong>Attention !<\/strong> \u00a0Veuillez vous pr\u00e9senter \u00e0 l\u2019heure pour que l\u2019activit\u00e9 puisse commencer \u00e0 temps. Si vous avez du retard veuillez pr\u00e9venir l\u2019intervenant.e. Si vous avez plus de 10 min de retard l\u2019intervenant.e se r\u00e9serve le droit de ne plus vous accepter pour le coaching ou l\u2019atelier.<\/p>\n<\/div>\n<\/div>\n<\/div>\n","protected":false},"excerpt":{"rendered":"<p><strong>&#x1f539; Un cr\u00e9neau libre pour toutes vos questions juridiques !<\/strong><\/p>\n<p>Vous avez des interrogations sur le juridique et besoin de r\u00e9ponses rapides ? Profitez d\u2019un espace d\u2019\u00e9change flexible o\u00f9 vous pouvez vous connecter \u00e0 tout moment durant les 2 heures allou\u00e9es pour poser toutes vos questions.<\/p>\n<p>&#x1f4cc; Comment \u00e7a fonctionne ?<br \/>\n&#x2705; Connexion libre : rejoignez l\u2019espace quand vous le souhaitez, sans inscription pr\u00e9alable.<br \/>\n&#x2705; \u00c9change ouvert : posez vos questions en direct et profitez des r\u00e9ponses apport\u00e9es aux autres entrepreneuses.<br \/>\n&#x2705; Flexibilit\u00e9 totale : restez aussi longtemps que n\u00e9cessaire ou partez d\u00e8s que vous avez vos r\u00e9ponses.<\/p>\n<p>Ce cr\u00e9neau est accessible \u00e0 toutes les entrepreneuses, que vous ayez une simple question ou besoin d\u2019\u00e9claircissements plus approfondis.<\/p>\n<p>&#x1f4a1; Une opportunit\u00e9 pr\u00e9cieuse pour s\u00e9curiser votre projet et avancer sereinement !<\/p>\n<p><strong>Alexandra Mazeyrac\u00a0:\u00a0<\/strong> Avocate en droit de la propri\u00e9t\u00e9 intellectuelle, des nouvelles technologies et donn\u00e9es personnelles. D\u00e9l\u00e9gu\u00e9e \u00e0 la protection des donn\u00e9es personnelles (DPO) certifi\u00e9e.<\/p>\n<p><strong>Son super pouvoir :<\/strong> Solutionneuse pragmatique de probl\u00e8mes juridiques<\/p>\n<p><strong>Son petit mot :<\/strong> Sky is the limit &#8211; n&#8217;ayez pas peur de ce que vous \u00eates ni de ce que vous souhaitez.<\/p>\n<p><strong>Pr\u00e9-requis<\/strong> <strong>:<\/strong> <span data-sheets-value=\"{&quot;1&quot;:2,&quot;2&quot;:&quot;nVous souhaitez vous inscrire \u00e0 cette session ? Merci d'indiquer votre besoin principal en remplissant ce questionnaire avant la session : https:\/\/airtable.com\/shrbpqpYDX8WKP0gJ nou communiquez-le par mail \u00e0 votre r\u00e9f\u00e9rente Empow'Her : nadege.serrero@empow-her.com&quot;}\" data-sheets-userformat=\"{&quot;2&quot;:4993,&quot;3&quot;:{&quot;1&quot;:0},&quot;10&quot;:1,&quot;11&quot;:4,&quot;12&quot;:0,&quot;15&quot;:&quot;Hind&quot;}\">Aucun !<\/span><\/p>\n<p><strong>Dur\u00e9e<\/strong> <strong>:<\/strong> U<span data-sheets-value=\"{&quot;1&quot;:2,&quot;2&quot;:&quot;Permanence de 4h avec un cr\u00e9neau de 1h par participante (+ 15 minutes entre chaque)&quot;}\" data-sheets-userformat=\"{&quot;2&quot;:7167,&quot;3&quot;:{&quot;1&quot;:0},&quot;4&quot;:{&quot;1&quot;:2,&quot;2&quot;:16777215},&quot;5&quot;:{&quot;1&quot;:[{&quot;1&quot;:2,&quot;2&quot;:0,&quot;5&quot;:{&quot;1&quot;:2,&quot;2&quot;:0}},{&quot;1&quot;:0,&quot;2&quot;:0,&quot;3&quot;:3},{&quot;1&quot;:1,&quot;2&quot;:0,&quot;4&quot;:1}]},&quot;6&quot;:{&quot;1&quot;:[{&quot;1&quot;:2,&quot;2&quot;:0,&quot;5&quot;:{&quot;1&quot;:2,&quot;2&quot;:0}},{&quot;1&quot;:0,&quot;2&quot;:0,&quot;3&quot;:3},{&quot;1&quot;:1,&quot;2&quot;:0,&quot;4&quot;:1}]},&quot;7&quot;:{&quot;1&quot;:[{&quot;1&quot;:2,&quot;2&quot;:0,&quot;5&quot;:{&quot;1&quot;:2,&quot;2&quot;:0}},{&quot;1&quot;:0,&quot;2&quot;:0,&quot;3&quot;:3},{&quot;1&quot;:1,&quot;2&quot;:0,&quot;4&quot;:1}]},&quot;8&quot;:{&quot;1&quot;:[{&quot;1&quot;:2,&quot;2&quot;:0,&quot;5&quot;:{&quot;1&quot;:2,&quot;2&quot;:0}},{&quot;1&quot;:0,&quot;2&quot;:0,&quot;3&quot;:3},{&quot;1&quot;:1,&quot;2&quot;:0,&quot;4&quot;:1}]},&quot;9&quot;:0,&quot;10&quot;:1,&quot;11&quot;:4,&quot;12&quot;:0,&quot;14&quot;:{&quot;1&quot;:2,&quot;2&quot;:0},&quot;15&quot;:&quot;Calibri&quot;}\">n cr\u00e9neau de 30min<strong> en ligne<\/strong><\/span><\/p>\n<p><strong>Attention !<\/strong> \u00a0Veuillez vous pr\u00e9senter \u00e0 l\u2019heure pour que l\u2019activit\u00e9 puisse commencer \u00e0 temps. Si vous avez du retard veuillez pr\u00e9venir l\u2019intervenant.e. Si vous avez plus de 10 min de retard l\u2019intervenant.e se r\u00e9serve le droit de ne plus vous accepter pour le coaching ou l\u2019atelier.<\/p>\n","protected":false},"featured_media":266732,"template":"","format":"standard","meta":{"_acf_changed":false,"om_disable_all_campaigns":false,"_uf_show_specific_survey":0,"_uf_disable_surveys":false},"product_brand":[],"product_cat":[121],"product_tag":[143],"lieu":[125],"thematiques":[],"class_list":{"0":"post-266729","1":"product","2":"type-product","3":"status-publish","4":"format-standard","5":"has-post-thumbnail","7":"product_cat-coaching","8":"product_tag-en-ligne","9":"lieu-en-ligne","11":"first","12":"instock","13":"virtual","14":"purchasable","15":"product-type-appointment"},"exclude_global_add_ons":[],"addons":[],"acf":[],"yoast_head":"<!-- This site is optimized with the Yoast SEO plugin v24.8 - https:\/\/yoast.com\/wordpress\/plugins\/seo\/ -->\n<title>Hotline juridique et administratif<\/title>\n<meta name=\"robots\" content=\"index, follow, max-snippet:-1, max-image-preview:large, max-video-preview:-1\" \/>\n<link rel=\"canonical\" href=\"https:\/\/empow-her.com\/produit\/hotline-juridique-et-administratif\/\" \/>\n<meta property=\"og:locale\" content=\"en_US\" \/>\n<meta property=\"og:type\" content=\"article\" \/>\n<meta property=\"og:title\" content=\"Hotline juridique et administratif\" \/>\n<meta property=\"og:description\" content=\"&#x1f539; Un cr\u00e9neau libre pour toutes vos questions juridiques !  Vous avez des interrogations sur le juridique et besoin de r\u00e9ponses rapides ? Profitez d\u2019un espace d\u2019\u00e9change flexible o\u00f9 vous pouvez vous connecter \u00e0 tout moment durant les 2 heures allou\u00e9es pour poser toutes vos questions.  &#x1f4cc; Comment \u00e7a fonctionne ? &#x2705; Connexion libre : rejoignez l\u2019espace quand vous le souhaitez, sans inscription pr\u00e9alable. &#x2705; \u00c9change ouvert : posez vos questions en direct et profitez des r\u00e9ponses apport\u00e9es aux autres entrepreneuses. &#x2705; Flexibilit\u00e9 totale : restez aussi longtemps que n\u00e9cessaire ou partez d\u00e8s que vous avez vos r\u00e9ponses.  Ce cr\u00e9neau est accessible \u00e0 toutes les entrepreneuses, que vous ayez une simple question ou besoin d\u2019\u00e9claircissements plus approfondis.  &#x1f4a1; Une opportunit\u00e9 pr\u00e9cieuse pour s\u00e9curiser votre projet et avancer sereinement !  Alexandra Mazeyrac\u00a0:\u00a0 Avocate en droit de la propri\u00e9t\u00e9 intellectuelle, des nouvelles technologies et donn\u00e9es personnelles. D\u00e9l\u00e9gu\u00e9e \u00e0 la protection des donn\u00e9es personnelles (DPO) certifi\u00e9e.  Son super pouvoir : Solutionneuse pragmatique de probl\u00e8mes juridiques  Son petit mot : Sky is the limit - n&#039;ayez pas peur de ce que vous \u00eates ni de ce que vous souhaitez.  Pr\u00e9-requis : Aucun !  Dur\u00e9e : Un cr\u00e9neau de 30min en ligne  Attention ! \u00a0Veuillez vous pr\u00e9senter \u00e0 l\u2019heure pour que l\u2019activit\u00e9 puisse commencer \u00e0 temps. Si vous avez du retard veuillez pr\u00e9venir l\u2019intervenant.e. Si vous avez plus de 10 min de retard l\u2019intervenant.e se r\u00e9serve le droit de ne plus vous accepter pour le coaching ou l\u2019atelier.\" \/>\n<meta property=\"og:url\" content=\"https:\/\/empow-her.com\/produit\/hotline-juridique-et-administratif\/\" \/>\n<meta property=\"og:site_name\" content=\"Empow&#039;Her\" \/>\n<meta property=\"article:modified_time\" content=\"2025-04-15T08:23:51+00:00\" \/>\n<meta property=\"og:image\" content=\"https:\/\/empow-her.com\/wp-content\/uploads\/2025\/04\/Women-Dare-templates-events-2025-04-08T130643.263.png\" \/>\n\t<meta property=\"og:image:width\" content=\"1080\" \/>\n\t<meta property=\"og:image:height\" content=\"1080\" \/>\n\t<meta property=\"og:image:type\" content=\"image\/png\" \/>\n<meta name=\"twitter:card\" content=\"summary_large_image\" \/>\n<meta name=\"twitter:label1\" content=\"Est. reading time\" \/>\n\t<meta name=\"twitter:data1\" content=\"2 minutes\" \/>\n<script type=\"application\/ld+json\" class=\"yoast-schema-graph\">{\"@context\":\"https:\/\/schema.org\",\"@graph\":[{\"@type\":\"WebPage\",\"@id\":\"https:\/\/empow-her.com\/produit\/hotline-juridique-et-administratif\/\",\"url\":\"https:\/\/empow-her.com\/produit\/hotline-juridique-et-administratif\/\",\"name\":\"Hotline juridique et administratif\",\"isPartOf\":{\"@id\":\"https:\/\/empow-her.com\/#website\"},\"primaryImageOfPage\":{\"@id\":\"https:\/\/empow-her.com\/produit\/hotline-juridique-et-administratif\/#primaryimage\"},\"image\":{\"@id\":\"https:\/\/empow-her.com\/produit\/hotline-juridique-et-administratif\/#primaryimage\"},\"thumbnailUrl\":\"https:\/\/empow-her.com\/wp-content\/uploads\/2025\/04\/Women-Dare-templates-events-2025-04-08T130643.263.png\",\"datePublished\":\"2025-04-08T10:37:10+00:00\",\"dateModified\":\"2025-04-15T08:23:51+00:00\",\"breadcrumb\":{\"@id\":\"https:\/\/empow-her.com\/produit\/hotline-juridique-et-administratif\/#breadcrumb\"},\"inLanguage\":\"en-US\",\"potentialAction\":[{\"@type\":\"ReadAction\",\"target\":[\"https:\/\/empow-her.com\/produit\/hotline-juridique-et-administratif\/\"]}]},{\"@type\":\"ImageObject\",\"inLanguage\":\"en-US\",\"@id\":\"https:\/\/empow-her.com\/produit\/hotline-juridique-et-administratif\/#primaryimage\",\"url\":\"https:\/\/empow-her.com\/wp-content\/uploads\/2025\/04\/Women-Dare-templates-events-2025-04-08T130643.263.png\",\"contentUrl\":\"https:\/\/empow-her.com\/wp-content\/uploads\/2025\/04\/Women-Dare-templates-events-2025-04-08T130643.263.png\",\"width\":1080,\"height\":1080},{\"@type\":\"BreadcrumbList\",\"@id\":\"https:\/\/empow-her.com\/produit\/hotline-juridique-et-administratif\/#breadcrumb\",\"itemListElement\":[{\"@type\":\"ListItem\",\"position\":1,\"name\":\"Accueil\",\"item\":\"https:\/\/empow-her.com\/en\/landing-page\/\"},{\"@type\":\"ListItem\",\"position\":2,\"name\":\"LA BOUTIQUE\",\"item\":\"https:\/\/empow-her.com\/boutique\/\"},{\"@type\":\"ListItem\",\"position\":3,\"name\":\"Hotline juridique et administratif\"}]},{\"@type\":\"WebSite\",\"@id\":\"https:\/\/empow-her.com\/#website\",\"url\":\"https:\/\/empow-her.com\/\",\"name\":\"Empow&#039;Her\",\"description\":\"Women Development\",\"potentialAction\":[{\"@type\":\"SearchAction\",\"target\":{\"@type\":\"EntryPoint\",\"urlTemplate\":\"https:\/\/empow-her.com\/?s={search_term_string}\"},\"query-input\":{\"@type\":\"PropertyValueSpecification\",\"valueRequired\":true,\"valueName\":\"search_term_string\"}}],\"inLanguage\":\"en-US\"}]}<\/script>\n<!-- \/ Yoast SEO plugin. -->","yoast_head_json":{"title":"Hotline juridique et administratif","robots":{"index":"index","follow":"follow","max-snippet":"max-snippet:-1","max-image-preview":"max-image-preview:large","max-video-preview":"max-video-preview:-1"},"canonical":"https:\/\/empow-her.com\/produit\/hotline-juridique-et-administratif\/","og_locale":"en_US","og_type":"article","og_title":"Hotline juridique et administratif","og_description":"&#x1f539; Un cr\u00e9neau libre pour toutes vos questions juridiques !  Vous avez des interrogations sur le juridique et besoin de r\u00e9ponses rapides ? Profitez d\u2019un espace d\u2019\u00e9change flexible o\u00f9 vous pouvez vous connecter \u00e0 tout moment durant les 2 heures allou\u00e9es pour poser toutes vos questions.  &#x1f4cc; Comment \u00e7a fonctionne ? &#x2705; Connexion libre : rejoignez l\u2019espace quand vous le souhaitez, sans inscription pr\u00e9alable. &#x2705; \u00c9change ouvert : posez vos questions en direct et profitez des r\u00e9ponses apport\u00e9es aux autres entrepreneuses. &#x2705; Flexibilit\u00e9 totale : restez aussi longtemps que n\u00e9cessaire ou partez d\u00e8s que vous avez vos r\u00e9ponses.  Ce cr\u00e9neau est accessible \u00e0 toutes les entrepreneuses, que vous ayez une simple question ou besoin d\u2019\u00e9claircissements plus approfondis.  &#x1f4a1; Une opportunit\u00e9 pr\u00e9cieuse pour s\u00e9curiser votre projet et avancer sereinement !  Alexandra Mazeyrac\u00a0:\u00a0 Avocate en droit de la propri\u00e9t\u00e9 intellectuelle, des nouvelles technologies et donn\u00e9es personnelles. D\u00e9l\u00e9gu\u00e9e \u00e0 la protection des donn\u00e9es personnelles (DPO) certifi\u00e9e.  Son super pouvoir : Solutionneuse pragmatique de probl\u00e8mes juridiques  Son petit mot : Sky is the limit - n'ayez pas peur de ce que vous \u00eates ni de ce que vous souhaitez.  Pr\u00e9-requis : Aucun !  Dur\u00e9e : Un cr\u00e9neau de 30min en ligne  Attention ! \u00a0Veuillez vous pr\u00e9senter \u00e0 l\u2019heure pour que l\u2019activit\u00e9 puisse commencer \u00e0 temps. Si vous avez du retard veuillez pr\u00e9venir l\u2019intervenant.e. Si vous avez plus de 10 min de retard l\u2019intervenant.e se r\u00e9serve le droit de ne plus vous accepter pour le coaching ou l\u2019atelier.","og_url":"https:\/\/empow-her.com\/produit\/hotline-juridique-et-administratif\/","og_site_name":"Empow&#039;Her","article_modified_time":"2025-04-15T08:23:51+00:00","og_image":[{"width":1080,"height":1080,"url":"https:\/\/empow-her.com\/wp-content\/uploads\/2025\/04\/Women-Dare-templates-events-2025-04-08T130643.263.png","type":"image\/png"}],"twitter_card":"summary_large_image","twitter_misc":{"Est. reading time":"2 minutes"},"schema":{"@context":"https:\/\/schema.org","@graph":[{"@type":"WebPage","@id":"https:\/\/empow-her.com\/produit\/hotline-juridique-et-administratif\/","url":"https:\/\/empow-her.com\/produit\/hotline-juridique-et-administratif\/","name":"Hotline juridique et administratif","isPartOf":{"@id":"https:\/\/empow-her.com\/#website"},"primaryImageOfPage":{"@id":"https:\/\/empow-her.com\/produit\/hotline-juridique-et-administratif\/#primaryimage"},"image":{"@id":"https:\/\/empow-her.com\/produit\/hotline-juridique-et-administratif\/#primaryimage"},"thumbnailUrl":"https:\/\/empow-her.com\/wp-content\/uploads\/2025\/04\/Women-Dare-templates-events-2025-04-08T130643.263.png","datePublished":"2025-04-08T10:37:10+00:00","dateModified":"2025-04-15T08:23:51+00:00","breadcrumb":{"@id":"https:\/\/empow-her.com\/produit\/hotline-juridique-et-administratif\/#breadcrumb"},"inLanguage":"en-US","potentialAction":[{"@type":"ReadAction","target":["https:\/\/empow-her.com\/produit\/hotline-juridique-et-administratif\/"]}]},{"@type":"ImageObject","inLanguage":"en-US","@id":"https:\/\/empow-her.com\/produit\/hotline-juridique-et-administratif\/#primaryimage","url":"https:\/\/empow-her.com\/wp-content\/uploads\/2025\/04\/Women-Dare-templates-events-2025-04-08T130643.263.png","contentUrl":"https:\/\/empow-her.com\/wp-content\/uploads\/2025\/04\/Women-Dare-templates-events-2025-04-08T130643.263.png","width":1080,"height":1080},{"@type":"BreadcrumbList","@id":"https:\/\/empow-her.com\/produit\/hotline-juridique-et-administratif\/#breadcrumb","itemListElement":[{"@type":"ListItem","position":1,"name":"Accueil","item":"https:\/\/empow-her.com\/en\/landing-page\/"},{"@type":"ListItem","position":2,"name":"LA BOUTIQUE","item":"https:\/\/empow-her.com\/boutique\/"},{"@type":"ListItem","position":3,"name":"Hotline juridique et administratif"}]},{"@type":"WebSite","@id":"https:\/\/empow-her.com\/#website","url":"https:\/\/empow-her.com\/","name":"Empow&#039;Her","description":"Women Development","potentialAction":[{"@type":"SearchAction","target":{"@type":"EntryPoint","urlTemplate":"https:\/\/empow-her.com\/?s={search_term_string}"},"query-input":{"@type":"PropertyValueSpecification","valueRequired":true,"valueName":"search_term_string"}}],"inLanguage":"en-US"}]}},"_links":{"self":[{"href":"https:\/\/empow-her.com\/en\/wp-json\/wp\/v2\/product\/266729","targetHints":{"allow":["GET"]}}],"collection":[{"href":"https:\/\/empow-her.com\/en\/wp-json\/wp\/v2\/product"}],"about":[{"href":"https:\/\/empow-her.com\/en\/wp-json\/wp\/v2\/types\/product"}],"wp:featuredmedia":[{"embeddable":true,"href":"https:\/\/empow-her.com\/en\/wp-json\/wp\/v2\/media\/266732"}],"wp:attachment":[{"href":"https:\/\/empow-her.com\/en\/wp-json\/wp\/v2\/media?parent=266729"}],"wp:term":[{"taxonomy":"product_brand","embeddable":true,"href":"https:\/\/empow-her.com\/en\/wp-json\/wp\/v2\/product_brand?post=266729"},{"taxonomy":"product_cat","embeddable":true,"href":"https:\/\/empow-her.com\/en\/wp-json\/wp\/v2\/product_cat?post=266729"},{"taxonomy":"product_tag","embeddable":true,"href":"https:\/\/empow-her.com\/en\/wp-json\/wp\/v2\/product_tag?post=266729"},{"taxonomy":"lieu","embeddable":true,"href":"https:\/\/empow-her.com\/en\/wp-json\/wp\/v2\/lieu?post=266729"},{"taxonomy":"thematiques","embeddable":true,"href":"https:\/\/empow-her.com\/en\/wp-json\/wp\/v2\/thematiques?post=266729"}],"curies":[{"name":"wp","href":"https:\/\/api.w.org\/{rel}","templated":true}]}}