{"id":266258,"date":"2025-03-17T15:55:31","date_gmt":"2025-03-17T14:55:31","guid":{"rendered":"https:\/\/empow-her.com\/?post_type=product&#038;p=266258"},"modified":"2025-03-17T17:45:20","modified_gmt":"2025-03-17T16:45:20","slug":"coaching-comprendre-son-etude-de-marche-pour-definir-son-offre","status":"publish","type":"product","link":"https:\/\/empow-her.com\/en\/produit\/coaching-comprendre-son-etude-de-marche-pour-definir-son-offre\/","title":{"rendered":"Coaching &#8211; Comprendre son \u00e9tude de march\u00e9 pour d\u00e9finir son offre"},"content":{"rendered":"<div class=\"elementor-element elementor-element-6dcaf591 elementor-widget elementor-widget-woocommerce-product-short-description\" data-id=\"6dcaf591\" data-element_type=\"widget\" data-widget_type=\"woocommerce-product-short-description.default\">\n<div class=\"elementor-widget-container\">\n<div class=\"woocommerce-product-details__short-description\">\n<p>&#x1f4e2;<strong> Coaching &#8211; Comprendre son \u00e9tude de march\u00e9 pour d\u00e9finir son offre<\/strong><\/p>\n<p>Une offre pertinente repose sur une connaissance approfondie de son march\u00e9. Ce coaching individuel vous guide dans l\u2019analyse de votre environnement, l\u2019identification de vos clients cibles et la compr\u00e9hension de vos concurrents. \u00c0 travers une approche structur\u00e9e et des outils concrets, vous repartirez avec une m\u00e9thodologie claire pour affiner votre proposition et renforcer votre positionnement.<\/p>\n<p>&#x1f4a1;<strong> Ce que nous pourrons aborder<\/strong><\/p>\n<p>&#x1f539; D\u00e9finir les \u00e9l\u00e9ments cl\u00e9s d\u2019une \u00e9tude de march\u00e9<br \/>\nQuels sont les aspects essentiels \u00e0 analyser pour comprendre son march\u00e9 et structurer une strat\u00e9gie efficace ?<\/p>\n<p>&#x1f539; Identifier son march\u00e9 cible et ses segments de client\u00e8le<br \/>\nComment bien cerner ses futurs utilisateurs, leurs besoins et attentes pour adapter son offre ?<\/p>\n<p>&#x1f539; Analyser la concurrence et rep\u00e9rer les opportunit\u00e9s<br \/>\nComprendre les forces et faiblesses des acteurs en place pour se positionner de mani\u00e8re diff\u00e9renciante.<\/p>\n<p>&#x1f539; Transformer les insights en une offre adapt\u00e9e et diff\u00e9renciante<br \/>\nUtiliser les enseignements du march\u00e9 pour ajuster et affiner son offre avec pertinence.<\/p>\n<p>&#x1f4cc;<strong> Pr\u00e9-requis<\/strong><\/p>\n<p>&#x2714; Avoir une id\u00e9e de projet entrepreneurial, m\u00eame \u00e0 un stade pr\u00e9coce<br \/>\n&#x2714; \u00catre pr\u00eat.e \u00e0 explorer et structurer son analyse de march\u00e9<\/p>\n<p>Lors de ce coaching, nous avancerons en fonction de votre projet et de vos besoins sp\u00e9cifiques. Vous repartirez avec des outils concrets pour approfondir votre \u00e9tude de march\u00e9 et renforcer la pertinence de votre offre.<\/p>\n<p><strong>Arnaud Lissajoux : <\/strong>Si mes diff\u00e9rentes missions attestent de toutes mes capacit\u00e9s en communication et en informatique, ce sont aussi mes projets les plus personnels qui font de moi un expert performant en innovation. Toujours en veille active : la conception utilisateur, le d\u00e9veloppement agile et l&#8217;am\u00e9lioration continue me passionnent !<\/p>\n<p><strong>Son petit mot\u00a0 : <\/strong>Le chemin est plus important que la destination alors je vous propose de progresser tous ensemble en accompagnant vos ambitieux projets.\u00a0<strong><br \/>\n<\/strong><\/p>\n<p><strong>Son super pouvoir :\u00a0<\/strong> Facilitateur de projets innovants<\/p>\n<p><strong>Pr\u00e9-requis<\/strong> <strong>:<\/strong> <span data-sheets-value=\"{&quot;1&quot;:2,&quot;2&quot;:&quot;nVous souhaitez vous inscrire \u00e0 cette session ? Merci d'indiquer votre besoin principal en remplissant ce questionnaire avant la session : https:\/\/airtable.com\/shrbpqpYDX8WKP0gJ nou communiquez-le par mail \u00e0 votre r\u00e9f\u00e9rente Empow'Her : nadege.serrero@empow-her.com&quot;}\" data-sheets-userformat=\"{&quot;2&quot;:4993,&quot;3&quot;:{&quot;1&quot;:0},&quot;10&quot;:1,&quot;11&quot;:4,&quot;12&quot;:0,&quot;15&quot;:&quot;Hind&quot;}\">Aucun !<\/span><\/p>\n<p><strong>Dur\u00e9e<\/strong> <strong>:<\/strong> U<span data-sheets-value=\"{&quot;1&quot;:2,&quot;2&quot;:&quot;Permanence de 4h avec un cr\u00e9neau de 1h par participante (+ 15 minutes entre chaque)&quot;}\" data-sheets-userformat=\"{&quot;2&quot;:7167,&quot;3&quot;:{&quot;1&quot;:0},&quot;4&quot;:{&quot;1&quot;:2,&quot;2&quot;:16777215},&quot;5&quot;:{&quot;1&quot;:[{&quot;1&quot;:2,&quot;2&quot;:0,&quot;5&quot;:{&quot;1&quot;:2,&quot;2&quot;:0}},{&quot;1&quot;:0,&quot;2&quot;:0,&quot;3&quot;:3},{&quot;1&quot;:1,&quot;2&quot;:0,&quot;4&quot;:1}]},&quot;6&quot;:{&quot;1&quot;:[{&quot;1&quot;:2,&quot;2&quot;:0,&quot;5&quot;:{&quot;1&quot;:2,&quot;2&quot;:0}},{&quot;1&quot;:0,&quot;2&quot;:0,&quot;3&quot;:3},{&quot;1&quot;:1,&quot;2&quot;:0,&quot;4&quot;:1}]},&quot;7&quot;:{&quot;1&quot;:[{&quot;1&quot;:2,&quot;2&quot;:0,&quot;5&quot;:{&quot;1&quot;:2,&quot;2&quot;:0}},{&quot;1&quot;:0,&quot;2&quot;:0,&quot;3&quot;:3},{&quot;1&quot;:1,&quot;2&quot;:0,&quot;4&quot;:1}]},&quot;8&quot;:{&quot;1&quot;:[{&quot;1&quot;:2,&quot;2&quot;:0,&quot;5&quot;:{&quot;1&quot;:2,&quot;2&quot;:0}},{&quot;1&quot;:0,&quot;2&quot;:0,&quot;3&quot;:3},{&quot;1&quot;:1,&quot;2&quot;:0,&quot;4&quot;:1}]},&quot;9&quot;:0,&quot;10&quot;:1,&quot;11&quot;:4,&quot;12&quot;:0,&quot;14&quot;:{&quot;1&quot;:2,&quot;2&quot;:0},&quot;15&quot;:&quot;Calibri&quot;}\">n cr\u00e9neau de <strong>1h en individuel en ligne<\/strong><\/span><\/p>\n<p><strong>Attention !<\/strong> \u00a0Veuillez vous pr\u00e9senter \u00e0 l\u2019heure pour que l\u2019activit\u00e9 puisse commencer \u00e0 temps. Si vous avez du retard veuillez pr\u00e9venir l\u2019intervenant.e. Si vous avez plus de 15 min de retard l\u2019intervenant.e se r\u00e9serve le droit de ne plus vous accepter pour le coaching ou l\u2019atelier.<\/p>\n<\/div>\n<\/div>\n<\/div>\n","protected":false},"excerpt":{"rendered":"<p>&#x1f4e2;<strong> Coaching &#8211; Comprendre son \u00e9tude de march\u00e9 pour d\u00e9finir son offre<\/strong><\/p>\n<p>Une offre pertinente repose sur une connaissance approfondie de son march\u00e9. Ce coaching individuel vous guide dans l\u2019analyse de votre environnement, l\u2019identification de vos clients cibles et la compr\u00e9hension de vos concurrents. \u00c0 travers une approche structur\u00e9e et des outils concrets, vous repartirez avec une m\u00e9thodologie claire pour affiner votre proposition et renforcer votre positionnement.<\/p>\n<p>&#x1f4a1;<strong> Ce que nous pourrons aborder<\/strong><\/p>\n<p>&#x1f539; D\u00e9finir les \u00e9l\u00e9ments cl\u00e9s d\u2019une \u00e9tude de march\u00e9<br \/>\nQuels sont les aspects essentiels \u00e0 analyser pour comprendre son march\u00e9 et structurer une strat\u00e9gie efficace ?<\/p>\n<p>&#x1f539; Identifier son march\u00e9 cible et ses segments de client\u00e8le<br \/>\nComment bien cerner ses futurs utilisateurs, leurs besoins et attentes pour adapter son offre ?<\/p>\n<p>&#x1f539; Analyser la concurrence et rep\u00e9rer les opportunit\u00e9s<br \/>\nComprendre les forces et faiblesses des acteurs en place pour se positionner de mani\u00e8re diff\u00e9renciante.<\/p>\n<p>&#x1f539; Transformer les insights en une offre adapt\u00e9e et diff\u00e9renciante<br \/>\nUtiliser les enseignements du march\u00e9 pour ajuster et affiner son offre avec pertinence.<\/p>\n<p>&#x1f4cc;<strong> Pr\u00e9-requis<\/strong><\/p>\n<p>&#x2714; Avoir une id\u00e9e de projet entrepreneurial, m\u00eame \u00e0 un stade pr\u00e9coce<br \/>\n&#x2714; \u00catre pr\u00eat.e \u00e0 explorer et structurer son analyse de march\u00e9<\/p>\n<p>Lors de ce coaching, nous avancerons en fonction de votre projet et de vos besoins sp\u00e9cifiques. Vous repartirez avec des outils concrets pour approfondir votre \u00e9tude de march\u00e9 et renforcer la pertinence de votre offre.<\/p>\n<p><strong>Arnaud Lissajoux : <\/strong>Si mes diff\u00e9rentes missions attestent de toutes mes capacit\u00e9s en communication et en informatique, ce sont aussi mes projets les plus personnels qui font de moi un expert performant en innovation. Toujours en veille active : la conception utilisateur, le d\u00e9veloppement agile et l&#8217;am\u00e9lioration continue me passionnent !<\/p>\n<p><strong>Son petit mot\u00a0 : <\/strong>Le chemin est plus important que la destination alors je vous propose de progresser tous ensemble en accompagnant vos ambitieux projets.\u00a0<strong><br \/>\n<\/strong><\/p>\n<p><strong>Son super pouvoir :\u00a0<\/strong> Facilitateur de projets innovants<\/p>\n<p><strong>Pr\u00e9-requis<\/strong> <strong>:<\/strong> <span data-sheets-value=\"{&quot;1&quot;:2,&quot;2&quot;:&quot;nVous souhaitez vous inscrire \u00e0 cette session ? Merci d'indiquer votre besoin principal en remplissant ce questionnaire avant la session : https:\/\/airtable.com\/shrbpqpYDX8WKP0gJ nou communiquez-le par mail \u00e0 votre r\u00e9f\u00e9rente Empow'Her : nadege.serrero@empow-her.com&quot;}\" data-sheets-userformat=\"{&quot;2&quot;:4993,&quot;3&quot;:{&quot;1&quot;:0},&quot;10&quot;:1,&quot;11&quot;:4,&quot;12&quot;:0,&quot;15&quot;:&quot;Hind&quot;}\">Aucun !<\/span><\/p>\n<p><strong>Dur\u00e9e<\/strong> <strong>:<\/strong> U<span data-sheets-value=\"{&quot;1&quot;:2,&quot;2&quot;:&quot;Permanence de 4h avec un cr\u00e9neau de 1h par participante (+ 15 minutes entre chaque)&quot;}\" data-sheets-userformat=\"{&quot;2&quot;:7167,&quot;3&quot;:{&quot;1&quot;:0},&quot;4&quot;:{&quot;1&quot;:2,&quot;2&quot;:16777215},&quot;5&quot;:{&quot;1&quot;:[{&quot;1&quot;:2,&quot;2&quot;:0,&quot;5&quot;:{&quot;1&quot;:2,&quot;2&quot;:0}},{&quot;1&quot;:0,&quot;2&quot;:0,&quot;3&quot;:3},{&quot;1&quot;:1,&quot;2&quot;:0,&quot;4&quot;:1}]},&quot;6&quot;:{&quot;1&quot;:[{&quot;1&quot;:2,&quot;2&quot;:0,&quot;5&quot;:{&quot;1&quot;:2,&quot;2&quot;:0}},{&quot;1&quot;:0,&quot;2&quot;:0,&quot;3&quot;:3},{&quot;1&quot;:1,&quot;2&quot;:0,&quot;4&quot;:1}]},&quot;7&quot;:{&quot;1&quot;:[{&quot;1&quot;:2,&quot;2&quot;:0,&quot;5&quot;:{&quot;1&quot;:2,&quot;2&quot;:0}},{&quot;1&quot;:0,&quot;2&quot;:0,&quot;3&quot;:3},{&quot;1&quot;:1,&quot;2&quot;:0,&quot;4&quot;:1}]},&quot;8&quot;:{&quot;1&quot;:[{&quot;1&quot;:2,&quot;2&quot;:0,&quot;5&quot;:{&quot;1&quot;:2,&quot;2&quot;:0}},{&quot;1&quot;:0,&quot;2&quot;:0,&quot;3&quot;:3},{&quot;1&quot;:1,&quot;2&quot;:0,&quot;4&quot;:1}]},&quot;9&quot;:0,&quot;10&quot;:1,&quot;11&quot;:4,&quot;12&quot;:0,&quot;14&quot;:{&quot;1&quot;:2,&quot;2&quot;:0},&quot;15&quot;:&quot;Calibri&quot;}\">n cr\u00e9neau de <strong>1h en individuel en ligne<\/strong><\/span><\/p>\n<p><strong>Attention !<\/strong> \u00a0Veuillez vous pr\u00e9senter \u00e0 l\u2019heure pour que l\u2019activit\u00e9 puisse commencer \u00e0 temps. Si vous avez du retard veuillez pr\u00e9venir l\u2019intervenant.e. Si vous avez plus de 15 min de retard l\u2019intervenant.e se r\u00e9serve le droit de ne plus vous accepter pour le coaching ou l\u2019atelier.<\/p>\n","protected":false},"featured_media":266269,"template":"","format":"standard","meta":{"_acf_changed":false,"om_disable_all_campaigns":false,"_uf_show_specific_survey":0,"_uf_disable_surveys":false},"product_brand":[],"product_cat":[121],"product_tag":[143],"lieu":[125],"thematiques":[],"class_list":{"0":"post-266258","1":"product","2":"type-product","3":"status-publish","4":"format-standard","5":"has-post-thumbnail","7":"product_cat-coaching","8":"product_tag-en-ligne","9":"lieu-en-ligne","11":"first","12":"instock","13":"virtual","14":"purchasable","15":"product-type-appointment"},"exclude_global_add_ons":[],"addons":[],"acf":[],"yoast_head":"<!-- This site is optimized with the Yoast SEO plugin v24.8 - https:\/\/yoast.com\/wordpress\/plugins\/seo\/ -->\n<title>Coaching - strat\u00e9gie &amp; prospection commerciale<\/title>\n<meta name=\"robots\" content=\"index, follow, max-snippet:-1, max-image-preview:large, max-video-preview:-1\" \/>\n<link rel=\"canonical\" href=\"https:\/\/empow-her.com\/produit\/coaching-comprendre-son-etude-de-marche-pour-definir-son-offre\/\" \/>\n<meta property=\"og:locale\" content=\"en_US\" \/>\n<meta property=\"og:type\" content=\"article\" \/>\n<meta property=\"og:title\" content=\"Coaching - strat\u00e9gie &amp; prospection commerciale\" \/>\n<meta property=\"og:description\" content=\"&#x1f4e2; Coaching - Comprendre son \u00e9tude de march\u00e9 pour d\u00e9finir son offre  Une offre pertinente repose sur une connaissance approfondie de son march\u00e9. Ce coaching individuel vous guide dans l\u2019analyse de votre environnement, l\u2019identification de vos clients cibles et la compr\u00e9hension de vos concurrents. \u00c0 travers une approche structur\u00e9e et des outils concrets, vous repartirez avec une m\u00e9thodologie claire pour affiner votre proposition et renforcer votre positionnement.  &#x1f4a1; Ce que nous pourrons aborder  &#x1f539; D\u00e9finir les \u00e9l\u00e9ments cl\u00e9s d\u2019une \u00e9tude de march\u00e9 Quels sont les aspects essentiels \u00e0 analyser pour comprendre son march\u00e9 et structurer une strat\u00e9gie efficace ?  &#x1f539; Identifier son march\u00e9 cible et ses segments de client\u00e8le Comment bien cerner ses futurs utilisateurs, leurs besoins et attentes pour adapter son offre ?  &#x1f539; Analyser la concurrence et rep\u00e9rer les opportunit\u00e9s Comprendre les forces et faiblesses des acteurs en place pour se positionner de mani\u00e8re diff\u00e9renciante.  &#x1f539; Transformer les insights en une offre adapt\u00e9e et diff\u00e9renciante Utiliser les enseignements du march\u00e9 pour ajuster et affiner son offre avec pertinence.  &#x1f4cc; Pr\u00e9-requis  &#x2714; Avoir une id\u00e9e de projet entrepreneurial, m\u00eame \u00e0 un stade pr\u00e9coce &#x2714; \u00catre pr\u00eat.e \u00e0 explorer et structurer son analyse de march\u00e9  Lors de ce coaching, nous avancerons en fonction de votre projet et de vos besoins sp\u00e9cifiques. Vous repartirez avec des outils concrets pour approfondir votre \u00e9tude de march\u00e9 et renforcer la pertinence de votre offre.  Arnaud Lissajoux : Si mes diff\u00e9rentes missions attestent de toutes mes capacit\u00e9s en communication et en informatique, ce sont aussi mes projets les plus personnels qui font de moi un expert performant en innovation. Toujours en veille active : la conception utilisateur, le d\u00e9veloppement agile et l&#039;am\u00e9lioration continue me passionnent !  Son petit mot\u00a0 : Le chemin est plus important que la destination alors je vous propose de progresser tous ensemble en accompagnant vos ambitieux projets.\u00a0   Son super pouvoir :\u00a0 Facilitateur de projets innovants  Pr\u00e9-requis : Aucun !  Dur\u00e9e : Un cr\u00e9neau de 1h en individuel en ligne  Attention ! \u00a0Veuillez vous pr\u00e9senter \u00e0 l\u2019heure pour que l\u2019activit\u00e9 puisse commencer \u00e0 temps. Si vous avez du retard veuillez pr\u00e9venir l\u2019intervenant.e. Si vous avez plus de 15 min de retard l\u2019intervenant.e se r\u00e9serve le droit de ne plus vous accepter pour le coaching ou l\u2019atelier.\" \/>\n<meta property=\"og:url\" content=\"https:\/\/empow-her.com\/produit\/coaching-comprendre-son-etude-de-marche-pour-definir-son-offre\/\" \/>\n<meta property=\"og:site_name\" content=\"Empow&#039;Her\" \/>\n<meta property=\"article:modified_time\" content=\"2025-03-17T16:45:20+00:00\" \/>\n<meta property=\"og:image\" content=\"https:\/\/empow-her.com\/wp-content\/uploads\/2025\/03\/Women-Dare-templates-events-92.png\" \/>\n\t<meta property=\"og:image:width\" content=\"1080\" \/>\n\t<meta property=\"og:image:height\" content=\"1080\" \/>\n\t<meta property=\"og:image:type\" content=\"image\/png\" \/>\n<meta name=\"twitter:card\" content=\"summary_large_image\" \/>\n<meta name=\"twitter:label1\" content=\"Est. reading time\" \/>\n\t<meta name=\"twitter:data1\" content=\"3 minutes\" \/>\n<script type=\"application\/ld+json\" class=\"yoast-schema-graph\">{\"@context\":\"https:\/\/schema.org\",\"@graph\":[{\"@type\":\"WebPage\",\"@id\":\"https:\/\/empow-her.com\/produit\/coaching-comprendre-son-etude-de-marche-pour-definir-son-offre\/\",\"url\":\"https:\/\/empow-her.com\/produit\/coaching-comprendre-son-etude-de-marche-pour-definir-son-offre\/\",\"name\":\"Coaching - strat\u00e9gie & prospection commerciale\",\"isPartOf\":{\"@id\":\"https:\/\/empow-her.com\/#website\"},\"primaryImageOfPage\":{\"@id\":\"https:\/\/empow-her.com\/produit\/coaching-comprendre-son-etude-de-marche-pour-definir-son-offre\/#primaryimage\"},\"image\":{\"@id\":\"https:\/\/empow-her.com\/produit\/coaching-comprendre-son-etude-de-marche-pour-definir-son-offre\/#primaryimage\"},\"thumbnailUrl\":\"https:\/\/empow-her.com\/wp-content\/uploads\/2025\/03\/Women-Dare-templates-events-92.png\",\"datePublished\":\"2025-03-17T14:55:31+00:00\",\"dateModified\":\"2025-03-17T16:45:20+00:00\",\"breadcrumb\":{\"@id\":\"https:\/\/empow-her.com\/produit\/coaching-comprendre-son-etude-de-marche-pour-definir-son-offre\/#breadcrumb\"},\"inLanguage\":\"en-US\",\"potentialAction\":[{\"@type\":\"ReadAction\",\"target\":[\"https:\/\/empow-her.com\/produit\/coaching-comprendre-son-etude-de-marche-pour-definir-son-offre\/\"]}]},{\"@type\":\"ImageObject\",\"inLanguage\":\"en-US\",\"@id\":\"https:\/\/empow-her.com\/produit\/coaching-comprendre-son-etude-de-marche-pour-definir-son-offre\/#primaryimage\",\"url\":\"https:\/\/empow-her.com\/wp-content\/uploads\/2025\/03\/Women-Dare-templates-events-92.png\",\"contentUrl\":\"https:\/\/empow-her.com\/wp-content\/uploads\/2025\/03\/Women-Dare-templates-events-92.png\",\"width\":1080,\"height\":1080},{\"@type\":\"BreadcrumbList\",\"@id\":\"https:\/\/empow-her.com\/produit\/coaching-comprendre-son-etude-de-marche-pour-definir-son-offre\/#breadcrumb\",\"itemListElement\":[{\"@type\":\"ListItem\",\"position\":1,\"name\":\"Accueil\",\"item\":\"https:\/\/empow-her.com\/en\/landing-page\/\"},{\"@type\":\"ListItem\",\"position\":2,\"name\":\"LA BOUTIQUE\",\"item\":\"https:\/\/empow-her.com\/boutique\/\"},{\"@type\":\"ListItem\",\"position\":3,\"name\":\"Coaching &#8211; Comprendre son \u00e9tude de march\u00e9 pour d\u00e9finir son offre\"}]},{\"@type\":\"WebSite\",\"@id\":\"https:\/\/empow-her.com\/#website\",\"url\":\"https:\/\/empow-her.com\/\",\"name\":\"Empow&#039;Her\",\"description\":\"Women Development\",\"potentialAction\":[{\"@type\":\"SearchAction\",\"target\":{\"@type\":\"EntryPoint\",\"urlTemplate\":\"https:\/\/empow-her.com\/?s={search_term_string}\"},\"query-input\":{\"@type\":\"PropertyValueSpecification\",\"valueRequired\":true,\"valueName\":\"search_term_string\"}}],\"inLanguage\":\"en-US\"}]}<\/script>\n<!-- \/ Yoast SEO plugin. -->","yoast_head_json":{"title":"Coaching - strat\u00e9gie & prospection commerciale","robots":{"index":"index","follow":"follow","max-snippet":"max-snippet:-1","max-image-preview":"max-image-preview:large","max-video-preview":"max-video-preview:-1"},"canonical":"https:\/\/empow-her.com\/produit\/coaching-comprendre-son-etude-de-marche-pour-definir-son-offre\/","og_locale":"en_US","og_type":"article","og_title":"Coaching - strat\u00e9gie & prospection commerciale","og_description":"&#x1f4e2; Coaching - Comprendre son \u00e9tude de march\u00e9 pour d\u00e9finir son offre  Une offre pertinente repose sur une connaissance approfondie de son march\u00e9. Ce coaching individuel vous guide dans l\u2019analyse de votre environnement, l\u2019identification de vos clients cibles et la compr\u00e9hension de vos concurrents. \u00c0 travers une approche structur\u00e9e et des outils concrets, vous repartirez avec une m\u00e9thodologie claire pour affiner votre proposition et renforcer votre positionnement.  &#x1f4a1; Ce que nous pourrons aborder  &#x1f539; D\u00e9finir les \u00e9l\u00e9ments cl\u00e9s d\u2019une \u00e9tude de march\u00e9 Quels sont les aspects essentiels \u00e0 analyser pour comprendre son march\u00e9 et structurer une strat\u00e9gie efficace ?  &#x1f539; Identifier son march\u00e9 cible et ses segments de client\u00e8le Comment bien cerner ses futurs utilisateurs, leurs besoins et attentes pour adapter son offre ?  &#x1f539; Analyser la concurrence et rep\u00e9rer les opportunit\u00e9s Comprendre les forces et faiblesses des acteurs en place pour se positionner de mani\u00e8re diff\u00e9renciante.  &#x1f539; Transformer les insights en une offre adapt\u00e9e et diff\u00e9renciante Utiliser les enseignements du march\u00e9 pour ajuster et affiner son offre avec pertinence.  &#x1f4cc; Pr\u00e9-requis  &#x2714; Avoir une id\u00e9e de projet entrepreneurial, m\u00eame \u00e0 un stade pr\u00e9coce &#x2714; \u00catre pr\u00eat.e \u00e0 explorer et structurer son analyse de march\u00e9  Lors de ce coaching, nous avancerons en fonction de votre projet et de vos besoins sp\u00e9cifiques. Vous repartirez avec des outils concrets pour approfondir votre \u00e9tude de march\u00e9 et renforcer la pertinence de votre offre.  Arnaud Lissajoux : Si mes diff\u00e9rentes missions attestent de toutes mes capacit\u00e9s en communication et en informatique, ce sont aussi mes projets les plus personnels qui font de moi un expert performant en innovation. Toujours en veille active : la conception utilisateur, le d\u00e9veloppement agile et l'am\u00e9lioration continue me passionnent !  Son petit mot\u00a0 : Le chemin est plus important que la destination alors je vous propose de progresser tous ensemble en accompagnant vos ambitieux projets.\u00a0   Son super pouvoir :\u00a0 Facilitateur de projets innovants  Pr\u00e9-requis : Aucun !  Dur\u00e9e : Un cr\u00e9neau de 1h en individuel en ligne  Attention ! \u00a0Veuillez vous pr\u00e9senter \u00e0 l\u2019heure pour que l\u2019activit\u00e9 puisse commencer \u00e0 temps. Si vous avez du retard veuillez pr\u00e9venir l\u2019intervenant.e. Si vous avez plus de 15 min de retard l\u2019intervenant.e se r\u00e9serve le droit de ne plus vous accepter pour le coaching ou l\u2019atelier.","og_url":"https:\/\/empow-her.com\/produit\/coaching-comprendre-son-etude-de-marche-pour-definir-son-offre\/","og_site_name":"Empow&#039;Her","article_modified_time":"2025-03-17T16:45:20+00:00","og_image":[{"width":1080,"height":1080,"url":"https:\/\/empow-her.com\/wp-content\/uploads\/2025\/03\/Women-Dare-templates-events-92.png","type":"image\/png"}],"twitter_card":"summary_large_image","twitter_misc":{"Est. reading time":"3 minutes"},"schema":{"@context":"https:\/\/schema.org","@graph":[{"@type":"WebPage","@id":"https:\/\/empow-her.com\/produit\/coaching-comprendre-son-etude-de-marche-pour-definir-son-offre\/","url":"https:\/\/empow-her.com\/produit\/coaching-comprendre-son-etude-de-marche-pour-definir-son-offre\/","name":"Coaching - strat\u00e9gie & prospection commerciale","isPartOf":{"@id":"https:\/\/empow-her.com\/#website"},"primaryImageOfPage":{"@id":"https:\/\/empow-her.com\/produit\/coaching-comprendre-son-etude-de-marche-pour-definir-son-offre\/#primaryimage"},"image":{"@id":"https:\/\/empow-her.com\/produit\/coaching-comprendre-son-etude-de-marche-pour-definir-son-offre\/#primaryimage"},"thumbnailUrl":"https:\/\/empow-her.com\/wp-content\/uploads\/2025\/03\/Women-Dare-templates-events-92.png","datePublished":"2025-03-17T14:55:31+00:00","dateModified":"2025-03-17T16:45:20+00:00","breadcrumb":{"@id":"https:\/\/empow-her.com\/produit\/coaching-comprendre-son-etude-de-marche-pour-definir-son-offre\/#breadcrumb"},"inLanguage":"en-US","potentialAction":[{"@type":"ReadAction","target":["https:\/\/empow-her.com\/produit\/coaching-comprendre-son-etude-de-marche-pour-definir-son-offre\/"]}]},{"@type":"ImageObject","inLanguage":"en-US","@id":"https:\/\/empow-her.com\/produit\/coaching-comprendre-son-etude-de-marche-pour-definir-son-offre\/#primaryimage","url":"https:\/\/empow-her.com\/wp-content\/uploads\/2025\/03\/Women-Dare-templates-events-92.png","contentUrl":"https:\/\/empow-her.com\/wp-content\/uploads\/2025\/03\/Women-Dare-templates-events-92.png","width":1080,"height":1080},{"@type":"BreadcrumbList","@id":"https:\/\/empow-her.com\/produit\/coaching-comprendre-son-etude-de-marche-pour-definir-son-offre\/#breadcrumb","itemListElement":[{"@type":"ListItem","position":1,"name":"Accueil","item":"https:\/\/empow-her.com\/en\/landing-page\/"},{"@type":"ListItem","position":2,"name":"LA BOUTIQUE","item":"https:\/\/empow-her.com\/boutique\/"},{"@type":"ListItem","position":3,"name":"Coaching &#8211; Comprendre son \u00e9tude de march\u00e9 pour d\u00e9finir son offre"}]},{"@type":"WebSite","@id":"https:\/\/empow-her.com\/#website","url":"https:\/\/empow-her.com\/","name":"Empow&#039;Her","description":"Women Development","potentialAction":[{"@type":"SearchAction","target":{"@type":"EntryPoint","urlTemplate":"https:\/\/empow-her.com\/?s={search_term_string}"},"query-input":{"@type":"PropertyValueSpecification","valueRequired":true,"valueName":"search_term_string"}}],"inLanguage":"en-US"}]}},"_links":{"self":[{"href":"https:\/\/empow-her.com\/en\/wp-json\/wp\/v2\/product\/266258","targetHints":{"allow":["GET"]}}],"collection":[{"href":"https:\/\/empow-her.com\/en\/wp-json\/wp\/v2\/product"}],"about":[{"href":"https:\/\/empow-her.com\/en\/wp-json\/wp\/v2\/types\/product"}],"wp:featuredmedia":[{"embeddable":true,"href":"https:\/\/empow-her.com\/en\/wp-json\/wp\/v2\/media\/266269"}],"wp:attachment":[{"href":"https:\/\/empow-her.com\/en\/wp-json\/wp\/v2\/media?parent=266258"}],"wp:term":[{"taxonomy":"product_brand","embeddable":true,"href":"https:\/\/empow-her.com\/en\/wp-json\/wp\/v2\/product_brand?post=266258"},{"taxonomy":"product_cat","embeddable":true,"href":"https:\/\/empow-her.com\/en\/wp-json\/wp\/v2\/product_cat?post=266258"},{"taxonomy":"product_tag","embeddable":true,"href":"https:\/\/empow-her.com\/en\/wp-json\/wp\/v2\/product_tag?post=266258"},{"taxonomy":"lieu","embeddable":true,"href":"https:\/\/empow-her.com\/en\/wp-json\/wp\/v2\/lieu?post=266258"},{"taxonomy":"thematiques","embeddable":true,"href":"https:\/\/empow-her.com\/en\/wp-json\/wp\/v2\/thematiques?post=266258"}],"curies":[{"name":"wp","href":"https:\/\/api.w.org\/{rel}","templated":true}]}}