{"id":266218,"date":"2025-03-14T12:56:08","date_gmt":"2025-03-14T11:56:08","guid":{"rendered":"https:\/\/empow-her.com\/?post_type=product&#038;p=266218"},"modified":"2025-03-28T11:40:37","modified_gmt":"2025-03-28T10:40:37","slug":"coaching-strategie-prospection-commerciale-6","status":"publish","type":"product","link":"https:\/\/empow-her.com\/en\/produit\/coaching-strategie-prospection-commerciale-6\/","title":{"rendered":"Coaching &#8211; strat\u00e9gie &#038; prospection commerciale"},"content":{"rendered":"<div class=\"elementor-element elementor-element-6dcaf591 elementor-widget elementor-widget-woocommerce-product-short-description\" data-id=\"6dcaf591\" data-element_type=\"widget\" data-widget_type=\"woocommerce-product-short-description.default\">\n<div class=\"elementor-widget-container\">\n<div class=\"woocommerce-product-details__short-description\">\n<p>Vous avez esquiss\u00e9 une offre bas\u00e9e sur un produit ou un service, mais des questions demeurent : quels sont les bons canaux pour atteindre vos cibles ? Comment diffuser et vendre vos offres de mani\u00e8re optimale ? Ce coaching est con\u00e7u pour vous aider \u00e0 clarifier votre strat\u00e9gie commerciale et \u00e0 trouver des solutions adapt\u00e9es \u00e0 vos besoins.<\/p>\n<p>&#x1f4e2; En 30 minutes, validez votre plan d&#8217;actions commerciales ou votre argumentaire en b\u00e9n\u00e9ficiant de nos retours et propositions d&#8217;am\u00e9lioration.<\/p>\n<p>Attention : ce format n\u00e9cessite absolument une pr\u00e9paration de votre part, son objectif est d&#8217;enrichir et de revoir ce sur quoi vous aurez travaill\u00e9 en amont!<\/p>\n<p><strong>Alice De Castelnau<\/strong>\u00a0:\u00a0 J&#8217;accompagne les associations, les entreprises et les porteur.euse.s de projets \u00e0 fort impact depuis bient\u00f4t 15 ans sur leurs probl\u00e9matiques de d\u00e9veloppement et d&#8217;organisation. Mes dadas : la strat\u00e9gie de d\u00e9veloppement et la strat\u00e9gie commerciale, en particulier quand il faut inventer des mod\u00e8les hybrides : pas 100% lucratif et pas 100% non lucratif. Sant\u00e9, mal logement, migrations, mode \u00e9thique ou encore mobilit\u00e9 douce, je suis intervenue dans beaucoup de secteurs et tous me passionnent.<br \/>\nHasard ou pas, les porteuses de projet que j&#8217;ai accompagn\u00e9 individuellement \u00e9taient toutes des femmes. J&#8217;ai moi-m\u00eame lanc\u00e9 un projet entrepreneurial il y a quelques ann\u00e9es, ce qui m&#8217;a permis d&#8217;identifier clairement les difficult\u00e9s auxquelles on est confront\u00e9.e, les facteurs de succ\u00e8s, les facteurs d&#8217;\u00e9chec.<\/p>\n<p><strong>Son super pouvoir :<\/strong> J&#8217;ai r\u00e9ponse \u00e0 tout (mais je ne garantis pas qu&#8217;on aime la r\u00e9ponse \u00e0 chaque fois)<\/p>\n<p><strong>Son petit mot :<\/strong> N&#8217;ayez pas peur d&#8217;oser mais ne vous oubliez jamais.<\/p>\n<p><strong>Pr\u00e9-requis<\/strong> <strong>:<\/strong> <span data-sheets-value=\"{&quot;1&quot;:2,&quot;2&quot;:&quot;nVous souhaitez vous inscrire \u00e0 cette session ? Merci d'indiquer votre besoin principal en remplissant ce questionnaire avant la session : https:\/\/airtable.com\/shrbpqpYDX8WKP0gJ nou communiquez-le par mail \u00e0 votre r\u00e9f\u00e9rente Empow'Her : nadege.serrero@empow-her.com&quot;}\" data-sheets-userformat=\"{&quot;2&quot;:4993,&quot;3&quot;:{&quot;1&quot;:0},&quot;10&quot;:1,&quot;11&quot;:4,&quot;12&quot;:0,&quot;15&quot;:&quot;Hind&quot;}\">Aucun !<\/span><\/p>\n<p><strong>Dur\u00e9e<\/strong> <strong>:<\/strong> U<span data-sheets-value=\"{&quot;1&quot;:2,&quot;2&quot;:&quot;Permanence de 4h avec un cr\u00e9neau de 1h par participante (+ 15 minutes entre chaque)&quot;}\" data-sheets-userformat=\"{&quot;2&quot;:7167,&quot;3&quot;:{&quot;1&quot;:0},&quot;4&quot;:{&quot;1&quot;:2,&quot;2&quot;:16777215},&quot;5&quot;:{&quot;1&quot;:[{&quot;1&quot;:2,&quot;2&quot;:0,&quot;5&quot;:{&quot;1&quot;:2,&quot;2&quot;:0}},{&quot;1&quot;:0,&quot;2&quot;:0,&quot;3&quot;:3},{&quot;1&quot;:1,&quot;2&quot;:0,&quot;4&quot;:1}]},&quot;6&quot;:{&quot;1&quot;:[{&quot;1&quot;:2,&quot;2&quot;:0,&quot;5&quot;:{&quot;1&quot;:2,&quot;2&quot;:0}},{&quot;1&quot;:0,&quot;2&quot;:0,&quot;3&quot;:3},{&quot;1&quot;:1,&quot;2&quot;:0,&quot;4&quot;:1}]},&quot;7&quot;:{&quot;1&quot;:[{&quot;1&quot;:2,&quot;2&quot;:0,&quot;5&quot;:{&quot;1&quot;:2,&quot;2&quot;:0}},{&quot;1&quot;:0,&quot;2&quot;:0,&quot;3&quot;:3},{&quot;1&quot;:1,&quot;2&quot;:0,&quot;4&quot;:1}]},&quot;8&quot;:{&quot;1&quot;:[{&quot;1&quot;:2,&quot;2&quot;:0,&quot;5&quot;:{&quot;1&quot;:2,&quot;2&quot;:0}},{&quot;1&quot;:0,&quot;2&quot;:0,&quot;3&quot;:3},{&quot;1&quot;:1,&quot;2&quot;:0,&quot;4&quot;:1}]},&quot;9&quot;:0,&quot;10&quot;:1,&quot;11&quot;:4,&quot;12&quot;:0,&quot;14&quot;:{&quot;1&quot;:2,&quot;2&quot;:0},&quot;15&quot;:&quot;Calibri&quot;}\">n cr\u00e9neau de 30min<strong> en ligne<\/strong><\/span><\/p>\n<p><strong>Attention !<\/strong> \u00a0Veuillez vous pr\u00e9senter \u00e0 l\u2019heure pour que l\u2019activit\u00e9 puisse commencer \u00e0 temps. Si vous avez du retard veuillez pr\u00e9venir l\u2019intervenant.e. Si vous avez plus de 10 min de retard l\u2019intervenant.e se r\u00e9serve le droit de ne plus vous accepter pour le coaching ou l\u2019atelier.<\/p>\n<\/div>\n<\/div>\n<\/div>\n","protected":false},"excerpt":{"rendered":"<p>Vous avez esquiss\u00e9 une offre bas\u00e9e sur un produit ou un service, mais des questions demeurent : quels sont les bons canaux pour atteindre vos cibles ? Comment diffuser et vendre vos offres de mani\u00e8re optimale ? Ce coaching est con\u00e7u pour vous aider \u00e0 clarifier votre strat\u00e9gie commerciale et \u00e0 trouver des solutions adapt\u00e9es \u00e0 vos besoins.<\/p>\n<p>&#x1f4e2; En 30 minutes, validez votre plan d&#8217;actions commerciales ou votre argumentaire en b\u00e9n\u00e9ficiant de nos retours et propositions d&#8217;am\u00e9lioration.<\/p>\n<p>Attention : ce format n\u00e9cessite absolument une pr\u00e9paration de votre part, son objectif est d&#8217;enrichir et de revoir ce sur quoi vous aurez travaill\u00e9 en amont!<\/p>\n<p><strong>Alice De Castelnau<\/strong>\u00a0:\u00a0 J&#8217;accompagne les associations, les entreprises et les porteur.euse.s de projets \u00e0 fort impact depuis bient\u00f4t 15 ans sur leurs probl\u00e9matiques de d\u00e9veloppement et d&#8217;organisation. Mes dadas : la strat\u00e9gie de d\u00e9veloppement et la strat\u00e9gie commerciale, en particulier quand il faut inventer des mod\u00e8les hybrides : pas 100% lucratif et pas 100% non lucratif. Sant\u00e9, mal logement, migrations, mode \u00e9thique ou encore mobilit\u00e9 douce, je suis intervenue dans beaucoup de secteurs et tous me passionnent.<br \/>\nHasard ou pas, les porteuses de projet que j&#8217;ai accompagn\u00e9 individuellement \u00e9taient toutes des femmes. J&#8217;ai moi-m\u00eame lanc\u00e9 un projet entrepreneurial il y a quelques ann\u00e9es, ce qui m&#8217;a permis d&#8217;identifier clairement les difficult\u00e9s auxquelles on est confront\u00e9.e, les facteurs de succ\u00e8s, les facteurs d&#8217;\u00e9chec.<\/p>\n<p><strong>Son super pouvoir :<\/strong> J&#8217;ai r\u00e9ponse \u00e0 tout (mais je ne garantis pas qu&#8217;on aime la r\u00e9ponse \u00e0 chaque fois)<\/p>\n<p><strong>Son petit mot :<\/strong> N&#8217;ayez pas peur d&#8217;oser mais ne vous oubliez jamais.<\/p>\n<p><strong>Pr\u00e9-requis<\/strong> <strong>:<\/strong> <span data-sheets-value=\"{&quot;1&quot;:2,&quot;2&quot;:&quot;nVous souhaitez vous inscrire \u00e0 cette session ? Merci d'indiquer votre besoin principal en remplissant ce questionnaire avant la session : https:\/\/airtable.com\/shrbpqpYDX8WKP0gJ nou communiquez-le par mail \u00e0 votre r\u00e9f\u00e9rente Empow'Her : nadege.serrero@empow-her.com&quot;}\" data-sheets-userformat=\"{&quot;2&quot;:4993,&quot;3&quot;:{&quot;1&quot;:0},&quot;10&quot;:1,&quot;11&quot;:4,&quot;12&quot;:0,&quot;15&quot;:&quot;Hind&quot;}\">Aucun !<\/span><\/p>\n<p><strong>Dur\u00e9e<\/strong> <strong>:<\/strong> U<span data-sheets-value=\"{&quot;1&quot;:2,&quot;2&quot;:&quot;Permanence de 4h avec un cr\u00e9neau de 1h par participante (+ 15 minutes entre chaque)&quot;}\" data-sheets-userformat=\"{&quot;2&quot;:7167,&quot;3&quot;:{&quot;1&quot;:0},&quot;4&quot;:{&quot;1&quot;:2,&quot;2&quot;:16777215},&quot;5&quot;:{&quot;1&quot;:[{&quot;1&quot;:2,&quot;2&quot;:0,&quot;5&quot;:{&quot;1&quot;:2,&quot;2&quot;:0}},{&quot;1&quot;:0,&quot;2&quot;:0,&quot;3&quot;:3},{&quot;1&quot;:1,&quot;2&quot;:0,&quot;4&quot;:1}]},&quot;6&quot;:{&quot;1&quot;:[{&quot;1&quot;:2,&quot;2&quot;:0,&quot;5&quot;:{&quot;1&quot;:2,&quot;2&quot;:0}},{&quot;1&quot;:0,&quot;2&quot;:0,&quot;3&quot;:3},{&quot;1&quot;:1,&quot;2&quot;:0,&quot;4&quot;:1}]},&quot;7&quot;:{&quot;1&quot;:[{&quot;1&quot;:2,&quot;2&quot;:0,&quot;5&quot;:{&quot;1&quot;:2,&quot;2&quot;:0}},{&quot;1&quot;:0,&quot;2&quot;:0,&quot;3&quot;:3},{&quot;1&quot;:1,&quot;2&quot;:0,&quot;4&quot;:1}]},&quot;8&quot;:{&quot;1&quot;:[{&quot;1&quot;:2,&quot;2&quot;:0,&quot;5&quot;:{&quot;1&quot;:2,&quot;2&quot;:0}},{&quot;1&quot;:0,&quot;2&quot;:0,&quot;3&quot;:3},{&quot;1&quot;:1,&quot;2&quot;:0,&quot;4&quot;:1}]},&quot;9&quot;:0,&quot;10&quot;:1,&quot;11&quot;:4,&quot;12&quot;:0,&quot;14&quot;:{&quot;1&quot;:2,&quot;2&quot;:0},&quot;15&quot;:&quot;Calibri&quot;}\">n cr\u00e9neau de 30min<strong> en ligne<\/strong><\/span><\/p>\n<p><strong>Attention !<\/strong> \u00a0Veuillez vous pr\u00e9senter \u00e0 l\u2019heure pour que l\u2019activit\u00e9 puisse commencer \u00e0 temps. Si vous avez du retard veuillez pr\u00e9venir l\u2019intervenant.e. Si vous avez plus de 10 min de retard l\u2019intervenant.e se r\u00e9serve le droit de ne plus vous accepter pour le coaching ou l\u2019atelier.<\/p>\n","protected":false},"featured_media":266284,"template":"","format":"standard","meta":{"_acf_changed":false,"om_disable_all_campaigns":false,"_uf_show_specific_survey":0,"_uf_disable_surveys":false},"product_brand":[],"product_cat":[121],"product_tag":[143],"lieu":[125],"thematiques":[],"class_list":{"0":"post-266218","1":"product","2":"type-product","3":"status-publish","4":"format-standard","5":"has-post-thumbnail","7":"product_cat-coaching","8":"product_tag-en-ligne","9":"lieu-en-ligne","11":"first","12":"instock","13":"virtual","14":"purchasable","15":"product-type-appointment"},"exclude_global_add_ons":[],"addons":[],"acf":[],"yoast_head":"<!-- This site is optimized with the Yoast SEO plugin v24.8 - https:\/\/yoast.com\/wordpress\/plugins\/seo\/ -->\n<title>Coaching - strat\u00e9gie &amp; prospection commerciale<\/title>\n<meta name=\"robots\" content=\"index, follow, max-snippet:-1, max-image-preview:large, max-video-preview:-1\" \/>\n<link rel=\"canonical\" href=\"https:\/\/empow-her.com\/produit\/coaching-strategie-prospection-commerciale-6\/\" \/>\n<meta property=\"og:locale\" content=\"en_US\" \/>\n<meta property=\"og:type\" content=\"article\" \/>\n<meta property=\"og:title\" content=\"Coaching - strat\u00e9gie &amp; prospection commerciale\" \/>\n<meta property=\"og:description\" content=\"Vous avez esquiss\u00e9 une offre bas\u00e9e sur un produit ou un service, mais des questions demeurent : quels sont les bons canaux pour atteindre vos cibles ? Comment diffuser et vendre vos offres de mani\u00e8re optimale ? Ce coaching est con\u00e7u pour vous aider \u00e0 clarifier votre strat\u00e9gie commerciale et \u00e0 trouver des solutions adapt\u00e9es \u00e0 vos besoins.  &#x1f4e2; En 30 minutes, validez votre plan d&#039;actions commerciales ou votre argumentaire en b\u00e9n\u00e9ficiant de nos retours et propositions d&#039;am\u00e9lioration.  Attention : ce format n\u00e9cessite absolument une pr\u00e9paration de votre part, son objectif est d&#039;enrichir et de revoir ce sur quoi vous aurez travaill\u00e9 en amont!  Alice De Castelnau\u00a0:\u00a0 J&#039;accompagne les associations, les entreprises et les porteur.euse.s de projets \u00e0 fort impact depuis bient\u00f4t 15 ans sur leurs probl\u00e9matiques de d\u00e9veloppement et d&#039;organisation. Mes dadas : la strat\u00e9gie de d\u00e9veloppement et la strat\u00e9gie commerciale, en particulier quand il faut inventer des mod\u00e8les hybrides : pas 100% lucratif et pas 100% non lucratif. Sant\u00e9, mal logement, migrations, mode \u00e9thique ou encore mobilit\u00e9 douce, je suis intervenue dans beaucoup de secteurs et tous me passionnent. Hasard ou pas, les porteuses de projet que j&#039;ai accompagn\u00e9 individuellement \u00e9taient toutes des femmes. J&#039;ai moi-m\u00eame lanc\u00e9 un projet entrepreneurial il y a quelques ann\u00e9es, ce qui m&#039;a permis d&#039;identifier clairement les difficult\u00e9s auxquelles on est confront\u00e9.e, les facteurs de succ\u00e8s, les facteurs d&#039;\u00e9chec.  Son super pouvoir : J&#039;ai r\u00e9ponse \u00e0 tout (mais je ne garantis pas qu&#039;on aime la r\u00e9ponse \u00e0 chaque fois)  Son petit mot : N&#039;ayez pas peur d&#039;oser mais ne vous oubliez jamais.  Pr\u00e9-requis : Aucun !  Dur\u00e9e : Un cr\u00e9neau de 30min en ligne  Attention ! \u00a0Veuillez vous pr\u00e9senter \u00e0 l\u2019heure pour que l\u2019activit\u00e9 puisse commencer \u00e0 temps. Si vous avez du retard veuillez pr\u00e9venir l\u2019intervenant.e. Si vous avez plus de 10 min de retard l\u2019intervenant.e se r\u00e9serve le droit de ne plus vous accepter pour le coaching ou l\u2019atelier.\" \/>\n<meta property=\"og:url\" content=\"https:\/\/empow-her.com\/produit\/coaching-strategie-prospection-commerciale-6\/\" \/>\n<meta property=\"og:site_name\" content=\"Empow&#039;Her\" \/>\n<meta property=\"article:modified_time\" content=\"2025-03-28T10:40:37+00:00\" \/>\n<meta property=\"og:image\" content=\"https:\/\/empow-her.com\/wp-content\/uploads\/2025\/03\/Women-Dare-templates-events-94.png\" \/>\n\t<meta property=\"og:image:width\" content=\"1080\" \/>\n\t<meta property=\"og:image:height\" content=\"1080\" \/>\n\t<meta property=\"og:image:type\" content=\"image\/png\" \/>\n<meta name=\"twitter:card\" content=\"summary_large_image\" \/>\n<meta name=\"twitter:label1\" content=\"Est. reading time\" \/>\n\t<meta name=\"twitter:data1\" content=\"2 minutes\" \/>\n<script type=\"application\/ld+json\" class=\"yoast-schema-graph\">{\"@context\":\"https:\/\/schema.org\",\"@graph\":[{\"@type\":\"WebPage\",\"@id\":\"https:\/\/empow-her.com\/produit\/coaching-strategie-prospection-commerciale-6\/\",\"url\":\"https:\/\/empow-her.com\/produit\/coaching-strategie-prospection-commerciale-6\/\",\"name\":\"Coaching - strat\u00e9gie & prospection commerciale\",\"isPartOf\":{\"@id\":\"https:\/\/empow-her.com\/#website\"},\"primaryImageOfPage\":{\"@id\":\"https:\/\/empow-her.com\/produit\/coaching-strategie-prospection-commerciale-6\/#primaryimage\"},\"image\":{\"@id\":\"https:\/\/empow-her.com\/produit\/coaching-strategie-prospection-commerciale-6\/#primaryimage\"},\"thumbnailUrl\":\"https:\/\/empow-her.com\/wp-content\/uploads\/2025\/03\/Women-Dare-templates-events-94.png\",\"datePublished\":\"2025-03-14T11:56:08+00:00\",\"dateModified\":\"2025-03-28T10:40:37+00:00\",\"breadcrumb\":{\"@id\":\"https:\/\/empow-her.com\/produit\/coaching-strategie-prospection-commerciale-6\/#breadcrumb\"},\"inLanguage\":\"en-US\",\"potentialAction\":[{\"@type\":\"ReadAction\",\"target\":[\"https:\/\/empow-her.com\/produit\/coaching-strategie-prospection-commerciale-6\/\"]}]},{\"@type\":\"ImageObject\",\"inLanguage\":\"en-US\",\"@id\":\"https:\/\/empow-her.com\/produit\/coaching-strategie-prospection-commerciale-6\/#primaryimage\",\"url\":\"https:\/\/empow-her.com\/wp-content\/uploads\/2025\/03\/Women-Dare-templates-events-94.png\",\"contentUrl\":\"https:\/\/empow-her.com\/wp-content\/uploads\/2025\/03\/Women-Dare-templates-events-94.png\",\"width\":1080,\"height\":1080},{\"@type\":\"BreadcrumbList\",\"@id\":\"https:\/\/empow-her.com\/produit\/coaching-strategie-prospection-commerciale-6\/#breadcrumb\",\"itemListElement\":[{\"@type\":\"ListItem\",\"position\":1,\"name\":\"Accueil\",\"item\":\"https:\/\/empow-her.com\/en\/landing-page\/\"},{\"@type\":\"ListItem\",\"position\":2,\"name\":\"LA BOUTIQUE\",\"item\":\"https:\/\/empow-her.com\/boutique\/\"},{\"@type\":\"ListItem\",\"position\":3,\"name\":\"Coaching &#8211; strat\u00e9gie &#038; prospection commerciale\"}]},{\"@type\":\"WebSite\",\"@id\":\"https:\/\/empow-her.com\/#website\",\"url\":\"https:\/\/empow-her.com\/\",\"name\":\"Empow&#039;Her\",\"description\":\"Women Development\",\"potentialAction\":[{\"@type\":\"SearchAction\",\"target\":{\"@type\":\"EntryPoint\",\"urlTemplate\":\"https:\/\/empow-her.com\/?s={search_term_string}\"},\"query-input\":{\"@type\":\"PropertyValueSpecification\",\"valueRequired\":true,\"valueName\":\"search_term_string\"}}],\"inLanguage\":\"en-US\"}]}<\/script>\n<!-- \/ Yoast SEO plugin. -->","yoast_head_json":{"title":"Coaching - strat\u00e9gie & prospection commerciale","robots":{"index":"index","follow":"follow","max-snippet":"max-snippet:-1","max-image-preview":"max-image-preview:large","max-video-preview":"max-video-preview:-1"},"canonical":"https:\/\/empow-her.com\/produit\/coaching-strategie-prospection-commerciale-6\/","og_locale":"en_US","og_type":"article","og_title":"Coaching - strat\u00e9gie & prospection commerciale","og_description":"Vous avez esquiss\u00e9 une offre bas\u00e9e sur un produit ou un service, mais des questions demeurent : quels sont les bons canaux pour atteindre vos cibles ? Comment diffuser et vendre vos offres de mani\u00e8re optimale ? Ce coaching est con\u00e7u pour vous aider \u00e0 clarifier votre strat\u00e9gie commerciale et \u00e0 trouver des solutions adapt\u00e9es \u00e0 vos besoins.  &#x1f4e2; En 30 minutes, validez votre plan d'actions commerciales ou votre argumentaire en b\u00e9n\u00e9ficiant de nos retours et propositions d'am\u00e9lioration.  Attention : ce format n\u00e9cessite absolument une pr\u00e9paration de votre part, son objectif est d'enrichir et de revoir ce sur quoi vous aurez travaill\u00e9 en amont!  Alice De Castelnau\u00a0:\u00a0 J'accompagne les associations, les entreprises et les porteur.euse.s de projets \u00e0 fort impact depuis bient\u00f4t 15 ans sur leurs probl\u00e9matiques de d\u00e9veloppement et d'organisation. Mes dadas : la strat\u00e9gie de d\u00e9veloppement et la strat\u00e9gie commerciale, en particulier quand il faut inventer des mod\u00e8les hybrides : pas 100% lucratif et pas 100% non lucratif. Sant\u00e9, mal logement, migrations, mode \u00e9thique ou encore mobilit\u00e9 douce, je suis intervenue dans beaucoup de secteurs et tous me passionnent. Hasard ou pas, les porteuses de projet que j'ai accompagn\u00e9 individuellement \u00e9taient toutes des femmes. J'ai moi-m\u00eame lanc\u00e9 un projet entrepreneurial il y a quelques ann\u00e9es, ce qui m'a permis d'identifier clairement les difficult\u00e9s auxquelles on est confront\u00e9.e, les facteurs de succ\u00e8s, les facteurs d'\u00e9chec.  Son super pouvoir : J'ai r\u00e9ponse \u00e0 tout (mais je ne garantis pas qu'on aime la r\u00e9ponse \u00e0 chaque fois)  Son petit mot : N'ayez pas peur d'oser mais ne vous oubliez jamais.  Pr\u00e9-requis : Aucun !  Dur\u00e9e : Un cr\u00e9neau de 30min en ligne  Attention ! \u00a0Veuillez vous pr\u00e9senter \u00e0 l\u2019heure pour que l\u2019activit\u00e9 puisse commencer \u00e0 temps. Si vous avez du retard veuillez pr\u00e9venir l\u2019intervenant.e. Si vous avez plus de 10 min de retard l\u2019intervenant.e se r\u00e9serve le droit de ne plus vous accepter pour le coaching ou l\u2019atelier.","og_url":"https:\/\/empow-her.com\/produit\/coaching-strategie-prospection-commerciale-6\/","og_site_name":"Empow&#039;Her","article_modified_time":"2025-03-28T10:40:37+00:00","og_image":[{"width":1080,"height":1080,"url":"https:\/\/empow-her.com\/wp-content\/uploads\/2025\/03\/Women-Dare-templates-events-94.png","type":"image\/png"}],"twitter_card":"summary_large_image","twitter_misc":{"Est. reading time":"2 minutes"},"schema":{"@context":"https:\/\/schema.org","@graph":[{"@type":"WebPage","@id":"https:\/\/empow-her.com\/produit\/coaching-strategie-prospection-commerciale-6\/","url":"https:\/\/empow-her.com\/produit\/coaching-strategie-prospection-commerciale-6\/","name":"Coaching - strat\u00e9gie & prospection commerciale","isPartOf":{"@id":"https:\/\/empow-her.com\/#website"},"primaryImageOfPage":{"@id":"https:\/\/empow-her.com\/produit\/coaching-strategie-prospection-commerciale-6\/#primaryimage"},"image":{"@id":"https:\/\/empow-her.com\/produit\/coaching-strategie-prospection-commerciale-6\/#primaryimage"},"thumbnailUrl":"https:\/\/empow-her.com\/wp-content\/uploads\/2025\/03\/Women-Dare-templates-events-94.png","datePublished":"2025-03-14T11:56:08+00:00","dateModified":"2025-03-28T10:40:37+00:00","breadcrumb":{"@id":"https:\/\/empow-her.com\/produit\/coaching-strategie-prospection-commerciale-6\/#breadcrumb"},"inLanguage":"en-US","potentialAction":[{"@type":"ReadAction","target":["https:\/\/empow-her.com\/produit\/coaching-strategie-prospection-commerciale-6\/"]}]},{"@type":"ImageObject","inLanguage":"en-US","@id":"https:\/\/empow-her.com\/produit\/coaching-strategie-prospection-commerciale-6\/#primaryimage","url":"https:\/\/empow-her.com\/wp-content\/uploads\/2025\/03\/Women-Dare-templates-events-94.png","contentUrl":"https:\/\/empow-her.com\/wp-content\/uploads\/2025\/03\/Women-Dare-templates-events-94.png","width":1080,"height":1080},{"@type":"BreadcrumbList","@id":"https:\/\/empow-her.com\/produit\/coaching-strategie-prospection-commerciale-6\/#breadcrumb","itemListElement":[{"@type":"ListItem","position":1,"name":"Accueil","item":"https:\/\/empow-her.com\/en\/landing-page\/"},{"@type":"ListItem","position":2,"name":"LA BOUTIQUE","item":"https:\/\/empow-her.com\/boutique\/"},{"@type":"ListItem","position":3,"name":"Coaching &#8211; strat\u00e9gie &#038; prospection commerciale"}]},{"@type":"WebSite","@id":"https:\/\/empow-her.com\/#website","url":"https:\/\/empow-her.com\/","name":"Empow&#039;Her","description":"Women Development","potentialAction":[{"@type":"SearchAction","target":{"@type":"EntryPoint","urlTemplate":"https:\/\/empow-her.com\/?s={search_term_string}"},"query-input":{"@type":"PropertyValueSpecification","valueRequired":true,"valueName":"search_term_string"}}],"inLanguage":"en-US"}]}},"_links":{"self":[{"href":"https:\/\/empow-her.com\/en\/wp-json\/wp\/v2\/product\/266218","targetHints":{"allow":["GET"]}}],"collection":[{"href":"https:\/\/empow-her.com\/en\/wp-json\/wp\/v2\/product"}],"about":[{"href":"https:\/\/empow-her.com\/en\/wp-json\/wp\/v2\/types\/product"}],"wp:featuredmedia":[{"embeddable":true,"href":"https:\/\/empow-her.com\/en\/wp-json\/wp\/v2\/media\/266284"}],"wp:attachment":[{"href":"https:\/\/empow-her.com\/en\/wp-json\/wp\/v2\/media?parent=266218"}],"wp:term":[{"taxonomy":"product_brand","embeddable":true,"href":"https:\/\/empow-her.com\/en\/wp-json\/wp\/v2\/product_brand?post=266218"},{"taxonomy":"product_cat","embeddable":true,"href":"https:\/\/empow-her.com\/en\/wp-json\/wp\/v2\/product_cat?post=266218"},{"taxonomy":"product_tag","embeddable":true,"href":"https:\/\/empow-her.com\/en\/wp-json\/wp\/v2\/product_tag?post=266218"},{"taxonomy":"lieu","embeddable":true,"href":"https:\/\/empow-her.com\/en\/wp-json\/wp\/v2\/lieu?post=266218"},{"taxonomy":"thematiques","embeddable":true,"href":"https:\/\/empow-her.com\/en\/wp-json\/wp\/v2\/thematiques?post=266218"}],"curies":[{"name":"wp","href":"https:\/\/api.w.org\/{rel}","templated":true}]}}