{"id":266200,"date":"2025-03-14T11:23:30","date_gmt":"2025-03-14T10:23:30","guid":{"rendered":"https:\/\/empow-her.com\/?post_type=product&#038;p=266200"},"modified":"2025-03-18T14:49:04","modified_gmt":"2025-03-18T13:49:04","slug":"atelier-creer-son-contenu-pour-les-reseaux-sociaux","status":"publish","type":"product","link":"https:\/\/empow-her.com\/en\/produit\/atelier-creer-son-contenu-pour-les-reseaux-sociaux\/","title":{"rendered":"Atelier &#8211; Cr\u00e9er son contenu pour les r\u00e9seaux sociaux"},"content":{"rendered":"<p>D\u00e9couvrez les secrets de la cr\u00e9ation d\u2019un bon contenu sur les r\u00e9seaux sociaux, pour engager votre communaut\u00e9 autour de votre projet !<\/p>\n<p>Cet atelier vous offrira des m\u00e9thodes actionnables pour cr\u00e9er et diffuser efficacement votre contenu en ligne.<\/p>\n<p>Fondamentaux du contenu social media :<\/p>\n<p>&#x1f50d;Tour d\u2019horizon des r\u00e9seaux sociaux, strat\u00e9gie social media et analyse des tendances<br \/>\n&#x1f504;D\u00e9couvrir la technique du recyclage &amp; du micro-contenu.<\/p>\n<p>Ateliers pratiques :<br \/>\n&#x1f3af;\u00a0D\u00e9finir sa strat\u00e9gie &amp; sa ligne \u00e9dito<br \/>\n&#x1f525;\u00a0Cr\u00e9er un contenu snackable &amp; pertinent pour ses r\u00e9seaux sociaux<br \/>\n&#x1f4d1;Conception du calendrier \u00e9dito social media<\/p>\n<p>Un atelier qui concilie th\u00e9orie et pratique, pour que les rouages des r\u00e9seaux sociaux n\u2019aient plus de secrets pour vous &#8211; et pour vous aider \u00e0 avancer avec confiance ! &#x2728;<\/p>\n<p><strong>No\u00e9mie Kempf :<\/strong> No\u00e9mie est autrice, chroniqueuse, podcasteuse et consultante ind\u00e9pendante sp\u00e9cialis\u00e9e sur les sujets de Brand Content et de Community Building. Elle concilie sa passion pour la sociologie, les nouvelles technologies et le marketing \u00e0 travers ses deux m\u00e9dias : The Storyline, qui explore le futur des marques ainsi que Community Centric, qui d\u00e9crypte les secrets des communaut\u00e9s puissantes.<br \/>\nElle est autrice l\u2019ouvrage Le pouvoir des communaut\u00e9s, publi\u00e9 aux \u00e9ditions Eyrolles.<\/p>\n<p><strong>Son petit mot : <\/strong>C&#8217;est par nos actions aujourd&#8217;hui que nous \u00e9crivons le monde de demain &#8211; bravo de vous \u00eatre lanc\u00e9e dans cette aventure !<\/p>\n<p><strong>Son super pouvoir :\u00a0<\/strong>Exploratrice du marketing de demain<\/p>\n<p><strong>Pr\u00e9-requis<\/strong> <strong>:<\/strong> <span data-sheets-value=\"{&quot;1&quot;:2,&quot;2&quot;:&quot;nVous souhaitez vous inscrire \u00e0 cette session ? Merci d'indiquer votre besoin principal en remplissant ce questionnaire avant la session : https:\/\/airtable.com\/shrbpqpYDX8WKP0gJ nou communiquez-le par mail \u00e0 votre r\u00e9f\u00e9rente Empow'Her : nadege.serrero@empow-her.com&quot;}\" data-sheets-userformat=\"{&quot;2&quot;:4993,&quot;3&quot;:{&quot;1&quot;:0},&quot;10&quot;:1,&quot;11&quot;:4,&quot;12&quot;:0,&quot;15&quot;:&quot;Hind&quot;}\">Aucun !<\/span><\/p>\n<p><strong>Dur\u00e9e<\/strong> <strong>:<\/strong> U<span data-sheets-value=\"{&quot;1&quot;:2,&quot;2&quot;:&quot;Permanence de 4h avec un cr\u00e9neau de 1h par participante (+ 15 minutes entre chaque)&quot;}\" data-sheets-userformat=\"{&quot;2&quot;:7167,&quot;3&quot;:{&quot;1&quot;:0},&quot;4&quot;:{&quot;1&quot;:2,&quot;2&quot;:16777215},&quot;5&quot;:{&quot;1&quot;:[{&quot;1&quot;:2,&quot;2&quot;:0,&quot;5&quot;:{&quot;1&quot;:2,&quot;2&quot;:0}},{&quot;1&quot;:0,&quot;2&quot;:0,&quot;3&quot;:3},{&quot;1&quot;:1,&quot;2&quot;:0,&quot;4&quot;:1}]},&quot;6&quot;:{&quot;1&quot;:[{&quot;1&quot;:2,&quot;2&quot;:0,&quot;5&quot;:{&quot;1&quot;:2,&quot;2&quot;:0}},{&quot;1&quot;:0,&quot;2&quot;:0,&quot;3&quot;:3},{&quot;1&quot;:1,&quot;2&quot;:0,&quot;4&quot;:1}]},&quot;7&quot;:{&quot;1&quot;:[{&quot;1&quot;:2,&quot;2&quot;:0,&quot;5&quot;:{&quot;1&quot;:2,&quot;2&quot;:0}},{&quot;1&quot;:0,&quot;2&quot;:0,&quot;3&quot;:3},{&quot;1&quot;:1,&quot;2&quot;:0,&quot;4&quot;:1}]},&quot;8&quot;:{&quot;1&quot;:[{&quot;1&quot;:2,&quot;2&quot;:0,&quot;5&quot;:{&quot;1&quot;:2,&quot;2&quot;:0}},{&quot;1&quot;:0,&quot;2&quot;:0,&quot;3&quot;:3},{&quot;1&quot;:1,&quot;2&quot;:0,&quot;4&quot;:1}]},&quot;9&quot;:0,&quot;10&quot;:1,&quot;11&quot;:4,&quot;12&quot;:0,&quot;14&quot;:{&quot;1&quot;:2,&quot;2&quot;:0},&quot;15&quot;:&quot;Calibri&quot;}\">n cr\u00e9neau de <strong>1h en individuel en ligne<\/strong><\/span><\/p>\n<p><strong>Attention !<\/strong> \u00a0Veuillez vous pr\u00e9senter \u00e0 l\u2019heure pour que l\u2019activit\u00e9 puisse commencer \u00e0 temps. Si vous avez du retard veuillez pr\u00e9venir l\u2019intervenant.e. Si vous avez plus de 15 min de retard l\u2019intervenant.e se r\u00e9serve le droit de ne plus vous accepter pour le coaching ou l\u2019atelier.<\/p>\n<p>&nbsp;<\/p>\n","protected":false},"excerpt":{"rendered":"<p>D\u00e9couvrez les secrets de la cr\u00e9ation d\u2019un bon contenu sur les r\u00e9seaux sociaux, pour engager votre communaut\u00e9 autour de votre projet !<\/p>\n<p>Cet atelier vous offrira des m\u00e9thodes actionnables pour cr\u00e9er et diffuser efficacement votre contenu en ligne.<\/p>\n<p>Fondamentaux du contenu social media :<\/p>\n<p>&#x1f50d;Tour d\u2019horizon des r\u00e9seaux sociaux, strat\u00e9gie social media et analyse des tendances<br \/>\n&#x1f504;D\u00e9couvrir la technique du recyclage &amp; du micro-contenu.<\/p>\n<p>Ateliers pratiques :<br \/>\n&#x1f3af;\u00a0D\u00e9finir sa strat\u00e9gie &amp; sa ligne \u00e9dito<br \/>\n&#x1f525;\u00a0Cr\u00e9er un contenu snackable &amp; pertinent pour ses r\u00e9seaux sociaux<br \/>\n&#x1f4d1;Conception du calendrier \u00e9dito social media<\/p>\n<p>Un atelier qui concilie th\u00e9orie et pratique, pour que les rouages des r\u00e9seaux sociaux n\u2019aient plus de secrets pour vous &#8211; et pour vous aider \u00e0 avancer avec confiance ! &#x2728;<\/p>\n<p><strong>No\u00e9mie Kempf :<\/strong> No\u00e9mie est autrice, chroniqueuse, podcasteuse et consultante ind\u00e9pendante sp\u00e9cialis\u00e9e sur les sujets de Brand Content et de Community Building. Elle concilie sa passion pour la sociologie, les nouvelles technologies et le marketing \u00e0 travers ses deux m\u00e9dias : The Storyline, qui explore le futur des marques ainsi que Community Centric, qui d\u00e9crypte les secrets des communaut\u00e9s puissantes.<br \/>\nElle est autrice l\u2019ouvrage Le pouvoir des communaut\u00e9s, publi\u00e9 aux \u00e9ditions Eyrolles.<\/p>\n<p><strong>Son petit mot : <\/strong>C&#8217;est par nos actions aujourd&#8217;hui que nous \u00e9crivons le monde de demain &#8211; bravo de vous \u00eatre lanc\u00e9e dans cette aventure !<\/p>\n<p><strong>Son super pouvoir :\u00a0<\/strong>Exploratrice du marketing de demain<\/p>\n<p><strong>Pr\u00e9-requis<\/strong> <strong>:<\/strong> <span data-sheets-value=\"{&quot;1&quot;:2,&quot;2&quot;:&quot;nVous souhaitez vous inscrire \u00e0 cette session ? Merci d'indiquer votre besoin principal en remplissant ce questionnaire avant la session : https:\/\/airtable.com\/shrbpqpYDX8WKP0gJ nou communiquez-le par mail \u00e0 votre r\u00e9f\u00e9rente Empow'Her : nadege.serrero@empow-her.com&quot;}\" data-sheets-userformat=\"{&quot;2&quot;:4993,&quot;3&quot;:{&quot;1&quot;:0},&quot;10&quot;:1,&quot;11&quot;:4,&quot;12&quot;:0,&quot;15&quot;:&quot;Hind&quot;}\">Aucun !<\/span><\/p>\n<p><strong>Dur\u00e9e<\/strong> <strong>:<\/strong> U<span data-sheets-value=\"{&quot;1&quot;:2,&quot;2&quot;:&quot;Permanence de 4h avec un cr\u00e9neau de 1h par participante (+ 15 minutes entre chaque)&quot;}\" data-sheets-userformat=\"{&quot;2&quot;:7167,&quot;3&quot;:{&quot;1&quot;:0},&quot;4&quot;:{&quot;1&quot;:2,&quot;2&quot;:16777215},&quot;5&quot;:{&quot;1&quot;:[{&quot;1&quot;:2,&quot;2&quot;:0,&quot;5&quot;:{&quot;1&quot;:2,&quot;2&quot;:0}},{&quot;1&quot;:0,&quot;2&quot;:0,&quot;3&quot;:3},{&quot;1&quot;:1,&quot;2&quot;:0,&quot;4&quot;:1}]},&quot;6&quot;:{&quot;1&quot;:[{&quot;1&quot;:2,&quot;2&quot;:0,&quot;5&quot;:{&quot;1&quot;:2,&quot;2&quot;:0}},{&quot;1&quot;:0,&quot;2&quot;:0,&quot;3&quot;:3},{&quot;1&quot;:1,&quot;2&quot;:0,&quot;4&quot;:1}]},&quot;7&quot;:{&quot;1&quot;:[{&quot;1&quot;:2,&quot;2&quot;:0,&quot;5&quot;:{&quot;1&quot;:2,&quot;2&quot;:0}},{&quot;1&quot;:0,&quot;2&quot;:0,&quot;3&quot;:3},{&quot;1&quot;:1,&quot;2&quot;:0,&quot;4&quot;:1}]},&quot;8&quot;:{&quot;1&quot;:[{&quot;1&quot;:2,&quot;2&quot;:0,&quot;5&quot;:{&quot;1&quot;:2,&quot;2&quot;:0}},{&quot;1&quot;:0,&quot;2&quot;:0,&quot;3&quot;:3},{&quot;1&quot;:1,&quot;2&quot;:0,&quot;4&quot;:1}]},&quot;9&quot;:0,&quot;10&quot;:1,&quot;11&quot;:4,&quot;12&quot;:0,&quot;14&quot;:{&quot;1&quot;:2,&quot;2&quot;:0},&quot;15&quot;:&quot;Calibri&quot;}\">n cr\u00e9neau de <strong>1h en individuel en ligne<\/strong><\/span><\/p>\n<p><strong>Attention !<\/strong> \u00a0Veuillez vous pr\u00e9senter \u00e0 l\u2019heure pour que l\u2019activit\u00e9 puisse commencer \u00e0 temps. Si vous avez du retard veuillez pr\u00e9venir l\u2019intervenant.e. Si vous avez plus de 15 min de retard l\u2019intervenant.e se r\u00e9serve le droit de ne plus vous accepter pour le coaching ou l\u2019atelier.<\/p>\n<p>&nbsp;<\/p>\n<p>&nbsp;<\/p>\n","protected":false},"featured_media":266207,"template":"","format":"standard","meta":{"_acf_changed":false,"om_disable_all_campaigns":false,"_uf_show_specific_survey":0,"_uf_disable_surveys":false},"product_brand":[],"product_cat":[118],"product_tag":[],"lieu":[127],"thematiques":[],"class_list":{"0":"post-266200","1":"product","2":"type-product","3":"status-publish","4":"format-standard","5":"has-post-thumbnail","7":"product_cat-atelier-collectif","8":"lieu-hub-empowher","10":"first","11":"instock","12":"virtual","13":"purchasable","14":"product-type-appointment"},"exclude_global_add_ons":[],"addons":[],"acf":[],"yoast_head":"<!-- This site is optimized with the Yoast SEO plugin v24.8 - https:\/\/yoast.com\/wordpress\/plugins\/seo\/ -->\n<title>Atelier - Cr\u00e9er son contenu pour les r\u00e9seaux sociaux - Empow&#039;Her<\/title>\n<meta name=\"robots\" content=\"index, follow, max-snippet:-1, max-image-preview:large, max-video-preview:-1\" \/>\n<link rel=\"canonical\" href=\"https:\/\/empow-her.com\/produit\/atelier-creer-son-contenu-pour-les-reseaux-sociaux\/\" \/>\n<meta property=\"og:locale\" content=\"en_US\" \/>\n<meta property=\"og:type\" content=\"article\" \/>\n<meta property=\"og:title\" content=\"Atelier - Cr\u00e9er son contenu pour les r\u00e9seaux sociaux - Empow&#039;Her\" \/>\n<meta property=\"og:description\" content=\"D\u00e9couvrez les secrets de la cr\u00e9ation d\u2019un bon contenu sur les r\u00e9seaux sociaux, pour engager votre communaut\u00e9 autour de votre projet !  Cet atelier vous offrira des m\u00e9thodes actionnables pour cr\u00e9er et diffuser efficacement votre contenu en ligne.  Fondamentaux du contenu social media :  &#x1f50d;Tour d\u2019horizon des r\u00e9seaux sociaux, strat\u00e9gie social media et analyse des tendances &#x1f504;D\u00e9couvrir la technique du recyclage &amp; du micro-contenu.  Ateliers pratiques : &#x1f3af;\u00a0D\u00e9finir sa strat\u00e9gie &amp; sa ligne \u00e9dito &#x1f525;\u00a0Cr\u00e9er un contenu snackable &amp; pertinent pour ses r\u00e9seaux sociaux &#x1f4d1;Conception du calendrier \u00e9dito social media  Un atelier qui concilie th\u00e9orie et pratique, pour que les rouages des r\u00e9seaux sociaux n\u2019aient plus de secrets pour vous - et pour vous aider \u00e0 avancer avec confiance ! &#x2728;  No\u00e9mie Kempf : No\u00e9mie est autrice, chroniqueuse, podcasteuse et consultante ind\u00e9pendante sp\u00e9cialis\u00e9e sur les sujets de Brand Content et de Community Building. Elle concilie sa passion pour la sociologie, les nouvelles technologies et le marketing \u00e0 travers ses deux m\u00e9dias : The Storyline, qui explore le futur des marques ainsi que Community Centric, qui d\u00e9crypte les secrets des communaut\u00e9s puissantes. Elle est autrice l\u2019ouvrage Le pouvoir des communaut\u00e9s, publi\u00e9 aux \u00e9ditions Eyrolles.  Son petit mot : C&#039;est par nos actions aujourd&#039;hui que nous \u00e9crivons le monde de demain - bravo de vous \u00eatre lanc\u00e9e dans cette aventure !  Son super pouvoir :\u00a0Exploratrice du marketing de demain  Pr\u00e9-requis : Aucun !  Dur\u00e9e : Un cr\u00e9neau de 1h en individuel en ligne  Attention ! \u00a0Veuillez vous pr\u00e9senter \u00e0 l\u2019heure pour que l\u2019activit\u00e9 puisse commencer \u00e0 temps. Si vous avez du retard veuillez pr\u00e9venir l\u2019intervenant.e. Si vous avez plus de 15 min de retard l\u2019intervenant.e se r\u00e9serve le droit de ne plus vous accepter pour le coaching ou l\u2019atelier.  &nbsp;  &nbsp;\" \/>\n<meta property=\"og:url\" content=\"https:\/\/empow-her.com\/produit\/atelier-creer-son-contenu-pour-les-reseaux-sociaux\/\" \/>\n<meta property=\"og:site_name\" content=\"Empow&#039;Her\" \/>\n<meta property=\"article:modified_time\" content=\"2025-03-18T13:49:04+00:00\" \/>\n<meta property=\"og:image\" content=\"https:\/\/empow-her.com\/wp-content\/uploads\/2025\/03\/Women-Dare-templates-events-84-1.png\" \/>\n\t<meta property=\"og:image:width\" content=\"1080\" \/>\n\t<meta property=\"og:image:height\" content=\"1080\" \/>\n\t<meta property=\"og:image:type\" content=\"image\/png\" \/>\n<meta name=\"twitter:card\" content=\"summary_large_image\" \/>\n<meta name=\"twitter:label1\" content=\"Est. reading time\" \/>\n\t<meta name=\"twitter:data1\" content=\"2 minutes\" \/>\n<script type=\"application\/ld+json\" class=\"yoast-schema-graph\">{\"@context\":\"https:\/\/schema.org\",\"@graph\":[{\"@type\":\"WebPage\",\"@id\":\"https:\/\/empow-her.com\/produit\/atelier-creer-son-contenu-pour-les-reseaux-sociaux\/\",\"url\":\"https:\/\/empow-her.com\/produit\/atelier-creer-son-contenu-pour-les-reseaux-sociaux\/\",\"name\":\"Atelier - Cr\u00e9er son contenu pour les r\u00e9seaux sociaux - Empow&#039;Her\",\"isPartOf\":{\"@id\":\"https:\/\/empow-her.com\/#website\"},\"primaryImageOfPage\":{\"@id\":\"https:\/\/empow-her.com\/produit\/atelier-creer-son-contenu-pour-les-reseaux-sociaux\/#primaryimage\"},\"image\":{\"@id\":\"https:\/\/empow-her.com\/produit\/atelier-creer-son-contenu-pour-les-reseaux-sociaux\/#primaryimage\"},\"thumbnailUrl\":\"https:\/\/empow-her.com\/wp-content\/uploads\/2025\/03\/Women-Dare-templates-events-84-1.png\",\"datePublished\":\"2025-03-14T10:23:30+00:00\",\"dateModified\":\"2025-03-18T13:49:04+00:00\",\"breadcrumb\":{\"@id\":\"https:\/\/empow-her.com\/produit\/atelier-creer-son-contenu-pour-les-reseaux-sociaux\/#breadcrumb\"},\"inLanguage\":\"en-US\",\"potentialAction\":[{\"@type\":\"ReadAction\",\"target\":[\"https:\/\/empow-her.com\/produit\/atelier-creer-son-contenu-pour-les-reseaux-sociaux\/\"]}]},{\"@type\":\"ImageObject\",\"inLanguage\":\"en-US\",\"@id\":\"https:\/\/empow-her.com\/produit\/atelier-creer-son-contenu-pour-les-reseaux-sociaux\/#primaryimage\",\"url\":\"https:\/\/empow-her.com\/wp-content\/uploads\/2025\/03\/Women-Dare-templates-events-84-1.png\",\"contentUrl\":\"https:\/\/empow-her.com\/wp-content\/uploads\/2025\/03\/Women-Dare-templates-events-84-1.png\",\"width\":1080,\"height\":1080},{\"@type\":\"BreadcrumbList\",\"@id\":\"https:\/\/empow-her.com\/produit\/atelier-creer-son-contenu-pour-les-reseaux-sociaux\/#breadcrumb\",\"itemListElement\":[{\"@type\":\"ListItem\",\"position\":1,\"name\":\"Accueil\",\"item\":\"https:\/\/empow-her.com\/en\/landing-page\/\"},{\"@type\":\"ListItem\",\"position\":2,\"name\":\"LA BOUTIQUE\",\"item\":\"https:\/\/empow-her.com\/boutique\/\"},{\"@type\":\"ListItem\",\"position\":3,\"name\":\"Atelier &#8211; Cr\u00e9er son contenu pour les r\u00e9seaux sociaux\"}]},{\"@type\":\"WebSite\",\"@id\":\"https:\/\/empow-her.com\/#website\",\"url\":\"https:\/\/empow-her.com\/\",\"name\":\"Empow&#039;Her\",\"description\":\"Women Development\",\"potentialAction\":[{\"@type\":\"SearchAction\",\"target\":{\"@type\":\"EntryPoint\",\"urlTemplate\":\"https:\/\/empow-her.com\/?s={search_term_string}\"},\"query-input\":{\"@type\":\"PropertyValueSpecification\",\"valueRequired\":true,\"valueName\":\"search_term_string\"}}],\"inLanguage\":\"en-US\"}]}<\/script>\n<!-- \/ Yoast SEO plugin. -->","yoast_head_json":{"title":"Atelier - Cr\u00e9er son contenu pour les r\u00e9seaux sociaux - Empow&#039;Her","robots":{"index":"index","follow":"follow","max-snippet":"max-snippet:-1","max-image-preview":"max-image-preview:large","max-video-preview":"max-video-preview:-1"},"canonical":"https:\/\/empow-her.com\/produit\/atelier-creer-son-contenu-pour-les-reseaux-sociaux\/","og_locale":"en_US","og_type":"article","og_title":"Atelier - Cr\u00e9er son contenu pour les r\u00e9seaux sociaux - Empow&#039;Her","og_description":"D\u00e9couvrez les secrets de la cr\u00e9ation d\u2019un bon contenu sur les r\u00e9seaux sociaux, pour engager votre communaut\u00e9 autour de votre projet !  Cet atelier vous offrira des m\u00e9thodes actionnables pour cr\u00e9er et diffuser efficacement votre contenu en ligne.  Fondamentaux du contenu social media :  &#x1f50d;Tour d\u2019horizon des r\u00e9seaux sociaux, strat\u00e9gie social media et analyse des tendances &#x1f504;D\u00e9couvrir la technique du recyclage &amp; du micro-contenu.  Ateliers pratiques : &#x1f3af;\u00a0D\u00e9finir sa strat\u00e9gie &amp; sa ligne \u00e9dito &#x1f525;\u00a0Cr\u00e9er un contenu snackable &amp; pertinent pour ses r\u00e9seaux sociaux &#x1f4d1;Conception du calendrier \u00e9dito social media  Un atelier qui concilie th\u00e9orie et pratique, pour que les rouages des r\u00e9seaux sociaux n\u2019aient plus de secrets pour vous - et pour vous aider \u00e0 avancer avec confiance ! &#x2728;  No\u00e9mie Kempf : No\u00e9mie est autrice, chroniqueuse, podcasteuse et consultante ind\u00e9pendante sp\u00e9cialis\u00e9e sur les sujets de Brand Content et de Community Building. Elle concilie sa passion pour la sociologie, les nouvelles technologies et le marketing \u00e0 travers ses deux m\u00e9dias : The Storyline, qui explore le futur des marques ainsi que Community Centric, qui d\u00e9crypte les secrets des communaut\u00e9s puissantes. Elle est autrice l\u2019ouvrage Le pouvoir des communaut\u00e9s, publi\u00e9 aux \u00e9ditions Eyrolles.  Son petit mot : C'est par nos actions aujourd'hui que nous \u00e9crivons le monde de demain - bravo de vous \u00eatre lanc\u00e9e dans cette aventure !  Son super pouvoir :\u00a0Exploratrice du marketing de demain  Pr\u00e9-requis : Aucun !  Dur\u00e9e : Un cr\u00e9neau de 1h en individuel en ligne  Attention ! \u00a0Veuillez vous pr\u00e9senter \u00e0 l\u2019heure pour que l\u2019activit\u00e9 puisse commencer \u00e0 temps. Si vous avez du retard veuillez pr\u00e9venir l\u2019intervenant.e. Si vous avez plus de 15 min de retard l\u2019intervenant.e se r\u00e9serve le droit de ne plus vous accepter pour le coaching ou l\u2019atelier.  &nbsp;  &nbsp;","og_url":"https:\/\/empow-her.com\/produit\/atelier-creer-son-contenu-pour-les-reseaux-sociaux\/","og_site_name":"Empow&#039;Her","article_modified_time":"2025-03-18T13:49:04+00:00","og_image":[{"width":1080,"height":1080,"url":"https:\/\/empow-her.com\/wp-content\/uploads\/2025\/03\/Women-Dare-templates-events-84-1.png","type":"image\/png"}],"twitter_card":"summary_large_image","twitter_misc":{"Est. reading time":"2 minutes"},"schema":{"@context":"https:\/\/schema.org","@graph":[{"@type":"WebPage","@id":"https:\/\/empow-her.com\/produit\/atelier-creer-son-contenu-pour-les-reseaux-sociaux\/","url":"https:\/\/empow-her.com\/produit\/atelier-creer-son-contenu-pour-les-reseaux-sociaux\/","name":"Atelier - Cr\u00e9er son contenu pour les r\u00e9seaux sociaux - Empow&#039;Her","isPartOf":{"@id":"https:\/\/empow-her.com\/#website"},"primaryImageOfPage":{"@id":"https:\/\/empow-her.com\/produit\/atelier-creer-son-contenu-pour-les-reseaux-sociaux\/#primaryimage"},"image":{"@id":"https:\/\/empow-her.com\/produit\/atelier-creer-son-contenu-pour-les-reseaux-sociaux\/#primaryimage"},"thumbnailUrl":"https:\/\/empow-her.com\/wp-content\/uploads\/2025\/03\/Women-Dare-templates-events-84-1.png","datePublished":"2025-03-14T10:23:30+00:00","dateModified":"2025-03-18T13:49:04+00:00","breadcrumb":{"@id":"https:\/\/empow-her.com\/produit\/atelier-creer-son-contenu-pour-les-reseaux-sociaux\/#breadcrumb"},"inLanguage":"en-US","potentialAction":[{"@type":"ReadAction","target":["https:\/\/empow-her.com\/produit\/atelier-creer-son-contenu-pour-les-reseaux-sociaux\/"]}]},{"@type":"ImageObject","inLanguage":"en-US","@id":"https:\/\/empow-her.com\/produit\/atelier-creer-son-contenu-pour-les-reseaux-sociaux\/#primaryimage","url":"https:\/\/empow-her.com\/wp-content\/uploads\/2025\/03\/Women-Dare-templates-events-84-1.png","contentUrl":"https:\/\/empow-her.com\/wp-content\/uploads\/2025\/03\/Women-Dare-templates-events-84-1.png","width":1080,"height":1080},{"@type":"BreadcrumbList","@id":"https:\/\/empow-her.com\/produit\/atelier-creer-son-contenu-pour-les-reseaux-sociaux\/#breadcrumb","itemListElement":[{"@type":"ListItem","position":1,"name":"Accueil","item":"https:\/\/empow-her.com\/en\/landing-page\/"},{"@type":"ListItem","position":2,"name":"LA BOUTIQUE","item":"https:\/\/empow-her.com\/boutique\/"},{"@type":"ListItem","position":3,"name":"Atelier &#8211; Cr\u00e9er son contenu pour les r\u00e9seaux sociaux"}]},{"@type":"WebSite","@id":"https:\/\/empow-her.com\/#website","url":"https:\/\/empow-her.com\/","name":"Empow&#039;Her","description":"Women Development","potentialAction":[{"@type":"SearchAction","target":{"@type":"EntryPoint","urlTemplate":"https:\/\/empow-her.com\/?s={search_term_string}"},"query-input":{"@type":"PropertyValueSpecification","valueRequired":true,"valueName":"search_term_string"}}],"inLanguage":"en-US"}]}},"_links":{"self":[{"href":"https:\/\/empow-her.com\/en\/wp-json\/wp\/v2\/product\/266200","targetHints":{"allow":["GET"]}}],"collection":[{"href":"https:\/\/empow-her.com\/en\/wp-json\/wp\/v2\/product"}],"about":[{"href":"https:\/\/empow-her.com\/en\/wp-json\/wp\/v2\/types\/product"}],"wp:featuredmedia":[{"embeddable":true,"href":"https:\/\/empow-her.com\/en\/wp-json\/wp\/v2\/media\/266207"}],"wp:attachment":[{"href":"https:\/\/empow-her.com\/en\/wp-json\/wp\/v2\/media?parent=266200"}],"wp:term":[{"taxonomy":"product_brand","embeddable":true,"href":"https:\/\/empow-her.com\/en\/wp-json\/wp\/v2\/product_brand?post=266200"},{"taxonomy":"product_cat","embeddable":true,"href":"https:\/\/empow-her.com\/en\/wp-json\/wp\/v2\/product_cat?post=266200"},{"taxonomy":"product_tag","embeddable":true,"href":"https:\/\/empow-her.com\/en\/wp-json\/wp\/v2\/product_tag?post=266200"},{"taxonomy":"lieu","embeddable":true,"href":"https:\/\/empow-her.com\/en\/wp-json\/wp\/v2\/lieu?post=266200"},{"taxonomy":"thematiques","embeddable":true,"href":"https:\/\/empow-her.com\/en\/wp-json\/wp\/v2\/thematiques?post=266200"}],"curies":[{"name":"wp","href":"https:\/\/api.w.org\/{rel}","templated":true}]}}