{"id":266179,"date":"2025-03-13T15:53:00","date_gmt":"2025-03-13T14:53:00","guid":{"rendered":"https:\/\/empow-her.com\/?post_type=product&#038;p=266179"},"modified":"2025-03-19T14:25:03","modified_gmt":"2025-03-19T13:25:03","slug":"atelier-booster-son-estime-pour-agir-en-entrepreneure-feministe","status":"publish","type":"product","link":"https:\/\/empow-her.com\/en\/produit\/atelier-booster-son-estime-pour-agir-en-entrepreneure-feministe\/","title":{"rendered":"Atelier &#8211; Booster son estime pour agir en entrepreneure f\u00e9ministe"},"content":{"rendered":"<p><span data-sheets-root=\"1\"><strong>&#x1f4e2; Atelier pour booster votre estime de soi en tant qu&#8217;entrepreneure f\u00e9ministe <\/strong><\/p>\n<p>Vous ressentez des peurs ou des blocages sur votre capacit\u00e9 \u00e0 mener \u00e0 bien votre projet ? Vous questionnez parfois votre valeur ou votre l\u00e9gitimit\u00e9 ? Vous vous demandez d\u2019o\u00f9 viennent ces pens\u00e9es qui vous limitent dans votre passage \u00e0 l\u2019action ? Cet atelier vous aidera \u00e0 renforcer votre estime de soi pour agir en tant qu\u2019entrepreneure f\u00e9ministe.<\/p>\n<p><strong>&#x1f4a1; Ce que nous allons explorer<\/strong><\/p>\n<p>&#x1f50d; Clarifier les m\u00e9canismes de l&#8217;estime de soi : Comprendre comment elle interagit avec vos d\u00e9cisions et vos actions.<br \/>\n&#x1f6e0; Prendre conscience des liens entre freins syst\u00e9miques et comportements individuels : D\u00e9construire les barri\u00e8res mentales \u00e0 l&#8217;entrepreneuriat.<br \/>\n&#x1f4aa; D\u00e9finir votre strat\u00e9gie : Construire votre propre r\u00e9f\u00e9rentiel pour agir en tant qu&#8217;entrepreneure f\u00e9ministe.<br \/>\n&#x1f3af; Nourrir votre estime de soi pour incarner votre projet : D\u00e9finir des actions concr\u00e8tes pour renforcer votre estime de soi, gagner en confiance et reconnecter avec votre pouvoir d\u2019agir.<\/p>\n<p><strong>&#x1f3ad; D\u00e9roul\u00e9 de l\u2019atelier<\/strong><\/p>\n<p>Apports inspir\u00e9s de la psychologie comportementale et du coaching pour mieux comprendre vos m\u00e9canismes internes<br \/>\nExercices ludiques et mises en situation pour exp\u00e9rimenter et ancrer vos apprentissages<br \/>\nTemps d\u2019introspection personnelle pour approfondir vos r\u00e9flexions et prendre du recul<br \/>\n\u00c9changes en groupe pour partager vos exp\u00e9riences, \u00e9largir vos perspectives et b\u00e9n\u00e9ficier de la dynamique collective<br \/>\nUn moment pour vous recentrer, gagner en confiance et avancer avec clart\u00e9 dans votre aventure entrepreneuriale ! &#x1f680;<\/span><\/p>\n","protected":false},"excerpt":{"rendered":"<p><span data-sheets-root=\"1\"><strong>&#x1f4e2; Atelier pour booster votre estime de soi en tant qu&#8217;entrepreneure f\u00e9ministe <\/strong><\/p>\n<p>Vous ressentez des peurs ou des blocages sur votre capacit\u00e9 \u00e0 mener \u00e0 bien votre projet ? Vous questionnez parfois votre valeur ou votre l\u00e9gitimit\u00e9 ? Vous vous demandez d\u2019o\u00f9 viennent ces pens\u00e9es qui vous limitent dans votre passage \u00e0 l\u2019action ? Cet atelier vous aidera \u00e0 renforcer votre estime de soi pour agir en tant qu\u2019entrepreneure f\u00e9ministe.<\/p>\n<p><strong>&#x1f4a1; Ce que nous allons explorer<\/strong><\/p>\n<p>&#x1f50d; Clarifier les m\u00e9canismes de l&#8217;estime de soi : Comprendre comment elle interagit avec vos d\u00e9cisions et vos actions.<br \/>\n&#x1f6e0; Prendre conscience des liens entre freins syst\u00e9miques et comportements individuels : D\u00e9construire les barri\u00e8res mentales \u00e0 l&#8217;entrepreneuriat.<br \/>\n&#x1f4aa; D\u00e9finir votre strat\u00e9gie : Construire votre propre r\u00e9f\u00e9rentiel pour agir en tant qu&#8217;entrepreneure f\u00e9ministe.<br \/>\n&#x1f3af; Nourrir votre estime de soi pour incarner votre projet : D\u00e9finir des actions concr\u00e8tes pour renforcer votre estime de soi, gagner en confiance et reconnecter avec votre pouvoir d\u2019agir.<\/p>\n<p><strong>&#x1f3ad; D\u00e9roul\u00e9 de l\u2019atelier<\/strong><\/p>\n<p>Apports inspir\u00e9s de la psychologie comportementale et du coaching pour mieux comprendre vos m\u00e9canismes internes<br \/>\nExercices ludiques et mises en situation pour exp\u00e9rimenter et ancrer vos apprentissages<br \/>\nTemps d\u2019introspection personnelle pour approfondir vos r\u00e9flexions et prendre du recul<br \/>\n\u00c9changes en groupe pour partager vos exp\u00e9riences, \u00e9largir vos perspectives et b\u00e9n\u00e9ficier de la dynamique collective<br \/>\nUn moment pour vous recentrer, gagner en confiance et avancer avec clart\u00e9 dans votre aventure entrepreneuriale ! &#x1f680;<\/span><\/p>\n","protected":false},"featured_media":266180,"template":"","format":"standard","meta":{"_acf_changed":false,"om_disable_all_campaigns":false,"_uf_show_specific_survey":0,"_uf_disable_surveys":false},"product_brand":[],"product_cat":[118],"product_tag":[132],"lieu":[],"thematiques":[],"class_list":{"0":"post-266179","1":"product","2":"type-product","3":"status-publish","4":"format-standard","5":"has-post-thumbnail","7":"product_cat-atelier-collectif","8":"product_tag-sisther","10":"first","11":"instock","12":"virtual","13":"purchasable","14":"product-type-appointment"},"exclude_global_add_ons":[],"addons":[],"acf":[],"yoast_head":"<!-- This site is optimized with the Yoast SEO plugin v24.8 - https:\/\/yoast.com\/wordpress\/plugins\/seo\/ -->\n<title>Atelier - Booster son estime pour agir en entrepreneure f\u00e9ministe - Empow&#039;Her<\/title>\n<meta name=\"robots\" content=\"index, follow, max-snippet:-1, max-image-preview:large, max-video-preview:-1\" \/>\n<link rel=\"canonical\" href=\"https:\/\/empow-her.com\/produit\/atelier-booster-son-estime-pour-agir-en-entrepreneure-feministe\/\" \/>\n<meta property=\"og:locale\" content=\"en_US\" \/>\n<meta property=\"og:type\" content=\"article\" \/>\n<meta property=\"og:title\" content=\"Atelier - Booster son estime pour agir en entrepreneure f\u00e9ministe - Empow&#039;Her\" \/>\n<meta property=\"og:description\" content=\"&#x1f4e2; Atelier pour booster votre estime de soi en tant qu&#039;entrepreneure f\u00e9ministe   Vous ressentez des peurs ou des blocages sur votre capacit\u00e9 \u00e0 mener \u00e0 bien votre projet ? Vous questionnez parfois votre valeur ou votre l\u00e9gitimit\u00e9 ? Vous vous demandez d\u2019o\u00f9 viennent ces pens\u00e9es qui vous limitent dans votre passage \u00e0 l\u2019action ? Cet atelier vous aidera \u00e0 renforcer votre estime de soi pour agir en tant qu\u2019entrepreneure f\u00e9ministe.  &#x1f4a1; Ce que nous allons explorer  &#x1f50d; Clarifier les m\u00e9canismes de l&#039;estime de soi : Comprendre comment elle interagit avec vos d\u00e9cisions et vos actions. &#x1f6e0; Prendre conscience des liens entre freins syst\u00e9miques et comportements individuels : D\u00e9construire les barri\u00e8res mentales \u00e0 l&#039;entrepreneuriat. &#x1f4aa; D\u00e9finir votre strat\u00e9gie : Construire votre propre r\u00e9f\u00e9rentiel pour agir en tant qu&#039;entrepreneure f\u00e9ministe. &#x1f3af; Nourrir votre estime de soi pour incarner votre projet : D\u00e9finir des actions concr\u00e8tes pour renforcer votre estime de soi, gagner en confiance et reconnecter avec votre pouvoir d\u2019agir.  &#x1f3ad; D\u00e9roul\u00e9 de l\u2019atelier  Apports inspir\u00e9s de la psychologie comportementale et du coaching pour mieux comprendre vos m\u00e9canismes internes Exercices ludiques et mises en situation pour exp\u00e9rimenter et ancrer vos apprentissages Temps d\u2019introspection personnelle pour approfondir vos r\u00e9flexions et prendre du recul \u00c9changes en groupe pour partager vos exp\u00e9riences, \u00e9largir vos perspectives et b\u00e9n\u00e9ficier de la dynamique collective Un moment pour vous recentrer, gagner en confiance et avancer avec clart\u00e9 dans votre aventure entrepreneuriale ! &#x1f680;\" \/>\n<meta property=\"og:url\" content=\"https:\/\/empow-her.com\/produit\/atelier-booster-son-estime-pour-agir-en-entrepreneure-feministe\/\" \/>\n<meta property=\"og:site_name\" content=\"Empow&#039;Her\" \/>\n<meta property=\"article:modified_time\" content=\"2025-03-19T13:25:03+00:00\" \/>\n<meta property=\"og:image\" content=\"https:\/\/empow-her.com\/wp-content\/uploads\/2025\/03\/Women-Dare-templates-events-78.png\" \/>\n\t<meta property=\"og:image:width\" content=\"1080\" \/>\n\t<meta property=\"og:image:height\" content=\"1080\" \/>\n\t<meta property=\"og:image:type\" content=\"image\/png\" \/>\n<meta name=\"twitter:card\" content=\"summary_large_image\" \/>\n<meta name=\"twitter:label1\" content=\"Est. reading time\" \/>\n\t<meta name=\"twitter:data1\" content=\"2 minutes\" \/>\n<script type=\"application\/ld+json\" class=\"yoast-schema-graph\">{\"@context\":\"https:\/\/schema.org\",\"@graph\":[{\"@type\":\"WebPage\",\"@id\":\"https:\/\/empow-her.com\/produit\/atelier-booster-son-estime-pour-agir-en-entrepreneure-feministe\/\",\"url\":\"https:\/\/empow-her.com\/produit\/atelier-booster-son-estime-pour-agir-en-entrepreneure-feministe\/\",\"name\":\"Atelier - Booster son estime pour agir en entrepreneure f\u00e9ministe - Empow&#039;Her\",\"isPartOf\":{\"@id\":\"https:\/\/empow-her.com\/#website\"},\"primaryImageOfPage\":{\"@id\":\"https:\/\/empow-her.com\/produit\/atelier-booster-son-estime-pour-agir-en-entrepreneure-feministe\/#primaryimage\"},\"image\":{\"@id\":\"https:\/\/empow-her.com\/produit\/atelier-booster-son-estime-pour-agir-en-entrepreneure-feministe\/#primaryimage\"},\"thumbnailUrl\":\"https:\/\/empow-her.com\/wp-content\/uploads\/2025\/03\/Women-Dare-templates-events-78.png\",\"datePublished\":\"2025-03-13T14:53:00+00:00\",\"dateModified\":\"2025-03-19T13:25:03+00:00\",\"breadcrumb\":{\"@id\":\"https:\/\/empow-her.com\/produit\/atelier-booster-son-estime-pour-agir-en-entrepreneure-feministe\/#breadcrumb\"},\"inLanguage\":\"en-US\",\"potentialAction\":[{\"@type\":\"ReadAction\",\"target\":[\"https:\/\/empow-her.com\/produit\/atelier-booster-son-estime-pour-agir-en-entrepreneure-feministe\/\"]}]},{\"@type\":\"ImageObject\",\"inLanguage\":\"en-US\",\"@id\":\"https:\/\/empow-her.com\/produit\/atelier-booster-son-estime-pour-agir-en-entrepreneure-feministe\/#primaryimage\",\"url\":\"https:\/\/empow-her.com\/wp-content\/uploads\/2025\/03\/Women-Dare-templates-events-78.png\",\"contentUrl\":\"https:\/\/empow-her.com\/wp-content\/uploads\/2025\/03\/Women-Dare-templates-events-78.png\",\"width\":1080,\"height\":1080},{\"@type\":\"BreadcrumbList\",\"@id\":\"https:\/\/empow-her.com\/produit\/atelier-booster-son-estime-pour-agir-en-entrepreneure-feministe\/#breadcrumb\",\"itemListElement\":[{\"@type\":\"ListItem\",\"position\":1,\"name\":\"Accueil\",\"item\":\"https:\/\/empow-her.com\/en\/landing-page\/\"},{\"@type\":\"ListItem\",\"position\":2,\"name\":\"LA BOUTIQUE\",\"item\":\"https:\/\/empow-her.com\/boutique\/\"},{\"@type\":\"ListItem\",\"position\":3,\"name\":\"Atelier &#8211; Booster son estime pour agir en entrepreneure f\u00e9ministe\"}]},{\"@type\":\"WebSite\",\"@id\":\"https:\/\/empow-her.com\/#website\",\"url\":\"https:\/\/empow-her.com\/\",\"name\":\"Empow&#039;Her\",\"description\":\"Women Development\",\"potentialAction\":[{\"@type\":\"SearchAction\",\"target\":{\"@type\":\"EntryPoint\",\"urlTemplate\":\"https:\/\/empow-her.com\/?s={search_term_string}\"},\"query-input\":{\"@type\":\"PropertyValueSpecification\",\"valueRequired\":true,\"valueName\":\"search_term_string\"}}],\"inLanguage\":\"en-US\"}]}<\/script>\n<!-- \/ Yoast SEO plugin. -->","yoast_head_json":{"title":"Atelier - Booster son estime pour agir en entrepreneure f\u00e9ministe - Empow&#039;Her","robots":{"index":"index","follow":"follow","max-snippet":"max-snippet:-1","max-image-preview":"max-image-preview:large","max-video-preview":"max-video-preview:-1"},"canonical":"https:\/\/empow-her.com\/produit\/atelier-booster-son-estime-pour-agir-en-entrepreneure-feministe\/","og_locale":"en_US","og_type":"article","og_title":"Atelier - Booster son estime pour agir en entrepreneure f\u00e9ministe - Empow&#039;Her","og_description":"&#x1f4e2; Atelier pour booster votre estime de soi en tant qu'entrepreneure f\u00e9ministe   Vous ressentez des peurs ou des blocages sur votre capacit\u00e9 \u00e0 mener \u00e0 bien votre projet ? Vous questionnez parfois votre valeur ou votre l\u00e9gitimit\u00e9 ? Vous vous demandez d\u2019o\u00f9 viennent ces pens\u00e9es qui vous limitent dans votre passage \u00e0 l\u2019action ? Cet atelier vous aidera \u00e0 renforcer votre estime de soi pour agir en tant qu\u2019entrepreneure f\u00e9ministe.  &#x1f4a1; Ce que nous allons explorer  &#x1f50d; Clarifier les m\u00e9canismes de l'estime de soi : Comprendre comment elle interagit avec vos d\u00e9cisions et vos actions. &#x1f6e0; Prendre conscience des liens entre freins syst\u00e9miques et comportements individuels : D\u00e9construire les barri\u00e8res mentales \u00e0 l'entrepreneuriat. &#x1f4aa; D\u00e9finir votre strat\u00e9gie : Construire votre propre r\u00e9f\u00e9rentiel pour agir en tant qu'entrepreneure f\u00e9ministe. &#x1f3af; Nourrir votre estime de soi pour incarner votre projet : D\u00e9finir des actions concr\u00e8tes pour renforcer votre estime de soi, gagner en confiance et reconnecter avec votre pouvoir d\u2019agir.  &#x1f3ad; D\u00e9roul\u00e9 de l\u2019atelier  Apports inspir\u00e9s de la psychologie comportementale et du coaching pour mieux comprendre vos m\u00e9canismes internes Exercices ludiques et mises en situation pour exp\u00e9rimenter et ancrer vos apprentissages Temps d\u2019introspection personnelle pour approfondir vos r\u00e9flexions et prendre du recul \u00c9changes en groupe pour partager vos exp\u00e9riences, \u00e9largir vos perspectives et b\u00e9n\u00e9ficier de la dynamique collective Un moment pour vous recentrer, gagner en confiance et avancer avec clart\u00e9 dans votre aventure entrepreneuriale ! &#x1f680;","og_url":"https:\/\/empow-her.com\/produit\/atelier-booster-son-estime-pour-agir-en-entrepreneure-feministe\/","og_site_name":"Empow&#039;Her","article_modified_time":"2025-03-19T13:25:03+00:00","og_image":[{"width":1080,"height":1080,"url":"https:\/\/empow-her.com\/wp-content\/uploads\/2025\/03\/Women-Dare-templates-events-78.png","type":"image\/png"}],"twitter_card":"summary_large_image","twitter_misc":{"Est. reading time":"2 minutes"},"schema":{"@context":"https:\/\/schema.org","@graph":[{"@type":"WebPage","@id":"https:\/\/empow-her.com\/produit\/atelier-booster-son-estime-pour-agir-en-entrepreneure-feministe\/","url":"https:\/\/empow-her.com\/produit\/atelier-booster-son-estime-pour-agir-en-entrepreneure-feministe\/","name":"Atelier - Booster son estime pour agir en entrepreneure f\u00e9ministe - Empow&#039;Her","isPartOf":{"@id":"https:\/\/empow-her.com\/#website"},"primaryImageOfPage":{"@id":"https:\/\/empow-her.com\/produit\/atelier-booster-son-estime-pour-agir-en-entrepreneure-feministe\/#primaryimage"},"image":{"@id":"https:\/\/empow-her.com\/produit\/atelier-booster-son-estime-pour-agir-en-entrepreneure-feministe\/#primaryimage"},"thumbnailUrl":"https:\/\/empow-her.com\/wp-content\/uploads\/2025\/03\/Women-Dare-templates-events-78.png","datePublished":"2025-03-13T14:53:00+00:00","dateModified":"2025-03-19T13:25:03+00:00","breadcrumb":{"@id":"https:\/\/empow-her.com\/produit\/atelier-booster-son-estime-pour-agir-en-entrepreneure-feministe\/#breadcrumb"},"inLanguage":"en-US","potentialAction":[{"@type":"ReadAction","target":["https:\/\/empow-her.com\/produit\/atelier-booster-son-estime-pour-agir-en-entrepreneure-feministe\/"]}]},{"@type":"ImageObject","inLanguage":"en-US","@id":"https:\/\/empow-her.com\/produit\/atelier-booster-son-estime-pour-agir-en-entrepreneure-feministe\/#primaryimage","url":"https:\/\/empow-her.com\/wp-content\/uploads\/2025\/03\/Women-Dare-templates-events-78.png","contentUrl":"https:\/\/empow-her.com\/wp-content\/uploads\/2025\/03\/Women-Dare-templates-events-78.png","width":1080,"height":1080},{"@type":"BreadcrumbList","@id":"https:\/\/empow-her.com\/produit\/atelier-booster-son-estime-pour-agir-en-entrepreneure-feministe\/#breadcrumb","itemListElement":[{"@type":"ListItem","position":1,"name":"Accueil","item":"https:\/\/empow-her.com\/en\/landing-page\/"},{"@type":"ListItem","position":2,"name":"LA BOUTIQUE","item":"https:\/\/empow-her.com\/boutique\/"},{"@type":"ListItem","position":3,"name":"Atelier &#8211; Booster son estime pour agir en entrepreneure f\u00e9ministe"}]},{"@type":"WebSite","@id":"https:\/\/empow-her.com\/#website","url":"https:\/\/empow-her.com\/","name":"Empow&#039;Her","description":"Women Development","potentialAction":[{"@type":"SearchAction","target":{"@type":"EntryPoint","urlTemplate":"https:\/\/empow-her.com\/?s={search_term_string}"},"query-input":{"@type":"PropertyValueSpecification","valueRequired":true,"valueName":"search_term_string"}}],"inLanguage":"en-US"}]}},"_links":{"self":[{"href":"https:\/\/empow-her.com\/en\/wp-json\/wp\/v2\/product\/266179","targetHints":{"allow":["GET"]}}],"collection":[{"href":"https:\/\/empow-her.com\/en\/wp-json\/wp\/v2\/product"}],"about":[{"href":"https:\/\/empow-her.com\/en\/wp-json\/wp\/v2\/types\/product"}],"wp:featuredmedia":[{"embeddable":true,"href":"https:\/\/empow-her.com\/en\/wp-json\/wp\/v2\/media\/266180"}],"wp:attachment":[{"href":"https:\/\/empow-her.com\/en\/wp-json\/wp\/v2\/media?parent=266179"}],"wp:term":[{"taxonomy":"product_brand","embeddable":true,"href":"https:\/\/empow-her.com\/en\/wp-json\/wp\/v2\/product_brand?post=266179"},{"taxonomy":"product_cat","embeddable":true,"href":"https:\/\/empow-her.com\/en\/wp-json\/wp\/v2\/product_cat?post=266179"},{"taxonomy":"product_tag","embeddable":true,"href":"https:\/\/empow-her.com\/en\/wp-json\/wp\/v2\/product_tag?post=266179"},{"taxonomy":"lieu","embeddable":true,"href":"https:\/\/empow-her.com\/en\/wp-json\/wp\/v2\/lieu?post=266179"},{"taxonomy":"thematiques","embeddable":true,"href":"https:\/\/empow-her.com\/en\/wp-json\/wp\/v2\/thematiques?post=266179"}],"curies":[{"name":"wp","href":"https:\/\/api.w.org\/{rel}","templated":true}]}}