{"id":266162,"date":"2025-03-13T10:51:33","date_gmt":"2025-03-13T09:51:33","guid":{"rendered":"https:\/\/empow-her.com\/?post_type=product&#038;p=266162"},"modified":"2025-03-17T18:30:41","modified_gmt":"2025-03-17T17:30:41","slug":"coaching-les-principes-essentiels-du-marketing-digital-et-les-methodes-cles-pour-optimiser-son-referencement-en-ligne","status":"publish","type":"product","link":"https:\/\/empow-her.com\/en\/produit\/coaching-les-principes-essentiels-du-marketing-digital-et-les-methodes-cles-pour-optimiser-son-referencement-en-ligne\/","title":{"rendered":"Coaching &#8211; Marketing digital &#038; r\u00e9f\u00e9rencement"},"content":{"rendered":"<div class=\"elementor-element elementor-element-6dcaf591 elementor-widget elementor-widget-woocommerce-product-short-description\" data-id=\"6dcaf591\" data-element_type=\"widget\" data-widget_type=\"woocommerce-product-short-description.default\">\n<div class=\"elementor-widget-container\">\n<div class=\"woocommerce-product-details__short-description\">\n<p>&#x1f4e2; 1h de coaching pour optimiser ta strat\u00e9gie digitale<\/p>\n<p>Une pr\u00e9sence en ligne efficace repose sur une strat\u00e9gie digitale bien pens\u00e9e. Ce coaching est con\u00e7u pour explorer les leviers du marketing digital et apporter des r\u00e9ponses concr\u00e8tes \u00e0 tes questions.<\/p>\n<p>&#x1f4a1; Ce que nous pouvons aborder :<\/p>\n<p>&#x1f50d; \u00c9laborer une strat\u00e9gie de r\u00e9f\u00e9rencement naturel (SEO)<br \/>\nComprendre les fondamentaux du SEO et d\u00e9finir les actions cl\u00e9s pour am\u00e9liorer la visibilit\u00e9 sur les moteurs de recherche.<\/p>\n<p>&#x1f4ca; Identifier les recherches des internautes<br \/>\nAnalyser les intentions de recherche et utiliser les bons outils pour trouver les mots-cl\u00e9s pertinents.<\/p>\n<p>&#x1f4e2; Explorer les leviers du marketing digital<br \/>\nSEA, SEO, site web, emailing\u2026 possibilit\u00e9 d\u2019\u00e9changer sur un sujet pr\u00e9cis ou de prendre du recul sur l\u2019ensemble de la strat\u00e9gie digitale.<\/p>\n<p>Un coaching sur mesure pour clarifier, structurer et am\u00e9liorer ta pr\u00e9sence en ligne ! &#x1f680;<\/p>\n<p>Camille Di Vincenzo: J&#8217;ai 30 ans et je suis strasbourgeoise. J\u2019ai trois casquettes diff\u00e9rentes :<br \/>\n&#8211; la cr\u00e9ation de site sur Webflow<br \/>\n&#8211; la mise en place de strat\u00e9gie SEO<br \/>\n&#8211; je suis coach en incubateurs<br \/>\nLes outils comme Webflow, Make et Notion sont mes meilleurs acolytes ! A ce jour, j\u2019ai le r\u00f4le de Global Community Leader &#x1f1eb;&#x1f1f7; pour l\u2019outil Webflow car mon but est aussi de mettre en avant les outils no-code aupr\u00e8s du grand public.<\/p>\n<p><strong>Son petit mot :\u00a0<\/strong>BRAVO !<br \/>\nVous avez d\u00e9j\u00e0 franchi un grand pas en int\u00e9grant un programme d&#8217;accompagnement !<br \/>\nC&#8217;est parti pour 12 mois \u00e0 poursuivre l&#8217;aventure toutes ensemble dans la bienveillance, l&#8217;entraide et la bonne humeur !<\/p>\n<p><strong>Son super pouvoir :\u00a0<\/strong>Une bonne humeur en toute circonstance !<\/p>\n<p><strong>Pr\u00e9-requis<\/strong> <strong>:<\/strong> <span data-sheets-value=\"{&quot;1&quot;:2,&quot;2&quot;:&quot;nVous souhaitez vous inscrire \u00e0 cette session ? Merci d'indiquer votre besoin principal en remplissant ce questionnaire avant la session : https:\/\/airtable.com\/shrbpqpYDX8WKP0gJ nou communiquez-le par mail \u00e0 votre r\u00e9f\u00e9rente Empow'Her : nadege.serrero@empow-her.com&quot;}\" data-sheets-userformat=\"{&quot;2&quot;:4993,&quot;3&quot;:{&quot;1&quot;:0},&quot;10&quot;:1,&quot;11&quot;:4,&quot;12&quot;:0,&quot;15&quot;:&quot;Hind&quot;}\">Aucun !<\/span><\/p>\n<p><strong>Dur\u00e9e<\/strong> <strong>:<\/strong> U<span data-sheets-value=\"{&quot;1&quot;:2,&quot;2&quot;:&quot;Permanence de 4h avec un cr\u00e9neau de 1h par participante (+ 15 minutes entre chaque)&quot;}\" data-sheets-userformat=\"{&quot;2&quot;:7167,&quot;3&quot;:{&quot;1&quot;:0},&quot;4&quot;:{&quot;1&quot;:2,&quot;2&quot;:16777215},&quot;5&quot;:{&quot;1&quot;:[{&quot;1&quot;:2,&quot;2&quot;:0,&quot;5&quot;:{&quot;1&quot;:2,&quot;2&quot;:0}},{&quot;1&quot;:0,&quot;2&quot;:0,&quot;3&quot;:3},{&quot;1&quot;:1,&quot;2&quot;:0,&quot;4&quot;:1}]},&quot;6&quot;:{&quot;1&quot;:[{&quot;1&quot;:2,&quot;2&quot;:0,&quot;5&quot;:{&quot;1&quot;:2,&quot;2&quot;:0}},{&quot;1&quot;:0,&quot;2&quot;:0,&quot;3&quot;:3},{&quot;1&quot;:1,&quot;2&quot;:0,&quot;4&quot;:1}]},&quot;7&quot;:{&quot;1&quot;:[{&quot;1&quot;:2,&quot;2&quot;:0,&quot;5&quot;:{&quot;1&quot;:2,&quot;2&quot;:0}},{&quot;1&quot;:0,&quot;2&quot;:0,&quot;3&quot;:3},{&quot;1&quot;:1,&quot;2&quot;:0,&quot;4&quot;:1}]},&quot;8&quot;:{&quot;1&quot;:[{&quot;1&quot;:2,&quot;2&quot;:0,&quot;5&quot;:{&quot;1&quot;:2,&quot;2&quot;:0}},{&quot;1&quot;:0,&quot;2&quot;:0,&quot;3&quot;:3},{&quot;1&quot;:1,&quot;2&quot;:0,&quot;4&quot;:1}]},&quot;9&quot;:0,&quot;10&quot;:1,&quot;11&quot;:4,&quot;12&quot;:0,&quot;14&quot;:{&quot;1&quot;:2,&quot;2&quot;:0},&quot;15&quot;:&quot;Calibri&quot;}\">n cr\u00e9neau de <strong>1h en individuel en ligne<\/strong><\/span><\/p>\n<p><strong>Attention !<\/strong> \u00a0Veuillez vous pr\u00e9senter \u00e0 l\u2019heure pour que l\u2019activit\u00e9 puisse commencer \u00e0 temps. Si vous avez du retard veuillez pr\u00e9venir l\u2019intervenant.e. Si vous avez plus de 15 min de retard l\u2019intervenant.e se r\u00e9serve le droit de ne plus vous accepter pour le coaching ou l\u2019atelier.<\/p>\n<\/div>\n<\/div>\n<\/div>\n","protected":false},"excerpt":{"rendered":"<p><strong>&#x1f4e2; 1h de coaching pour optimiser ta strat\u00e9gie digitale<\/strong><\/p>\n<p>Une pr\u00e9sence en ligne efficace repose sur une strat\u00e9gie digitale bien pens\u00e9e. Ce coaching est con\u00e7u pour explorer les leviers du marketing digital et apporter des r\u00e9ponses concr\u00e8tes \u00e0 tes questions.<\/p>\n<p><strong>&#x1f4a1; Ce que nous pouvons aborder :<\/strong><\/p>\n<p>&#x1f50d; \u00c9laborer une strat\u00e9gie de r\u00e9f\u00e9rencement naturel (SEO)<br \/>\nComprendre les fondamentaux du SEO et d\u00e9finir les actions cl\u00e9s pour am\u00e9liorer la visibilit\u00e9 sur les moteurs de recherche.<\/p>\n<p>&#x1f4ca; Identifier les recherches des internautes<br \/>\nAnalyser les intentions de recherche et utiliser les bons outils pour trouver les mots-cl\u00e9s pertinents.<\/p>\n<p>&#x1f4e2; Explorer les leviers du marketing digital<br \/>\nSEA, SEO, site web, emailing\u2026 possibilit\u00e9 d\u2019\u00e9changer sur un sujet pr\u00e9cis ou de prendre du recul sur l\u2019ensemble de la strat\u00e9gie digitale.<\/p>\n<p><em><strong>Un coaching sur mesure pour clarifier, structurer et am\u00e9liorer ta pr\u00e9sence en ligne ! &#x1f680;<\/strong><\/em><\/p>\n<p><strong>Camille Di Vincenzo:<\/strong> J&#8217;ai 30 ans et je suis strasbourgeoise. J\u2019ai trois casquettes diff\u00e9rentes :<br \/>\n&#8211; la cr\u00e9ation de site sur Webflow<br \/>\n&#8211; la mise en place de strat\u00e9gie SEO<br \/>\n&#8211; je suis coach en incubateurs<br \/>\nLes outils comme Webflow, Make et Notion sont mes meilleurs acolytes ! A ce jour, j\u2019ai le r\u00f4le de Global Community Leader &#x1f1eb;&#x1f1f7; pour l\u2019outil Webflow car mon but est aussi de mettre en avant les outils no-code aupr\u00e8s du grand public.<\/p>\n<p><strong>Son petit mot :\u00a0<\/strong>BRAVO !<br \/>\nVous avez d\u00e9j\u00e0 franchi un grand pas en int\u00e9grant un programme d&#8217;accompagnement !<br \/>\nC&#8217;est parti pour 12 mois \u00e0 poursuivre l&#8217;aventure toutes ensemble dans la bienveillance, l&#8217;entraide et la bonne humeur !<\/p>\n<p><strong>Son super pouvoir :\u00a0<\/strong>Une bonne humeur en toute circonstance !<\/p>\n<p><strong>Pr\u00e9-requis<\/strong> <strong>:<\/strong> <span data-sheets-value=\"{&quot;1&quot;:2,&quot;2&quot;:&quot;nVous souhaitez vous inscrire \u00e0 cette session ? Merci d'indiquer votre besoin principal en remplissant ce questionnaire avant la session : https:\/\/airtable.com\/shrbpqpYDX8WKP0gJ nou communiquez-le par mail \u00e0 votre r\u00e9f\u00e9rente Empow'Her : nadege.serrero@empow-her.com&quot;}\" data-sheets-userformat=\"{&quot;2&quot;:4993,&quot;3&quot;:{&quot;1&quot;:0},&quot;10&quot;:1,&quot;11&quot;:4,&quot;12&quot;:0,&quot;15&quot;:&quot;Hind&quot;}\">Aucun !<\/span><\/p>\n<p><strong>Dur\u00e9e<\/strong> <strong>:<\/strong> U<span data-sheets-value=\"{&quot;1&quot;:2,&quot;2&quot;:&quot;Permanence de 4h avec un cr\u00e9neau de 1h par participante (+ 15 minutes entre chaque)&quot;}\" data-sheets-userformat=\"{&quot;2&quot;:7167,&quot;3&quot;:{&quot;1&quot;:0},&quot;4&quot;:{&quot;1&quot;:2,&quot;2&quot;:16777215},&quot;5&quot;:{&quot;1&quot;:[{&quot;1&quot;:2,&quot;2&quot;:0,&quot;5&quot;:{&quot;1&quot;:2,&quot;2&quot;:0}},{&quot;1&quot;:0,&quot;2&quot;:0,&quot;3&quot;:3},{&quot;1&quot;:1,&quot;2&quot;:0,&quot;4&quot;:1}]},&quot;6&quot;:{&quot;1&quot;:[{&quot;1&quot;:2,&quot;2&quot;:0,&quot;5&quot;:{&quot;1&quot;:2,&quot;2&quot;:0}},{&quot;1&quot;:0,&quot;2&quot;:0,&quot;3&quot;:3},{&quot;1&quot;:1,&quot;2&quot;:0,&quot;4&quot;:1}]},&quot;7&quot;:{&quot;1&quot;:[{&quot;1&quot;:2,&quot;2&quot;:0,&quot;5&quot;:{&quot;1&quot;:2,&quot;2&quot;:0}},{&quot;1&quot;:0,&quot;2&quot;:0,&quot;3&quot;:3},{&quot;1&quot;:1,&quot;2&quot;:0,&quot;4&quot;:1}]},&quot;8&quot;:{&quot;1&quot;:[{&quot;1&quot;:2,&quot;2&quot;:0,&quot;5&quot;:{&quot;1&quot;:2,&quot;2&quot;:0}},{&quot;1&quot;:0,&quot;2&quot;:0,&quot;3&quot;:3},{&quot;1&quot;:1,&quot;2&quot;:0,&quot;4&quot;:1}]},&quot;9&quot;:0,&quot;10&quot;:1,&quot;11&quot;:4,&quot;12&quot;:0,&quot;14&quot;:{&quot;1&quot;:2,&quot;2&quot;:0},&quot;15&quot;:&quot;Calibri&quot;}\">n cr\u00e9neau de <strong>1h en individuel en ligne<\/strong><\/span><\/p>\n<p><strong>Attention !<\/strong> \u00a0Veuillez vous pr\u00e9senter \u00e0 l\u2019heure pour que l\u2019activit\u00e9 puisse commencer \u00e0 temps. Si vous avez du retard veuillez pr\u00e9venir l\u2019intervenant.e. Si vous avez plus de 15 min de retard l\u2019intervenant.e se r\u00e9serve le droit de ne plus vous accepter pour le coaching ou l\u2019atelier.<\/p>\n","protected":false},"featured_media":266163,"template":"","format":"standard","meta":{"_acf_changed":false,"om_disable_all_campaigns":false,"_uf_show_specific_survey":0,"_uf_disable_surveys":false},"product_brand":[],"product_cat":[121],"product_tag":[143],"lieu":[125],"thematiques":[],"class_list":{"0":"post-266162","1":"product","2":"type-product","3":"status-publish","4":"format-standard","5":"has-post-thumbnail","7":"product_cat-coaching","8":"product_tag-en-ligne","9":"lieu-en-ligne","11":"first","12":"instock","13":"virtual","14":"purchasable","15":"product-type-appointment"},"exclude_global_add_ons":[],"addons":[],"acf":[],"yoast_head":"<!-- This site is optimized with the Yoast SEO plugin v24.8 - https:\/\/yoast.com\/wordpress\/plugins\/seo\/ -->\n<title>Coaching - Les principes essentiels du marketing digital et les m\u00e9thodes cl\u00e9s pour optimiser son r\u00e9f\u00e9rencement en ligne<\/title>\n<meta name=\"robots\" content=\"index, follow, max-snippet:-1, max-image-preview:large, max-video-preview:-1\" \/>\n<link rel=\"canonical\" href=\"https:\/\/empow-her.com\/produit\/coaching-les-principes-essentiels-du-marketing-digital-et-les-methodes-cles-pour-optimiser-son-referencement-en-ligne\/\" \/>\n<meta property=\"og:locale\" content=\"en_US\" \/>\n<meta property=\"og:type\" content=\"article\" \/>\n<meta property=\"og:title\" content=\"Coaching - Les principes essentiels du marketing digital et les m\u00e9thodes cl\u00e9s pour optimiser son r\u00e9f\u00e9rencement en ligne\" \/>\n<meta property=\"og:description\" content=\"&#x1f4e2; 1h de coaching pour optimiser ta strat\u00e9gie digitale  Une pr\u00e9sence en ligne efficace repose sur une strat\u00e9gie digitale bien pens\u00e9e. Ce coaching est con\u00e7u pour explorer les leviers du marketing digital et apporter des r\u00e9ponses concr\u00e8tes \u00e0 tes questions.  &#x1f4a1; Ce que nous pouvons aborder :  &#x1f50d; \u00c9laborer une strat\u00e9gie de r\u00e9f\u00e9rencement naturel (SEO) Comprendre les fondamentaux du SEO et d\u00e9finir les actions cl\u00e9s pour am\u00e9liorer la visibilit\u00e9 sur les moteurs de recherche.  &#x1f4ca; Identifier les recherches des internautes Analyser les intentions de recherche et utiliser les bons outils pour trouver les mots-cl\u00e9s pertinents.  &#x1f4e2; Explorer les leviers du marketing digital SEA, SEO, site web, emailing\u2026 possibilit\u00e9 d\u2019\u00e9changer sur un sujet pr\u00e9cis ou de prendre du recul sur l\u2019ensemble de la strat\u00e9gie digitale.  Un coaching sur mesure pour clarifier, structurer et am\u00e9liorer ta pr\u00e9sence en ligne ! &#x1f680;  Camille Di Vincenzo: J&#039;ai 30 ans et je suis strasbourgeoise. J\u2019ai trois casquettes diff\u00e9rentes : - la cr\u00e9ation de site sur Webflow - la mise en place de strat\u00e9gie SEO - je suis coach en incubateurs Les outils comme Webflow, Make et Notion sont mes meilleurs acolytes ! A ce jour, j\u2019ai le r\u00f4le de Global Community Leader &#x1f1eb;&#x1f1f7; pour l\u2019outil Webflow car mon but est aussi de mettre en avant les outils no-code aupr\u00e8s du grand public.  Son petit mot :\u00a0BRAVO ! Vous avez d\u00e9j\u00e0 franchi un grand pas en int\u00e9grant un programme d&#039;accompagnement ! C&#039;est parti pour 12 mois \u00e0 poursuivre l&#039;aventure toutes ensemble dans la bienveillance, l&#039;entraide et la bonne humeur !  Son super pouvoir :\u00a0Une bonne humeur en toute circonstance !  Pr\u00e9-requis : Aucun !  Dur\u00e9e : Un cr\u00e9neau de 1h en individuel en ligne  Attention ! \u00a0Veuillez vous pr\u00e9senter \u00e0 l\u2019heure pour que l\u2019activit\u00e9 puisse commencer \u00e0 temps. Si vous avez du retard veuillez pr\u00e9venir l\u2019intervenant.e. Si vous avez plus de 15 min de retard l\u2019intervenant.e se r\u00e9serve le droit de ne plus vous accepter pour le coaching ou l\u2019atelier.\" \/>\n<meta property=\"og:url\" content=\"https:\/\/empow-her.com\/produit\/coaching-les-principes-essentiels-du-marketing-digital-et-les-methodes-cles-pour-optimiser-son-referencement-en-ligne\/\" \/>\n<meta property=\"og:site_name\" content=\"Empow&#039;Her\" \/>\n<meta property=\"article:modified_time\" content=\"2025-03-17T17:30:41+00:00\" \/>\n<meta property=\"og:image\" content=\"https:\/\/empow-her.com\/wp-content\/uploads\/2025\/03\/Women-Dare-templates-events-75.png\" \/>\n\t<meta property=\"og:image:width\" content=\"1080\" \/>\n\t<meta property=\"og:image:height\" content=\"1080\" \/>\n\t<meta property=\"og:image:type\" content=\"image\/png\" \/>\n<meta name=\"twitter:card\" content=\"summary_large_image\" \/>\n<meta name=\"twitter:label1\" content=\"Est. reading time\" \/>\n\t<meta name=\"twitter:data1\" content=\"2 minutes\" \/>\n<script type=\"application\/ld+json\" class=\"yoast-schema-graph\">{\"@context\":\"https:\/\/schema.org\",\"@graph\":[{\"@type\":\"WebPage\",\"@id\":\"https:\/\/empow-her.com\/produit\/coaching-les-principes-essentiels-du-marketing-digital-et-les-methodes-cles-pour-optimiser-son-referencement-en-ligne\/\",\"url\":\"https:\/\/empow-her.com\/produit\/coaching-les-principes-essentiels-du-marketing-digital-et-les-methodes-cles-pour-optimiser-son-referencement-en-ligne\/\",\"name\":\"Coaching - Les principes essentiels du marketing digital et les m\u00e9thodes cl\u00e9s pour optimiser son r\u00e9f\u00e9rencement en ligne\",\"isPartOf\":{\"@id\":\"https:\/\/empow-her.com\/#website\"},\"primaryImageOfPage\":{\"@id\":\"https:\/\/empow-her.com\/produit\/coaching-les-principes-essentiels-du-marketing-digital-et-les-methodes-cles-pour-optimiser-son-referencement-en-ligne\/#primaryimage\"},\"image\":{\"@id\":\"https:\/\/empow-her.com\/produit\/coaching-les-principes-essentiels-du-marketing-digital-et-les-methodes-cles-pour-optimiser-son-referencement-en-ligne\/#primaryimage\"},\"thumbnailUrl\":\"https:\/\/empow-her.com\/wp-content\/uploads\/2025\/03\/Women-Dare-templates-events-75.png\",\"datePublished\":\"2025-03-13T09:51:33+00:00\",\"dateModified\":\"2025-03-17T17:30:41+00:00\",\"breadcrumb\":{\"@id\":\"https:\/\/empow-her.com\/produit\/coaching-les-principes-essentiels-du-marketing-digital-et-les-methodes-cles-pour-optimiser-son-referencement-en-ligne\/#breadcrumb\"},\"inLanguage\":\"en-US\",\"potentialAction\":[{\"@type\":\"ReadAction\",\"target\":[\"https:\/\/empow-her.com\/produit\/coaching-les-principes-essentiels-du-marketing-digital-et-les-methodes-cles-pour-optimiser-son-referencement-en-ligne\/\"]}]},{\"@type\":\"ImageObject\",\"inLanguage\":\"en-US\",\"@id\":\"https:\/\/empow-her.com\/produit\/coaching-les-principes-essentiels-du-marketing-digital-et-les-methodes-cles-pour-optimiser-son-referencement-en-ligne\/#primaryimage\",\"url\":\"https:\/\/empow-her.com\/wp-content\/uploads\/2025\/03\/Women-Dare-templates-events-75.png\",\"contentUrl\":\"https:\/\/empow-her.com\/wp-content\/uploads\/2025\/03\/Women-Dare-templates-events-75.png\",\"width\":1080,\"height\":1080},{\"@type\":\"BreadcrumbList\",\"@id\":\"https:\/\/empow-her.com\/produit\/coaching-les-principes-essentiels-du-marketing-digital-et-les-methodes-cles-pour-optimiser-son-referencement-en-ligne\/#breadcrumb\",\"itemListElement\":[{\"@type\":\"ListItem\",\"position\":1,\"name\":\"Accueil\",\"item\":\"https:\/\/empow-her.com\/en\/landing-page\/\"},{\"@type\":\"ListItem\",\"position\":2,\"name\":\"LA BOUTIQUE\",\"item\":\"https:\/\/empow-her.com\/boutique\/\"},{\"@type\":\"ListItem\",\"position\":3,\"name\":\"Coaching &#8211; Marketing digital &#038; r\u00e9f\u00e9rencement\"}]},{\"@type\":\"WebSite\",\"@id\":\"https:\/\/empow-her.com\/#website\",\"url\":\"https:\/\/empow-her.com\/\",\"name\":\"Empow&#039;Her\",\"description\":\"Women Development\",\"potentialAction\":[{\"@type\":\"SearchAction\",\"target\":{\"@type\":\"EntryPoint\",\"urlTemplate\":\"https:\/\/empow-her.com\/?s={search_term_string}\"},\"query-input\":{\"@type\":\"PropertyValueSpecification\",\"valueRequired\":true,\"valueName\":\"search_term_string\"}}],\"inLanguage\":\"en-US\"}]}<\/script>\n<!-- \/ Yoast SEO plugin. -->","yoast_head_json":{"title":"Coaching - Les principes essentiels du marketing digital et les m\u00e9thodes cl\u00e9s pour optimiser son r\u00e9f\u00e9rencement en ligne","robots":{"index":"index","follow":"follow","max-snippet":"max-snippet:-1","max-image-preview":"max-image-preview:large","max-video-preview":"max-video-preview:-1"},"canonical":"https:\/\/empow-her.com\/produit\/coaching-les-principes-essentiels-du-marketing-digital-et-les-methodes-cles-pour-optimiser-son-referencement-en-ligne\/","og_locale":"en_US","og_type":"article","og_title":"Coaching - Les principes essentiels du marketing digital et les m\u00e9thodes cl\u00e9s pour optimiser son r\u00e9f\u00e9rencement en ligne","og_description":"&#x1f4e2; 1h de coaching pour optimiser ta strat\u00e9gie digitale  Une pr\u00e9sence en ligne efficace repose sur une strat\u00e9gie digitale bien pens\u00e9e. Ce coaching est con\u00e7u pour explorer les leviers du marketing digital et apporter des r\u00e9ponses concr\u00e8tes \u00e0 tes questions.  &#x1f4a1; Ce que nous pouvons aborder :  &#x1f50d; \u00c9laborer une strat\u00e9gie de r\u00e9f\u00e9rencement naturel (SEO) Comprendre les fondamentaux du SEO et d\u00e9finir les actions cl\u00e9s pour am\u00e9liorer la visibilit\u00e9 sur les moteurs de recherche.  &#x1f4ca; Identifier les recherches des internautes Analyser les intentions de recherche et utiliser les bons outils pour trouver les mots-cl\u00e9s pertinents.  &#x1f4e2; Explorer les leviers du marketing digital SEA, SEO, site web, emailing\u2026 possibilit\u00e9 d\u2019\u00e9changer sur un sujet pr\u00e9cis ou de prendre du recul sur l\u2019ensemble de la strat\u00e9gie digitale.  Un coaching sur mesure pour clarifier, structurer et am\u00e9liorer ta pr\u00e9sence en ligne ! &#x1f680;  Camille Di Vincenzo: J'ai 30 ans et je suis strasbourgeoise. J\u2019ai trois casquettes diff\u00e9rentes : - la cr\u00e9ation de site sur Webflow - la mise en place de strat\u00e9gie SEO - je suis coach en incubateurs Les outils comme Webflow, Make et Notion sont mes meilleurs acolytes ! A ce jour, j\u2019ai le r\u00f4le de Global Community Leader &#x1f1eb;&#x1f1f7; pour l\u2019outil Webflow car mon but est aussi de mettre en avant les outils no-code aupr\u00e8s du grand public.  Son petit mot :\u00a0BRAVO ! Vous avez d\u00e9j\u00e0 franchi un grand pas en int\u00e9grant un programme d'accompagnement ! C'est parti pour 12 mois \u00e0 poursuivre l'aventure toutes ensemble dans la bienveillance, l'entraide et la bonne humeur !  Son super pouvoir :\u00a0Une bonne humeur en toute circonstance !  Pr\u00e9-requis : Aucun !  Dur\u00e9e : Un cr\u00e9neau de 1h en individuel en ligne  Attention ! \u00a0Veuillez vous pr\u00e9senter \u00e0 l\u2019heure pour que l\u2019activit\u00e9 puisse commencer \u00e0 temps. Si vous avez du retard veuillez pr\u00e9venir l\u2019intervenant.e. Si vous avez plus de 15 min de retard l\u2019intervenant.e se r\u00e9serve le droit de ne plus vous accepter pour le coaching ou l\u2019atelier.","og_url":"https:\/\/empow-her.com\/produit\/coaching-les-principes-essentiels-du-marketing-digital-et-les-methodes-cles-pour-optimiser-son-referencement-en-ligne\/","og_site_name":"Empow&#039;Her","article_modified_time":"2025-03-17T17:30:41+00:00","og_image":[{"width":1080,"height":1080,"url":"https:\/\/empow-her.com\/wp-content\/uploads\/2025\/03\/Women-Dare-templates-events-75.png","type":"image\/png"}],"twitter_card":"summary_large_image","twitter_misc":{"Est. reading time":"2 minutes"},"schema":{"@context":"https:\/\/schema.org","@graph":[{"@type":"WebPage","@id":"https:\/\/empow-her.com\/produit\/coaching-les-principes-essentiels-du-marketing-digital-et-les-methodes-cles-pour-optimiser-son-referencement-en-ligne\/","url":"https:\/\/empow-her.com\/produit\/coaching-les-principes-essentiels-du-marketing-digital-et-les-methodes-cles-pour-optimiser-son-referencement-en-ligne\/","name":"Coaching - Les principes essentiels du marketing digital et les m\u00e9thodes cl\u00e9s pour optimiser son r\u00e9f\u00e9rencement en ligne","isPartOf":{"@id":"https:\/\/empow-her.com\/#website"},"primaryImageOfPage":{"@id":"https:\/\/empow-her.com\/produit\/coaching-les-principes-essentiels-du-marketing-digital-et-les-methodes-cles-pour-optimiser-son-referencement-en-ligne\/#primaryimage"},"image":{"@id":"https:\/\/empow-her.com\/produit\/coaching-les-principes-essentiels-du-marketing-digital-et-les-methodes-cles-pour-optimiser-son-referencement-en-ligne\/#primaryimage"},"thumbnailUrl":"https:\/\/empow-her.com\/wp-content\/uploads\/2025\/03\/Women-Dare-templates-events-75.png","datePublished":"2025-03-13T09:51:33+00:00","dateModified":"2025-03-17T17:30:41+00:00","breadcrumb":{"@id":"https:\/\/empow-her.com\/produit\/coaching-les-principes-essentiels-du-marketing-digital-et-les-methodes-cles-pour-optimiser-son-referencement-en-ligne\/#breadcrumb"},"inLanguage":"en-US","potentialAction":[{"@type":"ReadAction","target":["https:\/\/empow-her.com\/produit\/coaching-les-principes-essentiels-du-marketing-digital-et-les-methodes-cles-pour-optimiser-son-referencement-en-ligne\/"]}]},{"@type":"ImageObject","inLanguage":"en-US","@id":"https:\/\/empow-her.com\/produit\/coaching-les-principes-essentiels-du-marketing-digital-et-les-methodes-cles-pour-optimiser-son-referencement-en-ligne\/#primaryimage","url":"https:\/\/empow-her.com\/wp-content\/uploads\/2025\/03\/Women-Dare-templates-events-75.png","contentUrl":"https:\/\/empow-her.com\/wp-content\/uploads\/2025\/03\/Women-Dare-templates-events-75.png","width":1080,"height":1080},{"@type":"BreadcrumbList","@id":"https:\/\/empow-her.com\/produit\/coaching-les-principes-essentiels-du-marketing-digital-et-les-methodes-cles-pour-optimiser-son-referencement-en-ligne\/#breadcrumb","itemListElement":[{"@type":"ListItem","position":1,"name":"Accueil","item":"https:\/\/empow-her.com\/en\/landing-page\/"},{"@type":"ListItem","position":2,"name":"LA BOUTIQUE","item":"https:\/\/empow-her.com\/boutique\/"},{"@type":"ListItem","position":3,"name":"Coaching &#8211; Marketing digital &#038; r\u00e9f\u00e9rencement"}]},{"@type":"WebSite","@id":"https:\/\/empow-her.com\/#website","url":"https:\/\/empow-her.com\/","name":"Empow&#039;Her","description":"Women Development","potentialAction":[{"@type":"SearchAction","target":{"@type":"EntryPoint","urlTemplate":"https:\/\/empow-her.com\/?s={search_term_string}"},"query-input":{"@type":"PropertyValueSpecification","valueRequired":true,"valueName":"search_term_string"}}],"inLanguage":"en-US"}]}},"_links":{"self":[{"href":"https:\/\/empow-her.com\/en\/wp-json\/wp\/v2\/product\/266162","targetHints":{"allow":["GET"]}}],"collection":[{"href":"https:\/\/empow-her.com\/en\/wp-json\/wp\/v2\/product"}],"about":[{"href":"https:\/\/empow-her.com\/en\/wp-json\/wp\/v2\/types\/product"}],"wp:featuredmedia":[{"embeddable":true,"href":"https:\/\/empow-her.com\/en\/wp-json\/wp\/v2\/media\/266163"}],"wp:attachment":[{"href":"https:\/\/empow-her.com\/en\/wp-json\/wp\/v2\/media?parent=266162"}],"wp:term":[{"taxonomy":"product_brand","embeddable":true,"href":"https:\/\/empow-her.com\/en\/wp-json\/wp\/v2\/product_brand?post=266162"},{"taxonomy":"product_cat","embeddable":true,"href":"https:\/\/empow-her.com\/en\/wp-json\/wp\/v2\/product_cat?post=266162"},{"taxonomy":"product_tag","embeddable":true,"href":"https:\/\/empow-her.com\/en\/wp-json\/wp\/v2\/product_tag?post=266162"},{"taxonomy":"lieu","embeddable":true,"href":"https:\/\/empow-her.com\/en\/wp-json\/wp\/v2\/lieu?post=266162"},{"taxonomy":"thematiques","embeddable":true,"href":"https:\/\/empow-her.com\/en\/wp-json\/wp\/v2\/thematiques?post=266162"}],"curies":[{"name":"wp","href":"https:\/\/api.w.org\/{rel}","templated":true}]}}