{"id":266019,"date":"2025-03-06T17:33:42","date_gmt":"2025-03-06T16:33:42","guid":{"rendered":"https:\/\/empow-her.com\/?post_type=product&#038;p=266019"},"modified":"2025-03-19T13:07:05","modified_gmt":"2025-03-19T12:07:05","slug":"atelier-comment-chercher-ses-premieres-financement","status":"publish","type":"product","link":"https:\/\/empow-her.com\/en\/produit\/atelier-comment-chercher-ses-premieres-financement\/","title":{"rendered":"Atelier &#8211; Comment chercher ses premi\u00e8res financement"},"content":{"rendered":"<p><strong>&#x1f4e2; Atelier &#8211; Comment chercher ses premiers financements<\/strong><\/p>\n<p>Trouver des financements pour lancer ou d\u00e9velopper son projet est un d\u00e9fi majeur pour les entrepreneur\u00b7es. Cet atelier vous apportera une compr\u00e9hension claire des diff\u00e9rentes options de financement disponibles et des strat\u00e9gies \u00e0 adopter pour s\u00e9curiser les ressources n\u00e9cessaires.<\/p>\n<p><strong>&#x1f4a1; Ce que nous pourrons explorer<\/strong><\/p>\n<p>&#x1f539; Comprendre les 3 grandes cat\u00e9gories de financements<br \/>\nSubventions, dettes, fonds propres : \u00e0 quel moment et pour quels besoins ?<\/p>\n<p>&#x1f539; Les subventions : identifier et solliciter les aides adapt\u00e9es. Quelles sont les aides disponibles ? Comment maximiser ses chances d\u2019obtenir un financement public ou priv\u00e9 ?<\/p>\n<p>&#x1f539; Les dettes : pr\u00eats bancaires, pr\u00eats d\u2019honneur et financements alternatifs, comprendre les diff\u00e9rents m\u00e9canismes et identifi\u00e9 celui qui est adapt\u00e9 \u00e0 son projet.<\/p>\n<p>&#x1f539; Les fonds propres : attirer des investisseurs et mobiliser son r\u00e9seau. Love money, business angels, lev\u00e9es de fonds : quelles sont les attentes des investisseurs et comment structurer son approche ?<\/p>\n<p><strong>&#x1f4da; Ressources fournies<\/strong><\/p>\n<p>Liste des aides et d\u00e9marches en \u00cele-de-France<br \/>\nListe d\u2019appels \u00e0 projets de financement<br \/>\nR\u00e9pertoire des investisseurs \u00e0 impact<br \/>\nRessources juridiques (statuts, documentation corporate)<\/p>\n<p>&#x1f4cc; Pr\u00e9-requis<\/p>\n<p>Avoir une id\u00e9e des co\u00fbts cl\u00e9s li\u00e9s \u00e0 son projet (m\u00eame approximative)<br \/>\nAvoir \u00e9bauch\u00e9 une premi\u00e8re offre pour structurer sa recherche de financements<\/p>\n<p><strong>Aya Inane :<\/strong> Passionn\u00e9e par la finance \u00e0 impact, j&#8217;ai eu des exp\u00e9riences en entreprise et en fonds \u00e0 impact. J&#8217;ai rejoins Finetic pour avoir davantage de proximit\u00e9 avec des porteurs de projets \u00e0 fort potentiel d&#8217;impact en les accompagnant dans la structuration de leurs business plans =)<\/p>\n<p><strong>Son super pouvoir:<\/strong> trasformer vos id\u00e9es g\u00e9niales en super business plans.<\/p>\n<p><strong>Son petit mot:<\/strong> L&#8217;entrepreneuriat est un processus d&#8217;apprentissage continu. Si vous doutez, c&#8217;est que vous \u00eates sur la bonne voie !&#8221;<\/p>\n<p>&nbsp;<\/p>\n<p><strong>Attention<\/strong>\u00a0! Veuillez vous pr\u00e9senter \u00e0 l\u2019heure pour que l\u2019activit\u00e9 puisse commencer \u00e0 temps. Si vous avez du retard veuillez pr\u00e9venir l\u2019intervenant.e. Si vous avez plus de 15 min de retard l\u2019intervenant.e se r\u00e9serve le droit de ne pas vous accepter pour le coaching ou l\u2019atelier.<\/p>\n","protected":false},"excerpt":{"rendered":"<p><strong>&#x1f4e2; Atelier &#8211; Comment chercher ses premiers financements<\/strong><\/p>\n<p>Trouver des financements pour lancer ou d\u00e9velopper son projet est un d\u00e9fi majeur pour les entrepreneur\u00b7es. Cet atelier vous apportera une compr\u00e9hension claire des diff\u00e9rentes options de financement disponibles et des strat\u00e9gies \u00e0 adopter pour s\u00e9curiser les ressources n\u00e9cessaires.<\/p>\n<p><strong>&#x1f4a1; Ce que nous pourrons explorer<\/strong><\/p>\n<p>&#x1f539; Comprendre les 3 grandes cat\u00e9gories de financements<br \/>\nSubventions, dettes, fonds propres : \u00e0 quel moment et pour quels besoins ?<\/p>\n<p>&#x1f539; Les subventions : identifier et solliciter les aides adapt\u00e9es. Quelles sont les aides disponibles ? Comment maximiser ses chances d\u2019obtenir un financement public ou priv\u00e9 ?<\/p>\n<p>&#x1f539; Les dettes : pr\u00eats bancaires, pr\u00eats d\u2019honneur et financements alternatifs, comprendre les diff\u00e9rents m\u00e9canismes et identifi\u00e9 celui qui est adapt\u00e9 \u00e0 son projet.<\/p>\n<p>&#x1f539; Les fonds propres : attirer des investisseurs et mobiliser son r\u00e9seau. Love money, business angels, lev\u00e9es de fonds : quelles sont les attentes des investisseurs et comment structurer son approche ?<\/p>\n<p><strong>&#x1f4da; Ressources fournies<\/strong><\/p>\n<p>Liste des aides et d\u00e9marches en \u00cele-de-France<br \/>\nListe d\u2019appels \u00e0 projets de financement<br \/>\nR\u00e9pertoire des investisseurs \u00e0 impact<br \/>\nRessources juridiques (statuts, documentation corporate)<\/p>\n<p>&#x1f4cc; Pr\u00e9-requis<\/p>\n<p>Avoir une id\u00e9e des co\u00fbts cl\u00e9s li\u00e9s \u00e0 son projet (m\u00eame approximative)<br \/>\nAvoir \u00e9bauch\u00e9 une premi\u00e8re offre pour structurer sa recherche de financements<\/p>\n<p><strong>Aya Inane :<\/strong> Passionn\u00e9e par la finance \u00e0 impact, j&#8217;ai eu des exp\u00e9riences en entreprise et en fonds \u00e0 impact. J&#8217;ai rejoins Finetic pour avoir davantage de proximit\u00e9 avec des porteurs de projets \u00e0 fort potentiel d&#8217;impact en les accompagnant dans la structuration de leurs business plans =)<\/p>\n<p><strong>Son super pouvoir:<\/strong> trasformer vos id\u00e9es g\u00e9niales en super business plans.<\/p>\n<p><strong>Son petit mot:<\/strong> L&#8217;entrepreneuriat est un processus d&#8217;apprentissage continu. Si vous doutez, c&#8217;est que vous \u00eates sur la bonne voie !&#8221;<\/p>\n<p>&nbsp;<\/p>\n<p><strong>Attention<\/strong>\u00a0! Veuillez vous pr\u00e9senter \u00e0 l\u2019heure pour que l\u2019activit\u00e9 puisse commencer \u00e0 temps. Si vous avez du retard veuillez pr\u00e9venir l\u2019intervenant.e. Si vous avez plus de 15 min de retard l\u2019intervenant.e se r\u00e9serve le droit de ne pas vous accepter pour le coaching ou l\u2019atelier.<\/p>\n","protected":false},"featured_media":266401,"template":"","format":"standard","meta":{"_acf_changed":false,"om_disable_all_campaigns":false,"_uf_show_specific_survey":0,"_uf_disable_surveys":false},"product_brand":[],"product_cat":[118],"product_tag":[132],"lieu":[127],"thematiques":[],"class_list":{"0":"post-266019","1":"product","2":"type-product","3":"status-publish","4":"format-standard","5":"has-post-thumbnail","7":"product_cat-atelier-collectif","8":"product_tag-sisther","9":"lieu-hub-empowher","11":"first","12":"instock","13":"virtual","14":"purchasable","15":"product-type-appointment"},"exclude_global_add_ons":[],"addons":[],"acf":[],"yoast_head":"<!-- This site is optimized with the Yoast SEO plugin v24.8 - https:\/\/yoast.com\/wordpress\/plugins\/seo\/ -->\n<title>Atelier - Comment chercher ses premi\u00e8res financement - Empow&#039;Her<\/title>\n<meta name=\"robots\" content=\"index, follow, max-snippet:-1, max-image-preview:large, max-video-preview:-1\" \/>\n<link rel=\"canonical\" href=\"https:\/\/empow-her.com\/produit\/atelier-comment-chercher-ses-premieres-financement\/\" \/>\n<meta property=\"og:locale\" content=\"en_US\" \/>\n<meta property=\"og:type\" content=\"article\" \/>\n<meta property=\"og:title\" content=\"Atelier - Comment chercher ses premi\u00e8res financement - Empow&#039;Her\" \/>\n<meta property=\"og:description\" content=\"&#x1f4e2; Atelier - Comment chercher ses premiers financements  Trouver des financements pour lancer ou d\u00e9velopper son projet est un d\u00e9fi majeur pour les entrepreneur\u00b7es. Cet atelier vous apportera une compr\u00e9hension claire des diff\u00e9rentes options de financement disponibles et des strat\u00e9gies \u00e0 adopter pour s\u00e9curiser les ressources n\u00e9cessaires.  &#x1f4a1; Ce que nous pourrons explorer  &#x1f539; Comprendre les 3 grandes cat\u00e9gories de financements Subventions, dettes, fonds propres : \u00e0 quel moment et pour quels besoins ?  &#x1f539; Les subventions : identifier et solliciter les aides adapt\u00e9es. Quelles sont les aides disponibles ? Comment maximiser ses chances d\u2019obtenir un financement public ou priv\u00e9 ?  &#x1f539; Les dettes : pr\u00eats bancaires, pr\u00eats d\u2019honneur et financements alternatifs, comprendre les diff\u00e9rents m\u00e9canismes et identifi\u00e9 celui qui est adapt\u00e9 \u00e0 son projet.  &#x1f539; Les fonds propres : attirer des investisseurs et mobiliser son r\u00e9seau. Love money, business angels, lev\u00e9es de fonds : quelles sont les attentes des investisseurs et comment structurer son approche ?  &#x1f4da; Ressources fournies  Liste des aides et d\u00e9marches en \u00cele-de-France Liste d\u2019appels \u00e0 projets de financement R\u00e9pertoire des investisseurs \u00e0 impact Ressources juridiques (statuts, documentation corporate)  &#x1f4cc; Pr\u00e9-requis  Avoir une id\u00e9e des co\u00fbts cl\u00e9s li\u00e9s \u00e0 son projet (m\u00eame approximative) Avoir \u00e9bauch\u00e9 une premi\u00e8re offre pour structurer sa recherche de financements  Aya Inane : Passionn\u00e9e par la finance \u00e0 impact, j&#039;ai eu des exp\u00e9riences en entreprise et en fonds \u00e0 impact. J&#039;ai rejoins Finetic pour avoir davantage de proximit\u00e9 avec des porteurs de projets \u00e0 fort potentiel d&#039;impact en les accompagnant dans la structuration de leurs business plans =)  Son super pouvoir: trasformer vos id\u00e9es g\u00e9niales en super business plans.  Son petit mot: L&#039;entrepreneuriat est un processus d&#039;apprentissage continu. Si vous doutez, c&#039;est que vous \u00eates sur la bonne voie !&quot;  &nbsp;  Attention\u00a0! Veuillez vous pr\u00e9senter \u00e0 l\u2019heure pour que l\u2019activit\u00e9 puisse commencer \u00e0 temps. Si vous avez du retard veuillez pr\u00e9venir l\u2019intervenant.e. Si vous avez plus de 15 min de retard l\u2019intervenant.e se r\u00e9serve le droit de ne pas vous accepter pour le coaching ou l\u2019atelier.\" \/>\n<meta property=\"og:url\" content=\"https:\/\/empow-her.com\/produit\/atelier-comment-chercher-ses-premieres-financement\/\" \/>\n<meta property=\"og:site_name\" content=\"Empow&#039;Her\" \/>\n<meta property=\"article:modified_time\" content=\"2025-03-19T12:07:05+00:00\" \/>\n<meta property=\"og:image\" content=\"https:\/\/empow-her.com\/wp-content\/uploads\/2025\/03\/ATELIER-2.png\" \/>\n\t<meta property=\"og:image:width\" content=\"1080\" \/>\n\t<meta property=\"og:image:height\" content=\"1080\" \/>\n\t<meta property=\"og:image:type\" content=\"image\/png\" \/>\n<meta name=\"twitter:card\" content=\"summary_large_image\" \/>\n<meta name=\"twitter:label1\" content=\"Est. reading time\" \/>\n\t<meta name=\"twitter:data1\" content=\"2 minutes\" \/>\n<script type=\"application\/ld+json\" class=\"yoast-schema-graph\">{\"@context\":\"https:\/\/schema.org\",\"@graph\":[{\"@type\":\"WebPage\",\"@id\":\"https:\/\/empow-her.com\/produit\/atelier-comment-chercher-ses-premieres-financement\/\",\"url\":\"https:\/\/empow-her.com\/produit\/atelier-comment-chercher-ses-premieres-financement\/\",\"name\":\"Atelier - Comment chercher ses premi\u00e8res financement - Empow&#039;Her\",\"isPartOf\":{\"@id\":\"https:\/\/empow-her.com\/#website\"},\"primaryImageOfPage\":{\"@id\":\"https:\/\/empow-her.com\/produit\/atelier-comment-chercher-ses-premieres-financement\/#primaryimage\"},\"image\":{\"@id\":\"https:\/\/empow-her.com\/produit\/atelier-comment-chercher-ses-premieres-financement\/#primaryimage\"},\"thumbnailUrl\":\"https:\/\/empow-her.com\/wp-content\/uploads\/2025\/03\/ATELIER-2.png\",\"datePublished\":\"2025-03-06T16:33:42+00:00\",\"dateModified\":\"2025-03-19T12:07:05+00:00\",\"breadcrumb\":{\"@id\":\"https:\/\/empow-her.com\/produit\/atelier-comment-chercher-ses-premieres-financement\/#breadcrumb\"},\"inLanguage\":\"en-US\",\"potentialAction\":[{\"@type\":\"ReadAction\",\"target\":[\"https:\/\/empow-her.com\/produit\/atelier-comment-chercher-ses-premieres-financement\/\"]}]},{\"@type\":\"ImageObject\",\"inLanguage\":\"en-US\",\"@id\":\"https:\/\/empow-her.com\/produit\/atelier-comment-chercher-ses-premieres-financement\/#primaryimage\",\"url\":\"https:\/\/empow-her.com\/wp-content\/uploads\/2025\/03\/ATELIER-2.png\",\"contentUrl\":\"https:\/\/empow-her.com\/wp-content\/uploads\/2025\/03\/ATELIER-2.png\",\"width\":1080,\"height\":1080},{\"@type\":\"BreadcrumbList\",\"@id\":\"https:\/\/empow-her.com\/produit\/atelier-comment-chercher-ses-premieres-financement\/#breadcrumb\",\"itemListElement\":[{\"@type\":\"ListItem\",\"position\":1,\"name\":\"Accueil\",\"item\":\"https:\/\/empow-her.com\/en\/landing-page\/\"},{\"@type\":\"ListItem\",\"position\":2,\"name\":\"LA BOUTIQUE\",\"item\":\"https:\/\/empow-her.com\/boutique\/\"},{\"@type\":\"ListItem\",\"position\":3,\"name\":\"Atelier &#8211; Comment chercher ses premi\u00e8res financement\"}]},{\"@type\":\"WebSite\",\"@id\":\"https:\/\/empow-her.com\/#website\",\"url\":\"https:\/\/empow-her.com\/\",\"name\":\"Empow&#039;Her\",\"description\":\"Women Development\",\"potentialAction\":[{\"@type\":\"SearchAction\",\"target\":{\"@type\":\"EntryPoint\",\"urlTemplate\":\"https:\/\/empow-her.com\/?s={search_term_string}\"},\"query-input\":{\"@type\":\"PropertyValueSpecification\",\"valueRequired\":true,\"valueName\":\"search_term_string\"}}],\"inLanguage\":\"en-US\"}]}<\/script>\n<!-- \/ Yoast SEO plugin. -->","yoast_head_json":{"title":"Atelier - Comment chercher ses premi\u00e8res financement - Empow&#039;Her","robots":{"index":"index","follow":"follow","max-snippet":"max-snippet:-1","max-image-preview":"max-image-preview:large","max-video-preview":"max-video-preview:-1"},"canonical":"https:\/\/empow-her.com\/produit\/atelier-comment-chercher-ses-premieres-financement\/","og_locale":"en_US","og_type":"article","og_title":"Atelier - Comment chercher ses premi\u00e8res financement - Empow&#039;Her","og_description":"&#x1f4e2; Atelier - Comment chercher ses premiers financements  Trouver des financements pour lancer ou d\u00e9velopper son projet est un d\u00e9fi majeur pour les entrepreneur\u00b7es. Cet atelier vous apportera une compr\u00e9hension claire des diff\u00e9rentes options de financement disponibles et des strat\u00e9gies \u00e0 adopter pour s\u00e9curiser les ressources n\u00e9cessaires.  &#x1f4a1; Ce que nous pourrons explorer  &#x1f539; Comprendre les 3 grandes cat\u00e9gories de financements Subventions, dettes, fonds propres : \u00e0 quel moment et pour quels besoins ?  &#x1f539; Les subventions : identifier et solliciter les aides adapt\u00e9es. Quelles sont les aides disponibles ? Comment maximiser ses chances d\u2019obtenir un financement public ou priv\u00e9 ?  &#x1f539; Les dettes : pr\u00eats bancaires, pr\u00eats d\u2019honneur et financements alternatifs, comprendre les diff\u00e9rents m\u00e9canismes et identifi\u00e9 celui qui est adapt\u00e9 \u00e0 son projet.  &#x1f539; Les fonds propres : attirer des investisseurs et mobiliser son r\u00e9seau. Love money, business angels, lev\u00e9es de fonds : quelles sont les attentes des investisseurs et comment structurer son approche ?  &#x1f4da; Ressources fournies  Liste des aides et d\u00e9marches en \u00cele-de-France Liste d\u2019appels \u00e0 projets de financement R\u00e9pertoire des investisseurs \u00e0 impact Ressources juridiques (statuts, documentation corporate)  &#x1f4cc; Pr\u00e9-requis  Avoir une id\u00e9e des co\u00fbts cl\u00e9s li\u00e9s \u00e0 son projet (m\u00eame approximative) Avoir \u00e9bauch\u00e9 une premi\u00e8re offre pour structurer sa recherche de financements  Aya Inane : Passionn\u00e9e par la finance \u00e0 impact, j'ai eu des exp\u00e9riences en entreprise et en fonds \u00e0 impact. J'ai rejoins Finetic pour avoir davantage de proximit\u00e9 avec des porteurs de projets \u00e0 fort potentiel d'impact en les accompagnant dans la structuration de leurs business plans =)  Son super pouvoir: trasformer vos id\u00e9es g\u00e9niales en super business plans.  Son petit mot: L'entrepreneuriat est un processus d'apprentissage continu. Si vous doutez, c'est que vous \u00eates sur la bonne voie !\"  &nbsp;  Attention\u00a0! Veuillez vous pr\u00e9senter \u00e0 l\u2019heure pour que l\u2019activit\u00e9 puisse commencer \u00e0 temps. Si vous avez du retard veuillez pr\u00e9venir l\u2019intervenant.e. Si vous avez plus de 15 min de retard l\u2019intervenant.e se r\u00e9serve le droit de ne pas vous accepter pour le coaching ou l\u2019atelier.","og_url":"https:\/\/empow-her.com\/produit\/atelier-comment-chercher-ses-premieres-financement\/","og_site_name":"Empow&#039;Her","article_modified_time":"2025-03-19T12:07:05+00:00","og_image":[{"width":1080,"height":1080,"url":"https:\/\/empow-her.com\/wp-content\/uploads\/2025\/03\/ATELIER-2.png","type":"image\/png"}],"twitter_card":"summary_large_image","twitter_misc":{"Est. reading time":"2 minutes"},"schema":{"@context":"https:\/\/schema.org","@graph":[{"@type":"WebPage","@id":"https:\/\/empow-her.com\/produit\/atelier-comment-chercher-ses-premieres-financement\/","url":"https:\/\/empow-her.com\/produit\/atelier-comment-chercher-ses-premieres-financement\/","name":"Atelier - Comment chercher ses premi\u00e8res financement - Empow&#039;Her","isPartOf":{"@id":"https:\/\/empow-her.com\/#website"},"primaryImageOfPage":{"@id":"https:\/\/empow-her.com\/produit\/atelier-comment-chercher-ses-premieres-financement\/#primaryimage"},"image":{"@id":"https:\/\/empow-her.com\/produit\/atelier-comment-chercher-ses-premieres-financement\/#primaryimage"},"thumbnailUrl":"https:\/\/empow-her.com\/wp-content\/uploads\/2025\/03\/ATELIER-2.png","datePublished":"2025-03-06T16:33:42+00:00","dateModified":"2025-03-19T12:07:05+00:00","breadcrumb":{"@id":"https:\/\/empow-her.com\/produit\/atelier-comment-chercher-ses-premieres-financement\/#breadcrumb"},"inLanguage":"en-US","potentialAction":[{"@type":"ReadAction","target":["https:\/\/empow-her.com\/produit\/atelier-comment-chercher-ses-premieres-financement\/"]}]},{"@type":"ImageObject","inLanguage":"en-US","@id":"https:\/\/empow-her.com\/produit\/atelier-comment-chercher-ses-premieres-financement\/#primaryimage","url":"https:\/\/empow-her.com\/wp-content\/uploads\/2025\/03\/ATELIER-2.png","contentUrl":"https:\/\/empow-her.com\/wp-content\/uploads\/2025\/03\/ATELIER-2.png","width":1080,"height":1080},{"@type":"BreadcrumbList","@id":"https:\/\/empow-her.com\/produit\/atelier-comment-chercher-ses-premieres-financement\/#breadcrumb","itemListElement":[{"@type":"ListItem","position":1,"name":"Accueil","item":"https:\/\/empow-her.com\/en\/landing-page\/"},{"@type":"ListItem","position":2,"name":"LA BOUTIQUE","item":"https:\/\/empow-her.com\/boutique\/"},{"@type":"ListItem","position":3,"name":"Atelier &#8211; Comment chercher ses premi\u00e8res financement"}]},{"@type":"WebSite","@id":"https:\/\/empow-her.com\/#website","url":"https:\/\/empow-her.com\/","name":"Empow&#039;Her","description":"Women Development","potentialAction":[{"@type":"SearchAction","target":{"@type":"EntryPoint","urlTemplate":"https:\/\/empow-her.com\/?s={search_term_string}"},"query-input":{"@type":"PropertyValueSpecification","valueRequired":true,"valueName":"search_term_string"}}],"inLanguage":"en-US"}]}},"_links":{"self":[{"href":"https:\/\/empow-her.com\/en\/wp-json\/wp\/v2\/product\/266019","targetHints":{"allow":["GET"]}}],"collection":[{"href":"https:\/\/empow-her.com\/en\/wp-json\/wp\/v2\/product"}],"about":[{"href":"https:\/\/empow-her.com\/en\/wp-json\/wp\/v2\/types\/product"}],"wp:featuredmedia":[{"embeddable":true,"href":"https:\/\/empow-her.com\/en\/wp-json\/wp\/v2\/media\/266401"}],"wp:attachment":[{"href":"https:\/\/empow-her.com\/en\/wp-json\/wp\/v2\/media?parent=266019"}],"wp:term":[{"taxonomy":"product_brand","embeddable":true,"href":"https:\/\/empow-her.com\/en\/wp-json\/wp\/v2\/product_brand?post=266019"},{"taxonomy":"product_cat","embeddable":true,"href":"https:\/\/empow-her.com\/en\/wp-json\/wp\/v2\/product_cat?post=266019"},{"taxonomy":"product_tag","embeddable":true,"href":"https:\/\/empow-her.com\/en\/wp-json\/wp\/v2\/product_tag?post=266019"},{"taxonomy":"lieu","embeddable":true,"href":"https:\/\/empow-her.com\/en\/wp-json\/wp\/v2\/lieu?post=266019"},{"taxonomy":"thematiques","embeddable":true,"href":"https:\/\/empow-her.com\/en\/wp-json\/wp\/v2\/thematiques?post=266019"}],"curies":[{"name":"wp","href":"https:\/\/api.w.org\/{rel}","templated":true}]}}