{"id":265773,"date":"2025-02-24T16:38:17","date_gmt":"2025-02-24T15:38:17","guid":{"rendered":"https:\/\/empow-her.com\/?post_type=product&#038;p=265773"},"modified":"2025-02-25T09:44:36","modified_gmt":"2025-02-25T08:44:36","slug":"atelier-speed-meeting-avec-kpmg-4","status":"publish","type":"product","link":"https:\/\/empow-her.com\/en\/produit\/atelier-speed-meeting-avec-kpmg-4\/","title":{"rendered":"Atelier &#8211; Speed meeting avec KPMG"},"content":{"rendered":"<p data-start=\"0\" data-end=\"77\"><strong data-start=\"0\" data-end=\"75\">&#x1f4e2; Venez rencontrer les collaborateur.ices du cabinet de conseil KPMG !<\/strong><\/p>\n<p data-start=\"79\" data-end=\"361\">Dans le cadre de notre partenariat, <strong data-start=\"115\" data-end=\"149\">KPMG vous invite chez Sist&#8217;Her<\/strong> pour un moment d\u2019\u00e9change et de conseils autour de vos projets. Profitez de l\u2019expertise de leurs collaborateur.ices pour <strong data-start=\"270\" data-end=\"335\">obtenir des recommandations concr\u00e8tes et des pistes d\u2019actions<\/strong> adapt\u00e9es \u00e0 vos besoins.<\/p>\n<p data-start=\"363\" data-end=\"625\">&#x1f31f; <strong data-start=\"366\" data-end=\"391\">Pourquoi participer ?<\/strong><br data-start=\"391\" data-end=\"394\" \/>&#x2705; Un moment privil\u00e9gi\u00e9 pour poser vos questions et b\u00e9n\u00e9ficier d\u2019un regard ext\u00e9rieur sur votre projet<br data-start=\"494\" data-end=\"497\" \/>&#x26a1; Un format interactif en speed-meeting pour maximiser les \u00e9changes<br data-start=\"564\" data-end=\"567\" \/>&#x1f91d; Une opportunit\u00e9 de r\u00e9seautage dans un cadre convivial<\/p>\n<p data-start=\"627\" data-end=\"657\">&#x1f4c5; <strong data-start=\"630\" data-end=\"655\">D\u00e9roul\u00e9 de la session<\/strong><\/p>\n<ul data-start=\"658\" data-end=\"833\">\n<li data-start=\"658\" data-end=\"704\"><strong data-start=\"660\" data-end=\"673\">14H-14H30<\/strong> : Accueil des participant.es<\/li>\n<li data-start=\"705\" data-end=\"753\"><strong data-start=\"707\" data-end=\"720\">14H30-15H<\/strong> : Introduction et pr\u00e9sentation<\/li>\n<li data-start=\"754\" data-end=\"802\"><strong data-start=\"756\" data-end=\"769\">15H-16H45<\/strong> : \u00c9changes en petits groupes &#x26a1;<\/li>\n<li data-start=\"803\" data-end=\"833\"><strong data-start=\"805\" data-end=\"818\">16H45-17H<\/strong> : Conclusion<\/li>\n<\/ul>\n<p data-start=\"835\" data-end=\"906\" data-is-last-node=\"\" data-is-only-node=\"\">&#x1f4cc; <strong data-start=\"838\" data-end=\"852\">Pr\u00e9-requis<\/strong> : aucun<\/p>\n<p data-start=\"835\" data-end=\"906\" data-is-last-node=\"\" data-is-only-node=\"\">&#x26a0;&#xfe0f; <strong data-start=\"866\" data-end=\"906\" data-is-last-node=\"\">Places limit\u00e9es \u00e0 6 participant.es !<\/strong><\/p>\n","protected":false},"excerpt":{"rendered":"<p data-start=\"0\" data-end=\"77\"><strong data-start=\"0\" data-end=\"75\">&#x1f4e2; Venez rencontrer les collaborateur.ices du cabinet de conseil KPMG !<\/strong><\/p>\n<p data-start=\"79\" data-end=\"361\">Dans le cadre de notre partenariat, <strong data-start=\"115\" data-end=\"149\">KPMG vous invite chez Sist&#8217;Her<\/strong> pour un moment d\u2019\u00e9change et de conseils autour de vos projets. Profitez de l\u2019expertise de leurs collaborateur.ices pour <strong data-start=\"270\" data-end=\"335\">obtenir des recommandations concr\u00e8tes et des pistes d\u2019actions<\/strong> adapt\u00e9es \u00e0 vos besoins.<\/p>\n<p data-start=\"363\" data-end=\"625\">&#x1f31f; <strong data-start=\"366\" data-end=\"391\">Pourquoi participer ?<\/strong><br data-start=\"391\" data-end=\"394\" \/>&#x2705; Un moment privil\u00e9gi\u00e9 pour poser vos questions et b\u00e9n\u00e9ficier d\u2019un regard ext\u00e9rieur sur votre projet<br data-start=\"494\" data-end=\"497\" \/>&#x26a1; Un format interactif en speed-meeting pour maximiser les \u00e9changes<br data-start=\"564\" data-end=\"567\" \/>&#x1f91d; Une opportunit\u00e9 de r\u00e9seautage dans un cadre convivial<\/p>\n<p data-start=\"627\" data-end=\"657\">&#x1f4c5; <strong data-start=\"630\" data-end=\"655\">D\u00e9roul\u00e9 de la session<\/strong><\/p>\n<ul data-start=\"658\" data-end=\"833\">\n<li data-start=\"658\" data-end=\"704\"><strong data-start=\"660\" data-end=\"673\">14H-14H30<\/strong> : Accueil des participant.es<\/li>\n<li data-start=\"705\" data-end=\"753\"><strong data-start=\"707\" data-end=\"720\">14H30-15H<\/strong> : Introduction et pr\u00e9sentation<\/li>\n<li data-start=\"754\" data-end=\"802\"><strong data-start=\"756\" data-end=\"769\">15H-16H45<\/strong> : \u00c9changes en petits groupes &#x26a1;<\/li>\n<li data-start=\"803\" data-end=\"833\"><strong data-start=\"805\" data-end=\"818\">16H45-17H<\/strong> : Conclusion<\/li>\n<\/ul>\n<p data-start=\"835\" data-end=\"906\" data-is-last-node=\"\" data-is-only-node=\"\">&#x1f4cc; <strong data-start=\"838\" data-end=\"852\">Pr\u00e9-requis<\/strong> : aucun<\/p>\n<p data-start=\"835\" data-end=\"906\" data-is-last-node=\"\" data-is-only-node=\"\">&#x26a0;&#xfe0f; <strong data-start=\"866\" data-end=\"906\" data-is-last-node=\"\">Places limit\u00e9es \u00e0 6 participant.es !<\/strong><\/p>\n","protected":false},"featured_media":265774,"template":"","format":"standard","meta":{"_acf_changed":false,"om_disable_all_campaigns":false,"_uf_show_specific_survey":0,"_uf_disable_surveys":false},"product_brand":[],"product_cat":[118],"product_tag":[],"lieu":[127],"thematiques":[],"class_list":{"0":"post-265773","1":"product","2":"type-product","3":"status-publish","4":"format-standard","5":"has-post-thumbnail","7":"product_cat-atelier-collectif","8":"lieu-hub-empowher","10":"first","11":"instock","12":"virtual","13":"purchasable","14":"product-type-appointment"},"exclude_global_add_ons":[],"addons":[],"acf":[],"yoast_head":"<!-- This site is optimized with the Yoast SEO plugin v24.8 - https:\/\/yoast.com\/wordpress\/plugins\/seo\/ -->\n<title>Atelier - Speed meeting avec KPMG - Empow&#039;Her<\/title>\n<meta name=\"robots\" content=\"index, follow, max-snippet:-1, max-image-preview:large, max-video-preview:-1\" \/>\n<link rel=\"canonical\" href=\"https:\/\/empow-her.com\/produit\/atelier-speed-meeting-avec-kpmg-4\/\" \/>\n<meta property=\"og:locale\" content=\"en_US\" \/>\n<meta property=\"og:type\" content=\"article\" \/>\n<meta property=\"og:title\" content=\"Atelier - Speed meeting avec KPMG - Empow&#039;Her\" \/>\n<meta property=\"og:description\" content=\"&#x1f4e2; Venez rencontrer les collaborateur.ices du cabinet de conseil KPMG ! Dans le cadre de notre partenariat, KPMG vous invite chez Sist&#039;Her pour un moment d\u2019\u00e9change et de conseils autour de vos projets. Profitez de l\u2019expertise de leurs collaborateur.ices pour obtenir des recommandations concr\u00e8tes et des pistes d\u2019actions adapt\u00e9es \u00e0 vos besoins. &#x1f31f; Pourquoi participer ?&#x2705; Un moment privil\u00e9gi\u00e9 pour poser vos questions et b\u00e9n\u00e9ficier d\u2019un regard ext\u00e9rieur sur votre projet&#x26a1; Un format interactif en speed-meeting pour maximiser les \u00e9changes&#x1f91d; Une opportunit\u00e9 de r\u00e9seautage dans un cadre convivial &#x1f4c5; D\u00e9roul\u00e9 de la session    14H-14H30 : Accueil des participant.es  14H30-15H : Introduction et pr\u00e9sentation  15H-16H45 : \u00c9changes en petits groupes &#x26a1;  16H45-17H : Conclusion  &#x1f4cc; Pr\u00e9-requis : aucun &#x26a0;&#xfe0f; Places limit\u00e9es \u00e0 6 participant.es !\" \/>\n<meta property=\"og:url\" content=\"https:\/\/empow-her.com\/produit\/atelier-speed-meeting-avec-kpmg-4\/\" \/>\n<meta property=\"og:site_name\" content=\"Empow&#039;Her\" \/>\n<meta property=\"article:modified_time\" content=\"2025-02-25T08:44:36+00:00\" \/>\n<meta property=\"og:image\" content=\"https:\/\/empow-her.com\/wp-content\/uploads\/2025\/02\/Women-Dare-templates-events-57.png\" \/>\n\t<meta property=\"og:image:width\" content=\"1080\" \/>\n\t<meta property=\"og:image:height\" content=\"1080\" \/>\n\t<meta property=\"og:image:type\" content=\"image\/png\" \/>\n<meta name=\"twitter:card\" content=\"summary_large_image\" \/>\n<meta name=\"twitter:label1\" content=\"Est. reading time\" \/>\n\t<meta name=\"twitter:data1\" content=\"1 minute\" \/>\n<script type=\"application\/ld+json\" class=\"yoast-schema-graph\">{\"@context\":\"https:\/\/schema.org\",\"@graph\":[{\"@type\":\"WebPage\",\"@id\":\"https:\/\/empow-her.com\/produit\/atelier-speed-meeting-avec-kpmg-4\/\",\"url\":\"https:\/\/empow-her.com\/produit\/atelier-speed-meeting-avec-kpmg-4\/\",\"name\":\"Atelier - Speed meeting avec KPMG - Empow&#039;Her\",\"isPartOf\":{\"@id\":\"https:\/\/empow-her.com\/#website\"},\"primaryImageOfPage\":{\"@id\":\"https:\/\/empow-her.com\/produit\/atelier-speed-meeting-avec-kpmg-4\/#primaryimage\"},\"image\":{\"@id\":\"https:\/\/empow-her.com\/produit\/atelier-speed-meeting-avec-kpmg-4\/#primaryimage\"},\"thumbnailUrl\":\"https:\/\/empow-her.com\/wp-content\/uploads\/2025\/02\/Women-Dare-templates-events-57.png\",\"datePublished\":\"2025-02-24T15:38:17+00:00\",\"dateModified\":\"2025-02-25T08:44:36+00:00\",\"breadcrumb\":{\"@id\":\"https:\/\/empow-her.com\/produit\/atelier-speed-meeting-avec-kpmg-4\/#breadcrumb\"},\"inLanguage\":\"en-US\",\"potentialAction\":[{\"@type\":\"ReadAction\",\"target\":[\"https:\/\/empow-her.com\/produit\/atelier-speed-meeting-avec-kpmg-4\/\"]}]},{\"@type\":\"ImageObject\",\"inLanguage\":\"en-US\",\"@id\":\"https:\/\/empow-her.com\/produit\/atelier-speed-meeting-avec-kpmg-4\/#primaryimage\",\"url\":\"https:\/\/empow-her.com\/wp-content\/uploads\/2025\/02\/Women-Dare-templates-events-57.png\",\"contentUrl\":\"https:\/\/empow-her.com\/wp-content\/uploads\/2025\/02\/Women-Dare-templates-events-57.png\",\"width\":1080,\"height\":1080},{\"@type\":\"BreadcrumbList\",\"@id\":\"https:\/\/empow-her.com\/produit\/atelier-speed-meeting-avec-kpmg-4\/#breadcrumb\",\"itemListElement\":[{\"@type\":\"ListItem\",\"position\":1,\"name\":\"Accueil\",\"item\":\"https:\/\/empow-her.com\/en\/landing-page\/\"},{\"@type\":\"ListItem\",\"position\":2,\"name\":\"LA BOUTIQUE\",\"item\":\"https:\/\/empow-her.com\/boutique\/\"},{\"@type\":\"ListItem\",\"position\":3,\"name\":\"Atelier &#8211; Speed meeting avec KPMG\"}]},{\"@type\":\"WebSite\",\"@id\":\"https:\/\/empow-her.com\/#website\",\"url\":\"https:\/\/empow-her.com\/\",\"name\":\"Empow&#039;Her\",\"description\":\"Women Development\",\"potentialAction\":[{\"@type\":\"SearchAction\",\"target\":{\"@type\":\"EntryPoint\",\"urlTemplate\":\"https:\/\/empow-her.com\/?s={search_term_string}\"},\"query-input\":{\"@type\":\"PropertyValueSpecification\",\"valueRequired\":true,\"valueName\":\"search_term_string\"}}],\"inLanguage\":\"en-US\"}]}<\/script>\n<!-- \/ Yoast SEO plugin. -->","yoast_head_json":{"title":"Atelier - Speed meeting avec KPMG - Empow&#039;Her","robots":{"index":"index","follow":"follow","max-snippet":"max-snippet:-1","max-image-preview":"max-image-preview:large","max-video-preview":"max-video-preview:-1"},"canonical":"https:\/\/empow-her.com\/produit\/atelier-speed-meeting-avec-kpmg-4\/","og_locale":"en_US","og_type":"article","og_title":"Atelier - Speed meeting avec KPMG - Empow&#039;Her","og_description":"&#x1f4e2; Venez rencontrer les collaborateur.ices du cabinet de conseil KPMG ! Dans le cadre de notre partenariat, KPMG vous invite chez Sist'Her pour un moment d\u2019\u00e9change et de conseils autour de vos projets. Profitez de l\u2019expertise de leurs collaborateur.ices pour obtenir des recommandations concr\u00e8tes et des pistes d\u2019actions adapt\u00e9es \u00e0 vos besoins. &#x1f31f; Pourquoi participer ?&#x2705; Un moment privil\u00e9gi\u00e9 pour poser vos questions et b\u00e9n\u00e9ficier d\u2019un regard ext\u00e9rieur sur votre projet&#x26a1; Un format interactif en speed-meeting pour maximiser les \u00e9changes&#x1f91d; Une opportunit\u00e9 de r\u00e9seautage dans un cadre convivial &#x1f4c5; D\u00e9roul\u00e9 de la session    14H-14H30 : Accueil des participant.es  14H30-15H : Introduction et pr\u00e9sentation  15H-16H45 : \u00c9changes en petits groupes &#x26a1;  16H45-17H : Conclusion  &#x1f4cc; Pr\u00e9-requis : aucun &#x26a0;&#xfe0f; Places limit\u00e9es \u00e0 6 participant.es !","og_url":"https:\/\/empow-her.com\/produit\/atelier-speed-meeting-avec-kpmg-4\/","og_site_name":"Empow&#039;Her","article_modified_time":"2025-02-25T08:44:36+00:00","og_image":[{"width":1080,"height":1080,"url":"https:\/\/empow-her.com\/wp-content\/uploads\/2025\/02\/Women-Dare-templates-events-57.png","type":"image\/png"}],"twitter_card":"summary_large_image","twitter_misc":{"Est. reading time":"1 minute"},"schema":{"@context":"https:\/\/schema.org","@graph":[{"@type":"WebPage","@id":"https:\/\/empow-her.com\/produit\/atelier-speed-meeting-avec-kpmg-4\/","url":"https:\/\/empow-her.com\/produit\/atelier-speed-meeting-avec-kpmg-4\/","name":"Atelier - Speed meeting avec KPMG - Empow&#039;Her","isPartOf":{"@id":"https:\/\/empow-her.com\/#website"},"primaryImageOfPage":{"@id":"https:\/\/empow-her.com\/produit\/atelier-speed-meeting-avec-kpmg-4\/#primaryimage"},"image":{"@id":"https:\/\/empow-her.com\/produit\/atelier-speed-meeting-avec-kpmg-4\/#primaryimage"},"thumbnailUrl":"https:\/\/empow-her.com\/wp-content\/uploads\/2025\/02\/Women-Dare-templates-events-57.png","datePublished":"2025-02-24T15:38:17+00:00","dateModified":"2025-02-25T08:44:36+00:00","breadcrumb":{"@id":"https:\/\/empow-her.com\/produit\/atelier-speed-meeting-avec-kpmg-4\/#breadcrumb"},"inLanguage":"en-US","potentialAction":[{"@type":"ReadAction","target":["https:\/\/empow-her.com\/produit\/atelier-speed-meeting-avec-kpmg-4\/"]}]},{"@type":"ImageObject","inLanguage":"en-US","@id":"https:\/\/empow-her.com\/produit\/atelier-speed-meeting-avec-kpmg-4\/#primaryimage","url":"https:\/\/empow-her.com\/wp-content\/uploads\/2025\/02\/Women-Dare-templates-events-57.png","contentUrl":"https:\/\/empow-her.com\/wp-content\/uploads\/2025\/02\/Women-Dare-templates-events-57.png","width":1080,"height":1080},{"@type":"BreadcrumbList","@id":"https:\/\/empow-her.com\/produit\/atelier-speed-meeting-avec-kpmg-4\/#breadcrumb","itemListElement":[{"@type":"ListItem","position":1,"name":"Accueil","item":"https:\/\/empow-her.com\/en\/landing-page\/"},{"@type":"ListItem","position":2,"name":"LA BOUTIQUE","item":"https:\/\/empow-her.com\/boutique\/"},{"@type":"ListItem","position":3,"name":"Atelier &#8211; Speed meeting avec KPMG"}]},{"@type":"WebSite","@id":"https:\/\/empow-her.com\/#website","url":"https:\/\/empow-her.com\/","name":"Empow&#039;Her","description":"Women Development","potentialAction":[{"@type":"SearchAction","target":{"@type":"EntryPoint","urlTemplate":"https:\/\/empow-her.com\/?s={search_term_string}"},"query-input":{"@type":"PropertyValueSpecification","valueRequired":true,"valueName":"search_term_string"}}],"inLanguage":"en-US"}]}},"_links":{"self":[{"href":"https:\/\/empow-her.com\/en\/wp-json\/wp\/v2\/product\/265773","targetHints":{"allow":["GET"]}}],"collection":[{"href":"https:\/\/empow-her.com\/en\/wp-json\/wp\/v2\/product"}],"about":[{"href":"https:\/\/empow-her.com\/en\/wp-json\/wp\/v2\/types\/product"}],"wp:featuredmedia":[{"embeddable":true,"href":"https:\/\/empow-her.com\/en\/wp-json\/wp\/v2\/media\/265774"}],"wp:attachment":[{"href":"https:\/\/empow-her.com\/en\/wp-json\/wp\/v2\/media?parent=265773"}],"wp:term":[{"taxonomy":"product_brand","embeddable":true,"href":"https:\/\/empow-her.com\/en\/wp-json\/wp\/v2\/product_brand?post=265773"},{"taxonomy":"product_cat","embeddable":true,"href":"https:\/\/empow-her.com\/en\/wp-json\/wp\/v2\/product_cat?post=265773"},{"taxonomy":"product_tag","embeddable":true,"href":"https:\/\/empow-her.com\/en\/wp-json\/wp\/v2\/product_tag?post=265773"},{"taxonomy":"lieu","embeddable":true,"href":"https:\/\/empow-her.com\/en\/wp-json\/wp\/v2\/lieu?post=265773"},{"taxonomy":"thematiques","embeddable":true,"href":"https:\/\/empow-her.com\/en\/wp-json\/wp\/v2\/thematiques?post=265773"}],"curies":[{"name":"wp","href":"https:\/\/api.w.org\/{rel}","templated":true}]}}