{"id":265241,"date":"2025-02-19T15:35:18","date_gmt":"2025-02-19T14:35:18","guid":{"rendered":"https:\/\/empow-her.com\/?post_type=product&#038;p=265241"},"modified":"2025-02-21T11:26:58","modified_gmt":"2025-02-21T10:26:58","slug":"coaching-a-votre-ecoute","status":"publish","type":"product","link":"https:\/\/empow-her.com\/en\/produit\/coaching-a-votre-ecoute\/","title":{"rendered":"Coaching &#8211; A votre \u00e9coute !"},"content":{"rendered":"<p data-start=\"0\" data-end=\"79\"><strong data-start=\"0\" data-end=\"77\">&#x1f4e2; 1h de coaching pour d\u00e9bloquer une probl\u00e9matique et avancer sereinement<\/strong><\/p>\n<p>Alors que vous lisez ces lignes, vous identifiez un sujet qui impacte votre projet ou votre posture entrepreneuriale? Il peut vous sembler trop petit, ou marginal, soudain, ou d\u00e9licat&#8230; et vous ne savez pas o\u00f9 l&#8217;aborder, ni par quel bout le prendre ? Nous sommes \u00e0 votre \u00e9coute. Cette s\u00e9ance de coaching a pour but de vous apporter de la clart\u00e9, pour vous aider \u00e0 mieux comprendre la probl\u00e9matique que vous observez, quel que soit le sujet, et d\u00e9finir une premi\u00e8re mise en action pour la r\u00e9soudre.<\/p>\n<p data-start=\"316\" data-end=\"347\">&#x1f6e0; <strong data-start=\"319\" data-end=\"343\">D\u00e9roul\u00e9 de la s\u00e9ance<\/strong> :<\/p>\n<ul data-start=\"349\" data-end=\"720\">\n<li data-start=\"349\" data-end=\"387\">Temps d&#8217;\u00e9coute de la probl\u00e9matique<\/li>\n<li data-start=\"388\" data-end=\"459\">Co-cr\u00e9ation d&#8217;un objectif pour la s\u00e9ance, en lien avec votre besoin<\/li>\n<li data-start=\"460\" data-end=\"590\">Questionnement, \u00e9changes et introspection pour faire \u00e9merger les ressources qui vous permettront d&#8217;avancer vers votre objectif<\/li>\n<li data-start=\"591\" data-end=\"687\">Co-construction d&#8217;un plan d&#8217;action avec un premier petit pas pour vous remettre en mouvement<\/li>\n<li data-start=\"688\" data-end=\"720\">Apports th\u00e9oriques si besoin<\/li>\n<\/ul>\n<p data-start=\"722\" data-end=\"813\" data-is-last-node=\"\" data-is-only-node=\"\"><strong data-start=\"722\" data-end=\"813\" data-is-last-node=\"\">Une heure pour lever vos freins et reprendre confiance en votre capacit\u00e9 \u00e0 avancer ! &#x1f680;<\/strong><\/p>\n<p><strong>Pr\u00e9-requis :<\/strong> <strong>Aucun !<br \/>\n<\/strong><\/p>\n<p><strong>Intervenant: <\/strong>Laure Bonnerot<\/p>\n<p>Apr\u00e8s un parcours professionnel dans le monde du livre, je suis attentive aux histoires et aux mots. Aujourd\u2019hui coach, j\u2019aime mettre en lumi\u00e8re les &#8220;p\u00e9pites&#8221; oubli\u00e9es des personnes que j\u2019accompagne, cela pour soutenir le changement qu\u2019elles souhaitent mettre en place dans leurs vies. Que je sois en entreprise, en associatif ou aupr\u00e8s de particuliers, j\u2019aime questionner, \u00e9couter, observer les personnes que j\u2019accompagne, pour faire \u00e9merger ce qu\u2019il y a de pr\u00e9cieux et d\u2019unique chez elles ; et qu\u2019\u00e0 leur tour, elles le mettent \u00e0 profit dans leurs vies, leurs m\u00e9tiers et leurs environnements.<\/p>\n<p><strong>Son super pouvoir : <\/strong>Attentive, Accueillante, A l&#8217;\u00e9coute !<strong><br \/>\n<\/strong><\/p>\n<p><strong>Son petit mot : <\/strong>Bravo ! Et comme personne ne l&#8217;a mieux r\u00e9sum\u00e9 qu&#8217;Oscar Wilde, je le cite : &#8220;Soyez vous-m\u00eame, les autres sont d\u00e9j\u00e0 pris !&#8221;<strong><br \/>\n<\/strong><\/p>\n<p><strong>Dur\u00e9e<\/strong>\u00a0<strong>:<\/strong> U<span data-sheets-value=\"{&quot;1&quot;:2,&quot;2&quot;:&quot;Permanence de 4h avec un cr\u00e9neau de 1h par participante (+ 15 minutes entre chaque)&quot;}\" data-sheets-userformat=\"{&quot;2&quot;:7167,&quot;3&quot;:{&quot;1&quot;:0},&quot;4&quot;:{&quot;1&quot;:2,&quot;2&quot;:16777215},&quot;5&quot;:{&quot;1&quot;:[{&quot;1&quot;:2,&quot;2&quot;:0,&quot;5&quot;:{&quot;1&quot;:2,&quot;2&quot;:0}},{&quot;1&quot;:0,&quot;2&quot;:0,&quot;3&quot;:3},{&quot;1&quot;:1,&quot;2&quot;:0,&quot;4&quot;:1}]},&quot;6&quot;:{&quot;1&quot;:[{&quot;1&quot;:2,&quot;2&quot;:0,&quot;5&quot;:{&quot;1&quot;:2,&quot;2&quot;:0}},{&quot;1&quot;:0,&quot;2&quot;:0,&quot;3&quot;:3},{&quot;1&quot;:1,&quot;2&quot;:0,&quot;4&quot;:1}]},&quot;7&quot;:{&quot;1&quot;:[{&quot;1&quot;:2,&quot;2&quot;:0,&quot;5&quot;:{&quot;1&quot;:2,&quot;2&quot;:0}},{&quot;1&quot;:0,&quot;2&quot;:0,&quot;3&quot;:3},{&quot;1&quot;:1,&quot;2&quot;:0,&quot;4&quot;:1}]},&quot;8&quot;:{&quot;1&quot;:[{&quot;1&quot;:2,&quot;2&quot;:0,&quot;5&quot;:{&quot;1&quot;:2,&quot;2&quot;:0}},{&quot;1&quot;:0,&quot;2&quot;:0,&quot;3&quot;:3},{&quot;1&quot;:1,&quot;2&quot;:0,&quot;4&quot;:1}]},&quot;9&quot;:0,&quot;10&quot;:1,&quot;11&quot;:4,&quot;12&quot;:0,&quot;14&quot;:{&quot;1&quot;:2,&quot;2&quot;:0},&quot;15&quot;:&quot;Calibri&quot;}\">n cr\u00e9neau de 1h en individuel<\/span><\/p>\n<p><span data-sheets-value=\"{&quot;1&quot;:2,&quot;2&quot;:&quot;Attention ! \u00a0Veuillez vous pr\u00e9sentez \u00e0 l'heure pour que l'activit\u00e9 puisse commencer \u00e0 temps. Si vous avez du retard veuillez pr\u00e9venir l'intervenant.e. Si vous avez plus de 15 min de retard l'intervenant.e se r\u00e9serve le droit de plus vous accepter pour le coaching ou l'atelier.\u00a0&quot;}\" data-sheets-userformat=\"{&quot;2&quot;:641,&quot;3&quot;:{&quot;1&quot;:0},&quot;10&quot;:1,&quot;12&quot;:0}\"><strong>Attention !<\/strong> \u00a0Veuillez vous pr\u00e9senter \u00e0 l\u2019heure pour que l\u2019activit\u00e9 puisse commencer \u00e0 temps. Si vous avez du retard veuillez pr\u00e9venir l\u2019intervenant.e. Si vous avez plus de 15 min de retard l\u2019intervenant.e se r\u00e9serve le droit de ne plus vous accepter pour le coaching ou l\u2019atelier.\u00a0<\/span><\/p>\n<p>Vous souhaitez vous inscrire \u00e0 ce coaching ? Une fois que vous avez re\u00e7u l\u2019invitation Google Calendrier pour le coaching que vous avez r\u00e9serv\u00e9, envoyez un mail \u00e0 l\u2019experte qui est dans l\u2019invitation avec vous en joignant tous les documents qui lui seraient utiles pour pr\u00e9parer au mieux cette heure.<\/p>\n","protected":false},"excerpt":{"rendered":"<p data-start=\"0\" data-end=\"79\"><strong data-start=\"0\" data-end=\"77\">&#x1f4e2; 1h de coaching pour d\u00e9bloquer une probl\u00e9matique et avancer sereinement<\/strong><\/p>\n<p>Alors que vous lisez ces lignes, vous identifiez un sujet qui impacte votre projet ou votre posture entrepreneuriale? Il peut vous sembler trop petit, ou marginal, soudain, ou d\u00e9licat&#8230; et vous ne savez pas o\u00f9 l&#8217;aborder, ni par quel bout le prendre ? Nous sommes \u00e0 votre \u00e9coute. Cette s\u00e9ance de coaching a pour but de vous apporter de la clart\u00e9, pour vous aider \u00e0 mieux comprendre la probl\u00e9matique que vous observez, quel que soit le sujet, et d\u00e9finir une premi\u00e8re mise en action pour la r\u00e9soudre.<\/p>\n<p data-start=\"316\" data-end=\"347\">&#x1f6e0; <strong data-start=\"319\" data-end=\"343\">D\u00e9roul\u00e9 de la s\u00e9ance<\/strong> :<\/p>\n<ul data-start=\"349\" data-end=\"720\">\n<li data-start=\"349\" data-end=\"387\">Temps d&#8217;\u00e9coute de la probl\u00e9matique<\/li>\n<li data-start=\"388\" data-end=\"459\">Co-cr\u00e9ation d&#8217;un objectif pour la s\u00e9ance, en lien avec votre besoin<\/li>\n<li data-start=\"460\" data-end=\"590\">Questionnement, \u00e9changes et introspection pour faire \u00e9merger les ressources qui vous permettront d&#8217;avancer vers votre objectif<\/li>\n<li data-start=\"591\" data-end=\"687\">Co-construction d&#8217;un plan d&#8217;action avec un premier petit pas pour vous remettre en mouvement<\/li>\n<li data-start=\"688\" data-end=\"720\">Apports th\u00e9oriques si besoin<\/li>\n<\/ul>\n<p data-start=\"722\" data-end=\"813\" data-is-last-node=\"\" data-is-only-node=\"\"><strong data-start=\"722\" data-end=\"813\" data-is-last-node=\"\">Une heure pour lever vos freins et reprendre confiance en votre capacit\u00e9 \u00e0 avancer ! &#x1f680;<\/strong><\/p>\n<p><strong>Pr\u00e9-requis :<\/strong> <strong>Aucun !<br \/>\n<\/strong><\/p>\n<p><strong>Intervenant: <\/strong>Laure Bonnerot<\/p>\n<p>Apr\u00e8s un parcours professionnel dans le monde du livre, je suis attentive aux histoires et aux mots. Aujourd\u2019hui coach, j\u2019aime mettre en lumi\u00e8re les &#8220;p\u00e9pites&#8221; oubli\u00e9es des personnes que j\u2019accompagne, cela pour soutenir le changement qu\u2019elles souhaitent mettre en place dans leurs vies. Que je sois en entreprise, en associatif ou aupr\u00e8s de particuliers, j\u2019aime questionner, \u00e9couter, observer les personnes que j\u2019accompagne, pour faire \u00e9merger ce qu\u2019il y a de pr\u00e9cieux et d\u2019unique chez elles ; et qu\u2019\u00e0 leur tour, elles le mettent \u00e0 profit dans leurs vies, leurs m\u00e9tiers et leurs environnements.<\/p>\n<p><strong>Son super pouvoir : <\/strong>Attentive, Accueillante, A l&#8217;\u00e9coute !<strong><br \/>\n<\/strong><\/p>\n<p><strong>Son petit mot : <\/strong>Bravo ! Et comme personne ne l&#8217;a mieux r\u00e9sum\u00e9 qu&#8217;Oscar Wilde, je le cite : &#8220;Soyez vous-m\u00eame, les autres sont d\u00e9j\u00e0 pris !&#8221;<strong><br \/>\n<\/strong><\/p>\n<p><strong>Dur\u00e9e<\/strong>\u00a0<strong>:<\/strong> U<span data-sheets-value=\"{&quot;1&quot;:2,&quot;2&quot;:&quot;Permanence de 4h avec un cr\u00e9neau de 1h par participante (+ 15 minutes entre chaque)&quot;}\" data-sheets-userformat=\"{&quot;2&quot;:7167,&quot;3&quot;:{&quot;1&quot;:0},&quot;4&quot;:{&quot;1&quot;:2,&quot;2&quot;:16777215},&quot;5&quot;:{&quot;1&quot;:[{&quot;1&quot;:2,&quot;2&quot;:0,&quot;5&quot;:{&quot;1&quot;:2,&quot;2&quot;:0}},{&quot;1&quot;:0,&quot;2&quot;:0,&quot;3&quot;:3},{&quot;1&quot;:1,&quot;2&quot;:0,&quot;4&quot;:1}]},&quot;6&quot;:{&quot;1&quot;:[{&quot;1&quot;:2,&quot;2&quot;:0,&quot;5&quot;:{&quot;1&quot;:2,&quot;2&quot;:0}},{&quot;1&quot;:0,&quot;2&quot;:0,&quot;3&quot;:3},{&quot;1&quot;:1,&quot;2&quot;:0,&quot;4&quot;:1}]},&quot;7&quot;:{&quot;1&quot;:[{&quot;1&quot;:2,&quot;2&quot;:0,&quot;5&quot;:{&quot;1&quot;:2,&quot;2&quot;:0}},{&quot;1&quot;:0,&quot;2&quot;:0,&quot;3&quot;:3},{&quot;1&quot;:1,&quot;2&quot;:0,&quot;4&quot;:1}]},&quot;8&quot;:{&quot;1&quot;:[{&quot;1&quot;:2,&quot;2&quot;:0,&quot;5&quot;:{&quot;1&quot;:2,&quot;2&quot;:0}},{&quot;1&quot;:0,&quot;2&quot;:0,&quot;3&quot;:3},{&quot;1&quot;:1,&quot;2&quot;:0,&quot;4&quot;:1}]},&quot;9&quot;:0,&quot;10&quot;:1,&quot;11&quot;:4,&quot;12&quot;:0,&quot;14&quot;:{&quot;1&quot;:2,&quot;2&quot;:0},&quot;15&quot;:&quot;Calibri&quot;}\">n cr\u00e9neau de 1h en individuel<\/span><\/p>\n<p><span data-sheets-value=\"{&quot;1&quot;:2,&quot;2&quot;:&quot;Attention ! \u00a0Veuillez vous pr\u00e9sentez \u00e0 l'heure pour que l'activit\u00e9 puisse commencer \u00e0 temps. Si vous avez du retard veuillez pr\u00e9venir l'intervenant.e. Si vous avez plus de 15 min de retard l'intervenant.e se r\u00e9serve le droit de plus vous accepter pour le coaching ou l'atelier.\u00a0&quot;}\" data-sheets-userformat=\"{&quot;2&quot;:641,&quot;3&quot;:{&quot;1&quot;:0},&quot;10&quot;:1,&quot;12&quot;:0}\"><strong>Attention !<\/strong> \u00a0Veuillez vous pr\u00e9senter \u00e0 l\u2019heure pour que l\u2019activit\u00e9 puisse commencer \u00e0 temps. Si vous avez du retard veuillez pr\u00e9venir l\u2019intervenant.e. Si vous avez plus de 15 min de retard l\u2019intervenant.e se r\u00e9serve le droit de ne plus vous accepter pour le coaching ou l\u2019atelier.\u00a0<\/span><\/p>\n<p>Vous souhaitez vous inscrire \u00e0 ce coaching ? Une fois que vous avez re\u00e7u l\u2019invitation Google Calendrier pour le coaching que vous avez r\u00e9serv\u00e9, envoyez un mail \u00e0 l\u2019experte qui est dans l\u2019invitation avec vous en joignant tous les documents qui lui seraient utiles pour pr\u00e9parer au mieux cette heure.<\/p>\n","protected":false},"featured_media":265250,"template":"","format":"standard","meta":{"_acf_changed":false,"om_disable_all_campaigns":false,"_uf_show_specific_survey":0,"_uf_disable_surveys":false},"product_brand":[],"product_cat":[121],"product_tag":[143],"lieu":[125],"thematiques":[],"class_list":{"0":"post-265241","1":"product","2":"type-product","3":"status-publish","4":"format-standard","5":"has-post-thumbnail","7":"product_cat-coaching","8":"product_tag-en-ligne","9":"lieu-en-ligne","11":"first","12":"instock","13":"virtual","14":"purchasable","15":"product-type-appointment"},"exclude_global_add_ons":[],"addons":[],"acf":[],"yoast_head":"<!-- This site is optimized with the Yoast SEO plugin v24.8 - https:\/\/yoast.com\/wordpress\/plugins\/seo\/ -->\n<title>Coaching : A votre \u00e9coute !<\/title>\n<meta name=\"robots\" content=\"index, follow, max-snippet:-1, max-image-preview:large, max-video-preview:-1\" \/>\n<link rel=\"canonical\" href=\"https:\/\/empow-her.com\/produit\/coaching-a-votre-ecoute\/\" \/>\n<meta property=\"og:locale\" content=\"en_US\" \/>\n<meta property=\"og:type\" content=\"article\" \/>\n<meta property=\"og:title\" content=\"Coaching : A votre \u00e9coute !\" \/>\n<meta property=\"og:description\" content=\"&#x1f4e2; 1h de coaching pour d\u00e9bloquer une probl\u00e9matique et avancer sereinement Alors que vous lisez ces lignes, vous identifiez un sujet qui impacte votre projet ou votre posture entrepreneuriale? Il peut vous sembler trop petit, ou marginal, soudain, ou d\u00e9licat... et vous ne savez pas o\u00f9 l&#039;aborder, ni par quel bout le prendre ? Nous sommes \u00e0 votre \u00e9coute. Cette s\u00e9ance de coaching a pour but de vous apporter de la clart\u00e9, pour vous aider \u00e0 mieux comprendre la probl\u00e9matique que vous observez, quel que soit le sujet, et d\u00e9finir une premi\u00e8re mise en action pour la r\u00e9soudre. &#x1f6e0; D\u00e9roul\u00e9 de la s\u00e9ance :    Temps d&#039;\u00e9coute de la probl\u00e9matique  Co-cr\u00e9ation d&#039;un objectif pour la s\u00e9ance, en lien avec votre besoin  Questionnement, \u00e9changes et introspection pour faire \u00e9merger les ressources qui vous permettront d&#039;avancer vers votre objectif  Co-construction d&#039;un plan d&#039;action avec un premier petit pas pour vous remettre en mouvement  Apports th\u00e9oriques si besoin  Une heure pour lever vos freins et reprendre confiance en votre capacit\u00e9 \u00e0 avancer ! &#x1f680; Pr\u00e9-requis : Aucun !   Intervenant: Laure Bonnerot  Apr\u00e8s un parcours professionnel dans le monde du livre, je suis attentive aux histoires et aux mots. Aujourd\u2019hui coach, j\u2019aime mettre en lumi\u00e8re les &quot;p\u00e9pites&quot; oubli\u00e9es des personnes que j\u2019accompagne, cela pour soutenir le changement qu\u2019elles souhaitent mettre en place dans leurs vies. Que je sois en entreprise, en associatif ou aupr\u00e8s de particuliers, j\u2019aime questionner, \u00e9couter, observer les personnes que j\u2019accompagne, pour faire \u00e9merger ce qu\u2019il y a de pr\u00e9cieux et d\u2019unique chez elles ; et qu\u2019\u00e0 leur tour, elles le mettent \u00e0 profit dans leurs vies, leurs m\u00e9tiers et leurs environnements.  Son super pouvoir : Attentive, Accueillante, A l&#039;\u00e9coute !   Son petit mot : Bravo ! Et comme personne ne l&#039;a mieux r\u00e9sum\u00e9 qu&#039;Oscar Wilde, je le cite : &quot;Soyez vous-m\u00eame, les autres sont d\u00e9j\u00e0 pris !&quot;   Dur\u00e9e\u00a0: Un cr\u00e9neau de 1h en individuel  Attention ! \u00a0Veuillez vous pr\u00e9senter \u00e0 l\u2019heure pour que l\u2019activit\u00e9 puisse commencer \u00e0 temps. Si vous avez du retard veuillez pr\u00e9venir l\u2019intervenant.e. Si vous avez plus de 15 min de retard l\u2019intervenant.e se r\u00e9serve le droit de ne plus vous accepter pour le coaching ou l\u2019atelier.\u00a0  Vous souhaitez vous inscrire \u00e0 ce coaching ? Une fois que vous avez re\u00e7u l\u2019invitation Google Calendrier pour le coaching que vous avez r\u00e9serv\u00e9, envoyez un mail \u00e0 l\u2019experte qui est dans l\u2019invitation avec vous en joignant tous les documents qui lui seraient utiles pour pr\u00e9parer au mieux cette heure.\" \/>\n<meta property=\"og:url\" content=\"https:\/\/empow-her.com\/produit\/coaching-a-votre-ecoute\/\" \/>\n<meta property=\"og:site_name\" content=\"Empow&#039;Her\" \/>\n<meta property=\"article:modified_time\" content=\"2025-02-21T10:26:58+00:00\" \/>\n<meta property=\"og:image\" content=\"https:\/\/empow-her.com\/wp-content\/uploads\/2025\/02\/Women-Dare-templates-events-49.png\" \/>\n\t<meta property=\"og:image:width\" content=\"1080\" \/>\n\t<meta property=\"og:image:height\" content=\"1080\" \/>\n\t<meta property=\"og:image:type\" content=\"image\/png\" \/>\n<meta name=\"twitter:card\" content=\"summary_large_image\" \/>\n<meta name=\"twitter:label1\" content=\"Est. reading time\" \/>\n\t<meta name=\"twitter:data1\" content=\"3 minutes\" \/>\n<script type=\"application\/ld+json\" class=\"yoast-schema-graph\">{\"@context\":\"https:\/\/schema.org\",\"@graph\":[{\"@type\":\"WebPage\",\"@id\":\"https:\/\/empow-her.com\/produit\/coaching-a-votre-ecoute\/\",\"url\":\"https:\/\/empow-her.com\/produit\/coaching-a-votre-ecoute\/\",\"name\":\"Coaching : A votre \u00e9coute !\",\"isPartOf\":{\"@id\":\"https:\/\/empow-her.com\/#website\"},\"primaryImageOfPage\":{\"@id\":\"https:\/\/empow-her.com\/produit\/coaching-a-votre-ecoute\/#primaryimage\"},\"image\":{\"@id\":\"https:\/\/empow-her.com\/produit\/coaching-a-votre-ecoute\/#primaryimage\"},\"thumbnailUrl\":\"https:\/\/empow-her.com\/wp-content\/uploads\/2025\/02\/Women-Dare-templates-events-49.png\",\"datePublished\":\"2025-02-19T14:35:18+00:00\",\"dateModified\":\"2025-02-21T10:26:58+00:00\",\"breadcrumb\":{\"@id\":\"https:\/\/empow-her.com\/produit\/coaching-a-votre-ecoute\/#breadcrumb\"},\"inLanguage\":\"en-US\",\"potentialAction\":[{\"@type\":\"ReadAction\",\"target\":[\"https:\/\/empow-her.com\/produit\/coaching-a-votre-ecoute\/\"]}]},{\"@type\":\"ImageObject\",\"inLanguage\":\"en-US\",\"@id\":\"https:\/\/empow-her.com\/produit\/coaching-a-votre-ecoute\/#primaryimage\",\"url\":\"https:\/\/empow-her.com\/wp-content\/uploads\/2025\/02\/Women-Dare-templates-events-49.png\",\"contentUrl\":\"https:\/\/empow-her.com\/wp-content\/uploads\/2025\/02\/Women-Dare-templates-events-49.png\",\"width\":1080,\"height\":1080},{\"@type\":\"BreadcrumbList\",\"@id\":\"https:\/\/empow-her.com\/produit\/coaching-a-votre-ecoute\/#breadcrumb\",\"itemListElement\":[{\"@type\":\"ListItem\",\"position\":1,\"name\":\"Accueil\",\"item\":\"https:\/\/empow-her.com\/en\/landing-page\/\"},{\"@type\":\"ListItem\",\"position\":2,\"name\":\"LA BOUTIQUE\",\"item\":\"https:\/\/empow-her.com\/boutique\/\"},{\"@type\":\"ListItem\",\"position\":3,\"name\":\"Coaching &#8211; A votre \u00e9coute !\"}]},{\"@type\":\"WebSite\",\"@id\":\"https:\/\/empow-her.com\/#website\",\"url\":\"https:\/\/empow-her.com\/\",\"name\":\"Empow&#039;Her\",\"description\":\"Women Development\",\"potentialAction\":[{\"@type\":\"SearchAction\",\"target\":{\"@type\":\"EntryPoint\",\"urlTemplate\":\"https:\/\/empow-her.com\/?s={search_term_string}\"},\"query-input\":{\"@type\":\"PropertyValueSpecification\",\"valueRequired\":true,\"valueName\":\"search_term_string\"}}],\"inLanguage\":\"en-US\"}]}<\/script>\n<!-- \/ Yoast SEO plugin. -->","yoast_head_json":{"title":"Coaching : A votre \u00e9coute !","robots":{"index":"index","follow":"follow","max-snippet":"max-snippet:-1","max-image-preview":"max-image-preview:large","max-video-preview":"max-video-preview:-1"},"canonical":"https:\/\/empow-her.com\/produit\/coaching-a-votre-ecoute\/","og_locale":"en_US","og_type":"article","og_title":"Coaching : A votre \u00e9coute !","og_description":"&#x1f4e2; 1h de coaching pour d\u00e9bloquer une probl\u00e9matique et avancer sereinement Alors que vous lisez ces lignes, vous identifiez un sujet qui impacte votre projet ou votre posture entrepreneuriale? Il peut vous sembler trop petit, ou marginal, soudain, ou d\u00e9licat... et vous ne savez pas o\u00f9 l'aborder, ni par quel bout le prendre ? Nous sommes \u00e0 votre \u00e9coute. Cette s\u00e9ance de coaching a pour but de vous apporter de la clart\u00e9, pour vous aider \u00e0 mieux comprendre la probl\u00e9matique que vous observez, quel que soit le sujet, et d\u00e9finir une premi\u00e8re mise en action pour la r\u00e9soudre. &#x1f6e0; D\u00e9roul\u00e9 de la s\u00e9ance :    Temps d'\u00e9coute de la probl\u00e9matique  Co-cr\u00e9ation d'un objectif pour la s\u00e9ance, en lien avec votre besoin  Questionnement, \u00e9changes et introspection pour faire \u00e9merger les ressources qui vous permettront d'avancer vers votre objectif  Co-construction d'un plan d'action avec un premier petit pas pour vous remettre en mouvement  Apports th\u00e9oriques si besoin  Une heure pour lever vos freins et reprendre confiance en votre capacit\u00e9 \u00e0 avancer ! &#x1f680; Pr\u00e9-requis : Aucun !   Intervenant: Laure Bonnerot  Apr\u00e8s un parcours professionnel dans le monde du livre, je suis attentive aux histoires et aux mots. Aujourd\u2019hui coach, j\u2019aime mettre en lumi\u00e8re les \"p\u00e9pites\" oubli\u00e9es des personnes que j\u2019accompagne, cela pour soutenir le changement qu\u2019elles souhaitent mettre en place dans leurs vies. Que je sois en entreprise, en associatif ou aupr\u00e8s de particuliers, j\u2019aime questionner, \u00e9couter, observer les personnes que j\u2019accompagne, pour faire \u00e9merger ce qu\u2019il y a de pr\u00e9cieux et d\u2019unique chez elles ; et qu\u2019\u00e0 leur tour, elles le mettent \u00e0 profit dans leurs vies, leurs m\u00e9tiers et leurs environnements.  Son super pouvoir : Attentive, Accueillante, A l'\u00e9coute !   Son petit mot : Bravo ! Et comme personne ne l'a mieux r\u00e9sum\u00e9 qu'Oscar Wilde, je le cite : \"Soyez vous-m\u00eame, les autres sont d\u00e9j\u00e0 pris !\"   Dur\u00e9e\u00a0: Un cr\u00e9neau de 1h en individuel  Attention ! \u00a0Veuillez vous pr\u00e9senter \u00e0 l\u2019heure pour que l\u2019activit\u00e9 puisse commencer \u00e0 temps. Si vous avez du retard veuillez pr\u00e9venir l\u2019intervenant.e. Si vous avez plus de 15 min de retard l\u2019intervenant.e se r\u00e9serve le droit de ne plus vous accepter pour le coaching ou l\u2019atelier.\u00a0  Vous souhaitez vous inscrire \u00e0 ce coaching ? Une fois que vous avez re\u00e7u l\u2019invitation Google Calendrier pour le coaching que vous avez r\u00e9serv\u00e9, envoyez un mail \u00e0 l\u2019experte qui est dans l\u2019invitation avec vous en joignant tous les documents qui lui seraient utiles pour pr\u00e9parer au mieux cette heure.","og_url":"https:\/\/empow-her.com\/produit\/coaching-a-votre-ecoute\/","og_site_name":"Empow&#039;Her","article_modified_time":"2025-02-21T10:26:58+00:00","og_image":[{"width":1080,"height":1080,"url":"https:\/\/empow-her.com\/wp-content\/uploads\/2025\/02\/Women-Dare-templates-events-49.png","type":"image\/png"}],"twitter_card":"summary_large_image","twitter_misc":{"Est. reading time":"3 minutes"},"schema":{"@context":"https:\/\/schema.org","@graph":[{"@type":"WebPage","@id":"https:\/\/empow-her.com\/produit\/coaching-a-votre-ecoute\/","url":"https:\/\/empow-her.com\/produit\/coaching-a-votre-ecoute\/","name":"Coaching : A votre \u00e9coute !","isPartOf":{"@id":"https:\/\/empow-her.com\/#website"},"primaryImageOfPage":{"@id":"https:\/\/empow-her.com\/produit\/coaching-a-votre-ecoute\/#primaryimage"},"image":{"@id":"https:\/\/empow-her.com\/produit\/coaching-a-votre-ecoute\/#primaryimage"},"thumbnailUrl":"https:\/\/empow-her.com\/wp-content\/uploads\/2025\/02\/Women-Dare-templates-events-49.png","datePublished":"2025-02-19T14:35:18+00:00","dateModified":"2025-02-21T10:26:58+00:00","breadcrumb":{"@id":"https:\/\/empow-her.com\/produit\/coaching-a-votre-ecoute\/#breadcrumb"},"inLanguage":"en-US","potentialAction":[{"@type":"ReadAction","target":["https:\/\/empow-her.com\/produit\/coaching-a-votre-ecoute\/"]}]},{"@type":"ImageObject","inLanguage":"en-US","@id":"https:\/\/empow-her.com\/produit\/coaching-a-votre-ecoute\/#primaryimage","url":"https:\/\/empow-her.com\/wp-content\/uploads\/2025\/02\/Women-Dare-templates-events-49.png","contentUrl":"https:\/\/empow-her.com\/wp-content\/uploads\/2025\/02\/Women-Dare-templates-events-49.png","width":1080,"height":1080},{"@type":"BreadcrumbList","@id":"https:\/\/empow-her.com\/produit\/coaching-a-votre-ecoute\/#breadcrumb","itemListElement":[{"@type":"ListItem","position":1,"name":"Accueil","item":"https:\/\/empow-her.com\/en\/landing-page\/"},{"@type":"ListItem","position":2,"name":"LA BOUTIQUE","item":"https:\/\/empow-her.com\/boutique\/"},{"@type":"ListItem","position":3,"name":"Coaching &#8211; A votre \u00e9coute !"}]},{"@type":"WebSite","@id":"https:\/\/empow-her.com\/#website","url":"https:\/\/empow-her.com\/","name":"Empow&#039;Her","description":"Women Development","potentialAction":[{"@type":"SearchAction","target":{"@type":"EntryPoint","urlTemplate":"https:\/\/empow-her.com\/?s={search_term_string}"},"query-input":{"@type":"PropertyValueSpecification","valueRequired":true,"valueName":"search_term_string"}}],"inLanguage":"en-US"}]}},"_links":{"self":[{"href":"https:\/\/empow-her.com\/en\/wp-json\/wp\/v2\/product\/265241","targetHints":{"allow":["GET"]}}],"collection":[{"href":"https:\/\/empow-her.com\/en\/wp-json\/wp\/v2\/product"}],"about":[{"href":"https:\/\/empow-her.com\/en\/wp-json\/wp\/v2\/types\/product"}],"wp:featuredmedia":[{"embeddable":true,"href":"https:\/\/empow-her.com\/en\/wp-json\/wp\/v2\/media\/265250"}],"wp:attachment":[{"href":"https:\/\/empow-her.com\/en\/wp-json\/wp\/v2\/media?parent=265241"}],"wp:term":[{"taxonomy":"product_brand","embeddable":true,"href":"https:\/\/empow-her.com\/en\/wp-json\/wp\/v2\/product_brand?post=265241"},{"taxonomy":"product_cat","embeddable":true,"href":"https:\/\/empow-her.com\/en\/wp-json\/wp\/v2\/product_cat?post=265241"},{"taxonomy":"product_tag","embeddable":true,"href":"https:\/\/empow-her.com\/en\/wp-json\/wp\/v2\/product_tag?post=265241"},{"taxonomy":"lieu","embeddable":true,"href":"https:\/\/empow-her.com\/en\/wp-json\/wp\/v2\/lieu?post=265241"},{"taxonomy":"thematiques","embeddable":true,"href":"https:\/\/empow-her.com\/en\/wp-json\/wp\/v2\/thematiques?post=265241"}],"curies":[{"name":"wp","href":"https:\/\/api.w.org\/{rel}","templated":true}]}}