{"id":263632,"date":"2025-01-21T10:31:28","date_gmt":"2025-01-21T09:31:28","guid":{"rendered":"https:\/\/empow-her.com\/?post_type=product&#038;p=263632"},"modified":"2025-01-27T19:28:40","modified_gmt":"2025-01-27T18:28:40","slug":"atelier-crowdfunding-decouvrir-le-financement-participatif","status":"publish","type":"product","link":"https:\/\/empow-her.com\/en\/produit\/atelier-crowdfunding-decouvrir-le-financement-participatif\/","title":{"rendered":"Atelier &#8211; Crowdfunding : D\u00e9couvrir le financement participatif"},"content":{"rendered":"<p>Vous \u00eates entrepeneur\u00b7e sur le point de commencer un projet de crowdfunding, ou tout simplement curieux\u00b7se\u00a0mais il vous manque encore quelques billes sur le financement participatif ? C&#8217;est le moment de se familiariser sans complexe et de passer le pas accompagn\u00e9 par\u00a0Ulule\u00a0!<\/p>\n<div class=\"p-rich_text_section\">Cet atelier vous propose de d\u00e9couvrir le crowdfunding, un outil puissant pour tester sa proposition de valeur, lever des fonds et f\u00e9d\u00e9rer autour de son projet. L&#8217;atelier permettra de comprendre comment pr\u00e9parer au mieux sa campagne avec des m\u00e9thodes concr\u00e8tes et des bonnes pratiques.<\/div>\n<div><\/div>\n<div class=\"p-rich_text_section\">Claire Vasile, Directrice Impact &amp; Entrepreneuriat chez Ulule, vous propose un atelier d&#8217;1h30 pour<\/div>\n<ul class=\"p-rich_text_list p-rich_text_list__bullet p-rich_text_list--nested\" data-stringify-type=\"unordered-list\" data-list-tree=\"true\" data-indent=\"0\" data-border=\"0\">\n<li data-stringify-indent=\"0\" data-stringify-border=\"0\">d\u00e9finir vos objectifs de campagne<\/li>\n<li data-stringify-indent=\"0\" data-stringify-border=\"0\">identifier les facteurs cl\u00e9s de succ\u00e8s<\/li>\n<li data-stringify-indent=\"0\" data-stringify-border=\"0\">comprendre les \u00e9tapes et m\u00e9thodes de pr\u00e9paration<\/li>\n<\/ul>\n","protected":false},"excerpt":{"rendered":"<p>Vous \u00eates entrepeneur\u00b7e sur le point de commencer un projet de crowdfunding, ou tout simplement curieux\u00b7se\u00a0mais il vous manque encore quelques billes sur le financement participatif ? C&#8217;est le moment de se familiariser sans complexe et de passer le pas accompagn\u00e9 par\u00a0Ulule\u00a0!<\/p>\n<div class=\"p-rich_text_section\">Cet atelier vous propose de d\u00e9couvrir le crowdfunding, un outil puissant pour tester sa proposition de valeur, lever des fonds et f\u00e9d\u00e9rer autour de son projet. L&#8217;atelier permettra de comprendre comment pr\u00e9parer au mieux sa campagne avec des m\u00e9thodes concr\u00e8tes et des bonnes pratiques.<\/div>\n<div><\/div>\n<div class=\"p-rich_text_section\">Claire Vasile, Directrice Impact &amp; Entrepreneuriat chez Ulule, vous propose un atelier d&#8217;1h30 pour<\/div>\n<ul class=\"p-rich_text_list p-rich_text_list__bullet p-rich_text_list--nested\" data-stringify-type=\"unordered-list\" data-list-tree=\"true\" data-indent=\"0\" data-border=\"0\">\n<li data-stringify-indent=\"0\" data-stringify-border=\"0\">d\u00e9finir vos objectifs de campagne<\/li>\n<li data-stringify-indent=\"0\" data-stringify-border=\"0\">identifier les facteurs cl\u00e9s de succ\u00e8s<\/li>\n<li data-stringify-indent=\"0\" data-stringify-border=\"0\">comprendre les \u00e9tapes et m\u00e9thodes de pr\u00e9paration<\/li>\n<\/ul>\n<p>&nbsp;<\/p>\n<p>&nbsp;<\/p>\n","protected":false},"featured_media":263634,"template":"","format":"standard","meta":{"_acf_changed":false,"om_disable_all_campaigns":false,"_uf_show_specific_survey":0,"_uf_disable_surveys":false},"product_brand":[],"product_cat":[118],"product_tag":[],"lieu":[127],"thematiques":[],"class_list":{"0":"post-263632","1":"product","2":"type-product","3":"status-publish","4":"format-standard","5":"has-post-thumbnail","7":"product_cat-atelier-collectif","8":"lieu-hub-empowher","10":"first","11":"instock","12":"shipping-taxable","13":"purchasable","14":"product-type-appointment"},"exclude_global_add_ons":[],"addons":[],"acf":[],"yoast_head":"<!-- This site is optimized with the Yoast SEO plugin v24.8 - https:\/\/yoast.com\/wordpress\/plugins\/seo\/ -->\n<title>Atelier - Crowdfunding : D\u00e9couvrir le financement participatif - Empow&#039;Her<\/title>\n<meta name=\"robots\" content=\"index, follow, max-snippet:-1, max-image-preview:large, max-video-preview:-1\" \/>\n<link rel=\"canonical\" href=\"https:\/\/empow-her.com\/produit\/atelier-crowdfunding-decouvrir-le-financement-participatif\/\" \/>\n<meta property=\"og:locale\" content=\"en_US\" \/>\n<meta property=\"og:type\" content=\"article\" \/>\n<meta property=\"og:title\" content=\"Atelier - Crowdfunding : D\u00e9couvrir le financement participatif - Empow&#039;Her\" \/>\n<meta property=\"og:description\" content=\"Vous \u00eates entrepeneur\u00b7e sur le point de commencer un projet de crowdfunding, ou tout simplement curieux\u00b7se\u00a0mais il vous manque encore quelques billes sur le financement participatif ? C&#039;est le moment de se familiariser sans complexe et de passer le pas accompagn\u00e9 par\u00a0Ulule\u00a0! Cet atelier vous propose de d\u00e9couvrir le crowdfunding, un outil puissant pour tester sa proposition de valeur, lever des fonds et f\u00e9d\u00e9rer autour de son projet. L&#039;atelier permettra de comprendre comment pr\u00e9parer au mieux sa campagne avec des m\u00e9thodes concr\u00e8tes et des bonnes pratiques.  Claire Vasile, Directrice Impact &amp; Entrepreneuriat chez Ulule, vous propose un atelier d&#039;1h30 pour   d\u00e9finir vos objectifs de campagne  identifier les facteurs cl\u00e9s de succ\u00e8s  comprendre les \u00e9tapes et m\u00e9thodes de pr\u00e9paration  &nbsp;  &nbsp;\" \/>\n<meta property=\"og:url\" content=\"https:\/\/empow-her.com\/produit\/atelier-crowdfunding-decouvrir-le-financement-participatif\/\" \/>\n<meta property=\"og:site_name\" content=\"Empow&#039;Her\" \/>\n<meta property=\"article:modified_time\" content=\"2025-01-27T18:28:40+00:00\" \/>\n<meta property=\"og:image\" content=\"https:\/\/empow-her.com\/wp-content\/uploads\/2025\/01\/Women-Dare-templates-events-26.png\" \/>\n\t<meta property=\"og:image:width\" content=\"1080\" \/>\n\t<meta property=\"og:image:height\" content=\"1080\" \/>\n\t<meta property=\"og:image:type\" content=\"image\/png\" \/>\n<meta name=\"twitter:card\" content=\"summary_large_image\" \/>\n<meta name=\"twitter:label1\" content=\"Est. reading time\" \/>\n\t<meta name=\"twitter:data1\" content=\"1 minute\" \/>\n<script type=\"application\/ld+json\" class=\"yoast-schema-graph\">{\"@context\":\"https:\/\/schema.org\",\"@graph\":[{\"@type\":\"WebPage\",\"@id\":\"https:\/\/empow-her.com\/produit\/atelier-crowdfunding-decouvrir-le-financement-participatif\/\",\"url\":\"https:\/\/empow-her.com\/produit\/atelier-crowdfunding-decouvrir-le-financement-participatif\/\",\"name\":\"Atelier - Crowdfunding : D\u00e9couvrir le financement participatif - Empow&#039;Her\",\"isPartOf\":{\"@id\":\"https:\/\/empow-her.com\/#website\"},\"primaryImageOfPage\":{\"@id\":\"https:\/\/empow-her.com\/produit\/atelier-crowdfunding-decouvrir-le-financement-participatif\/#primaryimage\"},\"image\":{\"@id\":\"https:\/\/empow-her.com\/produit\/atelier-crowdfunding-decouvrir-le-financement-participatif\/#primaryimage\"},\"thumbnailUrl\":\"https:\/\/empow-her.com\/wp-content\/uploads\/2025\/01\/Women-Dare-templates-events-26.png\",\"datePublished\":\"2025-01-21T09:31:28+00:00\",\"dateModified\":\"2025-01-27T18:28:40+00:00\",\"breadcrumb\":{\"@id\":\"https:\/\/empow-her.com\/produit\/atelier-crowdfunding-decouvrir-le-financement-participatif\/#breadcrumb\"},\"inLanguage\":\"en-US\",\"potentialAction\":[{\"@type\":\"ReadAction\",\"target\":[\"https:\/\/empow-her.com\/produit\/atelier-crowdfunding-decouvrir-le-financement-participatif\/\"]}]},{\"@type\":\"ImageObject\",\"inLanguage\":\"en-US\",\"@id\":\"https:\/\/empow-her.com\/produit\/atelier-crowdfunding-decouvrir-le-financement-participatif\/#primaryimage\",\"url\":\"https:\/\/empow-her.com\/wp-content\/uploads\/2025\/01\/Women-Dare-templates-events-26.png\",\"contentUrl\":\"https:\/\/empow-her.com\/wp-content\/uploads\/2025\/01\/Women-Dare-templates-events-26.png\",\"width\":1080,\"height\":1080},{\"@type\":\"BreadcrumbList\",\"@id\":\"https:\/\/empow-her.com\/produit\/atelier-crowdfunding-decouvrir-le-financement-participatif\/#breadcrumb\",\"itemListElement\":[{\"@type\":\"ListItem\",\"position\":1,\"name\":\"Accueil\",\"item\":\"https:\/\/empow-her.com\/en\/landing-page\/\"},{\"@type\":\"ListItem\",\"position\":2,\"name\":\"LA BOUTIQUE\",\"item\":\"https:\/\/empow-her.com\/boutique\/\"},{\"@type\":\"ListItem\",\"position\":3,\"name\":\"Atelier &#8211; Crowdfunding : D\u00e9couvrir le financement participatif\"}]},{\"@type\":\"WebSite\",\"@id\":\"https:\/\/empow-her.com\/#website\",\"url\":\"https:\/\/empow-her.com\/\",\"name\":\"Empow&#039;Her\",\"description\":\"Women Development\",\"potentialAction\":[{\"@type\":\"SearchAction\",\"target\":{\"@type\":\"EntryPoint\",\"urlTemplate\":\"https:\/\/empow-her.com\/?s={search_term_string}\"},\"query-input\":{\"@type\":\"PropertyValueSpecification\",\"valueRequired\":true,\"valueName\":\"search_term_string\"}}],\"inLanguage\":\"en-US\"}]}<\/script>\n<!-- \/ Yoast SEO plugin. -->","yoast_head_json":{"title":"Atelier - Crowdfunding : D\u00e9couvrir le financement participatif - Empow&#039;Her","robots":{"index":"index","follow":"follow","max-snippet":"max-snippet:-1","max-image-preview":"max-image-preview:large","max-video-preview":"max-video-preview:-1"},"canonical":"https:\/\/empow-her.com\/produit\/atelier-crowdfunding-decouvrir-le-financement-participatif\/","og_locale":"en_US","og_type":"article","og_title":"Atelier - Crowdfunding : D\u00e9couvrir le financement participatif - Empow&#039;Her","og_description":"Vous \u00eates entrepeneur\u00b7e sur le point de commencer un projet de crowdfunding, ou tout simplement curieux\u00b7se\u00a0mais il vous manque encore quelques billes sur le financement participatif ? C'est le moment de se familiariser sans complexe et de passer le pas accompagn\u00e9 par\u00a0Ulule\u00a0! Cet atelier vous propose de d\u00e9couvrir le crowdfunding, un outil puissant pour tester sa proposition de valeur, lever des fonds et f\u00e9d\u00e9rer autour de son projet. L'atelier permettra de comprendre comment pr\u00e9parer au mieux sa campagne avec des m\u00e9thodes concr\u00e8tes et des bonnes pratiques.  Claire Vasile, Directrice Impact &amp; Entrepreneuriat chez Ulule, vous propose un atelier d'1h30 pour   d\u00e9finir vos objectifs de campagne  identifier les facteurs cl\u00e9s de succ\u00e8s  comprendre les \u00e9tapes et m\u00e9thodes de pr\u00e9paration  &nbsp;  &nbsp;","og_url":"https:\/\/empow-her.com\/produit\/atelier-crowdfunding-decouvrir-le-financement-participatif\/","og_site_name":"Empow&#039;Her","article_modified_time":"2025-01-27T18:28:40+00:00","og_image":[{"width":1080,"height":1080,"url":"https:\/\/empow-her.com\/wp-content\/uploads\/2025\/01\/Women-Dare-templates-events-26.png","type":"image\/png"}],"twitter_card":"summary_large_image","twitter_misc":{"Est. reading time":"1 minute"},"schema":{"@context":"https:\/\/schema.org","@graph":[{"@type":"WebPage","@id":"https:\/\/empow-her.com\/produit\/atelier-crowdfunding-decouvrir-le-financement-participatif\/","url":"https:\/\/empow-her.com\/produit\/atelier-crowdfunding-decouvrir-le-financement-participatif\/","name":"Atelier - Crowdfunding : D\u00e9couvrir le financement participatif - Empow&#039;Her","isPartOf":{"@id":"https:\/\/empow-her.com\/#website"},"primaryImageOfPage":{"@id":"https:\/\/empow-her.com\/produit\/atelier-crowdfunding-decouvrir-le-financement-participatif\/#primaryimage"},"image":{"@id":"https:\/\/empow-her.com\/produit\/atelier-crowdfunding-decouvrir-le-financement-participatif\/#primaryimage"},"thumbnailUrl":"https:\/\/empow-her.com\/wp-content\/uploads\/2025\/01\/Women-Dare-templates-events-26.png","datePublished":"2025-01-21T09:31:28+00:00","dateModified":"2025-01-27T18:28:40+00:00","breadcrumb":{"@id":"https:\/\/empow-her.com\/produit\/atelier-crowdfunding-decouvrir-le-financement-participatif\/#breadcrumb"},"inLanguage":"en-US","potentialAction":[{"@type":"ReadAction","target":["https:\/\/empow-her.com\/produit\/atelier-crowdfunding-decouvrir-le-financement-participatif\/"]}]},{"@type":"ImageObject","inLanguage":"en-US","@id":"https:\/\/empow-her.com\/produit\/atelier-crowdfunding-decouvrir-le-financement-participatif\/#primaryimage","url":"https:\/\/empow-her.com\/wp-content\/uploads\/2025\/01\/Women-Dare-templates-events-26.png","contentUrl":"https:\/\/empow-her.com\/wp-content\/uploads\/2025\/01\/Women-Dare-templates-events-26.png","width":1080,"height":1080},{"@type":"BreadcrumbList","@id":"https:\/\/empow-her.com\/produit\/atelier-crowdfunding-decouvrir-le-financement-participatif\/#breadcrumb","itemListElement":[{"@type":"ListItem","position":1,"name":"Accueil","item":"https:\/\/empow-her.com\/en\/landing-page\/"},{"@type":"ListItem","position":2,"name":"LA BOUTIQUE","item":"https:\/\/empow-her.com\/boutique\/"},{"@type":"ListItem","position":3,"name":"Atelier &#8211; Crowdfunding : D\u00e9couvrir le financement participatif"}]},{"@type":"WebSite","@id":"https:\/\/empow-her.com\/#website","url":"https:\/\/empow-her.com\/","name":"Empow&#039;Her","description":"Women Development","potentialAction":[{"@type":"SearchAction","target":{"@type":"EntryPoint","urlTemplate":"https:\/\/empow-her.com\/?s={search_term_string}"},"query-input":{"@type":"PropertyValueSpecification","valueRequired":true,"valueName":"search_term_string"}}],"inLanguage":"en-US"}]}},"_links":{"self":[{"href":"https:\/\/empow-her.com\/en\/wp-json\/wp\/v2\/product\/263632","targetHints":{"allow":["GET"]}}],"collection":[{"href":"https:\/\/empow-her.com\/en\/wp-json\/wp\/v2\/product"}],"about":[{"href":"https:\/\/empow-her.com\/en\/wp-json\/wp\/v2\/types\/product"}],"wp:featuredmedia":[{"embeddable":true,"href":"https:\/\/empow-her.com\/en\/wp-json\/wp\/v2\/media\/263634"}],"wp:attachment":[{"href":"https:\/\/empow-her.com\/en\/wp-json\/wp\/v2\/media?parent=263632"}],"wp:term":[{"taxonomy":"product_brand","embeddable":true,"href":"https:\/\/empow-her.com\/en\/wp-json\/wp\/v2\/product_brand?post=263632"},{"taxonomy":"product_cat","embeddable":true,"href":"https:\/\/empow-her.com\/en\/wp-json\/wp\/v2\/product_cat?post=263632"},{"taxonomy":"product_tag","embeddable":true,"href":"https:\/\/empow-her.com\/en\/wp-json\/wp\/v2\/product_tag?post=263632"},{"taxonomy":"lieu","embeddable":true,"href":"https:\/\/empow-her.com\/en\/wp-json\/wp\/v2\/lieu?post=263632"},{"taxonomy":"thematiques","embeddable":true,"href":"https:\/\/empow-her.com\/en\/wp-json\/wp\/v2\/thematiques?post=263632"}],"curies":[{"name":"wp","href":"https:\/\/api.w.org\/{rel}","templated":true}]}}