{"id":263061,"date":"2025-01-15T11:22:46","date_gmt":"2025-01-15T10:22:46","guid":{"rendered":"https:\/\/empow-her.com\/?post_type=product&#038;p=263061"},"modified":"2025-03-10T10:15:38","modified_gmt":"2025-03-10T09:15:38","slug":"tiers-lieux-feminisme-apero","status":"publish","type":"product","link":"https:\/\/empow-her.com\/en\/produit\/tiers-lieux-feminisme-apero\/","title":{"rendered":"Ap\u00e9ro tiers-lieux : quelle place pour le f\u00e9minisme dans ces espaces communs ?"},"content":{"rendered":"<p>Depuis plusieurs ann\u00e9es, le mot <em>&#8220;tiers-lieu&#8221;<\/em> prend de plus en plus de place et d&#8217;importance au sein des territoires. Si sa d\u00e9finition varie, les espaces qui se reconnaissent comme tel ont tout de m\u00eame comme d\u00e9nominateurs communs leur volont\u00e9 de<strong> cr\u00e9er du lien et d&#8217;encourager la coop\u00e9ration<\/strong> tout en s&#8217;effor\u00e7ant de <strong>r\u00e9pondre aux diff\u00e9rents enjeux de transition sociale et environnementale actuels<\/strong>.<\/p>\n<p>Malgr\u00e9 leur d\u00e9marche motiv\u00e9e par l&#8217;int\u00e9r\u00eat g\u00e9n\u00e9ral, les tiers-lieux sont-ils herm\u00e9tiques aux dynamiques d&#8217;oppression et \u00e0 la soci\u00e9t\u00e9 fondamentalement patriarcale dans laquelle ils se construisent malgr\u00e9 eux ?<\/p>\n<p><span style=\"font-weight: 400;\">&#x1f4a1;Vous \u00eates int\u00e9res\u00e9\u00b7e par les questions f\u00e9ministes dans les tiers-lieux ?<\/span><\/p>\n<p><span style=\"font-weight: 400;\">&#x270a;V<\/span><span style=\"font-weight: 400;\">ous <\/span><span style=\"font-weight: 400;\">avez envie de penser vos lieux comme des espaces d&#8217;\u00e9mancipations et de luttes ?<\/span><\/p>\n<p><span style=\"font-weight: 400;\">&#x1f49c;Vous souhaitez rendre vos lieux plus inclusifs, plus s\u00fbrs et accueillants ?<\/span><\/p>\n<p>&#x1f440;Vous \u00eates simplement curieux\u00b7se ?<\/p>\n<p>Ce temps d&#8217;\u00e9change est fait pour vous !<\/p>\n<h4>Au programme<\/h4>\n<ul>\n<li>Une \u00e9coute du Podcast<em> &#8220;Femmes en Tiers-Lieux, b\u00e2tisseuses de demain&#8221;<\/em> en pr\u00e9sence de sa r\u00e9alisatrice Lise Dary<\/li>\n<li>Une discussion autour de la place du f\u00e9minisme dans les tiers-lieux avec <strong>Julie Gorrias<\/strong> (Coordinatrice de la Cit\u00e9 Audacieuse, Fondation des Femmes), <strong>Lise Dary<\/strong> (Charg\u00e9e de projet tiers-lieux \u00e0 l&#8217;Agence Nationale de Coh\u00e9sion des Territoires) et <strong>Mihaela Cretu<\/strong> (Responsable accompagnement et Tiers-lieux chez Empow&#8217;Her)<\/li>\n<li>Un ap\u00e9ro networking pour cr\u00e9er du lien entre les diff\u00e9rentes structures motiv\u00e9es \u00e0 l&#8217;id\u00e9e de rendre leurs espaces encore plus s\u00fbrs, collectifs et \u00e9panouissants\u00a0 &#x1f4aa;<\/li>\n<\/ul>\n<h3><strong>Infos pratiques<\/strong><\/h3>\n<div class=\"l7ghb35v kjdc1dyq kmwttqpk gh25dzvf jikcssrz\"><span class=\"fxk3tzhb b2rh1bv3 gh55jysx m8h3af8h ewco64xe kjdc1dyq ms56khn7 bq6c9xl4 eohcrkr5 akh3l2rg\"><img decoding=\"async\" src=\"https:\/\/static.xx.fbcdn.net\/images\/emoji.php\/v9\/td7\/1.5\/16\/1f4c5.png\" alt=\"&#x1f4c5;\" width=\"16\" height=\"16\" \/><\/span> L\u2019\u00e9v\u00e9nement se d\u00e9roulera le jeudi 13 mars<\/div>\n<div class=\"l7ghb35v kjdc1dyq kmwttqpk gh25dzvf jikcssrz\">&#x231b;&#xfe0f; De 18h30 \u00e0 20h45<br \/>\n<span class=\"fxk3tzhb b2rh1bv3 gh55jysx m8h3af8h ewco64xe kjdc1dyq ms56khn7 bq6c9xl4 eohcrkr5 akh3l2rg\"><img decoding=\"async\" src=\"https:\/\/static.xx.fbcdn.net\/images\/emoji.php\/v9\/t8b\/1.5\/16\/1f516.png\" alt=\"&#x1f516;\" width=\"16\" height=\"16\" \/><\/span> R\u00e9servation gratuite obligatoire<\/div>\n<div class=\"l7ghb35v kjdc1dyq kmwttqpk gh25dzvf jikcssrz\"><span class=\"fxk3tzhb b2rh1bv3 gh55jysx m8h3af8h ewco64xe kjdc1dyq ms56khn7 bq6c9xl4 eohcrkr5 akh3l2rg\"><img decoding=\"async\" src=\"https:\/\/static.xx.fbcdn.net\/images\/emoji.php\/v9\/t86\/1.5\/16\/1f4cd.png\" alt=\"&#x1f4cd;\" width=\"16\" height=\"16\" \/><\/span> Sist\u2019Her : 82 rue du Faubourg Saint-Martin 75010 Paris<\/div>\n<div><\/div>\n<div>&#x1f646;&#x1f646;&#x200d;&#x2640;&#xfe0f;&#x1f646;&#x200d;&#x2642;&#xfe0f; : Cet \u00e9v\u00e9nement est mixte, il est accessible \u00e0 toutes et tous<\/div>\n<div><\/div>\n<div>&#x267f;: \u200bNous tenons \u00e0 vous informer que l\u2019acc\u00e8s au b\u00e2timent peut \u00eatre difficile pour les personnes \u00e0 mobilit\u00e9 r\u00e9duite. Pour toute question, nous vous invitons \u00e0 contacter l\u2019adresse suivante : fatoumata.diarra@empow-her.com. Nous nous efforcerons de trouver des solutions ensemble.<\/div>\n","protected":false},"excerpt":{"rendered":"<div class=\"l7ghb35v kjdc1dyq kmwttqpk gh25dzvf jikcssrz\">\n<p>Depuis plusieurs ann\u00e9es, le mot <em>&#8220;tiers-lieu&#8221;<\/em> prend de plus en plus de place et d&#8217;importance au sein des territoires. Si sa d\u00e9finition varie, les espaces qui se reconnaissent comme tel ont tout de m\u00eame comme d\u00e9nominateurs communs leur volont\u00e9 de<strong> cr\u00e9er du lien et d&#8217;encourager la coop\u00e9ration<\/strong> tout en s&#8217;effor\u00e7ant de <strong>r\u00e9pondre aux diff\u00e9rents enjeux de transition sociale et environnementale actuels<\/strong>.<\/p>\n<p>Malgr\u00e9 leur d\u00e9marche motiv\u00e9e par l&#8217;int\u00e9r\u00eat g\u00e9n\u00e9ral,<strong> les tiers-lieux sont-ils herm\u00e9tiques aux dynamiques d&#8217;oppression et \u00e0 la soci\u00e9t\u00e9 fondamentalement patriarcale dans laquelle ils se construisent malgr\u00e9 eux<\/strong> ?<\/p>\n<p><span style=\"font-weight: 400;\">&#x1f4a1;Vous \u00eates int\u00e9res\u00e9\u00b7e par les questions f\u00e9ministes dans les tiers-lieux ?<\/span><\/p>\n<p><span style=\"font-weight: 400;\">&#x270a;V<\/span><span style=\"font-weight: 400;\">ous <\/span><span style=\"font-weight: 400;\">avez envie de penser vos lieux comme des espaces d&#8217;\u00e9mancipations et de luttes ?<\/span><\/p>\n<p><span style=\"font-weight: 400;\">&#x1f49c;Vous souhaitez rendre vos lieux plus inclusifs, plus s\u00fbrs et accueillants ?<\/span><\/p>\n<p>&#x1f440;Vous \u00eates simplement curieux\u00b7se ?<\/p>\n<p>Ce temps d&#8217;\u00e9change est fait pour vous !<\/p>\n<p><span style=\"color: #ffffff;\">.<\/span><\/p>\n<h4>Au programme<\/h4>\n<ul>\n<li>Une \u00e9coute du Podcast<em> &#8220;<a href=\"https:\/\/audioblog.arteradio.com\/blog\/246263\/femmes-en-tiers-lieux-batisseuses-de-demain\">Femmes en Tiers-Lieux, b\u00e2tisseuses de demain<\/a>&#8220;<\/em> en pr\u00e9sence de sa r\u00e9alisatrice Lise Dary<\/li>\n<li>Une discussion autour de la place du f\u00e9minisme dans les tiers-lieux avec <strong>Julie Gorrias<\/strong> (Coordinatrice de la Cit\u00e9 Audacieuse, Fondation des Femmes), <strong>Lise Dary<\/strong> (Charg\u00e9e de projet tiers-lieux \u00e0 l&#8217;Agence Nationale de Coh\u00e9sion des Territoires) et <strong>Mihaela Cretu<\/strong> (Responsable accompagnement et Tiers-lieux chez Empow&#8217;Her)<\/li>\n<li>Un ap\u00e9ro networking pour cr\u00e9er du lien entre les diff\u00e9rentes structures motiv\u00e9es \u00e0 l&#8217;id\u00e9e de rendre leurs espaces encore plus s\u00fbrs, collectifs et \u00e9panouissants\u00a0 &#x1f4aa;<\/li>\n<\/ul>\n<p><span style=\"color: #ffffff;\">.<\/span><\/p>\n<h3><strong>Infos pratiques<\/strong><\/h3>\n<div class=\"l7ghb35v kjdc1dyq kmwttqpk gh25dzvf jikcssrz\"><span class=\"fxk3tzhb b2rh1bv3 gh55jysx m8h3af8h ewco64xe kjdc1dyq ms56khn7 bq6c9xl4 eohcrkr5 akh3l2rg\"><img decoding=\"async\" src=\"https:\/\/static.xx.fbcdn.net\/images\/emoji.php\/v9\/td7\/1.5\/16\/1f4c5.png\" alt=\"&#x1f4c5;\" width=\"16\" height=\"16\" \/><\/span> L\u2019\u00e9v\u00e9nement se d\u00e9roulera le jeudi 13 mars<\/div>\n<div class=\"l7ghb35v kjdc1dyq kmwttqpk gh25dzvf jikcssrz\">&#x231b;&#xfe0f; De 18h30 \u00e0 20h45<br \/>\n<span class=\"fxk3tzhb b2rh1bv3 gh55jysx m8h3af8h ewco64xe kjdc1dyq ms56khn7 bq6c9xl4 eohcrkr5 akh3l2rg\"><img decoding=\"async\" src=\"https:\/\/static.xx.fbcdn.net\/images\/emoji.php\/v9\/t8b\/1.5\/16\/1f516.png\" alt=\"&#x1f516;\" width=\"16\" height=\"16\" \/><\/span> R\u00e9servation gratuite obligatoire<\/div>\n<div class=\"l7ghb35v kjdc1dyq kmwttqpk gh25dzvf jikcssrz\"><span class=\"fxk3tzhb b2rh1bv3 gh55jysx m8h3af8h ewco64xe kjdc1dyq ms56khn7 bq6c9xl4 eohcrkr5 akh3l2rg\"><img decoding=\"async\" src=\"https:\/\/static.xx.fbcdn.net\/images\/emoji.php\/v9\/t86\/1.5\/16\/1f4cd.png\" alt=\"&#x1f4cd;\" width=\"16\" height=\"16\" \/><\/span> Sist\u2019Her : 82 rue du Faubourg Saint-Martin 75010 Paris<\/div>\n<\/div>\n<div><span style=\"color: #ffffff;\">.<\/span><\/div>\n<div class=\"l7ghb35v kjdc1dyq kmwttqpk gh25dzvf jikcssrz\">\n<div><\/div>\n<div>&#x1f646;&#x1f646;&#x200d;&#x2640;&#xfe0f;&#x1f646;&#x200d;&#x2642;&#xfe0f; : Cet \u00e9v\u00e9nement est mixte, il est accessible \u00e0 toutes et tous<\/div>\n<div><span style=\"color: #ffffff;\">.<\/span><\/div>\n<div><\/div>\n<div>&#x267f;: \u200bNous tenons \u00e0 vous informer que l\u2019acc\u00e8s au b\u00e2timent peut \u00eatre difficile pour les personnes \u00e0 mobilit\u00e9 r\u00e9duite. Pour toute question, nous vous invitons \u00e0 contacter l\u2019adresse suivante : fatoumata.diarra@empow-her.com. Nous nous efforcerons de trouver des solutions ensemble.<\/div>\n<\/div>\n<div><span style=\"color: #ffffff;\">.<\/span><\/div>\n<div><span style=\"color: #ffffff;\">.<\/span><\/div>\n<div><span style=\"color: #ffffff;\">.<\/span><\/div>\n<div><span style=\"color: #ffffff;\">.<\/span><\/div>\n<div><span style=\"color: #ffffff;\">.<\/span><\/div>\n<div><span style=\"color: #ffffff;\">.<\/span><\/div>\n<div>\n<div class=\"l7ghb35v kjdc1dyq kmwttqpk gh25dzvf jikcssrz\">Ouvert en mars 2021 par l\u2019ONG\u00a0<a href=\"https:\/\/empow-her.com\/\">Empow\u2019Her<\/a>, Sist\u2019Her Paris est un espace de partage et de cr\u00e9ation f\u00e9ministe, accessible \u00e0 tous.tes, d\u00e9di\u00e9 \u00e0 l\u2019\u00e9criture collective d\u2019un nouveau narratif entrepreneurial et \u00e0 l\u2019outillage des combats pour des soci\u00e9t\u00e9s plus justes, durables et \u00e9galitaires.<\/div>\n<div><span style=\"color: #ffffff;\">.<\/span><\/div>\n<div>Retrouvez tous les \u00e9v\u00e9nements des prochains mois chez Sist\u2019Her dans notre\u00a0<a href=\"https:\/\/empow-her.com\/agenda-empowher\/\">agenda<\/a>\u00a0!<\/div>\n<div><span style=\"color: #ffffff;\">.<\/span><\/div>\n<div>Suivez Sist\u2019Her sur notre\u00a0<a href=\"https:\/\/www.instagram.com\/sisther.paris\/\">Instagram<\/a>\u00a0!<\/div>\n<div><span style=\"color: #ffffff;\">.<\/span><\/div>\n<div class=\"l7ghb35v kjdc1dyq kmwttqpk gh25dzvf jikcssrz\">\u00c0 tr\u00e8s vite !\u00a0<span class=\"fxk3tzhb b2rh1bv3 gh55jysx m8h3af8h ewco64xe kjdc1dyq ms56khn7 bq6c9xl4 eohcrkr5 akh3l2rg\"><img loading=\"lazy\" decoding=\"async\" src=\"https:\/\/static.xx.fbcdn.net\/images\/emoji.php\/v9\/t56\/1.5\/16\/1f64c.png\" alt=\"&#x1f64c;\" width=\"16\" height=\"16\" \/><\/span><\/div>\n<\/div>\n","protected":false},"featured_media":263082,"template":"","format":"standard","meta":{"_acf_changed":false,"om_disable_all_campaigns":false,"_uf_show_specific_survey":0,"_uf_disable_surveys":false},"product_brand":[],"product_cat":[119],"product_tag":[178,174,132],"lieu":[127],"thematiques":[],"class_list":{"0":"post-263061","1":"product","2":"type-product","3":"status-publish","4":"format-standard","5":"has-post-thumbnail","7":"product_cat-evenement-sisther","8":"product_tag-evenement-sisther","9":"product_tag-happy-her","10":"product_tag-sisther","11":"lieu-hub-empowher","13":"first","14":"instock","15":"virtual","16":"purchasable","17":"product-type-appointment"},"exclude_global_add_ons":[],"addons":[],"acf":[],"yoast_head":"<!-- This site is optimized with the Yoast SEO plugin v24.8 - https:\/\/yoast.com\/wordpress\/plugins\/seo\/ -->\n<title>Tiers-lieux : quelle place pour le f\u00e9minisme dans ces espaces ?<\/title>\n<meta name=\"description\" content=\"Rendez-vous chez Sist&#039;Her Paris pour une discussion et un ap\u00e9ro autour des enjeux de f\u00e9minisme dans les tiers-lieux ! L&#039;occasion de rencontrer l&#039;\u00e9cosyst\u00e8me\" \/>\n<meta name=\"robots\" content=\"index, follow, max-snippet:-1, max-image-preview:large, max-video-preview:-1\" \/>\n<link rel=\"canonical\" href=\"https:\/\/empow-her.com\/produit\/tiers-lieux-feminisme-apero\/\" \/>\n<meta property=\"og:locale\" content=\"en_US\" \/>\n<meta property=\"og:type\" content=\"article\" \/>\n<meta property=\"og:title\" content=\"Tiers-lieux : quelle place pour le f\u00e9minisme dans ces espaces ?\" \/>\n<meta property=\"og:description\" content=\"Rendez-vous chez Sist&#039;Her Paris pour une discussion et un ap\u00e9ro autour des enjeux de f\u00e9minisme dans les tiers-lieux ! L&#039;occasion de rencontrer l&#039;\u00e9cosyst\u00e8me\" \/>\n<meta property=\"og:url\" content=\"https:\/\/empow-her.com\/produit\/tiers-lieux-feminisme-apero\/\" \/>\n<meta property=\"og:site_name\" content=\"Empow&#039;Her\" \/>\n<meta property=\"article:modified_time\" content=\"2025-03-10T09:15:38+00:00\" \/>\n<meta property=\"og:image\" content=\"https:\/\/empow-her.com\/wp-content\/uploads\/2025\/01\/HAPPY-HER-.png\" \/>\n\t<meta property=\"og:image:width\" content=\"1080\" \/>\n\t<meta property=\"og:image:height\" content=\"1080\" \/>\n\t<meta property=\"og:image:type\" content=\"image\/png\" \/>\n<meta name=\"twitter:card\" content=\"summary_large_image\" \/>\n<meta name=\"twitter:label1\" content=\"Est. reading time\" \/>\n\t<meta name=\"twitter:data1\" content=\"3 minutes\" \/>\n<script type=\"application\/ld+json\" class=\"yoast-schema-graph\">{\"@context\":\"https:\/\/schema.org\",\"@graph\":[{\"@type\":\"WebPage\",\"@id\":\"https:\/\/empow-her.com\/produit\/tiers-lieux-feminisme-apero\/\",\"url\":\"https:\/\/empow-her.com\/produit\/tiers-lieux-feminisme-apero\/\",\"name\":\"Tiers-lieux : quelle place pour le f\u00e9minisme dans ces espaces ?\",\"isPartOf\":{\"@id\":\"https:\/\/empow-her.com\/#website\"},\"primaryImageOfPage\":{\"@id\":\"https:\/\/empow-her.com\/produit\/tiers-lieux-feminisme-apero\/#primaryimage\"},\"image\":{\"@id\":\"https:\/\/empow-her.com\/produit\/tiers-lieux-feminisme-apero\/#primaryimage\"},\"thumbnailUrl\":\"https:\/\/empow-her.com\/wp-content\/uploads\/2025\/01\/HAPPY-HER-.png\",\"datePublished\":\"2025-01-15T10:22:46+00:00\",\"dateModified\":\"2025-03-10T09:15:38+00:00\",\"description\":\"Rendez-vous chez Sist'Her Paris pour une discussion et un ap\u00e9ro autour des enjeux de f\u00e9minisme dans les tiers-lieux ! L'occasion de rencontrer l'\u00e9cosyst\u00e8me\",\"breadcrumb\":{\"@id\":\"https:\/\/empow-her.com\/produit\/tiers-lieux-feminisme-apero\/#breadcrumb\"},\"inLanguage\":\"en-US\",\"potentialAction\":[{\"@type\":\"ReadAction\",\"target\":[\"https:\/\/empow-her.com\/produit\/tiers-lieux-feminisme-apero\/\"]}]},{\"@type\":\"ImageObject\",\"inLanguage\":\"en-US\",\"@id\":\"https:\/\/empow-her.com\/produit\/tiers-lieux-feminisme-apero\/#primaryimage\",\"url\":\"https:\/\/empow-her.com\/wp-content\/uploads\/2025\/01\/HAPPY-HER-.png\",\"contentUrl\":\"https:\/\/empow-her.com\/wp-content\/uploads\/2025\/01\/HAPPY-HER-.png\",\"width\":1080,\"height\":1080},{\"@type\":\"BreadcrumbList\",\"@id\":\"https:\/\/empow-her.com\/produit\/tiers-lieux-feminisme-apero\/#breadcrumb\",\"itemListElement\":[{\"@type\":\"ListItem\",\"position\":1,\"name\":\"Accueil\",\"item\":\"https:\/\/empow-her.com\/en\/landing-page\/\"},{\"@type\":\"ListItem\",\"position\":2,\"name\":\"LA BOUTIQUE\",\"item\":\"https:\/\/empow-her.com\/boutique\/\"},{\"@type\":\"ListItem\",\"position\":3,\"name\":\"Ap\u00e9ro tiers-lieux : quelle place pour le f\u00e9minisme dans ces espaces communs ?\"}]},{\"@type\":\"WebSite\",\"@id\":\"https:\/\/empow-her.com\/#website\",\"url\":\"https:\/\/empow-her.com\/\",\"name\":\"Empow&#039;Her\",\"description\":\"Women Development\",\"potentialAction\":[{\"@type\":\"SearchAction\",\"target\":{\"@type\":\"EntryPoint\",\"urlTemplate\":\"https:\/\/empow-her.com\/?s={search_term_string}\"},\"query-input\":{\"@type\":\"PropertyValueSpecification\",\"valueRequired\":true,\"valueName\":\"search_term_string\"}}],\"inLanguage\":\"en-US\"}]}<\/script>\n<!-- \/ Yoast SEO plugin. -->","yoast_head_json":{"title":"Tiers-lieux : quelle place pour le f\u00e9minisme dans ces espaces ?","description":"Rendez-vous chez Sist'Her Paris pour une discussion et un ap\u00e9ro autour des enjeux de f\u00e9minisme dans les tiers-lieux ! L'occasion de rencontrer l'\u00e9cosyst\u00e8me","robots":{"index":"index","follow":"follow","max-snippet":"max-snippet:-1","max-image-preview":"max-image-preview:large","max-video-preview":"max-video-preview:-1"},"canonical":"https:\/\/empow-her.com\/produit\/tiers-lieux-feminisme-apero\/","og_locale":"en_US","og_type":"article","og_title":"Tiers-lieux : quelle place pour le f\u00e9minisme dans ces espaces ?","og_description":"Rendez-vous chez Sist'Her Paris pour une discussion et un ap\u00e9ro autour des enjeux de f\u00e9minisme dans les tiers-lieux ! L'occasion de rencontrer l'\u00e9cosyst\u00e8me","og_url":"https:\/\/empow-her.com\/produit\/tiers-lieux-feminisme-apero\/","og_site_name":"Empow&#039;Her","article_modified_time":"2025-03-10T09:15:38+00:00","og_image":[{"width":1080,"height":1080,"url":"https:\/\/empow-her.com\/wp-content\/uploads\/2025\/01\/HAPPY-HER-.png","type":"image\/png"}],"twitter_card":"summary_large_image","twitter_misc":{"Est. reading time":"3 minutes"},"schema":{"@context":"https:\/\/schema.org","@graph":[{"@type":"WebPage","@id":"https:\/\/empow-her.com\/produit\/tiers-lieux-feminisme-apero\/","url":"https:\/\/empow-her.com\/produit\/tiers-lieux-feminisme-apero\/","name":"Tiers-lieux : quelle place pour le f\u00e9minisme dans ces espaces ?","isPartOf":{"@id":"https:\/\/empow-her.com\/#website"},"primaryImageOfPage":{"@id":"https:\/\/empow-her.com\/produit\/tiers-lieux-feminisme-apero\/#primaryimage"},"image":{"@id":"https:\/\/empow-her.com\/produit\/tiers-lieux-feminisme-apero\/#primaryimage"},"thumbnailUrl":"https:\/\/empow-her.com\/wp-content\/uploads\/2025\/01\/HAPPY-HER-.png","datePublished":"2025-01-15T10:22:46+00:00","dateModified":"2025-03-10T09:15:38+00:00","description":"Rendez-vous chez Sist'Her Paris pour une discussion et un ap\u00e9ro autour des enjeux de f\u00e9minisme dans les tiers-lieux ! L'occasion de rencontrer l'\u00e9cosyst\u00e8me","breadcrumb":{"@id":"https:\/\/empow-her.com\/produit\/tiers-lieux-feminisme-apero\/#breadcrumb"},"inLanguage":"en-US","potentialAction":[{"@type":"ReadAction","target":["https:\/\/empow-her.com\/produit\/tiers-lieux-feminisme-apero\/"]}]},{"@type":"ImageObject","inLanguage":"en-US","@id":"https:\/\/empow-her.com\/produit\/tiers-lieux-feminisme-apero\/#primaryimage","url":"https:\/\/empow-her.com\/wp-content\/uploads\/2025\/01\/HAPPY-HER-.png","contentUrl":"https:\/\/empow-her.com\/wp-content\/uploads\/2025\/01\/HAPPY-HER-.png","width":1080,"height":1080},{"@type":"BreadcrumbList","@id":"https:\/\/empow-her.com\/produit\/tiers-lieux-feminisme-apero\/#breadcrumb","itemListElement":[{"@type":"ListItem","position":1,"name":"Accueil","item":"https:\/\/empow-her.com\/en\/landing-page\/"},{"@type":"ListItem","position":2,"name":"LA BOUTIQUE","item":"https:\/\/empow-her.com\/boutique\/"},{"@type":"ListItem","position":3,"name":"Ap\u00e9ro tiers-lieux : quelle place pour le f\u00e9minisme dans ces espaces communs ?"}]},{"@type":"WebSite","@id":"https:\/\/empow-her.com\/#website","url":"https:\/\/empow-her.com\/","name":"Empow&#039;Her","description":"Women Development","potentialAction":[{"@type":"SearchAction","target":{"@type":"EntryPoint","urlTemplate":"https:\/\/empow-her.com\/?s={search_term_string}"},"query-input":{"@type":"PropertyValueSpecification","valueRequired":true,"valueName":"search_term_string"}}],"inLanguage":"en-US"}]}},"_links":{"self":[{"href":"https:\/\/empow-her.com\/en\/wp-json\/wp\/v2\/product\/263061","targetHints":{"allow":["GET"]}}],"collection":[{"href":"https:\/\/empow-her.com\/en\/wp-json\/wp\/v2\/product"}],"about":[{"href":"https:\/\/empow-her.com\/en\/wp-json\/wp\/v2\/types\/product"}],"wp:featuredmedia":[{"embeddable":true,"href":"https:\/\/empow-her.com\/en\/wp-json\/wp\/v2\/media\/263082"}],"wp:attachment":[{"href":"https:\/\/empow-her.com\/en\/wp-json\/wp\/v2\/media?parent=263061"}],"wp:term":[{"taxonomy":"product_brand","embeddable":true,"href":"https:\/\/empow-her.com\/en\/wp-json\/wp\/v2\/product_brand?post=263061"},{"taxonomy":"product_cat","embeddable":true,"href":"https:\/\/empow-her.com\/en\/wp-json\/wp\/v2\/product_cat?post=263061"},{"taxonomy":"product_tag","embeddable":true,"href":"https:\/\/empow-her.com\/en\/wp-json\/wp\/v2\/product_tag?post=263061"},{"taxonomy":"lieu","embeddable":true,"href":"https:\/\/empow-her.com\/en\/wp-json\/wp\/v2\/lieu?post=263061"},{"taxonomy":"thematiques","embeddable":true,"href":"https:\/\/empow-her.com\/en\/wp-json\/wp\/v2\/thematiques?post=263061"}],"curies":[{"name":"wp","href":"https:\/\/api.w.org\/{rel}","templated":true}]}}