{"id":262557,"date":"2024-12-31T14:27:46","date_gmt":"2024-12-31T13:27:46","guid":{"rendered":"https:\/\/empow-her.com\/?post_type=product&#038;p=262557"},"modified":"2025-01-22T09:03:22","modified_gmt":"2025-01-22T08:03:22","slug":"atelier-surmonter-freins-personnels-peurs-blocages-croyances-limitantes","status":"publish","type":"product","link":"https:\/\/empow-her.com\/en\/produit\/atelier-surmonter-freins-personnels-peurs-blocages-croyances-limitantes\/","title":{"rendered":"Atelier &#8211; Surmonter freins personnels (peurs,  blocages, croyances limitantes)"},"content":{"rendered":"<p><strong>Besoins :<\/strong> Vous ressentez des blocages ou des peurs qui vous emp\u00eachent de passer \u00e0 l\u2019action dans votre projet entrepreneurial ? Vous avez du mal \u00e0 d\u00e9passer des croyances limitantes, \u00e0 prendre des d\u00e9cisions ou \u00e0 avancer sereinement ? Vous souhaitez comprendre d\u2019o\u00f9 viennent ces freins et comment les surmonter pour construire un projet qui vous ressemble ?<\/p>\n<p><strong>Objectifs :<\/strong> Cet atelier est con\u00e7u pour vous aider \u00e0 prendre conscience de vos peurs et blocages, qu\u2019ils soient d\u2019ordre psychologique, \u00e9motionnel ou strat\u00e9gique. Vous apprendrez \u00e0 les identifier, les d\u00e9construire et les remplacer par des pens\u00e9es positives et constructives, afin de lib\u00e9rer votre potentiel entrepreneurial. L\u2019objectif est de vous aider \u00e0 avancer en confiance et \u00e0 construire un projet align\u00e9 avec vos valeurs et vos ambitions.<\/p>\n<p><strong>D\u00e9roul\u00e9 de l\u2019atelier : Cet atelier est r\u00e9parti entre :<\/strong><\/p>\n<p>\u25cf Apports th\u00e9oriques en lien avec la psychologie<br \/>\n\u25cf Temps d\u2019introspection personnelle pour approfondir vos r\u00e9flexions<br \/>\n\u25cf Moments d\u2019\u00e9change en groupe pour partager vos exp\u00e9riences, si vous le souhaitez, \u00e9largir vos perspectives et favoriser des prises de conscience gr\u00e2ce \u00e0 la dynamique collective. Chaque participant.e disposera d\u2019un support d\u00e9di\u00e9, fourni par les intervenants, pour r\u00e9aliser les exercices pratiques, noter ses id\u00e9es et repartir avec un outil personnalis\u00e9 refl\u00e9tant son cheminement tout au long de l\u2019atelier.<\/p>\n<p><strong>Intervenants : Manon LETHENET et Dylan HERRY :<\/strong><\/p>\n<p>Passionn\u00e9s par l&#8217;entrepreneuriat et l\u2019humain en g\u00e9n\u00e9ral, nous avons \u00e0 c\u0153ur d\u2019accompagner les cr\u00e9ateurs de projets \u00e0 s\u2019\u00e9panouir au quotidien dans ce qui les fait vibrer et \u00e0 avancer sereinement dans l\u2019\u00e9volution de leurs projets malgr\u00e9 leurs freins personnels ou ext\u00e9rieurs. Notre duo, \u00e0 l\u2019image de l\u2019accompagnement que nous cr\u00e9ons pour les entrepreneurs, est compl\u00e9mentaire et \u00e9quilibr\u00e9. Manon est form\u00e9e en psychologie humaniste et accompagnement au changement. Elle partage des outils pour apprendre \u00e0 se conna\u00eetre, d\u00e9passer ses blocages personnels et explorer leur sens dans votre histoire. Dylan, apr\u00e8s plusieurs ann\u00e9es aupr\u00e8s de start-ups et incubateurs, apporte un regard strat\u00e9gique et une<br \/>\nexpertise en d\u00e9veloppement commercial pour structurer et faire grandir vos projets.<\/p>\n<p><strong>Notre super pouvoir :<\/strong> Combiner introspection et strat\u00e9gie pour cr\u00e9er des projets align\u00e9s et impactants.<\/p>\n<p><strong>Notre petit mot :<\/strong> L\u2019entrepreneuriat, c\u2019est bien plus qu\u2019un projet, c\u2019est un voyage vers soi-m\u00eame. Trouver votre \u00e9quilibre et vos forces int\u00e9rieures est la cl\u00e9 pour construire un avenir align\u00e9 avec vos valeurs et vos ambitions !<\/p>\n<p><strong> Lieu<\/strong> : Sist&#8217;Her Paris, 82 rue du Faubourg Saint-Martin<\/p>\n<p><strong>Attention !<\/strong> Veuillez vous pr\u00e9senter \u00e0 l&#8217;heure pour que l&#8217;activit\u00e9 puisse commencer \u00e0 temps. Si vous avez du retard veuillez pr\u00e9venir l&#8217;intervenant.e. Si vous avez plus de 15 min de retard l&#8217;intervenant.e se r\u00e9serve le droit de ne plus vous accepter pour le coaching ou l&#8217;atelier.<\/p>\n","protected":false},"excerpt":{"rendered":"<p><strong>Besoins :<\/strong> Vous ressentez des blocages ou des peurs qui vous emp\u00eachent de passer \u00e0 l\u2019action dans votre projet entrepreneurial ? Vous avez du mal \u00e0 d\u00e9passer des croyances limitantes, \u00e0 prendre des d\u00e9cisions ou \u00e0 avancer sereinement ? Vous souhaitez comprendre d\u2019o\u00f9 viennent ces freins et comment les surmonter pour construire un projet qui vous ressemble ?<\/p>\n<p><strong>Objectifs :<\/strong> Cet atelier est con\u00e7u pour vous aider \u00e0 prendre conscience de vos peurs et blocages, qu\u2019ils soient d\u2019ordre psychologique, \u00e9motionnel ou strat\u00e9gique. Vous apprendrez \u00e0 les identifier, les d\u00e9construire et les remplacer par des pens\u00e9es positives et constructives, afin de lib\u00e9rer votre potentiel entrepreneurial. L\u2019objectif est de vous aider \u00e0 avancer en confiance et \u00e0 construire un projet align\u00e9 avec vos valeurs et vos ambitions.<\/p>\n<p><strong>D\u00e9roul\u00e9 de l\u2019atelier : Cet atelier est r\u00e9parti entre :<\/strong><\/p>\n<p>\u25cf Apports th\u00e9oriques en lien avec la psychologie<br \/>\n\u25cf Temps d\u2019introspection personnelle pour approfondir vos r\u00e9flexions<br \/>\n\u25cf Moments d\u2019\u00e9change en groupe pour partager vos exp\u00e9riences, si vous le souhaitez, \u00e9largir vos perspectives et favoriser des prises de conscience gr\u00e2ce \u00e0 la dynamique collective. Chaque participant.e disposera d\u2019un support d\u00e9di\u00e9, fourni par les intervenants, pour r\u00e9aliser les exercices pratiques, noter ses id\u00e9es et repartir avec un outil personnalis\u00e9 refl\u00e9tant son cheminement tout au long de l\u2019atelier.<\/p>\n<p><strong>Intervenants : Manon LETHENET et Dylan HERRY :<\/strong><\/p>\n<p>Passionn\u00e9s par l&#8217;entrepreneuriat et l\u2019humain en g\u00e9n\u00e9ral, nous avons \u00e0 c\u0153ur d\u2019accompagner les cr\u00e9ateurs de projets \u00e0 s\u2019\u00e9panouir au quotidien dans ce qui les fait vibrer et \u00e0 avancer sereinement dans l\u2019\u00e9volution de leurs projets malgr\u00e9 leurs freins personnels ou ext\u00e9rieurs. Notre duo, \u00e0 l\u2019image de l\u2019accompagnement que nous cr\u00e9ons pour les entrepreneurs, est compl\u00e9mentaire et \u00e9quilibr\u00e9. Manon est form\u00e9e en psychologie humaniste et accompagnement au changement. Elle partage des outils pour apprendre \u00e0 se conna\u00eetre, d\u00e9passer ses blocages personnels et explorer leur sens dans votre histoire. Dylan, apr\u00e8s plusieurs ann\u00e9es aupr\u00e8s de start-ups et incubateurs, apporte un regard strat\u00e9gique et une<br \/>\nexpertise en d\u00e9veloppement commercial pour structurer et faire grandir vos projets.<\/p>\n<p><strong>Notre super pouvoir :<\/strong> Combiner introspection et strat\u00e9gie pour cr\u00e9er des projets align\u00e9s et impactants.<\/p>\n<p><strong>Notre petit mot :<\/strong> L\u2019entrepreneuriat, c\u2019est bien plus qu\u2019un projet, c\u2019est un voyage vers soi-m\u00eame. Trouver votre \u00e9quilibre et vos forces int\u00e9rieures est la cl\u00e9 pour construire un avenir align\u00e9 avec vos valeurs et vos ambitions !<\/p>\n<p><strong> Lieu<\/strong> : Sist&#8217;Her Paris, 82 rue du Faubourg Saint-Martin<\/p>\n<p><strong>Attention !<\/strong> Veuillez vous pr\u00e9senter \u00e0 l&#8217;heure pour que l&#8217;activit\u00e9 puisse commencer \u00e0 temps. Si vous avez du retard veuillez pr\u00e9venir l&#8217;intervenant.e. Si vous avez plus de 15 min de retard l&#8217;intervenant.e se r\u00e9serve le droit de ne plus vous accepter pour le coaching ou l&#8217;atelier.<\/p>\n","protected":false},"featured_media":262558,"template":"","format":"standard","meta":{"_acf_changed":false,"om_disable_all_campaigns":false,"_uf_show_specific_survey":0,"_uf_disable_surveys":false},"product_brand":[],"product_cat":[118],"product_tag":[132],"lieu":[127],"thematiques":[],"class_list":{"0":"post-262557","1":"product","2":"type-product","3":"status-publish","4":"format-standard","5":"has-post-thumbnail","7":"product_cat-atelier-collectif","8":"product_tag-sisther","9":"lieu-hub-empowher","11":"first","12":"instock","13":"virtual","14":"purchasable","15":"product-type-appointment"},"exclude_global_add_ons":[],"addons":[],"acf":[],"yoast_head":"<!-- This site is optimized with the Yoast SEO plugin v24.8 - https:\/\/yoast.com\/wordpress\/plugins\/seo\/ -->\n<title>Atelier - Surmonter freins personnels (peurs, blocages, croyances limitantes) - Empow&#039;Her<\/title>\n<meta name=\"robots\" content=\"index, follow, max-snippet:-1, max-image-preview:large, max-video-preview:-1\" \/>\n<link rel=\"canonical\" href=\"https:\/\/empow-her.com\/produit\/atelier-surmonter-freins-personnels-peurs-blocages-croyances-limitantes\/\" \/>\n<meta property=\"og:locale\" content=\"en_US\" \/>\n<meta property=\"og:type\" content=\"article\" \/>\n<meta property=\"og:title\" content=\"Atelier - Surmonter freins personnels (peurs, blocages, croyances limitantes) - Empow&#039;Her\" \/>\n<meta property=\"og:description\" content=\"Besoins : Vous ressentez des blocages ou des peurs qui vous emp\u00eachent de passer \u00e0 l\u2019action dans votre projet entrepreneurial ? Vous avez du mal \u00e0 d\u00e9passer des croyances limitantes, \u00e0 prendre des d\u00e9cisions ou \u00e0 avancer sereinement ? Vous souhaitez comprendre d\u2019o\u00f9 viennent ces freins et comment les surmonter pour construire un projet qui vous ressemble ?  Objectifs : Cet atelier est con\u00e7u pour vous aider \u00e0 prendre conscience de vos peurs et blocages, qu\u2019ils soient d\u2019ordre psychologique, \u00e9motionnel ou strat\u00e9gique. Vous apprendrez \u00e0 les identifier, les d\u00e9construire et les remplacer par des pens\u00e9es positives et constructives, afin de lib\u00e9rer votre potentiel entrepreneurial. L\u2019objectif est de vous aider \u00e0 avancer en confiance et \u00e0 construire un projet align\u00e9 avec vos valeurs et vos ambitions.  D\u00e9roul\u00e9 de l\u2019atelier : Cet atelier est r\u00e9parti entre :  \u25cf Apports th\u00e9oriques en lien avec la psychologie \u25cf Temps d\u2019introspection personnelle pour approfondir vos r\u00e9flexions \u25cf Moments d\u2019\u00e9change en groupe pour partager vos exp\u00e9riences, si vous le souhaitez, \u00e9largir vos perspectives et favoriser des prises de conscience gr\u00e2ce \u00e0 la dynamique collective. Chaque participant.e disposera d\u2019un support d\u00e9di\u00e9, fourni par les intervenants, pour r\u00e9aliser les exercices pratiques, noter ses id\u00e9es et repartir avec un outil personnalis\u00e9 refl\u00e9tant son cheminement tout au long de l\u2019atelier.  Intervenants : Manon LETHENET et Dylan HERRY :  Passionn\u00e9s par l&#039;entrepreneuriat et l\u2019humain en g\u00e9n\u00e9ral, nous avons \u00e0 c\u0153ur d\u2019accompagner les cr\u00e9ateurs de projets \u00e0 s\u2019\u00e9panouir au quotidien dans ce qui les fait vibrer et \u00e0 avancer sereinement dans l\u2019\u00e9volution de leurs projets malgr\u00e9 leurs freins personnels ou ext\u00e9rieurs. Notre duo, \u00e0 l\u2019image de l\u2019accompagnement que nous cr\u00e9ons pour les entrepreneurs, est compl\u00e9mentaire et \u00e9quilibr\u00e9. Manon est form\u00e9e en psychologie humaniste et accompagnement au changement. Elle partage des outils pour apprendre \u00e0 se conna\u00eetre, d\u00e9passer ses blocages personnels et explorer leur sens dans votre histoire. Dylan, apr\u00e8s plusieurs ann\u00e9es aupr\u00e8s de start-ups et incubateurs, apporte un regard strat\u00e9gique et une expertise en d\u00e9veloppement commercial pour structurer et faire grandir vos projets.  Notre super pouvoir : Combiner introspection et strat\u00e9gie pour cr\u00e9er des projets align\u00e9s et impactants.  Notre petit mot : L\u2019entrepreneuriat, c\u2019est bien plus qu\u2019un projet, c\u2019est un voyage vers soi-m\u00eame. Trouver votre \u00e9quilibre et vos forces int\u00e9rieures est la cl\u00e9 pour construire un avenir align\u00e9 avec vos valeurs et vos ambitions !   Lieu : Sist&#039;Her Paris, 82 rue du Faubourg Saint-Martin  Attention ! Veuillez vous pr\u00e9senter \u00e0 l&#039;heure pour que l&#039;activit\u00e9 puisse commencer \u00e0 temps. Si vous avez du retard veuillez pr\u00e9venir l&#039;intervenant.e. Si vous avez plus de 15 min de retard l&#039;intervenant.e se r\u00e9serve le droit de ne plus vous accepter pour le coaching ou l&#039;atelier.\" \/>\n<meta property=\"og:url\" content=\"https:\/\/empow-her.com\/produit\/atelier-surmonter-freins-personnels-peurs-blocages-croyances-limitantes\/\" \/>\n<meta property=\"og:site_name\" content=\"Empow&#039;Her\" \/>\n<meta property=\"article:modified_time\" content=\"2025-01-22T08:03:22+00:00\" \/>\n<meta property=\"og:image\" content=\"https:\/\/empow-her.com\/wp-content\/uploads\/2024\/12\/Women-Dare-templates-events-22.png\" \/>\n\t<meta property=\"og:image:width\" content=\"1080\" \/>\n\t<meta property=\"og:image:height\" content=\"1080\" \/>\n\t<meta property=\"og:image:type\" content=\"image\/png\" \/>\n<meta name=\"twitter:card\" content=\"summary_large_image\" \/>\n<meta name=\"twitter:label1\" content=\"Est. reading time\" \/>\n\t<meta name=\"twitter:data1\" content=\"3 minutes\" \/>\n<script type=\"application\/ld+json\" class=\"yoast-schema-graph\">{\"@context\":\"https:\/\/schema.org\",\"@graph\":[{\"@type\":\"WebPage\",\"@id\":\"https:\/\/empow-her.com\/produit\/atelier-surmonter-freins-personnels-peurs-blocages-croyances-limitantes\/\",\"url\":\"https:\/\/empow-her.com\/produit\/atelier-surmonter-freins-personnels-peurs-blocages-croyances-limitantes\/\",\"name\":\"Atelier - Surmonter freins personnels (peurs, blocages, croyances limitantes) - Empow&#039;Her\",\"isPartOf\":{\"@id\":\"https:\/\/empow-her.com\/#website\"},\"primaryImageOfPage\":{\"@id\":\"https:\/\/empow-her.com\/produit\/atelier-surmonter-freins-personnels-peurs-blocages-croyances-limitantes\/#primaryimage\"},\"image\":{\"@id\":\"https:\/\/empow-her.com\/produit\/atelier-surmonter-freins-personnels-peurs-blocages-croyances-limitantes\/#primaryimage\"},\"thumbnailUrl\":\"https:\/\/empow-her.com\/wp-content\/uploads\/2024\/12\/Women-Dare-templates-events-22.png\",\"datePublished\":\"2024-12-31T13:27:46+00:00\",\"dateModified\":\"2025-01-22T08:03:22+00:00\",\"breadcrumb\":{\"@id\":\"https:\/\/empow-her.com\/produit\/atelier-surmonter-freins-personnels-peurs-blocages-croyances-limitantes\/#breadcrumb\"},\"inLanguage\":\"en-US\",\"potentialAction\":[{\"@type\":\"ReadAction\",\"target\":[\"https:\/\/empow-her.com\/produit\/atelier-surmonter-freins-personnels-peurs-blocages-croyances-limitantes\/\"]}]},{\"@type\":\"ImageObject\",\"inLanguage\":\"en-US\",\"@id\":\"https:\/\/empow-her.com\/produit\/atelier-surmonter-freins-personnels-peurs-blocages-croyances-limitantes\/#primaryimage\",\"url\":\"https:\/\/empow-her.com\/wp-content\/uploads\/2024\/12\/Women-Dare-templates-events-22.png\",\"contentUrl\":\"https:\/\/empow-her.com\/wp-content\/uploads\/2024\/12\/Women-Dare-templates-events-22.png\",\"width\":1080,\"height\":1080},{\"@type\":\"BreadcrumbList\",\"@id\":\"https:\/\/empow-her.com\/produit\/atelier-surmonter-freins-personnels-peurs-blocages-croyances-limitantes\/#breadcrumb\",\"itemListElement\":[{\"@type\":\"ListItem\",\"position\":1,\"name\":\"Accueil\",\"item\":\"https:\/\/empow-her.com\/en\/landing-page\/\"},{\"@type\":\"ListItem\",\"position\":2,\"name\":\"LA BOUTIQUE\",\"item\":\"https:\/\/empow-her.com\/boutique\/\"},{\"@type\":\"ListItem\",\"position\":3,\"name\":\"Atelier &#8211; Surmonter freins personnels (peurs, blocages, croyances limitantes)\"}]},{\"@type\":\"WebSite\",\"@id\":\"https:\/\/empow-her.com\/#website\",\"url\":\"https:\/\/empow-her.com\/\",\"name\":\"Empow&#039;Her\",\"description\":\"Women Development\",\"potentialAction\":[{\"@type\":\"SearchAction\",\"target\":{\"@type\":\"EntryPoint\",\"urlTemplate\":\"https:\/\/empow-her.com\/?s={search_term_string}\"},\"query-input\":{\"@type\":\"PropertyValueSpecification\",\"valueRequired\":true,\"valueName\":\"search_term_string\"}}],\"inLanguage\":\"en-US\"}]}<\/script>\n<!-- \/ Yoast SEO plugin. -->","yoast_head_json":{"title":"Atelier - Surmonter freins personnels (peurs, blocages, croyances limitantes) - Empow&#039;Her","robots":{"index":"index","follow":"follow","max-snippet":"max-snippet:-1","max-image-preview":"max-image-preview:large","max-video-preview":"max-video-preview:-1"},"canonical":"https:\/\/empow-her.com\/produit\/atelier-surmonter-freins-personnels-peurs-blocages-croyances-limitantes\/","og_locale":"en_US","og_type":"article","og_title":"Atelier - Surmonter freins personnels (peurs, blocages, croyances limitantes) - Empow&#039;Her","og_description":"Besoins : Vous ressentez des blocages ou des peurs qui vous emp\u00eachent de passer \u00e0 l\u2019action dans votre projet entrepreneurial ? Vous avez du mal \u00e0 d\u00e9passer des croyances limitantes, \u00e0 prendre des d\u00e9cisions ou \u00e0 avancer sereinement ? Vous souhaitez comprendre d\u2019o\u00f9 viennent ces freins et comment les surmonter pour construire un projet qui vous ressemble ?  Objectifs : Cet atelier est con\u00e7u pour vous aider \u00e0 prendre conscience de vos peurs et blocages, qu\u2019ils soient d\u2019ordre psychologique, \u00e9motionnel ou strat\u00e9gique. Vous apprendrez \u00e0 les identifier, les d\u00e9construire et les remplacer par des pens\u00e9es positives et constructives, afin de lib\u00e9rer votre potentiel entrepreneurial. L\u2019objectif est de vous aider \u00e0 avancer en confiance et \u00e0 construire un projet align\u00e9 avec vos valeurs et vos ambitions.  D\u00e9roul\u00e9 de l\u2019atelier : Cet atelier est r\u00e9parti entre :  \u25cf Apports th\u00e9oriques en lien avec la psychologie \u25cf Temps d\u2019introspection personnelle pour approfondir vos r\u00e9flexions \u25cf Moments d\u2019\u00e9change en groupe pour partager vos exp\u00e9riences, si vous le souhaitez, \u00e9largir vos perspectives et favoriser des prises de conscience gr\u00e2ce \u00e0 la dynamique collective. Chaque participant.e disposera d\u2019un support d\u00e9di\u00e9, fourni par les intervenants, pour r\u00e9aliser les exercices pratiques, noter ses id\u00e9es et repartir avec un outil personnalis\u00e9 refl\u00e9tant son cheminement tout au long de l\u2019atelier.  Intervenants : Manon LETHENET et Dylan HERRY :  Passionn\u00e9s par l'entrepreneuriat et l\u2019humain en g\u00e9n\u00e9ral, nous avons \u00e0 c\u0153ur d\u2019accompagner les cr\u00e9ateurs de projets \u00e0 s\u2019\u00e9panouir au quotidien dans ce qui les fait vibrer et \u00e0 avancer sereinement dans l\u2019\u00e9volution de leurs projets malgr\u00e9 leurs freins personnels ou ext\u00e9rieurs. Notre duo, \u00e0 l\u2019image de l\u2019accompagnement que nous cr\u00e9ons pour les entrepreneurs, est compl\u00e9mentaire et \u00e9quilibr\u00e9. Manon est form\u00e9e en psychologie humaniste et accompagnement au changement. Elle partage des outils pour apprendre \u00e0 se conna\u00eetre, d\u00e9passer ses blocages personnels et explorer leur sens dans votre histoire. Dylan, apr\u00e8s plusieurs ann\u00e9es aupr\u00e8s de start-ups et incubateurs, apporte un regard strat\u00e9gique et une expertise en d\u00e9veloppement commercial pour structurer et faire grandir vos projets.  Notre super pouvoir : Combiner introspection et strat\u00e9gie pour cr\u00e9er des projets align\u00e9s et impactants.  Notre petit mot : L\u2019entrepreneuriat, c\u2019est bien plus qu\u2019un projet, c\u2019est un voyage vers soi-m\u00eame. Trouver votre \u00e9quilibre et vos forces int\u00e9rieures est la cl\u00e9 pour construire un avenir align\u00e9 avec vos valeurs et vos ambitions !   Lieu : Sist'Her Paris, 82 rue du Faubourg Saint-Martin  Attention ! Veuillez vous pr\u00e9senter \u00e0 l'heure pour que l'activit\u00e9 puisse commencer \u00e0 temps. Si vous avez du retard veuillez pr\u00e9venir l'intervenant.e. Si vous avez plus de 15 min de retard l'intervenant.e se r\u00e9serve le droit de ne plus vous accepter pour le coaching ou l'atelier.","og_url":"https:\/\/empow-her.com\/produit\/atelier-surmonter-freins-personnels-peurs-blocages-croyances-limitantes\/","og_site_name":"Empow&#039;Her","article_modified_time":"2025-01-22T08:03:22+00:00","og_image":[{"width":1080,"height":1080,"url":"https:\/\/empow-her.com\/wp-content\/uploads\/2024\/12\/Women-Dare-templates-events-22.png","type":"image\/png"}],"twitter_card":"summary_large_image","twitter_misc":{"Est. reading time":"3 minutes"},"schema":{"@context":"https:\/\/schema.org","@graph":[{"@type":"WebPage","@id":"https:\/\/empow-her.com\/produit\/atelier-surmonter-freins-personnels-peurs-blocages-croyances-limitantes\/","url":"https:\/\/empow-her.com\/produit\/atelier-surmonter-freins-personnels-peurs-blocages-croyances-limitantes\/","name":"Atelier - Surmonter freins personnels (peurs, blocages, croyances limitantes) - Empow&#039;Her","isPartOf":{"@id":"https:\/\/empow-her.com\/#website"},"primaryImageOfPage":{"@id":"https:\/\/empow-her.com\/produit\/atelier-surmonter-freins-personnels-peurs-blocages-croyances-limitantes\/#primaryimage"},"image":{"@id":"https:\/\/empow-her.com\/produit\/atelier-surmonter-freins-personnels-peurs-blocages-croyances-limitantes\/#primaryimage"},"thumbnailUrl":"https:\/\/empow-her.com\/wp-content\/uploads\/2024\/12\/Women-Dare-templates-events-22.png","datePublished":"2024-12-31T13:27:46+00:00","dateModified":"2025-01-22T08:03:22+00:00","breadcrumb":{"@id":"https:\/\/empow-her.com\/produit\/atelier-surmonter-freins-personnels-peurs-blocages-croyances-limitantes\/#breadcrumb"},"inLanguage":"en-US","potentialAction":[{"@type":"ReadAction","target":["https:\/\/empow-her.com\/produit\/atelier-surmonter-freins-personnels-peurs-blocages-croyances-limitantes\/"]}]},{"@type":"ImageObject","inLanguage":"en-US","@id":"https:\/\/empow-her.com\/produit\/atelier-surmonter-freins-personnels-peurs-blocages-croyances-limitantes\/#primaryimage","url":"https:\/\/empow-her.com\/wp-content\/uploads\/2024\/12\/Women-Dare-templates-events-22.png","contentUrl":"https:\/\/empow-her.com\/wp-content\/uploads\/2024\/12\/Women-Dare-templates-events-22.png","width":1080,"height":1080},{"@type":"BreadcrumbList","@id":"https:\/\/empow-her.com\/produit\/atelier-surmonter-freins-personnels-peurs-blocages-croyances-limitantes\/#breadcrumb","itemListElement":[{"@type":"ListItem","position":1,"name":"Accueil","item":"https:\/\/empow-her.com\/en\/landing-page\/"},{"@type":"ListItem","position":2,"name":"LA BOUTIQUE","item":"https:\/\/empow-her.com\/boutique\/"},{"@type":"ListItem","position":3,"name":"Atelier &#8211; Surmonter freins personnels (peurs, blocages, croyances limitantes)"}]},{"@type":"WebSite","@id":"https:\/\/empow-her.com\/#website","url":"https:\/\/empow-her.com\/","name":"Empow&#039;Her","description":"Women Development","potentialAction":[{"@type":"SearchAction","target":{"@type":"EntryPoint","urlTemplate":"https:\/\/empow-her.com\/?s={search_term_string}"},"query-input":{"@type":"PropertyValueSpecification","valueRequired":true,"valueName":"search_term_string"}}],"inLanguage":"en-US"}]}},"_links":{"self":[{"href":"https:\/\/empow-her.com\/en\/wp-json\/wp\/v2\/product\/262557","targetHints":{"allow":["GET"]}}],"collection":[{"href":"https:\/\/empow-her.com\/en\/wp-json\/wp\/v2\/product"}],"about":[{"href":"https:\/\/empow-her.com\/en\/wp-json\/wp\/v2\/types\/product"}],"wp:featuredmedia":[{"embeddable":true,"href":"https:\/\/empow-her.com\/en\/wp-json\/wp\/v2\/media\/262558"}],"wp:attachment":[{"href":"https:\/\/empow-her.com\/en\/wp-json\/wp\/v2\/media?parent=262557"}],"wp:term":[{"taxonomy":"product_brand","embeddable":true,"href":"https:\/\/empow-her.com\/en\/wp-json\/wp\/v2\/product_brand?post=262557"},{"taxonomy":"product_cat","embeddable":true,"href":"https:\/\/empow-her.com\/en\/wp-json\/wp\/v2\/product_cat?post=262557"},{"taxonomy":"product_tag","embeddable":true,"href":"https:\/\/empow-her.com\/en\/wp-json\/wp\/v2\/product_tag?post=262557"},{"taxonomy":"lieu","embeddable":true,"href":"https:\/\/empow-her.com\/en\/wp-json\/wp\/v2\/lieu?post=262557"},{"taxonomy":"thematiques","embeddable":true,"href":"https:\/\/empow-her.com\/en\/wp-json\/wp\/v2\/thematiques?post=262557"}],"curies":[{"name":"wp","href":"https:\/\/api.w.org\/{rel}","templated":true}]}}