{"id":261817,"date":"2024-12-05T18:19:33","date_gmt":"2024-12-05T17:19:33","guid":{"rendered":"https:\/\/empow-her.com\/?post_type=product&#038;p=261817"},"modified":"2024-12-05T18:29:24","modified_gmt":"2024-12-05T17:29:24","slug":"sessions-de-suivi-du-parcours-13","status":"publish","type":"product","link":"https:\/\/empow-her.com\/en\/produit\/sessions-de-suivi-du-parcours-13\/","title":{"rendered":"Sessions de suivi du parcours"},"content":{"rendered":"<p><em><b>Session de suivi individuel du parcours Women Dare<\/b><\/em><\/p>\n<p><strong>Ne bloquez plus et r\u00e9servez un cr\u00e9neau sans qu\u2019il ne vous coute aucun cr\u00e9dit de coaching !<\/strong><\/p>\n<p>Vous faites partie du programme Women Dare, et avez des questions et\/ou le besoin de faire un point d\u2019\u00e9tape ?<br \/>\nRejoignez la permanence du mois pendant laquelle vous rencontrerez votre r\u00e9f\u00e9rente Empow\u2019her pour poser vos questions et faire le point sur vos \u00e9tapes d\u2019avancement !<\/p>\n<div><strong>Intervenante:<\/strong><\/div>\n<div>\n<div class=\"flex-auto flex-inline items-baseline\" aria-describedby=\"id_3ef94f19da5016f27470a36a53404f08\">\n<div class=\"fieldLabel quiet text-dark break-word white-space-normal hyphens\"><span style=\"font-weight: 400;\"> Membre de l\u2019\u00e9quipe Empow\u2019Her &#x2728;<\/span><\/div>\n<div><\/div>\n<\/div>\n<\/div>\n<div><b>Lieu :\u00a0<\/b>En ligne &#8211; Vous recevrez une invitation avec un lien Zoom<\/div>\n","protected":false},"excerpt":{"rendered":"<p><em><b>Session de suivi individuel du parcours Women Dare<\/b><\/em><\/p>\n<p><strong>Ne bloquez plus et r\u00e9servez un cr\u00e9neau sans qu\u2019il ne vous co\u00fbte aucun cr\u00e9dit de coaching !<\/strong><\/p>\n<p>Vous faites partie du programme Women Dare, et avez des questions et\/ou le besoin de faire un point d\u2019\u00e9tape ?<br \/>\nRejoignez la permanence du mois pendant laquelle vous rencontrerez votre r\u00e9f\u00e9rente Empow\u2019Her pour poser vos questions et faire le point sur vos \u00e9tapes d\u2019avancement !<\/p>\n<div>\n<div><strong>Interven<\/strong><strong>ante:<\/strong><\/div>\n<div>\n<div class=\"flex-auto flex-inline items-baseline\" aria-describedby=\"id_3ef94f19da5016f27470a36a53404f08\">\n<div class=\"fieldLabel quiet text-dark break-word white-space-normal hyphens\"><span style=\"font-weight: 400;\"> Membre de l\u2019\u00e9quipe Empow\u2019Her &#x2728;<\/span><\/div>\n<div><\/div>\n<\/div>\n<\/div>\n<\/div>\n<div><b>Lieu :\u00a0<\/b>En ligne &#8211; Vous recevrez une invitation avec un lien Zoom<\/div>\n","protected":false},"featured_media":261818,"template":"","format":"standard","meta":{"_acf_changed":false,"om_disable_all_campaigns":false,"_uf_show_specific_survey":0,"_uf_disable_surveys":false},"product_brand":[],"product_cat":[121],"product_tag":[],"lieu":[125],"thematiques":[],"class_list":{"0":"post-261817","1":"product","2":"type-product","3":"status-publish","4":"format-standard","5":"has-post-thumbnail","7":"product_cat-coaching","8":"lieu-en-ligne","10":"first","11":"instock","12":"virtual","13":"purchasable","14":"product-type-appointment"},"exclude_global_add_ons":[],"addons":[],"acf":[],"yoast_head":"<!-- This site is optimized with the Yoast SEO plugin v24.8 - https:\/\/yoast.com\/wordpress\/plugins\/seo\/ -->\n<title>Sessions de suivi du parcours - Empow&#039;Her<\/title>\n<meta name=\"robots\" content=\"index, follow, max-snippet:-1, max-image-preview:large, max-video-preview:-1\" \/>\n<link rel=\"canonical\" href=\"https:\/\/empow-her.com\/produit\/sessions-de-suivi-du-parcours-13\/\" \/>\n<meta property=\"og:locale\" content=\"en_US\" \/>\n<meta property=\"og:type\" content=\"article\" \/>\n<meta property=\"og:title\" content=\"Sessions de suivi du parcours - Empow&#039;Her\" \/>\n<meta property=\"og:description\" content=\"Session de suivi individuel du parcours Women Dare  Ne bloquez plus et r\u00e9servez un cr\u00e9neau sans qu\u2019il ne vous co\u00fbte aucun cr\u00e9dit de coaching !  Vous faites partie du programme Women Dare, et avez des questions et\/ou le besoin de faire un point d\u2019\u00e9tape ? Rejoignez la permanence du mois pendant laquelle vous rencontrerez votre r\u00e9f\u00e9rente Empow\u2019Her pour poser vos questions et faire le point sur vos \u00e9tapes d\u2019avancement !  Intervenante:    Membre de l\u2019\u00e9quipe Empow\u2019Her &#x2728;     Lieu :\u00a0En ligne - Vous recevrez une invitation avec un lien Zoom\" \/>\n<meta property=\"og:url\" content=\"https:\/\/empow-her.com\/produit\/sessions-de-suivi-du-parcours-13\/\" \/>\n<meta property=\"og:site_name\" content=\"Empow&#039;Her\" \/>\n<meta property=\"article:modified_time\" content=\"2024-12-05T17:29:24+00:00\" \/>\n<meta property=\"og:image\" content=\"https:\/\/empow-her.com\/wp-content\/uploads\/2024\/12\/Women-Dare-templates-events-2024-12-05T182600.420.png\" \/>\n\t<meta property=\"og:image:width\" content=\"1080\" \/>\n\t<meta property=\"og:image:height\" content=\"1080\" \/>\n\t<meta property=\"og:image:type\" content=\"image\/png\" \/>\n<meta name=\"twitter:card\" content=\"summary_large_image\" \/>\n<meta name=\"twitter:label1\" content=\"Est. reading time\" \/>\n\t<meta name=\"twitter:data1\" content=\"1 minute\" \/>\n<script type=\"application\/ld+json\" class=\"yoast-schema-graph\">{\"@context\":\"https:\/\/schema.org\",\"@graph\":[{\"@type\":\"WebPage\",\"@id\":\"https:\/\/empow-her.com\/produit\/sessions-de-suivi-du-parcours-13\/\",\"url\":\"https:\/\/empow-her.com\/produit\/sessions-de-suivi-du-parcours-13\/\",\"name\":\"Sessions de suivi du parcours - Empow&#039;Her\",\"isPartOf\":{\"@id\":\"https:\/\/empow-her.com\/#website\"},\"primaryImageOfPage\":{\"@id\":\"https:\/\/empow-her.com\/produit\/sessions-de-suivi-du-parcours-13\/#primaryimage\"},\"image\":{\"@id\":\"https:\/\/empow-her.com\/produit\/sessions-de-suivi-du-parcours-13\/#primaryimage\"},\"thumbnailUrl\":\"https:\/\/empow-her.com\/wp-content\/uploads\/2024\/12\/Women-Dare-templates-events-2024-12-05T182600.420.png\",\"datePublished\":\"2024-12-05T17:19:33+00:00\",\"dateModified\":\"2024-12-05T17:29:24+00:00\",\"breadcrumb\":{\"@id\":\"https:\/\/empow-her.com\/produit\/sessions-de-suivi-du-parcours-13\/#breadcrumb\"},\"inLanguage\":\"en-US\",\"potentialAction\":[{\"@type\":\"ReadAction\",\"target\":[\"https:\/\/empow-her.com\/produit\/sessions-de-suivi-du-parcours-13\/\"]}]},{\"@type\":\"ImageObject\",\"inLanguage\":\"en-US\",\"@id\":\"https:\/\/empow-her.com\/produit\/sessions-de-suivi-du-parcours-13\/#primaryimage\",\"url\":\"https:\/\/empow-her.com\/wp-content\/uploads\/2024\/12\/Women-Dare-templates-events-2024-12-05T182600.420.png\",\"contentUrl\":\"https:\/\/empow-her.com\/wp-content\/uploads\/2024\/12\/Women-Dare-templates-events-2024-12-05T182600.420.png\",\"width\":1080,\"height\":1080},{\"@type\":\"BreadcrumbList\",\"@id\":\"https:\/\/empow-her.com\/produit\/sessions-de-suivi-du-parcours-13\/#breadcrumb\",\"itemListElement\":[{\"@type\":\"ListItem\",\"position\":1,\"name\":\"Accueil\",\"item\":\"https:\/\/empow-her.com\/en\/landing-page\/\"},{\"@type\":\"ListItem\",\"position\":2,\"name\":\"LA BOUTIQUE\",\"item\":\"https:\/\/empow-her.com\/boutique\/\"},{\"@type\":\"ListItem\",\"position\":3,\"name\":\"Sessions de suivi du parcours\"}]},{\"@type\":\"WebSite\",\"@id\":\"https:\/\/empow-her.com\/#website\",\"url\":\"https:\/\/empow-her.com\/\",\"name\":\"Empow&#039;Her\",\"description\":\"Women Development\",\"potentialAction\":[{\"@type\":\"SearchAction\",\"target\":{\"@type\":\"EntryPoint\",\"urlTemplate\":\"https:\/\/empow-her.com\/?s={search_term_string}\"},\"query-input\":{\"@type\":\"PropertyValueSpecification\",\"valueRequired\":true,\"valueName\":\"search_term_string\"}}],\"inLanguage\":\"en-US\"}]}<\/script>\n<!-- \/ Yoast SEO plugin. -->","yoast_head_json":{"title":"Sessions de suivi du parcours - Empow&#039;Her","robots":{"index":"index","follow":"follow","max-snippet":"max-snippet:-1","max-image-preview":"max-image-preview:large","max-video-preview":"max-video-preview:-1"},"canonical":"https:\/\/empow-her.com\/produit\/sessions-de-suivi-du-parcours-13\/","og_locale":"en_US","og_type":"article","og_title":"Sessions de suivi du parcours - Empow&#039;Her","og_description":"Session de suivi individuel du parcours Women Dare  Ne bloquez plus et r\u00e9servez un cr\u00e9neau sans qu\u2019il ne vous co\u00fbte aucun cr\u00e9dit de coaching !  Vous faites partie du programme Women Dare, et avez des questions et\/ou le besoin de faire un point d\u2019\u00e9tape ? Rejoignez la permanence du mois pendant laquelle vous rencontrerez votre r\u00e9f\u00e9rente Empow\u2019Her pour poser vos questions et faire le point sur vos \u00e9tapes d\u2019avancement !  Intervenante:    Membre de l\u2019\u00e9quipe Empow\u2019Her &#x2728;     Lieu :\u00a0En ligne - Vous recevrez une invitation avec un lien Zoom","og_url":"https:\/\/empow-her.com\/produit\/sessions-de-suivi-du-parcours-13\/","og_site_name":"Empow&#039;Her","article_modified_time":"2024-12-05T17:29:24+00:00","og_image":[{"width":1080,"height":1080,"url":"https:\/\/empow-her.com\/wp-content\/uploads\/2024\/12\/Women-Dare-templates-events-2024-12-05T182600.420.png","type":"image\/png"}],"twitter_card":"summary_large_image","twitter_misc":{"Est. reading time":"1 minute"},"schema":{"@context":"https:\/\/schema.org","@graph":[{"@type":"WebPage","@id":"https:\/\/empow-her.com\/produit\/sessions-de-suivi-du-parcours-13\/","url":"https:\/\/empow-her.com\/produit\/sessions-de-suivi-du-parcours-13\/","name":"Sessions de suivi du parcours - Empow&#039;Her","isPartOf":{"@id":"https:\/\/empow-her.com\/#website"},"primaryImageOfPage":{"@id":"https:\/\/empow-her.com\/produit\/sessions-de-suivi-du-parcours-13\/#primaryimage"},"image":{"@id":"https:\/\/empow-her.com\/produit\/sessions-de-suivi-du-parcours-13\/#primaryimage"},"thumbnailUrl":"https:\/\/empow-her.com\/wp-content\/uploads\/2024\/12\/Women-Dare-templates-events-2024-12-05T182600.420.png","datePublished":"2024-12-05T17:19:33+00:00","dateModified":"2024-12-05T17:29:24+00:00","breadcrumb":{"@id":"https:\/\/empow-her.com\/produit\/sessions-de-suivi-du-parcours-13\/#breadcrumb"},"inLanguage":"en-US","potentialAction":[{"@type":"ReadAction","target":["https:\/\/empow-her.com\/produit\/sessions-de-suivi-du-parcours-13\/"]}]},{"@type":"ImageObject","inLanguage":"en-US","@id":"https:\/\/empow-her.com\/produit\/sessions-de-suivi-du-parcours-13\/#primaryimage","url":"https:\/\/empow-her.com\/wp-content\/uploads\/2024\/12\/Women-Dare-templates-events-2024-12-05T182600.420.png","contentUrl":"https:\/\/empow-her.com\/wp-content\/uploads\/2024\/12\/Women-Dare-templates-events-2024-12-05T182600.420.png","width":1080,"height":1080},{"@type":"BreadcrumbList","@id":"https:\/\/empow-her.com\/produit\/sessions-de-suivi-du-parcours-13\/#breadcrumb","itemListElement":[{"@type":"ListItem","position":1,"name":"Accueil","item":"https:\/\/empow-her.com\/en\/landing-page\/"},{"@type":"ListItem","position":2,"name":"LA BOUTIQUE","item":"https:\/\/empow-her.com\/boutique\/"},{"@type":"ListItem","position":3,"name":"Sessions de suivi du parcours"}]},{"@type":"WebSite","@id":"https:\/\/empow-her.com\/#website","url":"https:\/\/empow-her.com\/","name":"Empow&#039;Her","description":"Women Development","potentialAction":[{"@type":"SearchAction","target":{"@type":"EntryPoint","urlTemplate":"https:\/\/empow-her.com\/?s={search_term_string}"},"query-input":{"@type":"PropertyValueSpecification","valueRequired":true,"valueName":"search_term_string"}}],"inLanguage":"en-US"}]}},"_links":{"self":[{"href":"https:\/\/empow-her.com\/en\/wp-json\/wp\/v2\/product\/261817","targetHints":{"allow":["GET"]}}],"collection":[{"href":"https:\/\/empow-her.com\/en\/wp-json\/wp\/v2\/product"}],"about":[{"href":"https:\/\/empow-her.com\/en\/wp-json\/wp\/v2\/types\/product"}],"wp:featuredmedia":[{"embeddable":true,"href":"https:\/\/empow-her.com\/en\/wp-json\/wp\/v2\/media\/261818"}],"wp:attachment":[{"href":"https:\/\/empow-her.com\/en\/wp-json\/wp\/v2\/media?parent=261817"}],"wp:term":[{"taxonomy":"product_brand","embeddable":true,"href":"https:\/\/empow-her.com\/en\/wp-json\/wp\/v2\/product_brand?post=261817"},{"taxonomy":"product_cat","embeddable":true,"href":"https:\/\/empow-her.com\/en\/wp-json\/wp\/v2\/product_cat?post=261817"},{"taxonomy":"product_tag","embeddable":true,"href":"https:\/\/empow-her.com\/en\/wp-json\/wp\/v2\/product_tag?post=261817"},{"taxonomy":"lieu","embeddable":true,"href":"https:\/\/empow-her.com\/en\/wp-json\/wp\/v2\/lieu?post=261817"},{"taxonomy":"thematiques","embeddable":true,"href":"https:\/\/empow-her.com\/en\/wp-json\/wp\/v2\/thematiques?post=261817"}],"curies":[{"name":"wp","href":"https:\/\/api.w.org\/{rel}","templated":true}]}}