{"id":261746,"date":"2024-12-04T11:45:16","date_gmt":"2024-12-04T10:45:16","guid":{"rendered":"https:\/\/empow-her.com\/?post_type=product&#038;p=261746"},"modified":"2024-12-04T16:35:57","modified_gmt":"2024-12-04T15:35:57","slug":"coaching-juridique-administratif-48","status":"publish","type":"product","link":"https:\/\/empow-her.com\/en\/produit\/coaching-juridique-administratif-48\/","title":{"rendered":"Coaching &#8211; Juridique &#038; Administratif"},"content":{"rendered":"<p>Un coaching individuel avec un.e avocat.e pour poser vos questions de droit commercial, droit social, droit de l&#8217;ESS, droit fiscal, droit des soci\u00e9t\u00e9s, droit public, droit des associations\/OSBL, droit immobilier, droit droit coop\u00e9ratif, ou droit de la propri\u00e9t\u00e9 intellectuelle ! Quelques exemples de sujet qui peuvent \u00eatre abord\u00e9s : \u2013 Statuts juridiques, statuts de l\u2019ESS \u2013 Comment s\u2019associer tout en s\u00e9curisant le projet ? \u2013 Strat\u00e9gie de financement (lev\u00e9e de fonds, financements non-dilutifs) \u2013 R\u00e9daction des premiers contrats, notamment CGV\/CGU &#8211; comment faire les d\u00e9marches pour embaucher un salari\u00e9 ? &#8211; comment d\u00e9poser une marque ? &#8211; comment choisir entre une entreprise et une association ? &#8211; quel fiscalit\u00e9 et co\u00fbt pour ma structure ? &#8211; quel label pour rendre mon impact positif plus visible ? (soci\u00e9t\u00e9 \u00e0 mission, ESUS, ESS, montage hybride&#8230;) &#8211; quel bail choisir ? &#8211; comment cr\u00e9er un coop\u00e9ratif ? quels enjeux ?<\/p>\n<p><strong>Intervenant.e:\u00a0 Rebecca Guyot <\/strong>Avocate du consortium Impact Lawyers<\/p>\n<p>Je suis une avocate passionn\u00e9e par le droit et par l&#8217;id\u00e9e d&#8217;une \u00e9conomie plus sens\u00e9e et inclusive, c&#8217;est pourquoi je mets mon expertise de conseil au service des acteurs de l&#8217;Economie Sociale et Solidaire et des projets \u00e0 impact. J&#8217;interviens principalement pour la cr\u00e9ation et l&#8217;\u00e9volution des structures juridiques.<\/p>\n<p><strong>Son petit mot :<\/strong> F\u00e9licitations et bon voyage! Entreprendre comme un voyage fait de rencontres, de d\u00e9couvertes, d&#8217;impr\u00e9vus et de rebondissements peut-\u00eatre, mais toujours enrichissant. Au plaisir de nous croiser lors d&#8217;ateliers et\/ou de permanences.<\/p>\n<p><strong>Son super pouvoir :<\/strong> Du droit oui, mais toujours avec le sourire<\/p>\n<p><strong>Pr\u00e9-requis<\/strong> <strong>:<\/strong> <span data-sheets-value=\"{&quot;1&quot;:2,&quot;2&quot;:&quot;nVous souhaitez vous inscrire \u00e0 cette session ? Merci d'indiquer votre besoin principal en remplissant ce questionnaire avant la session : https:\/\/airtable.com\/shrbpqpYDX8WKP0gJ nou communiquez-le par mail \u00e0 votre r\u00e9f\u00e9rente Empow'Her : nadege.serrero@empow-her.com&quot;}\" data-sheets-userformat=\"{&quot;2&quot;:4993,&quot;3&quot;:{&quot;1&quot;:0},&quot;10&quot;:1,&quot;11&quot;:4,&quot;12&quot;:0,&quot;15&quot;:&quot;Hind&quot;}\"><br \/>\nAucun !<\/span><\/p>\n<p><strong>Dur\u00e9e<\/strong> <strong>:<\/strong> U<span data-sheets-value=\"{&quot;1&quot;:2,&quot;2&quot;:&quot;Permanence de 4h avec un cr\u00e9neau de 1h par participante (+ 15 minutes entre chaque)&quot;}\" data-sheets-userformat=\"{&quot;2&quot;:7167,&quot;3&quot;:{&quot;1&quot;:0},&quot;4&quot;:{&quot;1&quot;:2,&quot;2&quot;:16777215},&quot;5&quot;:{&quot;1&quot;:[{&quot;1&quot;:2,&quot;2&quot;:0,&quot;5&quot;:{&quot;1&quot;:2,&quot;2&quot;:0}},{&quot;1&quot;:0,&quot;2&quot;:0,&quot;3&quot;:3},{&quot;1&quot;:1,&quot;2&quot;:0,&quot;4&quot;:1}]},&quot;6&quot;:{&quot;1&quot;:[{&quot;1&quot;:2,&quot;2&quot;:0,&quot;5&quot;:{&quot;1&quot;:2,&quot;2&quot;:0}},{&quot;1&quot;:0,&quot;2&quot;:0,&quot;3&quot;:3},{&quot;1&quot;:1,&quot;2&quot;:0,&quot;4&quot;:1}]},&quot;7&quot;:{&quot;1&quot;:[{&quot;1&quot;:2,&quot;2&quot;:0,&quot;5&quot;:{&quot;1&quot;:2,&quot;2&quot;:0}},{&quot;1&quot;:0,&quot;2&quot;:0,&quot;3&quot;:3},{&quot;1&quot;:1,&quot;2&quot;:0,&quot;4&quot;:1}]},&quot;8&quot;:{&quot;1&quot;:[{&quot;1&quot;:2,&quot;2&quot;:0,&quot;5&quot;:{&quot;1&quot;:2,&quot;2&quot;:0}},{&quot;1&quot;:0,&quot;2&quot;:0,&quot;3&quot;:3},{&quot;1&quot;:1,&quot;2&quot;:0,&quot;4&quot;:1}]},&quot;9&quot;:0,&quot;10&quot;:1,&quot;11&quot;:4,&quot;12&quot;:0,&quot;14&quot;:{&quot;1&quot;:2,&quot;2&quot;:0},&quot;15&quot;:&quot;Calibri&quot;}\">n cr\u00e9neau de <strong>1h en individuel en ligne<\/strong><\/span><\/p>\n<p><strong>Attention !<\/strong> \u00a0Veuillez vous pr\u00e9senter \u00e0 l\u2019heure pour que l\u2019activit\u00e9 puisse commencer \u00e0 temps. Si vous avez du retard veuillez pr\u00e9venir l\u2019intervenant.e. Si vous avez plus de 15 min de retard l\u2019intervenant.e se r\u00e9serve le droit de ne plus vous accepter pour le coaching ou l\u2019atelier.<\/p>\n","protected":false},"excerpt":{"rendered":"<p>Un coaching individuel avec un.e avocat.e pour poser vos questions de droit commercial, droit social, droit de l&#8217;ESS, droit fiscal, droit des soci\u00e9t\u00e9s, droit public, droit des associations\/OSBL, droit immobilier, droit droit coop\u00e9ratif, ou droit de la propri\u00e9t\u00e9 intellectuelle ! Quelques exemples de sujet qui peuvent \u00eatre abord\u00e9s : \u2013 Statuts juridiques, statuts de l\u2019ESS \u2013 Comment s\u2019associer tout en s\u00e9curisant le projet ? \u2013 Strat\u00e9gie de financement (lev\u00e9e de fonds, financements non-dilutifs) \u2013 R\u00e9daction des premiers contrats, notamment CGV\/CGU &#8211; comment faire les d\u00e9marches pour embaucher un salari\u00e9 ? &#8211; comment d\u00e9poser une marque ? &#8211; comment choisir entre une entreprise et une association ? &#8211; quel fiscalit\u00e9 et co\u00fbt pour ma structure ? &#8211; quel label pour rendre mon impact positif plus visible ? (soci\u00e9t\u00e9 \u00e0 mission, ESUS, ESS, montage hybride&#8230;) &#8211; quel bail choisir ? &#8211; comment cr\u00e9er un coop\u00e9ratif ? quels enjeux ?<\/p>\n<p><strong>Intervenant.e:\u00a0 Rebecca Guyot <\/strong>Avocate du consortium Impact Lawyers<\/p>\n<p>Je suis une avocate passionn\u00e9e par le droit et par l&#8217;id\u00e9e d&#8217;une \u00e9conomie plus sens\u00e9e et inclusive, c&#8217;est pourquoi je mets mon expertise de conseil au service des acteurs de l&#8217;Economie Sociale et Solidaire et des projets \u00e0 impact. J&#8217;interviens principalement pour la cr\u00e9ation et l&#8217;\u00e9volution des structures juridiques.<\/p>\n<p><strong>Son petit mot :<\/strong> F\u00e9licitations et bon voyage! Entreprendre comme un voyage fait de rencontres, de d\u00e9couvertes, d&#8217;impr\u00e9vus et de rebondissements peut-\u00eatre, mais toujours enrichissant. Au plaisir de nous croiser lors d&#8217;ateliers et\/ou de permanences.<\/p>\n<p><strong>Son super pouvoir :<\/strong> Du droit oui, mais toujours avec le sourire<\/p>\n<p><strong>Pr\u00e9-requis<\/strong> <strong>:<\/strong> <span data-sheets-value=\"{&quot;1&quot;:2,&quot;2&quot;:&quot;nVous souhaitez vous inscrire \u00e0 cette session ? Merci d'indiquer votre besoin principal en remplissant ce questionnaire avant la session : https:\/\/airtable.com\/shrbpqpYDX8WKP0gJ nou communiquez-le par mail \u00e0 votre r\u00e9f\u00e9rente Empow'Her : nadege.serrero@empow-her.com&quot;}\" data-sheets-userformat=\"{&quot;2&quot;:4993,&quot;3&quot;:{&quot;1&quot;:0},&quot;10&quot;:1,&quot;11&quot;:4,&quot;12&quot;:0,&quot;15&quot;:&quot;Hind&quot;}\"><br \/>\nAucun !<\/span><\/p>\n<p><strong>Dur\u00e9e<\/strong> <strong>:<\/strong> U<span data-sheets-value=\"{&quot;1&quot;:2,&quot;2&quot;:&quot;Permanence de 4h avec un cr\u00e9neau de 1h par participante (+ 15 minutes entre chaque)&quot;}\" data-sheets-userformat=\"{&quot;2&quot;:7167,&quot;3&quot;:{&quot;1&quot;:0},&quot;4&quot;:{&quot;1&quot;:2,&quot;2&quot;:16777215},&quot;5&quot;:{&quot;1&quot;:[{&quot;1&quot;:2,&quot;2&quot;:0,&quot;5&quot;:{&quot;1&quot;:2,&quot;2&quot;:0}},{&quot;1&quot;:0,&quot;2&quot;:0,&quot;3&quot;:3},{&quot;1&quot;:1,&quot;2&quot;:0,&quot;4&quot;:1}]},&quot;6&quot;:{&quot;1&quot;:[{&quot;1&quot;:2,&quot;2&quot;:0,&quot;5&quot;:{&quot;1&quot;:2,&quot;2&quot;:0}},{&quot;1&quot;:0,&quot;2&quot;:0,&quot;3&quot;:3},{&quot;1&quot;:1,&quot;2&quot;:0,&quot;4&quot;:1}]},&quot;7&quot;:{&quot;1&quot;:[{&quot;1&quot;:2,&quot;2&quot;:0,&quot;5&quot;:{&quot;1&quot;:2,&quot;2&quot;:0}},{&quot;1&quot;:0,&quot;2&quot;:0,&quot;3&quot;:3},{&quot;1&quot;:1,&quot;2&quot;:0,&quot;4&quot;:1}]},&quot;8&quot;:{&quot;1&quot;:[{&quot;1&quot;:2,&quot;2&quot;:0,&quot;5&quot;:{&quot;1&quot;:2,&quot;2&quot;:0}},{&quot;1&quot;:0,&quot;2&quot;:0,&quot;3&quot;:3},{&quot;1&quot;:1,&quot;2&quot;:0,&quot;4&quot;:1}]},&quot;9&quot;:0,&quot;10&quot;:1,&quot;11&quot;:4,&quot;12&quot;:0,&quot;14&quot;:{&quot;1&quot;:2,&quot;2&quot;:0},&quot;15&quot;:&quot;Calibri&quot;}\">n cr\u00e9neau de <strong>1h en individuel en ligne<\/strong><\/span><\/p>\n<p><strong>Attention !<\/strong> \u00a0Veuillez vous pr\u00e9senter \u00e0 l\u2019heure pour que l\u2019activit\u00e9 puisse commencer \u00e0 temps. Si vous avez du retard veuillez pr\u00e9venir l\u2019intervenant.e. Si vous avez plus de 15 min de retard l\u2019intervenant.e se r\u00e9serve le droit de ne plus vous accepter pour le coaching ou l\u2019atelier.<\/p>\n","protected":false},"featured_media":261747,"template":"","format":"standard","meta":{"_acf_changed":false,"om_disable_all_campaigns":false,"_uf_show_specific_survey":0,"_uf_disable_surveys":false},"product_brand":[],"product_cat":[121],"product_tag":[143],"lieu":[125],"thematiques":[],"class_list":{"0":"post-261746","1":"product","2":"type-product","3":"status-publish","4":"format-standard","5":"has-post-thumbnail","7":"product_cat-coaching","8":"product_tag-en-ligne","9":"lieu-en-ligne","11":"first","12":"instock","13":"virtual","14":"purchasable","15":"product-type-appointment"},"exclude_global_add_ons":false,"addons":[{"name":"Votre pr\u00e9nom et nom","type":"custom_text","position":0,"required":true,"title_format":"label","description_enable":false,"description":"","placeholder_enable":false,"placeholder":"","display":"select","restrictions_type":"any_text","adjust_price":false,"price":"","price_type":"flat_fee","restrictions":false,"min":0,"max":0,"options":[],"id":1723551845},{"name":"Pr\u00e9sentez votre projet en quelques mots","type":"custom_textarea","position":1,"required":true,"title_format":"label","description_enable":false,"description":"","placeholder_enable":false,"placeholder":"","display":"select","restrictions_type":"any_text","adjust_price":false,"price":"","price_type":"flat_fee","restrictions":false,"min":0,"max":0,"options":[],"id":1723551846},{"name":"Souhaitez-vous inscrire votre projet dans l'Economie Sociale et Solidaire ?","type":"checkbox","position":2,"required":false,"title_format":"label","description_enable":false,"description":"","placeholder_enable":false,"placeholder":"","display":"select","restrictions_type":"any_text","adjust_price":false,"price":"","price_type":"flat_fee","restrictions":false,"min":0,"max":0,"options":[{"label":"Oui","price":"","price_type":"flat_fee","image":0},{"label":"Non","price":"","price_type":"flat_fee","image":0}],"id":1723551847},{"name":"Avez-vous cr\u00e9\u00e9 votre structure juridique ? Si oui, quelle forme ?","type":"custom_text","position":3,"required":false,"title_format":"label","description_enable":false,"description":"","placeholder_enable":false,"placeholder":"","display":"select","restrictions_type":"any_text","adjust_price":false,"price":"","price_type":"flat_fee","restrictions":false,"min":0,"max":0,"options":[],"id":1723551848},{"name":"Quelles sont vos questions, vos besoins sur la th\u00e9matique juridique ?","type":"custom_textarea","position":4,"required":true,"title_format":"label","description_enable":true,"description":"Exemples : statuts juridiques, r\u00e9daction des premiers contrats (CGV\/CGU), propri\u00e9t\u00e9 intellectuelle, d\u00e9p\u00f4t de marque, protection des donn\u00e9es personnelles (RGPD)...","placeholder_enable":false,"placeholder":"","display":"select","restrictions_type":"any_text","adjust_price":false,"price":"","price_type":"flat_fee","restrictions":false,"min":0,"max":0,"options":[],"id":1723551849}],"acf":[],"yoast_head":"<!-- This site is optimized with the Yoast SEO plugin v24.8 - https:\/\/yoast.com\/wordpress\/plugins\/seo\/ -->\n<title>Coaching - Juridique &amp; Administratif - Empow&#039;Her<\/title>\n<meta name=\"robots\" content=\"index, follow, max-snippet:-1, max-image-preview:large, max-video-preview:-1\" \/>\n<link rel=\"canonical\" href=\"https:\/\/empow-her.com\/produit\/coaching-juridique-administratif-48\/\" \/>\n<meta property=\"og:locale\" content=\"en_US\" \/>\n<meta property=\"og:type\" content=\"article\" \/>\n<meta property=\"og:title\" content=\"Coaching - Juridique &amp; Administratif - Empow&#039;Her\" \/>\n<meta property=\"og:description\" content=\"Un coaching individuel avec un.e avocat.e pour poser vos questions de droit commercial, droit social, droit de l&#039;ESS, droit fiscal, droit des soci\u00e9t\u00e9s, droit public, droit des associations\/OSBL, droit immobilier, droit droit coop\u00e9ratif, ou droit de la propri\u00e9t\u00e9 intellectuelle ! Quelques exemples de sujet qui peuvent \u00eatre abord\u00e9s : \u2013 Statuts juridiques, statuts de l\u2019ESS \u2013 Comment s\u2019associer tout en s\u00e9curisant le projet ? \u2013 Strat\u00e9gie de financement (lev\u00e9e de fonds, financements non-dilutifs) \u2013 R\u00e9daction des premiers contrats, notamment CGV\/CGU - comment faire les d\u00e9marches pour embaucher un salari\u00e9 ? - comment d\u00e9poser une marque ? - comment choisir entre une entreprise et une association ? - quel fiscalit\u00e9 et co\u00fbt pour ma structure ? - quel label pour rendre mon impact positif plus visible ? (soci\u00e9t\u00e9 \u00e0 mission, ESUS, ESS, montage hybride...) - quel bail choisir ? - comment cr\u00e9er un coop\u00e9ratif ? quels enjeux ?  Intervenant.e:\u00a0 Rebecca Guyot Avocate du consortium Impact Lawyers  Je suis une avocate passionn\u00e9e par le droit et par l&#039;id\u00e9e d&#039;une \u00e9conomie plus sens\u00e9e et inclusive, c&#039;est pourquoi je mets mon expertise de conseil au service des acteurs de l&#039;Economie Sociale et Solidaire et des projets \u00e0 impact. J&#039;interviens principalement pour la cr\u00e9ation et l&#039;\u00e9volution des structures juridiques.  Son petit mot : F\u00e9licitations et bon voyage! Entreprendre comme un voyage fait de rencontres, de d\u00e9couvertes, d&#039;impr\u00e9vus et de rebondissements peut-\u00eatre, mais toujours enrichissant. Au plaisir de nous croiser lors d&#039;ateliers et\/ou de permanences.  Son super pouvoir : Du droit oui, mais toujours avec le sourire  Pr\u00e9-requis :  Aucun !  Dur\u00e9e : Un cr\u00e9neau de 1h en individuel en ligne  Attention ! \u00a0Veuillez vous pr\u00e9senter \u00e0 l\u2019heure pour que l\u2019activit\u00e9 puisse commencer \u00e0 temps. Si vous avez du retard veuillez pr\u00e9venir l\u2019intervenant.e. Si vous avez plus de 15 min de retard l\u2019intervenant.e se r\u00e9serve le droit de ne plus vous accepter pour le coaching ou l\u2019atelier.\" \/>\n<meta property=\"og:url\" content=\"https:\/\/empow-her.com\/produit\/coaching-juridique-administratif-48\/\" \/>\n<meta property=\"og:site_name\" content=\"Empow&#039;Her\" \/>\n<meta property=\"article:modified_time\" content=\"2024-12-04T15:35:57+00:00\" \/>\n<meta property=\"og:image\" content=\"https:\/\/empow-her.com\/wp-content\/uploads\/2024\/12\/Women-Dare-templates-events-2024-12-04T115132.813.png\" \/>\n\t<meta property=\"og:image:width\" content=\"1080\" \/>\n\t<meta property=\"og:image:height\" content=\"1080\" \/>\n\t<meta property=\"og:image:type\" content=\"image\/png\" \/>\n<meta name=\"twitter:card\" content=\"summary_large_image\" \/>\n<meta name=\"twitter:label1\" content=\"Est. reading time\" \/>\n\t<meta name=\"twitter:data1\" content=\"2 minutes\" \/>\n<script type=\"application\/ld+json\" class=\"yoast-schema-graph\">{\"@context\":\"https:\/\/schema.org\",\"@graph\":[{\"@type\":\"WebPage\",\"@id\":\"https:\/\/empow-her.com\/produit\/coaching-juridique-administratif-48\/\",\"url\":\"https:\/\/empow-her.com\/produit\/coaching-juridique-administratif-48\/\",\"name\":\"Coaching - Juridique & Administratif - Empow&#039;Her\",\"isPartOf\":{\"@id\":\"https:\/\/empow-her.com\/#website\"},\"primaryImageOfPage\":{\"@id\":\"https:\/\/empow-her.com\/produit\/coaching-juridique-administratif-48\/#primaryimage\"},\"image\":{\"@id\":\"https:\/\/empow-her.com\/produit\/coaching-juridique-administratif-48\/#primaryimage\"},\"thumbnailUrl\":\"https:\/\/empow-her.com\/wp-content\/uploads\/2024\/12\/Women-Dare-templates-events-2024-12-04T115132.813.png\",\"datePublished\":\"2024-12-04T10:45:16+00:00\",\"dateModified\":\"2024-12-04T15:35:57+00:00\",\"breadcrumb\":{\"@id\":\"https:\/\/empow-her.com\/produit\/coaching-juridique-administratif-48\/#breadcrumb\"},\"inLanguage\":\"en-US\",\"potentialAction\":[{\"@type\":\"ReadAction\",\"target\":[\"https:\/\/empow-her.com\/produit\/coaching-juridique-administratif-48\/\"]}]},{\"@type\":\"ImageObject\",\"inLanguage\":\"en-US\",\"@id\":\"https:\/\/empow-her.com\/produit\/coaching-juridique-administratif-48\/#primaryimage\",\"url\":\"https:\/\/empow-her.com\/wp-content\/uploads\/2024\/12\/Women-Dare-templates-events-2024-12-04T115132.813.png\",\"contentUrl\":\"https:\/\/empow-her.com\/wp-content\/uploads\/2024\/12\/Women-Dare-templates-events-2024-12-04T115132.813.png\",\"width\":1080,\"height\":1080},{\"@type\":\"BreadcrumbList\",\"@id\":\"https:\/\/empow-her.com\/produit\/coaching-juridique-administratif-48\/#breadcrumb\",\"itemListElement\":[{\"@type\":\"ListItem\",\"position\":1,\"name\":\"Accueil\",\"item\":\"https:\/\/empow-her.com\/en\/landing-page\/\"},{\"@type\":\"ListItem\",\"position\":2,\"name\":\"LA BOUTIQUE\",\"item\":\"https:\/\/empow-her.com\/boutique\/\"},{\"@type\":\"ListItem\",\"position\":3,\"name\":\"Coaching &#8211; Juridique &#038; Administratif\"}]},{\"@type\":\"WebSite\",\"@id\":\"https:\/\/empow-her.com\/#website\",\"url\":\"https:\/\/empow-her.com\/\",\"name\":\"Empow&#039;Her\",\"description\":\"Women Development\",\"potentialAction\":[{\"@type\":\"SearchAction\",\"target\":{\"@type\":\"EntryPoint\",\"urlTemplate\":\"https:\/\/empow-her.com\/?s={search_term_string}\"},\"query-input\":{\"@type\":\"PropertyValueSpecification\",\"valueRequired\":true,\"valueName\":\"search_term_string\"}}],\"inLanguage\":\"en-US\"}]}<\/script>\n<!-- \/ Yoast SEO plugin. -->","yoast_head_json":{"title":"Coaching - Juridique & Administratif - Empow&#039;Her","robots":{"index":"index","follow":"follow","max-snippet":"max-snippet:-1","max-image-preview":"max-image-preview:large","max-video-preview":"max-video-preview:-1"},"canonical":"https:\/\/empow-her.com\/produit\/coaching-juridique-administratif-48\/","og_locale":"en_US","og_type":"article","og_title":"Coaching - Juridique & Administratif - Empow&#039;Her","og_description":"Un coaching individuel avec un.e avocat.e pour poser vos questions de droit commercial, droit social, droit de l'ESS, droit fiscal, droit des soci\u00e9t\u00e9s, droit public, droit des associations\/OSBL, droit immobilier, droit droit coop\u00e9ratif, ou droit de la propri\u00e9t\u00e9 intellectuelle ! Quelques exemples de sujet qui peuvent \u00eatre abord\u00e9s : \u2013 Statuts juridiques, statuts de l\u2019ESS \u2013 Comment s\u2019associer tout en s\u00e9curisant le projet ? \u2013 Strat\u00e9gie de financement (lev\u00e9e de fonds, financements non-dilutifs) \u2013 R\u00e9daction des premiers contrats, notamment CGV\/CGU - comment faire les d\u00e9marches pour embaucher un salari\u00e9 ? - comment d\u00e9poser une marque ? - comment choisir entre une entreprise et une association ? - quel fiscalit\u00e9 et co\u00fbt pour ma structure ? - quel label pour rendre mon impact positif plus visible ? (soci\u00e9t\u00e9 \u00e0 mission, ESUS, ESS, montage hybride...) - quel bail choisir ? - comment cr\u00e9er un coop\u00e9ratif ? quels enjeux ?  Intervenant.e:\u00a0 Rebecca Guyot Avocate du consortium Impact Lawyers  Je suis une avocate passionn\u00e9e par le droit et par l'id\u00e9e d'une \u00e9conomie plus sens\u00e9e et inclusive, c'est pourquoi je mets mon expertise de conseil au service des acteurs de l'Economie Sociale et Solidaire et des projets \u00e0 impact. J'interviens principalement pour la cr\u00e9ation et l'\u00e9volution des structures juridiques.  Son petit mot : F\u00e9licitations et bon voyage! Entreprendre comme un voyage fait de rencontres, de d\u00e9couvertes, d'impr\u00e9vus et de rebondissements peut-\u00eatre, mais toujours enrichissant. Au plaisir de nous croiser lors d'ateliers et\/ou de permanences.  Son super pouvoir : Du droit oui, mais toujours avec le sourire  Pr\u00e9-requis :  Aucun !  Dur\u00e9e : Un cr\u00e9neau de 1h en individuel en ligne  Attention ! \u00a0Veuillez vous pr\u00e9senter \u00e0 l\u2019heure pour que l\u2019activit\u00e9 puisse commencer \u00e0 temps. Si vous avez du retard veuillez pr\u00e9venir l\u2019intervenant.e. Si vous avez plus de 15 min de retard l\u2019intervenant.e se r\u00e9serve le droit de ne plus vous accepter pour le coaching ou l\u2019atelier.","og_url":"https:\/\/empow-her.com\/produit\/coaching-juridique-administratif-48\/","og_site_name":"Empow&#039;Her","article_modified_time":"2024-12-04T15:35:57+00:00","og_image":[{"width":1080,"height":1080,"url":"https:\/\/empow-her.com\/wp-content\/uploads\/2024\/12\/Women-Dare-templates-events-2024-12-04T115132.813.png","type":"image\/png"}],"twitter_card":"summary_large_image","twitter_misc":{"Est. reading time":"2 minutes"},"schema":{"@context":"https:\/\/schema.org","@graph":[{"@type":"WebPage","@id":"https:\/\/empow-her.com\/produit\/coaching-juridique-administratif-48\/","url":"https:\/\/empow-her.com\/produit\/coaching-juridique-administratif-48\/","name":"Coaching - Juridique & Administratif - Empow&#039;Her","isPartOf":{"@id":"https:\/\/empow-her.com\/#website"},"primaryImageOfPage":{"@id":"https:\/\/empow-her.com\/produit\/coaching-juridique-administratif-48\/#primaryimage"},"image":{"@id":"https:\/\/empow-her.com\/produit\/coaching-juridique-administratif-48\/#primaryimage"},"thumbnailUrl":"https:\/\/empow-her.com\/wp-content\/uploads\/2024\/12\/Women-Dare-templates-events-2024-12-04T115132.813.png","datePublished":"2024-12-04T10:45:16+00:00","dateModified":"2024-12-04T15:35:57+00:00","breadcrumb":{"@id":"https:\/\/empow-her.com\/produit\/coaching-juridique-administratif-48\/#breadcrumb"},"inLanguage":"en-US","potentialAction":[{"@type":"ReadAction","target":["https:\/\/empow-her.com\/produit\/coaching-juridique-administratif-48\/"]}]},{"@type":"ImageObject","inLanguage":"en-US","@id":"https:\/\/empow-her.com\/produit\/coaching-juridique-administratif-48\/#primaryimage","url":"https:\/\/empow-her.com\/wp-content\/uploads\/2024\/12\/Women-Dare-templates-events-2024-12-04T115132.813.png","contentUrl":"https:\/\/empow-her.com\/wp-content\/uploads\/2024\/12\/Women-Dare-templates-events-2024-12-04T115132.813.png","width":1080,"height":1080},{"@type":"BreadcrumbList","@id":"https:\/\/empow-her.com\/produit\/coaching-juridique-administratif-48\/#breadcrumb","itemListElement":[{"@type":"ListItem","position":1,"name":"Accueil","item":"https:\/\/empow-her.com\/en\/landing-page\/"},{"@type":"ListItem","position":2,"name":"LA BOUTIQUE","item":"https:\/\/empow-her.com\/boutique\/"},{"@type":"ListItem","position":3,"name":"Coaching &#8211; Juridique &#038; Administratif"}]},{"@type":"WebSite","@id":"https:\/\/empow-her.com\/#website","url":"https:\/\/empow-her.com\/","name":"Empow&#039;Her","description":"Women Development","potentialAction":[{"@type":"SearchAction","target":{"@type":"EntryPoint","urlTemplate":"https:\/\/empow-her.com\/?s={search_term_string}"},"query-input":{"@type":"PropertyValueSpecification","valueRequired":true,"valueName":"search_term_string"}}],"inLanguage":"en-US"}]}},"_links":{"self":[{"href":"https:\/\/empow-her.com\/en\/wp-json\/wp\/v2\/product\/261746","targetHints":{"allow":["GET"]}}],"collection":[{"href":"https:\/\/empow-her.com\/en\/wp-json\/wp\/v2\/product"}],"about":[{"href":"https:\/\/empow-her.com\/en\/wp-json\/wp\/v2\/types\/product"}],"wp:featuredmedia":[{"embeddable":true,"href":"https:\/\/empow-her.com\/en\/wp-json\/wp\/v2\/media\/261747"}],"wp:attachment":[{"href":"https:\/\/empow-her.com\/en\/wp-json\/wp\/v2\/media?parent=261746"}],"wp:term":[{"taxonomy":"product_brand","embeddable":true,"href":"https:\/\/empow-her.com\/en\/wp-json\/wp\/v2\/product_brand?post=261746"},{"taxonomy":"product_cat","embeddable":true,"href":"https:\/\/empow-her.com\/en\/wp-json\/wp\/v2\/product_cat?post=261746"},{"taxonomy":"product_tag","embeddable":true,"href":"https:\/\/empow-her.com\/en\/wp-json\/wp\/v2\/product_tag?post=261746"},{"taxonomy":"lieu","embeddable":true,"href":"https:\/\/empow-her.com\/en\/wp-json\/wp\/v2\/lieu?post=261746"},{"taxonomy":"thematiques","embeddable":true,"href":"https:\/\/empow-her.com\/en\/wp-json\/wp\/v2\/thematiques?post=261746"}],"curies":[{"name":"wp","href":"https:\/\/api.w.org\/{rel}","templated":true}]}}