{"id":260445,"date":"2024-11-13T11:28:05","date_gmt":"2024-11-13T10:28:05","guid":{"rendered":"https:\/\/empow-her.com\/?post_type=product&#038;p=260445"},"modified":"2024-11-18T11:41:35","modified_gmt":"2024-11-18T10:41:35","slug":"atelier-decriture-et-de-creation-intimite-sensualite-et-poesie-chez-sisther","status":"publish","type":"product","link":"https:\/\/empow-her.com\/en\/produit\/atelier-decriture-et-de-creation-intimite-sensualite-et-poesie-chez-sisther\/","title":{"rendered":"Atelier d&#8217;\u00e9criture et de cr\u00e9ation : &#8220;Intimit\u00e9, Sensualit\u00e9 et Po\u00e9sie&#8221; chez Sist&#8217;her!"},"content":{"rendered":"<div class=\"flex-shrink-0 flex flex-col relative items-end\">\n<div class=\"pt-0\">\n<div class=\"gizmo-bot-avatar flex h-8 w-8 items-center justify-center overflow-hidden rounded-full\">\u00a0<strong>Rejoignez-nous le 13 d\u00e9cembre de 18h \u00e0 20h<\/strong> pour un atelier intime et cr\u00e9atif anim\u00e9 par <a href=\"https:\/\/www.juliebarranger.com\/portfolio\/\"><strong>Julie Barranger<\/strong><\/a>, artiste plasticienne, et <strong>C\u00e9line De-Sa\u00ebr<\/strong>, po\u00e8te et m\u00e9diatrice artistique. Un moment de partage et d&#8217;exploration, r\u00e9serv\u00e9 aux femmes, pour renouer avec l&#8217;intimit\u00e9 de soi \u00e0 travers l&#8217;\u00e9criture et l&#8217;art visuel.<\/div>\n<p>Cet atelier propose de s&#8217;appuyer sur les \u0153uvres graphiques de <strong>Julie Barranger<\/strong>, pour ouvrir une porte sur la sensualit\u00e9, le d\u00e9sir et l&#8217;intimit\u00e9 du corps f\u00e9minin. \u00c0 travers l&#8217;\u00e9criture, les participantes seront invit\u00e9es \u00e0 explorer leur lien personnel avec leur ventre, leur sexe, leur corps tout entier, y compris les zones sombres ou oubli\u00e9es qui peuvent parfois avoir besoin de s&#8217;exprimer. <strong>C\u00e9line De-Sa\u00ebr<\/strong>, po\u00e8te et m\u00e9diatrice, guidera cet espace de cr\u00e9ation en permettant \u00e0 chacune de se connecter aux images de Julie pour lib\u00e9rer des mots et des sensations intimes.<\/p>\n<p>L&#8217;atelier s&#8217;inscrit dans une approche bienveillante, respectueuse et ouverte \u00e0 la parole, favorisant les \u00e9changes et les partages. Les participantes vivront des moments d\u2019\u00e9criture en solo, suivis de temps de lecture et de retour sur les \u00e9crits, cr\u00e9ant ainsi un espace de dialogue et de r\u00e9flexion autour de l&#8217;intimit\u00e9.<\/p>\n<p>\u00c0 travers l\u2019exploration de diff\u00e9rentes parties du corps \u2013 vulve, clitoris, vagin, ut\u00e9rus, ovaires, ovules, r\u00e8gles \u2013 l&#8217;atelier invite \u00e0 la connexion des sensations physiques et des symboles, pour laisser \u00e9merger des mots, des id\u00e9es et des po\u00e8mes personnels. Il s&#8217;agit avant tout d&#8217;un espace d&#8217;expression libre, sans jugement ni objectif formel, o\u00f9 chaque participante pourra d\u00e9couvrir ou red\u00e9couvrir une forme de po\u00e9sie personnelle li\u00e9e \u00e0 son propre corps et \u00e0 son intimit\u00e9.<\/p>\n<p>L&#8217;objectif de cet atelier est de permettre \u00e0 chacune de s&#8217;exprimer librement, d&#8217;explorer son ressenti, et d&#8217;ouvrir des portes sur des sujets encore souvent tabous. Gr\u00e2ce \u00e0 la m\u00e9diation artistique de <strong>Julie Barranger<\/strong> et <strong>C\u00e9line De-Sa\u00ebr<\/strong>, cet atelier offre des &#8220;cl\u00e9s&#8221; pour s&#8217;initier \u00e0 l\u2019expression de soi, en toute s\u00e9curit\u00e9 et bienveillance.<\/p>\n<\/div>\n<div class=\"flex-shrink-0 flex flex-col relative items-end\">\n<h4>Fondatices :<\/h4>\n<div class=\"pt-0\">\n<div class=\"flex-shrink-0 flex flex-col relative items-end\">\n<ul>\n<li><strong>Julie Barranger<\/strong>, artiste plasticienne, form\u00e9e au <strong>Life Art Process<\/strong>, une branche de l&#8217;art-th\u00e9rapie, est l&#8217;auteure d&#8217;une s\u00e9rie d&#8217;\u0153uvres intitul\u00e9e <strong>Les Vuln\u00e9rables<\/strong>. Ces dessins et peintures rendent hommage \u00e0 la beaut\u00e9 du sexe f\u00e9minin \u00e0 travers des analogies avec les formes de la nature : fruits, fleurs, coquillages et calligrammes.<\/li>\n<\/ul>\n<p>&nbsp;<\/p>\n<ul>\n<li><strong>C\u00e9line De-Sa\u00ebr<\/strong>, po\u00e8te, accompagnante litt\u00e9raire, animatrice d\u2019ateliers d\u2019\u00e9criture et m\u00e9diatrice artistique, poursuit \u00e9galement un parcours en art-th\u00e9rapie. Elle explore la po\u00e9sie sous toutes ses formes, y compris la prose po\u00e9tique et le fragment, et est l\u2019auteure de plusieurs recueils de po\u00e9sie.<\/li>\n<\/ul>\n<\/div>\n<\/div>\n<\/div>\n<div class=\"flex-shrink-0 flex flex-col relative items-end\">\n<div>\n<div>\n<p><!-- notionvc: 922221ef-6ae8-470d-800d-6c9dd9db8dd8 --><\/p>\n<\/div>\n<\/div>\n<\/div>\n<p><!-- notionvc: 49bafbb7-6a40-4c75-96c0-9a91208e34a4 --><\/p>\n<h4><\/h4>\n<\/div>\n<div class=\"flex-shrink-0 flex flex-col relative items-end\">\n<div>\n<div>\n<p><!-- notionvc: 922221ef-6ae8-470d-800d-6c9dd9db8dd8 --><\/p>\n<\/div>\n<\/div>\n<\/div>\n<p><!-- notionvc: 49bafbb7-6a40-4c75-96c0-9a91208e34a4 --><\/p>\n<div><\/div>\n<h4><strong>Informations pratiques<\/strong><\/h4>\n<h4><span class=\"fxk3tzhb b2rh1bv3 gh55jysx m8h3af8h ewco64xe kjdc1dyq ms56khn7 bq6c9xl4 eohcrkr5 akh3l2rg\"><img decoding=\"async\" src=\"https:\/\/static.xx.fbcdn.net\/images\/emoji.php\/v9\/td7\/1.5\/16\/1f4c5.png\" alt=\"&#x1f4c5;\" width=\"16\" height=\"16\" \/><\/span> L\u2019\u00e9v\u00e9nement se d\u00e9roulera vendredi 13 d\u00e9cembre 2024<br \/>\n&#x231b;&#xfe0f; De 18h \u00e0 20h<br \/>\n<span class=\"fxk3tzhb b2rh1bv3 gh55jysx m8h3af8h ewco64xe kjdc1dyq ms56khn7 bq6c9xl4 eohcrkr5 akh3l2rg\"><img decoding=\"async\" src=\"https:\/\/static.xx.fbcdn.net\/images\/emoji.php\/v9\/t8b\/1.5\/16\/1f516.png\" alt=\"&#x1f516;\" width=\"16\" height=\"16\" \/><\/span>\u00a0R\u00e9servation gratuite obligatoire<br \/>\n<span class=\"fxk3tzhb b2rh1bv3 gh55jysx m8h3af8h ewco64xe kjdc1dyq ms56khn7 bq6c9xl4 eohcrkr5 akh3l2rg\"><img decoding=\"async\" src=\"https:\/\/static.xx.fbcdn.net\/images\/emoji.php\/v9\/t86\/1.5\/16\/1f4cd.png\" alt=\"&#x1f4cd;\" width=\"16\" height=\"16\" \/><\/span>\u00a0Sist\u2019Her : 82 rue du Faubourg Saint-Martin 75010 Paris<\/h4>\n<h4>&#x26a0;&#xfe0f;\u200bN<strong>ous tenons \u00e0 vous informer que l&#8217;acc\u00e8s au b\u00e2timent peut \u00eatre difficile pour les personnes \u00e0 mobilit\u00e9 r\u00e9duite<\/strong>. Pour toute question, nous vous conseillons de <strong>contacter <\/strong>l&#8217;adresse suivante : <strong><a rel=\"noopener\">fatoumata.diarra@empow-her.com<\/a><\/strong>.<\/h4>\n<p>Ouvert en mars 2021 par l\u2019ONG\u00a0<a href=\"https:\/\/empow-her.com\/\">Empow\u2019Her<\/a>, Sist\u2019Her Paris est un espace de partage et de cr\u00e9ation f\u00e9ministe, accessible \u00e0 tous.tes, d\u00e9di\u00e9 \u00e0 l\u2019\u00e9criture collective d\u2019un nouveau narratif entrepreneurial et \u00e0 l\u2019outillage des combats pour des soci\u00e9t\u00e9s plus justes, durables et \u00e9galitaires.<\/p>\n<p>Retrouvez tous les \u00e9v\u00e9nements des prochains mois chez Sist\u2019Her dans notre\u00a0<a href=\"https:\/\/empow-her.com\/agenda-empowher\/\">agenda<\/a>\u00a0!<\/p>\n<p>Suivez Sist\u2019Her sur notre\u00a0<a href=\"https:\/\/www.instagram.com\/sisther.paris\/\">Instagram<\/a>\u00a0!<\/p>\n<p>On a h\u00e2te de vous retrouver &#x1f49c;<\/p>\n","protected":false},"excerpt":{"rendered":"<div class=\"flex-shrink-0 flex flex-col relative items-end\">\n<div class=\"pt-0\">\n<div class=\"gizmo-bot-avatar flex h-8 w-8 items-center justify-center overflow-hidden rounded-full\">\u00a0<strong>Rejoignez-nous le 13 d\u00e9cembre de 18h \u00e0 20h<\/strong> pour un atelier intime et cr\u00e9atif anim\u00e9 par <a href=\"https:\/\/www.juliebarranger.com\/portfolio\/\"><strong>Julie Barranger<\/strong><\/a>, artiste plasticienne, et <strong>C\u00e9line De-Sa\u00ebr<\/strong>, po\u00e8te et m\u00e9diatrice artistique. Un moment de partage et d&#8217;exploration, r\u00e9serv\u00e9 aux femmes, pour renouer avec l&#8217;intimit\u00e9 de soi \u00e0 travers l&#8217;\u00e9criture et l&#8217;art visuel.<\/div>\n<p>Cet atelier propose de s&#8217;appuyer sur les \u0153uvres graphiques de <strong>Julie Barranger<\/strong>, pour ouvrir une porte sur la sensualit\u00e9, le d\u00e9sir et l&#8217;intimit\u00e9 du corps f\u00e9minin. \u00c0 travers l&#8217;\u00e9criture, les participantes seront invit\u00e9es \u00e0 explorer leur lien personnel avec leur ventre, leur sexe, leur corps tout entier, y compris les zones sombres ou oubli\u00e9es qui peuvent parfois avoir besoin de s&#8217;exprimer. <strong>C\u00e9line De-Sa\u00ebr<\/strong>, po\u00e8te et m\u00e9diatrice, guidera cet espace de cr\u00e9ation en permettant \u00e0 chacune de se connecter aux images de Julie pour lib\u00e9rer des mots et des sensations intimes.<\/p>\n<p>L&#8217;atelier s&#8217;inscrit dans une approche bienveillante, respectueuse et ouverte \u00e0 la parole, favorisant les \u00e9changes et les partages. Les participantes vivront des moments d\u2019\u00e9criture en solo, suivis de temps de lecture et de retour sur les \u00e9crits, cr\u00e9ant ainsi un espace de dialogue et de r\u00e9flexion autour de l&#8217;intimit\u00e9.<\/p>\n<p>\u00c0 travers l\u2019exploration de diff\u00e9rentes parties du corps \u2013 vulve, clitoris, vagin, ut\u00e9rus, ovaires, ovules, r\u00e8gles \u2013 l&#8217;atelier invite \u00e0 la connexion des sensations physiques et des symboles, pour laisser \u00e9merger des mots, des id\u00e9es et des po\u00e8mes personnels. Il s&#8217;agit avant tout d&#8217;un espace d&#8217;expression libre, sans jugement ni objectif formel, o\u00f9 chaque participante pourra d\u00e9couvrir ou red\u00e9couvrir une forme de po\u00e9sie personnelle li\u00e9e \u00e0 son propre corps et \u00e0 son intimit\u00e9.<\/p>\n<p>L&#8217;objectif de cet atelier est de permettre \u00e0 chacune de s&#8217;exprimer librement, d&#8217;explorer son ressenti, et d&#8217;ouvrir des portes sur des sujets encore souvent tabous. Gr\u00e2ce \u00e0 la m\u00e9diation artistique de <strong>Julie Barranger<\/strong> et <strong>C\u00e9line De-Sa\u00ebr<\/strong>, cet atelier offre des &#8220;cl\u00e9s&#8221; pour s&#8217;initier \u00e0 l\u2019expression de soi, en toute s\u00e9curit\u00e9 et bienveillance.<\/p>\n<\/div>\n<div class=\"flex-shrink-0 flex flex-col relative items-end\">\n<h4>Fondatices :<\/h4>\n<div class=\"pt-0\">\n<div class=\"flex-shrink-0 flex flex-col relative items-end\">\n<ul>\n<li><strong>Julie Barranger<\/strong>, artiste plasticienne, form\u00e9e au <strong>Life Art Process<\/strong>, une branche de l&#8217;art-th\u00e9rapie, est l&#8217;auteure d&#8217;une s\u00e9rie d&#8217;\u0153uvres intitul\u00e9e <strong>Les Vuln\u00e9rables<\/strong>. Ces dessins et peintures rendent hommage \u00e0 la beaut\u00e9 du sexe f\u00e9minin \u00e0 travers des analogies avec les formes de la nature : fruits, fleurs, coquillages et calligrammes.<\/li>\n<\/ul>\n<p>&nbsp;<\/p>\n<ul>\n<li><strong>C\u00e9line De-Sa\u00ebr<\/strong>, po\u00e8te, accompagnante litt\u00e9raire, animatrice d\u2019ateliers d\u2019\u00e9criture et m\u00e9diatrice artistique, poursuit \u00e9galement un parcours en art-th\u00e9rapie. Elle explore la po\u00e9sie sous toutes ses formes, y compris la prose po\u00e9tique et le fragment, et est l\u2019auteure de plusieurs recueils de po\u00e9sie.<\/li>\n<\/ul>\n<\/div>\n<\/div>\n<\/div>\n<div class=\"flex-shrink-0 flex flex-col relative items-end\">\n<div>\n<div>\n<p><!-- notionvc: 922221ef-6ae8-470d-800d-6c9dd9db8dd8 --><\/p>\n<\/div>\n<\/div>\n<\/div>\n<p><!-- notionvc: 49bafbb7-6a40-4c75-96c0-9a91208e34a4 --><\/p>\n<h4><\/h4>\n<\/div>\n<div class=\"flex-shrink-0 flex flex-col relative items-end\">\n<div>\n<div>\n<p><!-- notionvc: 922221ef-6ae8-470d-800d-6c9dd9db8dd8 --><\/p>\n<\/div>\n<\/div>\n<\/div>\n<p><!-- notionvc: 49bafbb7-6a40-4c75-96c0-9a91208e34a4 --><\/p>\n<div><\/div>\n<h4><strong>Informations pratiques<\/strong><\/h4>\n<h4><span class=\"fxk3tzhb b2rh1bv3 gh55jysx m8h3af8h ewco64xe kjdc1dyq ms56khn7 bq6c9xl4 eohcrkr5 akh3l2rg\"><img decoding=\"async\" src=\"https:\/\/static.xx.fbcdn.net\/images\/emoji.php\/v9\/td7\/1.5\/16\/1f4c5.png\" alt=\"&#x1f4c5;\" width=\"16\" height=\"16\" \/><\/span> L\u2019\u00e9v\u00e9nement se d\u00e9roulera vendredi 13 d\u00e9cembre 2024<br \/>\n&#x231b;&#xfe0f; De 18h \u00e0 20h<br \/>\n<span class=\"fxk3tzhb b2rh1bv3 gh55jysx m8h3af8h ewco64xe kjdc1dyq ms56khn7 bq6c9xl4 eohcrkr5 akh3l2rg\"><img decoding=\"async\" src=\"https:\/\/static.xx.fbcdn.net\/images\/emoji.php\/v9\/t8b\/1.5\/16\/1f516.png\" alt=\"&#x1f516;\" width=\"16\" height=\"16\" \/><\/span>\u00a0R\u00e9servation gratuite obligatoire<br \/>\n<span class=\"fxk3tzhb b2rh1bv3 gh55jysx m8h3af8h ewco64xe kjdc1dyq ms56khn7 bq6c9xl4 eohcrkr5 akh3l2rg\"><img decoding=\"async\" src=\"https:\/\/static.xx.fbcdn.net\/images\/emoji.php\/v9\/t86\/1.5\/16\/1f4cd.png\" alt=\"&#x1f4cd;\" width=\"16\" height=\"16\" \/><\/span>\u00a0Sist\u2019Her : 82 rue du Faubourg Saint-Martin 75010 Paris<\/h4>\n<h4>&#x26a0;&#xfe0f;\u200bN<strong>ous tenons \u00e0 vous informer que l&#8217;acc\u00e8s au b\u00e2timent peut \u00eatre difficile pour les personnes \u00e0 mobilit\u00e9 r\u00e9duite<\/strong>. Pour toute question, nous vous conseillons de <strong>contacter <\/strong>l&#8217;adresse suivante : <strong><a rel=\"noopener\">fatoumata.diarra@empow-her.com<\/a><\/strong>.<\/h4>\n<p>Ouvert en mars 2021 par l\u2019ONG\u00a0<a href=\"https:\/\/empow-her.com\/\">Empow\u2019Her<\/a>, Sist\u2019Her Paris est un espace de partage et de cr\u00e9ation f\u00e9ministe, accessible \u00e0 tous.tes, d\u00e9di\u00e9 \u00e0 l\u2019\u00e9criture collective d\u2019un nouveau narratif entrepreneurial et \u00e0 l\u2019outillage des combats pour des soci\u00e9t\u00e9s plus justes, durables et \u00e9galitaires.<\/p>\n<p>Retrouvez tous les \u00e9v\u00e9nements des prochains mois chez Sist\u2019Her dans notre\u00a0<a href=\"https:\/\/empow-her.com\/agenda-empowher\/\">agenda<\/a>\u00a0!<\/p>\n<p>Suivez Sist\u2019Her sur notre\u00a0<a href=\"https:\/\/www.instagram.com\/sisther.paris\/\">Instagram<\/a>\u00a0!<\/p>\n<p>On a h\u00e2te de vous retrouver &#x1f49c;<\/p>\n","protected":false},"featured_media":260477,"template":"","format":"standard","meta":{"_acf_changed":false,"om_disable_all_campaigns":false,"_uf_show_specific_survey":0,"_uf_disable_surveys":false},"product_brand":[],"product_cat":[119],"product_tag":[178],"lieu":[127],"thematiques":[],"class_list":{"0":"post-260445","1":"product","2":"type-product","3":"status-publish","4":"format-standard","5":"has-post-thumbnail","7":"product_cat-evenement-sisther","8":"product_tag-evenement-sisther","9":"lieu-hub-empowher","11":"first","12":"instock","13":"virtual","14":"purchasable","15":"product-type-appointment"},"exclude_global_add_ons":[],"addons":[],"acf":[],"yoast_head":"<!-- This site is optimized with the Yoast SEO plugin v24.8 - https:\/\/yoast.com\/wordpress\/plugins\/seo\/ -->\n<title>Atelier d&#039;\u00e9criture et de cr\u00e9ation f\u00e9ministe chez Sist&#039;her!<\/title>\n<meta name=\"description\" content=\"Rejoignez-nous pour un atelier d&#039;\u00e9criture et de cr\u00e9ation, anim\u00e9 par Julie Barranger et C\u00e9line De-Sa\u00ebr, pour explorer l&#039;intimit\u00e9 f\u00e9minine \u00e0 travers l&#039;art et les mots\" \/>\n<meta name=\"robots\" content=\"index, follow, max-snippet:-1, max-image-preview:large, max-video-preview:-1\" \/>\n<link rel=\"canonical\" href=\"https:\/\/empow-her.com\/produit\/atelier-decriture-et-de-creation-intimite-sensualite-et-poesie-chez-sisther\/\" \/>\n<meta property=\"og:locale\" content=\"en_US\" \/>\n<meta property=\"og:type\" content=\"article\" \/>\n<meta property=\"og:title\" content=\"Atelier d&#039;\u00e9criture et de cr\u00e9ation f\u00e9ministe chez Sist&#039;her!\" \/>\n<meta property=\"og:description\" content=\"Rejoignez-nous pour un atelier d&#039;\u00e9criture et de cr\u00e9ation, anim\u00e9 par Julie Barranger et C\u00e9line De-Sa\u00ebr, pour explorer l&#039;intimit\u00e9 f\u00e9minine \u00e0 travers l&#039;art et les mots\" \/>\n<meta property=\"og:url\" content=\"https:\/\/empow-her.com\/produit\/atelier-decriture-et-de-creation-intimite-sensualite-et-poesie-chez-sisther\/\" \/>\n<meta property=\"og:site_name\" content=\"Empow&#039;Her\" \/>\n<meta property=\"article:modified_time\" content=\"2024-11-18T10:41:35+00:00\" \/>\n<meta property=\"og:image\" content=\"https:\/\/empow-her.com\/wp-content\/uploads\/2024\/11\/vulnerabilis-2.png\" \/>\n\t<meta property=\"og:image:width\" content=\"1080\" \/>\n\t<meta property=\"og:image:height\" content=\"1080\" \/>\n\t<meta property=\"og:image:type\" content=\"image\/png\" \/>\n<meta name=\"twitter:card\" content=\"summary_large_image\" \/>\n<meta name=\"twitter:label1\" content=\"Est. reading time\" \/>\n\t<meta name=\"twitter:data1\" content=\"4 minutes\" \/>\n<script type=\"application\/ld+json\" class=\"yoast-schema-graph\">{\"@context\":\"https:\/\/schema.org\",\"@graph\":[{\"@type\":\"WebPage\",\"@id\":\"https:\/\/empow-her.com\/produit\/atelier-decriture-et-de-creation-intimite-sensualite-et-poesie-chez-sisther\/\",\"url\":\"https:\/\/empow-her.com\/produit\/atelier-decriture-et-de-creation-intimite-sensualite-et-poesie-chez-sisther\/\",\"name\":\"Atelier d'\u00e9criture et de cr\u00e9ation f\u00e9ministe chez Sist'her!\",\"isPartOf\":{\"@id\":\"https:\/\/empow-her.com\/#website\"},\"primaryImageOfPage\":{\"@id\":\"https:\/\/empow-her.com\/produit\/atelier-decriture-et-de-creation-intimite-sensualite-et-poesie-chez-sisther\/#primaryimage\"},\"image\":{\"@id\":\"https:\/\/empow-her.com\/produit\/atelier-decriture-et-de-creation-intimite-sensualite-et-poesie-chez-sisther\/#primaryimage\"},\"thumbnailUrl\":\"https:\/\/empow-her.com\/wp-content\/uploads\/2024\/11\/vulnerabilis-2.png\",\"datePublished\":\"2024-11-13T10:28:05+00:00\",\"dateModified\":\"2024-11-18T10:41:35+00:00\",\"description\":\"Rejoignez-nous pour un atelier d'\u00e9criture et de cr\u00e9ation, anim\u00e9 par Julie Barranger et C\u00e9line De-Sa\u00ebr, pour explorer l'intimit\u00e9 f\u00e9minine \u00e0 travers l'art et les mots\",\"breadcrumb\":{\"@id\":\"https:\/\/empow-her.com\/produit\/atelier-decriture-et-de-creation-intimite-sensualite-et-poesie-chez-sisther\/#breadcrumb\"},\"inLanguage\":\"en-US\",\"potentialAction\":[{\"@type\":\"ReadAction\",\"target\":[\"https:\/\/empow-her.com\/produit\/atelier-decriture-et-de-creation-intimite-sensualite-et-poesie-chez-sisther\/\"]}]},{\"@type\":\"ImageObject\",\"inLanguage\":\"en-US\",\"@id\":\"https:\/\/empow-her.com\/produit\/atelier-decriture-et-de-creation-intimite-sensualite-et-poesie-chez-sisther\/#primaryimage\",\"url\":\"https:\/\/empow-her.com\/wp-content\/uploads\/2024\/11\/vulnerabilis-2.png\",\"contentUrl\":\"https:\/\/empow-her.com\/wp-content\/uploads\/2024\/11\/vulnerabilis-2.png\",\"width\":1080,\"height\":1080},{\"@type\":\"BreadcrumbList\",\"@id\":\"https:\/\/empow-her.com\/produit\/atelier-decriture-et-de-creation-intimite-sensualite-et-poesie-chez-sisther\/#breadcrumb\",\"itemListElement\":[{\"@type\":\"ListItem\",\"position\":1,\"name\":\"Accueil\",\"item\":\"https:\/\/empow-her.com\/en\/landing-page\/\"},{\"@type\":\"ListItem\",\"position\":2,\"name\":\"LA BOUTIQUE\",\"item\":\"https:\/\/empow-her.com\/boutique\/\"},{\"@type\":\"ListItem\",\"position\":3,\"name\":\"Atelier d&#8217;\u00e9criture et de cr\u00e9ation : &#8220;Intimit\u00e9, Sensualit\u00e9 et Po\u00e9sie&#8221; chez Sist&#8217;her!\"}]},{\"@type\":\"WebSite\",\"@id\":\"https:\/\/empow-her.com\/#website\",\"url\":\"https:\/\/empow-her.com\/\",\"name\":\"Empow&#039;Her\",\"description\":\"Women Development\",\"potentialAction\":[{\"@type\":\"SearchAction\",\"target\":{\"@type\":\"EntryPoint\",\"urlTemplate\":\"https:\/\/empow-her.com\/?s={search_term_string}\"},\"query-input\":{\"@type\":\"PropertyValueSpecification\",\"valueRequired\":true,\"valueName\":\"search_term_string\"}}],\"inLanguage\":\"en-US\"}]}<\/script>\n<!-- \/ Yoast SEO plugin. -->","yoast_head_json":{"title":"Atelier d'\u00e9criture et de cr\u00e9ation f\u00e9ministe chez Sist'her!","description":"Rejoignez-nous pour un atelier d'\u00e9criture et de cr\u00e9ation, anim\u00e9 par Julie Barranger et C\u00e9line De-Sa\u00ebr, pour explorer l'intimit\u00e9 f\u00e9minine \u00e0 travers l'art et les mots","robots":{"index":"index","follow":"follow","max-snippet":"max-snippet:-1","max-image-preview":"max-image-preview:large","max-video-preview":"max-video-preview:-1"},"canonical":"https:\/\/empow-her.com\/produit\/atelier-decriture-et-de-creation-intimite-sensualite-et-poesie-chez-sisther\/","og_locale":"en_US","og_type":"article","og_title":"Atelier d'\u00e9criture et de cr\u00e9ation f\u00e9ministe chez Sist'her!","og_description":"Rejoignez-nous pour un atelier d'\u00e9criture et de cr\u00e9ation, anim\u00e9 par Julie Barranger et C\u00e9line De-Sa\u00ebr, pour explorer l'intimit\u00e9 f\u00e9minine \u00e0 travers l'art et les mots","og_url":"https:\/\/empow-her.com\/produit\/atelier-decriture-et-de-creation-intimite-sensualite-et-poesie-chez-sisther\/","og_site_name":"Empow&#039;Her","article_modified_time":"2024-11-18T10:41:35+00:00","og_image":[{"width":1080,"height":1080,"url":"https:\/\/empow-her.com\/wp-content\/uploads\/2024\/11\/vulnerabilis-2.png","type":"image\/png"}],"twitter_card":"summary_large_image","twitter_misc":{"Est. reading time":"4 minutes"},"schema":{"@context":"https:\/\/schema.org","@graph":[{"@type":"WebPage","@id":"https:\/\/empow-her.com\/produit\/atelier-decriture-et-de-creation-intimite-sensualite-et-poesie-chez-sisther\/","url":"https:\/\/empow-her.com\/produit\/atelier-decriture-et-de-creation-intimite-sensualite-et-poesie-chez-sisther\/","name":"Atelier d'\u00e9criture et de cr\u00e9ation f\u00e9ministe chez Sist'her!","isPartOf":{"@id":"https:\/\/empow-her.com\/#website"},"primaryImageOfPage":{"@id":"https:\/\/empow-her.com\/produit\/atelier-decriture-et-de-creation-intimite-sensualite-et-poesie-chez-sisther\/#primaryimage"},"image":{"@id":"https:\/\/empow-her.com\/produit\/atelier-decriture-et-de-creation-intimite-sensualite-et-poesie-chez-sisther\/#primaryimage"},"thumbnailUrl":"https:\/\/empow-her.com\/wp-content\/uploads\/2024\/11\/vulnerabilis-2.png","datePublished":"2024-11-13T10:28:05+00:00","dateModified":"2024-11-18T10:41:35+00:00","description":"Rejoignez-nous pour un atelier d'\u00e9criture et de cr\u00e9ation, anim\u00e9 par Julie Barranger et C\u00e9line De-Sa\u00ebr, pour explorer l'intimit\u00e9 f\u00e9minine \u00e0 travers l'art et les mots","breadcrumb":{"@id":"https:\/\/empow-her.com\/produit\/atelier-decriture-et-de-creation-intimite-sensualite-et-poesie-chez-sisther\/#breadcrumb"},"inLanguage":"en-US","potentialAction":[{"@type":"ReadAction","target":["https:\/\/empow-her.com\/produit\/atelier-decriture-et-de-creation-intimite-sensualite-et-poesie-chez-sisther\/"]}]},{"@type":"ImageObject","inLanguage":"en-US","@id":"https:\/\/empow-her.com\/produit\/atelier-decriture-et-de-creation-intimite-sensualite-et-poesie-chez-sisther\/#primaryimage","url":"https:\/\/empow-her.com\/wp-content\/uploads\/2024\/11\/vulnerabilis-2.png","contentUrl":"https:\/\/empow-her.com\/wp-content\/uploads\/2024\/11\/vulnerabilis-2.png","width":1080,"height":1080},{"@type":"BreadcrumbList","@id":"https:\/\/empow-her.com\/produit\/atelier-decriture-et-de-creation-intimite-sensualite-et-poesie-chez-sisther\/#breadcrumb","itemListElement":[{"@type":"ListItem","position":1,"name":"Accueil","item":"https:\/\/empow-her.com\/en\/landing-page\/"},{"@type":"ListItem","position":2,"name":"LA BOUTIQUE","item":"https:\/\/empow-her.com\/boutique\/"},{"@type":"ListItem","position":3,"name":"Atelier d&#8217;\u00e9criture et de cr\u00e9ation : &#8220;Intimit\u00e9, Sensualit\u00e9 et Po\u00e9sie&#8221; chez Sist&#8217;her!"}]},{"@type":"WebSite","@id":"https:\/\/empow-her.com\/#website","url":"https:\/\/empow-her.com\/","name":"Empow&#039;Her","description":"Women Development","potentialAction":[{"@type":"SearchAction","target":{"@type":"EntryPoint","urlTemplate":"https:\/\/empow-her.com\/?s={search_term_string}"},"query-input":{"@type":"PropertyValueSpecification","valueRequired":true,"valueName":"search_term_string"}}],"inLanguage":"en-US"}]}},"_links":{"self":[{"href":"https:\/\/empow-her.com\/en\/wp-json\/wp\/v2\/product\/260445","targetHints":{"allow":["GET"]}}],"collection":[{"href":"https:\/\/empow-her.com\/en\/wp-json\/wp\/v2\/product"}],"about":[{"href":"https:\/\/empow-her.com\/en\/wp-json\/wp\/v2\/types\/product"}],"wp:featuredmedia":[{"embeddable":true,"href":"https:\/\/empow-her.com\/en\/wp-json\/wp\/v2\/media\/260477"}],"wp:attachment":[{"href":"https:\/\/empow-her.com\/en\/wp-json\/wp\/v2\/media?parent=260445"}],"wp:term":[{"taxonomy":"product_brand","embeddable":true,"href":"https:\/\/empow-her.com\/en\/wp-json\/wp\/v2\/product_brand?post=260445"},{"taxonomy":"product_cat","embeddable":true,"href":"https:\/\/empow-her.com\/en\/wp-json\/wp\/v2\/product_cat?post=260445"},{"taxonomy":"product_tag","embeddable":true,"href":"https:\/\/empow-her.com\/en\/wp-json\/wp\/v2\/product_tag?post=260445"},{"taxonomy":"lieu","embeddable":true,"href":"https:\/\/empow-her.com\/en\/wp-json\/wp\/v2\/lieu?post=260445"},{"taxonomy":"thematiques","embeddable":true,"href":"https:\/\/empow-her.com\/en\/wp-json\/wp\/v2\/thematiques?post=260445"}],"curies":[{"name":"wp","href":"https:\/\/api.w.org\/{rel}","templated":true}]}}