{"id":259873,"date":"2024-11-03T19:02:31","date_gmt":"2024-11-03T18:02:31","guid":{"rendered":"https:\/\/empow-her.com\/?post_type=product&#038;p=259873"},"modified":"2024-11-12T17:38:08","modified_gmt":"2024-11-12T16:38:08","slug":"atelier-realiser-son-business-plan-en-1-journee-9","status":"publish","type":"product","link":"https:\/\/empow-her.com\/en\/produit\/atelier-realiser-son-business-plan-en-1-journee-9\/","title":{"rendered":"Atelier &#8211; R\u00e9aliser son Business Plan en 1 journ\u00e9e !"},"content":{"rendered":"<p><strong>Besoin :<\/strong> Je voudrais savoir si mon activit\u00e9 peut \u00eatre rentable, et quand elle peut l&#8217;\u00eatre ! J&#8217;aimerai \u00e9galement savoir combien je pourrai me payer avec cette activit\u00e9. Enfin j&#8217;aimerai aussi pouvoir envoy\u00e9 un tableau clair quand les banques et diff\u00e9rents financeurs me demandent un budget pr\u00e9visionnel ou un Business Plan.<\/p>\n<p><strong>Description<\/strong> : Qu&#8217;est-ce que le Business Plan, comment le r\u00e9diger et quels seront vos points cl\u00e9s de conviction ? Un business plan est un outil pour convaincre vos partenaires, investisseurs, ou votre banquier, mais c&#8217;est aussi un outil de clarification qui vous permettra de clarifier vos id\u00e9es et de les structurer de mani\u00e8re claire et pr\u00e9cise !<br \/>\nLors de cet atelier collectif, l&#8217;objectif sera de vous initier aux diff\u00e9rentes sections du business plan et \u00e0 la logique des pr\u00e9visions financi\u00e8res, et d&#8217;apprendre \u00e0 poser des hypoth\u00e8ses cr\u00e9dibles afin de construire un projet coh\u00e9rent et viable !<\/p>\n<p><strong>Pr\u00e9-requis<\/strong> : Apporter son ordinateur et avoir un identifi\u00e9 un mod\u00e8le \u00e9conomique !<\/p>\n<p><strong>Intervenant:<\/strong> Antoine G\u00e9rardin de Finetic<\/p>\n<p>Je suis passionn\u00e9 par l&#8217;entrepreneuriat et les sujets \u00e0 impact social et environnemental. J&#8217;ai travaill\u00e9 dans plusieurs fonds d&#8217;investissement \u00e0 impact, ainsi qu&#8217;au sein de plusieurs startups engag\u00e9es en croissance. Je poss\u00e8de des comp\u00e9tences dans le financement, la structuration \u00e9conomique et le d\u00e9veloppement de projet entrepreneurial !<\/p>\n<p><strong>Son super pouvoir<\/strong> : Explorer tous les mod\u00e8les \u00e9conomiques possibles !<\/p>\n<p><strong>Son petit mot :<\/strong> Bravo pour cette d\u00e9marche ! D\u00e9sormais le plus important est de rester obs\u00e9d\u00e9e par votre mission et vos clients !<\/p>\n<p><strong>Dur\u00e9e<\/strong> : Une journ\u00e9e compl\u00e8te et intensive avec un atelier le matin et des conseils individualis\u00e9s l&#8217;apr\u00e8s-midi, en pr\u00e9sentiel chez Sist&#8217;Her Paris<\/p>\n<p><strong>Attention<\/strong>\u00a0! Veuillez vous pr\u00e9senter \u00e0 l\u2019heure pour que l\u2019activit\u00e9 puisse commencer \u00e0 temps. Si vous avez du retard veuillez pr\u00e9venir l\u2019intervenant.e. Si vous avez plus de 15 min de retard l\u2019intervenant.e se r\u00e9serve le droit de ne pas vous accepter pour le coaching ou l\u2019atelier.<\/p>\n","protected":false},"excerpt":{"rendered":"<p><strong>Besoin :<\/strong> Je voudrais savoir si mon activit\u00e9 peut \u00eatre rentable, et quand elle peut l&#8217;\u00eatre ! J&#8217;aimerai \u00e9galement savoir combien je pourrai me payer avec cette activit\u00e9. Enfin j&#8217;aimerai aussi pouvoir envoy\u00e9 un tableau clair quand les banques et diff\u00e9rents financeurs me demandent un budget pr\u00e9visionnel ou un Business Plan.<\/p>\n<p><strong>Description<\/strong> : Qu&#8217;est-ce que le Business Plan, comment le r\u00e9diger et quels seront vos points cl\u00e9s de conviction ? Un business plan est un outil pour convaincre vos partenaires, investisseurs, ou votre banquier, mais c&#8217;est aussi un outil de clarification qui vous permettra de clarifier vos id\u00e9es et de les structurer de mani\u00e8re claire et pr\u00e9cise ! Lors de cet atelier collectif, l&#8217;objectif sera de vous initier aux diff\u00e9rentes sections du business plan et \u00e0 la logique des pr\u00e9visions financi\u00e8res, et d&#8217;apprendre \u00e0 poser des hypoth\u00e8ses cr\u00e9dibles afin de construire un projet coh\u00e9rent et viable !<\/p>\n<p><strong>Pr\u00e9-requis<\/strong> : Apporter son ordinateur et avoir un identifi\u00e9 un mod\u00e8le \u00e9conomique !<\/p>\n<p><strong>Intervenant:<\/strong> Antoine G\u00e9rardin de Finetic<\/p>\n<p>Je suis passionn\u00e9 par l&#8217;entrepreneuriat et les sujets \u00e0 impact social et environnemental. J&#8217;ai travaill\u00e9 dans plusieurs fonds d&#8217;investissement \u00e0 impact, ainsi qu&#8217;au sein de plusieurs startups engag\u00e9es en croissance. Je poss\u00e8de des comp\u00e9tences dans le financement, la structuration \u00e9conomique et le d\u00e9veloppement de projet entrepreneurial !<\/p>\n<p><strong>Son super pouvoir<\/strong> : Explorer tous les mod\u00e8les \u00e9conomiques possibles !<\/p>\n<p><strong>Son petit mot :<\/strong> Bravo pour cette d\u00e9marche ! D\u00e9sormais le plus important est de rester obs\u00e9d\u00e9e par votre mission et vos clients !<\/p>\n<p><strong>Dur\u00e9e<\/strong> : Une journ\u00e9e compl\u00e8te et intensive avec un atelier le matin et des conseils individualis\u00e9s l&#8217;apr\u00e8s-midi, en pr\u00e9sentiel chez Sist&#8217;Her Paris<\/p>\n<p><strong>Attention<\/strong>\u00a0! Veuillez vous pr\u00e9senter \u00e0 l\u2019heure pour que l\u2019activit\u00e9 puisse commencer \u00e0 temps. Si vous avez du retard veuillez pr\u00e9venir l\u2019intervenant.e. Si vous avez plus de 15 min de retard l\u2019intervenant.e se r\u00e9serve le droit de ne pas vous accepter pour le coaching ou l\u2019atelier.<\/p>\n","protected":false},"featured_media":259874,"template":"","format":"standard","meta":{"_acf_changed":false,"om_disable_all_campaigns":false,"_uf_show_specific_survey":0,"_uf_disable_surveys":false},"product_brand":[],"product_cat":[118],"product_tag":[],"lieu":[127],"thematiques":[],"class_list":{"0":"post-259873","1":"product","2":"type-product","3":"status-publish","4":"format-standard","5":"has-post-thumbnail","7":"product_cat-atelier-collectif","8":"lieu-hub-empowher","10":"first","11":"instock","12":"virtual","13":"purchasable","14":"product-type-appointment"},"exclude_global_add_ons":[],"addons":[],"acf":[],"yoast_head":"<!-- This site is optimized with the Yoast SEO plugin v24.8 - https:\/\/yoast.com\/wordpress\/plugins\/seo\/ -->\n<title>Atelier - R\u00e9aliser son Business Plan en 1 journ\u00e9e ! - Empow&#039;Her<\/title>\n<meta name=\"robots\" content=\"index, follow, max-snippet:-1, max-image-preview:large, max-video-preview:-1\" \/>\n<link rel=\"canonical\" href=\"https:\/\/empow-her.com\/produit\/atelier-realiser-son-business-plan-en-1-journee-9\/\" \/>\n<meta property=\"og:locale\" content=\"en_US\" \/>\n<meta property=\"og:type\" content=\"article\" \/>\n<meta property=\"og:title\" content=\"Atelier - R\u00e9aliser son Business Plan en 1 journ\u00e9e ! - Empow&#039;Her\" \/>\n<meta property=\"og:description\" content=\"Besoin : Je voudrais savoir si mon activit\u00e9 peut \u00eatre rentable, et quand elle peut l&#039;\u00eatre ! J&#039;aimerai \u00e9galement savoir combien je pourrai me payer avec cette activit\u00e9. Enfin j&#039;aimerai aussi pouvoir envoy\u00e9 un tableau clair quand les banques et diff\u00e9rents financeurs me demandent un budget pr\u00e9visionnel ou un Business Plan.  Description : Qu&#039;est-ce que le Business Plan, comment le r\u00e9diger et quels seront vos points cl\u00e9s de conviction ? Un business plan est un outil pour convaincre vos partenaires, investisseurs, ou votre banquier, mais c&#039;est aussi un outil de clarification qui vous permettra de clarifier vos id\u00e9es et de les structurer de mani\u00e8re claire et pr\u00e9cise ! Lors de cet atelier collectif, l&#039;objectif sera de vous initier aux diff\u00e9rentes sections du business plan et \u00e0 la logique des pr\u00e9visions financi\u00e8res, et d&#039;apprendre \u00e0 poser des hypoth\u00e8ses cr\u00e9dibles afin de construire un projet coh\u00e9rent et viable !  Pr\u00e9-requis : Apporter son ordinateur et avoir un identifi\u00e9 un mod\u00e8le \u00e9conomique !  Intervenant: Antoine G\u00e9rardin de Finetic  Je suis passionn\u00e9 par l&#039;entrepreneuriat et les sujets \u00e0 impact social et environnemental. J&#039;ai travaill\u00e9 dans plusieurs fonds d&#039;investissement \u00e0 impact, ainsi qu&#039;au sein de plusieurs startups engag\u00e9es en croissance. Je poss\u00e8de des comp\u00e9tences dans le financement, la structuration \u00e9conomique et le d\u00e9veloppement de projet entrepreneurial !  Son super pouvoir : Explorer tous les mod\u00e8les \u00e9conomiques possibles !  Son petit mot : Bravo pour cette d\u00e9marche ! D\u00e9sormais le plus important est de rester obs\u00e9d\u00e9e par votre mission et vos clients !  Dur\u00e9e : Une journ\u00e9e compl\u00e8te et intensive avec un atelier le matin et des conseils individualis\u00e9s l&#039;apr\u00e8s-midi, en pr\u00e9sentiel chez Sist&#039;Her Paris  Attention\u00a0! Veuillez vous pr\u00e9senter \u00e0 l\u2019heure pour que l\u2019activit\u00e9 puisse commencer \u00e0 temps. Si vous avez du retard veuillez pr\u00e9venir l\u2019intervenant.e. Si vous avez plus de 15 min de retard l\u2019intervenant.e se r\u00e9serve le droit de ne pas vous accepter pour le coaching ou l\u2019atelier.\" \/>\n<meta property=\"og:url\" content=\"https:\/\/empow-her.com\/produit\/atelier-realiser-son-business-plan-en-1-journee-9\/\" \/>\n<meta property=\"og:site_name\" content=\"Empow&#039;Her\" \/>\n<meta property=\"article:modified_time\" content=\"2024-11-12T16:38:08+00:00\" \/>\n<meta property=\"og:image\" content=\"https:\/\/empow-her.com\/wp-content\/uploads\/2024\/11\/Women-Dare-templates-events-92.png\" \/>\n\t<meta property=\"og:image:width\" content=\"1080\" \/>\n\t<meta property=\"og:image:height\" content=\"1080\" \/>\n\t<meta property=\"og:image:type\" content=\"image\/png\" \/>\n<meta name=\"twitter:card\" content=\"summary_large_image\" \/>\n<meta name=\"twitter:label1\" content=\"Est. reading time\" \/>\n\t<meta name=\"twitter:data1\" content=\"2 minutes\" \/>\n<script type=\"application\/ld+json\" class=\"yoast-schema-graph\">{\"@context\":\"https:\/\/schema.org\",\"@graph\":[{\"@type\":\"WebPage\",\"@id\":\"https:\/\/empow-her.com\/produit\/atelier-realiser-son-business-plan-en-1-journee-9\/\",\"url\":\"https:\/\/empow-her.com\/produit\/atelier-realiser-son-business-plan-en-1-journee-9\/\",\"name\":\"Atelier - R\u00e9aliser son Business Plan en 1 journ\u00e9e ! - Empow&#039;Her\",\"isPartOf\":{\"@id\":\"https:\/\/empow-her.com\/#website\"},\"primaryImageOfPage\":{\"@id\":\"https:\/\/empow-her.com\/produit\/atelier-realiser-son-business-plan-en-1-journee-9\/#primaryimage\"},\"image\":{\"@id\":\"https:\/\/empow-her.com\/produit\/atelier-realiser-son-business-plan-en-1-journee-9\/#primaryimage\"},\"thumbnailUrl\":\"https:\/\/empow-her.com\/wp-content\/uploads\/2024\/11\/Women-Dare-templates-events-92.png\",\"datePublished\":\"2024-11-03T18:02:31+00:00\",\"dateModified\":\"2024-11-12T16:38:08+00:00\",\"breadcrumb\":{\"@id\":\"https:\/\/empow-her.com\/produit\/atelier-realiser-son-business-plan-en-1-journee-9\/#breadcrumb\"},\"inLanguage\":\"en-US\",\"potentialAction\":[{\"@type\":\"ReadAction\",\"target\":[\"https:\/\/empow-her.com\/produit\/atelier-realiser-son-business-plan-en-1-journee-9\/\"]}]},{\"@type\":\"ImageObject\",\"inLanguage\":\"en-US\",\"@id\":\"https:\/\/empow-her.com\/produit\/atelier-realiser-son-business-plan-en-1-journee-9\/#primaryimage\",\"url\":\"https:\/\/empow-her.com\/wp-content\/uploads\/2024\/11\/Women-Dare-templates-events-92.png\",\"contentUrl\":\"https:\/\/empow-her.com\/wp-content\/uploads\/2024\/11\/Women-Dare-templates-events-92.png\",\"width\":1080,\"height\":1080},{\"@type\":\"BreadcrumbList\",\"@id\":\"https:\/\/empow-her.com\/produit\/atelier-realiser-son-business-plan-en-1-journee-9\/#breadcrumb\",\"itemListElement\":[{\"@type\":\"ListItem\",\"position\":1,\"name\":\"Accueil\",\"item\":\"https:\/\/empow-her.com\/en\/landing-page\/\"},{\"@type\":\"ListItem\",\"position\":2,\"name\":\"LA BOUTIQUE\",\"item\":\"https:\/\/empow-her.com\/boutique\/\"},{\"@type\":\"ListItem\",\"position\":3,\"name\":\"Atelier &#8211; R\u00e9aliser son Business Plan en 1 journ\u00e9e !\"}]},{\"@type\":\"WebSite\",\"@id\":\"https:\/\/empow-her.com\/#website\",\"url\":\"https:\/\/empow-her.com\/\",\"name\":\"Empow&#039;Her\",\"description\":\"Women Development\",\"potentialAction\":[{\"@type\":\"SearchAction\",\"target\":{\"@type\":\"EntryPoint\",\"urlTemplate\":\"https:\/\/empow-her.com\/?s={search_term_string}\"},\"query-input\":{\"@type\":\"PropertyValueSpecification\",\"valueRequired\":true,\"valueName\":\"search_term_string\"}}],\"inLanguage\":\"en-US\"}]}<\/script>\n<!-- \/ Yoast SEO plugin. -->","yoast_head_json":{"title":"Atelier - R\u00e9aliser son Business Plan en 1 journ\u00e9e ! - Empow&#039;Her","robots":{"index":"index","follow":"follow","max-snippet":"max-snippet:-1","max-image-preview":"max-image-preview:large","max-video-preview":"max-video-preview:-1"},"canonical":"https:\/\/empow-her.com\/produit\/atelier-realiser-son-business-plan-en-1-journee-9\/","og_locale":"en_US","og_type":"article","og_title":"Atelier - R\u00e9aliser son Business Plan en 1 journ\u00e9e ! - Empow&#039;Her","og_description":"Besoin : Je voudrais savoir si mon activit\u00e9 peut \u00eatre rentable, et quand elle peut l'\u00eatre ! J'aimerai \u00e9galement savoir combien je pourrai me payer avec cette activit\u00e9. Enfin j'aimerai aussi pouvoir envoy\u00e9 un tableau clair quand les banques et diff\u00e9rents financeurs me demandent un budget pr\u00e9visionnel ou un Business Plan.  Description : Qu'est-ce que le Business Plan, comment le r\u00e9diger et quels seront vos points cl\u00e9s de conviction ? Un business plan est un outil pour convaincre vos partenaires, investisseurs, ou votre banquier, mais c'est aussi un outil de clarification qui vous permettra de clarifier vos id\u00e9es et de les structurer de mani\u00e8re claire et pr\u00e9cise ! Lors de cet atelier collectif, l'objectif sera de vous initier aux diff\u00e9rentes sections du business plan et \u00e0 la logique des pr\u00e9visions financi\u00e8res, et d'apprendre \u00e0 poser des hypoth\u00e8ses cr\u00e9dibles afin de construire un projet coh\u00e9rent et viable !  Pr\u00e9-requis : Apporter son ordinateur et avoir un identifi\u00e9 un mod\u00e8le \u00e9conomique !  Intervenant: Antoine G\u00e9rardin de Finetic  Je suis passionn\u00e9 par l'entrepreneuriat et les sujets \u00e0 impact social et environnemental. J'ai travaill\u00e9 dans plusieurs fonds d'investissement \u00e0 impact, ainsi qu'au sein de plusieurs startups engag\u00e9es en croissance. Je poss\u00e8de des comp\u00e9tences dans le financement, la structuration \u00e9conomique et le d\u00e9veloppement de projet entrepreneurial !  Son super pouvoir : Explorer tous les mod\u00e8les \u00e9conomiques possibles !  Son petit mot : Bravo pour cette d\u00e9marche ! D\u00e9sormais le plus important est de rester obs\u00e9d\u00e9e par votre mission et vos clients !  Dur\u00e9e : Une journ\u00e9e compl\u00e8te et intensive avec un atelier le matin et des conseils individualis\u00e9s l'apr\u00e8s-midi, en pr\u00e9sentiel chez Sist'Her Paris  Attention\u00a0! Veuillez vous pr\u00e9senter \u00e0 l\u2019heure pour que l\u2019activit\u00e9 puisse commencer \u00e0 temps. Si vous avez du retard veuillez pr\u00e9venir l\u2019intervenant.e. Si vous avez plus de 15 min de retard l\u2019intervenant.e se r\u00e9serve le droit de ne pas vous accepter pour le coaching ou l\u2019atelier.","og_url":"https:\/\/empow-her.com\/produit\/atelier-realiser-son-business-plan-en-1-journee-9\/","og_site_name":"Empow&#039;Her","article_modified_time":"2024-11-12T16:38:08+00:00","og_image":[{"width":1080,"height":1080,"url":"https:\/\/empow-her.com\/wp-content\/uploads\/2024\/11\/Women-Dare-templates-events-92.png","type":"image\/png"}],"twitter_card":"summary_large_image","twitter_misc":{"Est. reading time":"2 minutes"},"schema":{"@context":"https:\/\/schema.org","@graph":[{"@type":"WebPage","@id":"https:\/\/empow-her.com\/produit\/atelier-realiser-son-business-plan-en-1-journee-9\/","url":"https:\/\/empow-her.com\/produit\/atelier-realiser-son-business-plan-en-1-journee-9\/","name":"Atelier - R\u00e9aliser son Business Plan en 1 journ\u00e9e ! - Empow&#039;Her","isPartOf":{"@id":"https:\/\/empow-her.com\/#website"},"primaryImageOfPage":{"@id":"https:\/\/empow-her.com\/produit\/atelier-realiser-son-business-plan-en-1-journee-9\/#primaryimage"},"image":{"@id":"https:\/\/empow-her.com\/produit\/atelier-realiser-son-business-plan-en-1-journee-9\/#primaryimage"},"thumbnailUrl":"https:\/\/empow-her.com\/wp-content\/uploads\/2024\/11\/Women-Dare-templates-events-92.png","datePublished":"2024-11-03T18:02:31+00:00","dateModified":"2024-11-12T16:38:08+00:00","breadcrumb":{"@id":"https:\/\/empow-her.com\/produit\/atelier-realiser-son-business-plan-en-1-journee-9\/#breadcrumb"},"inLanguage":"en-US","potentialAction":[{"@type":"ReadAction","target":["https:\/\/empow-her.com\/produit\/atelier-realiser-son-business-plan-en-1-journee-9\/"]}]},{"@type":"ImageObject","inLanguage":"en-US","@id":"https:\/\/empow-her.com\/produit\/atelier-realiser-son-business-plan-en-1-journee-9\/#primaryimage","url":"https:\/\/empow-her.com\/wp-content\/uploads\/2024\/11\/Women-Dare-templates-events-92.png","contentUrl":"https:\/\/empow-her.com\/wp-content\/uploads\/2024\/11\/Women-Dare-templates-events-92.png","width":1080,"height":1080},{"@type":"BreadcrumbList","@id":"https:\/\/empow-her.com\/produit\/atelier-realiser-son-business-plan-en-1-journee-9\/#breadcrumb","itemListElement":[{"@type":"ListItem","position":1,"name":"Accueil","item":"https:\/\/empow-her.com\/en\/landing-page\/"},{"@type":"ListItem","position":2,"name":"LA BOUTIQUE","item":"https:\/\/empow-her.com\/boutique\/"},{"@type":"ListItem","position":3,"name":"Atelier &#8211; R\u00e9aliser son Business Plan en 1 journ\u00e9e !"}]},{"@type":"WebSite","@id":"https:\/\/empow-her.com\/#website","url":"https:\/\/empow-her.com\/","name":"Empow&#039;Her","description":"Women Development","potentialAction":[{"@type":"SearchAction","target":{"@type":"EntryPoint","urlTemplate":"https:\/\/empow-her.com\/?s={search_term_string}"},"query-input":{"@type":"PropertyValueSpecification","valueRequired":true,"valueName":"search_term_string"}}],"inLanguage":"en-US"}]}},"_links":{"self":[{"href":"https:\/\/empow-her.com\/en\/wp-json\/wp\/v2\/product\/259873","targetHints":{"allow":["GET"]}}],"collection":[{"href":"https:\/\/empow-her.com\/en\/wp-json\/wp\/v2\/product"}],"about":[{"href":"https:\/\/empow-her.com\/en\/wp-json\/wp\/v2\/types\/product"}],"wp:featuredmedia":[{"embeddable":true,"href":"https:\/\/empow-her.com\/en\/wp-json\/wp\/v2\/media\/259874"}],"wp:attachment":[{"href":"https:\/\/empow-her.com\/en\/wp-json\/wp\/v2\/media?parent=259873"}],"wp:term":[{"taxonomy":"product_brand","embeddable":true,"href":"https:\/\/empow-her.com\/en\/wp-json\/wp\/v2\/product_brand?post=259873"},{"taxonomy":"product_cat","embeddable":true,"href":"https:\/\/empow-her.com\/en\/wp-json\/wp\/v2\/product_cat?post=259873"},{"taxonomy":"product_tag","embeddable":true,"href":"https:\/\/empow-her.com\/en\/wp-json\/wp\/v2\/product_tag?post=259873"},{"taxonomy":"lieu","embeddable":true,"href":"https:\/\/empow-her.com\/en\/wp-json\/wp\/v2\/lieu?post=259873"},{"taxonomy":"thematiques","embeddable":true,"href":"https:\/\/empow-her.com\/en\/wp-json\/wp\/v2\/thematiques?post=259873"}],"curies":[{"name":"wp","href":"https:\/\/api.w.org\/{rel}","templated":true}]}}